{"id":600,"date":"2022-07-15T22:02:41","date_gmt":"2022-07-15T22:02:41","guid":{"rendered":"https:\/\/wakan.ec\/?post_type=product&#038;p=600"},"modified":"2024-04-22T14:45:41","modified_gmt":"2024-04-22T14:45:41","slug":"smartwatch-huawei-watch-gt2-46-mm","status":"publish","type":"product","link":"https:\/\/wakan.ec\/index.php\/producto\/smartwatch-huawei-watch-gt2-46-mm\/","title":{"rendered":"Smartwatch Huawei Watch GT2  46 mm"},"content":{"rendered":"<div class=\"tab-details__description\">Huawei watch GT2 es la nueva serie de relojes inteligentes con pantalla AMOLED y dise\u00f1o liviano. Es un reloj elegante.<\/div>\n<div><\/div>\n<h4>Energ\u00eda revolucionaria<\/h4>\n<p>Con la tecnolog\u00eda inteligente de ahorro de energ\u00eda. La bater\u00eda te sirve d\u00eda y noche hasta por 2 semanas.<\/p>\n<h4>Dise\u00f1o est\u00e9tico<\/h4>\n<p>Inspirado en el dise\u00f1o est\u00e9tico del minimalismo, integra una esfera de vidrio 3D de alta calidad. La fina artesan\u00eda se captura en los detalles de la caja del reloj y su estilo de dise\u00f1o cl\u00e1sico.<\/p>\n<h4>Entrenador deportivo profesional<\/h4>\n<p>Un nuevo avance en el entrenamiento personal. Realiza un seguimiento de tus entrenamientos con sistemas de posicionamiento precisos y controla su frecuencia card\u00edaca con el preciso TruSeen 3.5. Es el compa\u00f1ero profesional para sus actividades en interiores y exteriores.<\/p>\n<h4>Asistente<\/h4>\n<p>Facilita tu vida diaria. Admite funciones como llamadas Bluetooth, m\u00fasica en el dispositivo, notificaciones de mensajes, seguimiento del sue\u00f1o TruSleep 2.0 y monitoreo de presi\u00f3n TruRelax4. Vive una vida eficiente con el reloj dise\u00f1ado para ti.<\/p>\n<h4>Caracter\u00edsticas destacadas<\/h4>\n<h4><\/h4>\n<div>\n<ul class=\"tab-details__keyFeatures--list\">\n<li class=\"tab-details__keyFeatures--item\">Pantalla 1.39&#8243; AMOLED te brinda una experiencia visual incomparable<\/li>\n<li class=\"tab-details__keyFeatures--item\">Llamada Bluetooth<\/li>\n<li class=\"tab-details__keyFeatures--item\">Notificaciones de mensajes<\/li>\n<li class=\"tab-details__keyFeatures--item\">Almacenamiento de 4 GB<\/li>\n<li class=\"tab-details__keyFeatures--item\">Disfruta de tu m\u00fasica sin necesidad de un celular<\/li>\n<\/ul>\n<h4 class=\"headline js-specsHeadline active\" data-toggle=\"collapse\" aria-expanded=\"true\" aria-controls=\"collapse_classification_0\"><span class=\"pull-left\">Detalles\u00a0<\/span><i class=\"arrow-icon pull-right alk-icon-abajo\"><\/i><\/h4>\n<div id=\"collapse_classification_0\" class=\"js-specsContent collapse in\" aria-expanded=\"true\">\n<table class=\"table table-striped\">\n<tbody>\n<tr>\n<td class=\"attrib specifications_lines\">Sistemas Compatibles<\/td>\n<td class=\"text-right specifications_lines\">Android, Harmony y iOS<\/td>\n<\/tr>\n<tr>\n<td class=\"attrib specifications_lines\">Mediciones<\/td>\n<td class=\"text-right specifications_lines\">Actividad e Inactividad f\u00edsica<br \/>\nCalidad de Sue\u00f1o<br \/>\nCalor\u00edas Quemadas<br \/>\nDistancia Recorrida<br \/>\nFrecuencia Card\u00edaca<br \/>\nHoras de sue\u00f1o<br \/>\nPasos<br \/>\nVelocidad<\/td>\n<\/tr>\n<tr>\n<td class=\"attrib specifications_lines\">Caracter\u00edsticas Especiales<\/td>\n<td class=\"text-right specifications_lines\">Procesador Kirin A1<br \/>\nAjuste de Brillo<br \/>\nGPS Integrado<br \/>\nPantalla touch<br \/>\nResistente al Agua<br \/>\nSistema de Notificaciones de Tel\u00e9fono<br \/>\nUbicaci\u00f3n<\/td>\n<\/tr>\n<\/tbody>\n<\/table>\n<h4>Informaci\u00f3n t\u00e9cnica<\/h4>\n<table class=\"table table-striped\">\n<tbody>\n<tr>\n<td class=\"attrib specifications_lines\">Sistema Operativo<\/td>\n<td class=\"text-right specifications_lines\">Harmony<\/td>\n<\/tr>\n<tr>\n<td class=\"attrib specifications_lines\">Opciones de Conectividad<\/td>\n<td class=\"text-right specifications_lines\">Bluetooth<\/td>\n<\/tr>\n<tr>\n<td class=\"attrib specifications_lines\">Aplicaci\u00f3n de Comando de Voz que Soporta<\/td>\n<td class=\"text-right specifications_lines\">No Aplica<\/td>\n<\/tr>\n<tr>\n<td class=\"attrib specifications_lines\">M\u00e1xima Profundidad de Resistencia al Agua<\/td>\n<td class=\"text-right specifications_lines\">50\u00a0 Metro(s)<\/td>\n<\/tr>\n<tr>\n<td class=\"attrib specifications_lines\">Memoria Interna del Reloj<\/td>\n<td class=\"text-right specifications_lines\">4 GB<\/td>\n<\/tr>\n<\/tbody>\n<\/table>\n<h4>Informaci\u00f3n b\u00e1sica<\/h4>\n<table class=\"table table-striped\">\n<tbody>\n<tr>\n<td class=\"attrib specifications_lines\">Tipo de Producto<\/td>\n<td class=\"text-right specifications_lines\">Reloj Inteligente<\/td>\n<\/tr>\n<tr>\n<td class=\"attrib specifications_lines\">Color<\/td>\n<td class=\"text-right specifications_lines\">Negro<\/td>\n<\/tr>\n<tr>\n<td class=\"attrib specifications_lines\">Modelo Referencia<\/td>\n<td class=\"text-right specifications_lines\">Huawei watch GT 2<\/td>\n<\/tr>\n<\/tbody>\n<\/table>\n<h4>Aspectos f\u00edsicos<\/h4>\n<table class=\"table table-striped\">\n<tbody>\n<tr>\n<td class=\"attrib specifications_lines\">Material de la Correa<\/td>\n<td class=\"text-right specifications_lines\">Fluoroelast\u00f3mero<\/td>\n<\/tr>\n<tr>\n<td class=\"attrib specifications_lines\">Talla de la Correa<\/td>\n<td class=\"text-right specifications_lines\">Ajustable<\/td>\n<\/tr>\n<tr>\n<td class=\"attrib specifications_lines\">Largo total de los 2 lados de la correa<\/td>\n<td class=\"text-right specifications_lines\">21\u00a0 Cent\u00edmetros<\/td>\n<\/tr>\n<tr>\n<td class=\"attrib specifications_lines\">Ancho de la Banda<\/td>\n<td class=\"text-right specifications_lines\">2\u00a0 Cent\u00edmetros<\/td>\n<\/tr>\n<tr>\n<td class=\"attrib specifications_lines\">Tipo de Broche de la Banda<\/td>\n<td class=\"text-right specifications_lines\">Hebilla<\/td>\n<\/tr>\n<tr>\n<td class=\"attrib specifications_lines\">Tipo de Pantalla<\/td>\n<td class=\"text-right specifications_lines\">AMOLED<\/td>\n<\/tr>\n<tr>\n<td class=\"attrib specifications_lines\">Tama\u00f1o Pantalla<\/td>\n<td class=\"text-right specifications_lines\">46\u00a0 Mil\u00edmetros<\/td>\n<\/tr>\n<\/tbody>\n<\/table>\n<h4>Informaci\u00f3n adicional<\/h4>\n<table class=\"table table-striped\">\n<tbody>\n<tr>\n<td class=\"attrib specifications_lines\">Elementos o Accesorios Incluidos<\/td>\n<td class=\"text-right specifications_lines\">Cargador y gu\u00eda r\u00e1pida<\/td>\n<\/tr>\n<tr>\n<td class=\"attrib specifications_lines\">Garant\u00eda del Fabricante<\/td>\n<td class=\"text-right specifications_lines\">12\u00a0 Meses<\/td>\n<\/tr>\n<\/tbody>\n<\/table>\n<h4>Enlaces relevantes<\/h4>\n<p>M\u00e1s opciones de relojes inteligentes: <a href=\"https:\/\/wakan.ec\/index.php\/product-category\/smartwatch\" target=\"_blank\" rel=\"noopener\">Aqu\u00ed<\/a><br \/>\nM\u00e1s informaci\u00f3n sobre Wak\u00e1n: <a href=\"http:\/\/youtube.com\/wakan\" target=\"_blank\" rel=\"noopener\">Aqu\u00ed<\/a><br \/>\nC\u00f3mo elegir el mejor smartwatch para ti: <a href=\"https:\/\/wakan.ec\/index.php\/2022\/07\/15\/como-elegir-el-mejor-smartwatch-para-ti\/\" target=\"_blank\" rel=\"noopener\">Aqu\u00ed<\/a><\/p>\n<\/div>\n<\/div>\n","protected":false},"excerpt":{"rendered":"<div id=\"isPasted\">El Huawei Watch GT2 es un reloj inteligente, deportivo, con pantalla AMOLED, <span id=\"isPasted\">elegante<\/span>\u00a0y con dise\u00f1o liviano.<\/div>\n<div><\/div>\n<div>\n<h2><strong>Entrenador deportivo<\/strong><\/h2>\n<div><span id=\"isPasted\">Es el compa\u00f1ero profesional para tus actividades en interiores y exteriores:<\/span><\/div>\n<ul>\n<li>Seguimiento de tus <em>entrenamientos<\/em> con sistemas de posicionamiento precisos.<\/li>\n<li>Controla tu <em>frecuencia card\u00edaca<\/em> con TruSeen 3.5.<\/li>\n<li>Con 15 <em>modos deportivos profesionales<\/em> y 85 modos de entrenamiento personalizados<\/li>\n<li><span id=\"isPasted\">Seguimiento del <em>sue\u00f1o<\/em> TruSleep 2.0.<\/span><\/li>\n<\/ul>\n<h2>Poderoso rendimiento<\/h2>\n<div><em>Facilita tu vida<\/em> diaria.\u00a0<span id=\"isPasted\">Vive una vida eficiente con el reloj dise\u00f1ado para ti:<\/span><\/div>\n<div><\/div>\n<ul>\n<li>Admite llamadas Bluetooth, <em>m\u00fasica<\/em> en el dispositivo, <em>notificaciones<\/em> de mensajes, correo y m\u00e1s.<\/li>\n<li id=\"isPasted\">La tecnolog\u00eda inteligente de ahorro de <em>energ\u00eda<\/em>, te brinda servicio d\u00eda y noche, hasta por <em>2 semanas<\/em>.<\/li>\n<li>Almacenamiento de 4 GB.<\/li>\n<\/ul>\n<div><span style=\"font-size: 1.7em; font-weight: bold;\">Dise\u00f1o est\u00e9tico<\/span><\/div>\n<\/div>\n<div>Inspirado en el dise\u00f1o est\u00e9tico del minimalismo. Es una fina artesan\u00eda que captura su estilo deportivo en cada detalle:<\/div>\n<ul>\n<li id=\"isPasted\"><em>Pantalla AMOLED de 46mm<\/em> te brinda una experiencia visual incomparable.<\/li>\n<li>Dise\u00f1o delgado con pantalla curva 3D, <em>luce elegante alrededor de tu mu\u00f1eca<\/em>.<\/li>\n<li>Puedes seleccionar y <em>personalizar<\/em> la esfera del reloj para representar perfectamente tu estilo.<\/li>\n<li id=\"isPasted\">Esfera de vidrio 3D de alta calidad para crear una visi\u00f3n sin bisel.<\/li>\n<\/ul>\n<h2><strong>Servicios<\/strong><\/h2>\n<div><\/div>\n<ul>\n<li>Medios de pago: Visa, MasterCard, Transferencia, Pago contra-entrega.<\/li>\n<li>12 meses de garant\u00eda del fabricante.<\/li>\n<\/ul>\n","protected":false},"featured_media":601,"comment_status":"open","ping_status":"closed","template":"","meta":{"site-sidebar-layout":"default","site-content-layout":"default","ast-site-content-layout":"default","site-content-style":"default","site-sidebar-style":"default","ast-global-header-display":"","ast-banner-title-visibility":"","ast-main-header-display":"","ast-hfb-above-header-display":"","ast-hfb-below-header-display":"","ast-hfb-mobile-header-display":"","site-post-title":"","ast-breadcrumbs-content":"","ast-featured-img":"","footer-sml-layout":"","ast-disable-related-posts":"","theme-transparent-header-meta":"default","adv-header-id-meta":"","stick-header-meta":"","header-above-stick-meta":"","header-main-stick-meta":"","header-below-stick-meta":"","astra-migrate-meta-layouts":"default","ast-page-background-enabled":"default","ast-page-background-meta":{"desktop":{"background-color":"","background-image":"","background-repeat":"repeat","background-position":"center center","background-size":"auto","background-attachment":"scroll","background-type":"","background-media":"","overlay-type":"","overlay-color":"","overlay-opacity":"","overlay-gradient":""},"tablet":{"background-color":"","background-image":"","background-repeat":"repeat","background-position":"center center","background-size":"auto","background-attachment":"scroll","background-type":"","background-media":"","overlay-type":"","overlay-color":"","overlay-opacity":"","overlay-gradient":""},"mobile":{"background-color":"","background-image":"","background-repeat":"repeat","background-position":"center center","background-size":"auto","background-attachment":"scroll","background-type":"","background-media":"","overlay-type":"","overlay-color":"","overlay-opacity":"","overlay-gradient":""}},"ast-content-background-meta":{"desktop":{"background-color":"var(--ast-global-color-5)","background-image":"","background-repeat":"repeat","background-position":"center center","background-size":"auto","background-attachment":"scroll","background-type":"","background-media":"","overlay-type":"","overlay-color":"","overlay-opacity":"","overlay-gradient":""},"tablet":{"background-color":"var(--ast-global-color-5)","background-image":"","background-repeat":"repeat","background-position":"center center","background-size":"auto","background-attachment":"scroll","background-type":"","background-media":"","overlay-type":"","overlay-color":"","overlay-opacity":"","overlay-gradient":""},"mobile":{"background-color":"var(--ast-global-color-5)","background-image":"","background-repeat":"repeat","background-position":"center center","background-size":"auto","background-attachment":"scroll","background-type":"","background-media":"","overlay-type":"","overlay-color":"","overlay-opacity":"","overlay-gradient":""}}},"product_brand":[],"product_cat":[54],"product_tag":[],"class_list":{"0":"post-600","1":"product","2":"type-product","3":"status-publish","4":"has-post-thumbnail","6":"product_cat-smartwatch","7":"desktop-align-left","8":"tablet-align-left","9":"mobile-align-left","11":"first","12":"outofstock","13":"purchasable","14":"product-type-simple"},"yoast_head":"<!-- This site is optimized with the Yoast SEO plugin v27.5 - https:\/\/yoast.com\/product\/yoast-seo-wordpress\/ -->\n<title>Smartwatch Huawei Watch GT2 46 mm - Wakan.ec<\/title>\n<meta name=\"description\" content=\"Huawei Watch GT2 es un reloj elegante y exclusivo con pantalla AMOLED de 46mm, dise\u00f1o liviano y monitoreo del ritmo card\u00edaco.\" \/>\n<meta name=\"robots\" content=\"index, follow, max-snippet:-1, max-image-preview:large, max-video-preview:-1\" \/>\n<link rel=\"canonical\" href=\"https:\/\/wakan.ec\/index.php\/producto\/smartwatch-huawei-watch-gt2-46-mm\/\" \/>\n<meta property=\"og:locale\" content=\"es_ES\" \/>\n<meta property=\"og:type\" content=\"article\" \/>\n<meta property=\"og:title\" content=\"Smartwatch Huawei Watch GT2 46 mm - Wakan.ec\" \/>\n<meta property=\"og:description\" content=\"Huawei Watch GT2 es un reloj elegante y exclusivo con pantalla AMOLED de 46mm, dise\u00f1o liviano y monitoreo del ritmo card\u00edaco.\" \/>\n<meta property=\"og:url\" content=\"https:\/\/wakan.ec\/index.php\/producto\/smartwatch-huawei-watch-gt2-46-mm\/\" \/>\n<meta property=\"og:site_name\" content=\"Wakan.ec\" \/>\n<meta property=\"article:publisher\" content=\"https:\/\/www.facebook.com\/wakantienda\" \/>\n<meta property=\"article:modified_time\" content=\"2024-04-22T14:45:41+00:00\" \/>\n<meta property=\"og:image\" content=\"https:\/\/wakan.ec\/wp-content\/uploads\/2022\/07\/Smartwatch-Huawei-GT2-Frontal.png\" \/>\n\t<meta property=\"og:image:width\" content=\"1000\" \/>\n\t<meta property=\"og:image:height\" content=\"1000\" \/>\n\t<meta property=\"og:image:type\" content=\"image\/png\" \/>\n<meta name=\"twitter:card\" content=\"summary_large_image\" \/>\n<meta name=\"twitter:label1\" content=\"Tiempo de lectura\" \/>\n\t<meta name=\"twitter:data1\" content=\"2 minutos\" \/>\n<script type=\"application\/ld+json\" class=\"yoast-schema-graph\">{\"@context\":\"https:\\\/\\\/schema.org\",\"@graph\":[{\"@type\":\"WebPage\",\"@id\":\"https:\\\/\\\/wakan.ec\\\/index.php\\\/producto\\\/smartwatch-huawei-watch-gt2-46-mm\\\/\",\"url\":\"https:\\\/\\\/wakan.ec\\\/index.php\\\/producto\\\/smartwatch-huawei-watch-gt2-46-mm\\\/\",\"name\":\"Smartwatch Huawei Watch GT2 46 mm - Wakan.ec\",\"isPartOf\":{\"@id\":\"https:\\\/\\\/wakan.ec\\\/#website\"},\"primaryImageOfPage\":{\"@id\":\"https:\\\/\\\/wakan.ec\\\/index.php\\\/producto\\\/smartwatch-huawei-watch-gt2-46-mm\\\/#primaryimage\"},\"image\":{\"@id\":\"https:\\\/\\\/wakan.ec\\\/index.php\\\/producto\\\/smartwatch-huawei-watch-gt2-46-mm\\\/#primaryimage\"},\"thumbnailUrl\":\"https:\\\/\\\/wakan.ec\\\/wp-content\\\/uploads\\\/2022\\\/07\\\/Smartwatch-Huawei-GT2-Frontal.png\",\"datePublished\":\"2022-07-15T22:02:41+00:00\",\"dateModified\":\"2024-04-22T14:45:41+00:00\",\"description\":\"Huawei Watch GT2 es un reloj elegante y exclusivo con pantalla AMOLED de 46mm, dise\u00f1o liviano y monitoreo del ritmo card\u00edaco.\",\"breadcrumb\":{\"@id\":\"https:\\\/\\\/wakan.ec\\\/index.php\\\/producto\\\/smartwatch-huawei-watch-gt2-46-mm\\\/#breadcrumb\"},\"inLanguage\":\"es\",\"potentialAction\":[{\"@type\":\"ReadAction\",\"target\":[\"https:\\\/\\\/wakan.ec\\\/index.php\\\/producto\\\/smartwatch-huawei-watch-gt2-46-mm\\\/\"]}]},{\"@type\":\"ImageObject\",\"inLanguage\":\"es\",\"@id\":\"https:\\\/\\\/wakan.ec\\\/index.php\\\/producto\\\/smartwatch-huawei-watch-gt2-46-mm\\\/#primaryimage\",\"url\":\"https:\\\/\\\/wakan.ec\\\/wp-content\\\/uploads\\\/2022\\\/07\\\/Smartwatch-Huawei-GT2-Frontal.png\",\"contentUrl\":\"https:\\\/\\\/wakan.ec\\\/wp-content\\\/uploads\\\/2022\\\/07\\\/Smartwatch-Huawei-GT2-Frontal.png\",\"width\":1000,\"height\":1000,\"caption\":\"Smartwatch Huawei GT2 Frontal\"},{\"@type\":\"BreadcrumbList\",\"@id\":\"https:\\\/\\\/wakan.ec\\\/index.php\\\/producto\\\/smartwatch-huawei-watch-gt2-46-mm\\\/#breadcrumb\",\"itemListElement\":[{\"@type\":\"ListItem\",\"position\":1,\"name\":\"Portada\",\"item\":\"https:\\\/\\\/wakan.ec\\\/\"},{\"@type\":\"ListItem\",\"position\":2,\"name\":\"Smartwatch Huawei Watch GT2 46 mm\"}]},{\"@type\":\"WebSite\",\"@id\":\"https:\\\/\\\/wakan.ec\\\/#website\",\"url\":\"https:\\\/\\\/wakan.ec\\\/\",\"name\":\"Wakan.ec\",\"description\":\"Tech - Fitness, entretenimiento y productividad.\",\"publisher\":{\"@id\":\"https:\\\/\\\/wakan.ec\\\/#organization\"},\"potentialAction\":[{\"@type\":\"SearchAction\",\"target\":{\"@type\":\"EntryPoint\",\"urlTemplate\":\"https:\\\/\\\/wakan.ec\\\/?s={search_term_string}\"},\"query-input\":{\"@type\":\"PropertyValueSpecification\",\"valueRequired\":true,\"valueName\":\"search_term_string\"}}],\"inLanguage\":\"es\"},{\"@type\":\"Organization\",\"@id\":\"https:\\\/\\\/wakan.ec\\\/#organization\",\"name\":\"Wak\u00e1n\",\"url\":\"https:\\\/\\\/wakan.ec\\\/\",\"logo\":{\"@type\":\"ImageObject\",\"inLanguage\":\"es\",\"@id\":\"https:\\\/\\\/wakan.ec\\\/#\\\/schema\\\/logo\\\/image\\\/\",\"url\":\"https:\\\/\\\/wakan.ec\\\/wp-content\\\/uploads\\\/2021\\\/12\\\/wakan-Logo.png\",\"contentUrl\":\"https:\\\/\\\/wakan.ec\\\/wp-content\\\/uploads\\\/2021\\\/12\\\/wakan-Logo.png\",\"width\":1080,\"height\":1080,\"caption\":\"Wak\u00e1n\"},\"image\":{\"@id\":\"https:\\\/\\\/wakan.ec\\\/#\\\/schema\\\/logo\\\/image\\\/\"},\"sameAs\":[\"https:\\\/\\\/www.facebook.com\\\/wakantienda\",\"https:\\\/\\\/www.instagram.com\\\/wakantienda\",\"https:\\\/\\\/www.youtube.com\\\/wakan\"]}]}<\/script>\n<!-- \/ Yoast SEO plugin. -->","yoast_head_json":{"title":"Smartwatch Huawei Watch GT2 46 mm - Wakan.ec","description":"Huawei Watch GT2 es un reloj elegante y exclusivo con pantalla AMOLED de 46mm, dise\u00f1o liviano y monitoreo del ritmo card\u00edaco.","robots":{"index":"index","follow":"follow","max-snippet":"max-snippet:-1","max-image-preview":"max-image-preview:large","max-video-preview":"max-video-preview:-1"},"canonical":"https:\/\/wakan.ec\/index.php\/producto\/smartwatch-huawei-watch-gt2-46-mm\/","og_locale":"es_ES","og_type":"article","og_title":"Smartwatch Huawei Watch GT2 46 mm - Wakan.ec","og_description":"Huawei Watch GT2 es un reloj elegante y exclusivo con pantalla AMOLED de 46mm, dise\u00f1o liviano y monitoreo del ritmo card\u00edaco.","og_url":"https:\/\/wakan.ec\/index.php\/producto\/smartwatch-huawei-watch-gt2-46-mm\/","og_site_name":"Wakan.ec","article_publisher":"https:\/\/www.facebook.com\/wakantienda","article_modified_time":"2024-04-22T14:45:41+00:00","og_image":[{"width":1000,"height":1000,"url":"https:\/\/wakan.ec\/wp-content\/uploads\/2022\/07\/Smartwatch-Huawei-GT2-Frontal.png","type":"image\/png"}],"twitter_card":"summary_large_image","twitter_misc":{"Tiempo de lectura":"2 minutos"},"schema":{"@context":"https:\/\/schema.org","@graph":[{"@type":"WebPage","@id":"https:\/\/wakan.ec\/index.php\/producto\/smartwatch-huawei-watch-gt2-46-mm\/","url":"https:\/\/wakan.ec\/index.php\/producto\/smartwatch-huawei-watch-gt2-46-mm\/","name":"Smartwatch Huawei Watch GT2 46 mm - Wakan.ec","isPartOf":{"@id":"https:\/\/wakan.ec\/#website"},"primaryImageOfPage":{"@id":"https:\/\/wakan.ec\/index.php\/producto\/smartwatch-huawei-watch-gt2-46-mm\/#primaryimage"},"image":{"@id":"https:\/\/wakan.ec\/index.php\/producto\/smartwatch-huawei-watch-gt2-46-mm\/#primaryimage"},"thumbnailUrl":"https:\/\/wakan.ec\/wp-content\/uploads\/2022\/07\/Smartwatch-Huawei-GT2-Frontal.png","datePublished":"2022-07-15T22:02:41+00:00","dateModified":"2024-04-22T14:45:41+00:00","description":"Huawei Watch GT2 es un reloj elegante y exclusivo con pantalla AMOLED de 46mm, dise\u00f1o liviano y monitoreo del ritmo card\u00edaco.","breadcrumb":{"@id":"https:\/\/wakan.ec\/index.php\/producto\/smartwatch-huawei-watch-gt2-46-mm\/#breadcrumb"},"inLanguage":"es","potentialAction":[{"@type":"ReadAction","target":["https:\/\/wakan.ec\/index.php\/producto\/smartwatch-huawei-watch-gt2-46-mm\/"]}]},{"@type":"ImageObject","inLanguage":"es","@id":"https:\/\/wakan.ec\/index.php\/producto\/smartwatch-huawei-watch-gt2-46-mm\/#primaryimage","url":"https:\/\/wakan.ec\/wp-content\/uploads\/2022\/07\/Smartwatch-Huawei-GT2-Frontal.png","contentUrl":"https:\/\/wakan.ec\/wp-content\/uploads\/2022\/07\/Smartwatch-Huawei-GT2-Frontal.png","width":1000,"height":1000,"caption":"Smartwatch Huawei GT2 Frontal"},{"@type":"BreadcrumbList","@id":"https:\/\/wakan.ec\/index.php\/producto\/smartwatch-huawei-watch-gt2-46-mm\/#breadcrumb","itemListElement":[{"@type":"ListItem","position":1,"name":"Portada","item":"https:\/\/wakan.ec\/"},{"@type":"ListItem","position":2,"name":"Smartwatch Huawei Watch GT2 46 mm"}]},{"@type":"WebSite","@id":"https:\/\/wakan.ec\/#website","url":"https:\/\/wakan.ec\/","name":"Wakan.ec","description":"Tech - Fitness, entretenimiento y productividad.","publisher":{"@id":"https:\/\/wakan.ec\/#organization"},"potentialAction":[{"@type":"SearchAction","target":{"@type":"EntryPoint","urlTemplate":"https:\/\/wakan.ec\/?s={search_term_string}"},"query-input":{"@type":"PropertyValueSpecification","valueRequired":true,"valueName":"search_term_string"}}],"inLanguage":"es"},{"@type":"Organization","@id":"https:\/\/wakan.ec\/#organization","name":"Wak\u00e1n","url":"https:\/\/wakan.ec\/","logo":{"@type":"ImageObject","inLanguage":"es","@id":"https:\/\/wakan.ec\/#\/schema\/logo\/image\/","url":"https:\/\/wakan.ec\/wp-content\/uploads\/2021\/12\/wakan-Logo.png","contentUrl":"https:\/\/wakan.ec\/wp-content\/uploads\/2021\/12\/wakan-Logo.png","width":1080,"height":1080,"caption":"Wak\u00e1n"},"image":{"@id":"https:\/\/wakan.ec\/#\/schema\/logo\/image\/"},"sameAs":["https:\/\/www.facebook.com\/wakantienda","https:\/\/www.instagram.com\/wakantienda","https:\/\/www.youtube.com\/wakan"]}]}},"_links":{"self":[{"href":"https:\/\/wakan.ec\/index.php\/wp-json\/wp\/v2\/product\/600","targetHints":{"allow":["GET"]}}],"collection":[{"href":"https:\/\/wakan.ec\/index.php\/wp-json\/wp\/v2\/product"}],"about":[{"href":"https:\/\/wakan.ec\/index.php\/wp-json\/wp\/v2\/types\/product"}],"replies":[{"embeddable":true,"href":"https:\/\/wakan.ec\/index.php\/wp-json\/wp\/v2\/comments?post=600"}],"wp:featuredmedia":[{"embeddable":true,"href":"https:\/\/wakan.ec\/index.php\/wp-json\/wp\/v2\/media\/601"}],"wp:attachment":[{"href":"https:\/\/wakan.ec\/index.php\/wp-json\/wp\/v2\/media?parent=600"}],"wp:term":[{"taxonomy":"product_brand","embeddable":true,"href":"https:\/\/wakan.ec\/index.php\/wp-json\/wp\/v2\/product_brand?post=600"},{"taxonomy":"product_cat","embeddable":true,"href":"https:\/\/wakan.ec\/index.php\/wp-json\/wp\/v2\/product_cat?post=600"},{"taxonomy":"product_tag","embeddable":true,"href":"https:\/\/wakan.ec\/index.php\/wp-json\/wp\/v2\/product_tag?post=600"}],"curies":[{"name":"wp","href":"https:\/\/api.w.org\/{rel}","templated":true}]}}