{"id":4347,"date":"2026-05-13T14:48:33","date_gmt":"2026-05-13T19:48:33","guid":{"rendered":"https:\/\/wakan.ec\/?post_type=product&#038;p=4347"},"modified":"2026-05-14T10:07:08","modified_gmt":"2026-05-14T15:07:08","slug":"resident-evil-6-ps4","status":"publish","type":"product","link":"https:\/\/wakan.ec\/index.php\/producto\/resident-evil-6-ps4\/","title":{"rendered":"Resident Evil 6 &#8211; PS4"},"content":{"rendered":"<p>Explora las inolvidables historias de h\u00e9roes y villanos que hacen de Resident Evil 6 de las entregas m\u00e1s ic\u00f3nicas de la serie de horror de supervivencia.<\/p>\n<h4>No hay m\u00e1s esperanza<\/h4>\n<p>Enfrenta una variedad de armas bio org\u00e1nicas, exploraci\u00f3n cada rinc\u00f3n y gestiona tus recursos de una manera innovadora para progresar en tu misi\u00f3n.<\/p>\n<p>Con su combinaci\u00f3n de acci\u00f3n y horror survival es toda una experiencia llena de emoci\u00f3n y terror que no podr\u00e1s olvidar.<\/p>\n<p>El juego ofrece m\u00faltiples personajes incluidos los favoritos, como Leon, Chris y Ada, adem\u00e1s de nuevas caras.<\/p>\n<h4>M\u00e1s formas de jugar<\/h4>\n<p>Esta edici\u00f3n incluye todos los DLC, el modo de juego Mercenarios, todos los mapas y dos personajes por cada protagonista que ahora pueden desbloquearse desde el juego.<\/p>\n<p>Juega en los modos individual o cooperativo, supera nuevos retos diferentes de los de cualquier otra entrega de la saga.<\/p>\n<p>Mejorado para jugar en PS4 con Alta Resoluci\u00f3n.<\/p>\n<h4>PlayStation Hits<\/h4>\n<p>Esta secuela fue un fen\u00f3meno instant\u00e1neo, la combinaci\u00f3n<span style=\"font-size: 16px;\"> del miedo y la acci\u00f3n revolucion\u00f3 el g\u00e9nero. <\/span><\/p>\n<p>Probablemente el g\u00e9nero horror de supervivencia no ser\u00eda tan popular en la actualidad sin Resident Evil 6.<\/p>\n<p><em>Este juego es compatible con PS5, para jugar actualizar el software a la versi\u00f3n m\u00e1s reciente.<\/em><\/p>\n<h4>En la caja<\/h4>\n<ul>\n<li>Resident Evil 6 &#8211; PS4<\/li>\n<li>Contenido adicional<\/li>\n<\/ul>\n<p><em>Juego en formato f\u00edsico.<\/em><\/p>\n","protected":false},"excerpt":{"rendered":"<p><em>Cuando todos se han ido, una nueva misi\u00f3n inicia y deber\u00e1s explorar los rincones m\u00e1s oscuros del mundo.\u00a0<\/em><\/p>\n<h4>No hay m\u00e1s esperanza<\/h4>\n<ul>\n<li>Una combinaci\u00f3n de acci\u00f3n, horror y supervivencia.<\/li>\n<li>Juega en 4 escenarios con estilos de juego \u00fanicos.<\/li>\n<li><span style=\"font-size: 16px;\">Leon, Chris, y nuevos personajes.<\/span><\/li>\n<li>Modo individual y cooperativo.<\/li>\n<li>Esta edici\u00f3n incluye todos los DLC.<\/li>\n<\/ul>\n<p><em>Juego en formato f\u00edsico.<\/em><\/p>\n<h4>P\u00eddelo en todo el Ecuador<\/h4>\n<p>Estado: Nuevo\/Sellado<\/p>\n","protected":false},"featured_media":4360,"comment_status":"open","ping_status":"closed","template":"","meta":{"site-sidebar-layout":"default","site-content-layout":"","ast-site-content-layout":"default","site-content-style":"default","site-sidebar-style":"default","ast-global-header-display":"","ast-banner-title-visibility":"","ast-main-header-display":"","ast-hfb-above-header-display":"","ast-hfb-below-header-display":"","ast-hfb-mobile-header-display":"","site-post-title":"","ast-breadcrumbs-content":"","ast-featured-img":"","footer-sml-layout":"","ast-disable-related-posts":"","theme-transparent-header-meta":"default","adv-header-id-meta":"","stick-header-meta":"","header-above-stick-meta":"","header-main-stick-meta":"","header-below-stick-meta":"","astra-migrate-meta-layouts":"set","ast-page-background-enabled":"default","ast-page-background-meta":{"desktop":{"background-color":"","background-image":"","background-repeat":"repeat","background-position":"center center","background-size":"auto","background-attachment":"scroll","background-type":"","background-media":"","overlay-type":"","overlay-color":"","overlay-opacity":"","overlay-gradient":""},"tablet":{"background-color":"","background-image":"","background-repeat":"repeat","background-position":"center center","background-size":"auto","background-attachment":"scroll","background-type":"","background-media":"","overlay-type":"","overlay-color":"","overlay-opacity":"","overlay-gradient":""},"mobile":{"background-color":"","background-image":"","background-repeat":"repeat","background-position":"center center","background-size":"auto","background-attachment":"scroll","background-type":"","background-media":"","overlay-type":"","overlay-color":"","overlay-opacity":"","overlay-gradient":""}},"ast-content-background-meta":{"desktop":{"background-color":"var(--ast-global-color-5)","background-image":"","background-repeat":"repeat","background-position":"center center","background-size":"auto","background-attachment":"scroll","background-type":"","background-media":"","overlay-type":"","overlay-color":"","overlay-opacity":"","overlay-gradient":""},"tablet":{"background-color":"var(--ast-global-color-5)","background-image":"","background-repeat":"repeat","background-position":"center center","background-size":"auto","background-attachment":"scroll","background-type":"","background-media":"","overlay-type":"","overlay-color":"","overlay-opacity":"","overlay-gradient":""},"mobile":{"background-color":"var(--ast-global-color-5)","background-image":"","background-repeat":"repeat","background-position":"center center","background-size":"auto","background-attachment":"scroll","background-type":"","background-media":"","overlay-type":"","overlay-color":"","overlay-opacity":"","overlay-gradient":""}}},"product_brand":[],"product_cat":[242],"product_tag":[],"class_list":{"0":"post-4347","1":"product","2":"type-product","3":"status-publish","4":"has-post-thumbnail","6":"product_cat-ps4","7":"desktop-align-left","8":"tablet-align-left","9":"mobile-align-left","11":"first","12":"instock","13":"sale","14":"purchasable","15":"product-type-simple"},"yoast_head":"<!-- This site is optimized with the Yoast SEO plugin v27.6 - https:\/\/yoast.com\/product\/yoast-seo-wordpress\/ -->\n<title>Resident Evil 6 - PS4 - Wakan.ec<\/title>\n<meta name=\"description\" content=\"Cuando todos se han ido, una nueva misi\u00f3n inicia y deber\u00e1s explorar los rincones m\u00e1s oscuros del mundo. Recibe\u00a0Resident Evil 6 - PS4 en todo el Ecuador.\" \/>\n<meta name=\"robots\" content=\"index, follow, max-snippet:-1, max-image-preview:large, max-video-preview:-1\" \/>\n<link rel=\"canonical\" href=\"https:\/\/wakan.ec\/index.php\/producto\/resident-evil-6-ps4\/\" \/>\n<meta property=\"og:locale\" content=\"es_ES\" \/>\n<meta property=\"og:type\" content=\"article\" \/>\n<meta property=\"og:title\" content=\"Resident Evil 6 - PS4 - Wakan.ec\" \/>\n<meta property=\"og:description\" content=\"Cuando todos se han ido, una nueva misi\u00f3n inicia y deber\u00e1s explorar los rincones m\u00e1s oscuros del mundo. Recibe\u00a0Resident Evil 6 - PS4 en todo el Ecuador.\" \/>\n<meta property=\"og:url\" content=\"https:\/\/wakan.ec\/index.php\/producto\/resident-evil-6-ps4\/\" \/>\n<meta property=\"og:site_name\" content=\"Wakan.ec\" \/>\n<meta property=\"article:publisher\" content=\"https:\/\/www.facebook.com\/wakantienda\" \/>\n<meta property=\"article:modified_time\" content=\"2026-05-14T15:07:08+00:00\" \/>\n<meta property=\"og:image\" content=\"https:\/\/wakan.ec\/wp-content\/uploads\/2026\/05\/wp-17787670845094142186560058214926.png\" \/>\n\t<meta property=\"og:image:width\" content=\"1000\" \/>\n\t<meta property=\"og:image:height\" content=\"1000\" \/>\n\t<meta property=\"og:image:type\" content=\"image\/png\" \/>\n<meta name=\"twitter:card\" content=\"summary_large_image\" \/>\n<meta name=\"twitter:label1\" content=\"Tiempo de lectura\" \/>\n\t<meta name=\"twitter:data1\" content=\"2 minutos\" \/>\n<script type=\"application\/ld+json\" class=\"yoast-schema-graph\">{\"@context\":\"https:\\\/\\\/schema.org\",\"@graph\":[{\"@type\":\"WebPage\",\"@id\":\"https:\\\/\\\/wakan.ec\\\/index.php\\\/producto\\\/resident-evil-6-ps4\\\/\",\"url\":\"https:\\\/\\\/wakan.ec\\\/index.php\\\/producto\\\/resident-evil-6-ps4\\\/\",\"name\":\"Resident Evil 6 - PS4 - Wakan.ec\",\"isPartOf\":{\"@id\":\"https:\\\/\\\/wakan.ec\\\/#website\"},\"primaryImageOfPage\":{\"@id\":\"https:\\\/\\\/wakan.ec\\\/index.php\\\/producto\\\/resident-evil-6-ps4\\\/#primaryimage\"},\"image\":{\"@id\":\"https:\\\/\\\/wakan.ec\\\/index.php\\\/producto\\\/resident-evil-6-ps4\\\/#primaryimage\"},\"thumbnailUrl\":\"https:\\\/\\\/wakan.ec\\\/wp-content\\\/uploads\\\/2026\\\/05\\\/wp-17787670845094142186560058214926.png\",\"datePublished\":\"2026-05-13T19:48:33+00:00\",\"dateModified\":\"2026-05-14T15:07:08+00:00\",\"description\":\"Cuando todos se han ido, una nueva misi\u00f3n inicia y deber\u00e1s explorar los rincones m\u00e1s oscuros del mundo. Recibe\u00a0Resident Evil 6 - PS4 en todo el Ecuador.\",\"breadcrumb\":{\"@id\":\"https:\\\/\\\/wakan.ec\\\/index.php\\\/producto\\\/resident-evil-6-ps4\\\/#breadcrumb\"},\"inLanguage\":\"es\",\"potentialAction\":[{\"@type\":\"ReadAction\",\"target\":[\"https:\\\/\\\/wakan.ec\\\/index.php\\\/producto\\\/resident-evil-6-ps4\\\/\"]}]},{\"@type\":\"ImageObject\",\"inLanguage\":\"es\",\"@id\":\"https:\\\/\\\/wakan.ec\\\/index.php\\\/producto\\\/resident-evil-6-ps4\\\/#primaryimage\",\"url\":\"https:\\\/\\\/wakan.ec\\\/wp-content\\\/uploads\\\/2026\\\/05\\\/wp-17787670845094142186560058214926.png\",\"contentUrl\":\"https:\\\/\\\/wakan.ec\\\/wp-content\\\/uploads\\\/2026\\\/05\\\/wp-17787670845094142186560058214926.png\",\"width\":1000,\"height\":1000,\"caption\":\"Resident Evil 6 - PS4 - Ecuador\"},{\"@type\":\"BreadcrumbList\",\"@id\":\"https:\\\/\\\/wakan.ec\\\/index.php\\\/producto\\\/resident-evil-6-ps4\\\/#breadcrumb\",\"itemListElement\":[{\"@type\":\"ListItem\",\"position\":1,\"name\":\"Portada\",\"item\":\"https:\\\/\\\/wakan.ec\\\/\"},{\"@type\":\"ListItem\",\"position\":2,\"name\":\"Resident Evil 6 &#8211; PS4\"}]},{\"@type\":\"WebSite\",\"@id\":\"https:\\\/\\\/wakan.ec\\\/#website\",\"url\":\"https:\\\/\\\/wakan.ec\\\/\",\"name\":\"Wakan.ec\",\"description\":\"Tech - Fitness, entretenimiento y productividad.\",\"publisher\":{\"@id\":\"https:\\\/\\\/wakan.ec\\\/#organization\"},\"potentialAction\":[{\"@type\":\"SearchAction\",\"target\":{\"@type\":\"EntryPoint\",\"urlTemplate\":\"https:\\\/\\\/wakan.ec\\\/?s={search_term_string}\"},\"query-input\":{\"@type\":\"PropertyValueSpecification\",\"valueRequired\":true,\"valueName\":\"search_term_string\"}}],\"inLanguage\":\"es\"},{\"@type\":\"Organization\",\"@id\":\"https:\\\/\\\/wakan.ec\\\/#organization\",\"name\":\"Wak\u00e1n\",\"url\":\"https:\\\/\\\/wakan.ec\\\/\",\"logo\":{\"@type\":\"ImageObject\",\"inLanguage\":\"es\",\"@id\":\"https:\\\/\\\/wakan.ec\\\/#\\\/schema\\\/logo\\\/image\\\/\",\"url\":\"https:\\\/\\\/wakan.ec\\\/wp-content\\\/uploads\\\/2021\\\/12\\\/wakan-Logo.png\",\"contentUrl\":\"https:\\\/\\\/wakan.ec\\\/wp-content\\\/uploads\\\/2021\\\/12\\\/wakan-Logo.png\",\"width\":1080,\"height\":1080,\"caption\":\"Wak\u00e1n\"},\"image\":{\"@id\":\"https:\\\/\\\/wakan.ec\\\/#\\\/schema\\\/logo\\\/image\\\/\"},\"sameAs\":[\"https:\\\/\\\/www.facebook.com\\\/wakantienda\",\"https:\\\/\\\/www.instagram.com\\\/wakantienda\",\"https:\\\/\\\/www.youtube.com\\\/wakan\"]}]}<\/script>\n<!-- \/ Yoast SEO plugin. -->","yoast_head_json":{"title":"Resident Evil 6 - PS4 - Wakan.ec","description":"Cuando todos se han ido, una nueva misi\u00f3n inicia y deber\u00e1s explorar los rincones m\u00e1s oscuros del mundo. Recibe\u00a0Resident Evil 6 - PS4 en todo el Ecuador.","robots":{"index":"index","follow":"follow","max-snippet":"max-snippet:-1","max-image-preview":"max-image-preview:large","max-video-preview":"max-video-preview:-1"},"canonical":"https:\/\/wakan.ec\/index.php\/producto\/resident-evil-6-ps4\/","og_locale":"es_ES","og_type":"article","og_title":"Resident Evil 6 - PS4 - Wakan.ec","og_description":"Cuando todos se han ido, una nueva misi\u00f3n inicia y deber\u00e1s explorar los rincones m\u00e1s oscuros del mundo. Recibe\u00a0Resident Evil 6 - PS4 en todo el Ecuador.","og_url":"https:\/\/wakan.ec\/index.php\/producto\/resident-evil-6-ps4\/","og_site_name":"Wakan.ec","article_publisher":"https:\/\/www.facebook.com\/wakantienda","article_modified_time":"2026-05-14T15:07:08+00:00","og_image":[{"width":1000,"height":1000,"url":"https:\/\/wakan.ec\/wp-content\/uploads\/2026\/05\/wp-17787670845094142186560058214926.png","type":"image\/png"}],"twitter_card":"summary_large_image","twitter_misc":{"Tiempo de lectura":"2 minutos"},"schema":{"@context":"https:\/\/schema.org","@graph":[{"@type":"WebPage","@id":"https:\/\/wakan.ec\/index.php\/producto\/resident-evil-6-ps4\/","url":"https:\/\/wakan.ec\/index.php\/producto\/resident-evil-6-ps4\/","name":"Resident Evil 6 - PS4 - Wakan.ec","isPartOf":{"@id":"https:\/\/wakan.ec\/#website"},"primaryImageOfPage":{"@id":"https:\/\/wakan.ec\/index.php\/producto\/resident-evil-6-ps4\/#primaryimage"},"image":{"@id":"https:\/\/wakan.ec\/index.php\/producto\/resident-evil-6-ps4\/#primaryimage"},"thumbnailUrl":"https:\/\/wakan.ec\/wp-content\/uploads\/2026\/05\/wp-17787670845094142186560058214926.png","datePublished":"2026-05-13T19:48:33+00:00","dateModified":"2026-05-14T15:07:08+00:00","description":"Cuando todos se han ido, una nueva misi\u00f3n inicia y deber\u00e1s explorar los rincones m\u00e1s oscuros del mundo. Recibe\u00a0Resident Evil 6 - PS4 en todo el Ecuador.","breadcrumb":{"@id":"https:\/\/wakan.ec\/index.php\/producto\/resident-evil-6-ps4\/#breadcrumb"},"inLanguage":"es","potentialAction":[{"@type":"ReadAction","target":["https:\/\/wakan.ec\/index.php\/producto\/resident-evil-6-ps4\/"]}]},{"@type":"ImageObject","inLanguage":"es","@id":"https:\/\/wakan.ec\/index.php\/producto\/resident-evil-6-ps4\/#primaryimage","url":"https:\/\/wakan.ec\/wp-content\/uploads\/2026\/05\/wp-17787670845094142186560058214926.png","contentUrl":"https:\/\/wakan.ec\/wp-content\/uploads\/2026\/05\/wp-17787670845094142186560058214926.png","width":1000,"height":1000,"caption":"Resident Evil 6 - PS4 - Ecuador"},{"@type":"BreadcrumbList","@id":"https:\/\/wakan.ec\/index.php\/producto\/resident-evil-6-ps4\/#breadcrumb","itemListElement":[{"@type":"ListItem","position":1,"name":"Portada","item":"https:\/\/wakan.ec\/"},{"@type":"ListItem","position":2,"name":"Resident Evil 6 &#8211; PS4"}]},{"@type":"WebSite","@id":"https:\/\/wakan.ec\/#website","url":"https:\/\/wakan.ec\/","name":"Wakan.ec","description":"Tech - Fitness, entretenimiento y productividad.","publisher":{"@id":"https:\/\/wakan.ec\/#organization"},"potentialAction":[{"@type":"SearchAction","target":{"@type":"EntryPoint","urlTemplate":"https:\/\/wakan.ec\/?s={search_term_string}"},"query-input":{"@type":"PropertyValueSpecification","valueRequired":true,"valueName":"search_term_string"}}],"inLanguage":"es"},{"@type":"Organization","@id":"https:\/\/wakan.ec\/#organization","name":"Wak\u00e1n","url":"https:\/\/wakan.ec\/","logo":{"@type":"ImageObject","inLanguage":"es","@id":"https:\/\/wakan.ec\/#\/schema\/logo\/image\/","url":"https:\/\/wakan.ec\/wp-content\/uploads\/2021\/12\/wakan-Logo.png","contentUrl":"https:\/\/wakan.ec\/wp-content\/uploads\/2021\/12\/wakan-Logo.png","width":1080,"height":1080,"caption":"Wak\u00e1n"},"image":{"@id":"https:\/\/wakan.ec\/#\/schema\/logo\/image\/"},"sameAs":["https:\/\/www.facebook.com\/wakantienda","https:\/\/www.instagram.com\/wakantienda","https:\/\/www.youtube.com\/wakan"]}]}},"_links":{"self":[{"href":"https:\/\/wakan.ec\/index.php\/wp-json\/wp\/v2\/product\/4347","targetHints":{"allow":["GET"]}}],"collection":[{"href":"https:\/\/wakan.ec\/index.php\/wp-json\/wp\/v2\/product"}],"about":[{"href":"https:\/\/wakan.ec\/index.php\/wp-json\/wp\/v2\/types\/product"}],"replies":[{"embeddable":true,"href":"https:\/\/wakan.ec\/index.php\/wp-json\/wp\/v2\/comments?post=4347"}],"wp:featuredmedia":[{"embeddable":true,"href":"https:\/\/wakan.ec\/index.php\/wp-json\/wp\/v2\/media\/4360"}],"wp:attachment":[{"href":"https:\/\/wakan.ec\/index.php\/wp-json\/wp\/v2\/media?parent=4347"}],"wp:term":[{"taxonomy":"product_brand","embeddable":true,"href":"https:\/\/wakan.ec\/index.php\/wp-json\/wp\/v2\/product_brand?post=4347"},{"taxonomy":"product_cat","embeddable":true,"href":"https:\/\/wakan.ec\/index.php\/wp-json\/wp\/v2\/product_cat?post=4347"},{"taxonomy":"product_tag","embeddable":true,"href":"https:\/\/wakan.ec\/index.php\/wp-json\/wp\/v2\/product_tag?post=4347"}],"curies":[{"name":"wp","href":"https:\/\/api.w.org\/{rel}","templated":true}]}}