{"id":4316,"date":"2026-05-07T11:16:18","date_gmt":"2026-05-07T16:16:18","guid":{"rendered":"https:\/\/wakan.ec\/?post_type=product&#038;p=4316"},"modified":"2026-05-07T16:37:50","modified_gmt":"2026-05-07T21:37:50","slug":"huawei-band-11-aluminio-negro-mate","status":"publish","type":"product","link":"https:\/\/wakan.ec\/index.php\/producto\/huawei-band-11-aluminio-negro-mate\/","title":{"rendered":"Huawei Band 11 &#8211; Aluminio &#8211; Negro Mate"},"content":{"rendered":"<p><em>El Huawei Band 11 Aluminio Negro Mate est\u00e1 fabricado con marco de aluminio, su corte CNC es un elegante detalle y la correa de caucho fluorado se siente suave en la piel.\u00a0<\/em><\/p>\n<h4>Imprescindible<\/h4>\n<p>Captura selfies desde tu mu\u00f1eca, pulsa el disparador remoto y la foto se tomar\u00e1 desde tu tel\u00e9fono.<\/p>\n<p>Recibe notificaciones de mensajes o llamadas en tu mu\u00f1eca. Toca para rechazar las llamadas o responde con mensajes r\u00e1pidos.<\/p>\n<p>Calculadora, br\u00fajula, clima, agenda, recordatorios y mucho m\u00e1s. Una gran variedad de funciones listas para usar donde quiera que vayas.<\/p>\n<p><em>La robusta bater\u00eda de 300 mAh te brinda hasta 14 d\u00edas de uso ligero con una carga completa.<\/em><\/p>\n<h4>\u00bfC\u00f3mo has dormido?<\/h4>\n<p>Solo tienes que levantar la mu\u00f1eca para consultar tus fases de sue\u00f1o y su consistencia. Podr\u00e1s evaluar la calidad de tu sue\u00f1o y a encontrar formas de mejorarlo.<\/p>\n<p>Detecta las interrupciones respiratorias durante el sue\u00f1o para que puedas tomar medidas y dormir de forma m\u00e1s saludable.<\/p>\n<p>Obt\u00e9n informaci\u00f3n basada en datos sobre tu sue\u00f1o nocturno o tus siestas diurnas con consejos para mejorar la calidad de tu sue\u00f1o.<\/p>\n<h4>Cuida tu coraz\u00f3n.<\/h4>\n<p>Monitorea r\u00e1pidamente tu SpO2 y tu frecuencia card\u00edaca, incluso mientras entrenas la precisi\u00f3n se mantiene.<\/p>\n<p>Mantente al tanto de tu salud card\u00edaca con alertas oportunas de fibrilaci\u00f3n auricular gracias a la aplicaci\u00f3n de an\u00e1lisis de arritmias con certificado T\u00dcV Rheinland CE MDR.<\/p>\n<p>M\u00e1s de 100 modos entrenamiento desde yoga y entrenamiento de fuerza hasta saltar la cuerda, accede a los cursos para explorar m\u00e1s movimientos y diversi\u00f3n.<\/p>\n<p><em>Compatible iOS, Android y Huawei.<\/em><\/p>\n<h4>En la caja<\/h4>\n<ul>\n<li>Huawei Band 11 &#8211; Aluminio &#8211; Negro Mate <em>x1<\/em><\/li>\n<li>Base de carga <em>x1<\/em><\/li>\n<li>Tarjeta de garant\u00eda <em>x1<\/em><\/li>\n<\/ul>\n","protected":false},"excerpt":{"rendered":"<p><em>Su marco en aleaci\u00f3n de aluminio le da un aspecto moderno y la correa de caucho fluorado se siente siempre c\u00f3moda en tu mu\u00f1eca.<\/em><\/p>\n<h4>Ultra c\u00f3moda<\/h4>\n<ul>\n<li><em>Pantalla 1.62&#8243; con hasta 1,500 nits de brillo.<\/em><\/li>\n<li>Movimiento y diversi\u00f3n con m\u00e1s de 100 deportes.<\/li>\n<li><span style=\"font-size: 16px;\">Mejora tu calidad del sue\u00f1o con datos relevantes.<\/span><\/li>\n<li><span style=\"font-size: 16px;\">Aplicaci\u00f3n de an\u00e1lisis de arritmias certificada. <\/span><\/li>\n<li>Bienestar emocional multidimensional.<\/li>\n<\/ul>\n<p><em>Compatible con iOS, Android y Huawei<\/em><\/p>\n<h4>Rec\u00edbelo en todo el Ecuador.<\/h4>\n<p>Estado: Nuevo\/Sellado.<\/p>\n","protected":false},"featured_media":4324,"comment_status":"open","ping_status":"closed","template":"","meta":{"site-sidebar-layout":"default","site-content-layout":"","ast-site-content-layout":"default","site-content-style":"default","site-sidebar-style":"default","ast-global-header-display":"","ast-banner-title-visibility":"","ast-main-header-display":"","ast-hfb-above-header-display":"","ast-hfb-below-header-display":"","ast-hfb-mobile-header-display":"","site-post-title":"","ast-breadcrumbs-content":"","ast-featured-img":"","footer-sml-layout":"","ast-disable-related-posts":"","theme-transparent-header-meta":"default","adv-header-id-meta":"","stick-header-meta":"","header-above-stick-meta":"","header-main-stick-meta":"","header-below-stick-meta":"","astra-migrate-meta-layouts":"set","ast-page-background-enabled":"default","ast-page-background-meta":{"desktop":{"background-color":"","background-image":"","background-repeat":"repeat","background-position":"center center","background-size":"auto","background-attachment":"scroll","background-type":"","background-media":"","overlay-type":"","overlay-color":"","overlay-opacity":"","overlay-gradient":""},"tablet":{"background-color":"","background-image":"","background-repeat":"repeat","background-position":"center center","background-size":"auto","background-attachment":"scroll","background-type":"","background-media":"","overlay-type":"","overlay-color":"","overlay-opacity":"","overlay-gradient":""},"mobile":{"background-color":"","background-image":"","background-repeat":"repeat","background-position":"center center","background-size":"auto","background-attachment":"scroll","background-type":"","background-media":"","overlay-type":"","overlay-color":"","overlay-opacity":"","overlay-gradient":""}},"ast-content-background-meta":{"desktop":{"background-color":"var(--ast-global-color-5)","background-image":"","background-repeat":"repeat","background-position":"center center","background-size":"auto","background-attachment":"scroll","background-type":"","background-media":"","overlay-type":"","overlay-color":"","overlay-opacity":"","overlay-gradient":""},"tablet":{"background-color":"var(--ast-global-color-5)","background-image":"","background-repeat":"repeat","background-position":"center center","background-size":"auto","background-attachment":"scroll","background-type":"","background-media":"","overlay-type":"","overlay-color":"","overlay-opacity":"","overlay-gradient":""},"mobile":{"background-color":"var(--ast-global-color-5)","background-image":"","background-repeat":"repeat","background-position":"center center","background-size":"auto","background-attachment":"scroll","background-type":"","background-media":"","overlay-type":"","overlay-color":"","overlay-opacity":"","overlay-gradient":""}}},"product_brand":[],"product_cat":[248],"product_tag":[],"class_list":{"0":"post-4316","1":"product","2":"type-product","3":"status-publish","4":"has-post-thumbnail","6":"product_cat-huawei-band-11","7":"desktop-align-left","8":"tablet-align-left","9":"mobile-align-left","11":"first","12":"instock","13":"sale","14":"purchasable","15":"product-type-simple"},"yoast_head":"<!-- This site is optimized with the Yoast SEO plugin v27.5 - https:\/\/yoast.com\/product\/yoast-seo-wordpress\/ -->\n<title>Huawei Band 11 - Aluminio - Negro Mate - Wakan.ec<\/title>\n<meta name=\"description\" content=\"El Huawei Band 11 Aluminio Negro Mate est\u00e1 fabricado con marco de aluminio y correa de caucho fluorado suave con la piel.\u00a0Rec\u00edbelo en todo el Ecuador.\" \/>\n<meta name=\"robots\" content=\"index, follow, max-snippet:-1, max-image-preview:large, max-video-preview:-1\" \/>\n<link rel=\"canonical\" href=\"https:\/\/wakan.ec\/index.php\/producto\/huawei-band-11-aluminio-negro-mate\/\" \/>\n<meta property=\"og:locale\" content=\"es_ES\" \/>\n<meta property=\"og:type\" content=\"article\" \/>\n<meta property=\"og:title\" content=\"Huawei Band 11 - Aluminio - Negro Mate - Wakan.ec\" \/>\n<meta property=\"og:description\" content=\"El Huawei Band 11 Aluminio Negro Mate est\u00e1 fabricado con marco de aluminio y correa de caucho fluorado suave con la piel.\u00a0Rec\u00edbelo en todo el Ecuador.\" \/>\n<meta property=\"og:url\" content=\"https:\/\/wakan.ec\/index.php\/producto\/huawei-band-11-aluminio-negro-mate\/\" \/>\n<meta property=\"og:site_name\" content=\"Wakan.ec\" \/>\n<meta property=\"article:publisher\" content=\"https:\/\/www.facebook.com\/wakantienda\" \/>\n<meta property=\"article:modified_time\" content=\"2026-05-07T21:37:50+00:00\" \/>\n<meta property=\"og:image\" content=\"https:\/\/wakan.ec\/wp-content\/uploads\/2026\/05\/wp-177818541534879674532846224968.png\" \/>\n\t<meta property=\"og:image:width\" content=\"1000\" \/>\n\t<meta property=\"og:image:height\" content=\"1000\" \/>\n\t<meta property=\"og:image:type\" content=\"image\/png\" \/>\n<meta name=\"twitter:card\" content=\"summary_large_image\" \/>\n<meta name=\"twitter:label1\" content=\"Tiempo de lectura\" \/>\n\t<meta name=\"twitter:data1\" content=\"2 minutos\" \/>\n<script type=\"application\/ld+json\" class=\"yoast-schema-graph\">{\"@context\":\"https:\\\/\\\/schema.org\",\"@graph\":[{\"@type\":\"WebPage\",\"@id\":\"https:\\\/\\\/wakan.ec\\\/index.php\\\/producto\\\/huawei-band-11-aluminio-negro-mate\\\/\",\"url\":\"https:\\\/\\\/wakan.ec\\\/index.php\\\/producto\\\/huawei-band-11-aluminio-negro-mate\\\/\",\"name\":\"Huawei Band 11 - Aluminio - Negro Mate - Wakan.ec\",\"isPartOf\":{\"@id\":\"https:\\\/\\\/wakan.ec\\\/#website\"},\"primaryImageOfPage\":{\"@id\":\"https:\\\/\\\/wakan.ec\\\/index.php\\\/producto\\\/huawei-band-11-aluminio-negro-mate\\\/#primaryimage\"},\"image\":{\"@id\":\"https:\\\/\\\/wakan.ec\\\/index.php\\\/producto\\\/huawei-band-11-aluminio-negro-mate\\\/#primaryimage\"},\"thumbnailUrl\":\"https:\\\/\\\/wakan.ec\\\/wp-content\\\/uploads\\\/2026\\\/05\\\/wp-177818541534879674532846224968.png\",\"datePublished\":\"2026-05-07T16:16:18+00:00\",\"dateModified\":\"2026-05-07T21:37:50+00:00\",\"description\":\"El Huawei Band 11 Aluminio Negro Mate est\u00e1 fabricado con marco de aluminio y correa de caucho fluorado suave con la piel.\u00a0Rec\u00edbelo en todo el Ecuador.\",\"breadcrumb\":{\"@id\":\"https:\\\/\\\/wakan.ec\\\/index.php\\\/producto\\\/huawei-band-11-aluminio-negro-mate\\\/#breadcrumb\"},\"inLanguage\":\"es\",\"potentialAction\":[{\"@type\":\"ReadAction\",\"target\":[\"https:\\\/\\\/wakan.ec\\\/index.php\\\/producto\\\/huawei-band-11-aluminio-negro-mate\\\/\"]}]},{\"@type\":\"ImageObject\",\"inLanguage\":\"es\",\"@id\":\"https:\\\/\\\/wakan.ec\\\/index.php\\\/producto\\\/huawei-band-11-aluminio-negro-mate\\\/#primaryimage\",\"url\":\"https:\\\/\\\/wakan.ec\\\/wp-content\\\/uploads\\\/2026\\\/05\\\/wp-177818541534879674532846224968.png\",\"contentUrl\":\"https:\\\/\\\/wakan.ec\\\/wp-content\\\/uploads\\\/2026\\\/05\\\/wp-177818541534879674532846224968.png\",\"width\":1000,\"height\":1000,\"caption\":\"Huawei Band 11 - Aluminio - Negro Mate - Ecuador\"},{\"@type\":\"BreadcrumbList\",\"@id\":\"https:\\\/\\\/wakan.ec\\\/index.php\\\/producto\\\/huawei-band-11-aluminio-negro-mate\\\/#breadcrumb\",\"itemListElement\":[{\"@type\":\"ListItem\",\"position\":1,\"name\":\"Portada\",\"item\":\"https:\\\/\\\/wakan.ec\\\/\"},{\"@type\":\"ListItem\",\"position\":2,\"name\":\"Huawei Band 11 &#8211; Aluminio &#8211; Negro Mate\"}]},{\"@type\":\"WebSite\",\"@id\":\"https:\\\/\\\/wakan.ec\\\/#website\",\"url\":\"https:\\\/\\\/wakan.ec\\\/\",\"name\":\"Wakan.ec\",\"description\":\"Tech - Fitness, entretenimiento y productividad.\",\"publisher\":{\"@id\":\"https:\\\/\\\/wakan.ec\\\/#organization\"},\"potentialAction\":[{\"@type\":\"SearchAction\",\"target\":{\"@type\":\"EntryPoint\",\"urlTemplate\":\"https:\\\/\\\/wakan.ec\\\/?s={search_term_string}\"},\"query-input\":{\"@type\":\"PropertyValueSpecification\",\"valueRequired\":true,\"valueName\":\"search_term_string\"}}],\"inLanguage\":\"es\"},{\"@type\":\"Organization\",\"@id\":\"https:\\\/\\\/wakan.ec\\\/#organization\",\"name\":\"Wak\u00e1n\",\"url\":\"https:\\\/\\\/wakan.ec\\\/\",\"logo\":{\"@type\":\"ImageObject\",\"inLanguage\":\"es\",\"@id\":\"https:\\\/\\\/wakan.ec\\\/#\\\/schema\\\/logo\\\/image\\\/\",\"url\":\"https:\\\/\\\/wakan.ec\\\/wp-content\\\/uploads\\\/2021\\\/12\\\/wakan-Logo.png\",\"contentUrl\":\"https:\\\/\\\/wakan.ec\\\/wp-content\\\/uploads\\\/2021\\\/12\\\/wakan-Logo.png\",\"width\":1080,\"height\":1080,\"caption\":\"Wak\u00e1n\"},\"image\":{\"@id\":\"https:\\\/\\\/wakan.ec\\\/#\\\/schema\\\/logo\\\/image\\\/\"},\"sameAs\":[\"https:\\\/\\\/www.facebook.com\\\/wakantienda\",\"https:\\\/\\\/www.instagram.com\\\/wakantienda\",\"https:\\\/\\\/www.youtube.com\\\/wakan\"]}]}<\/script>\n<!-- \/ Yoast SEO plugin. -->","yoast_head_json":{"title":"Huawei Band 11 - Aluminio - Negro Mate - Wakan.ec","description":"El Huawei Band 11 Aluminio Negro Mate est\u00e1 fabricado con marco de aluminio y correa de caucho fluorado suave con la piel.\u00a0Rec\u00edbelo en todo el Ecuador.","robots":{"index":"index","follow":"follow","max-snippet":"max-snippet:-1","max-image-preview":"max-image-preview:large","max-video-preview":"max-video-preview:-1"},"canonical":"https:\/\/wakan.ec\/index.php\/producto\/huawei-band-11-aluminio-negro-mate\/","og_locale":"es_ES","og_type":"article","og_title":"Huawei Band 11 - Aluminio - Negro Mate - Wakan.ec","og_description":"El Huawei Band 11 Aluminio Negro Mate est\u00e1 fabricado con marco de aluminio y correa de caucho fluorado suave con la piel.\u00a0Rec\u00edbelo en todo el Ecuador.","og_url":"https:\/\/wakan.ec\/index.php\/producto\/huawei-band-11-aluminio-negro-mate\/","og_site_name":"Wakan.ec","article_publisher":"https:\/\/www.facebook.com\/wakantienda","article_modified_time":"2026-05-07T21:37:50+00:00","og_image":[{"width":1000,"height":1000,"url":"https:\/\/wakan.ec\/wp-content\/uploads\/2026\/05\/wp-177818541534879674532846224968.png","type":"image\/png"}],"twitter_card":"summary_large_image","twitter_misc":{"Tiempo de lectura":"2 minutos"},"schema":{"@context":"https:\/\/schema.org","@graph":[{"@type":"WebPage","@id":"https:\/\/wakan.ec\/index.php\/producto\/huawei-band-11-aluminio-negro-mate\/","url":"https:\/\/wakan.ec\/index.php\/producto\/huawei-band-11-aluminio-negro-mate\/","name":"Huawei Band 11 - Aluminio - Negro Mate - Wakan.ec","isPartOf":{"@id":"https:\/\/wakan.ec\/#website"},"primaryImageOfPage":{"@id":"https:\/\/wakan.ec\/index.php\/producto\/huawei-band-11-aluminio-negro-mate\/#primaryimage"},"image":{"@id":"https:\/\/wakan.ec\/index.php\/producto\/huawei-band-11-aluminio-negro-mate\/#primaryimage"},"thumbnailUrl":"https:\/\/wakan.ec\/wp-content\/uploads\/2026\/05\/wp-177818541534879674532846224968.png","datePublished":"2026-05-07T16:16:18+00:00","dateModified":"2026-05-07T21:37:50+00:00","description":"El Huawei Band 11 Aluminio Negro Mate est\u00e1 fabricado con marco de aluminio y correa de caucho fluorado suave con la piel.\u00a0Rec\u00edbelo en todo el Ecuador.","breadcrumb":{"@id":"https:\/\/wakan.ec\/index.php\/producto\/huawei-band-11-aluminio-negro-mate\/#breadcrumb"},"inLanguage":"es","potentialAction":[{"@type":"ReadAction","target":["https:\/\/wakan.ec\/index.php\/producto\/huawei-band-11-aluminio-negro-mate\/"]}]},{"@type":"ImageObject","inLanguage":"es","@id":"https:\/\/wakan.ec\/index.php\/producto\/huawei-band-11-aluminio-negro-mate\/#primaryimage","url":"https:\/\/wakan.ec\/wp-content\/uploads\/2026\/05\/wp-177818541534879674532846224968.png","contentUrl":"https:\/\/wakan.ec\/wp-content\/uploads\/2026\/05\/wp-177818541534879674532846224968.png","width":1000,"height":1000,"caption":"Huawei Band 11 - Aluminio - Negro Mate - Ecuador"},{"@type":"BreadcrumbList","@id":"https:\/\/wakan.ec\/index.php\/producto\/huawei-band-11-aluminio-negro-mate\/#breadcrumb","itemListElement":[{"@type":"ListItem","position":1,"name":"Portada","item":"https:\/\/wakan.ec\/"},{"@type":"ListItem","position":2,"name":"Huawei Band 11 &#8211; Aluminio &#8211; Negro Mate"}]},{"@type":"WebSite","@id":"https:\/\/wakan.ec\/#website","url":"https:\/\/wakan.ec\/","name":"Wakan.ec","description":"Tech - Fitness, entretenimiento y productividad.","publisher":{"@id":"https:\/\/wakan.ec\/#organization"},"potentialAction":[{"@type":"SearchAction","target":{"@type":"EntryPoint","urlTemplate":"https:\/\/wakan.ec\/?s={search_term_string}"},"query-input":{"@type":"PropertyValueSpecification","valueRequired":true,"valueName":"search_term_string"}}],"inLanguage":"es"},{"@type":"Organization","@id":"https:\/\/wakan.ec\/#organization","name":"Wak\u00e1n","url":"https:\/\/wakan.ec\/","logo":{"@type":"ImageObject","inLanguage":"es","@id":"https:\/\/wakan.ec\/#\/schema\/logo\/image\/","url":"https:\/\/wakan.ec\/wp-content\/uploads\/2021\/12\/wakan-Logo.png","contentUrl":"https:\/\/wakan.ec\/wp-content\/uploads\/2021\/12\/wakan-Logo.png","width":1080,"height":1080,"caption":"Wak\u00e1n"},"image":{"@id":"https:\/\/wakan.ec\/#\/schema\/logo\/image\/"},"sameAs":["https:\/\/www.facebook.com\/wakantienda","https:\/\/www.instagram.com\/wakantienda","https:\/\/www.youtube.com\/wakan"]}]}},"_links":{"self":[{"href":"https:\/\/wakan.ec\/index.php\/wp-json\/wp\/v2\/product\/4316","targetHints":{"allow":["GET"]}}],"collection":[{"href":"https:\/\/wakan.ec\/index.php\/wp-json\/wp\/v2\/product"}],"about":[{"href":"https:\/\/wakan.ec\/index.php\/wp-json\/wp\/v2\/types\/product"}],"replies":[{"embeddable":true,"href":"https:\/\/wakan.ec\/index.php\/wp-json\/wp\/v2\/comments?post=4316"}],"wp:featuredmedia":[{"embeddable":true,"href":"https:\/\/wakan.ec\/index.php\/wp-json\/wp\/v2\/media\/4324"}],"wp:attachment":[{"href":"https:\/\/wakan.ec\/index.php\/wp-json\/wp\/v2\/media?parent=4316"}],"wp:term":[{"taxonomy":"product_brand","embeddable":true,"href":"https:\/\/wakan.ec\/index.php\/wp-json\/wp\/v2\/product_brand?post=4316"},{"taxonomy":"product_cat","embeddable":true,"href":"https:\/\/wakan.ec\/index.php\/wp-json\/wp\/v2\/product_cat?post=4316"},{"taxonomy":"product_tag","embeddable":true,"href":"https:\/\/wakan.ec\/index.php\/wp-json\/wp\/v2\/product_tag?post=4316"}],"curies":[{"name":"wp","href":"https:\/\/api.w.org\/{rel}","templated":true}]}}