{"id":4185,"date":"2026-04-15T17:08:01","date_gmt":"2026-04-15T22:08:01","guid":{"rendered":"https:\/\/wakan.ec\/?post_type=product&#038;p=4185"},"modified":"2026-04-23T15:33:51","modified_gmt":"2026-04-23T20:33:51","slug":"huawei-band-11-purpura-espinela","status":"publish","type":"product","link":"https:\/\/wakan.ec\/index.php\/producto\/huawei-band-11-purpura-espinela\/","title":{"rendered":"Huawei Band 11 &#8211; P\u00farpura Espinela"},"content":{"rendered":"<p>El nuevo Huawei Band 11 P\u00farpura Espinela luce un aspecto moderno y su correa de caucho fluorado brinda un tacto natural sobre la piel.<\/p>\n<h4>Dise\u00f1o que encanta<\/h4>\n<p>Con solo 17 gramos de peso es f\u00e1cil olvidarse de que la llevas contigo.<\/p>\n<p>Todo se ve con claridad incluso bajo la luz solar intensa en la pantalla AMOLED de 1.62 pulgadas con hasta 1,500 nits de brillo.<\/p>\n<p>M\u00e1s de 100 esferas de reloj para adaptarse a tu \u00e1nimo y estilos. Elige widgets, tonos y Always On display a tu gusto.<\/p>\n<h4>\u00bfC\u00f3mo has dormido?<\/h4>\n<p>Conoce tu recuperaci\u00f3n durante el sue\u00f1o a trav\u00e9s de la VFC junto con el ritmo card\u00edaco, la saturaci\u00f3n de ox\u00edgeno y recibe alertas cuando se salgan de tu rango ideal.<\/p>\n<p>Detecta a tiempo los problemas respiratorios durante el sue\u00f1o, <em>control de la respiraci\u00f3n al dormir<\/em> detecta las interrupciones respiratorias durante el sue\u00f1o para que puedas tomar medidas para dormir de forma m\u00e1s saludable.<\/p>\n<p>Consulta tus fases de sue\u00f1o y su consistencia para evaluar la calidad de tu sue\u00f1o y encontrar formas de mejorarlo.<\/p>\n<h4>Algo especial para ellas<\/h4>\n<p>Consulta y edita el calendario menstrual y recibe recordatorios de tu periodo para cuidar bien de tu cuerpo cada mes.<\/p>\n<p>Desliza hacia la izquierda para comenzar tus ejercicios de respiraci\u00f3n en momentos de estr\u00e9s la paz llega con cada exhalaci\u00f3n.<\/p>\n<p>Podr\u00e1s ver tu estado emocional en forma de dos estados florales durante todos los cambios de humor observa a tus peludos amigos bailar y animarte en la esfera.<\/p>\n<h4>An\u00e1lisis de arritmias<\/h4>\n<p>Mantente al tanto de tu salud card\u00edaca con alertas oportunas de fibrilaci\u00f3n auricular con el sensor PPG y la aplicaci\u00f3n de an\u00e1lisis de arritmias con certificaci\u00f3n T\u00dcV Rheinland CE MDR.<\/p>\n<p>Yoga, entrenamiento de fuerza o saltar la cuerda y m\u00e1s de 100 modos deportivos.<\/p>\n<p>Enciende tus anillos de actividad, el modo totalmente nuevo, espec\u00edfico para usuarios de sillas de ruedas.<\/p>\n<p><em>Compatible iOS, Android y Huawei.<\/em><\/p>\n<h4>En la caja<\/h4>\n<ul>\n<li>Huawei Band 11 &#8211; P\u00farpura Espinela <em>x1<\/em><\/li>\n<li>Base de carga <em>x1<\/em><\/li>\n<li>Tarjeta de garant\u00eda <em>x1<\/em><\/li>\n<\/ul>\n","protected":false},"excerpt":{"rendered":"<p><em>La pantalla AMOLED de 1.62 pulgadas y 60 Hz es m\u00e1s grande y considerablemente m\u00e1s brillante con hasta 1,500 nits.<\/em><\/p>\n<h4>Todo lo que necesitas<\/h4>\n<ul>\n<li>Explora movimientos con m\u00e1s de 100 modos deportivos.<\/li>\n<li><span style=\"font-size: 16px;\">Comprende la ciencia que hay detr\u00e1s de tu sue\u00f1o de un vistazo.<\/span><\/li>\n<li><span style=\"font-size: 16px;\">Aplicaci\u00f3n de an\u00e1lisis de arritmias certificado. <\/span><\/li>\n<li>Monitorea r\u00e1pidamente tu SpO2 en cualquier lugar.<\/li>\n<li>Hasta 14 d\u00edas de uso ligero con una carga completa.<\/li>\n<\/ul>\n<p><em>Compatible con iOS, Android y Huawei<\/em><\/p>\n<h4>Rec\u00edbelo en todo el Ecuador.<\/h4>\n<p>Estado: Nuevo\/Sellado.<\/p>\n","protected":false},"featured_media":4141,"comment_status":"open","ping_status":"closed","template":"","meta":{"site-sidebar-layout":"default","site-content-layout":"","ast-site-content-layout":"default","site-content-style":"default","site-sidebar-style":"default","ast-global-header-display":"","ast-banner-title-visibility":"","ast-main-header-display":"","ast-hfb-above-header-display":"","ast-hfb-below-header-display":"","ast-hfb-mobile-header-display":"","site-post-title":"","ast-breadcrumbs-content":"","ast-featured-img":"","footer-sml-layout":"","ast-disable-related-posts":"","theme-transparent-header-meta":"default","adv-header-id-meta":"","stick-header-meta":"","header-above-stick-meta":"","header-main-stick-meta":"","header-below-stick-meta":"","astra-migrate-meta-layouts":"set","ast-page-background-enabled":"default","ast-page-background-meta":{"desktop":{"background-color":"","background-image":"","background-repeat":"repeat","background-position":"center center","background-size":"auto","background-attachment":"scroll","background-type":"","background-media":"","overlay-type":"","overlay-color":"","overlay-opacity":"","overlay-gradient":""},"tablet":{"background-color":"","background-image":"","background-repeat":"repeat","background-position":"center center","background-size":"auto","background-attachment":"scroll","background-type":"","background-media":"","overlay-type":"","overlay-color":"","overlay-opacity":"","overlay-gradient":""},"mobile":{"background-color":"","background-image":"","background-repeat":"repeat","background-position":"center center","background-size":"auto","background-attachment":"scroll","background-type":"","background-media":"","overlay-type":"","overlay-color":"","overlay-opacity":"","overlay-gradient":""}},"ast-content-background-meta":{"desktop":{"background-color":"var(--ast-global-color-5)","background-image":"","background-repeat":"repeat","background-position":"center center","background-size":"auto","background-attachment":"scroll","background-type":"","background-media":"","overlay-type":"","overlay-color":"","overlay-opacity":"","overlay-gradient":""},"tablet":{"background-color":"var(--ast-global-color-5)","background-image":"","background-repeat":"repeat","background-position":"center center","background-size":"auto","background-attachment":"scroll","background-type":"","background-media":"","overlay-type":"","overlay-color":"","overlay-opacity":"","overlay-gradient":""},"mobile":{"background-color":"var(--ast-global-color-5)","background-image":"","background-repeat":"repeat","background-position":"center center","background-size":"auto","background-attachment":"scroll","background-type":"","background-media":"","overlay-type":"","overlay-color":"","overlay-opacity":"","overlay-gradient":""}}},"product_brand":[],"product_cat":[248],"product_tag":[],"class_list":{"0":"post-4185","1":"product","2":"type-product","3":"status-publish","4":"has-post-thumbnail","6":"product_cat-huawei-band-11","7":"desktop-align-left","8":"tablet-align-left","9":"mobile-align-left","11":"first","12":"onbackorder","13":"sale","14":"purchasable","15":"product-type-simple"},"yoast_head":"<!-- This site is optimized with the Yoast SEO plugin v27.5 - https:\/\/yoast.com\/product\/yoast-seo-wordpress\/ -->\n<title>Huawei Band 11 - P\u00farpura Espinela - Wakan.ec<\/title>\n<meta name=\"description\" content=\"El nuevo Huawei Band 11 P\u00farpura Espinela luce un aspecto moderno y su correa de caucho fluorado brinda un tacto natural sobre la piel.\" \/>\n<meta name=\"robots\" content=\"index, follow, max-snippet:-1, max-image-preview:large, max-video-preview:-1\" \/>\n<link rel=\"canonical\" href=\"https:\/\/wakan.ec\/index.php\/producto\/huawei-band-11-purpura-espinela\/\" \/>\n<meta property=\"og:locale\" content=\"es_ES\" \/>\n<meta property=\"og:type\" content=\"article\" \/>\n<meta property=\"og:title\" content=\"Huawei Band 11 - P\u00farpura Espinela - Wakan.ec\" \/>\n<meta property=\"og:description\" content=\"El nuevo Huawei Band 11 P\u00farpura Espinela luce un aspecto moderno y su correa de caucho fluorado brinda un tacto natural sobre la piel.\" \/>\n<meta property=\"og:url\" content=\"https:\/\/wakan.ec\/index.php\/producto\/huawei-band-11-purpura-espinela\/\" \/>\n<meta property=\"og:site_name\" content=\"Wakan.ec\" \/>\n<meta property=\"article:publisher\" content=\"https:\/\/www.facebook.com\/wakantienda\" \/>\n<meta property=\"article:modified_time\" content=\"2026-04-23T20:33:51+00:00\" \/>\n<meta property=\"og:image\" content=\"https:\/\/wakan.ec\/wp-content\/uploads\/2026\/04\/wp-17761110769184681214179237208768.png\" \/>\n\t<meta property=\"og:image:width\" content=\"1000\" \/>\n\t<meta property=\"og:image:height\" content=\"1000\" \/>\n\t<meta property=\"og:image:type\" content=\"image\/png\" \/>\n<meta name=\"twitter:card\" content=\"summary_large_image\" \/>\n<meta name=\"twitter:label1\" content=\"Tiempo de lectura\" \/>\n\t<meta name=\"twitter:data1\" content=\"2 minutos\" \/>\n<script type=\"application\/ld+json\" class=\"yoast-schema-graph\">{\"@context\":\"https:\\\/\\\/schema.org\",\"@graph\":[{\"@type\":\"WebPage\",\"@id\":\"https:\\\/\\\/wakan.ec\\\/index.php\\\/producto\\\/huawei-band-11-purpura-espinela\\\/\",\"url\":\"https:\\\/\\\/wakan.ec\\\/index.php\\\/producto\\\/huawei-band-11-purpura-espinela\\\/\",\"name\":\"Huawei Band 11 - P\u00farpura Espinela - Wakan.ec\",\"isPartOf\":{\"@id\":\"https:\\\/\\\/wakan.ec\\\/#website\"},\"primaryImageOfPage\":{\"@id\":\"https:\\\/\\\/wakan.ec\\\/index.php\\\/producto\\\/huawei-band-11-purpura-espinela\\\/#primaryimage\"},\"image\":{\"@id\":\"https:\\\/\\\/wakan.ec\\\/index.php\\\/producto\\\/huawei-band-11-purpura-espinela\\\/#primaryimage\"},\"thumbnailUrl\":\"https:\\\/\\\/wakan.ec\\\/wp-content\\\/uploads\\\/2026\\\/04\\\/wp-17761110769184681214179237208768.png\",\"datePublished\":\"2026-04-15T22:08:01+00:00\",\"dateModified\":\"2026-04-23T20:33:51+00:00\",\"description\":\"El nuevo Huawei Band 11 P\u00farpura Espinela luce un aspecto moderno y su correa de caucho fluorado brinda un tacto natural sobre la piel.\",\"breadcrumb\":{\"@id\":\"https:\\\/\\\/wakan.ec\\\/index.php\\\/producto\\\/huawei-band-11-purpura-espinela\\\/#breadcrumb\"},\"inLanguage\":\"es\",\"potentialAction\":[{\"@type\":\"ReadAction\",\"target\":[\"https:\\\/\\\/wakan.ec\\\/index.php\\\/producto\\\/huawei-band-11-purpura-espinela\\\/\"]}]},{\"@type\":\"ImageObject\",\"inLanguage\":\"es\",\"@id\":\"https:\\\/\\\/wakan.ec\\\/index.php\\\/producto\\\/huawei-band-11-purpura-espinela\\\/#primaryimage\",\"url\":\"https:\\\/\\\/wakan.ec\\\/wp-content\\\/uploads\\\/2026\\\/04\\\/wp-17761110769184681214179237208768.png\",\"contentUrl\":\"https:\\\/\\\/wakan.ec\\\/wp-content\\\/uploads\\\/2026\\\/04\\\/wp-17761110769184681214179237208768.png\",\"width\":1000,\"height\":1000,\"caption\":\"Huawei Band 11 - P\u00farpura - Ecuador\"},{\"@type\":\"BreadcrumbList\",\"@id\":\"https:\\\/\\\/wakan.ec\\\/index.php\\\/producto\\\/huawei-band-11-purpura-espinela\\\/#breadcrumb\",\"itemListElement\":[{\"@type\":\"ListItem\",\"position\":1,\"name\":\"Portada\",\"item\":\"https:\\\/\\\/wakan.ec\\\/\"},{\"@type\":\"ListItem\",\"position\":2,\"name\":\"Huawei Band 11 &#8211; P\u00farpura Espinela\"}]},{\"@type\":\"WebSite\",\"@id\":\"https:\\\/\\\/wakan.ec\\\/#website\",\"url\":\"https:\\\/\\\/wakan.ec\\\/\",\"name\":\"Wakan.ec\",\"description\":\"Tech - Fitness, entretenimiento y productividad.\",\"publisher\":{\"@id\":\"https:\\\/\\\/wakan.ec\\\/#organization\"},\"potentialAction\":[{\"@type\":\"SearchAction\",\"target\":{\"@type\":\"EntryPoint\",\"urlTemplate\":\"https:\\\/\\\/wakan.ec\\\/?s={search_term_string}\"},\"query-input\":{\"@type\":\"PropertyValueSpecification\",\"valueRequired\":true,\"valueName\":\"search_term_string\"}}],\"inLanguage\":\"es\"},{\"@type\":\"Organization\",\"@id\":\"https:\\\/\\\/wakan.ec\\\/#organization\",\"name\":\"Wak\u00e1n\",\"url\":\"https:\\\/\\\/wakan.ec\\\/\",\"logo\":{\"@type\":\"ImageObject\",\"inLanguage\":\"es\",\"@id\":\"https:\\\/\\\/wakan.ec\\\/#\\\/schema\\\/logo\\\/image\\\/\",\"url\":\"https:\\\/\\\/wakan.ec\\\/wp-content\\\/uploads\\\/2021\\\/12\\\/wakan-Logo.png\",\"contentUrl\":\"https:\\\/\\\/wakan.ec\\\/wp-content\\\/uploads\\\/2021\\\/12\\\/wakan-Logo.png\",\"width\":1080,\"height\":1080,\"caption\":\"Wak\u00e1n\"},\"image\":{\"@id\":\"https:\\\/\\\/wakan.ec\\\/#\\\/schema\\\/logo\\\/image\\\/\"},\"sameAs\":[\"https:\\\/\\\/www.facebook.com\\\/wakantienda\",\"https:\\\/\\\/www.instagram.com\\\/wakantienda\",\"https:\\\/\\\/www.youtube.com\\\/wakan\"]}]}<\/script>\n<!-- \/ Yoast SEO plugin. -->","yoast_head_json":{"title":"Huawei Band 11 - P\u00farpura Espinela - Wakan.ec","description":"El nuevo Huawei Band 11 P\u00farpura Espinela luce un aspecto moderno y su correa de caucho fluorado brinda un tacto natural sobre la piel.","robots":{"index":"index","follow":"follow","max-snippet":"max-snippet:-1","max-image-preview":"max-image-preview:large","max-video-preview":"max-video-preview:-1"},"canonical":"https:\/\/wakan.ec\/index.php\/producto\/huawei-band-11-purpura-espinela\/","og_locale":"es_ES","og_type":"article","og_title":"Huawei Band 11 - P\u00farpura Espinela - Wakan.ec","og_description":"El nuevo Huawei Band 11 P\u00farpura Espinela luce un aspecto moderno y su correa de caucho fluorado brinda un tacto natural sobre la piel.","og_url":"https:\/\/wakan.ec\/index.php\/producto\/huawei-band-11-purpura-espinela\/","og_site_name":"Wakan.ec","article_publisher":"https:\/\/www.facebook.com\/wakantienda","article_modified_time":"2026-04-23T20:33:51+00:00","og_image":[{"width":1000,"height":1000,"url":"https:\/\/wakan.ec\/wp-content\/uploads\/2026\/04\/wp-17761110769184681214179237208768.png","type":"image\/png"}],"twitter_card":"summary_large_image","twitter_misc":{"Tiempo de lectura":"2 minutos"},"schema":{"@context":"https:\/\/schema.org","@graph":[{"@type":"WebPage","@id":"https:\/\/wakan.ec\/index.php\/producto\/huawei-band-11-purpura-espinela\/","url":"https:\/\/wakan.ec\/index.php\/producto\/huawei-band-11-purpura-espinela\/","name":"Huawei Band 11 - P\u00farpura Espinela - Wakan.ec","isPartOf":{"@id":"https:\/\/wakan.ec\/#website"},"primaryImageOfPage":{"@id":"https:\/\/wakan.ec\/index.php\/producto\/huawei-band-11-purpura-espinela\/#primaryimage"},"image":{"@id":"https:\/\/wakan.ec\/index.php\/producto\/huawei-band-11-purpura-espinela\/#primaryimage"},"thumbnailUrl":"https:\/\/wakan.ec\/wp-content\/uploads\/2026\/04\/wp-17761110769184681214179237208768.png","datePublished":"2026-04-15T22:08:01+00:00","dateModified":"2026-04-23T20:33:51+00:00","description":"El nuevo Huawei Band 11 P\u00farpura Espinela luce un aspecto moderno y su correa de caucho fluorado brinda un tacto natural sobre la piel.","breadcrumb":{"@id":"https:\/\/wakan.ec\/index.php\/producto\/huawei-band-11-purpura-espinela\/#breadcrumb"},"inLanguage":"es","potentialAction":[{"@type":"ReadAction","target":["https:\/\/wakan.ec\/index.php\/producto\/huawei-band-11-purpura-espinela\/"]}]},{"@type":"ImageObject","inLanguage":"es","@id":"https:\/\/wakan.ec\/index.php\/producto\/huawei-band-11-purpura-espinela\/#primaryimage","url":"https:\/\/wakan.ec\/wp-content\/uploads\/2026\/04\/wp-17761110769184681214179237208768.png","contentUrl":"https:\/\/wakan.ec\/wp-content\/uploads\/2026\/04\/wp-17761110769184681214179237208768.png","width":1000,"height":1000,"caption":"Huawei Band 11 - P\u00farpura - Ecuador"},{"@type":"BreadcrumbList","@id":"https:\/\/wakan.ec\/index.php\/producto\/huawei-band-11-purpura-espinela\/#breadcrumb","itemListElement":[{"@type":"ListItem","position":1,"name":"Portada","item":"https:\/\/wakan.ec\/"},{"@type":"ListItem","position":2,"name":"Huawei Band 11 &#8211; P\u00farpura Espinela"}]},{"@type":"WebSite","@id":"https:\/\/wakan.ec\/#website","url":"https:\/\/wakan.ec\/","name":"Wakan.ec","description":"Tech - Fitness, entretenimiento y productividad.","publisher":{"@id":"https:\/\/wakan.ec\/#organization"},"potentialAction":[{"@type":"SearchAction","target":{"@type":"EntryPoint","urlTemplate":"https:\/\/wakan.ec\/?s={search_term_string}"},"query-input":{"@type":"PropertyValueSpecification","valueRequired":true,"valueName":"search_term_string"}}],"inLanguage":"es"},{"@type":"Organization","@id":"https:\/\/wakan.ec\/#organization","name":"Wak\u00e1n","url":"https:\/\/wakan.ec\/","logo":{"@type":"ImageObject","inLanguage":"es","@id":"https:\/\/wakan.ec\/#\/schema\/logo\/image\/","url":"https:\/\/wakan.ec\/wp-content\/uploads\/2021\/12\/wakan-Logo.png","contentUrl":"https:\/\/wakan.ec\/wp-content\/uploads\/2021\/12\/wakan-Logo.png","width":1080,"height":1080,"caption":"Wak\u00e1n"},"image":{"@id":"https:\/\/wakan.ec\/#\/schema\/logo\/image\/"},"sameAs":["https:\/\/www.facebook.com\/wakantienda","https:\/\/www.instagram.com\/wakantienda","https:\/\/www.youtube.com\/wakan"]}]}},"_links":{"self":[{"href":"https:\/\/wakan.ec\/index.php\/wp-json\/wp\/v2\/product\/4185","targetHints":{"allow":["GET"]}}],"collection":[{"href":"https:\/\/wakan.ec\/index.php\/wp-json\/wp\/v2\/product"}],"about":[{"href":"https:\/\/wakan.ec\/index.php\/wp-json\/wp\/v2\/types\/product"}],"replies":[{"embeddable":true,"href":"https:\/\/wakan.ec\/index.php\/wp-json\/wp\/v2\/comments?post=4185"}],"wp:featuredmedia":[{"embeddable":true,"href":"https:\/\/wakan.ec\/index.php\/wp-json\/wp\/v2\/media\/4141"}],"wp:attachment":[{"href":"https:\/\/wakan.ec\/index.php\/wp-json\/wp\/v2\/media?parent=4185"}],"wp:term":[{"taxonomy":"product_brand","embeddable":true,"href":"https:\/\/wakan.ec\/index.php\/wp-json\/wp\/v2\/product_brand?post=4185"},{"taxonomy":"product_cat","embeddable":true,"href":"https:\/\/wakan.ec\/index.php\/wp-json\/wp\/v2\/product_cat?post=4185"},{"taxonomy":"product_tag","embeddable":true,"href":"https:\/\/wakan.ec\/index.php\/wp-json\/wp\/v2\/product_tag?post=4185"}],"curies":[{"name":"wp","href":"https:\/\/api.w.org\/{rel}","templated":true}]}}