{"id":4176,"date":"2026-04-14T15:35:30","date_gmt":"2026-04-14T20:35:30","guid":{"rendered":"https:\/\/wakan.ec\/?post_type=product&#038;p=4176"},"modified":"2026-04-15T16:43:25","modified_gmt":"2026-04-15T21:43:25","slug":"lego-2k-drive-ps5","status":"publish","type":"product","link":"https:\/\/wakan.ec\/index.php\/producto\/lego-2k-drive-ps5\/","title":{"rendered":"Lego 2K Drive &#8211; PS5"},"content":{"rendered":"<p>Bienvenido a Bricklandia, el hogar de una enorme aventura de conducci\u00f3n Lego en un mundo abierto en Lego 2K Drive PS5.<\/p>\n<h4>Carreras de Lego<\/h4>\n<p>Corre donde quieras, juega con quien quieras, construye los veh\u00edculos de tus sue\u00f1os y derrota a un elenco de intr\u00e9pidos rivales para conseguir el codiciado trofeo del cielo.<\/p>\n<p>Tu incre\u00edble veh\u00edculo transformable te da la libertad de recorrer a toda velocidad emocionantes circuitos, terrenos complejos y aguas abiertas.<\/p>\n<p>Explora el vasto mundo de Bricklandia, demuestra tus habilidades al volante y construye veh\u00edculos ladrillo a ladrillo.<\/p>\n<h4>La experiencia m\u00e1xima<\/h4>\n<p>Enfr\u00e9ntate la apasionante modo historia, participa en carreras individuales o torneos de la serie copa y divi\u00e9rtete con minijuegos alocados.<\/p>\n<p>Domina el arte de derrapar acelerar y saltar y usar potenciadores para derrotar a tus oponentes.<\/p>\n<p>La experiencia de conducci\u00f3n de Lego definitiva, ponte al volante y prep\u00e1rate para explorar un mundo abierto y disfrutar de emocionantes carreras.<\/p>\n<h4>M\u00e1s diversi\u00f3n<\/h4>\n<p>El modo historia narra tu trayectoria desde piloto novato hasta campe\u00f3n famoso mientras compites con una serie de carism\u00e1ticos rivales.<\/p>\n<p>El vasto y vibrante mundo de Bricklandia est\u00e1 a tu disposici\u00f3n para explorarlo a tu antojo repleto de personajes pintorescos y misiones extravagantes.<\/p>\n<p>Recorre a toda velocidad los exuberantes campos de Turbo Acres, siente la aventura fuera de la carretera en los desiertos del Condado de Big Butte, navega por los pintorescos canales del Valle de prospecto y mucho m\u00e1s.<\/p>\n<h4>En la caja<\/h4>\n<ul>\n<li>Disco Lego 2K Drive PS5<\/li>\n<li>Armable Lego Aquadirt Racer<\/li>\n<\/ul>\n","protected":false},"excerpt":{"rendered":"<p><em>Compite por conseguir el tan deseado Sky Trophy en Bricklandia, el mundo abierto de carreras de Lego.<\/em><\/p>\n<h4>La m\u00e1xima experiencia<\/h4>\n<ul>\n<li>Construye tu veh\u00edculo pieza por pieza.<\/li>\n<li>Carreras en casa para 2 jugadores.<\/li>\n<li>Compite con un gran elenco de rivales.<\/li>\n<li>Modo historia o competencia en l\u00ednea.<\/li>\n<li>Incluye el armable Lego Aquadirt Racer 3 en 1.<\/li>\n<\/ul>\n<p><em>Juego en formato f\u00edsico<\/em><\/p>\n<h4>Rec\u00edbelo en todo el Ecuador<\/h4>\n<p>Estado: Nuevo\/Sellado<\/p>\n","protected":false},"featured_media":4179,"comment_status":"open","ping_status":"closed","template":"","meta":{"site-sidebar-layout":"default","site-content-layout":"","ast-site-content-layout":"default","site-content-style":"default","site-sidebar-style":"default","ast-global-header-display":"","ast-banner-title-visibility":"","ast-main-header-display":"","ast-hfb-above-header-display":"","ast-hfb-below-header-display":"","ast-hfb-mobile-header-display":"","site-post-title":"","ast-breadcrumbs-content":"","ast-featured-img":"","footer-sml-layout":"","ast-disable-related-posts":"","theme-transparent-header-meta":"default","adv-header-id-meta":"","stick-header-meta":"","header-above-stick-meta":"","header-main-stick-meta":"","header-below-stick-meta":"","astra-migrate-meta-layouts":"set","ast-page-background-enabled":"default","ast-page-background-meta":{"desktop":{"background-color":"","background-image":"","background-repeat":"repeat","background-position":"center center","background-size":"auto","background-attachment":"scroll","background-type":"","background-media":"","overlay-type":"","overlay-color":"","overlay-opacity":"","overlay-gradient":""},"tablet":{"background-color":"","background-image":"","background-repeat":"repeat","background-position":"center center","background-size":"auto","background-attachment":"scroll","background-type":"","background-media":"","overlay-type":"","overlay-color":"","overlay-opacity":"","overlay-gradient":""},"mobile":{"background-color":"","background-image":"","background-repeat":"repeat","background-position":"center center","background-size":"auto","background-attachment":"scroll","background-type":"","background-media":"","overlay-type":"","overlay-color":"","overlay-opacity":"","overlay-gradient":""}},"ast-content-background-meta":{"desktop":{"background-color":"var(--ast-global-color-5)","background-image":"","background-repeat":"repeat","background-position":"center center","background-size":"auto","background-attachment":"scroll","background-type":"","background-media":"","overlay-type":"","overlay-color":"","overlay-opacity":"","overlay-gradient":""},"tablet":{"background-color":"var(--ast-global-color-5)","background-image":"","background-repeat":"repeat","background-position":"center center","background-size":"auto","background-attachment":"scroll","background-type":"","background-media":"","overlay-type":"","overlay-color":"","overlay-opacity":"","overlay-gradient":""},"mobile":{"background-color":"var(--ast-global-color-5)","background-image":"","background-repeat":"repeat","background-position":"center center","background-size":"auto","background-attachment":"scroll","background-type":"","background-media":"","overlay-type":"","overlay-color":"","overlay-opacity":"","overlay-gradient":""}}},"product_brand":[],"product_cat":[241],"product_tag":[],"class_list":{"0":"post-4176","1":"product","2":"type-product","3":"status-publish","4":"has-post-thumbnail","6":"product_cat-ps5","7":"desktop-align-left","8":"tablet-align-left","9":"mobile-align-left","11":"first","12":"instock","13":"sale","14":"purchasable","15":"product-type-simple"},"yoast_head":"<!-- This site is optimized with the Yoast SEO plugin v27.5 - https:\/\/yoast.com\/product\/yoast-seo-wordpress\/ -->\n<title>Lego 2K Drive - PS5 - Wakan.ec<\/title>\n<meta name=\"description\" content=\"Explora el vasto mundo de Bricklandia, demuestra tus habilidades al volante y construye veh\u00edculos ladrillo a ladrillo en Lego 2K Drive PS5.\" \/>\n<meta name=\"robots\" content=\"index, follow, max-snippet:-1, max-image-preview:large, max-video-preview:-1\" \/>\n<link rel=\"canonical\" href=\"https:\/\/wakan.ec\/index.php\/producto\/lego-2k-drive-ps5\/\" \/>\n<meta property=\"og:locale\" content=\"es_ES\" \/>\n<meta property=\"og:type\" content=\"article\" \/>\n<meta property=\"og:title\" content=\"Lego 2K Drive - PS5 - Wakan.ec\" \/>\n<meta property=\"og:description\" content=\"Explora el vasto mundo de Bricklandia, demuestra tus habilidades al volante y construye veh\u00edculos ladrillo a ladrillo en Lego 2K Drive PS5.\" \/>\n<meta property=\"og:url\" content=\"https:\/\/wakan.ec\/index.php\/producto\/lego-2k-drive-ps5\/\" \/>\n<meta property=\"og:site_name\" content=\"Wakan.ec\" \/>\n<meta property=\"article:publisher\" content=\"https:\/\/www.facebook.com\/wakantienda\" \/>\n<meta property=\"article:modified_time\" content=\"2026-04-15T21:43:25+00:00\" \/>\n<meta property=\"og:image\" content=\"https:\/\/wakan.ec\/wp-content\/uploads\/2026\/04\/wp-17762878725095618889406027009787.png\" \/>\n\t<meta property=\"og:image:width\" content=\"1000\" \/>\n\t<meta property=\"og:image:height\" content=\"1000\" \/>\n\t<meta property=\"og:image:type\" content=\"image\/png\" \/>\n<meta name=\"twitter:card\" content=\"summary_large_image\" \/>\n<meta name=\"twitter:label1\" content=\"Tiempo de lectura\" \/>\n\t<meta name=\"twitter:data1\" content=\"2 minutos\" \/>\n<script type=\"application\/ld+json\" class=\"yoast-schema-graph\">{\"@context\":\"https:\\\/\\\/schema.org\",\"@graph\":[{\"@type\":\"WebPage\",\"@id\":\"https:\\\/\\\/wakan.ec\\\/index.php\\\/producto\\\/lego-2k-drive-ps5\\\/\",\"url\":\"https:\\\/\\\/wakan.ec\\\/index.php\\\/producto\\\/lego-2k-drive-ps5\\\/\",\"name\":\"Lego 2K Drive - PS5 - Wakan.ec\",\"isPartOf\":{\"@id\":\"https:\\\/\\\/wakan.ec\\\/#website\"},\"primaryImageOfPage\":{\"@id\":\"https:\\\/\\\/wakan.ec\\\/index.php\\\/producto\\\/lego-2k-drive-ps5\\\/#primaryimage\"},\"image\":{\"@id\":\"https:\\\/\\\/wakan.ec\\\/index.php\\\/producto\\\/lego-2k-drive-ps5\\\/#primaryimage\"},\"thumbnailUrl\":\"https:\\\/\\\/wakan.ec\\\/wp-content\\\/uploads\\\/2026\\\/04\\\/wp-17762878725095618889406027009787.png\",\"datePublished\":\"2026-04-14T20:35:30+00:00\",\"dateModified\":\"2026-04-15T21:43:25+00:00\",\"description\":\"Explora el vasto mundo de Bricklandia, demuestra tus habilidades al volante y construye veh\u00edculos ladrillo a ladrillo en Lego 2K Drive PS5.\",\"breadcrumb\":{\"@id\":\"https:\\\/\\\/wakan.ec\\\/index.php\\\/producto\\\/lego-2k-drive-ps5\\\/#breadcrumb\"},\"inLanguage\":\"es\",\"potentialAction\":[{\"@type\":\"ReadAction\",\"target\":[\"https:\\\/\\\/wakan.ec\\\/index.php\\\/producto\\\/lego-2k-drive-ps5\\\/\"]}]},{\"@type\":\"ImageObject\",\"inLanguage\":\"es\",\"@id\":\"https:\\\/\\\/wakan.ec\\\/index.php\\\/producto\\\/lego-2k-drive-ps5\\\/#primaryimage\",\"url\":\"https:\\\/\\\/wakan.ec\\\/wp-content\\\/uploads\\\/2026\\\/04\\\/wp-17762878725095618889406027009787.png\",\"contentUrl\":\"https:\\\/\\\/wakan.ec\\\/wp-content\\\/uploads\\\/2026\\\/04\\\/wp-17762878725095618889406027009787.png\",\"width\":1000,\"height\":1000,\"caption\":\"Lego 2K Drive - PS5 - Ecuador\"},{\"@type\":\"BreadcrumbList\",\"@id\":\"https:\\\/\\\/wakan.ec\\\/index.php\\\/producto\\\/lego-2k-drive-ps5\\\/#breadcrumb\",\"itemListElement\":[{\"@type\":\"ListItem\",\"position\":1,\"name\":\"Portada\",\"item\":\"https:\\\/\\\/wakan.ec\\\/\"},{\"@type\":\"ListItem\",\"position\":2,\"name\":\"Lego 2K Drive &#8211; PS5\"}]},{\"@type\":\"WebSite\",\"@id\":\"https:\\\/\\\/wakan.ec\\\/#website\",\"url\":\"https:\\\/\\\/wakan.ec\\\/\",\"name\":\"Wakan.ec\",\"description\":\"Tech - Fitness, entretenimiento y productividad.\",\"publisher\":{\"@id\":\"https:\\\/\\\/wakan.ec\\\/#organization\"},\"potentialAction\":[{\"@type\":\"SearchAction\",\"target\":{\"@type\":\"EntryPoint\",\"urlTemplate\":\"https:\\\/\\\/wakan.ec\\\/?s={search_term_string}\"},\"query-input\":{\"@type\":\"PropertyValueSpecification\",\"valueRequired\":true,\"valueName\":\"search_term_string\"}}],\"inLanguage\":\"es\"},{\"@type\":\"Organization\",\"@id\":\"https:\\\/\\\/wakan.ec\\\/#organization\",\"name\":\"Wak\u00e1n\",\"url\":\"https:\\\/\\\/wakan.ec\\\/\",\"logo\":{\"@type\":\"ImageObject\",\"inLanguage\":\"es\",\"@id\":\"https:\\\/\\\/wakan.ec\\\/#\\\/schema\\\/logo\\\/image\\\/\",\"url\":\"https:\\\/\\\/wakan.ec\\\/wp-content\\\/uploads\\\/2021\\\/12\\\/wakan-Logo.png\",\"contentUrl\":\"https:\\\/\\\/wakan.ec\\\/wp-content\\\/uploads\\\/2021\\\/12\\\/wakan-Logo.png\",\"width\":1080,\"height\":1080,\"caption\":\"Wak\u00e1n\"},\"image\":{\"@id\":\"https:\\\/\\\/wakan.ec\\\/#\\\/schema\\\/logo\\\/image\\\/\"},\"sameAs\":[\"https:\\\/\\\/www.facebook.com\\\/wakantienda\",\"https:\\\/\\\/www.instagram.com\\\/wakantienda\",\"https:\\\/\\\/www.youtube.com\\\/wakan\"]}]}<\/script>\n<!-- \/ Yoast SEO plugin. -->","yoast_head_json":{"title":"Lego 2K Drive - PS5 - Wakan.ec","description":"Explora el vasto mundo de Bricklandia, demuestra tus habilidades al volante y construye veh\u00edculos ladrillo a ladrillo en Lego 2K Drive PS5.","robots":{"index":"index","follow":"follow","max-snippet":"max-snippet:-1","max-image-preview":"max-image-preview:large","max-video-preview":"max-video-preview:-1"},"canonical":"https:\/\/wakan.ec\/index.php\/producto\/lego-2k-drive-ps5\/","og_locale":"es_ES","og_type":"article","og_title":"Lego 2K Drive - PS5 - Wakan.ec","og_description":"Explora el vasto mundo de Bricklandia, demuestra tus habilidades al volante y construye veh\u00edculos ladrillo a ladrillo en Lego 2K Drive PS5.","og_url":"https:\/\/wakan.ec\/index.php\/producto\/lego-2k-drive-ps5\/","og_site_name":"Wakan.ec","article_publisher":"https:\/\/www.facebook.com\/wakantienda","article_modified_time":"2026-04-15T21:43:25+00:00","og_image":[{"width":1000,"height":1000,"url":"https:\/\/wakan.ec\/wp-content\/uploads\/2026\/04\/wp-17762878725095618889406027009787.png","type":"image\/png"}],"twitter_card":"summary_large_image","twitter_misc":{"Tiempo de lectura":"2 minutos"},"schema":{"@context":"https:\/\/schema.org","@graph":[{"@type":"WebPage","@id":"https:\/\/wakan.ec\/index.php\/producto\/lego-2k-drive-ps5\/","url":"https:\/\/wakan.ec\/index.php\/producto\/lego-2k-drive-ps5\/","name":"Lego 2K Drive - PS5 - Wakan.ec","isPartOf":{"@id":"https:\/\/wakan.ec\/#website"},"primaryImageOfPage":{"@id":"https:\/\/wakan.ec\/index.php\/producto\/lego-2k-drive-ps5\/#primaryimage"},"image":{"@id":"https:\/\/wakan.ec\/index.php\/producto\/lego-2k-drive-ps5\/#primaryimage"},"thumbnailUrl":"https:\/\/wakan.ec\/wp-content\/uploads\/2026\/04\/wp-17762878725095618889406027009787.png","datePublished":"2026-04-14T20:35:30+00:00","dateModified":"2026-04-15T21:43:25+00:00","description":"Explora el vasto mundo de Bricklandia, demuestra tus habilidades al volante y construye veh\u00edculos ladrillo a ladrillo en Lego 2K Drive PS5.","breadcrumb":{"@id":"https:\/\/wakan.ec\/index.php\/producto\/lego-2k-drive-ps5\/#breadcrumb"},"inLanguage":"es","potentialAction":[{"@type":"ReadAction","target":["https:\/\/wakan.ec\/index.php\/producto\/lego-2k-drive-ps5\/"]}]},{"@type":"ImageObject","inLanguage":"es","@id":"https:\/\/wakan.ec\/index.php\/producto\/lego-2k-drive-ps5\/#primaryimage","url":"https:\/\/wakan.ec\/wp-content\/uploads\/2026\/04\/wp-17762878725095618889406027009787.png","contentUrl":"https:\/\/wakan.ec\/wp-content\/uploads\/2026\/04\/wp-17762878725095618889406027009787.png","width":1000,"height":1000,"caption":"Lego 2K Drive - PS5 - Ecuador"},{"@type":"BreadcrumbList","@id":"https:\/\/wakan.ec\/index.php\/producto\/lego-2k-drive-ps5\/#breadcrumb","itemListElement":[{"@type":"ListItem","position":1,"name":"Portada","item":"https:\/\/wakan.ec\/"},{"@type":"ListItem","position":2,"name":"Lego 2K Drive &#8211; PS5"}]},{"@type":"WebSite","@id":"https:\/\/wakan.ec\/#website","url":"https:\/\/wakan.ec\/","name":"Wakan.ec","description":"Tech - Fitness, entretenimiento y productividad.","publisher":{"@id":"https:\/\/wakan.ec\/#organization"},"potentialAction":[{"@type":"SearchAction","target":{"@type":"EntryPoint","urlTemplate":"https:\/\/wakan.ec\/?s={search_term_string}"},"query-input":{"@type":"PropertyValueSpecification","valueRequired":true,"valueName":"search_term_string"}}],"inLanguage":"es"},{"@type":"Organization","@id":"https:\/\/wakan.ec\/#organization","name":"Wak\u00e1n","url":"https:\/\/wakan.ec\/","logo":{"@type":"ImageObject","inLanguage":"es","@id":"https:\/\/wakan.ec\/#\/schema\/logo\/image\/","url":"https:\/\/wakan.ec\/wp-content\/uploads\/2021\/12\/wakan-Logo.png","contentUrl":"https:\/\/wakan.ec\/wp-content\/uploads\/2021\/12\/wakan-Logo.png","width":1080,"height":1080,"caption":"Wak\u00e1n"},"image":{"@id":"https:\/\/wakan.ec\/#\/schema\/logo\/image\/"},"sameAs":["https:\/\/www.facebook.com\/wakantienda","https:\/\/www.instagram.com\/wakantienda","https:\/\/www.youtube.com\/wakan"]}]}},"_links":{"self":[{"href":"https:\/\/wakan.ec\/index.php\/wp-json\/wp\/v2\/product\/4176","targetHints":{"allow":["GET"]}}],"collection":[{"href":"https:\/\/wakan.ec\/index.php\/wp-json\/wp\/v2\/product"}],"about":[{"href":"https:\/\/wakan.ec\/index.php\/wp-json\/wp\/v2\/types\/product"}],"replies":[{"embeddable":true,"href":"https:\/\/wakan.ec\/index.php\/wp-json\/wp\/v2\/comments?post=4176"}],"wp:featuredmedia":[{"embeddable":true,"href":"https:\/\/wakan.ec\/index.php\/wp-json\/wp\/v2\/media\/4179"}],"wp:attachment":[{"href":"https:\/\/wakan.ec\/index.php\/wp-json\/wp\/v2\/media?parent=4176"}],"wp:term":[{"taxonomy":"product_brand","embeddable":true,"href":"https:\/\/wakan.ec\/index.php\/wp-json\/wp\/v2\/product_brand?post=4176"},{"taxonomy":"product_cat","embeddable":true,"href":"https:\/\/wakan.ec\/index.php\/wp-json\/wp\/v2\/product_cat?post=4176"},{"taxonomy":"product_tag","embeddable":true,"href":"https:\/\/wakan.ec\/index.php\/wp-json\/wp\/v2\/product_tag?post=4176"}],"curies":[{"name":"wp","href":"https:\/\/api.w.org\/{rel}","templated":true}]}}