{"id":4175,"date":"2026-04-14T13:50:42","date_gmt":"2026-04-14T18:50:42","guid":{"rendered":"https:\/\/wakan.ec\/?post_type=product&#038;p=4175"},"modified":"2026-05-07T10:49:35","modified_gmt":"2026-05-07T15:49:35","slug":"huawei-band-11-pro-azul-isla","status":"publish","type":"product","link":"https:\/\/wakan.ec\/index.php\/producto\/huawei-band-11-pro-azul-isla\/","title":{"rendered":"Huawei Band 11 Pro &#8211; Azul Isla"},"content":{"rendered":"<p>El nuevo dise\u00f1o met\u00e1lico, c\u00f3modo y delgado del Huawei Band 11 Pro Azul Isla es tan c\u00f3modo que puedes llevarlo puesto durante todo el d\u00eda.<\/p>\n<h4>Dise\u00f1o minimalista<\/h4>\n<p>Su cuerpo de aleaci\u00f3n de aluminio con acabados pulidos le da un aspecto atractivo y su grosor de solo 8.99 mm lo convierten en un elegante detalle.<\/p>\n<p>Personaliza la pantalla a tu estilo con m\u00e1s de 100 esferas de reloj y Always on display.<\/p>\n<p>Todo se ve con claridad de un vistazo incluso bajo la luz del sol m\u00e1s intensa en la pantalla AMOLED de 1.62 pulgadas y hasta 2000 nits de brillo.<\/p>\n<h4>Salud del coraz\u00f3n<\/h4>\n<p>La aplicaci\u00f3n del an\u00e1lisis de arritmias te mantiene al tanto de tu salud card\u00edaca con alertas oportunas de fibrilaci\u00f3n auricular.<\/p>\n<p>Conoce la resistencia de tu cuerpo, tu progreso de recuperaci\u00f3n y cuando tomar descansos con el monitoreo de la VFC 24\/7.<\/p>\n<p>Sigue los datos de frecuencia card\u00edaca, SpO2 y los pasos diarios de tu familia, a\u00f1ade a cada uno a la comunidad de salud en la app Huawei Health.<\/p>\n<h4>Conoce la ciencia del sue\u00f1o<\/h4>\n<p>Eval\u00faa tu calidad de sue\u00f1o y descubre c\u00f3mo mejorarlo, solo tienes que levantar la mu\u00f1eca para observar tus fases de sue\u00f1o y su consistencia.<\/p>\n<p>Conoce mejor tu recuperaci\u00f3n a trav\u00e9s de la variabilidad de la frecuencia card\u00edaca promedio durante el sue\u00f1o, junto con el ritmo card\u00edaco, tu SpO2 y recibe alertas cuando se salgan de tu rango ideal.<\/p>\n<p>En momentos de estr\u00e9s la paz llega con cada exhalaci\u00f3n, desliza hacia la izquierda para comenzar tus ejercicios de respiraci\u00f3n.<\/p>\n<h4>Deporte con precisi\u00f3n<\/h4>\n<p>La precisi\u00f3n del GNSS para deportes siempre te indica el camino correcto, r<span style=\"font-size: 16px;\">ealiza un seguimiento de la distancia, la ruta y la velocidad al correr, montar en bicicleta y mucho m\u00e1s.<\/span><\/p>\n<p>Planifica mejor tu entrenamiento con la informaci\u00f3n previa a la carrera, predice tu mejor rendimiento en diferentes distancias bas\u00e1ndose en tus registros.<\/p>\n<p>M\u00e1s de 100 entrenamientos desde yoga y entrenamiento de fuerza hasta saltar la cuerda accede a planes para descubrir m\u00e1s movimientos y diversi\u00f3n.<\/p>\n<p><em>Compatible con iOs, Android y Huawei.<\/em><\/p>\n<h4>En la caja<\/h4>\n<ul>\n<li>Huawei Band 11 Pro &#8211; Azul Isla <em>x1<\/em><\/li>\n<li>Base de carga <em>x1<\/em><\/li>\n<li>Tarjeta de garant\u00eda <em>x1<\/em><\/li>\n<\/ul>\n<h5>Garant\u00eda de 12 meses<\/h5>\n","protected":false},"excerpt":{"rendered":"<p><em>Su atractivo dise\u00f1o met\u00e1lico con marco de aluminio y terminado pulido es un detalle que resalta en tu mu\u00f1eca.\u00a0<\/em><\/p>\n<h4>\u00dasalo siempre<\/h4>\n<ul>\n<li>Registra tu ruta, velocidad y distancia con la precisi\u00f3n de GNSS.<\/li>\n<li>An\u00e1lisis de arritmias por ondas de pulso.<\/li>\n<li>Descansa mejor con el seguimiento de sue\u00f1o.<\/li>\n<li>Responde mensajes o rechaza llamadas con un toque.<\/li>\n<li><span style=\"font-size: 16px;\">Bater\u00eda que dura hasta 2 semanas.<\/span><\/li>\n<\/ul>\n<p><em>Compatible con iOs, Android y Huawei.<\/em><\/p>\n<h4>Rec\u00edbelo en todo el Ecuador<\/h4>\n<p>Estado: Nuevo\/Sellado<\/p>\n","protected":false},"featured_media":4099,"comment_status":"open","ping_status":"closed","template":"","meta":{"site-sidebar-layout":"default","site-content-layout":"","ast-site-content-layout":"default","site-content-style":"default","site-sidebar-style":"default","ast-global-header-display":"","ast-banner-title-visibility":"","ast-main-header-display":"","ast-hfb-above-header-display":"","ast-hfb-below-header-display":"","ast-hfb-mobile-header-display":"","site-post-title":"","ast-breadcrumbs-content":"","ast-featured-img":"","footer-sml-layout":"","ast-disable-related-posts":"","theme-transparent-header-meta":"default","adv-header-id-meta":"","stick-header-meta":"","header-above-stick-meta":"","header-main-stick-meta":"","header-below-stick-meta":"","astra-migrate-meta-layouts":"set","ast-page-background-enabled":"default","ast-page-background-meta":{"desktop":{"background-color":"","background-image":"","background-repeat":"repeat","background-position":"center center","background-size":"auto","background-attachment":"scroll","background-type":"","background-media":"","overlay-type":"","overlay-color":"","overlay-opacity":"","overlay-gradient":""},"tablet":{"background-color":"","background-image":"","background-repeat":"repeat","background-position":"center center","background-size":"auto","background-attachment":"scroll","background-type":"","background-media":"","overlay-type":"","overlay-color":"","overlay-opacity":"","overlay-gradient":""},"mobile":{"background-color":"","background-image":"","background-repeat":"repeat","background-position":"center center","background-size":"auto","background-attachment":"scroll","background-type":"","background-media":"","overlay-type":"","overlay-color":"","overlay-opacity":"","overlay-gradient":""}},"ast-content-background-meta":{"desktop":{"background-color":"var(--ast-global-color-5)","background-image":"","background-repeat":"repeat","background-position":"center center","background-size":"auto","background-attachment":"scroll","background-type":"","background-media":"","overlay-type":"","overlay-color":"","overlay-opacity":"","overlay-gradient":""},"tablet":{"background-color":"var(--ast-global-color-5)","background-image":"","background-repeat":"repeat","background-position":"center center","background-size":"auto","background-attachment":"scroll","background-type":"","background-media":"","overlay-type":"","overlay-color":"","overlay-opacity":"","overlay-gradient":""},"mobile":{"background-color":"var(--ast-global-color-5)","background-image":"","background-repeat":"repeat","background-position":"center center","background-size":"auto","background-attachment":"scroll","background-type":"","background-media":"","overlay-type":"","overlay-color":"","overlay-opacity":"","overlay-gradient":""}}},"product_brand":[],"product_cat":[246],"product_tag":[],"class_list":{"0":"post-4175","1":"product","2":"type-product","3":"status-publish","4":"has-post-thumbnail","6":"product_cat-huawei-band-11-pro","7":"desktop-align-left","8":"tablet-align-left","9":"mobile-align-left","11":"first","12":"instock","13":"sale","14":"purchasable","15":"product-type-simple"},"yoast_head":"<!-- This site is optimized with the Yoast SEO plugin v27.5 - https:\/\/yoast.com\/product\/yoast-seo-wordpress\/ -->\n<title>Huawei Band 11 Pro - Azul Isla - Wakan.ec<\/title>\n<meta name=\"description\" content=\"Su cuerpo de aleaci\u00f3n de aluminio con acabados pulidos le da un aspecto atractivo y elegante al Huawei Band 11 Pro Azul Isla.\" \/>\n<meta name=\"robots\" content=\"index, follow, max-snippet:-1, max-image-preview:large, max-video-preview:-1\" \/>\n<link rel=\"canonical\" href=\"https:\/\/wakan.ec\/index.php\/producto\/huawei-band-11-pro-azul-isla\/\" \/>\n<meta property=\"og:locale\" content=\"es_ES\" \/>\n<meta property=\"og:type\" content=\"article\" \/>\n<meta property=\"og:title\" content=\"Huawei Band 11 Pro - Azul Isla - Wakan.ec\" \/>\n<meta property=\"og:description\" content=\"Su cuerpo de aleaci\u00f3n de aluminio con acabados pulidos le da un aspecto atractivo y elegante al Huawei Band 11 Pro Azul Isla.\" \/>\n<meta property=\"og:url\" content=\"https:\/\/wakan.ec\/index.php\/producto\/huawei-band-11-pro-azul-isla\/\" \/>\n<meta property=\"og:site_name\" content=\"Wakan.ec\" \/>\n<meta property=\"article:publisher\" content=\"https:\/\/www.facebook.com\/wakantienda\" \/>\n<meta property=\"article:modified_time\" content=\"2026-05-07T15:49:35+00:00\" \/>\n<meta property=\"og:image\" content=\"https:\/\/wakan.ec\/wp-content\/uploads\/2026\/04\/wp-17750612457566783054611072544916.png\" \/>\n\t<meta property=\"og:image:width\" content=\"1000\" \/>\n\t<meta property=\"og:image:height\" content=\"1000\" \/>\n\t<meta property=\"og:image:type\" content=\"image\/png\" \/>\n<meta name=\"twitter:card\" content=\"summary_large_image\" \/>\n<meta name=\"twitter:label1\" content=\"Tiempo de lectura\" \/>\n\t<meta name=\"twitter:data1\" content=\"2 minutos\" \/>\n<script type=\"application\/ld+json\" class=\"yoast-schema-graph\">{\"@context\":\"https:\\\/\\\/schema.org\",\"@graph\":[{\"@type\":\"WebPage\",\"@id\":\"https:\\\/\\\/wakan.ec\\\/index.php\\\/producto\\\/huawei-band-11-pro-azul-isla\\\/\",\"url\":\"https:\\\/\\\/wakan.ec\\\/index.php\\\/producto\\\/huawei-band-11-pro-azul-isla\\\/\",\"name\":\"Huawei Band 11 Pro - Azul Isla - Wakan.ec\",\"isPartOf\":{\"@id\":\"https:\\\/\\\/wakan.ec\\\/#website\"},\"primaryImageOfPage\":{\"@id\":\"https:\\\/\\\/wakan.ec\\\/index.php\\\/producto\\\/huawei-band-11-pro-azul-isla\\\/#primaryimage\"},\"image\":{\"@id\":\"https:\\\/\\\/wakan.ec\\\/index.php\\\/producto\\\/huawei-band-11-pro-azul-isla\\\/#primaryimage\"},\"thumbnailUrl\":\"https:\\\/\\\/wakan.ec\\\/wp-content\\\/uploads\\\/2026\\\/04\\\/wp-17750612457566783054611072544916.png\",\"datePublished\":\"2026-04-14T18:50:42+00:00\",\"dateModified\":\"2026-05-07T15:49:35+00:00\",\"description\":\"Su cuerpo de aleaci\u00f3n de aluminio con acabados pulidos le da un aspecto atractivo y elegante al Huawei Band 11 Pro Azul Isla.\",\"breadcrumb\":{\"@id\":\"https:\\\/\\\/wakan.ec\\\/index.php\\\/producto\\\/huawei-band-11-pro-azul-isla\\\/#breadcrumb\"},\"inLanguage\":\"es\",\"potentialAction\":[{\"@type\":\"ReadAction\",\"target\":[\"https:\\\/\\\/wakan.ec\\\/index.php\\\/producto\\\/huawei-band-11-pro-azul-isla\\\/\"]}]},{\"@type\":\"ImageObject\",\"inLanguage\":\"es\",\"@id\":\"https:\\\/\\\/wakan.ec\\\/index.php\\\/producto\\\/huawei-band-11-pro-azul-isla\\\/#primaryimage\",\"url\":\"https:\\\/\\\/wakan.ec\\\/wp-content\\\/uploads\\\/2026\\\/04\\\/wp-17750612457566783054611072544916.png\",\"contentUrl\":\"https:\\\/\\\/wakan.ec\\\/wp-content\\\/uploads\\\/2026\\\/04\\\/wp-17750612457566783054611072544916.png\",\"width\":1000,\"height\":1000,\"caption\":\"Huawei Band 11 Pro - Azul - Ecuador\"},{\"@type\":\"BreadcrumbList\",\"@id\":\"https:\\\/\\\/wakan.ec\\\/index.php\\\/producto\\\/huawei-band-11-pro-azul-isla\\\/#breadcrumb\",\"itemListElement\":[{\"@type\":\"ListItem\",\"position\":1,\"name\":\"Portada\",\"item\":\"https:\\\/\\\/wakan.ec\\\/\"},{\"@type\":\"ListItem\",\"position\":2,\"name\":\"Huawei Band 11 Pro &#8211; Azul Isla\"}]},{\"@type\":\"WebSite\",\"@id\":\"https:\\\/\\\/wakan.ec\\\/#website\",\"url\":\"https:\\\/\\\/wakan.ec\\\/\",\"name\":\"Wakan.ec\",\"description\":\"Tech - Fitness, entretenimiento y productividad.\",\"publisher\":{\"@id\":\"https:\\\/\\\/wakan.ec\\\/#organization\"},\"potentialAction\":[{\"@type\":\"SearchAction\",\"target\":{\"@type\":\"EntryPoint\",\"urlTemplate\":\"https:\\\/\\\/wakan.ec\\\/?s={search_term_string}\"},\"query-input\":{\"@type\":\"PropertyValueSpecification\",\"valueRequired\":true,\"valueName\":\"search_term_string\"}}],\"inLanguage\":\"es\"},{\"@type\":\"Organization\",\"@id\":\"https:\\\/\\\/wakan.ec\\\/#organization\",\"name\":\"Wak\u00e1n\",\"url\":\"https:\\\/\\\/wakan.ec\\\/\",\"logo\":{\"@type\":\"ImageObject\",\"inLanguage\":\"es\",\"@id\":\"https:\\\/\\\/wakan.ec\\\/#\\\/schema\\\/logo\\\/image\\\/\",\"url\":\"https:\\\/\\\/wakan.ec\\\/wp-content\\\/uploads\\\/2021\\\/12\\\/wakan-Logo.png\",\"contentUrl\":\"https:\\\/\\\/wakan.ec\\\/wp-content\\\/uploads\\\/2021\\\/12\\\/wakan-Logo.png\",\"width\":1080,\"height\":1080,\"caption\":\"Wak\u00e1n\"},\"image\":{\"@id\":\"https:\\\/\\\/wakan.ec\\\/#\\\/schema\\\/logo\\\/image\\\/\"},\"sameAs\":[\"https:\\\/\\\/www.facebook.com\\\/wakantienda\",\"https:\\\/\\\/www.instagram.com\\\/wakantienda\",\"https:\\\/\\\/www.youtube.com\\\/wakan\"]}]}<\/script>\n<!-- \/ Yoast SEO plugin. -->","yoast_head_json":{"title":"Huawei Band 11 Pro - Azul Isla - Wakan.ec","description":"Su cuerpo de aleaci\u00f3n de aluminio con acabados pulidos le da un aspecto atractivo y elegante al Huawei Band 11 Pro Azul Isla.","robots":{"index":"index","follow":"follow","max-snippet":"max-snippet:-1","max-image-preview":"max-image-preview:large","max-video-preview":"max-video-preview:-1"},"canonical":"https:\/\/wakan.ec\/index.php\/producto\/huawei-band-11-pro-azul-isla\/","og_locale":"es_ES","og_type":"article","og_title":"Huawei Band 11 Pro - Azul Isla - Wakan.ec","og_description":"Su cuerpo de aleaci\u00f3n de aluminio con acabados pulidos le da un aspecto atractivo y elegante al Huawei Band 11 Pro Azul Isla.","og_url":"https:\/\/wakan.ec\/index.php\/producto\/huawei-band-11-pro-azul-isla\/","og_site_name":"Wakan.ec","article_publisher":"https:\/\/www.facebook.com\/wakantienda","article_modified_time":"2026-05-07T15:49:35+00:00","og_image":[{"width":1000,"height":1000,"url":"https:\/\/wakan.ec\/wp-content\/uploads\/2026\/04\/wp-17750612457566783054611072544916.png","type":"image\/png"}],"twitter_card":"summary_large_image","twitter_misc":{"Tiempo de lectura":"2 minutos"},"schema":{"@context":"https:\/\/schema.org","@graph":[{"@type":"WebPage","@id":"https:\/\/wakan.ec\/index.php\/producto\/huawei-band-11-pro-azul-isla\/","url":"https:\/\/wakan.ec\/index.php\/producto\/huawei-band-11-pro-azul-isla\/","name":"Huawei Band 11 Pro - Azul Isla - Wakan.ec","isPartOf":{"@id":"https:\/\/wakan.ec\/#website"},"primaryImageOfPage":{"@id":"https:\/\/wakan.ec\/index.php\/producto\/huawei-band-11-pro-azul-isla\/#primaryimage"},"image":{"@id":"https:\/\/wakan.ec\/index.php\/producto\/huawei-band-11-pro-azul-isla\/#primaryimage"},"thumbnailUrl":"https:\/\/wakan.ec\/wp-content\/uploads\/2026\/04\/wp-17750612457566783054611072544916.png","datePublished":"2026-04-14T18:50:42+00:00","dateModified":"2026-05-07T15:49:35+00:00","description":"Su cuerpo de aleaci\u00f3n de aluminio con acabados pulidos le da un aspecto atractivo y elegante al Huawei Band 11 Pro Azul Isla.","breadcrumb":{"@id":"https:\/\/wakan.ec\/index.php\/producto\/huawei-band-11-pro-azul-isla\/#breadcrumb"},"inLanguage":"es","potentialAction":[{"@type":"ReadAction","target":["https:\/\/wakan.ec\/index.php\/producto\/huawei-band-11-pro-azul-isla\/"]}]},{"@type":"ImageObject","inLanguage":"es","@id":"https:\/\/wakan.ec\/index.php\/producto\/huawei-band-11-pro-azul-isla\/#primaryimage","url":"https:\/\/wakan.ec\/wp-content\/uploads\/2026\/04\/wp-17750612457566783054611072544916.png","contentUrl":"https:\/\/wakan.ec\/wp-content\/uploads\/2026\/04\/wp-17750612457566783054611072544916.png","width":1000,"height":1000,"caption":"Huawei Band 11 Pro - Azul - Ecuador"},{"@type":"BreadcrumbList","@id":"https:\/\/wakan.ec\/index.php\/producto\/huawei-band-11-pro-azul-isla\/#breadcrumb","itemListElement":[{"@type":"ListItem","position":1,"name":"Portada","item":"https:\/\/wakan.ec\/"},{"@type":"ListItem","position":2,"name":"Huawei Band 11 Pro &#8211; Azul Isla"}]},{"@type":"WebSite","@id":"https:\/\/wakan.ec\/#website","url":"https:\/\/wakan.ec\/","name":"Wakan.ec","description":"Tech - Fitness, entretenimiento y productividad.","publisher":{"@id":"https:\/\/wakan.ec\/#organization"},"potentialAction":[{"@type":"SearchAction","target":{"@type":"EntryPoint","urlTemplate":"https:\/\/wakan.ec\/?s={search_term_string}"},"query-input":{"@type":"PropertyValueSpecification","valueRequired":true,"valueName":"search_term_string"}}],"inLanguage":"es"},{"@type":"Organization","@id":"https:\/\/wakan.ec\/#organization","name":"Wak\u00e1n","url":"https:\/\/wakan.ec\/","logo":{"@type":"ImageObject","inLanguage":"es","@id":"https:\/\/wakan.ec\/#\/schema\/logo\/image\/","url":"https:\/\/wakan.ec\/wp-content\/uploads\/2021\/12\/wakan-Logo.png","contentUrl":"https:\/\/wakan.ec\/wp-content\/uploads\/2021\/12\/wakan-Logo.png","width":1080,"height":1080,"caption":"Wak\u00e1n"},"image":{"@id":"https:\/\/wakan.ec\/#\/schema\/logo\/image\/"},"sameAs":["https:\/\/www.facebook.com\/wakantienda","https:\/\/www.instagram.com\/wakantienda","https:\/\/www.youtube.com\/wakan"]}]}},"_links":{"self":[{"href":"https:\/\/wakan.ec\/index.php\/wp-json\/wp\/v2\/product\/4175","targetHints":{"allow":["GET"]}}],"collection":[{"href":"https:\/\/wakan.ec\/index.php\/wp-json\/wp\/v2\/product"}],"about":[{"href":"https:\/\/wakan.ec\/index.php\/wp-json\/wp\/v2\/types\/product"}],"replies":[{"embeddable":true,"href":"https:\/\/wakan.ec\/index.php\/wp-json\/wp\/v2\/comments?post=4175"}],"wp:featuredmedia":[{"embeddable":true,"href":"https:\/\/wakan.ec\/index.php\/wp-json\/wp\/v2\/media\/4099"}],"wp:attachment":[{"href":"https:\/\/wakan.ec\/index.php\/wp-json\/wp\/v2\/media?parent=4175"}],"wp:term":[{"taxonomy":"product_brand","embeddable":true,"href":"https:\/\/wakan.ec\/index.php\/wp-json\/wp\/v2\/product_brand?post=4175"},{"taxonomy":"product_cat","embeddable":true,"href":"https:\/\/wakan.ec\/index.php\/wp-json\/wp\/v2\/product_cat?post=4175"},{"taxonomy":"product_tag","embeddable":true,"href":"https:\/\/wakan.ec\/index.php\/wp-json\/wp\/v2\/product_tag?post=4175"}],"curies":[{"name":"wp","href":"https:\/\/api.w.org\/{rel}","templated":true}]}}