{"id":4174,"date":"2026-04-14T13:26:37","date_gmt":"2026-04-14T18:26:37","guid":{"rendered":"https:\/\/wakan.ec\/?post_type=product&#038;p=4174"},"modified":"2026-04-25T15:28:37","modified_gmt":"2026-04-25T20:28:37","slug":"huawei-band-11-pro-verde-selva","status":"publish","type":"product","link":"https:\/\/wakan.ec\/index.php\/producto\/huawei-band-11-pro-verde-selva\/","title":{"rendered":"Huawei Band 11 Pro &#8211; Verde Selva"},"content":{"rendered":"<p>Con semanas de bater\u00eda el Huawei Band 11 Pro Verde Selva est\u00e1 hecho para usarlo todo el d\u00eda sin preocupaciones.<\/p>\n<h4>Imprescindible<\/h4>\n<p>Usa el disparador remoto y la foto se tomar\u00e1 desde tu tel\u00e9fono, es la forma perfecta de hacerte una selfie a distancia.<\/p>\n<p>Recibe notificaciones de mensajes o llamadas directamente en tu mu\u00f1eca. Toca para rechazar llamadas o responde con mensajes predefinidos.<\/p>\n<p>Mant\u00e9n el control sobre tu calendario con recordatorios para los pr\u00f3ximos eventos.<\/p>\n<p><em>Compatible con iOS, Android y por supuesto Huawei.<\/em><\/p>\n<h4>GNNS Integrado<\/h4>\n<p>Siempre te indica el camino correcto, r<span style=\"font-size: 16px;\">ealiza un seguimiento de la distancia, la ruta y la velocidad con la precisi\u00f3n del GNSS para deportes al correr, montar en bicicleta y mucho m\u00e1s.<\/span><\/p>\n<p>Yoga, entrenamientos de fuerza o saltar la cuerda accede a m\u00e1s de 100 modos deportivos.<\/p>\n<p>Registra con precisi\u00f3n la distancia y las calor\u00edas siempre que corras tu banda lleva el registro de tus logros.<\/p>\n<h4>Corre de la forma correcta<\/h4>\n<p>Planifica mejor tu entrenamiento con la informaci\u00f3n previa a la carrera, predice tu mejor rendimiento en diferentes distancias bas\u00e1ndose en tus registros.<\/p>\n<p>Obt\u00e9n informaci\u00f3n en tiempo real como el equilibrio y el tiempo de contacto con el suelo gracias al an\u00e1lisis de la forma de correr que te ayudar\u00e1 a ajustar tu postura sobre la marcha, correr m\u00e1s r\u00e1pido y al\u00e9jarte de las lesiones.<\/p>\n<p>Con el monitoreo de la VFC 24\/7 conocer\u00e1s mejor la resistencia de tu cuerpo, tu progreso de recuperaci\u00f3n y podr\u00e1s tomarte descansos cuando sea necesario.<\/p>\n<h4>Al tanto de tu salud<\/h4>\n<p>Solo tienes que levantar la mu\u00f1eca para observar tus fases de sue\u00f1o y su consistencia, lo que te ayudar\u00e1 a evaluar tu calidad de sue\u00f1o y a saber c\u00f3mo mejorarlo.<\/p>\n<p>Podr\u00e1s ver tu estado emocional en forma de 12 estados florales, durante todos los cambios de humor observa a tus peludos amigos bailar y animarte en la esfera.<\/p>\n<p>Mantente al tanto de tu salud card\u00edaca con alertas oportunas de fibrilaci\u00f3n auricular gracias al sensor PPG y la aplicaci\u00f3n del an\u00e1lisis de arritmias certificada.<\/p>\n<h4>En la caja<\/h4>\n<ul>\n<li>Huawei Band 11 Pro &#8211; Verde Selva <em>x1<\/em><\/li>\n<li>Base de carga <em>x1<\/em><\/li>\n<li>Tarjeta de garant\u00eda <em>x1<\/em><\/li>\n<\/ul>\n<h5>Garant\u00eda de 12 meses<\/h5>\n","protected":false},"excerpt":{"rendered":"<p><em>Su atractivo dise\u00f1o met\u00e1lico con marco de aluminio y terminado pulido es un detalle que resalta en tu mu\u00f1eca.\u00a0<\/em><\/p>\n<h4>\u00dasalo siempre<\/h4>\n<ul>\n<li>Registra tu ruta, velocidad y distancia con la precisi\u00f3n de GNSS.<\/li>\n<li>An\u00e1lisis de arritmias por ondas de pulso.<\/li>\n<li>Descansa mejor con el seguimiento de sue\u00f1o.<\/li>\n<li>Responde mensajes o rechaza llamadas con un toque.<\/li>\n<li><span style=\"font-size: 16px;\">Bater\u00eda que dura hasta 2 semanas.<\/span><\/li>\n<\/ul>\n<p><em>Compatible con iOS, Android y Harmony OS.<\/em><\/p>\n<h4>Rec\u00edbelo en todo el Ecuador<\/h4>\n<p>Estado: Nuevo\/Sellado<\/p>\n","protected":false},"featured_media":4104,"comment_status":"open","ping_status":"closed","template":"","meta":{"site-sidebar-layout":"default","site-content-layout":"","ast-site-content-layout":"default","site-content-style":"default","site-sidebar-style":"default","ast-global-header-display":"","ast-banner-title-visibility":"","ast-main-header-display":"","ast-hfb-above-header-display":"","ast-hfb-below-header-display":"","ast-hfb-mobile-header-display":"","site-post-title":"","ast-breadcrumbs-content":"","ast-featured-img":"","footer-sml-layout":"","ast-disable-related-posts":"","theme-transparent-header-meta":"default","adv-header-id-meta":"","stick-header-meta":"","header-above-stick-meta":"","header-main-stick-meta":"","header-below-stick-meta":"","astra-migrate-meta-layouts":"set","ast-page-background-enabled":"default","ast-page-background-meta":{"desktop":{"background-color":"","background-image":"","background-repeat":"repeat","background-position":"center center","background-size":"auto","background-attachment":"scroll","background-type":"","background-media":"","overlay-type":"","overlay-color":"","overlay-opacity":"","overlay-gradient":""},"tablet":{"background-color":"","background-image":"","background-repeat":"repeat","background-position":"center center","background-size":"auto","background-attachment":"scroll","background-type":"","background-media":"","overlay-type":"","overlay-color":"","overlay-opacity":"","overlay-gradient":""},"mobile":{"background-color":"","background-image":"","background-repeat":"repeat","background-position":"center center","background-size":"auto","background-attachment":"scroll","background-type":"","background-media":"","overlay-type":"","overlay-color":"","overlay-opacity":"","overlay-gradient":""}},"ast-content-background-meta":{"desktop":{"background-color":"var(--ast-global-color-5)","background-image":"","background-repeat":"repeat","background-position":"center center","background-size":"auto","background-attachment":"scroll","background-type":"","background-media":"","overlay-type":"","overlay-color":"","overlay-opacity":"","overlay-gradient":""},"tablet":{"background-color":"var(--ast-global-color-5)","background-image":"","background-repeat":"repeat","background-position":"center center","background-size":"auto","background-attachment":"scroll","background-type":"","background-media":"","overlay-type":"","overlay-color":"","overlay-opacity":"","overlay-gradient":""},"mobile":{"background-color":"var(--ast-global-color-5)","background-image":"","background-repeat":"repeat","background-position":"center center","background-size":"auto","background-attachment":"scroll","background-type":"","background-media":"","overlay-type":"","overlay-color":"","overlay-opacity":"","overlay-gradient":""}}},"product_brand":[],"product_cat":[246],"product_tag":[],"class_list":{"0":"post-4174","1":"product","2":"type-product","3":"status-publish","4":"has-post-thumbnail","6":"product_cat-huawei-band-11-pro","7":"desktop-align-left","8":"tablet-align-left","9":"mobile-align-left","11":"first","12":"onbackorder","13":"sale","14":"purchasable","15":"product-type-simple"},"yoast_head":"<!-- This site is optimized with the Yoast SEO plugin v27.5 - https:\/\/yoast.com\/product\/yoast-seo-wordpress\/ -->\n<title>Huawei Band 11 Pro - Verde Selva - Wakan.ec<\/title>\n<meta name=\"description\" content=\"Captura una selfie a distancia, recibe notificaciones de mensajes o llamadas y mant\u00e9n el control sobre tu calendario con el Huawei Band 11 Pro Verde Selva.\" \/>\n<meta name=\"robots\" content=\"index, follow, max-snippet:-1, max-image-preview:large, max-video-preview:-1\" \/>\n<link rel=\"canonical\" href=\"https:\/\/wakan.ec\/index.php\/producto\/huawei-band-11-pro-verde-selva\/\" \/>\n<meta property=\"og:locale\" content=\"es_ES\" \/>\n<meta property=\"og:type\" content=\"article\" \/>\n<meta property=\"og:title\" content=\"Huawei Band 11 Pro - Verde Selva - Wakan.ec\" \/>\n<meta property=\"og:description\" content=\"Captura una selfie a distancia, recibe notificaciones de mensajes o llamadas y mant\u00e9n el control sobre tu calendario con el Huawei Band 11 Pro Verde Selva.\" \/>\n<meta property=\"og:url\" content=\"https:\/\/wakan.ec\/index.php\/producto\/huawei-band-11-pro-verde-selva\/\" \/>\n<meta property=\"og:site_name\" content=\"Wakan.ec\" \/>\n<meta property=\"article:publisher\" content=\"https:\/\/www.facebook.com\/wakantienda\" \/>\n<meta property=\"article:modified_time\" content=\"2026-04-25T20:28:37+00:00\" \/>\n<meta property=\"og:image\" content=\"https:\/\/wakan.ec\/wp-content\/uploads\/2026\/04\/wp-17750612469388515147638210731153.png\" \/>\n\t<meta property=\"og:image:width\" content=\"1000\" \/>\n\t<meta property=\"og:image:height\" content=\"1000\" \/>\n\t<meta property=\"og:image:type\" content=\"image\/png\" \/>\n<meta name=\"twitter:card\" content=\"summary_large_image\" \/>\n<meta name=\"twitter:label1\" content=\"Tiempo de lectura\" \/>\n\t<meta name=\"twitter:data1\" content=\"2 minutos\" \/>\n<script type=\"application\/ld+json\" class=\"yoast-schema-graph\">{\"@context\":\"https:\\\/\\\/schema.org\",\"@graph\":[{\"@type\":\"WebPage\",\"@id\":\"https:\\\/\\\/wakan.ec\\\/index.php\\\/producto\\\/huawei-band-11-pro-verde-selva\\\/\",\"url\":\"https:\\\/\\\/wakan.ec\\\/index.php\\\/producto\\\/huawei-band-11-pro-verde-selva\\\/\",\"name\":\"Huawei Band 11 Pro - Verde Selva - Wakan.ec\",\"isPartOf\":{\"@id\":\"https:\\\/\\\/wakan.ec\\\/#website\"},\"primaryImageOfPage\":{\"@id\":\"https:\\\/\\\/wakan.ec\\\/index.php\\\/producto\\\/huawei-band-11-pro-verde-selva\\\/#primaryimage\"},\"image\":{\"@id\":\"https:\\\/\\\/wakan.ec\\\/index.php\\\/producto\\\/huawei-band-11-pro-verde-selva\\\/#primaryimage\"},\"thumbnailUrl\":\"https:\\\/\\\/wakan.ec\\\/wp-content\\\/uploads\\\/2026\\\/04\\\/wp-17750612469388515147638210731153.png\",\"datePublished\":\"2026-04-14T18:26:37+00:00\",\"dateModified\":\"2026-04-25T20:28:37+00:00\",\"description\":\"Captura una selfie a distancia, recibe notificaciones de mensajes o llamadas y mant\u00e9n el control sobre tu calendario con el Huawei Band 11 Pro Verde Selva.\",\"breadcrumb\":{\"@id\":\"https:\\\/\\\/wakan.ec\\\/index.php\\\/producto\\\/huawei-band-11-pro-verde-selva\\\/#breadcrumb\"},\"inLanguage\":\"es\",\"potentialAction\":[{\"@type\":\"ReadAction\",\"target\":[\"https:\\\/\\\/wakan.ec\\\/index.php\\\/producto\\\/huawei-band-11-pro-verde-selva\\\/\"]}]},{\"@type\":\"ImageObject\",\"inLanguage\":\"es\",\"@id\":\"https:\\\/\\\/wakan.ec\\\/index.php\\\/producto\\\/huawei-band-11-pro-verde-selva\\\/#primaryimage\",\"url\":\"https:\\\/\\\/wakan.ec\\\/wp-content\\\/uploads\\\/2026\\\/04\\\/wp-17750612469388515147638210731153.png\",\"contentUrl\":\"https:\\\/\\\/wakan.ec\\\/wp-content\\\/uploads\\\/2026\\\/04\\\/wp-17750612469388515147638210731153.png\",\"width\":1000,\"height\":1000,\"caption\":\"Huawei Band 11 Pro - Verde - Ecuador\"},{\"@type\":\"BreadcrumbList\",\"@id\":\"https:\\\/\\\/wakan.ec\\\/index.php\\\/producto\\\/huawei-band-11-pro-verde-selva\\\/#breadcrumb\",\"itemListElement\":[{\"@type\":\"ListItem\",\"position\":1,\"name\":\"Portada\",\"item\":\"https:\\\/\\\/wakan.ec\\\/\"},{\"@type\":\"ListItem\",\"position\":2,\"name\":\"Huawei Band 11 Pro &#8211; Verde Selva\"}]},{\"@type\":\"WebSite\",\"@id\":\"https:\\\/\\\/wakan.ec\\\/#website\",\"url\":\"https:\\\/\\\/wakan.ec\\\/\",\"name\":\"Wakan.ec\",\"description\":\"Tech - Fitness, entretenimiento y productividad.\",\"publisher\":{\"@id\":\"https:\\\/\\\/wakan.ec\\\/#organization\"},\"potentialAction\":[{\"@type\":\"SearchAction\",\"target\":{\"@type\":\"EntryPoint\",\"urlTemplate\":\"https:\\\/\\\/wakan.ec\\\/?s={search_term_string}\"},\"query-input\":{\"@type\":\"PropertyValueSpecification\",\"valueRequired\":true,\"valueName\":\"search_term_string\"}}],\"inLanguage\":\"es\"},{\"@type\":\"Organization\",\"@id\":\"https:\\\/\\\/wakan.ec\\\/#organization\",\"name\":\"Wak\u00e1n\",\"url\":\"https:\\\/\\\/wakan.ec\\\/\",\"logo\":{\"@type\":\"ImageObject\",\"inLanguage\":\"es\",\"@id\":\"https:\\\/\\\/wakan.ec\\\/#\\\/schema\\\/logo\\\/image\\\/\",\"url\":\"https:\\\/\\\/wakan.ec\\\/wp-content\\\/uploads\\\/2021\\\/12\\\/wakan-Logo.png\",\"contentUrl\":\"https:\\\/\\\/wakan.ec\\\/wp-content\\\/uploads\\\/2021\\\/12\\\/wakan-Logo.png\",\"width\":1080,\"height\":1080,\"caption\":\"Wak\u00e1n\"},\"image\":{\"@id\":\"https:\\\/\\\/wakan.ec\\\/#\\\/schema\\\/logo\\\/image\\\/\"},\"sameAs\":[\"https:\\\/\\\/www.facebook.com\\\/wakantienda\",\"https:\\\/\\\/www.instagram.com\\\/wakantienda\",\"https:\\\/\\\/www.youtube.com\\\/wakan\"]}]}<\/script>\n<!-- \/ Yoast SEO plugin. -->","yoast_head_json":{"title":"Huawei Band 11 Pro - Verde Selva - Wakan.ec","description":"Captura una selfie a distancia, recibe notificaciones de mensajes o llamadas y mant\u00e9n el control sobre tu calendario con el Huawei Band 11 Pro Verde Selva.","robots":{"index":"index","follow":"follow","max-snippet":"max-snippet:-1","max-image-preview":"max-image-preview:large","max-video-preview":"max-video-preview:-1"},"canonical":"https:\/\/wakan.ec\/index.php\/producto\/huawei-band-11-pro-verde-selva\/","og_locale":"es_ES","og_type":"article","og_title":"Huawei Band 11 Pro - Verde Selva - Wakan.ec","og_description":"Captura una selfie a distancia, recibe notificaciones de mensajes o llamadas y mant\u00e9n el control sobre tu calendario con el Huawei Band 11 Pro Verde Selva.","og_url":"https:\/\/wakan.ec\/index.php\/producto\/huawei-band-11-pro-verde-selva\/","og_site_name":"Wakan.ec","article_publisher":"https:\/\/www.facebook.com\/wakantienda","article_modified_time":"2026-04-25T20:28:37+00:00","og_image":[{"width":1000,"height":1000,"url":"https:\/\/wakan.ec\/wp-content\/uploads\/2026\/04\/wp-17750612469388515147638210731153.png","type":"image\/png"}],"twitter_card":"summary_large_image","twitter_misc":{"Tiempo de lectura":"2 minutos"},"schema":{"@context":"https:\/\/schema.org","@graph":[{"@type":"WebPage","@id":"https:\/\/wakan.ec\/index.php\/producto\/huawei-band-11-pro-verde-selva\/","url":"https:\/\/wakan.ec\/index.php\/producto\/huawei-band-11-pro-verde-selva\/","name":"Huawei Band 11 Pro - Verde Selva - Wakan.ec","isPartOf":{"@id":"https:\/\/wakan.ec\/#website"},"primaryImageOfPage":{"@id":"https:\/\/wakan.ec\/index.php\/producto\/huawei-band-11-pro-verde-selva\/#primaryimage"},"image":{"@id":"https:\/\/wakan.ec\/index.php\/producto\/huawei-band-11-pro-verde-selva\/#primaryimage"},"thumbnailUrl":"https:\/\/wakan.ec\/wp-content\/uploads\/2026\/04\/wp-17750612469388515147638210731153.png","datePublished":"2026-04-14T18:26:37+00:00","dateModified":"2026-04-25T20:28:37+00:00","description":"Captura una selfie a distancia, recibe notificaciones de mensajes o llamadas y mant\u00e9n el control sobre tu calendario con el Huawei Band 11 Pro Verde Selva.","breadcrumb":{"@id":"https:\/\/wakan.ec\/index.php\/producto\/huawei-band-11-pro-verde-selva\/#breadcrumb"},"inLanguage":"es","potentialAction":[{"@type":"ReadAction","target":["https:\/\/wakan.ec\/index.php\/producto\/huawei-band-11-pro-verde-selva\/"]}]},{"@type":"ImageObject","inLanguage":"es","@id":"https:\/\/wakan.ec\/index.php\/producto\/huawei-band-11-pro-verde-selva\/#primaryimage","url":"https:\/\/wakan.ec\/wp-content\/uploads\/2026\/04\/wp-17750612469388515147638210731153.png","contentUrl":"https:\/\/wakan.ec\/wp-content\/uploads\/2026\/04\/wp-17750612469388515147638210731153.png","width":1000,"height":1000,"caption":"Huawei Band 11 Pro - Verde - Ecuador"},{"@type":"BreadcrumbList","@id":"https:\/\/wakan.ec\/index.php\/producto\/huawei-band-11-pro-verde-selva\/#breadcrumb","itemListElement":[{"@type":"ListItem","position":1,"name":"Portada","item":"https:\/\/wakan.ec\/"},{"@type":"ListItem","position":2,"name":"Huawei Band 11 Pro &#8211; Verde Selva"}]},{"@type":"WebSite","@id":"https:\/\/wakan.ec\/#website","url":"https:\/\/wakan.ec\/","name":"Wakan.ec","description":"Tech - Fitness, entretenimiento y productividad.","publisher":{"@id":"https:\/\/wakan.ec\/#organization"},"potentialAction":[{"@type":"SearchAction","target":{"@type":"EntryPoint","urlTemplate":"https:\/\/wakan.ec\/?s={search_term_string}"},"query-input":{"@type":"PropertyValueSpecification","valueRequired":true,"valueName":"search_term_string"}}],"inLanguage":"es"},{"@type":"Organization","@id":"https:\/\/wakan.ec\/#organization","name":"Wak\u00e1n","url":"https:\/\/wakan.ec\/","logo":{"@type":"ImageObject","inLanguage":"es","@id":"https:\/\/wakan.ec\/#\/schema\/logo\/image\/","url":"https:\/\/wakan.ec\/wp-content\/uploads\/2021\/12\/wakan-Logo.png","contentUrl":"https:\/\/wakan.ec\/wp-content\/uploads\/2021\/12\/wakan-Logo.png","width":1080,"height":1080,"caption":"Wak\u00e1n"},"image":{"@id":"https:\/\/wakan.ec\/#\/schema\/logo\/image\/"},"sameAs":["https:\/\/www.facebook.com\/wakantienda","https:\/\/www.instagram.com\/wakantienda","https:\/\/www.youtube.com\/wakan"]}]}},"_links":{"self":[{"href":"https:\/\/wakan.ec\/index.php\/wp-json\/wp\/v2\/product\/4174","targetHints":{"allow":["GET"]}}],"collection":[{"href":"https:\/\/wakan.ec\/index.php\/wp-json\/wp\/v2\/product"}],"about":[{"href":"https:\/\/wakan.ec\/index.php\/wp-json\/wp\/v2\/types\/product"}],"replies":[{"embeddable":true,"href":"https:\/\/wakan.ec\/index.php\/wp-json\/wp\/v2\/comments?post=4174"}],"wp:featuredmedia":[{"embeddable":true,"href":"https:\/\/wakan.ec\/index.php\/wp-json\/wp\/v2\/media\/4104"}],"wp:attachment":[{"href":"https:\/\/wakan.ec\/index.php\/wp-json\/wp\/v2\/media?parent=4174"}],"wp:term":[{"taxonomy":"product_brand","embeddable":true,"href":"https:\/\/wakan.ec\/index.php\/wp-json\/wp\/v2\/product_brand?post=4174"},{"taxonomy":"product_cat","embeddable":true,"href":"https:\/\/wakan.ec\/index.php\/wp-json\/wp\/v2\/product_cat?post=4174"},{"taxonomy":"product_tag","embeddable":true,"href":"https:\/\/wakan.ec\/index.php\/wp-json\/wp\/v2\/product_tag?post=4174"}],"curies":[{"name":"wp","href":"https:\/\/api.w.org\/{rel}","templated":true}]}}