{"id":4136,"date":"2026-04-13T15:00:32","date_gmt":"2026-04-13T20:00:32","guid":{"rendered":"https:\/\/wakan.ec\/?post_type=product&#038;p=4136"},"modified":"2026-04-15T18:11:53","modified_gmt":"2026-04-15T23:11:53","slug":"huawei-band-11-negro-obsidiana","status":"publish","type":"product","link":"https:\/\/wakan.ec\/index.php\/producto\/huawei-band-11-negro-obsidiana\/","title":{"rendered":"Huawei Band 11 &#8211; Negro Obsidiana"},"content":{"rendered":"<p>Un soplo de aire fresco, con solo 17 gramos de peso es f\u00e1cil olvidarse de que la llevas contigo el nuevo Huawei Band 11 Negro Obsidiana.<\/p>\n<h4>La vida transcurre en tu mu\u00f1eca.<\/h4>\n<p>Imprescindible para las selfies, pulsa el disparador remoto y la foto se tomar\u00e1 desde tu tel\u00e9fono.<\/p>\n<p>Mant\u00e9n un control sobre tu calendario con recordatorios para los pr\u00f3ximos eventos, recibe notificaciones de mensajes o llamadas directamente en tu mu\u00f1eca.<\/p>\n<p>Calculadora, br\u00fajula, clima y mucho m\u00e1s. Una gran variedad de funciones listas para usar donde quiera que vayas.<\/p>\n<p><em>La robusta bater\u00eda de 300 mAh te brinda hasta 14 d\u00edas de uso ligero con una carga completa.<\/em><\/p>\n<h4>Todo lo que necesitas.<\/h4>\n<p>Yoga, entrenamiento de fuerza hasta saltar la cuerda entre los m\u00e1s de 100 modos deportivos. Accede a los cursos para explorar m\u00e1s movimientos y diversi\u00f3n.<\/p>\n<p>Enciende tus anillos de actividad, el modo totalmente nuevo, espec\u00edfico para usuarios de sillas de ruedas registra con precisi\u00f3n los impulsos, la duraci\u00f3n y las calor\u00edas. No se trata de la distancia que recorra si no de lo bien que te lo pases.<\/p>\n<p>Con el monitoreo de la variabilidad de frecuencia card\u00edaca las 24 horas del d\u00eda los 7 d\u00edas de la semana conocer\u00e1s mejor la resistencia de tu cuerpo y tu progreso de recuperaci\u00f3n.<\/p>\n<h4>Al tanto de tu salud.<\/h4>\n<p>Control de la respiraci\u00f3n al dormir detecta las interrupciones respiratorias durante el sue\u00f1o para que puedas tomar medidas para dormir de forma m\u00e1s saludable.<\/p>\n<p>Comprende la ciencia que hay detr\u00e1s de tu sue\u00f1o. Obt\u00e9n informaci\u00f3n basada en datos sobre tu sue\u00f1o nocturno o tus siestas diurnas con consejos para mejorar la calidad del sue\u00f1o.<\/p>\n<p>Mantente al tanto de tu salud card\u00edaca con alertas oportunas de fibrilaci\u00f3n auricular gracias a la aplicaci\u00f3n de an\u00e1lisis de arritmias con certificado T\u00dcV Rheinland CE MDR.<\/p>\n<h4>Respira para relajarte.<\/h4>\n<p>Desliza hacia la izquierda para comenzar tus ejercicios de respiraci\u00f3n, en momentos de estr\u00e9s la paz llega con cada exhalaci\u00f3n.<\/p>\n<p>Podr\u00e1s ver tu estado emocional en forma de dos estados florales. Durante todos los cambios de humor observa a tus peludos amigos bailar y animarte en la esfera.<\/p>\n<p>Monitorea r\u00e1pidamente tu SpO2 y tu frecuencia card\u00edaca en cualquier lugar. La precisi\u00f3n no se ve afectada, incluso cuando est\u00e1s en movimiento.<\/p>\n<p><em>Compatible iOS, Android y Huawei.<\/em><\/p>\n<h4>En la caja<\/h4>\n<ul>\n<li>Huawei Band 11 &#8211; Negro <em>x1<\/em><\/li>\n<li>Base de carga <em>x1<\/em><\/li>\n<li>Tarjeta de garant\u00eda <em>x1<\/em><\/li>\n<\/ul>\n","protected":false},"excerpt":{"rendered":"<p><em>La pantalla AMOLED de 1.62 pulgadas y 60 Hz es m\u00e1s grande y considerablemente m\u00e1s brillante con hasta 1,500 nits.<\/em><\/p>\n<h4>Todo lo que necesitas<\/h4>\n<ul>\n<li>Explora movimientos con m\u00e1s de 100 modos deportivos.<\/li>\n<li><span style=\"font-size: 16px;\">Comprende la ciencia que hay detr\u00e1s de tu sue\u00f1o de un vistazo.<\/span><\/li>\n<li><span style=\"font-size: 16px;\">Aplicaci\u00f3n de an\u00e1lisis de arritmias certificado. <\/span><\/li>\n<li>Monitorea r\u00e1pidamente tu SpO2 en cualquier lugar.<\/li>\n<li>Hasta 14 d\u00edas de uso ligero con una carga completa.<\/li>\n<\/ul>\n<p><em>Compatible con iOS, Android y Huawei<\/em><\/p>\n<h4>Rec\u00edbelo en todo el Ecuador.<\/h4>\n<p>Estado: Nuevo\/Sellado.<\/p>\n","protected":false},"featured_media":4140,"comment_status":"open","ping_status":"closed","template":"","meta":{"site-sidebar-layout":"default","site-content-layout":"","ast-site-content-layout":"default","site-content-style":"default","site-sidebar-style":"default","ast-global-header-display":"","ast-banner-title-visibility":"","ast-main-header-display":"","ast-hfb-above-header-display":"","ast-hfb-below-header-display":"","ast-hfb-mobile-header-display":"","site-post-title":"","ast-breadcrumbs-content":"","ast-featured-img":"","footer-sml-layout":"","ast-disable-related-posts":"","theme-transparent-header-meta":"default","adv-header-id-meta":"","stick-header-meta":"","header-above-stick-meta":"","header-main-stick-meta":"","header-below-stick-meta":"","astra-migrate-meta-layouts":"set","ast-page-background-enabled":"default","ast-page-background-meta":{"desktop":{"background-color":"","background-image":"","background-repeat":"repeat","background-position":"center center","background-size":"auto","background-attachment":"scroll","background-type":"","background-media":"","overlay-type":"","overlay-color":"","overlay-opacity":"","overlay-gradient":""},"tablet":{"background-color":"","background-image":"","background-repeat":"repeat","background-position":"center center","background-size":"auto","background-attachment":"scroll","background-type":"","background-media":"","overlay-type":"","overlay-color":"","overlay-opacity":"","overlay-gradient":""},"mobile":{"background-color":"","background-image":"","background-repeat":"repeat","background-position":"center center","background-size":"auto","background-attachment":"scroll","background-type":"","background-media":"","overlay-type":"","overlay-color":"","overlay-opacity":"","overlay-gradient":""}},"ast-content-background-meta":{"desktop":{"background-color":"var(--ast-global-color-5)","background-image":"","background-repeat":"repeat","background-position":"center center","background-size":"auto","background-attachment":"scroll","background-type":"","background-media":"","overlay-type":"","overlay-color":"","overlay-opacity":"","overlay-gradient":""},"tablet":{"background-color":"var(--ast-global-color-5)","background-image":"","background-repeat":"repeat","background-position":"center center","background-size":"auto","background-attachment":"scroll","background-type":"","background-media":"","overlay-type":"","overlay-color":"","overlay-opacity":"","overlay-gradient":""},"mobile":{"background-color":"var(--ast-global-color-5)","background-image":"","background-repeat":"repeat","background-position":"center center","background-size":"auto","background-attachment":"scroll","background-type":"","background-media":"","overlay-type":"","overlay-color":"","overlay-opacity":"","overlay-gradient":""}}},"product_brand":[],"product_cat":[248],"product_tag":[],"class_list":{"0":"post-4136","1":"product","2":"type-product","3":"status-publish","4":"has-post-thumbnail","6":"product_cat-huawei-band-11","7":"desktop-align-left","8":"tablet-align-left","9":"mobile-align-left","11":"first","12":"instock","13":"sale","14":"purchasable","15":"product-type-simple"},"yoast_head":"<!-- This site is optimized with the Yoast SEO plugin v27.5 - https:\/\/yoast.com\/product\/yoast-seo-wordpress\/ -->\n<title>Huawei Band 11 - Negro Obsidiana - Wakan.ec<\/title>\n<meta name=\"description\" content=\"Un soplo de aire fresco, con solo 17 gramos de peso es f\u00e1cil olvidarse de que llevas contigo el nuevo Huawei Band 11 Negro Obsidiana.\" \/>\n<meta name=\"robots\" content=\"index, follow, max-snippet:-1, max-image-preview:large, max-video-preview:-1\" \/>\n<link rel=\"canonical\" href=\"https:\/\/wakan.ec\/index.php\/producto\/huawei-band-11-negro-obsidiana\/\" \/>\n<meta property=\"og:locale\" content=\"es_ES\" \/>\n<meta property=\"og:type\" content=\"article\" \/>\n<meta property=\"og:title\" content=\"Huawei Band 11 - Negro Obsidiana - Wakan.ec\" \/>\n<meta property=\"og:description\" content=\"Un soplo de aire fresco, con solo 17 gramos de peso es f\u00e1cil olvidarse de que llevas contigo el nuevo Huawei Band 11 Negro Obsidiana.\" \/>\n<meta property=\"og:url\" content=\"https:\/\/wakan.ec\/index.php\/producto\/huawei-band-11-negro-obsidiana\/\" \/>\n<meta property=\"og:site_name\" content=\"Wakan.ec\" \/>\n<meta property=\"article:publisher\" content=\"https:\/\/www.facebook.com\/wakantienda\" \/>\n<meta property=\"article:modified_time\" content=\"2026-04-15T23:11:53+00:00\" \/>\n<meta property=\"og:image\" content=\"https:\/\/wakan.ec\/wp-content\/uploads\/2026\/04\/wp-17761108683772385936359819073859.png\" \/>\n\t<meta property=\"og:image:width\" content=\"1000\" \/>\n\t<meta property=\"og:image:height\" content=\"1000\" \/>\n\t<meta property=\"og:image:type\" content=\"image\/png\" \/>\n<meta name=\"twitter:card\" content=\"summary_large_image\" \/>\n<meta name=\"twitter:label1\" content=\"Tiempo de lectura\" \/>\n\t<meta name=\"twitter:data1\" content=\"2 minutos\" \/>\n<script type=\"application\/ld+json\" class=\"yoast-schema-graph\">{\"@context\":\"https:\\\/\\\/schema.org\",\"@graph\":[{\"@type\":\"WebPage\",\"@id\":\"https:\\\/\\\/wakan.ec\\\/index.php\\\/producto\\\/huawei-band-11-negro-obsidiana\\\/\",\"url\":\"https:\\\/\\\/wakan.ec\\\/index.php\\\/producto\\\/huawei-band-11-negro-obsidiana\\\/\",\"name\":\"Huawei Band 11 - Negro Obsidiana - Wakan.ec\",\"isPartOf\":{\"@id\":\"https:\\\/\\\/wakan.ec\\\/#website\"},\"primaryImageOfPage\":{\"@id\":\"https:\\\/\\\/wakan.ec\\\/index.php\\\/producto\\\/huawei-band-11-negro-obsidiana\\\/#primaryimage\"},\"image\":{\"@id\":\"https:\\\/\\\/wakan.ec\\\/index.php\\\/producto\\\/huawei-band-11-negro-obsidiana\\\/#primaryimage\"},\"thumbnailUrl\":\"https:\\\/\\\/wakan.ec\\\/wp-content\\\/uploads\\\/2026\\\/04\\\/wp-17761108683772385936359819073859.png\",\"datePublished\":\"2026-04-13T20:00:32+00:00\",\"dateModified\":\"2026-04-15T23:11:53+00:00\",\"description\":\"Un soplo de aire fresco, con solo 17 gramos de peso es f\u00e1cil olvidarse de que llevas contigo el nuevo Huawei Band 11 Negro Obsidiana.\",\"breadcrumb\":{\"@id\":\"https:\\\/\\\/wakan.ec\\\/index.php\\\/producto\\\/huawei-band-11-negro-obsidiana\\\/#breadcrumb\"},\"inLanguage\":\"es\",\"potentialAction\":[{\"@type\":\"ReadAction\",\"target\":[\"https:\\\/\\\/wakan.ec\\\/index.php\\\/producto\\\/huawei-band-11-negro-obsidiana\\\/\"]}]},{\"@type\":\"ImageObject\",\"inLanguage\":\"es\",\"@id\":\"https:\\\/\\\/wakan.ec\\\/index.php\\\/producto\\\/huawei-band-11-negro-obsidiana\\\/#primaryimage\",\"url\":\"https:\\\/\\\/wakan.ec\\\/wp-content\\\/uploads\\\/2026\\\/04\\\/wp-17761108683772385936359819073859.png\",\"contentUrl\":\"https:\\\/\\\/wakan.ec\\\/wp-content\\\/uploads\\\/2026\\\/04\\\/wp-17761108683772385936359819073859.png\",\"width\":1000,\"height\":1000,\"caption\":\"Huawei Band 11 - Negro - Ecuador\"},{\"@type\":\"BreadcrumbList\",\"@id\":\"https:\\\/\\\/wakan.ec\\\/index.php\\\/producto\\\/huawei-band-11-negro-obsidiana\\\/#breadcrumb\",\"itemListElement\":[{\"@type\":\"ListItem\",\"position\":1,\"name\":\"Portada\",\"item\":\"https:\\\/\\\/wakan.ec\\\/\"},{\"@type\":\"ListItem\",\"position\":2,\"name\":\"Huawei Band 11 &#8211; Negro Obsidiana\"}]},{\"@type\":\"WebSite\",\"@id\":\"https:\\\/\\\/wakan.ec\\\/#website\",\"url\":\"https:\\\/\\\/wakan.ec\\\/\",\"name\":\"Wakan.ec\",\"description\":\"Tech - Fitness, entretenimiento y productividad.\",\"publisher\":{\"@id\":\"https:\\\/\\\/wakan.ec\\\/#organization\"},\"potentialAction\":[{\"@type\":\"SearchAction\",\"target\":{\"@type\":\"EntryPoint\",\"urlTemplate\":\"https:\\\/\\\/wakan.ec\\\/?s={search_term_string}\"},\"query-input\":{\"@type\":\"PropertyValueSpecification\",\"valueRequired\":true,\"valueName\":\"search_term_string\"}}],\"inLanguage\":\"es\"},{\"@type\":\"Organization\",\"@id\":\"https:\\\/\\\/wakan.ec\\\/#organization\",\"name\":\"Wak\u00e1n\",\"url\":\"https:\\\/\\\/wakan.ec\\\/\",\"logo\":{\"@type\":\"ImageObject\",\"inLanguage\":\"es\",\"@id\":\"https:\\\/\\\/wakan.ec\\\/#\\\/schema\\\/logo\\\/image\\\/\",\"url\":\"https:\\\/\\\/wakan.ec\\\/wp-content\\\/uploads\\\/2021\\\/12\\\/wakan-Logo.png\",\"contentUrl\":\"https:\\\/\\\/wakan.ec\\\/wp-content\\\/uploads\\\/2021\\\/12\\\/wakan-Logo.png\",\"width\":1080,\"height\":1080,\"caption\":\"Wak\u00e1n\"},\"image\":{\"@id\":\"https:\\\/\\\/wakan.ec\\\/#\\\/schema\\\/logo\\\/image\\\/\"},\"sameAs\":[\"https:\\\/\\\/www.facebook.com\\\/wakantienda\",\"https:\\\/\\\/www.instagram.com\\\/wakantienda\",\"https:\\\/\\\/www.youtube.com\\\/wakan\"]}]}<\/script>\n<!-- \/ Yoast SEO plugin. -->","yoast_head_json":{"title":"Huawei Band 11 - Negro Obsidiana - Wakan.ec","description":"Un soplo de aire fresco, con solo 17 gramos de peso es f\u00e1cil olvidarse de que llevas contigo el nuevo Huawei Band 11 Negro Obsidiana.","robots":{"index":"index","follow":"follow","max-snippet":"max-snippet:-1","max-image-preview":"max-image-preview:large","max-video-preview":"max-video-preview:-1"},"canonical":"https:\/\/wakan.ec\/index.php\/producto\/huawei-band-11-negro-obsidiana\/","og_locale":"es_ES","og_type":"article","og_title":"Huawei Band 11 - Negro Obsidiana - Wakan.ec","og_description":"Un soplo de aire fresco, con solo 17 gramos de peso es f\u00e1cil olvidarse de que llevas contigo el nuevo Huawei Band 11 Negro Obsidiana.","og_url":"https:\/\/wakan.ec\/index.php\/producto\/huawei-band-11-negro-obsidiana\/","og_site_name":"Wakan.ec","article_publisher":"https:\/\/www.facebook.com\/wakantienda","article_modified_time":"2026-04-15T23:11:53+00:00","og_image":[{"width":1000,"height":1000,"url":"https:\/\/wakan.ec\/wp-content\/uploads\/2026\/04\/wp-17761108683772385936359819073859.png","type":"image\/png"}],"twitter_card":"summary_large_image","twitter_misc":{"Tiempo de lectura":"2 minutos"},"schema":{"@context":"https:\/\/schema.org","@graph":[{"@type":"WebPage","@id":"https:\/\/wakan.ec\/index.php\/producto\/huawei-band-11-negro-obsidiana\/","url":"https:\/\/wakan.ec\/index.php\/producto\/huawei-band-11-negro-obsidiana\/","name":"Huawei Band 11 - Negro Obsidiana - Wakan.ec","isPartOf":{"@id":"https:\/\/wakan.ec\/#website"},"primaryImageOfPage":{"@id":"https:\/\/wakan.ec\/index.php\/producto\/huawei-band-11-negro-obsidiana\/#primaryimage"},"image":{"@id":"https:\/\/wakan.ec\/index.php\/producto\/huawei-band-11-negro-obsidiana\/#primaryimage"},"thumbnailUrl":"https:\/\/wakan.ec\/wp-content\/uploads\/2026\/04\/wp-17761108683772385936359819073859.png","datePublished":"2026-04-13T20:00:32+00:00","dateModified":"2026-04-15T23:11:53+00:00","description":"Un soplo de aire fresco, con solo 17 gramos de peso es f\u00e1cil olvidarse de que llevas contigo el nuevo Huawei Band 11 Negro Obsidiana.","breadcrumb":{"@id":"https:\/\/wakan.ec\/index.php\/producto\/huawei-band-11-negro-obsidiana\/#breadcrumb"},"inLanguage":"es","potentialAction":[{"@type":"ReadAction","target":["https:\/\/wakan.ec\/index.php\/producto\/huawei-band-11-negro-obsidiana\/"]}]},{"@type":"ImageObject","inLanguage":"es","@id":"https:\/\/wakan.ec\/index.php\/producto\/huawei-band-11-negro-obsidiana\/#primaryimage","url":"https:\/\/wakan.ec\/wp-content\/uploads\/2026\/04\/wp-17761108683772385936359819073859.png","contentUrl":"https:\/\/wakan.ec\/wp-content\/uploads\/2026\/04\/wp-17761108683772385936359819073859.png","width":1000,"height":1000,"caption":"Huawei Band 11 - Negro - Ecuador"},{"@type":"BreadcrumbList","@id":"https:\/\/wakan.ec\/index.php\/producto\/huawei-band-11-negro-obsidiana\/#breadcrumb","itemListElement":[{"@type":"ListItem","position":1,"name":"Portada","item":"https:\/\/wakan.ec\/"},{"@type":"ListItem","position":2,"name":"Huawei Band 11 &#8211; Negro Obsidiana"}]},{"@type":"WebSite","@id":"https:\/\/wakan.ec\/#website","url":"https:\/\/wakan.ec\/","name":"Wakan.ec","description":"Tech - Fitness, entretenimiento y productividad.","publisher":{"@id":"https:\/\/wakan.ec\/#organization"},"potentialAction":[{"@type":"SearchAction","target":{"@type":"EntryPoint","urlTemplate":"https:\/\/wakan.ec\/?s={search_term_string}"},"query-input":{"@type":"PropertyValueSpecification","valueRequired":true,"valueName":"search_term_string"}}],"inLanguage":"es"},{"@type":"Organization","@id":"https:\/\/wakan.ec\/#organization","name":"Wak\u00e1n","url":"https:\/\/wakan.ec\/","logo":{"@type":"ImageObject","inLanguage":"es","@id":"https:\/\/wakan.ec\/#\/schema\/logo\/image\/","url":"https:\/\/wakan.ec\/wp-content\/uploads\/2021\/12\/wakan-Logo.png","contentUrl":"https:\/\/wakan.ec\/wp-content\/uploads\/2021\/12\/wakan-Logo.png","width":1080,"height":1080,"caption":"Wak\u00e1n"},"image":{"@id":"https:\/\/wakan.ec\/#\/schema\/logo\/image\/"},"sameAs":["https:\/\/www.facebook.com\/wakantienda","https:\/\/www.instagram.com\/wakantienda","https:\/\/www.youtube.com\/wakan"]}]}},"_links":{"self":[{"href":"https:\/\/wakan.ec\/index.php\/wp-json\/wp\/v2\/product\/4136","targetHints":{"allow":["GET"]}}],"collection":[{"href":"https:\/\/wakan.ec\/index.php\/wp-json\/wp\/v2\/product"}],"about":[{"href":"https:\/\/wakan.ec\/index.php\/wp-json\/wp\/v2\/types\/product"}],"replies":[{"embeddable":true,"href":"https:\/\/wakan.ec\/index.php\/wp-json\/wp\/v2\/comments?post=4136"}],"wp:featuredmedia":[{"embeddable":true,"href":"https:\/\/wakan.ec\/index.php\/wp-json\/wp\/v2\/media\/4140"}],"wp:attachment":[{"href":"https:\/\/wakan.ec\/index.php\/wp-json\/wp\/v2\/media?parent=4136"}],"wp:term":[{"taxonomy":"product_brand","embeddable":true,"href":"https:\/\/wakan.ec\/index.php\/wp-json\/wp\/v2\/product_brand?post=4136"},{"taxonomy":"product_cat","embeddable":true,"href":"https:\/\/wakan.ec\/index.php\/wp-json\/wp\/v2\/product_cat?post=4136"},{"taxonomy":"product_tag","embeddable":true,"href":"https:\/\/wakan.ec\/index.php\/wp-json\/wp\/v2\/product_tag?post=4136"}],"curies":[{"name":"wp","href":"https:\/\/api.w.org\/{rel}","templated":true}]}}