{"id":4025,"date":"2026-03-11T17:47:51","date_gmt":"2026-03-11T22:47:51","guid":{"rendered":"https:\/\/wakan.ec\/?post_type=product&#038;p=4025"},"modified":"2026-04-29T15:52:08","modified_gmt":"2026-04-29T20:52:08","slug":"xbox-game-pass-premium-1-mes","status":"publish","type":"product","link":"https:\/\/wakan.ec\/index.php\/producto\/xbox-game-pass-premium-1-mes\/","title":{"rendered":"Xbox Game Pass Premium &#8211; 1 mes"},"content":{"rendered":"<p><em>Juega Diablo IV, Metaphor: ReFantazio, Howarts Legacy y m\u00e1s de 200 juegos en cualquier pantalla con Xbox Game Pass Premium de 1 mes.<\/em><\/p>\n<h4>Lanzamientos Xbox<\/h4>\n<p>Los nuevos juegos publicados por Xbox se a\u00f1aden a la biblioteca en los 12 meses siguientes a su lanzamiento.<\/p>\n<p>Sum\u00e9rgete en una amplia variedad de las franquicias m\u00e1s aclamadas desde Call of Duty, Minecraft y mucho m\u00e1s.<\/p>\n<p>Obt\u00e9n ventajas dentro del juego de algunos de los juegos m\u00e1s importantes, como League of Legends, call of Duty: War Zone, Rainbow Six Siege.<\/p>\n<h4>Gran compatibilidad<\/h4>\n<p>Descarga y juega en consola Xbox One, Xbox Series X|S, PC y m\u00f3vil. Omite la descarga y juega en la nube t\u00edtulos incluidos en dispositivos compatibles como m\u00f3vil, tableta, TV y cascos de realidad virtual.<\/p>\n<p>Disfruta del multijugador de consola en l\u00ednea, descuentos en juegos, ventajas para socios y mucho m\u00e1s.<\/p>\n<p>Gana recompensas con hasta dos veces m\u00e1s puntos al jugar y comprar juegos y complementos en la tienda y a\u00fan m\u00e1s en compras elegibles.<\/p>\n<h4>Comunidad Xbox<\/h4>\n<p>obt\u00e9n ventajas en el juego modo multijugador en l\u00ednea en consola descuentos exclusivos y muchas m\u00e1s rewards.<\/p>\n<p>Encuentra tu comunidad con Xbox y juega donde quieras.<\/p>\n<p>Inicia sesi\u00f3n para ver las ofertas disponibles, es posible que las ofertas promocionales no sean v\u00e1lidas para todos los miembros y solo est\u00e9n disponibles durante un tiempo limitado despu\u00e9s de cualquier per\u00edodo promocional.<\/p>\n<h4>Juega a cientos de t\u00edtulos<\/h4>\n<p>Accede a una biblioteca creciente de juegos para consola y PC con nuevos juegos a\u00f1adidos cada mes.<\/p>\n<p>Juega en tu dispositivo de preferencia con Cloud Gaming.<\/p>\n<p>Los nuevos juegos publicados por Xbox se incorporan a Premium en un plazo de 12 meses tras su lanzamiento.<\/p>\n<p><em>Suscripci\u00f3n Digital, rec\u00edbela en tu correo en pocos minutos.<\/em><\/p>\n","protected":false},"excerpt":{"rendered":"<p><em>Juega Diablo IV, Metaphor: ReFantazio, Howarts Legacy y sum\u00e9rgete en las franquicias m\u00e1s aclamadas como Call of Duty, Minecraft y m\u00e1s.<\/em><\/p>\n<h4>M\u00e1s de 200 juegos<\/h4>\n<ul>\n<li>Juega desde Xbox One, Xbox Series S|X, PC y m\u00f3vil.<\/li>\n<li><span style=\"font-size: 16px;\">Compatible con juego en la nube.<\/span><\/li>\n<li>Lanzamientos Xbox del \u00faltimo a\u00f1o.<\/li>\n<li>Multijugador en l\u00ednea.<\/li>\n<li>Descuentos exclusivos para suscriptores.<\/li>\n<\/ul>\n<h4>Rec\u00edbelo en todo el Ecuador<\/h4>\n<p><em>C\u00f3digo Digital<\/em><\/p>\n","protected":false},"featured_media":4309,"comment_status":"open","ping_status":"closed","template":"","meta":{"site-sidebar-layout":"default","site-content-layout":"","ast-site-content-layout":"default","site-content-style":"default","site-sidebar-style":"default","ast-global-header-display":"","ast-banner-title-visibility":"","ast-main-header-display":"","ast-hfb-above-header-display":"","ast-hfb-below-header-display":"","ast-hfb-mobile-header-display":"","site-post-title":"","ast-breadcrumbs-content":"","ast-featured-img":"","footer-sml-layout":"","ast-disable-related-posts":"","theme-transparent-header-meta":"default","adv-header-id-meta":"","stick-header-meta":"","header-above-stick-meta":"","header-main-stick-meta":"","header-below-stick-meta":"","astra-migrate-meta-layouts":"set","ast-page-background-enabled":"default","ast-page-background-meta":{"desktop":{"background-color":"","background-image":"","background-repeat":"repeat","background-position":"center center","background-size":"auto","background-attachment":"scroll","background-type":"","background-media":"","overlay-type":"","overlay-color":"","overlay-opacity":"","overlay-gradient":""},"tablet":{"background-color":"","background-image":"","background-repeat":"repeat","background-position":"center center","background-size":"auto","background-attachment":"scroll","background-type":"","background-media":"","overlay-type":"","overlay-color":"","overlay-opacity":"","overlay-gradient":""},"mobile":{"background-color":"","background-image":"","background-repeat":"repeat","background-position":"center center","background-size":"auto","background-attachment":"scroll","background-type":"","background-media":"","overlay-type":"","overlay-color":"","overlay-opacity":"","overlay-gradient":""}},"ast-content-background-meta":{"desktop":{"background-color":"var(--ast-global-color-5)","background-image":"","background-repeat":"repeat","background-position":"center center","background-size":"auto","background-attachment":"scroll","background-type":"","background-media":"","overlay-type":"","overlay-color":"","overlay-opacity":"","overlay-gradient":""},"tablet":{"background-color":"var(--ast-global-color-5)","background-image":"","background-repeat":"repeat","background-position":"center center","background-size":"auto","background-attachment":"scroll","background-type":"","background-media":"","overlay-type":"","overlay-color":"","overlay-opacity":"","overlay-gradient":""},"mobile":{"background-color":"var(--ast-global-color-5)","background-image":"","background-repeat":"repeat","background-position":"center center","background-size":"auto","background-attachment":"scroll","background-type":"","background-media":"","overlay-type":"","overlay-color":"","overlay-opacity":"","overlay-gradient":""}}},"product_brand":[],"product_cat":[217],"product_tag":[],"class_list":{"0":"post-4025","1":"product","2":"type-product","3":"status-publish","4":"has-post-thumbnail","6":"product_cat-xbox","7":"desktop-align-left","8":"tablet-align-left","9":"mobile-align-left","11":"first","12":"onbackorder","13":"sale","14":"virtual","15":"purchasable","16":"product-type-simple"},"yoast_head":"<!-- This site is optimized with the Yoast SEO plugin v27.5 - https:\/\/yoast.com\/product\/yoast-seo-wordpress\/ -->\n<title>Xbox Game Pass Premium - 1 mes - Wakan.ec<\/title>\n<meta name=\"description\" content=\"Juega m\u00e1s de 200 juegos y lanzamientos del \u00faltimo a\u00f1o en Xbox One, Xbox Series X|S, PC y m\u00f3vil. Recibe Xbox Game Pass Premium de 1 mes en todo el Ecuador.\" \/>\n<meta name=\"robots\" content=\"index, follow, max-snippet:-1, max-image-preview:large, max-video-preview:-1\" \/>\n<link rel=\"canonical\" href=\"https:\/\/wakan.ec\/index.php\/producto\/xbox-game-pass-premium-1-mes\/\" \/>\n<meta property=\"og:locale\" content=\"es_ES\" \/>\n<meta property=\"og:type\" content=\"article\" \/>\n<meta property=\"og:title\" content=\"Xbox Game Pass Premium - 1 mes - Wakan.ec\" \/>\n<meta property=\"og:description\" content=\"Juega m\u00e1s de 200 juegos y lanzamientos del \u00faltimo a\u00f1o en Xbox One, Xbox Series X|S, PC y m\u00f3vil. Recibe Xbox Game Pass Premium de 1 mes en todo el Ecuador.\" \/>\n<meta property=\"og:url\" content=\"https:\/\/wakan.ec\/index.php\/producto\/xbox-game-pass-premium-1-mes\/\" \/>\n<meta property=\"og:site_name\" content=\"Wakan.ec\" \/>\n<meta property=\"article:publisher\" content=\"https:\/\/www.facebook.com\/wakantienda\" \/>\n<meta property=\"article:modified_time\" content=\"2026-04-29T20:52:08+00:00\" \/>\n<meta property=\"og:image\" content=\"https:\/\/wakan.ec\/wp-content\/uploads\/2026\/04\/wp-17774250086025588804616088387583.png\" \/>\n\t<meta property=\"og:image:width\" content=\"1000\" \/>\n\t<meta property=\"og:image:height\" content=\"1000\" \/>\n\t<meta property=\"og:image:type\" content=\"image\/png\" \/>\n<meta name=\"twitter:card\" content=\"summary_large_image\" \/>\n<meta name=\"twitter:label1\" content=\"Tiempo de lectura\" \/>\n\t<meta name=\"twitter:data1\" content=\"2 minutos\" \/>\n<script type=\"application\/ld+json\" class=\"yoast-schema-graph\">{\"@context\":\"https:\\\/\\\/schema.org\",\"@graph\":[{\"@type\":\"WebPage\",\"@id\":\"https:\\\/\\\/wakan.ec\\\/index.php\\\/producto\\\/xbox-game-pass-premium-1-mes\\\/\",\"url\":\"https:\\\/\\\/wakan.ec\\\/index.php\\\/producto\\\/xbox-game-pass-premium-1-mes\\\/\",\"name\":\"Xbox Game Pass Premium - 1 mes - Wakan.ec\",\"isPartOf\":{\"@id\":\"https:\\\/\\\/wakan.ec\\\/#website\"},\"primaryImageOfPage\":{\"@id\":\"https:\\\/\\\/wakan.ec\\\/index.php\\\/producto\\\/xbox-game-pass-premium-1-mes\\\/#primaryimage\"},\"image\":{\"@id\":\"https:\\\/\\\/wakan.ec\\\/index.php\\\/producto\\\/xbox-game-pass-premium-1-mes\\\/#primaryimage\"},\"thumbnailUrl\":\"https:\\\/\\\/wakan.ec\\\/wp-content\\\/uploads\\\/2026\\\/04\\\/wp-17774250086025588804616088387583.png\",\"datePublished\":\"2026-03-11T22:47:51+00:00\",\"dateModified\":\"2026-04-29T20:52:08+00:00\",\"description\":\"Juega m\u00e1s de 200 juegos y lanzamientos del \u00faltimo a\u00f1o en Xbox One, Xbox Series X|S, PC y m\u00f3vil. Recibe Xbox Game Pass Premium de 1 mes en todo el Ecuador.\",\"breadcrumb\":{\"@id\":\"https:\\\/\\\/wakan.ec\\\/index.php\\\/producto\\\/xbox-game-pass-premium-1-mes\\\/#breadcrumb\"},\"inLanguage\":\"es\",\"potentialAction\":[{\"@type\":\"ReadAction\",\"target\":[\"https:\\\/\\\/wakan.ec\\\/index.php\\\/producto\\\/xbox-game-pass-premium-1-mes\\\/\"]}]},{\"@type\":\"ImageObject\",\"inLanguage\":\"es\",\"@id\":\"https:\\\/\\\/wakan.ec\\\/index.php\\\/producto\\\/xbox-game-pass-premium-1-mes\\\/#primaryimage\",\"url\":\"https:\\\/\\\/wakan.ec\\\/wp-content\\\/uploads\\\/2026\\\/04\\\/wp-17774250086025588804616088387583.png\",\"contentUrl\":\"https:\\\/\\\/wakan.ec\\\/wp-content\\\/uploads\\\/2026\\\/04\\\/wp-17774250086025588804616088387583.png\",\"width\":1000,\"height\":1000,\"caption\":\"Xbox Game Pass Premium - 1 mes - Ecuador\"},{\"@type\":\"BreadcrumbList\",\"@id\":\"https:\\\/\\\/wakan.ec\\\/index.php\\\/producto\\\/xbox-game-pass-premium-1-mes\\\/#breadcrumb\",\"itemListElement\":[{\"@type\":\"ListItem\",\"position\":1,\"name\":\"Portada\",\"item\":\"https:\\\/\\\/wakan.ec\\\/\"},{\"@type\":\"ListItem\",\"position\":2,\"name\":\"Xbox Game Pass Premium &#8211; 1 mes\"}]},{\"@type\":\"WebSite\",\"@id\":\"https:\\\/\\\/wakan.ec\\\/#website\",\"url\":\"https:\\\/\\\/wakan.ec\\\/\",\"name\":\"Wakan.ec\",\"description\":\"Tech - Fitness, entretenimiento y productividad.\",\"publisher\":{\"@id\":\"https:\\\/\\\/wakan.ec\\\/#organization\"},\"potentialAction\":[{\"@type\":\"SearchAction\",\"target\":{\"@type\":\"EntryPoint\",\"urlTemplate\":\"https:\\\/\\\/wakan.ec\\\/?s={search_term_string}\"},\"query-input\":{\"@type\":\"PropertyValueSpecification\",\"valueRequired\":true,\"valueName\":\"search_term_string\"}}],\"inLanguage\":\"es\"},{\"@type\":\"Organization\",\"@id\":\"https:\\\/\\\/wakan.ec\\\/#organization\",\"name\":\"Wak\u00e1n\",\"url\":\"https:\\\/\\\/wakan.ec\\\/\",\"logo\":{\"@type\":\"ImageObject\",\"inLanguage\":\"es\",\"@id\":\"https:\\\/\\\/wakan.ec\\\/#\\\/schema\\\/logo\\\/image\\\/\",\"url\":\"https:\\\/\\\/wakan.ec\\\/wp-content\\\/uploads\\\/2021\\\/12\\\/wakan-Logo.png\",\"contentUrl\":\"https:\\\/\\\/wakan.ec\\\/wp-content\\\/uploads\\\/2021\\\/12\\\/wakan-Logo.png\",\"width\":1080,\"height\":1080,\"caption\":\"Wak\u00e1n\"},\"image\":{\"@id\":\"https:\\\/\\\/wakan.ec\\\/#\\\/schema\\\/logo\\\/image\\\/\"},\"sameAs\":[\"https:\\\/\\\/www.facebook.com\\\/wakantienda\",\"https:\\\/\\\/www.instagram.com\\\/wakantienda\",\"https:\\\/\\\/www.youtube.com\\\/wakan\"]}]}<\/script>\n<!-- \/ Yoast SEO plugin. -->","yoast_head_json":{"title":"Xbox Game Pass Premium - 1 mes - Wakan.ec","description":"Juega m\u00e1s de 200 juegos y lanzamientos del \u00faltimo a\u00f1o en Xbox One, Xbox Series X|S, PC y m\u00f3vil. Recibe Xbox Game Pass Premium de 1 mes en todo el Ecuador.","robots":{"index":"index","follow":"follow","max-snippet":"max-snippet:-1","max-image-preview":"max-image-preview:large","max-video-preview":"max-video-preview:-1"},"canonical":"https:\/\/wakan.ec\/index.php\/producto\/xbox-game-pass-premium-1-mes\/","og_locale":"es_ES","og_type":"article","og_title":"Xbox Game Pass Premium - 1 mes - Wakan.ec","og_description":"Juega m\u00e1s de 200 juegos y lanzamientos del \u00faltimo a\u00f1o en Xbox One, Xbox Series X|S, PC y m\u00f3vil. Recibe Xbox Game Pass Premium de 1 mes en todo el Ecuador.","og_url":"https:\/\/wakan.ec\/index.php\/producto\/xbox-game-pass-premium-1-mes\/","og_site_name":"Wakan.ec","article_publisher":"https:\/\/www.facebook.com\/wakantienda","article_modified_time":"2026-04-29T20:52:08+00:00","og_image":[{"width":1000,"height":1000,"url":"https:\/\/wakan.ec\/wp-content\/uploads\/2026\/04\/wp-17774250086025588804616088387583.png","type":"image\/png"}],"twitter_card":"summary_large_image","twitter_misc":{"Tiempo de lectura":"2 minutos"},"schema":{"@context":"https:\/\/schema.org","@graph":[{"@type":"WebPage","@id":"https:\/\/wakan.ec\/index.php\/producto\/xbox-game-pass-premium-1-mes\/","url":"https:\/\/wakan.ec\/index.php\/producto\/xbox-game-pass-premium-1-mes\/","name":"Xbox Game Pass Premium - 1 mes - Wakan.ec","isPartOf":{"@id":"https:\/\/wakan.ec\/#website"},"primaryImageOfPage":{"@id":"https:\/\/wakan.ec\/index.php\/producto\/xbox-game-pass-premium-1-mes\/#primaryimage"},"image":{"@id":"https:\/\/wakan.ec\/index.php\/producto\/xbox-game-pass-premium-1-mes\/#primaryimage"},"thumbnailUrl":"https:\/\/wakan.ec\/wp-content\/uploads\/2026\/04\/wp-17774250086025588804616088387583.png","datePublished":"2026-03-11T22:47:51+00:00","dateModified":"2026-04-29T20:52:08+00:00","description":"Juega m\u00e1s de 200 juegos y lanzamientos del \u00faltimo a\u00f1o en Xbox One, Xbox Series X|S, PC y m\u00f3vil. Recibe Xbox Game Pass Premium de 1 mes en todo el Ecuador.","breadcrumb":{"@id":"https:\/\/wakan.ec\/index.php\/producto\/xbox-game-pass-premium-1-mes\/#breadcrumb"},"inLanguage":"es","potentialAction":[{"@type":"ReadAction","target":["https:\/\/wakan.ec\/index.php\/producto\/xbox-game-pass-premium-1-mes\/"]}]},{"@type":"ImageObject","inLanguage":"es","@id":"https:\/\/wakan.ec\/index.php\/producto\/xbox-game-pass-premium-1-mes\/#primaryimage","url":"https:\/\/wakan.ec\/wp-content\/uploads\/2026\/04\/wp-17774250086025588804616088387583.png","contentUrl":"https:\/\/wakan.ec\/wp-content\/uploads\/2026\/04\/wp-17774250086025588804616088387583.png","width":1000,"height":1000,"caption":"Xbox Game Pass Premium - 1 mes - Ecuador"},{"@type":"BreadcrumbList","@id":"https:\/\/wakan.ec\/index.php\/producto\/xbox-game-pass-premium-1-mes\/#breadcrumb","itemListElement":[{"@type":"ListItem","position":1,"name":"Portada","item":"https:\/\/wakan.ec\/"},{"@type":"ListItem","position":2,"name":"Xbox Game Pass Premium &#8211; 1 mes"}]},{"@type":"WebSite","@id":"https:\/\/wakan.ec\/#website","url":"https:\/\/wakan.ec\/","name":"Wakan.ec","description":"Tech - Fitness, entretenimiento y productividad.","publisher":{"@id":"https:\/\/wakan.ec\/#organization"},"potentialAction":[{"@type":"SearchAction","target":{"@type":"EntryPoint","urlTemplate":"https:\/\/wakan.ec\/?s={search_term_string}"},"query-input":{"@type":"PropertyValueSpecification","valueRequired":true,"valueName":"search_term_string"}}],"inLanguage":"es"},{"@type":"Organization","@id":"https:\/\/wakan.ec\/#organization","name":"Wak\u00e1n","url":"https:\/\/wakan.ec\/","logo":{"@type":"ImageObject","inLanguage":"es","@id":"https:\/\/wakan.ec\/#\/schema\/logo\/image\/","url":"https:\/\/wakan.ec\/wp-content\/uploads\/2021\/12\/wakan-Logo.png","contentUrl":"https:\/\/wakan.ec\/wp-content\/uploads\/2021\/12\/wakan-Logo.png","width":1080,"height":1080,"caption":"Wak\u00e1n"},"image":{"@id":"https:\/\/wakan.ec\/#\/schema\/logo\/image\/"},"sameAs":["https:\/\/www.facebook.com\/wakantienda","https:\/\/www.instagram.com\/wakantienda","https:\/\/www.youtube.com\/wakan"]}]}},"_links":{"self":[{"href":"https:\/\/wakan.ec\/index.php\/wp-json\/wp\/v2\/product\/4025","targetHints":{"allow":["GET"]}}],"collection":[{"href":"https:\/\/wakan.ec\/index.php\/wp-json\/wp\/v2\/product"}],"about":[{"href":"https:\/\/wakan.ec\/index.php\/wp-json\/wp\/v2\/types\/product"}],"replies":[{"embeddable":true,"href":"https:\/\/wakan.ec\/index.php\/wp-json\/wp\/v2\/comments?post=4025"}],"wp:featuredmedia":[{"embeddable":true,"href":"https:\/\/wakan.ec\/index.php\/wp-json\/wp\/v2\/media\/4309"}],"wp:attachment":[{"href":"https:\/\/wakan.ec\/index.php\/wp-json\/wp\/v2\/media?parent=4025"}],"wp:term":[{"taxonomy":"product_brand","embeddable":true,"href":"https:\/\/wakan.ec\/index.php\/wp-json\/wp\/v2\/product_brand?post=4025"},{"taxonomy":"product_cat","embeddable":true,"href":"https:\/\/wakan.ec\/index.php\/wp-json\/wp\/v2\/product_cat?post=4025"},{"taxonomy":"product_tag","embeddable":true,"href":"https:\/\/wakan.ec\/index.php\/wp-json\/wp\/v2\/product_tag?post=4025"}],"curies":[{"name":"wp","href":"https:\/\/api.w.org\/{rel}","templated":true}]}}