{"id":3986,"date":"2026-02-24T14:53:27","date_gmt":"2026-02-24T19:53:27","guid":{"rendered":"https:\/\/wakan.ec\/?post_type=product&#038;p=3986"},"modified":"2026-02-25T17:28:50","modified_gmt":"2026-02-25T22:28:50","slug":"control-xbox-elite-series-2-blanco","status":"publish","type":"product","link":"https:\/\/wakan.ec\/index.php\/producto\/control-xbox-elite-series-2-blanco\/","title":{"rendered":"Control Xbox Elite Series 2 &#8211; Blanco"},"content":{"rendered":"<p>Lleva tu juego al nivel profesional con el Control Xbox Elite Series 2 Blanco.<\/p>\n<h4>Rendimiento<\/h4>\n<p>Compite en el siguiente nivel, los componentes intercambiables incluidos desbloquean infinitas posibilidades de personalizaci\u00f3n.<\/p>\n<p>Juega con m\u00e1s precisi\u00f3n en los juegos que m\u00e1s amas, los componentes refinados est\u00e1n hechos para durar.<\/p>\n<p>El mando est\u00e1 dise\u00f1ado para mejorar tu rendimiento.<\/p>\n<h4>Competitivo<\/h4>\n<p>Est\u00e1 hecho para satisfacer las necesidades del juego competitivos de hoy en d\u00eda, el Mando Inal\u00e1mbrico Xbox Elite Series 2 introduce m\u00e1s de 30 nuevas formas de jugar como un profesional.<\/p>\n<p>Mejora tu punter\u00eda con las nuevas palancas de control de tensi\u00f3n ajustables, dispara a\u00fan m\u00e1s r\u00e1pido con bloqueo de gatillos de alta sensibilidad m\u00e1s cortos y mant\u00e9n el blanco con un agarre de caucho envolvente.<\/p>\n<p>Disfruta de opciones de personalizaci\u00f3n sin l\u00edmites con opciones de asignaci\u00f3n de botones exclusivas en la app accesorios de Xbox.<\/p>\n<h4>Optimizado para ti<\/h4>\n<p>Personaliza con componentes intercambiables,\u00a0intercambia adornos de palancas de control, Pads direccionales y palancas para adaptar tu control a tu estilo de juego preferido.<\/p>\n<p>Guarda hasta tres perfiles personalizados y un perfil predeterminado en el control y cambia entre ellos sobre la marcha con el bot\u00f3n perfil.<\/p>\n<p>Empareja y cambia f\u00e1cilmente entre consolas Xbox Series X|S, Xbox One, PC y dispositivos m\u00f3viles con la tecnolog\u00eda inal\u00e1mbrica Xbox y Bluetooth.<\/p>\n<h4>En la caja<\/h4>\n<ul>\n<li>Control Inal\u00e1mbrico Elite Series 2 &#8211; Blanco x1<\/li>\n<li>Herramienta de ajuste <em>x1<\/em><\/li>\n<li>Cable USB-C <em>x1<\/em><\/li>\n<\/ul>\n","protected":false},"excerpt":{"rendered":"<p><em>Desbloquea infinitas posibilidades de personalizaci\u00f3n en los juegos que m\u00e1s amas.<\/em><\/p>\n<h4>Dise\u00f1ado para rendimiento<\/h4>\n<ul>\n<li>Juega a nivel profesional.<\/li>\n<li>Hasta 40 horas de bater\u00eda.<\/li>\n<li>Nuevas palancas de control de tensi\u00f3n ajustables.<\/li>\n<li>Dispara a\u00fan m\u00e1s r\u00e1pido con bloqueo de gatillos.<\/li>\n<li>Mant\u00e9n el blanco con un agarre de gaucho envolvente.<\/li>\n<\/ul>\n<h4>Rec\u00edbelo en todo el Ecuador<\/h4>\n<p>Estado: Nuevo\/Sellado<\/p>\n","protected":false},"featured_media":3990,"comment_status":"open","ping_status":"closed","template":"","meta":{"site-sidebar-layout":"default","site-content-layout":"","ast-site-content-layout":"default","site-content-style":"default","site-sidebar-style":"default","ast-global-header-display":"","ast-banner-title-visibility":"","ast-main-header-display":"","ast-hfb-above-header-display":"","ast-hfb-below-header-display":"","ast-hfb-mobile-header-display":"","site-post-title":"","ast-breadcrumbs-content":"","ast-featured-img":"","footer-sml-layout":"","ast-disable-related-posts":"","theme-transparent-header-meta":"default","adv-header-id-meta":"","stick-header-meta":"","header-above-stick-meta":"","header-main-stick-meta":"","header-below-stick-meta":"","astra-migrate-meta-layouts":"set","ast-page-background-enabled":"default","ast-page-background-meta":{"desktop":{"background-color":"","background-image":"","background-repeat":"repeat","background-position":"center center","background-size":"auto","background-attachment":"scroll","background-type":"","background-media":"","overlay-type":"","overlay-color":"","overlay-opacity":"","overlay-gradient":""},"tablet":{"background-color":"","background-image":"","background-repeat":"repeat","background-position":"center center","background-size":"auto","background-attachment":"scroll","background-type":"","background-media":"","overlay-type":"","overlay-color":"","overlay-opacity":"","overlay-gradient":""},"mobile":{"background-color":"","background-image":"","background-repeat":"repeat","background-position":"center center","background-size":"auto","background-attachment":"scroll","background-type":"","background-media":"","overlay-type":"","overlay-color":"","overlay-opacity":"","overlay-gradient":""}},"ast-content-background-meta":{"desktop":{"background-color":"var(--ast-global-color-5)","background-image":"","background-repeat":"repeat","background-position":"center center","background-size":"auto","background-attachment":"scroll","background-type":"","background-media":"","overlay-type":"","overlay-color":"","overlay-opacity":"","overlay-gradient":""},"tablet":{"background-color":"var(--ast-global-color-5)","background-image":"","background-repeat":"repeat","background-position":"center center","background-size":"auto","background-attachment":"scroll","background-type":"","background-media":"","overlay-type":"","overlay-color":"","overlay-opacity":"","overlay-gradient":""},"mobile":{"background-color":"var(--ast-global-color-5)","background-image":"","background-repeat":"repeat","background-position":"center center","background-size":"auto","background-attachment":"scroll","background-type":"","background-media":"","overlay-type":"","overlay-color":"","overlay-opacity":"","overlay-gradient":""}}},"product_brand":[],"product_cat":[217],"product_tag":[],"class_list":{"0":"post-3986","1":"product","2":"type-product","3":"status-publish","4":"has-post-thumbnail","6":"product_cat-xbox","7":"desktop-align-left","8":"tablet-align-left","9":"mobile-align-left","11":"first","12":"onbackorder","13":"sale","14":"purchasable","15":"product-type-simple"},"yoast_head":"<!-- This site is optimized with the Yoast SEO plugin v27.5 - https:\/\/yoast.com\/product\/yoast-seo-wordpress\/ -->\n<title>Control Xbox Elite Series 2 - Blanco - Wakan.ec<\/title>\n<meta name=\"description\" content=\"Control Xbox Elite Series 2 Inal\u00e1mbrico juega como un profesional, desbloquea infinitas posibilidades de personalizaci\u00f3n. Rec\u00edbelo en todo el Ecuador.\" \/>\n<meta name=\"robots\" content=\"index, follow, max-snippet:-1, max-image-preview:large, max-video-preview:-1\" \/>\n<link rel=\"canonical\" href=\"https:\/\/wakan.ec\/index.php\/producto\/control-xbox-elite-series-2-blanco\/\" \/>\n<meta property=\"og:locale\" content=\"es_ES\" \/>\n<meta property=\"og:type\" content=\"article\" \/>\n<meta property=\"og:title\" content=\"Control Xbox Elite Series 2 - Blanco - Wakan.ec\" \/>\n<meta property=\"og:description\" content=\"Control Xbox Elite Series 2 Inal\u00e1mbrico juega como un profesional, desbloquea infinitas posibilidades de personalizaci\u00f3n. Rec\u00edbelo en todo el Ecuador.\" \/>\n<meta property=\"og:url\" content=\"https:\/\/wakan.ec\/index.php\/producto\/control-xbox-elite-series-2-blanco\/\" \/>\n<meta property=\"og:site_name\" content=\"Wakan.ec\" \/>\n<meta property=\"article:publisher\" content=\"https:\/\/www.facebook.com\/wakantienda\" \/>\n<meta property=\"article:modified_time\" content=\"2026-02-25T22:28:50+00:00\" \/>\n<meta property=\"og:image\" content=\"https:\/\/wakan.ec\/wp-content\/uploads\/2026\/02\/wp-17719637559691011407403920821956.png\" \/>\n\t<meta property=\"og:image:width\" content=\"1000\" \/>\n\t<meta property=\"og:image:height\" content=\"1000\" \/>\n\t<meta property=\"og:image:type\" content=\"image\/png\" \/>\n<meta name=\"twitter:card\" content=\"summary_large_image\" \/>\n<meta name=\"twitter:label1\" content=\"Tiempo de lectura\" \/>\n\t<meta name=\"twitter:data1\" content=\"2 minutos\" \/>\n<script type=\"application\/ld+json\" class=\"yoast-schema-graph\">{\"@context\":\"https:\\\/\\\/schema.org\",\"@graph\":[{\"@type\":\"WebPage\",\"@id\":\"https:\\\/\\\/wakan.ec\\\/index.php\\\/producto\\\/control-xbox-elite-series-2-blanco\\\/\",\"url\":\"https:\\\/\\\/wakan.ec\\\/index.php\\\/producto\\\/control-xbox-elite-series-2-blanco\\\/\",\"name\":\"Control Xbox Elite Series 2 - Blanco - Wakan.ec\",\"isPartOf\":{\"@id\":\"https:\\\/\\\/wakan.ec\\\/#website\"},\"primaryImageOfPage\":{\"@id\":\"https:\\\/\\\/wakan.ec\\\/index.php\\\/producto\\\/control-xbox-elite-series-2-blanco\\\/#primaryimage\"},\"image\":{\"@id\":\"https:\\\/\\\/wakan.ec\\\/index.php\\\/producto\\\/control-xbox-elite-series-2-blanco\\\/#primaryimage\"},\"thumbnailUrl\":\"https:\\\/\\\/wakan.ec\\\/wp-content\\\/uploads\\\/2026\\\/02\\\/wp-17719637559691011407403920821956.png\",\"datePublished\":\"2026-02-24T19:53:27+00:00\",\"dateModified\":\"2026-02-25T22:28:50+00:00\",\"description\":\"Control Xbox Elite Series 2 Inal\u00e1mbrico juega como un profesional, desbloquea infinitas posibilidades de personalizaci\u00f3n. Rec\u00edbelo en todo el Ecuador.\",\"breadcrumb\":{\"@id\":\"https:\\\/\\\/wakan.ec\\\/index.php\\\/producto\\\/control-xbox-elite-series-2-blanco\\\/#breadcrumb\"},\"inLanguage\":\"es\",\"potentialAction\":[{\"@type\":\"ReadAction\",\"target\":[\"https:\\\/\\\/wakan.ec\\\/index.php\\\/producto\\\/control-xbox-elite-series-2-blanco\\\/\"]}]},{\"@type\":\"ImageObject\",\"inLanguage\":\"es\",\"@id\":\"https:\\\/\\\/wakan.ec\\\/index.php\\\/producto\\\/control-xbox-elite-series-2-blanco\\\/#primaryimage\",\"url\":\"https:\\\/\\\/wakan.ec\\\/wp-content\\\/uploads\\\/2026\\\/02\\\/wp-17719637559691011407403920821956.png\",\"contentUrl\":\"https:\\\/\\\/wakan.ec\\\/wp-content\\\/uploads\\\/2026\\\/02\\\/wp-17719637559691011407403920821956.png\",\"width\":1000,\"height\":1000,\"caption\":\"Control Xbox Elite Series 2 - Ecuador\"},{\"@type\":\"BreadcrumbList\",\"@id\":\"https:\\\/\\\/wakan.ec\\\/index.php\\\/producto\\\/control-xbox-elite-series-2-blanco\\\/#breadcrumb\",\"itemListElement\":[{\"@type\":\"ListItem\",\"position\":1,\"name\":\"Portada\",\"item\":\"https:\\\/\\\/wakan.ec\\\/\"},{\"@type\":\"ListItem\",\"position\":2,\"name\":\"Control Xbox Elite Series 2 &#8211; Blanco\"}]},{\"@type\":\"WebSite\",\"@id\":\"https:\\\/\\\/wakan.ec\\\/#website\",\"url\":\"https:\\\/\\\/wakan.ec\\\/\",\"name\":\"Wakan.ec\",\"description\":\"Tech - Fitness, entretenimiento y productividad.\",\"publisher\":{\"@id\":\"https:\\\/\\\/wakan.ec\\\/#organization\"},\"potentialAction\":[{\"@type\":\"SearchAction\",\"target\":{\"@type\":\"EntryPoint\",\"urlTemplate\":\"https:\\\/\\\/wakan.ec\\\/?s={search_term_string}\"},\"query-input\":{\"@type\":\"PropertyValueSpecification\",\"valueRequired\":true,\"valueName\":\"search_term_string\"}}],\"inLanguage\":\"es\"},{\"@type\":\"Organization\",\"@id\":\"https:\\\/\\\/wakan.ec\\\/#organization\",\"name\":\"Wak\u00e1n\",\"url\":\"https:\\\/\\\/wakan.ec\\\/\",\"logo\":{\"@type\":\"ImageObject\",\"inLanguage\":\"es\",\"@id\":\"https:\\\/\\\/wakan.ec\\\/#\\\/schema\\\/logo\\\/image\\\/\",\"url\":\"https:\\\/\\\/wakan.ec\\\/wp-content\\\/uploads\\\/2021\\\/12\\\/wakan-Logo.png\",\"contentUrl\":\"https:\\\/\\\/wakan.ec\\\/wp-content\\\/uploads\\\/2021\\\/12\\\/wakan-Logo.png\",\"width\":1080,\"height\":1080,\"caption\":\"Wak\u00e1n\"},\"image\":{\"@id\":\"https:\\\/\\\/wakan.ec\\\/#\\\/schema\\\/logo\\\/image\\\/\"},\"sameAs\":[\"https:\\\/\\\/www.facebook.com\\\/wakantienda\",\"https:\\\/\\\/www.instagram.com\\\/wakantienda\",\"https:\\\/\\\/www.youtube.com\\\/wakan\"]}]}<\/script>\n<!-- \/ Yoast SEO plugin. -->","yoast_head_json":{"title":"Control Xbox Elite Series 2 - Blanco - Wakan.ec","description":"Control Xbox Elite Series 2 Inal\u00e1mbrico juega como un profesional, desbloquea infinitas posibilidades de personalizaci\u00f3n. Rec\u00edbelo en todo el Ecuador.","robots":{"index":"index","follow":"follow","max-snippet":"max-snippet:-1","max-image-preview":"max-image-preview:large","max-video-preview":"max-video-preview:-1"},"canonical":"https:\/\/wakan.ec\/index.php\/producto\/control-xbox-elite-series-2-blanco\/","og_locale":"es_ES","og_type":"article","og_title":"Control Xbox Elite Series 2 - Blanco - Wakan.ec","og_description":"Control Xbox Elite Series 2 Inal\u00e1mbrico juega como un profesional, desbloquea infinitas posibilidades de personalizaci\u00f3n. Rec\u00edbelo en todo el Ecuador.","og_url":"https:\/\/wakan.ec\/index.php\/producto\/control-xbox-elite-series-2-blanco\/","og_site_name":"Wakan.ec","article_publisher":"https:\/\/www.facebook.com\/wakantienda","article_modified_time":"2026-02-25T22:28:50+00:00","og_image":[{"width":1000,"height":1000,"url":"https:\/\/wakan.ec\/wp-content\/uploads\/2026\/02\/wp-17719637559691011407403920821956.png","type":"image\/png"}],"twitter_card":"summary_large_image","twitter_misc":{"Tiempo de lectura":"2 minutos"},"schema":{"@context":"https:\/\/schema.org","@graph":[{"@type":"WebPage","@id":"https:\/\/wakan.ec\/index.php\/producto\/control-xbox-elite-series-2-blanco\/","url":"https:\/\/wakan.ec\/index.php\/producto\/control-xbox-elite-series-2-blanco\/","name":"Control Xbox Elite Series 2 - Blanco - Wakan.ec","isPartOf":{"@id":"https:\/\/wakan.ec\/#website"},"primaryImageOfPage":{"@id":"https:\/\/wakan.ec\/index.php\/producto\/control-xbox-elite-series-2-blanco\/#primaryimage"},"image":{"@id":"https:\/\/wakan.ec\/index.php\/producto\/control-xbox-elite-series-2-blanco\/#primaryimage"},"thumbnailUrl":"https:\/\/wakan.ec\/wp-content\/uploads\/2026\/02\/wp-17719637559691011407403920821956.png","datePublished":"2026-02-24T19:53:27+00:00","dateModified":"2026-02-25T22:28:50+00:00","description":"Control Xbox Elite Series 2 Inal\u00e1mbrico juega como un profesional, desbloquea infinitas posibilidades de personalizaci\u00f3n. Rec\u00edbelo en todo el Ecuador.","breadcrumb":{"@id":"https:\/\/wakan.ec\/index.php\/producto\/control-xbox-elite-series-2-blanco\/#breadcrumb"},"inLanguage":"es","potentialAction":[{"@type":"ReadAction","target":["https:\/\/wakan.ec\/index.php\/producto\/control-xbox-elite-series-2-blanco\/"]}]},{"@type":"ImageObject","inLanguage":"es","@id":"https:\/\/wakan.ec\/index.php\/producto\/control-xbox-elite-series-2-blanco\/#primaryimage","url":"https:\/\/wakan.ec\/wp-content\/uploads\/2026\/02\/wp-17719637559691011407403920821956.png","contentUrl":"https:\/\/wakan.ec\/wp-content\/uploads\/2026\/02\/wp-17719637559691011407403920821956.png","width":1000,"height":1000,"caption":"Control Xbox Elite Series 2 - Ecuador"},{"@type":"BreadcrumbList","@id":"https:\/\/wakan.ec\/index.php\/producto\/control-xbox-elite-series-2-blanco\/#breadcrumb","itemListElement":[{"@type":"ListItem","position":1,"name":"Portada","item":"https:\/\/wakan.ec\/"},{"@type":"ListItem","position":2,"name":"Control Xbox Elite Series 2 &#8211; Blanco"}]},{"@type":"WebSite","@id":"https:\/\/wakan.ec\/#website","url":"https:\/\/wakan.ec\/","name":"Wakan.ec","description":"Tech - Fitness, entretenimiento y productividad.","publisher":{"@id":"https:\/\/wakan.ec\/#organization"},"potentialAction":[{"@type":"SearchAction","target":{"@type":"EntryPoint","urlTemplate":"https:\/\/wakan.ec\/?s={search_term_string}"},"query-input":{"@type":"PropertyValueSpecification","valueRequired":true,"valueName":"search_term_string"}}],"inLanguage":"es"},{"@type":"Organization","@id":"https:\/\/wakan.ec\/#organization","name":"Wak\u00e1n","url":"https:\/\/wakan.ec\/","logo":{"@type":"ImageObject","inLanguage":"es","@id":"https:\/\/wakan.ec\/#\/schema\/logo\/image\/","url":"https:\/\/wakan.ec\/wp-content\/uploads\/2021\/12\/wakan-Logo.png","contentUrl":"https:\/\/wakan.ec\/wp-content\/uploads\/2021\/12\/wakan-Logo.png","width":1080,"height":1080,"caption":"Wak\u00e1n"},"image":{"@id":"https:\/\/wakan.ec\/#\/schema\/logo\/image\/"},"sameAs":["https:\/\/www.facebook.com\/wakantienda","https:\/\/www.instagram.com\/wakantienda","https:\/\/www.youtube.com\/wakan"]}]}},"_links":{"self":[{"href":"https:\/\/wakan.ec\/index.php\/wp-json\/wp\/v2\/product\/3986","targetHints":{"allow":["GET"]}}],"collection":[{"href":"https:\/\/wakan.ec\/index.php\/wp-json\/wp\/v2\/product"}],"about":[{"href":"https:\/\/wakan.ec\/index.php\/wp-json\/wp\/v2\/types\/product"}],"replies":[{"embeddable":true,"href":"https:\/\/wakan.ec\/index.php\/wp-json\/wp\/v2\/comments?post=3986"}],"wp:featuredmedia":[{"embeddable":true,"href":"https:\/\/wakan.ec\/index.php\/wp-json\/wp\/v2\/media\/3990"}],"wp:attachment":[{"href":"https:\/\/wakan.ec\/index.php\/wp-json\/wp\/v2\/media?parent=3986"}],"wp:term":[{"taxonomy":"product_brand","embeddable":true,"href":"https:\/\/wakan.ec\/index.php\/wp-json\/wp\/v2\/product_brand?post=3986"},{"taxonomy":"product_cat","embeddable":true,"href":"https:\/\/wakan.ec\/index.php\/wp-json\/wp\/v2\/product_cat?post=3986"},{"taxonomy":"product_tag","embeddable":true,"href":"https:\/\/wakan.ec\/index.php\/wp-json\/wp\/v2\/product_tag?post=3986"}],"curies":[{"name":"wp","href":"https:\/\/api.w.org\/{rel}","templated":true}]}}