{"id":3879,"date":"2026-02-02T14:38:46","date_gmt":"2026-02-02T19:38:46","guid":{"rendered":"https:\/\/wakan.ec\/?post_type=product&#038;p=3879"},"modified":"2026-03-31T17:08:29","modified_gmt":"2026-03-31T22:08:29","slug":"huawei-freebuds-se-4-blanco-perla","status":"publish","type":"product","link":"https:\/\/wakan.ec\/index.php\/producto\/huawei-freebuds-se-4-blanco-perla\/","title":{"rendered":"Huawei FreeBuds SE 4 &#8211; Blanco Perla"},"content":{"rendered":"<p>Los Huawei FreeBuds SE 4 &#8211; Blanco cuentan con emparejamiento autom\u00e1tico y reconexi\u00f3n autom\u00e1ticos, adem\u00e1s son compatibles con cualquier dispositivo o consola.<\/p>\n<h4>Estilos para disfrutar<\/h4>\n<p>Mant\u00e9n tu estilo con un estuche de carga cl\u00e1sico que cabe perfectamente en cualquier bolsillo.<\/p>\n<p>El aud\u00edfono pesa solo 4.3 gramos, cuenta con un dise\u00f1o ergon\u00f3mico intraauricular basado en m\u00e1s de 10,000 datos de canales auditivos para ofrecer un ajuste c\u00f3modo.<\/p>\n<h4>Carga en un instante<\/h4>\n<p>Carga durante 10 minutos para escuchar durante 4 horas y disfruta de 50 horas de reproducci\u00f3n de m\u00fasica con una carga completa.<\/p>\n<p>Hasta 50 horas de reproducci\u00f3n con el estuche de carga, hasta 10 horas de reproducci\u00f3n con una carga completa y la ANC desactivada.<\/p>\n<p>Hasta 7 horas de reproducci\u00f3n con una carga completa y la ANC activada.<\/p>\n<h4>Adi\u00f3s ruido<\/h4>\n<p>Escucha con total comodidad con cancelaci\u00f3n activa de ruido, ANC.<\/p>\n<p>Dile adi\u00f3s a los ruidos de fondo, disfruta de un sonido m\u00e1s n\u00edtido. Elige entre tres modos de cancelaci\u00f3n de ruido con una profundidad media de hasta 24 dB en todo el rango, para adaptarte a tu entorno actual.<\/p>\n<p>Llamadas n\u00edtidas en cualquier lugar, los tres micr\u00f3fonos direccionales distinguen las voces, bloquean el ruido de fondo y mantienen tus llamadas claras y estables.<\/p>\n<h4>Escucha a tu manera<\/h4>\n<p>Equipado con potentes drivers, ofrece un sonido equilibrado en agudos, medios y graves. Disfruta m\u00fasica, audiolibros o videos con sonido envolvente gracias a cuatro pre-ajustes de ecualizaci\u00f3n y ajustes personalizables.<\/p>\n<p>Mantente conectado en todo momento con la s\u00f3lida compatibilidad con Bluetooth 5.4 y disfruta de sonido e imagen sincronizados tanto si est\u00e1s viendo una pel\u00edcula como jugando.<\/p>\n<p>Toca para reproducir m\u00fasica saltar pistas responder llamadas o hacer una pregunta.<\/p>\n<p><em>Cuentan con resistencia certificada IP54 a polvo y agua.<\/em><\/p>\n<h4>En la caja<\/h4>\n<ul>\n<li>Huawei FreeBuds SE 4 &#8211; Blanco Perla <em>x2<\/em><\/li>\n<li>Estuche de carga <em>x1<\/em><\/li>\n<li>Almohadillas <em>x4<\/em><\/li>\n<li>Gu\u00eda de usuario <em>x1<\/em><\/li>\n<li>Tarjeta de garant\u00eda <em>x1<\/em><\/li>\n<\/ul>\n","protected":false},"excerpt":{"rendered":"<p><em>Disfruta m\u00fasica, juegos o audiolibros con sonido envolvente, cuatro niveles de ecualizaci\u00f3n y ajustes personalizables.<\/em><\/p>\n<h4>Adi\u00f3s ruido<\/h4>\n<ul>\n<li>Cancelaci\u00f3n de ruido con una media de hasta 24 dB.<\/li>\n<li>Hasta 50 horas de reproducci\u00f3n con el estuche.<\/li>\n<li>Almohadillas suaves con la piel de 3 tama\u00f1os.<\/li>\n<li>Dise\u00f1o ergon\u00f3mico intraauricular.<\/li>\n<li>S\u00f3lida compatibilidad con Bluetooth 5.4<\/li>\n<\/ul>\n<h4>Rec\u00edbelos en todo el Ecuador<\/h4>\n<p>Estado: Nuevo\/Sellado<\/p>\n","protected":false},"featured_media":3871,"comment_status":"open","ping_status":"closed","template":"","meta":{"site-sidebar-layout":"default","site-content-layout":"","ast-site-content-layout":"default","site-content-style":"default","site-sidebar-style":"default","ast-global-header-display":"","ast-banner-title-visibility":"","ast-main-header-display":"","ast-hfb-above-header-display":"","ast-hfb-below-header-display":"","ast-hfb-mobile-header-display":"","site-post-title":"","ast-breadcrumbs-content":"","ast-featured-img":"","footer-sml-layout":"","ast-disable-related-posts":"","theme-transparent-header-meta":"default","adv-header-id-meta":"","stick-header-meta":"","header-above-stick-meta":"","header-main-stick-meta":"","header-below-stick-meta":"","astra-migrate-meta-layouts":"set","ast-page-background-enabled":"default","ast-page-background-meta":{"desktop":{"background-color":"","background-image":"","background-repeat":"repeat","background-position":"center center","background-size":"auto","background-attachment":"scroll","background-type":"","background-media":"","overlay-type":"","overlay-color":"","overlay-opacity":"","overlay-gradient":""},"tablet":{"background-color":"","background-image":"","background-repeat":"repeat","background-position":"center center","background-size":"auto","background-attachment":"scroll","background-type":"","background-media":"","overlay-type":"","overlay-color":"","overlay-opacity":"","overlay-gradient":""},"mobile":{"background-color":"","background-image":"","background-repeat":"repeat","background-position":"center center","background-size":"auto","background-attachment":"scroll","background-type":"","background-media":"","overlay-type":"","overlay-color":"","overlay-opacity":"","overlay-gradient":""}},"ast-content-background-meta":{"desktop":{"background-color":"var(--ast-global-color-5)","background-image":"","background-repeat":"repeat","background-position":"center center","background-size":"auto","background-attachment":"scroll","background-type":"","background-media":"","overlay-type":"","overlay-color":"","overlay-opacity":"","overlay-gradient":""},"tablet":{"background-color":"var(--ast-global-color-5)","background-image":"","background-repeat":"repeat","background-position":"center center","background-size":"auto","background-attachment":"scroll","background-type":"","background-media":"","overlay-type":"","overlay-color":"","overlay-opacity":"","overlay-gradient":""},"mobile":{"background-color":"var(--ast-global-color-5)","background-image":"","background-repeat":"repeat","background-position":"center center","background-size":"auto","background-attachment":"scroll","background-type":"","background-media":"","overlay-type":"","overlay-color":"","overlay-opacity":"","overlay-gradient":""}}},"product_brand":[],"product_cat":[243],"product_tag":[],"class_list":{"0":"post-3879","1":"product","2":"type-product","3":"status-publish","4":"has-post-thumbnail","6":"product_cat-huawei-freebuds-se-4-anc","7":"desktop-align-left","8":"tablet-align-left","9":"mobile-align-left","11":"first","12":"instock","13":"sale","14":"purchasable","15":"product-type-simple"},"yoast_head":"<!-- This site is optimized with the Yoast SEO plugin v27.3 - https:\/\/yoast.com\/product\/yoast-seo-wordpress\/ -->\n<title>Huawei FreeBuds SE 4 - Blanco Perla - Wakan.ec<\/title>\n<meta name=\"description\" content=\"Disfruta m\u00fasica, audiolibros o videos con sonido envolvente y cancelaci\u00f3n de ruido de hasta 24 dB. Huawei FreeBuds SE 4 - Blanco en todo el Ecuador.\" \/>\n<meta name=\"robots\" content=\"index, follow, max-snippet:-1, max-image-preview:large, max-video-preview:-1\" \/>\n<link rel=\"canonical\" href=\"https:\/\/wakan.ec\/index.php\/producto\/huawei-freebuds-se-4-blanco-perla\/\" \/>\n<meta property=\"og:locale\" content=\"es_ES\" \/>\n<meta property=\"og:type\" content=\"article\" \/>\n<meta property=\"og:title\" content=\"Huawei FreeBuds SE 4 - Blanco Perla - Wakan.ec\" \/>\n<meta property=\"og:description\" content=\"Disfruta m\u00fasica, audiolibros o videos con sonido envolvente y cancelaci\u00f3n de ruido de hasta 24 dB. Huawei FreeBuds SE 4 - Blanco en todo el Ecuador.\" \/>\n<meta property=\"og:url\" content=\"https:\/\/wakan.ec\/index.php\/producto\/huawei-freebuds-se-4-blanco-perla\/\" \/>\n<meta property=\"og:site_name\" content=\"Wakan.ec\" \/>\n<meta property=\"article:publisher\" content=\"https:\/\/www.facebook.com\/wakantienda\" \/>\n<meta property=\"article:modified_time\" content=\"2026-03-31T22:08:29+00:00\" \/>\n<meta property=\"og:image\" content=\"https:\/\/wakan.ec\/wp-content\/uploads\/2026\/02\/wp-17700604719261490855653366144519.png\" \/>\n\t<meta property=\"og:image:width\" content=\"1000\" \/>\n\t<meta property=\"og:image:height\" content=\"1000\" \/>\n\t<meta property=\"og:image:type\" content=\"image\/png\" \/>\n<meta name=\"twitter:card\" content=\"summary_large_image\" \/>\n<meta name=\"twitter:label1\" content=\"Tiempo de lectura\" \/>\n\t<meta name=\"twitter:data1\" content=\"2 minutos\" \/>\n<script type=\"application\/ld+json\" class=\"yoast-schema-graph\">{\"@context\":\"https:\\\/\\\/schema.org\",\"@graph\":[{\"@type\":\"WebPage\",\"@id\":\"https:\\\/\\\/wakan.ec\\\/index.php\\\/producto\\\/huawei-freebuds-se-4-blanco-perla\\\/\",\"url\":\"https:\\\/\\\/wakan.ec\\\/index.php\\\/producto\\\/huawei-freebuds-se-4-blanco-perla\\\/\",\"name\":\"Huawei FreeBuds SE 4 - Blanco Perla - Wakan.ec\",\"isPartOf\":{\"@id\":\"https:\\\/\\\/wakan.ec\\\/#website\"},\"primaryImageOfPage\":{\"@id\":\"https:\\\/\\\/wakan.ec\\\/index.php\\\/producto\\\/huawei-freebuds-se-4-blanco-perla\\\/#primaryimage\"},\"image\":{\"@id\":\"https:\\\/\\\/wakan.ec\\\/index.php\\\/producto\\\/huawei-freebuds-se-4-blanco-perla\\\/#primaryimage\"},\"thumbnailUrl\":\"https:\\\/\\\/wakan.ec\\\/wp-content\\\/uploads\\\/2026\\\/02\\\/wp-17700604719261490855653366144519.png\",\"datePublished\":\"2026-02-02T19:38:46+00:00\",\"dateModified\":\"2026-03-31T22:08:29+00:00\",\"description\":\"Disfruta m\u00fasica, audiolibros o videos con sonido envolvente y cancelaci\u00f3n de ruido de hasta 24 dB. Huawei FreeBuds SE 4 - Blanco en todo el Ecuador.\",\"breadcrumb\":{\"@id\":\"https:\\\/\\\/wakan.ec\\\/index.php\\\/producto\\\/huawei-freebuds-se-4-blanco-perla\\\/#breadcrumb\"},\"inLanguage\":\"es\",\"potentialAction\":[{\"@type\":\"ReadAction\",\"target\":[\"https:\\\/\\\/wakan.ec\\\/index.php\\\/producto\\\/huawei-freebuds-se-4-blanco-perla\\\/\"]}]},{\"@type\":\"ImageObject\",\"inLanguage\":\"es\",\"@id\":\"https:\\\/\\\/wakan.ec\\\/index.php\\\/producto\\\/huawei-freebuds-se-4-blanco-perla\\\/#primaryimage\",\"url\":\"https:\\\/\\\/wakan.ec\\\/wp-content\\\/uploads\\\/2026\\\/02\\\/wp-17700604719261490855653366144519.png\",\"contentUrl\":\"https:\\\/\\\/wakan.ec\\\/wp-content\\\/uploads\\\/2026\\\/02\\\/wp-17700604719261490855653366144519.png\",\"width\":1000,\"height\":1000,\"caption\":\"Huawei FreeBuds SE 4 - Blanco - Ecuador\"},{\"@type\":\"BreadcrumbList\",\"@id\":\"https:\\\/\\\/wakan.ec\\\/index.php\\\/producto\\\/huawei-freebuds-se-4-blanco-perla\\\/#breadcrumb\",\"itemListElement\":[{\"@type\":\"ListItem\",\"position\":1,\"name\":\"Portada\",\"item\":\"https:\\\/\\\/wakan.ec\\\/\"},{\"@type\":\"ListItem\",\"position\":2,\"name\":\"Wakan.ec\",\"item\":\"https:\\\/\\\/wakan.ec\\\/\"},{\"@type\":\"ListItem\",\"position\":3,\"name\":\"Huawei FreeBuds SE 4 &#8211; Blanco Perla\"}]},{\"@type\":\"WebSite\",\"@id\":\"https:\\\/\\\/wakan.ec\\\/#website\",\"url\":\"https:\\\/\\\/wakan.ec\\\/\",\"name\":\"Wakan.ec\",\"description\":\"Tech - Fitness, entretenimiento y productividad.\",\"publisher\":{\"@id\":\"https:\\\/\\\/wakan.ec\\\/#organization\"},\"potentialAction\":[{\"@type\":\"SearchAction\",\"target\":{\"@type\":\"EntryPoint\",\"urlTemplate\":\"https:\\\/\\\/wakan.ec\\\/?s={search_term_string}\"},\"query-input\":{\"@type\":\"PropertyValueSpecification\",\"valueRequired\":true,\"valueName\":\"search_term_string\"}}],\"inLanguage\":\"es\"},{\"@type\":\"Organization\",\"@id\":\"https:\\\/\\\/wakan.ec\\\/#organization\",\"name\":\"Wak\u00e1n\",\"url\":\"https:\\\/\\\/wakan.ec\\\/\",\"logo\":{\"@type\":\"ImageObject\",\"inLanguage\":\"es\",\"@id\":\"https:\\\/\\\/wakan.ec\\\/#\\\/schema\\\/logo\\\/image\\\/\",\"url\":\"https:\\\/\\\/wakan.ec\\\/wp-content\\\/uploads\\\/2021\\\/12\\\/wakan-Logo.png\",\"contentUrl\":\"https:\\\/\\\/wakan.ec\\\/wp-content\\\/uploads\\\/2021\\\/12\\\/wakan-Logo.png\",\"width\":1080,\"height\":1080,\"caption\":\"Wak\u00e1n\"},\"image\":{\"@id\":\"https:\\\/\\\/wakan.ec\\\/#\\\/schema\\\/logo\\\/image\\\/\"},\"sameAs\":[\"https:\\\/\\\/www.facebook.com\\\/wakantienda\",\"https:\\\/\\\/www.instagram.com\\\/wakantienda\",\"https:\\\/\\\/www.youtube.com\\\/wakan\"]}]}<\/script>\n<!-- \/ Yoast SEO plugin. -->","yoast_head_json":{"title":"Huawei FreeBuds SE 4 - Blanco Perla - Wakan.ec","description":"Disfruta m\u00fasica, audiolibros o videos con sonido envolvente y cancelaci\u00f3n de ruido de hasta 24 dB. Huawei FreeBuds SE 4 - Blanco en todo el Ecuador.","robots":{"index":"index","follow":"follow","max-snippet":"max-snippet:-1","max-image-preview":"max-image-preview:large","max-video-preview":"max-video-preview:-1"},"canonical":"https:\/\/wakan.ec\/index.php\/producto\/huawei-freebuds-se-4-blanco-perla\/","og_locale":"es_ES","og_type":"article","og_title":"Huawei FreeBuds SE 4 - Blanco Perla - Wakan.ec","og_description":"Disfruta m\u00fasica, audiolibros o videos con sonido envolvente y cancelaci\u00f3n de ruido de hasta 24 dB. Huawei FreeBuds SE 4 - Blanco en todo el Ecuador.","og_url":"https:\/\/wakan.ec\/index.php\/producto\/huawei-freebuds-se-4-blanco-perla\/","og_site_name":"Wakan.ec","article_publisher":"https:\/\/www.facebook.com\/wakantienda","article_modified_time":"2026-03-31T22:08:29+00:00","og_image":[{"width":1000,"height":1000,"url":"https:\/\/wakan.ec\/wp-content\/uploads\/2026\/02\/wp-17700604719261490855653366144519.png","type":"image\/png"}],"twitter_card":"summary_large_image","twitter_misc":{"Tiempo de lectura":"2 minutos"},"schema":{"@context":"https:\/\/schema.org","@graph":[{"@type":"WebPage","@id":"https:\/\/wakan.ec\/index.php\/producto\/huawei-freebuds-se-4-blanco-perla\/","url":"https:\/\/wakan.ec\/index.php\/producto\/huawei-freebuds-se-4-blanco-perla\/","name":"Huawei FreeBuds SE 4 - Blanco Perla - Wakan.ec","isPartOf":{"@id":"https:\/\/wakan.ec\/#website"},"primaryImageOfPage":{"@id":"https:\/\/wakan.ec\/index.php\/producto\/huawei-freebuds-se-4-blanco-perla\/#primaryimage"},"image":{"@id":"https:\/\/wakan.ec\/index.php\/producto\/huawei-freebuds-se-4-blanco-perla\/#primaryimage"},"thumbnailUrl":"https:\/\/wakan.ec\/wp-content\/uploads\/2026\/02\/wp-17700604719261490855653366144519.png","datePublished":"2026-02-02T19:38:46+00:00","dateModified":"2026-03-31T22:08:29+00:00","description":"Disfruta m\u00fasica, audiolibros o videos con sonido envolvente y cancelaci\u00f3n de ruido de hasta 24 dB. Huawei FreeBuds SE 4 - Blanco en todo el Ecuador.","breadcrumb":{"@id":"https:\/\/wakan.ec\/index.php\/producto\/huawei-freebuds-se-4-blanco-perla\/#breadcrumb"},"inLanguage":"es","potentialAction":[{"@type":"ReadAction","target":["https:\/\/wakan.ec\/index.php\/producto\/huawei-freebuds-se-4-blanco-perla\/"]}]},{"@type":"ImageObject","inLanguage":"es","@id":"https:\/\/wakan.ec\/index.php\/producto\/huawei-freebuds-se-4-blanco-perla\/#primaryimage","url":"https:\/\/wakan.ec\/wp-content\/uploads\/2026\/02\/wp-17700604719261490855653366144519.png","contentUrl":"https:\/\/wakan.ec\/wp-content\/uploads\/2026\/02\/wp-17700604719261490855653366144519.png","width":1000,"height":1000,"caption":"Huawei FreeBuds SE 4 - Blanco - Ecuador"},{"@type":"BreadcrumbList","@id":"https:\/\/wakan.ec\/index.php\/producto\/huawei-freebuds-se-4-blanco-perla\/#breadcrumb","itemListElement":[{"@type":"ListItem","position":1,"name":"Portada","item":"https:\/\/wakan.ec\/"},{"@type":"ListItem","position":2,"name":"Wakan.ec","item":"https:\/\/wakan.ec\/"},{"@type":"ListItem","position":3,"name":"Huawei FreeBuds SE 4 &#8211; Blanco Perla"}]},{"@type":"WebSite","@id":"https:\/\/wakan.ec\/#website","url":"https:\/\/wakan.ec\/","name":"Wakan.ec","description":"Tech - Fitness, entretenimiento y productividad.","publisher":{"@id":"https:\/\/wakan.ec\/#organization"},"potentialAction":[{"@type":"SearchAction","target":{"@type":"EntryPoint","urlTemplate":"https:\/\/wakan.ec\/?s={search_term_string}"},"query-input":{"@type":"PropertyValueSpecification","valueRequired":true,"valueName":"search_term_string"}}],"inLanguage":"es"},{"@type":"Organization","@id":"https:\/\/wakan.ec\/#organization","name":"Wak\u00e1n","url":"https:\/\/wakan.ec\/","logo":{"@type":"ImageObject","inLanguage":"es","@id":"https:\/\/wakan.ec\/#\/schema\/logo\/image\/","url":"https:\/\/wakan.ec\/wp-content\/uploads\/2021\/12\/wakan-Logo.png","contentUrl":"https:\/\/wakan.ec\/wp-content\/uploads\/2021\/12\/wakan-Logo.png","width":1080,"height":1080,"caption":"Wak\u00e1n"},"image":{"@id":"https:\/\/wakan.ec\/#\/schema\/logo\/image\/"},"sameAs":["https:\/\/www.facebook.com\/wakantienda","https:\/\/www.instagram.com\/wakantienda","https:\/\/www.youtube.com\/wakan"]}]}},"_links":{"self":[{"href":"https:\/\/wakan.ec\/index.php\/wp-json\/wp\/v2\/product\/3879","targetHints":{"allow":["GET"]}}],"collection":[{"href":"https:\/\/wakan.ec\/index.php\/wp-json\/wp\/v2\/product"}],"about":[{"href":"https:\/\/wakan.ec\/index.php\/wp-json\/wp\/v2\/types\/product"}],"replies":[{"embeddable":true,"href":"https:\/\/wakan.ec\/index.php\/wp-json\/wp\/v2\/comments?post=3879"}],"wp:featuredmedia":[{"embeddable":true,"href":"https:\/\/wakan.ec\/index.php\/wp-json\/wp\/v2\/media\/3871"}],"wp:attachment":[{"href":"https:\/\/wakan.ec\/index.php\/wp-json\/wp\/v2\/media?parent=3879"}],"wp:term":[{"taxonomy":"product_brand","embeddable":true,"href":"https:\/\/wakan.ec\/index.php\/wp-json\/wp\/v2\/product_brand?post=3879"},{"taxonomy":"product_cat","embeddable":true,"href":"https:\/\/wakan.ec\/index.php\/wp-json\/wp\/v2\/product_cat?post=3879"},{"taxonomy":"product_tag","embeddable":true,"href":"https:\/\/wakan.ec\/index.php\/wp-json\/wp\/v2\/product_tag?post=3879"}],"curies":[{"name":"wp","href":"https:\/\/api.w.org\/{rel}","templated":true}]}}