{"id":3852,"date":"2026-01-28T10:06:23","date_gmt":"2026-01-28T15:06:23","guid":{"rendered":"https:\/\/wakan.ec\/?post_type=product&#038;p=3852"},"modified":"2026-05-08T13:57:18","modified_gmt":"2026-05-08T18:57:18","slug":"xbox-bateria-recargable","status":"publish","type":"product","link":"https:\/\/wakan.ec\/index.php\/producto\/xbox-bateria-recargable\/","title":{"rendered":"Xbox Bater\u00eda Recargable"},"content":{"rendered":"<p><em>Xbox<\/em> <em>Bater\u00eda Recargable, <\/em>incluye el cable USB-C para que puedas cargar tu control con la consola. Desp\u00eddete de las pilas AA y juega sin parar.<\/p>\n<h4>Juego ininterrumpido<\/h4>\n<p>Mant\u00e9n tu control con carga y listo para jugar cuando quieras. La bater\u00eda recargable de larga duraci\u00f3n se carga completamente en menos de 4 horas y te permite jugar hasta 30 horas sin parar.<\/p>\n<p>Recarga mientras juegas o despu\u00e9s, incluso cuando tu Xbox est\u00e9 en modo de espera.<\/p>\n<p>Desp\u00eddete de las bater\u00edas desechables y la jugabilidad interrumpida.<\/p>\n<h4>Juega sin l\u00edmites<\/h4>\n<p>Funciona con controladores inal\u00e1mbricos de Xbox One y Xbox Series X|S.<\/p>\n<p>El puerto USB-C se empareja r\u00e1pidamente y cambia entre dispositivos incluyendo Xbox Series X|S, Xbox One, Windows, PC, y iOS.<\/p>\n<p>La bater\u00eda recargable contribuye al medio ambiente, evita el consumo de pilas AA y su posterior desecho.<\/p>\n<h4>Mant\u00e9n la acci\u00f3n<\/h4>\n<p>Siempre listo para jugar, la bater\u00eda mantiene los controles con energ\u00eda, para que te unas a la acci\u00f3n cuando quieras.<\/p>\n<p>Puedes conectar el control a la consola, PC o laptop mientras juegas, antes de empezar o despu\u00e9s de una intensa sesi\u00f3n de juego.<\/p>\n<p>El dispositivo est\u00e1 compuesto de una bater\u00eda de larga duraci\u00f3n, se carga al 100% en menos de 4 horas.<\/p>\n<h4>En la caja<\/h4>\n<ul>\n<li>Xbox Bater\u00eda Recargable <em>x1<\/em><\/li>\n<li>Cable USB-C <em>x1<\/em><\/li>\n<li>Gu\u00eda de usuario <em>x1<\/em><\/li>\n<\/ul>\n","protected":false},"excerpt":{"rendered":"<p><em>Desp\u00eddete de las pilas AA y mant\u00e9n la acci\u00f3n sin interrupciones con la bater\u00eda recargable de larga duraci\u00f3n.<\/em><\/p>\n<h4>Juego ininterrumpido<\/h4>\n<ul>\n<li>Juega por hasta 30 horas sin parar.<\/li>\n<li>Recarga durante o despu\u00e9s del juego.<\/li>\n<li>Carga completamente en menos de 4 horas.<\/li>\n<li>Para controles de Xbox One y Xbox Series X|S.<\/li>\n<li><span style=\"font-size: 16px;\">Incluye cable USB-C.<\/span><\/li>\n<\/ul>\n<h4>Rec\u00edbelo en todo el Ecuador.<\/h4>\n<p>Estado: Nuevo\/Sellado<\/p>\n","protected":false},"featured_media":3861,"comment_status":"open","ping_status":"closed","template":"","meta":{"site-sidebar-layout":"default","site-content-layout":"","ast-site-content-layout":"default","site-content-style":"default","site-sidebar-style":"default","ast-global-header-display":"","ast-banner-title-visibility":"","ast-main-header-display":"","ast-hfb-above-header-display":"","ast-hfb-below-header-display":"","ast-hfb-mobile-header-display":"","site-post-title":"","ast-breadcrumbs-content":"","ast-featured-img":"","footer-sml-layout":"","ast-disable-related-posts":"","theme-transparent-header-meta":"default","adv-header-id-meta":"","stick-header-meta":"","header-above-stick-meta":"","header-main-stick-meta":"","header-below-stick-meta":"","astra-migrate-meta-layouts":"set","ast-page-background-enabled":"default","ast-page-background-meta":{"desktop":{"background-color":"","background-image":"","background-repeat":"repeat","background-position":"center center","background-size":"auto","background-attachment":"scroll","background-type":"","background-media":"","overlay-type":"","overlay-color":"","overlay-opacity":"","overlay-gradient":""},"tablet":{"background-color":"","background-image":"","background-repeat":"repeat","background-position":"center center","background-size":"auto","background-attachment":"scroll","background-type":"","background-media":"","overlay-type":"","overlay-color":"","overlay-opacity":"","overlay-gradient":""},"mobile":{"background-color":"","background-image":"","background-repeat":"repeat","background-position":"center center","background-size":"auto","background-attachment":"scroll","background-type":"","background-media":"","overlay-type":"","overlay-color":"","overlay-opacity":"","overlay-gradient":""}},"ast-content-background-meta":{"desktop":{"background-color":"var(--ast-global-color-5)","background-image":"","background-repeat":"repeat","background-position":"center center","background-size":"auto","background-attachment":"scroll","background-type":"","background-media":"","overlay-type":"","overlay-color":"","overlay-opacity":"","overlay-gradient":""},"tablet":{"background-color":"var(--ast-global-color-5)","background-image":"","background-repeat":"repeat","background-position":"center center","background-size":"auto","background-attachment":"scroll","background-type":"","background-media":"","overlay-type":"","overlay-color":"","overlay-opacity":"","overlay-gradient":""},"mobile":{"background-color":"var(--ast-global-color-5)","background-image":"","background-repeat":"repeat","background-position":"center center","background-size":"auto","background-attachment":"scroll","background-type":"","background-media":"","overlay-type":"","overlay-color":"","overlay-opacity":"","overlay-gradient":""}}},"product_brand":[],"product_cat":[217],"product_tag":[],"class_list":{"0":"post-3852","1":"product","2":"type-product","3":"status-publish","4":"has-post-thumbnail","6":"product_cat-xbox","7":"desktop-align-left","8":"tablet-align-left","9":"mobile-align-left","11":"first","12":"instock","13":"sale","14":"purchasable","15":"product-type-simple"},"yoast_head":"<!-- This site is optimized with the Yoast SEO plugin v27.5 - https:\/\/yoast.com\/product\/yoast-seo-wordpress\/ -->\n<title>Xbox Bater\u00eda Recargable - Wakan.ec<\/title>\n<meta name=\"description\" content=\"Xbox Bater\u00eda Recargable, compatible con Controles de Xbox One y Xbox Series X. Incluye cable USB-C. Rec\u00edbelo en todo el Ecuador.\" \/>\n<meta name=\"robots\" content=\"index, follow, max-snippet:-1, max-image-preview:large, max-video-preview:-1\" \/>\n<link rel=\"canonical\" href=\"https:\/\/wakan.ec\/index.php\/producto\/xbox-bateria-recargable\/\" \/>\n<meta property=\"og:locale\" content=\"es_ES\" \/>\n<meta property=\"og:type\" content=\"article\" \/>\n<meta property=\"og:title\" content=\"Xbox Bater\u00eda Recargable - Wakan.ec\" \/>\n<meta property=\"og:description\" content=\"Xbox Bater\u00eda Recargable, compatible con Controles de Xbox One y Xbox Series X. Incluye cable USB-C. Rec\u00edbelo en todo el Ecuador.\" \/>\n<meta property=\"og:url\" content=\"https:\/\/wakan.ec\/index.php\/producto\/xbox-bateria-recargable\/\" \/>\n<meta property=\"og:site_name\" content=\"Wakan.ec\" \/>\n<meta property=\"article:publisher\" content=\"https:\/\/www.facebook.com\/wakantienda\" \/>\n<meta property=\"article:modified_time\" content=\"2026-05-08T18:57:18+00:00\" \/>\n<meta property=\"og:image\" content=\"https:\/\/wakan.ec\/wp-content\/uploads\/2026\/01\/wp-17696973836795302166844696464722.png\" \/>\n\t<meta property=\"og:image:width\" content=\"1000\" \/>\n\t<meta property=\"og:image:height\" content=\"1000\" \/>\n\t<meta property=\"og:image:type\" content=\"image\/png\" \/>\n<meta name=\"twitter:card\" content=\"summary_large_image\" \/>\n<meta name=\"twitter:label1\" content=\"Tiempo de lectura\" \/>\n\t<meta name=\"twitter:data1\" content=\"2 minutos\" \/>\n<script type=\"application\/ld+json\" class=\"yoast-schema-graph\">{\"@context\":\"https:\\\/\\\/schema.org\",\"@graph\":[{\"@type\":\"WebPage\",\"@id\":\"https:\\\/\\\/wakan.ec\\\/index.php\\\/producto\\\/xbox-bateria-recargable\\\/\",\"url\":\"https:\\\/\\\/wakan.ec\\\/index.php\\\/producto\\\/xbox-bateria-recargable\\\/\",\"name\":\"Xbox Bater\u00eda Recargable - Wakan.ec\",\"isPartOf\":{\"@id\":\"https:\\\/\\\/wakan.ec\\\/#website\"},\"primaryImageOfPage\":{\"@id\":\"https:\\\/\\\/wakan.ec\\\/index.php\\\/producto\\\/xbox-bateria-recargable\\\/#primaryimage\"},\"image\":{\"@id\":\"https:\\\/\\\/wakan.ec\\\/index.php\\\/producto\\\/xbox-bateria-recargable\\\/#primaryimage\"},\"thumbnailUrl\":\"https:\\\/\\\/wakan.ec\\\/wp-content\\\/uploads\\\/2026\\\/01\\\/wp-17696973836795302166844696464722.png\",\"datePublished\":\"2026-01-28T15:06:23+00:00\",\"dateModified\":\"2026-05-08T18:57:18+00:00\",\"description\":\"Xbox Bater\u00eda Recargable, compatible con Controles de Xbox One y Xbox Series X. Incluye cable USB-C. Rec\u00edbelo en todo el Ecuador.\",\"breadcrumb\":{\"@id\":\"https:\\\/\\\/wakan.ec\\\/index.php\\\/producto\\\/xbox-bateria-recargable\\\/#breadcrumb\"},\"inLanguage\":\"es\",\"potentialAction\":[{\"@type\":\"ReadAction\",\"target\":[\"https:\\\/\\\/wakan.ec\\\/index.php\\\/producto\\\/xbox-bateria-recargable\\\/\"]}]},{\"@type\":\"ImageObject\",\"inLanguage\":\"es\",\"@id\":\"https:\\\/\\\/wakan.ec\\\/index.php\\\/producto\\\/xbox-bateria-recargable\\\/#primaryimage\",\"url\":\"https:\\\/\\\/wakan.ec\\\/wp-content\\\/uploads\\\/2026\\\/01\\\/wp-17696973836795302166844696464722.png\",\"contentUrl\":\"https:\\\/\\\/wakan.ec\\\/wp-content\\\/uploads\\\/2026\\\/01\\\/wp-17696973836795302166844696464722.png\",\"width\":1000,\"height\":1000,\"caption\":\"Xbox Bater\u00eda Recargable - Ecuador\"},{\"@type\":\"BreadcrumbList\",\"@id\":\"https:\\\/\\\/wakan.ec\\\/index.php\\\/producto\\\/xbox-bateria-recargable\\\/#breadcrumb\",\"itemListElement\":[{\"@type\":\"ListItem\",\"position\":1,\"name\":\"Portada\",\"item\":\"https:\\\/\\\/wakan.ec\\\/\"},{\"@type\":\"ListItem\",\"position\":2,\"name\":\"Xbox Bater\u00eda Recargable\"}]},{\"@type\":\"WebSite\",\"@id\":\"https:\\\/\\\/wakan.ec\\\/#website\",\"url\":\"https:\\\/\\\/wakan.ec\\\/\",\"name\":\"Wakan.ec\",\"description\":\"Tech - Fitness, entretenimiento y productividad.\",\"publisher\":{\"@id\":\"https:\\\/\\\/wakan.ec\\\/#organization\"},\"potentialAction\":[{\"@type\":\"SearchAction\",\"target\":{\"@type\":\"EntryPoint\",\"urlTemplate\":\"https:\\\/\\\/wakan.ec\\\/?s={search_term_string}\"},\"query-input\":{\"@type\":\"PropertyValueSpecification\",\"valueRequired\":true,\"valueName\":\"search_term_string\"}}],\"inLanguage\":\"es\"},{\"@type\":\"Organization\",\"@id\":\"https:\\\/\\\/wakan.ec\\\/#organization\",\"name\":\"Wak\u00e1n\",\"url\":\"https:\\\/\\\/wakan.ec\\\/\",\"logo\":{\"@type\":\"ImageObject\",\"inLanguage\":\"es\",\"@id\":\"https:\\\/\\\/wakan.ec\\\/#\\\/schema\\\/logo\\\/image\\\/\",\"url\":\"https:\\\/\\\/wakan.ec\\\/wp-content\\\/uploads\\\/2021\\\/12\\\/wakan-Logo.png\",\"contentUrl\":\"https:\\\/\\\/wakan.ec\\\/wp-content\\\/uploads\\\/2021\\\/12\\\/wakan-Logo.png\",\"width\":1080,\"height\":1080,\"caption\":\"Wak\u00e1n\"},\"image\":{\"@id\":\"https:\\\/\\\/wakan.ec\\\/#\\\/schema\\\/logo\\\/image\\\/\"},\"sameAs\":[\"https:\\\/\\\/www.facebook.com\\\/wakantienda\",\"https:\\\/\\\/www.instagram.com\\\/wakantienda\",\"https:\\\/\\\/www.youtube.com\\\/wakan\"]}]}<\/script>\n<!-- \/ Yoast SEO plugin. -->","yoast_head_json":{"title":"Xbox Bater\u00eda Recargable - Wakan.ec","description":"Xbox Bater\u00eda Recargable, compatible con Controles de Xbox One y Xbox Series X. Incluye cable USB-C. Rec\u00edbelo en todo el Ecuador.","robots":{"index":"index","follow":"follow","max-snippet":"max-snippet:-1","max-image-preview":"max-image-preview:large","max-video-preview":"max-video-preview:-1"},"canonical":"https:\/\/wakan.ec\/index.php\/producto\/xbox-bateria-recargable\/","og_locale":"es_ES","og_type":"article","og_title":"Xbox Bater\u00eda Recargable - Wakan.ec","og_description":"Xbox Bater\u00eda Recargable, compatible con Controles de Xbox One y Xbox Series X. Incluye cable USB-C. Rec\u00edbelo en todo el Ecuador.","og_url":"https:\/\/wakan.ec\/index.php\/producto\/xbox-bateria-recargable\/","og_site_name":"Wakan.ec","article_publisher":"https:\/\/www.facebook.com\/wakantienda","article_modified_time":"2026-05-08T18:57:18+00:00","og_image":[{"width":1000,"height":1000,"url":"https:\/\/wakan.ec\/wp-content\/uploads\/2026\/01\/wp-17696973836795302166844696464722.png","type":"image\/png"}],"twitter_card":"summary_large_image","twitter_misc":{"Tiempo de lectura":"2 minutos"},"schema":{"@context":"https:\/\/schema.org","@graph":[{"@type":"WebPage","@id":"https:\/\/wakan.ec\/index.php\/producto\/xbox-bateria-recargable\/","url":"https:\/\/wakan.ec\/index.php\/producto\/xbox-bateria-recargable\/","name":"Xbox Bater\u00eda Recargable - Wakan.ec","isPartOf":{"@id":"https:\/\/wakan.ec\/#website"},"primaryImageOfPage":{"@id":"https:\/\/wakan.ec\/index.php\/producto\/xbox-bateria-recargable\/#primaryimage"},"image":{"@id":"https:\/\/wakan.ec\/index.php\/producto\/xbox-bateria-recargable\/#primaryimage"},"thumbnailUrl":"https:\/\/wakan.ec\/wp-content\/uploads\/2026\/01\/wp-17696973836795302166844696464722.png","datePublished":"2026-01-28T15:06:23+00:00","dateModified":"2026-05-08T18:57:18+00:00","description":"Xbox Bater\u00eda Recargable, compatible con Controles de Xbox One y Xbox Series X. Incluye cable USB-C. Rec\u00edbelo en todo el Ecuador.","breadcrumb":{"@id":"https:\/\/wakan.ec\/index.php\/producto\/xbox-bateria-recargable\/#breadcrumb"},"inLanguage":"es","potentialAction":[{"@type":"ReadAction","target":["https:\/\/wakan.ec\/index.php\/producto\/xbox-bateria-recargable\/"]}]},{"@type":"ImageObject","inLanguage":"es","@id":"https:\/\/wakan.ec\/index.php\/producto\/xbox-bateria-recargable\/#primaryimage","url":"https:\/\/wakan.ec\/wp-content\/uploads\/2026\/01\/wp-17696973836795302166844696464722.png","contentUrl":"https:\/\/wakan.ec\/wp-content\/uploads\/2026\/01\/wp-17696973836795302166844696464722.png","width":1000,"height":1000,"caption":"Xbox Bater\u00eda Recargable - Ecuador"},{"@type":"BreadcrumbList","@id":"https:\/\/wakan.ec\/index.php\/producto\/xbox-bateria-recargable\/#breadcrumb","itemListElement":[{"@type":"ListItem","position":1,"name":"Portada","item":"https:\/\/wakan.ec\/"},{"@type":"ListItem","position":2,"name":"Xbox Bater\u00eda Recargable"}]},{"@type":"WebSite","@id":"https:\/\/wakan.ec\/#website","url":"https:\/\/wakan.ec\/","name":"Wakan.ec","description":"Tech - Fitness, entretenimiento y productividad.","publisher":{"@id":"https:\/\/wakan.ec\/#organization"},"potentialAction":[{"@type":"SearchAction","target":{"@type":"EntryPoint","urlTemplate":"https:\/\/wakan.ec\/?s={search_term_string}"},"query-input":{"@type":"PropertyValueSpecification","valueRequired":true,"valueName":"search_term_string"}}],"inLanguage":"es"},{"@type":"Organization","@id":"https:\/\/wakan.ec\/#organization","name":"Wak\u00e1n","url":"https:\/\/wakan.ec\/","logo":{"@type":"ImageObject","inLanguage":"es","@id":"https:\/\/wakan.ec\/#\/schema\/logo\/image\/","url":"https:\/\/wakan.ec\/wp-content\/uploads\/2021\/12\/wakan-Logo.png","contentUrl":"https:\/\/wakan.ec\/wp-content\/uploads\/2021\/12\/wakan-Logo.png","width":1080,"height":1080,"caption":"Wak\u00e1n"},"image":{"@id":"https:\/\/wakan.ec\/#\/schema\/logo\/image\/"},"sameAs":["https:\/\/www.facebook.com\/wakantienda","https:\/\/www.instagram.com\/wakantienda","https:\/\/www.youtube.com\/wakan"]}]}},"_links":{"self":[{"href":"https:\/\/wakan.ec\/index.php\/wp-json\/wp\/v2\/product\/3852","targetHints":{"allow":["GET"]}}],"collection":[{"href":"https:\/\/wakan.ec\/index.php\/wp-json\/wp\/v2\/product"}],"about":[{"href":"https:\/\/wakan.ec\/index.php\/wp-json\/wp\/v2\/types\/product"}],"replies":[{"embeddable":true,"href":"https:\/\/wakan.ec\/index.php\/wp-json\/wp\/v2\/comments?post=3852"}],"wp:featuredmedia":[{"embeddable":true,"href":"https:\/\/wakan.ec\/index.php\/wp-json\/wp\/v2\/media\/3861"}],"wp:attachment":[{"href":"https:\/\/wakan.ec\/index.php\/wp-json\/wp\/v2\/media?parent=3852"}],"wp:term":[{"taxonomy":"product_brand","embeddable":true,"href":"https:\/\/wakan.ec\/index.php\/wp-json\/wp\/v2\/product_brand?post=3852"},{"taxonomy":"product_cat","embeddable":true,"href":"https:\/\/wakan.ec\/index.php\/wp-json\/wp\/v2\/product_cat?post=3852"},{"taxonomy":"product_tag","embeddable":true,"href":"https:\/\/wakan.ec\/index.php\/wp-json\/wp\/v2\/product_tag?post=3852"}],"curies":[{"name":"wp","href":"https:\/\/api.w.org\/{rel}","templated":true}]}}