{"id":3667,"date":"2026-01-08T10:50:06","date_gmt":"2026-01-08T15:50:06","guid":{"rendered":"https:\/\/wakan.ec\/?post_type=product&#038;p=3667"},"modified":"2026-04-07T12:51:48","modified_gmt":"2026-04-07T17:51:48","slug":"marvel-vs-capcom-fighting-collection-ps4","status":"publish","type":"product","link":"https:\/\/wakan.ec\/index.php\/producto\/marvel-vs-capcom-fighting-collection-ps4\/","title":{"rendered":"Marvel vs Capcom: Fighting Collection &#8211; PS4"},"content":{"rendered":"<p>Los legendarios crossovers est\u00e1n de vuelta, sum\u00e9rgete en esta colecci\u00f3n de los aclamados cl\u00e1sicos de arcade en Marvel vs Capcom Fighting Collection PS4.<\/p>\n<h4>Marvel vs Capcom<\/h4>\n<p>Revive siete juegos \u00fanicos y llenos de acci\u00f3n como X-Men vs Street Fighter y Marvel vs Capcom: New age of Heroes. Tambi\u00e9n incluye una rara joya de los Beat em up: The Punisher.<\/p>\n<p>Los jugadores pueden admirar m\u00e1s de 500 ilustraciones de los siete t\u00edtulos junto a documentos usados en el desarrollo de los juegos originales nunca antes vistos.<\/p>\n<p>La funci\u00f3n m\u00fasica incluye m\u00e1s de 200 pistas de los juegos de arcade originales para que los jugadores las disfruten cuando quieran.<\/p>\n<h4>Intensas batallas en l\u00ednea<\/h4>\n<p>Todos los juegos de la colecci\u00f3n se pueden jugar en l\u00ednea o en cooperativo.<\/p>\n<p>Compite en intensas batallas para subir en la clasificaci\u00f3n o divi\u00e9rtete en combates amistosos. Crea una sala con tus amigos para luchar entre ustedes, jugar en cooperativo o disfrutar como espectadores.<\/p>\n<p>En el modo desaf\u00edo de record lucha hasta alcanzar lo m\u00e1s alto de la tabla de posiciones.\u00a0En cualquier modo de juego, el netcode retrospectivo se encargar\u00e1 de que tengas una experiencia fluida y divertida.<\/p>\n<h4>Diversi\u00f3n para todos<\/h4>\n<p>Sin importar si es tu primera vez disfrutando la serie o que seas veteranos del arcade. Los jugadores de todos los niveles pueden disfrutar juntos estos cl\u00e1sicos atemporales.<\/p>\n<p>Esta colecci\u00f3n incluye numerosas funciones para que los principiantes se sientan en casa como niveles de dificultad ajustables movimientos especiales con un bot\u00f3n y modos de entrenamiento.<\/p>\n<p>Adem\u00e1s los jugadores pueden guardar y cargar su proceso casi desde cualquier punto y retomar su juego desde donde lo dejaron.<\/p>\n<h4>Juegos incluidos<\/h4>\n<ul>\n<li>X-Men: Children Of The Atom.<\/li>\n<li><span style=\"font-size: 16px;\">Marvel Super Heroes.<\/span><\/li>\n<li><span style=\"font-size: 16px;\">X-Men vs Street Fighter.<\/span><\/li>\n<li><span style=\"font-size: 16px;\">Marvel Super Heroes vs Street Fighter.<\/span><\/li>\n<li><span style=\"font-size: 16px;\">Marvel vs Capcom: Clash of Super Heroes.<\/span><\/li>\n<li><span style=\"font-size: 16px;\">Marvel vs Capcom 2: New Age of Heroes.<\/span><\/li>\n<li><span style=\"font-size: 16px;\">The Punisher.<\/span><\/li>\n<\/ul>\n<h4>En la caja<\/h4>\n<ul>\n<li>Disco Marvel vs Capcom: Fighting Collection &#8211; PS4 <em>x1<\/em><\/li>\n<li>Comic Book de la colecci\u00f3n <em>x1<\/em><\/li>\n<li>Contenido adicional <em>x1<\/em><\/li>\n<\/ul>\n","protected":false},"excerpt":{"rendered":"<p><em>Todos los juegos de la colecci\u00f3n se pueden jugar en l\u00ednea o en cooperativo junto con amigos.<\/em><\/p>\n<h4>Arcade Classics<\/h4>\n<ul>\n<li>Disfruta 7 legendarios t\u00edtulos del universo.<\/li>\n<li>Incluye Comic Book Marvel vs Capcom.<\/li>\n<li>Descubre ilustraciones nunca antes vistas.<\/li>\n<li>Compite en intensas batallas en l\u00ednea.<\/li>\n<li>Juego en formato f\u00edsico.<\/li>\n<\/ul>\n<h4>Rec\u00edbelo en todo el Ecuador<\/h4>\n<p>Estado: Nuevo\/Sellado<\/p>\n","protected":false},"featured_media":3678,"comment_status":"open","ping_status":"closed","template":"","meta":{"site-sidebar-layout":"default","site-content-layout":"","ast-site-content-layout":"default","site-content-style":"default","site-sidebar-style":"default","ast-global-header-display":"","ast-banner-title-visibility":"","ast-main-header-display":"","ast-hfb-above-header-display":"","ast-hfb-below-header-display":"","ast-hfb-mobile-header-display":"","site-post-title":"","ast-breadcrumbs-content":"","ast-featured-img":"","footer-sml-layout":"","ast-disable-related-posts":"","theme-transparent-header-meta":"default","adv-header-id-meta":"","stick-header-meta":"","header-above-stick-meta":"","header-main-stick-meta":"","header-below-stick-meta":"","astra-migrate-meta-layouts":"set","ast-page-background-enabled":"default","ast-page-background-meta":{"desktop":{"background-color":"","background-image":"","background-repeat":"repeat","background-position":"center center","background-size":"auto","background-attachment":"scroll","background-type":"","background-media":"","overlay-type":"","overlay-color":"","overlay-opacity":"","overlay-gradient":""},"tablet":{"background-color":"","background-image":"","background-repeat":"repeat","background-position":"center center","background-size":"auto","background-attachment":"scroll","background-type":"","background-media":"","overlay-type":"","overlay-color":"","overlay-opacity":"","overlay-gradient":""},"mobile":{"background-color":"","background-image":"","background-repeat":"repeat","background-position":"center center","background-size":"auto","background-attachment":"scroll","background-type":"","background-media":"","overlay-type":"","overlay-color":"","overlay-opacity":"","overlay-gradient":""}},"ast-content-background-meta":{"desktop":{"background-color":"var(--ast-global-color-5)","background-image":"","background-repeat":"repeat","background-position":"center center","background-size":"auto","background-attachment":"scroll","background-type":"","background-media":"","overlay-type":"","overlay-color":"","overlay-opacity":"","overlay-gradient":""},"tablet":{"background-color":"var(--ast-global-color-5)","background-image":"","background-repeat":"repeat","background-position":"center center","background-size":"auto","background-attachment":"scroll","background-type":"","background-media":"","overlay-type":"","overlay-color":"","overlay-opacity":"","overlay-gradient":""},"mobile":{"background-color":"var(--ast-global-color-5)","background-image":"","background-repeat":"repeat","background-position":"center center","background-size":"auto","background-attachment":"scroll","background-type":"","background-media":"","overlay-type":"","overlay-color":"","overlay-opacity":"","overlay-gradient":""}}},"product_brand":[],"product_cat":[242],"product_tag":[],"class_list":{"0":"post-3667","1":"product","2":"type-product","3":"status-publish","4":"has-post-thumbnail","6":"product_cat-ps4","7":"desktop-align-left","8":"tablet-align-left","9":"mobile-align-left","11":"first","12":"instock","13":"sale","14":"purchasable","15":"product-type-simple"},"yoast_head":"<!-- This site is optimized with the Yoast SEO plugin v27.5 - https:\/\/yoast.com\/product\/yoast-seo-wordpress\/ -->\n<title>Marvel vs Capcom: Fighting Collection - PS4 - Wakan.ec<\/title>\n<meta name=\"description\" content=\"Revive siete juegos \u00fanicos y llenos de acci\u00f3n con personajes legendarios de X-men, Street Fighter y m\u00e1s en Marvel vs Capcom Fighting Collection PS4.\" \/>\n<meta name=\"robots\" content=\"index, follow, max-snippet:-1, max-image-preview:large, max-video-preview:-1\" \/>\n<link rel=\"canonical\" href=\"https:\/\/wakan.ec\/index.php\/producto\/marvel-vs-capcom-fighting-collection-ps4\/\" \/>\n<meta property=\"og:locale\" content=\"es_ES\" \/>\n<meta property=\"og:type\" content=\"article\" \/>\n<meta property=\"og:title\" content=\"Marvel vs Capcom: Fighting Collection - PS4 - Wakan.ec\" \/>\n<meta property=\"og:description\" content=\"Revive siete juegos \u00fanicos y llenos de acci\u00f3n con personajes legendarios de X-men, Street Fighter y m\u00e1s en Marvel vs Capcom Fighting Collection PS4.\" \/>\n<meta property=\"og:url\" content=\"https:\/\/wakan.ec\/index.php\/producto\/marvel-vs-capcom-fighting-collection-ps4\/\" \/>\n<meta property=\"og:site_name\" content=\"Wakan.ec\" \/>\n<meta property=\"article:publisher\" content=\"https:\/\/www.facebook.com\/wakantienda\" \/>\n<meta property=\"article:modified_time\" content=\"2026-04-07T17:51:48+00:00\" \/>\n<meta property=\"og:image\" content=\"https:\/\/wakan.ec\/wp-content\/uploads\/2026\/01\/wp-17682492227858006527707505669440.png\" \/>\n\t<meta property=\"og:image:width\" content=\"1000\" \/>\n\t<meta property=\"og:image:height\" content=\"1000\" \/>\n\t<meta property=\"og:image:type\" content=\"image\/png\" \/>\n<meta name=\"twitter:card\" content=\"summary_large_image\" \/>\n<meta name=\"twitter:label1\" content=\"Tiempo de lectura\" \/>\n\t<meta name=\"twitter:data1\" content=\"2 minutos\" \/>\n<script type=\"application\/ld+json\" class=\"yoast-schema-graph\">{\"@context\":\"https:\\\/\\\/schema.org\",\"@graph\":[{\"@type\":\"WebPage\",\"@id\":\"https:\\\/\\\/wakan.ec\\\/index.php\\\/producto\\\/marvel-vs-capcom-fighting-collection-ps4\\\/\",\"url\":\"https:\\\/\\\/wakan.ec\\\/index.php\\\/producto\\\/marvel-vs-capcom-fighting-collection-ps4\\\/\",\"name\":\"Marvel vs Capcom: Fighting Collection - PS4 - Wakan.ec\",\"isPartOf\":{\"@id\":\"https:\\\/\\\/wakan.ec\\\/#website\"},\"primaryImageOfPage\":{\"@id\":\"https:\\\/\\\/wakan.ec\\\/index.php\\\/producto\\\/marvel-vs-capcom-fighting-collection-ps4\\\/#primaryimage\"},\"image\":{\"@id\":\"https:\\\/\\\/wakan.ec\\\/index.php\\\/producto\\\/marvel-vs-capcom-fighting-collection-ps4\\\/#primaryimage\"},\"thumbnailUrl\":\"https:\\\/\\\/wakan.ec\\\/wp-content\\\/uploads\\\/2026\\\/01\\\/wp-17682492227858006527707505669440.png\",\"datePublished\":\"2026-01-08T15:50:06+00:00\",\"dateModified\":\"2026-04-07T17:51:48+00:00\",\"description\":\"Revive siete juegos \u00fanicos y llenos de acci\u00f3n con personajes legendarios de X-men, Street Fighter y m\u00e1s en Marvel vs Capcom Fighting Collection PS4.\",\"breadcrumb\":{\"@id\":\"https:\\\/\\\/wakan.ec\\\/index.php\\\/producto\\\/marvel-vs-capcom-fighting-collection-ps4\\\/#breadcrumb\"},\"inLanguage\":\"es\",\"potentialAction\":[{\"@type\":\"ReadAction\",\"target\":[\"https:\\\/\\\/wakan.ec\\\/index.php\\\/producto\\\/marvel-vs-capcom-fighting-collection-ps4\\\/\"]}]},{\"@type\":\"ImageObject\",\"inLanguage\":\"es\",\"@id\":\"https:\\\/\\\/wakan.ec\\\/index.php\\\/producto\\\/marvel-vs-capcom-fighting-collection-ps4\\\/#primaryimage\",\"url\":\"https:\\\/\\\/wakan.ec\\\/wp-content\\\/uploads\\\/2026\\\/01\\\/wp-17682492227858006527707505669440.png\",\"contentUrl\":\"https:\\\/\\\/wakan.ec\\\/wp-content\\\/uploads\\\/2026\\\/01\\\/wp-17682492227858006527707505669440.png\",\"width\":1000,\"height\":1000,\"caption\":\"Marvel vs Capcom: Fighting Collection - PS4 - Arcade Classics - Ecuador\"},{\"@type\":\"BreadcrumbList\",\"@id\":\"https:\\\/\\\/wakan.ec\\\/index.php\\\/producto\\\/marvel-vs-capcom-fighting-collection-ps4\\\/#breadcrumb\",\"itemListElement\":[{\"@type\":\"ListItem\",\"position\":1,\"name\":\"Portada\",\"item\":\"https:\\\/\\\/wakan.ec\\\/\"},{\"@type\":\"ListItem\",\"position\":2,\"name\":\"Marvel vs Capcom: Fighting Collection &#8211; PS4\"}]},{\"@type\":\"WebSite\",\"@id\":\"https:\\\/\\\/wakan.ec\\\/#website\",\"url\":\"https:\\\/\\\/wakan.ec\\\/\",\"name\":\"Wakan.ec\",\"description\":\"Tech - Fitness, entretenimiento y productividad.\",\"publisher\":{\"@id\":\"https:\\\/\\\/wakan.ec\\\/#organization\"},\"potentialAction\":[{\"@type\":\"SearchAction\",\"target\":{\"@type\":\"EntryPoint\",\"urlTemplate\":\"https:\\\/\\\/wakan.ec\\\/?s={search_term_string}\"},\"query-input\":{\"@type\":\"PropertyValueSpecification\",\"valueRequired\":true,\"valueName\":\"search_term_string\"}}],\"inLanguage\":\"es\"},{\"@type\":\"Organization\",\"@id\":\"https:\\\/\\\/wakan.ec\\\/#organization\",\"name\":\"Wak\u00e1n\",\"url\":\"https:\\\/\\\/wakan.ec\\\/\",\"logo\":{\"@type\":\"ImageObject\",\"inLanguage\":\"es\",\"@id\":\"https:\\\/\\\/wakan.ec\\\/#\\\/schema\\\/logo\\\/image\\\/\",\"url\":\"https:\\\/\\\/wakan.ec\\\/wp-content\\\/uploads\\\/2021\\\/12\\\/wakan-Logo.png\",\"contentUrl\":\"https:\\\/\\\/wakan.ec\\\/wp-content\\\/uploads\\\/2021\\\/12\\\/wakan-Logo.png\",\"width\":1080,\"height\":1080,\"caption\":\"Wak\u00e1n\"},\"image\":{\"@id\":\"https:\\\/\\\/wakan.ec\\\/#\\\/schema\\\/logo\\\/image\\\/\"},\"sameAs\":[\"https:\\\/\\\/www.facebook.com\\\/wakantienda\",\"https:\\\/\\\/www.instagram.com\\\/wakantienda\",\"https:\\\/\\\/www.youtube.com\\\/wakan\"]}]}<\/script>\n<!-- \/ Yoast SEO plugin. -->","yoast_head_json":{"title":"Marvel vs Capcom: Fighting Collection - PS4 - Wakan.ec","description":"Revive siete juegos \u00fanicos y llenos de acci\u00f3n con personajes legendarios de X-men, Street Fighter y m\u00e1s en Marvel vs Capcom Fighting Collection PS4.","robots":{"index":"index","follow":"follow","max-snippet":"max-snippet:-1","max-image-preview":"max-image-preview:large","max-video-preview":"max-video-preview:-1"},"canonical":"https:\/\/wakan.ec\/index.php\/producto\/marvel-vs-capcom-fighting-collection-ps4\/","og_locale":"es_ES","og_type":"article","og_title":"Marvel vs Capcom: Fighting Collection - PS4 - Wakan.ec","og_description":"Revive siete juegos \u00fanicos y llenos de acci\u00f3n con personajes legendarios de X-men, Street Fighter y m\u00e1s en Marvel vs Capcom Fighting Collection PS4.","og_url":"https:\/\/wakan.ec\/index.php\/producto\/marvel-vs-capcom-fighting-collection-ps4\/","og_site_name":"Wakan.ec","article_publisher":"https:\/\/www.facebook.com\/wakantienda","article_modified_time":"2026-04-07T17:51:48+00:00","og_image":[{"width":1000,"height":1000,"url":"https:\/\/wakan.ec\/wp-content\/uploads\/2026\/01\/wp-17682492227858006527707505669440.png","type":"image\/png"}],"twitter_card":"summary_large_image","twitter_misc":{"Tiempo de lectura":"2 minutos"},"schema":{"@context":"https:\/\/schema.org","@graph":[{"@type":"WebPage","@id":"https:\/\/wakan.ec\/index.php\/producto\/marvel-vs-capcom-fighting-collection-ps4\/","url":"https:\/\/wakan.ec\/index.php\/producto\/marvel-vs-capcom-fighting-collection-ps4\/","name":"Marvel vs Capcom: Fighting Collection - PS4 - Wakan.ec","isPartOf":{"@id":"https:\/\/wakan.ec\/#website"},"primaryImageOfPage":{"@id":"https:\/\/wakan.ec\/index.php\/producto\/marvel-vs-capcom-fighting-collection-ps4\/#primaryimage"},"image":{"@id":"https:\/\/wakan.ec\/index.php\/producto\/marvel-vs-capcom-fighting-collection-ps4\/#primaryimage"},"thumbnailUrl":"https:\/\/wakan.ec\/wp-content\/uploads\/2026\/01\/wp-17682492227858006527707505669440.png","datePublished":"2026-01-08T15:50:06+00:00","dateModified":"2026-04-07T17:51:48+00:00","description":"Revive siete juegos \u00fanicos y llenos de acci\u00f3n con personajes legendarios de X-men, Street Fighter y m\u00e1s en Marvel vs Capcom Fighting Collection PS4.","breadcrumb":{"@id":"https:\/\/wakan.ec\/index.php\/producto\/marvel-vs-capcom-fighting-collection-ps4\/#breadcrumb"},"inLanguage":"es","potentialAction":[{"@type":"ReadAction","target":["https:\/\/wakan.ec\/index.php\/producto\/marvel-vs-capcom-fighting-collection-ps4\/"]}]},{"@type":"ImageObject","inLanguage":"es","@id":"https:\/\/wakan.ec\/index.php\/producto\/marvel-vs-capcom-fighting-collection-ps4\/#primaryimage","url":"https:\/\/wakan.ec\/wp-content\/uploads\/2026\/01\/wp-17682492227858006527707505669440.png","contentUrl":"https:\/\/wakan.ec\/wp-content\/uploads\/2026\/01\/wp-17682492227858006527707505669440.png","width":1000,"height":1000,"caption":"Marvel vs Capcom: Fighting Collection - PS4 - Arcade Classics - Ecuador"},{"@type":"BreadcrumbList","@id":"https:\/\/wakan.ec\/index.php\/producto\/marvel-vs-capcom-fighting-collection-ps4\/#breadcrumb","itemListElement":[{"@type":"ListItem","position":1,"name":"Portada","item":"https:\/\/wakan.ec\/"},{"@type":"ListItem","position":2,"name":"Marvel vs Capcom: Fighting Collection &#8211; PS4"}]},{"@type":"WebSite","@id":"https:\/\/wakan.ec\/#website","url":"https:\/\/wakan.ec\/","name":"Wakan.ec","description":"Tech - Fitness, entretenimiento y productividad.","publisher":{"@id":"https:\/\/wakan.ec\/#organization"},"potentialAction":[{"@type":"SearchAction","target":{"@type":"EntryPoint","urlTemplate":"https:\/\/wakan.ec\/?s={search_term_string}"},"query-input":{"@type":"PropertyValueSpecification","valueRequired":true,"valueName":"search_term_string"}}],"inLanguage":"es"},{"@type":"Organization","@id":"https:\/\/wakan.ec\/#organization","name":"Wak\u00e1n","url":"https:\/\/wakan.ec\/","logo":{"@type":"ImageObject","inLanguage":"es","@id":"https:\/\/wakan.ec\/#\/schema\/logo\/image\/","url":"https:\/\/wakan.ec\/wp-content\/uploads\/2021\/12\/wakan-Logo.png","contentUrl":"https:\/\/wakan.ec\/wp-content\/uploads\/2021\/12\/wakan-Logo.png","width":1080,"height":1080,"caption":"Wak\u00e1n"},"image":{"@id":"https:\/\/wakan.ec\/#\/schema\/logo\/image\/"},"sameAs":["https:\/\/www.facebook.com\/wakantienda","https:\/\/www.instagram.com\/wakantienda","https:\/\/www.youtube.com\/wakan"]}]}},"_links":{"self":[{"href":"https:\/\/wakan.ec\/index.php\/wp-json\/wp\/v2\/product\/3667","targetHints":{"allow":["GET"]}}],"collection":[{"href":"https:\/\/wakan.ec\/index.php\/wp-json\/wp\/v2\/product"}],"about":[{"href":"https:\/\/wakan.ec\/index.php\/wp-json\/wp\/v2\/types\/product"}],"replies":[{"embeddable":true,"href":"https:\/\/wakan.ec\/index.php\/wp-json\/wp\/v2\/comments?post=3667"}],"wp:featuredmedia":[{"embeddable":true,"href":"https:\/\/wakan.ec\/index.php\/wp-json\/wp\/v2\/media\/3678"}],"wp:attachment":[{"href":"https:\/\/wakan.ec\/index.php\/wp-json\/wp\/v2\/media?parent=3667"}],"wp:term":[{"taxonomy":"product_brand","embeddable":true,"href":"https:\/\/wakan.ec\/index.php\/wp-json\/wp\/v2\/product_brand?post=3667"},{"taxonomy":"product_cat","embeddable":true,"href":"https:\/\/wakan.ec\/index.php\/wp-json\/wp\/v2\/product_cat?post=3667"},{"taxonomy":"product_tag","embeddable":true,"href":"https:\/\/wakan.ec\/index.php\/wp-json\/wp\/v2\/product_tag?post=3667"}],"curies":[{"name":"wp","href":"https:\/\/api.w.org\/{rel}","templated":true}]}}