{"id":3633,"date":"2025-12-17T15:13:10","date_gmt":"2025-12-17T20:13:10","guid":{"rendered":"https:\/\/wakan.ec\/?post_type=product&#038;p=3633"},"modified":"2026-04-08T18:18:17","modified_gmt":"2026-04-08T23:18:17","slug":"horizon-2-forbidden-west-ps4","status":"publish","type":"product","link":"https:\/\/wakan.ec\/index.php\/producto\/horizon-2-forbidden-west-ps4\/","title":{"rendered":"Horizon 2 &#8211; Forbidden West &#8211; PS4"},"content":{"rendered":"<p>\u00danete a Aloy mientras desaf\u00eda el Oeste Prohibido, una frontera majestuosa aunque peligrosa, en la que se ocultan nuevas y misteriosas amenazas, Horizon 2 Forbidden West.<\/p>\n<h4>Asciende sobre nuestra ruina<\/h4>\n<p>Explora tierras remotas, enfr\u00e9ntate a m\u00e1quinas m\u00e1s grandes e imponentes y descubre incre\u00edbles tribus en tu regreso al mundo apocal\u00edptico de Horizon.<\/p>\n<p>La tierra se muere, las rugientes tormentas y una desolaci\u00f3n imparable causan estragos entre lo que queda de la humanidad.<\/p>\n<p>Mientras nuevas y temibles m\u00e1quinas merodean a las tribus, la vida en la tierra se enfrenta a una nueva extinci\u00f3n y nadie sabe por qu\u00e9.<\/p>\n<h4>Restablece el orden<\/h4>\n<p>Solo Aloy es capaz de descubrir los secretos que hay detr\u00e1s de estas amenazas y restablecer el orden y el equilibrio en el mundo.<\/p>\n<p>Por el camino se reunir\u00e1 con viejos amigos, forjar\u00e1 alianzas con nuevas facciones en guerra y descubrir\u00e1 la herencia de un antiguo pasado.<\/p>\n<p>Aloy intenta permanecer un paso por delante de un nuevo y casi invencible enemigo.<\/p>\n<h4>El Oeste Prohibido<\/h4>\n<p>Una aventura \u00e9pica de acci\u00f3n con elementos de rol en el mundo abierto del Oeste Prohibido. Descubre tierras lejanas, enemigos nuevos, culturas ricas y personajes llenos de vida.<\/p>\n<p>Lucha batallas estrat\u00e9gicas contra m\u00e1quinas enormes y enemigos humanos, usa armas equipos y trampas improvisadas con las piezas que encuentres.<\/p>\n<p>Descubre el secreto del inminente colapso de la tierra y saca a la luz un cap\u00edtulo oscuro del pasado lejano que cambiar\u00e1 a Aloy para siempre.<\/p>\n<h4>En la caja<\/h4>\n<ul>\n<li>Disco de datos.<\/li>\n<li>Disco de juego: Horizon 2 &#8211; Forbidden West PS4.<\/li>\n<li>Contenido adicional.<\/li>\n<\/ul>\n<p><em>Actualizaci\u00f3n gratuita a la versi\u00f3n de PS5.<\/em><\/p>\n","protected":false},"excerpt":{"rendered":"<p><em>\u00danete a Aloy mientras desaf\u00eda al majestuoso Oeste Prohibido, en el que se ocultan nuevas y misteriosas amenazas.<\/em><\/p>\n<h4>Asciende sobre las ruinas<\/h4>\n<ul>\n<li>Descubre el secreto del colapso inminente de la Tierra.<\/li>\n<li>Enfr\u00e9ntate a m\u00e1quinas m\u00e1s grandes e imponentes.<\/li>\n<li>Explora tierras remotas e incre\u00edbles tribus nuevas.<\/li>\n<li>Se actualiza a la versi\u00f3n de PS5 sin costo adicional.<\/li>\n<li>Juego de doble disco.<\/li>\n<\/ul>\n<h4>Rec\u00edbelo en todo el Ecuador<\/h4>\n<p>Estado: Nuevo\/Sellado<\/p>\n","protected":false},"featured_media":3640,"comment_status":"open","ping_status":"closed","template":"","meta":{"site-sidebar-layout":"default","site-content-layout":"","ast-site-content-layout":"default","site-content-style":"default","site-sidebar-style":"default","ast-global-header-display":"","ast-banner-title-visibility":"","ast-main-header-display":"","ast-hfb-above-header-display":"","ast-hfb-below-header-display":"","ast-hfb-mobile-header-display":"","site-post-title":"","ast-breadcrumbs-content":"","ast-featured-img":"","footer-sml-layout":"","ast-disable-related-posts":"","theme-transparent-header-meta":"default","adv-header-id-meta":"","stick-header-meta":"","header-above-stick-meta":"","header-main-stick-meta":"","header-below-stick-meta":"","astra-migrate-meta-layouts":"set","ast-page-background-enabled":"default","ast-page-background-meta":{"desktop":{"background-color":"","background-image":"","background-repeat":"repeat","background-position":"center center","background-size":"auto","background-attachment":"scroll","background-type":"","background-media":"","overlay-type":"","overlay-color":"","overlay-opacity":"","overlay-gradient":""},"tablet":{"background-color":"","background-image":"","background-repeat":"repeat","background-position":"center center","background-size":"auto","background-attachment":"scroll","background-type":"","background-media":"","overlay-type":"","overlay-color":"","overlay-opacity":"","overlay-gradient":""},"mobile":{"background-color":"","background-image":"","background-repeat":"repeat","background-position":"center center","background-size":"auto","background-attachment":"scroll","background-type":"","background-media":"","overlay-type":"","overlay-color":"","overlay-opacity":"","overlay-gradient":""}},"ast-content-background-meta":{"desktop":{"background-color":"var(--ast-global-color-5)","background-image":"","background-repeat":"repeat","background-position":"center center","background-size":"auto","background-attachment":"scroll","background-type":"","background-media":"","overlay-type":"","overlay-color":"","overlay-opacity":"","overlay-gradient":""},"tablet":{"background-color":"var(--ast-global-color-5)","background-image":"","background-repeat":"repeat","background-position":"center center","background-size":"auto","background-attachment":"scroll","background-type":"","background-media":"","overlay-type":"","overlay-color":"","overlay-opacity":"","overlay-gradient":""},"mobile":{"background-color":"var(--ast-global-color-5)","background-image":"","background-repeat":"repeat","background-position":"center center","background-size":"auto","background-attachment":"scroll","background-type":"","background-media":"","overlay-type":"","overlay-color":"","overlay-opacity":"","overlay-gradient":""}}},"product_brand":[],"product_cat":[242],"product_tag":[],"class_list":{"0":"post-3633","1":"product","2":"type-product","3":"status-publish","4":"has-post-thumbnail","6":"product_cat-ps4","7":"desktop-align-left","8":"tablet-align-left","9":"mobile-align-left","11":"first","12":"outofstock","13":"product-type-simple"},"yoast_head":"<!-- This site is optimized with the Yoast SEO plugin v27.3 - https:\/\/yoast.com\/product\/yoast-seo-wordpress\/ -->\n<title>Horizon 2 - Forbidden West - PS4 - Wakan.ec<\/title>\n<meta name=\"description\" content=\"Desaf\u00eda al majestuoso Oeste Prohibido, en el que se ocultan nuevas y misteriosas amenzasas. Recibe Horizon 2 - Forbidden West en todo el Ecuador.\" \/>\n<meta name=\"robots\" content=\"index, follow, max-snippet:-1, max-image-preview:large, max-video-preview:-1\" \/>\n<link rel=\"canonical\" href=\"https:\/\/wakan.ec\/index.php\/producto\/horizon-2-forbidden-west-ps4\/\" \/>\n<meta property=\"og:locale\" content=\"es_ES\" \/>\n<meta property=\"og:type\" content=\"article\" \/>\n<meta property=\"og:title\" content=\"Horizon 2 - Forbidden West - PS4 - Wakan.ec\" \/>\n<meta property=\"og:description\" content=\"Desaf\u00eda al majestuoso Oeste Prohibido, en el que se ocultan nuevas y misteriosas amenzasas. Recibe Horizon 2 - Forbidden West en todo el Ecuador.\" \/>\n<meta property=\"og:url\" content=\"https:\/\/wakan.ec\/index.php\/producto\/horizon-2-forbidden-west-ps4\/\" \/>\n<meta property=\"og:site_name\" content=\"Wakan.ec\" \/>\n<meta property=\"article:publisher\" content=\"https:\/\/www.facebook.com\/wakantienda\" \/>\n<meta property=\"article:modified_time\" content=\"2026-04-08T23:18:17+00:00\" \/>\n<meta property=\"og:image\" content=\"https:\/\/wakan.ec\/wp-content\/uploads\/2025\/12\/wp-17663711758313275285097477978210.png\" \/>\n\t<meta property=\"og:image:width\" content=\"1000\" \/>\n\t<meta property=\"og:image:height\" content=\"1000\" \/>\n\t<meta property=\"og:image:type\" content=\"image\/png\" \/>\n<meta name=\"twitter:card\" content=\"summary_large_image\" \/>\n<meta name=\"twitter:label1\" content=\"Tiempo de lectura\" \/>\n\t<meta name=\"twitter:data1\" content=\"2 minutos\" \/>\n<script type=\"application\/ld+json\" class=\"yoast-schema-graph\">{\"@context\":\"https:\\\/\\\/schema.org\",\"@graph\":[{\"@type\":\"WebPage\",\"@id\":\"https:\\\/\\\/wakan.ec\\\/index.php\\\/producto\\\/horizon-2-forbidden-west-ps4\\\/\",\"url\":\"https:\\\/\\\/wakan.ec\\\/index.php\\\/producto\\\/horizon-2-forbidden-west-ps4\\\/\",\"name\":\"Horizon 2 - Forbidden West - PS4 - Wakan.ec\",\"isPartOf\":{\"@id\":\"https:\\\/\\\/wakan.ec\\\/#website\"},\"primaryImageOfPage\":{\"@id\":\"https:\\\/\\\/wakan.ec\\\/index.php\\\/producto\\\/horizon-2-forbidden-west-ps4\\\/#primaryimage\"},\"image\":{\"@id\":\"https:\\\/\\\/wakan.ec\\\/index.php\\\/producto\\\/horizon-2-forbidden-west-ps4\\\/#primaryimage\"},\"thumbnailUrl\":\"https:\\\/\\\/wakan.ec\\\/wp-content\\\/uploads\\\/2025\\\/12\\\/wp-17663711758313275285097477978210.png\",\"datePublished\":\"2025-12-17T20:13:10+00:00\",\"dateModified\":\"2026-04-08T23:18:17+00:00\",\"description\":\"Desaf\u00eda al majestuoso Oeste Prohibido, en el que se ocultan nuevas y misteriosas amenzasas. Recibe Horizon 2 - Forbidden West en todo el Ecuador.\",\"breadcrumb\":{\"@id\":\"https:\\\/\\\/wakan.ec\\\/index.php\\\/producto\\\/horizon-2-forbidden-west-ps4\\\/#breadcrumb\"},\"inLanguage\":\"es\",\"potentialAction\":[{\"@type\":\"ReadAction\",\"target\":[\"https:\\\/\\\/wakan.ec\\\/index.php\\\/producto\\\/horizon-2-forbidden-west-ps4\\\/\"]}]},{\"@type\":\"ImageObject\",\"inLanguage\":\"es\",\"@id\":\"https:\\\/\\\/wakan.ec\\\/index.php\\\/producto\\\/horizon-2-forbidden-west-ps4\\\/#primaryimage\",\"url\":\"https:\\\/\\\/wakan.ec\\\/wp-content\\\/uploads\\\/2025\\\/12\\\/wp-17663711758313275285097477978210.png\",\"contentUrl\":\"https:\\\/\\\/wakan.ec\\\/wp-content\\\/uploads\\\/2025\\\/12\\\/wp-17663711758313275285097477978210.png\",\"width\":1000,\"height\":1000,\"caption\":\"Horizon 2 - Forbidden West - PS4 - Ecuador\"},{\"@type\":\"BreadcrumbList\",\"@id\":\"https:\\\/\\\/wakan.ec\\\/index.php\\\/producto\\\/horizon-2-forbidden-west-ps4\\\/#breadcrumb\",\"itemListElement\":[{\"@type\":\"ListItem\",\"position\":1,\"name\":\"Portada\",\"item\":\"https:\\\/\\\/wakan.ec\\\/\"},{\"@type\":\"ListItem\",\"position\":2,\"name\":\"Wakan.ec\",\"item\":\"https:\\\/\\\/wakan.ec\\\/\"},{\"@type\":\"ListItem\",\"position\":3,\"name\":\"Horizon 2 &#8211; Forbidden West &#8211; PS4\"}]},{\"@type\":\"WebSite\",\"@id\":\"https:\\\/\\\/wakan.ec\\\/#website\",\"url\":\"https:\\\/\\\/wakan.ec\\\/\",\"name\":\"Wakan.ec\",\"description\":\"Tech - Fitness, entretenimiento y productividad.\",\"publisher\":{\"@id\":\"https:\\\/\\\/wakan.ec\\\/#organization\"},\"potentialAction\":[{\"@type\":\"SearchAction\",\"target\":{\"@type\":\"EntryPoint\",\"urlTemplate\":\"https:\\\/\\\/wakan.ec\\\/?s={search_term_string}\"},\"query-input\":{\"@type\":\"PropertyValueSpecification\",\"valueRequired\":true,\"valueName\":\"search_term_string\"}}],\"inLanguage\":\"es\"},{\"@type\":\"Organization\",\"@id\":\"https:\\\/\\\/wakan.ec\\\/#organization\",\"name\":\"Wak\u00e1n\",\"url\":\"https:\\\/\\\/wakan.ec\\\/\",\"logo\":{\"@type\":\"ImageObject\",\"inLanguage\":\"es\",\"@id\":\"https:\\\/\\\/wakan.ec\\\/#\\\/schema\\\/logo\\\/image\\\/\",\"url\":\"https:\\\/\\\/wakan.ec\\\/wp-content\\\/uploads\\\/2021\\\/12\\\/wakan-Logo.png\",\"contentUrl\":\"https:\\\/\\\/wakan.ec\\\/wp-content\\\/uploads\\\/2021\\\/12\\\/wakan-Logo.png\",\"width\":1080,\"height\":1080,\"caption\":\"Wak\u00e1n\"},\"image\":{\"@id\":\"https:\\\/\\\/wakan.ec\\\/#\\\/schema\\\/logo\\\/image\\\/\"},\"sameAs\":[\"https:\\\/\\\/www.facebook.com\\\/wakantienda\",\"https:\\\/\\\/www.instagram.com\\\/wakantienda\",\"https:\\\/\\\/www.youtube.com\\\/wakan\"]}]}<\/script>\n<!-- \/ Yoast SEO plugin. -->","yoast_head_json":{"title":"Horizon 2 - Forbidden West - PS4 - Wakan.ec","description":"Desaf\u00eda al majestuoso Oeste Prohibido, en el que se ocultan nuevas y misteriosas amenzasas. Recibe Horizon 2 - Forbidden West en todo el Ecuador.","robots":{"index":"index","follow":"follow","max-snippet":"max-snippet:-1","max-image-preview":"max-image-preview:large","max-video-preview":"max-video-preview:-1"},"canonical":"https:\/\/wakan.ec\/index.php\/producto\/horizon-2-forbidden-west-ps4\/","og_locale":"es_ES","og_type":"article","og_title":"Horizon 2 - Forbidden West - PS4 - Wakan.ec","og_description":"Desaf\u00eda al majestuoso Oeste Prohibido, en el que se ocultan nuevas y misteriosas amenzasas. Recibe Horizon 2 - Forbidden West en todo el Ecuador.","og_url":"https:\/\/wakan.ec\/index.php\/producto\/horizon-2-forbidden-west-ps4\/","og_site_name":"Wakan.ec","article_publisher":"https:\/\/www.facebook.com\/wakantienda","article_modified_time":"2026-04-08T23:18:17+00:00","og_image":[{"width":1000,"height":1000,"url":"https:\/\/wakan.ec\/wp-content\/uploads\/2025\/12\/wp-17663711758313275285097477978210.png","type":"image\/png"}],"twitter_card":"summary_large_image","twitter_misc":{"Tiempo de lectura":"2 minutos"},"schema":{"@context":"https:\/\/schema.org","@graph":[{"@type":"WebPage","@id":"https:\/\/wakan.ec\/index.php\/producto\/horizon-2-forbidden-west-ps4\/","url":"https:\/\/wakan.ec\/index.php\/producto\/horizon-2-forbidden-west-ps4\/","name":"Horizon 2 - Forbidden West - PS4 - Wakan.ec","isPartOf":{"@id":"https:\/\/wakan.ec\/#website"},"primaryImageOfPage":{"@id":"https:\/\/wakan.ec\/index.php\/producto\/horizon-2-forbidden-west-ps4\/#primaryimage"},"image":{"@id":"https:\/\/wakan.ec\/index.php\/producto\/horizon-2-forbidden-west-ps4\/#primaryimage"},"thumbnailUrl":"https:\/\/wakan.ec\/wp-content\/uploads\/2025\/12\/wp-17663711758313275285097477978210.png","datePublished":"2025-12-17T20:13:10+00:00","dateModified":"2026-04-08T23:18:17+00:00","description":"Desaf\u00eda al majestuoso Oeste Prohibido, en el que se ocultan nuevas y misteriosas amenzasas. Recibe Horizon 2 - Forbidden West en todo el Ecuador.","breadcrumb":{"@id":"https:\/\/wakan.ec\/index.php\/producto\/horizon-2-forbidden-west-ps4\/#breadcrumb"},"inLanguage":"es","potentialAction":[{"@type":"ReadAction","target":["https:\/\/wakan.ec\/index.php\/producto\/horizon-2-forbidden-west-ps4\/"]}]},{"@type":"ImageObject","inLanguage":"es","@id":"https:\/\/wakan.ec\/index.php\/producto\/horizon-2-forbidden-west-ps4\/#primaryimage","url":"https:\/\/wakan.ec\/wp-content\/uploads\/2025\/12\/wp-17663711758313275285097477978210.png","contentUrl":"https:\/\/wakan.ec\/wp-content\/uploads\/2025\/12\/wp-17663711758313275285097477978210.png","width":1000,"height":1000,"caption":"Horizon 2 - Forbidden West - PS4 - Ecuador"},{"@type":"BreadcrumbList","@id":"https:\/\/wakan.ec\/index.php\/producto\/horizon-2-forbidden-west-ps4\/#breadcrumb","itemListElement":[{"@type":"ListItem","position":1,"name":"Portada","item":"https:\/\/wakan.ec\/"},{"@type":"ListItem","position":2,"name":"Wakan.ec","item":"https:\/\/wakan.ec\/"},{"@type":"ListItem","position":3,"name":"Horizon 2 &#8211; Forbidden West &#8211; PS4"}]},{"@type":"WebSite","@id":"https:\/\/wakan.ec\/#website","url":"https:\/\/wakan.ec\/","name":"Wakan.ec","description":"Tech - Fitness, entretenimiento y productividad.","publisher":{"@id":"https:\/\/wakan.ec\/#organization"},"potentialAction":[{"@type":"SearchAction","target":{"@type":"EntryPoint","urlTemplate":"https:\/\/wakan.ec\/?s={search_term_string}"},"query-input":{"@type":"PropertyValueSpecification","valueRequired":true,"valueName":"search_term_string"}}],"inLanguage":"es"},{"@type":"Organization","@id":"https:\/\/wakan.ec\/#organization","name":"Wak\u00e1n","url":"https:\/\/wakan.ec\/","logo":{"@type":"ImageObject","inLanguage":"es","@id":"https:\/\/wakan.ec\/#\/schema\/logo\/image\/","url":"https:\/\/wakan.ec\/wp-content\/uploads\/2021\/12\/wakan-Logo.png","contentUrl":"https:\/\/wakan.ec\/wp-content\/uploads\/2021\/12\/wakan-Logo.png","width":1080,"height":1080,"caption":"Wak\u00e1n"},"image":{"@id":"https:\/\/wakan.ec\/#\/schema\/logo\/image\/"},"sameAs":["https:\/\/www.facebook.com\/wakantienda","https:\/\/www.instagram.com\/wakantienda","https:\/\/www.youtube.com\/wakan"]}]}},"_links":{"self":[{"href":"https:\/\/wakan.ec\/index.php\/wp-json\/wp\/v2\/product\/3633","targetHints":{"allow":["GET"]}}],"collection":[{"href":"https:\/\/wakan.ec\/index.php\/wp-json\/wp\/v2\/product"}],"about":[{"href":"https:\/\/wakan.ec\/index.php\/wp-json\/wp\/v2\/types\/product"}],"replies":[{"embeddable":true,"href":"https:\/\/wakan.ec\/index.php\/wp-json\/wp\/v2\/comments?post=3633"}],"wp:featuredmedia":[{"embeddable":true,"href":"https:\/\/wakan.ec\/index.php\/wp-json\/wp\/v2\/media\/3640"}],"wp:attachment":[{"href":"https:\/\/wakan.ec\/index.php\/wp-json\/wp\/v2\/media?parent=3633"}],"wp:term":[{"taxonomy":"product_brand","embeddable":true,"href":"https:\/\/wakan.ec\/index.php\/wp-json\/wp\/v2\/product_brand?post=3633"},{"taxonomy":"product_cat","embeddable":true,"href":"https:\/\/wakan.ec\/index.php\/wp-json\/wp\/v2\/product_cat?post=3633"},{"taxonomy":"product_tag","embeddable":true,"href":"https:\/\/wakan.ec\/index.php\/wp-json\/wp\/v2\/product_tag?post=3633"}],"curies":[{"name":"wp","href":"https:\/\/api.w.org\/{rel}","templated":true}]}}