{"id":3494,"date":"2025-11-14T15:31:30","date_gmt":"2025-11-14T20:31:30","guid":{"rendered":"https:\/\/wakan.ec\/?post_type=product&#038;p=3494"},"modified":"2026-03-30T19:50:19","modified_gmt":"2026-03-31T00:50:19","slug":"huawei-watch-gt-6-dorado-41-mm","status":"publish","type":"product","link":"https:\/\/wakan.ec\/index.php\/producto\/huawei-watch-gt-6-dorado-41-mm\/","title":{"rendered":"Huawei Watch GT 6 &#8211; Dorado &#8211; 41 mm"},"content":{"rendered":"<p>Huawei Watch GT 6 Dorado tiene un estilo ic\u00f3nico que marca tendencia, con elegante marco de acero y correa milanesa dorada.<\/p>\n<h4>L\u00edder en moda<\/h4>\n<p>Asas de correa pivotantes, comodidad absoluta, delicada corona estriada para un mejor agarre. Bisel de cronometraje vertical y bisel de cronometraje redondo.<\/p>\n<p>Pantalla AMOLED de 1,47 pulgadas, luce un \u00e1rea de pantalla 5.5% m\u00e1s grande, su brillo aumenta hasta 3000 nits asegurando una f\u00e1cil legibilidad incluso en exteriores con luz solar.<\/p>\n<p>Gran resistencia caracter\u00edstica con el hermoso marco de acero inoxidable, certificaci\u00f3n 5 ATM\u00a0 e IP69k.<\/p>\n<h4>Deportes<\/h4>\n<p>M\u00e1s de 100 modos deportivos, siempre hay un deporte para ti. Recibe amplias estad\u00edsticas en tus sesiones de entrenamiento.<\/p>\n<p>Cada peque\u00f1a acci\u00f3n suma para una vida sana, monitorea tu progreso con mediciones precisas de las calor\u00edas quemadas y las horas de entrenamiento.<\/p>\n<p>Has un seguimiento de tu estado f\u00edsico, el reloj te indica tu pulso card\u00edaco, inclinaci\u00f3n, velocidad y distancia en tu mu\u00f1eca para guiar tu entrenamiento en el camino.<\/p>\n<h4>Bienestar de tu coraz\u00f3n<\/h4>\n<p><span style=\"font-size: 16px;\">El sensor PPG te alerta sobre <\/span><span style=\"font-size: 16px;\">posibles riesgos de fibrilaci\u00f3n auricular. <\/span><\/p>\n<p>El reloj mide tus niveles de estr\u00e9s y controla la variabilidad de tu frecuencia card\u00edaca durante todo el d\u00eda.<\/p>\n<p>Empieza un ejercicio de respiraci\u00f3n cuando te sientas decaida o mide tu SpO2 para evaluar tu salud respiratoria en cualquier momento.<\/p>\n<h4>M\u00e1s inteligente<\/h4>\n<p>Dispara fotograf\u00edas a distancia para selfies o grupos, has una captura de pantalla y responde mensajes con el teclado emergente.<\/p>\n<p>Graba notas de voz, revisa tu calendario, escucha m\u00fasica sin necesidad del tel\u00e9fono y contesta llamadas desde tu mu\u00f1eca para llevar tu productividad al siguiente nivel.<\/p>\n<p>Utiliza el reloj hasta 14 d\u00edas y rec\u00e1rgalo hasta el 40% en menos de 15 minutos.<\/p>\n<h4>En la caja<\/h4>\n<ul>\n<li>Huawei Watch GT 6 &#8211; Dorado &#8211; 41 mm<\/li>\n<li>Base de carga<\/li>\n<li>Gu\u00eda de usuario<\/li>\n<li>Tarjeta de garant\u00eda<\/li>\n<\/ul>\n<p><em>Compatible tanto con iOS, Android y Harmony OS.<\/em><\/p>\n","protected":false},"excerpt":{"rendered":"<p><em>Estilo que marca tendencia, con elegante marco de acero y hermosa correa milanesa dorada.<\/em><\/p>\n<h4>Estilo ic\u00f3nico<\/h4>\n<ul>\n<li>Comprende tu bienestar en todas sus dimensiones.<\/li>\n<li>Monitorea deportes con GPS y potenci\u00f3metro.<\/li>\n<li>Seguimiento mejorado de signos vitales.<\/li>\n<li>Experiencias inteligentes para una vida m\u00e1s f\u00e1cil.<\/li>\n<li>Llamadas por Bluetooth desde tu mu\u00f1eca.<\/li>\n<li>Compatible con iOS, Android y HarmonyOS.<\/li>\n<\/ul>\n<h4>Env\u00edo gratis a todo el Ecuador<\/h4>\n<p>Estado: Nuevo\/Sellado<\/p>\n","protected":false},"featured_media":3493,"comment_status":"open","ping_status":"closed","template":"","meta":{"site-sidebar-layout":"default","site-content-layout":"","ast-site-content-layout":"default","site-content-style":"default","site-sidebar-style":"default","ast-global-header-display":"","ast-banner-title-visibility":"","ast-main-header-display":"","ast-hfb-above-header-display":"","ast-hfb-below-header-display":"","ast-hfb-mobile-header-display":"","site-post-title":"","ast-breadcrumbs-content":"","ast-featured-img":"","footer-sml-layout":"","ast-disable-related-posts":"","theme-transparent-header-meta":"default","adv-header-id-meta":"","stick-header-meta":"","header-above-stick-meta":"","header-main-stick-meta":"","header-below-stick-meta":"","astra-migrate-meta-layouts":"set","ast-page-background-enabled":"default","ast-page-background-meta":{"desktop":{"background-color":"","background-image":"","background-repeat":"repeat","background-position":"center center","background-size":"auto","background-attachment":"scroll","background-type":"","background-media":"","overlay-type":"","overlay-color":"","overlay-opacity":"","overlay-gradient":""},"tablet":{"background-color":"","background-image":"","background-repeat":"repeat","background-position":"center center","background-size":"auto","background-attachment":"scroll","background-type":"","background-media":"","overlay-type":"","overlay-color":"","overlay-opacity":"","overlay-gradient":""},"mobile":{"background-color":"","background-image":"","background-repeat":"repeat","background-position":"center center","background-size":"auto","background-attachment":"scroll","background-type":"","background-media":"","overlay-type":"","overlay-color":"","overlay-opacity":"","overlay-gradient":""}},"ast-content-background-meta":{"desktop":{"background-color":"var(--ast-global-color-5)","background-image":"","background-repeat":"repeat","background-position":"center center","background-size":"auto","background-attachment":"scroll","background-type":"","background-media":"","overlay-type":"","overlay-color":"","overlay-opacity":"","overlay-gradient":""},"tablet":{"background-color":"var(--ast-global-color-5)","background-image":"","background-repeat":"repeat","background-position":"center center","background-size":"auto","background-attachment":"scroll","background-type":"","background-media":"","overlay-type":"","overlay-color":"","overlay-opacity":"","overlay-gradient":""},"mobile":{"background-color":"var(--ast-global-color-5)","background-image":"","background-repeat":"repeat","background-position":"center center","background-size":"auto","background-attachment":"scroll","background-type":"","background-media":"","overlay-type":"","overlay-color":"","overlay-opacity":"","overlay-gradient":""}}},"product_brand":[],"product_cat":[238],"product_tag":[],"class_list":{"0":"post-3494","1":"product","2":"type-product","3":"status-publish","4":"has-post-thumbnail","6":"product_cat-huawei-watch-gt-6-41-mm","7":"desktop-align-left","8":"tablet-align-left","9":"mobile-align-left","11":"first","12":"instock","13":"sale","14":"purchasable","15":"product-type-simple"},"yoast_head":"<!-- This site is optimized with the Yoast SEO plugin v27.5 - https:\/\/yoast.com\/product\/yoast-seo-wordpress\/ -->\n<title>Huawei Watch GT 6 - Dorado - 41 mm - Wakan.ec<\/title>\n<meta name=\"description\" content=\"Huawei Watch GT 6 Dorado tiene un estilo ic\u00f3nico que marca tendencia, con elegante marco de acero y correa milanesa dorada.\u00a0Env\u00edo gratis a todo el Ecuador.\" \/>\n<meta name=\"robots\" content=\"index, follow, max-snippet:-1, max-image-preview:large, max-video-preview:-1\" \/>\n<link rel=\"canonical\" href=\"https:\/\/wakan.ec\/index.php\/producto\/huawei-watch-gt-6-dorado-41-mm\/\" \/>\n<meta property=\"og:locale\" content=\"es_ES\" \/>\n<meta property=\"og:type\" content=\"article\" \/>\n<meta property=\"og:title\" content=\"Huawei Watch GT 6 - Dorado - 41 mm - Wakan.ec\" \/>\n<meta property=\"og:description\" content=\"Huawei Watch GT 6 Dorado tiene un estilo ic\u00f3nico que marca tendencia, con elegante marco de acero y correa milanesa dorada.\u00a0Env\u00edo gratis a todo el Ecuador.\" \/>\n<meta property=\"og:url\" content=\"https:\/\/wakan.ec\/index.php\/producto\/huawei-watch-gt-6-dorado-41-mm\/\" \/>\n<meta property=\"og:site_name\" content=\"Wakan.ec\" \/>\n<meta property=\"article:publisher\" content=\"https:\/\/www.facebook.com\/wakantienda\" \/>\n<meta property=\"article:modified_time\" content=\"2026-03-31T00:50:19+00:00\" \/>\n<meta property=\"og:image\" content=\"https:\/\/wakan.ec\/wp-content\/uploads\/2025\/11\/wp-17631515543141201759962982160071.png\" \/>\n\t<meta property=\"og:image:width\" content=\"1000\" \/>\n\t<meta property=\"og:image:height\" content=\"1000\" \/>\n\t<meta property=\"og:image:type\" content=\"image\/png\" \/>\n<meta name=\"twitter:card\" content=\"summary_large_image\" \/>\n<meta name=\"twitter:label1\" content=\"Tiempo de lectura\" \/>\n\t<meta name=\"twitter:data1\" content=\"2 minutos\" \/>\n<script type=\"application\/ld+json\" class=\"yoast-schema-graph\">{\"@context\":\"https:\\\/\\\/schema.org\",\"@graph\":[{\"@type\":\"WebPage\",\"@id\":\"https:\\\/\\\/wakan.ec\\\/index.php\\\/producto\\\/huawei-watch-gt-6-dorado-41-mm\\\/\",\"url\":\"https:\\\/\\\/wakan.ec\\\/index.php\\\/producto\\\/huawei-watch-gt-6-dorado-41-mm\\\/\",\"name\":\"Huawei Watch GT 6 - Dorado - 41 mm - Wakan.ec\",\"isPartOf\":{\"@id\":\"https:\\\/\\\/wakan.ec\\\/#website\"},\"primaryImageOfPage\":{\"@id\":\"https:\\\/\\\/wakan.ec\\\/index.php\\\/producto\\\/huawei-watch-gt-6-dorado-41-mm\\\/#primaryimage\"},\"image\":{\"@id\":\"https:\\\/\\\/wakan.ec\\\/index.php\\\/producto\\\/huawei-watch-gt-6-dorado-41-mm\\\/#primaryimage\"},\"thumbnailUrl\":\"https:\\\/\\\/wakan.ec\\\/wp-content\\\/uploads\\\/2025\\\/11\\\/wp-17631515543141201759962982160071.png\",\"datePublished\":\"2025-11-14T20:31:30+00:00\",\"dateModified\":\"2026-03-31T00:50:19+00:00\",\"description\":\"Huawei Watch GT 6 Dorado tiene un estilo ic\u00f3nico que marca tendencia, con elegante marco de acero y correa milanesa dorada.\u00a0Env\u00edo gratis a todo el Ecuador.\",\"breadcrumb\":{\"@id\":\"https:\\\/\\\/wakan.ec\\\/index.php\\\/producto\\\/huawei-watch-gt-6-dorado-41-mm\\\/#breadcrumb\"},\"inLanguage\":\"es\",\"potentialAction\":[{\"@type\":\"ReadAction\",\"target\":[\"https:\\\/\\\/wakan.ec\\\/index.php\\\/producto\\\/huawei-watch-gt-6-dorado-41-mm\\\/\"]}]},{\"@type\":\"ImageObject\",\"inLanguage\":\"es\",\"@id\":\"https:\\\/\\\/wakan.ec\\\/index.php\\\/producto\\\/huawei-watch-gt-6-dorado-41-mm\\\/#primaryimage\",\"url\":\"https:\\\/\\\/wakan.ec\\\/wp-content\\\/uploads\\\/2025\\\/11\\\/wp-17631515543141201759962982160071.png\",\"contentUrl\":\"https:\\\/\\\/wakan.ec\\\/wp-content\\\/uploads\\\/2025\\\/11\\\/wp-17631515543141201759962982160071.png\",\"width\":1000,\"height\":1000,\"caption\":\"Huawei Watch GT 6 - Dorado - 41 mm - Ecuador\"},{\"@type\":\"BreadcrumbList\",\"@id\":\"https:\\\/\\\/wakan.ec\\\/index.php\\\/producto\\\/huawei-watch-gt-6-dorado-41-mm\\\/#breadcrumb\",\"itemListElement\":[{\"@type\":\"ListItem\",\"position\":1,\"name\":\"Portada\",\"item\":\"https:\\\/\\\/wakan.ec\\\/\"},{\"@type\":\"ListItem\",\"position\":2,\"name\":\"Huawei Watch GT 6 &#8211; Dorado &#8211; 41 mm\"}]},{\"@type\":\"WebSite\",\"@id\":\"https:\\\/\\\/wakan.ec\\\/#website\",\"url\":\"https:\\\/\\\/wakan.ec\\\/\",\"name\":\"Wakan.ec\",\"description\":\"Tech - Fitness, entretenimiento y productividad.\",\"publisher\":{\"@id\":\"https:\\\/\\\/wakan.ec\\\/#organization\"},\"potentialAction\":[{\"@type\":\"SearchAction\",\"target\":{\"@type\":\"EntryPoint\",\"urlTemplate\":\"https:\\\/\\\/wakan.ec\\\/?s={search_term_string}\"},\"query-input\":{\"@type\":\"PropertyValueSpecification\",\"valueRequired\":true,\"valueName\":\"search_term_string\"}}],\"inLanguage\":\"es\"},{\"@type\":\"Organization\",\"@id\":\"https:\\\/\\\/wakan.ec\\\/#organization\",\"name\":\"Wak\u00e1n\",\"url\":\"https:\\\/\\\/wakan.ec\\\/\",\"logo\":{\"@type\":\"ImageObject\",\"inLanguage\":\"es\",\"@id\":\"https:\\\/\\\/wakan.ec\\\/#\\\/schema\\\/logo\\\/image\\\/\",\"url\":\"https:\\\/\\\/wakan.ec\\\/wp-content\\\/uploads\\\/2021\\\/12\\\/wakan-Logo.png\",\"contentUrl\":\"https:\\\/\\\/wakan.ec\\\/wp-content\\\/uploads\\\/2021\\\/12\\\/wakan-Logo.png\",\"width\":1080,\"height\":1080,\"caption\":\"Wak\u00e1n\"},\"image\":{\"@id\":\"https:\\\/\\\/wakan.ec\\\/#\\\/schema\\\/logo\\\/image\\\/\"},\"sameAs\":[\"https:\\\/\\\/www.facebook.com\\\/wakantienda\",\"https:\\\/\\\/www.instagram.com\\\/wakantienda\",\"https:\\\/\\\/www.youtube.com\\\/wakan\"]}]}<\/script>\n<!-- \/ Yoast SEO plugin. -->","yoast_head_json":{"title":"Huawei Watch GT 6 - Dorado - 41 mm - Wakan.ec","description":"Huawei Watch GT 6 Dorado tiene un estilo ic\u00f3nico que marca tendencia, con elegante marco de acero y correa milanesa dorada.\u00a0Env\u00edo gratis a todo el Ecuador.","robots":{"index":"index","follow":"follow","max-snippet":"max-snippet:-1","max-image-preview":"max-image-preview:large","max-video-preview":"max-video-preview:-1"},"canonical":"https:\/\/wakan.ec\/index.php\/producto\/huawei-watch-gt-6-dorado-41-mm\/","og_locale":"es_ES","og_type":"article","og_title":"Huawei Watch GT 6 - Dorado - 41 mm - Wakan.ec","og_description":"Huawei Watch GT 6 Dorado tiene un estilo ic\u00f3nico que marca tendencia, con elegante marco de acero y correa milanesa dorada.\u00a0Env\u00edo gratis a todo el Ecuador.","og_url":"https:\/\/wakan.ec\/index.php\/producto\/huawei-watch-gt-6-dorado-41-mm\/","og_site_name":"Wakan.ec","article_publisher":"https:\/\/www.facebook.com\/wakantienda","article_modified_time":"2026-03-31T00:50:19+00:00","og_image":[{"width":1000,"height":1000,"url":"https:\/\/wakan.ec\/wp-content\/uploads\/2025\/11\/wp-17631515543141201759962982160071.png","type":"image\/png"}],"twitter_card":"summary_large_image","twitter_misc":{"Tiempo de lectura":"2 minutos"},"schema":{"@context":"https:\/\/schema.org","@graph":[{"@type":"WebPage","@id":"https:\/\/wakan.ec\/index.php\/producto\/huawei-watch-gt-6-dorado-41-mm\/","url":"https:\/\/wakan.ec\/index.php\/producto\/huawei-watch-gt-6-dorado-41-mm\/","name":"Huawei Watch GT 6 - Dorado - 41 mm - Wakan.ec","isPartOf":{"@id":"https:\/\/wakan.ec\/#website"},"primaryImageOfPage":{"@id":"https:\/\/wakan.ec\/index.php\/producto\/huawei-watch-gt-6-dorado-41-mm\/#primaryimage"},"image":{"@id":"https:\/\/wakan.ec\/index.php\/producto\/huawei-watch-gt-6-dorado-41-mm\/#primaryimage"},"thumbnailUrl":"https:\/\/wakan.ec\/wp-content\/uploads\/2025\/11\/wp-17631515543141201759962982160071.png","datePublished":"2025-11-14T20:31:30+00:00","dateModified":"2026-03-31T00:50:19+00:00","description":"Huawei Watch GT 6 Dorado tiene un estilo ic\u00f3nico que marca tendencia, con elegante marco de acero y correa milanesa dorada.\u00a0Env\u00edo gratis a todo el Ecuador.","breadcrumb":{"@id":"https:\/\/wakan.ec\/index.php\/producto\/huawei-watch-gt-6-dorado-41-mm\/#breadcrumb"},"inLanguage":"es","potentialAction":[{"@type":"ReadAction","target":["https:\/\/wakan.ec\/index.php\/producto\/huawei-watch-gt-6-dorado-41-mm\/"]}]},{"@type":"ImageObject","inLanguage":"es","@id":"https:\/\/wakan.ec\/index.php\/producto\/huawei-watch-gt-6-dorado-41-mm\/#primaryimage","url":"https:\/\/wakan.ec\/wp-content\/uploads\/2025\/11\/wp-17631515543141201759962982160071.png","contentUrl":"https:\/\/wakan.ec\/wp-content\/uploads\/2025\/11\/wp-17631515543141201759962982160071.png","width":1000,"height":1000,"caption":"Huawei Watch GT 6 - Dorado - 41 mm - Ecuador"},{"@type":"BreadcrumbList","@id":"https:\/\/wakan.ec\/index.php\/producto\/huawei-watch-gt-6-dorado-41-mm\/#breadcrumb","itemListElement":[{"@type":"ListItem","position":1,"name":"Portada","item":"https:\/\/wakan.ec\/"},{"@type":"ListItem","position":2,"name":"Huawei Watch GT 6 &#8211; Dorado &#8211; 41 mm"}]},{"@type":"WebSite","@id":"https:\/\/wakan.ec\/#website","url":"https:\/\/wakan.ec\/","name":"Wakan.ec","description":"Tech - Fitness, entretenimiento y productividad.","publisher":{"@id":"https:\/\/wakan.ec\/#organization"},"potentialAction":[{"@type":"SearchAction","target":{"@type":"EntryPoint","urlTemplate":"https:\/\/wakan.ec\/?s={search_term_string}"},"query-input":{"@type":"PropertyValueSpecification","valueRequired":true,"valueName":"search_term_string"}}],"inLanguage":"es"},{"@type":"Organization","@id":"https:\/\/wakan.ec\/#organization","name":"Wak\u00e1n","url":"https:\/\/wakan.ec\/","logo":{"@type":"ImageObject","inLanguage":"es","@id":"https:\/\/wakan.ec\/#\/schema\/logo\/image\/","url":"https:\/\/wakan.ec\/wp-content\/uploads\/2021\/12\/wakan-Logo.png","contentUrl":"https:\/\/wakan.ec\/wp-content\/uploads\/2021\/12\/wakan-Logo.png","width":1080,"height":1080,"caption":"Wak\u00e1n"},"image":{"@id":"https:\/\/wakan.ec\/#\/schema\/logo\/image\/"},"sameAs":["https:\/\/www.facebook.com\/wakantienda","https:\/\/www.instagram.com\/wakantienda","https:\/\/www.youtube.com\/wakan"]}]}},"_links":{"self":[{"href":"https:\/\/wakan.ec\/index.php\/wp-json\/wp\/v2\/product\/3494","targetHints":{"allow":["GET"]}}],"collection":[{"href":"https:\/\/wakan.ec\/index.php\/wp-json\/wp\/v2\/product"}],"about":[{"href":"https:\/\/wakan.ec\/index.php\/wp-json\/wp\/v2\/types\/product"}],"replies":[{"embeddable":true,"href":"https:\/\/wakan.ec\/index.php\/wp-json\/wp\/v2\/comments?post=3494"}],"wp:featuredmedia":[{"embeddable":true,"href":"https:\/\/wakan.ec\/index.php\/wp-json\/wp\/v2\/media\/3493"}],"wp:attachment":[{"href":"https:\/\/wakan.ec\/index.php\/wp-json\/wp\/v2\/media?parent=3494"}],"wp:term":[{"taxonomy":"product_brand","embeddable":true,"href":"https:\/\/wakan.ec\/index.php\/wp-json\/wp\/v2\/product_brand?post=3494"},{"taxonomy":"product_cat","embeddable":true,"href":"https:\/\/wakan.ec\/index.php\/wp-json\/wp\/v2\/product_cat?post=3494"},{"taxonomy":"product_tag","embeddable":true,"href":"https:\/\/wakan.ec\/index.php\/wp-json\/wp\/v2\/product_tag?post=3494"}],"curies":[{"name":"wp","href":"https:\/\/api.w.org\/{rel}","templated":true}]}}