{"id":3458,"date":"2025-11-05T14:27:06","date_gmt":"2025-11-05T19:27:06","guid":{"rendered":"https:\/\/wakan.ec\/?post_type=product&#038;p=3458"},"modified":"2026-03-04T10:53:36","modified_gmt":"2026-03-04T15:53:36","slug":"huawei-watch-gt-6-verde-selva-46-mm","status":"publish","type":"product","link":"https:\/\/wakan.ec\/index.php\/producto\/huawei-watch-gt-6-verde-selva-46-mm\/","title":{"rendered":"Huawei Watch GT 6 &#8211; Verde Selva &#8211; 46 mm"},"content":{"rendered":"<p>El Huawei Watch GT 6 &#8211; Verde Selva brinda una pantalla AMOLED de 46 mil\u00edmetros con un \u00e1rea de pantalla m\u00e1s grande para mayor inmersi\u00f3n y brillo que alcanza los 3000 nits.<\/p>\n<h4>Tan grande como tu energ\u00eda<\/h4>\n<p>Olv\u00eddate de las preocupaciones por la autonom\u00eda y prep\u00e1rate para batir nuevos r\u00e9cords con hasta 21 d\u00edas de bater\u00eda gracias a la innovadora incorporaci\u00f3n de una bater\u00eda con alto contenido en silicio.<\/p>\n<p>Hasta 21 d\u00edas de uso ligero, 12 d\u00edas de uso t\u00edpico, y 7 d\u00edas con AOD activado. Pedalea hasta 40 horas tu reloj siempre estar\u00e1 ah\u00ed cuando te propongas llegar lejos.<\/p>\n<h4>Entrena con intensidad<\/h4>\n<p>El nuevo potenci\u00f3metro virtual para ciclismo supervisa la potencia en tiempo real y la potencia media para ajustar la intensidad de tu entrenamiento.<\/p>\n<p>Obt\u00e9n en tu mu\u00f1eca indicadores cr\u00edticos como frecuencia card\u00edaca, inclinaci\u00f3n, velocidad y distancia para guiar tu entrenamiento en el camino.<\/p>\n<p>Sincroniza los datos en tu tel\u00e9fono, pedalea con el gr\u00e1fico animado de ciclismo en pantalla que te acompa\u00f1a durante todo el recorrido como una ciclocomputadora.<\/p>\n<p>Posicionamiento 20% m\u00e1s preciso con el sistema mejorado Huawei Sunflower.<\/p>\n<h4>Correr sin l\u00edmites<\/h4>\n<p>Compatible con descargas masivas de mapas sin conexi\u00f3n y hasta 40 horas de carrera en modo de carrera al aire libre.<\/p>\n<p>Realiza un seguimiento de m\u00e9tricas de alto nivel como el balance del tiempo de contacto con el suelo y la oscilaci\u00f3n vertical.<\/p>\n<p>Ponte los auriculares, mant\u00e9n la vista en la carretera y deja que la navegaci\u00f3n por voz te gu\u00ede en la direcci\u00f3n correcta.<\/p>\n<h4>Deportes en interiores<\/h4>\n<p>Siempre hay un deporte para ti. M\u00e1s de 100 modos de entrenamiento desde nataci\u00f3n hasta baloncesto.<\/p>\n<p>Tu gimnasio est\u00e1 en cualquier lugar, ya sea haciendo yoga, ejercicios de fuerza o saltando la cuerda, lo disfrutar\u00e1s con m\u00e1s habilidades y diversi\u00f3n en casa.<\/p>\n<p>Adapta tus objetivos y realiza un seguimiento de tu Progreso, en las calor\u00edas quemadas y las horas de entrenamiento. Cada peque\u00f1a acci\u00f3n contribuye a una vida saludable.<\/p>\n<h4>Tu estado de salud en la mu\u00f1eca<\/h4>\n<p>Tus adorables mascotas virtuales te invitan a hacer ejercicios de respiraci\u00f3n cada vez que te sientes desanimado.<\/p>\n<p>Seguimiento mejorado de tus fases de sue\u00f1o, hora de despertarte, horas de sue\u00f1o, frecuencia respiratoria, frecuencia card\u00edaca y ox\u00edgeno en sangre durante el sue\u00f1o.<\/p>\n<p>Monitorea la variabilidad de tu frecuencia card\u00edaca durante todo el d\u00eda y mide tu SpO2 para evaluar tu salud respiratoria y tu condici\u00f3n f\u00edsica.<\/p>\n<h4>Productividad<\/h4>\n<p>Captura la selfie perfecta con tu tel\u00e9fono que se controla directamente desde tu mu\u00f1eca o pulsa el bot\u00f3n superior e inferior al tiempo para hacer una captura de pantalla.<\/p>\n<p>\u00bfNecesitas anotar algo r\u00e1pidamente? Levantar la mu\u00f1eca, dicta lo que piensas y tu reloj se encargar\u00e1 del resto.<\/p>\n<p>Realiza y recibe llamadas Bluetooth directamente desde tu mu\u00f1eca, reproducci\u00f3n autom\u00e1tica de m\u00fasica para que tus canciones favoritas viajen siempre contigo.<\/p>\n<h4>En la caja<\/h4>\n<ul>\n<li>Huawei Watch GT 6 &#8211; Verde Selva<\/li>\n<li>Base de carga<\/li>\n<li>Gu\u00eda de inicio<\/li>\n<li>Tarjeta de garant\u00eda<\/li>\n<\/ul>\n<p>Compatible con iOS, Android y Harmony OS.<\/p>\n","protected":false},"excerpt":{"rendered":"<p><em>Estilo ic\u00f3nico, bisel con escala de tiempo vertical y redondeada, corona dise\u00f1ada para un mejor agarre, marco de acero y correa tejida.<\/em><\/p>\n<h4>Atrapa todas las miradas.<\/h4>\n<ul>\n<li>M\u00e9tricas de alto nivel para running y ciclismo.<\/li>\n<li>Eval\u00faa tu salud respiratoria y tu condici\u00f3n f\u00edsica.<\/li>\n<li>M\u00e1s de 100 modos deportivos en interiores y exteriores.<\/li>\n<li>Desata tu productividad con las nuevas funciones.<\/li>\n<li>Compatible con iOS, Android y Harmony OS.<\/li>\n<\/ul>\n<h4>Rec\u00edbelo en todo el Ecuador.<\/h4>\n<p>Estado: Nuevo\/Sellado.<\/p>\n","protected":false},"featured_media":3427,"comment_status":"open","ping_status":"closed","template":"","meta":{"site-sidebar-layout":"default","site-content-layout":"","ast-site-content-layout":"default","site-content-style":"default","site-sidebar-style":"default","ast-global-header-display":"","ast-banner-title-visibility":"","ast-main-header-display":"","ast-hfb-above-header-display":"","ast-hfb-below-header-display":"","ast-hfb-mobile-header-display":"","site-post-title":"","ast-breadcrumbs-content":"","ast-featured-img":"","footer-sml-layout":"","ast-disable-related-posts":"","theme-transparent-header-meta":"default","adv-header-id-meta":"","stick-header-meta":"","header-above-stick-meta":"","header-main-stick-meta":"","header-below-stick-meta":"","astra-migrate-meta-layouts":"set","ast-page-background-enabled":"default","ast-page-background-meta":{"desktop":{"background-color":"","background-image":"","background-repeat":"repeat","background-position":"center center","background-size":"auto","background-attachment":"scroll","background-type":"","background-media":"","overlay-type":"","overlay-color":"","overlay-opacity":"","overlay-gradient":""},"tablet":{"background-color":"","background-image":"","background-repeat":"repeat","background-position":"center center","background-size":"auto","background-attachment":"scroll","background-type":"","background-media":"","overlay-type":"","overlay-color":"","overlay-opacity":"","overlay-gradient":""},"mobile":{"background-color":"","background-image":"","background-repeat":"repeat","background-position":"center center","background-size":"auto","background-attachment":"scroll","background-type":"","background-media":"","overlay-type":"","overlay-color":"","overlay-opacity":"","overlay-gradient":""}},"ast-content-background-meta":{"desktop":{"background-color":"var(--ast-global-color-5)","background-image":"","background-repeat":"repeat","background-position":"center center","background-size":"auto","background-attachment":"scroll","background-type":"","background-media":"","overlay-type":"","overlay-color":"","overlay-opacity":"","overlay-gradient":""},"tablet":{"background-color":"var(--ast-global-color-5)","background-image":"","background-repeat":"repeat","background-position":"center center","background-size":"auto","background-attachment":"scroll","background-type":"","background-media":"","overlay-type":"","overlay-color":"","overlay-opacity":"","overlay-gradient":""},"mobile":{"background-color":"var(--ast-global-color-5)","background-image":"","background-repeat":"repeat","background-position":"center center","background-size":"auto","background-attachment":"scroll","background-type":"","background-media":"","overlay-type":"","overlay-color":"","overlay-opacity":"","overlay-gradient":""}}},"product_brand":[],"product_cat":[237],"product_tag":[],"class_list":{"0":"post-3458","1":"product","2":"type-product","3":"status-publish","4":"has-post-thumbnail","6":"product_cat-huawei-watch-gt-6-46-mm","7":"desktop-align-left","8":"tablet-align-left","9":"mobile-align-left","11":"first","12":"instock","13":"sale","14":"featured","15":"purchasable","16":"product-type-simple"},"yoast_head":"<!-- This site is optimized with the Yoast SEO plugin v27.3 - https:\/\/yoast.com\/product\/yoast-seo-wordpress\/ -->\n<title>Huawei Watch GT 6 - Verde Selva - 46 mm - Wakan.ec<\/title>\n<meta name=\"description\" content=\"M\u00e1s de 100 modos deportivos en interiores y exteriores, hasta 21 d\u00edas de bater\u00eda. Pide tu Huawei Watch GT 6 Verde Selva de 46 mm en todo el Ecuador.\" \/>\n<meta name=\"robots\" content=\"index, follow, max-snippet:-1, max-image-preview:large, max-video-preview:-1\" \/>\n<link rel=\"canonical\" href=\"https:\/\/wakan.ec\/index.php\/producto\/huawei-watch-gt-6-verde-selva-46-mm\/\" \/>\n<meta property=\"og:locale\" content=\"es_ES\" \/>\n<meta property=\"og:type\" content=\"article\" \/>\n<meta property=\"og:title\" content=\"Huawei Watch GT 6 - Verde Selva - 46 mm - Wakan.ec\" \/>\n<meta property=\"og:description\" content=\"M\u00e1s de 100 modos deportivos en interiores y exteriores, hasta 21 d\u00edas de bater\u00eda. Pide tu Huawei Watch GT 6 Verde Selva de 46 mm en todo el Ecuador.\" \/>\n<meta property=\"og:url\" content=\"https:\/\/wakan.ec\/index.php\/producto\/huawei-watch-gt-6-verde-selva-46-mm\/\" \/>\n<meta property=\"og:site_name\" content=\"Wakan.ec\" \/>\n<meta property=\"article:publisher\" content=\"https:\/\/www.facebook.com\/wakantienda\" \/>\n<meta property=\"article:modified_time\" content=\"2026-03-04T15:53:36+00:00\" \/>\n<meta property=\"og:image\" content=\"https:\/\/wakan.ec\/wp-content\/uploads\/2025\/10\/wp-17617602257674553047530347364463.png\" \/>\n\t<meta property=\"og:image:width\" content=\"1000\" \/>\n\t<meta property=\"og:image:height\" content=\"1000\" \/>\n\t<meta property=\"og:image:type\" content=\"image\/png\" \/>\n<meta name=\"twitter:card\" content=\"summary_large_image\" \/>\n<meta name=\"twitter:label1\" content=\"Tiempo de lectura\" \/>\n\t<meta name=\"twitter:data1\" content=\"3 minutos\" \/>\n<script type=\"application\/ld+json\" class=\"yoast-schema-graph\">{\"@context\":\"https:\\\/\\\/schema.org\",\"@graph\":[{\"@type\":\"WebPage\",\"@id\":\"https:\\\/\\\/wakan.ec\\\/index.php\\\/producto\\\/huawei-watch-gt-6-verde-selva-46-mm\\\/\",\"url\":\"https:\\\/\\\/wakan.ec\\\/index.php\\\/producto\\\/huawei-watch-gt-6-verde-selva-46-mm\\\/\",\"name\":\"Huawei Watch GT 6 - Verde Selva - 46 mm - Wakan.ec\",\"isPartOf\":{\"@id\":\"https:\\\/\\\/wakan.ec\\\/#website\"},\"primaryImageOfPage\":{\"@id\":\"https:\\\/\\\/wakan.ec\\\/index.php\\\/producto\\\/huawei-watch-gt-6-verde-selva-46-mm\\\/#primaryimage\"},\"image\":{\"@id\":\"https:\\\/\\\/wakan.ec\\\/index.php\\\/producto\\\/huawei-watch-gt-6-verde-selva-46-mm\\\/#primaryimage\"},\"thumbnailUrl\":\"https:\\\/\\\/wakan.ec\\\/wp-content\\\/uploads\\\/2025\\\/10\\\/wp-17617602257674553047530347364463.png\",\"datePublished\":\"2025-11-05T19:27:06+00:00\",\"dateModified\":\"2026-03-04T15:53:36+00:00\",\"description\":\"M\u00e1s de 100 modos deportivos en interiores y exteriores, hasta 21 d\u00edas de bater\u00eda. Pide tu Huawei Watch GT 6 Verde Selva de 46 mm en todo el Ecuador.\",\"breadcrumb\":{\"@id\":\"https:\\\/\\\/wakan.ec\\\/index.php\\\/producto\\\/huawei-watch-gt-6-verde-selva-46-mm\\\/#breadcrumb\"},\"inLanguage\":\"es\",\"potentialAction\":[{\"@type\":\"ReadAction\",\"target\":[\"https:\\\/\\\/wakan.ec\\\/index.php\\\/producto\\\/huawei-watch-gt-6-verde-selva-46-mm\\\/\"]}]},{\"@type\":\"ImageObject\",\"inLanguage\":\"es\",\"@id\":\"https:\\\/\\\/wakan.ec\\\/index.php\\\/producto\\\/huawei-watch-gt-6-verde-selva-46-mm\\\/#primaryimage\",\"url\":\"https:\\\/\\\/wakan.ec\\\/wp-content\\\/uploads\\\/2025\\\/10\\\/wp-17617602257674553047530347364463.png\",\"contentUrl\":\"https:\\\/\\\/wakan.ec\\\/wp-content\\\/uploads\\\/2025\\\/10\\\/wp-17617602257674553047530347364463.png\",\"width\":1000,\"height\":1000,\"caption\":\"Huawei Watch GT 6 - Verde Selva - 46 mm - Ecuador\"},{\"@type\":\"BreadcrumbList\",\"@id\":\"https:\\\/\\\/wakan.ec\\\/index.php\\\/producto\\\/huawei-watch-gt-6-verde-selva-46-mm\\\/#breadcrumb\",\"itemListElement\":[{\"@type\":\"ListItem\",\"position\":1,\"name\":\"Portada\",\"item\":\"https:\\\/\\\/wakan.ec\\\/\"},{\"@type\":\"ListItem\",\"position\":2,\"name\":\"Wakan.ec\",\"item\":\"https:\\\/\\\/wakan.ec\\\/\"},{\"@type\":\"ListItem\",\"position\":3,\"name\":\"Huawei Watch GT 6 &#8211; Verde Selva &#8211; 46 mm\"}]},{\"@type\":\"WebSite\",\"@id\":\"https:\\\/\\\/wakan.ec\\\/#website\",\"url\":\"https:\\\/\\\/wakan.ec\\\/\",\"name\":\"Wakan.ec\",\"description\":\"Tech - Fitness, entretenimiento y productividad.\",\"publisher\":{\"@id\":\"https:\\\/\\\/wakan.ec\\\/#organization\"},\"potentialAction\":[{\"@type\":\"SearchAction\",\"target\":{\"@type\":\"EntryPoint\",\"urlTemplate\":\"https:\\\/\\\/wakan.ec\\\/?s={search_term_string}\"},\"query-input\":{\"@type\":\"PropertyValueSpecification\",\"valueRequired\":true,\"valueName\":\"search_term_string\"}}],\"inLanguage\":\"es\"},{\"@type\":\"Organization\",\"@id\":\"https:\\\/\\\/wakan.ec\\\/#organization\",\"name\":\"Wak\u00e1n\",\"url\":\"https:\\\/\\\/wakan.ec\\\/\",\"logo\":{\"@type\":\"ImageObject\",\"inLanguage\":\"es\",\"@id\":\"https:\\\/\\\/wakan.ec\\\/#\\\/schema\\\/logo\\\/image\\\/\",\"url\":\"https:\\\/\\\/wakan.ec\\\/wp-content\\\/uploads\\\/2021\\\/12\\\/wakan-Logo.png\",\"contentUrl\":\"https:\\\/\\\/wakan.ec\\\/wp-content\\\/uploads\\\/2021\\\/12\\\/wakan-Logo.png\",\"width\":1080,\"height\":1080,\"caption\":\"Wak\u00e1n\"},\"image\":{\"@id\":\"https:\\\/\\\/wakan.ec\\\/#\\\/schema\\\/logo\\\/image\\\/\"},\"sameAs\":[\"https:\\\/\\\/www.facebook.com\\\/wakantienda\",\"https:\\\/\\\/www.instagram.com\\\/wakantienda\",\"https:\\\/\\\/www.youtube.com\\\/wakan\"]}]}<\/script>\n<!-- \/ Yoast SEO plugin. -->","yoast_head_json":{"title":"Huawei Watch GT 6 - Verde Selva - 46 mm - Wakan.ec","description":"M\u00e1s de 100 modos deportivos en interiores y exteriores, hasta 21 d\u00edas de bater\u00eda. Pide tu Huawei Watch GT 6 Verde Selva de 46 mm en todo el Ecuador.","robots":{"index":"index","follow":"follow","max-snippet":"max-snippet:-1","max-image-preview":"max-image-preview:large","max-video-preview":"max-video-preview:-1"},"canonical":"https:\/\/wakan.ec\/index.php\/producto\/huawei-watch-gt-6-verde-selva-46-mm\/","og_locale":"es_ES","og_type":"article","og_title":"Huawei Watch GT 6 - Verde Selva - 46 mm - Wakan.ec","og_description":"M\u00e1s de 100 modos deportivos en interiores y exteriores, hasta 21 d\u00edas de bater\u00eda. Pide tu Huawei Watch GT 6 Verde Selva de 46 mm en todo el Ecuador.","og_url":"https:\/\/wakan.ec\/index.php\/producto\/huawei-watch-gt-6-verde-selva-46-mm\/","og_site_name":"Wakan.ec","article_publisher":"https:\/\/www.facebook.com\/wakantienda","article_modified_time":"2026-03-04T15:53:36+00:00","og_image":[{"width":1000,"height":1000,"url":"https:\/\/wakan.ec\/wp-content\/uploads\/2025\/10\/wp-17617602257674553047530347364463.png","type":"image\/png"}],"twitter_card":"summary_large_image","twitter_misc":{"Tiempo de lectura":"3 minutos"},"schema":{"@context":"https:\/\/schema.org","@graph":[{"@type":"WebPage","@id":"https:\/\/wakan.ec\/index.php\/producto\/huawei-watch-gt-6-verde-selva-46-mm\/","url":"https:\/\/wakan.ec\/index.php\/producto\/huawei-watch-gt-6-verde-selva-46-mm\/","name":"Huawei Watch GT 6 - Verde Selva - 46 mm - Wakan.ec","isPartOf":{"@id":"https:\/\/wakan.ec\/#website"},"primaryImageOfPage":{"@id":"https:\/\/wakan.ec\/index.php\/producto\/huawei-watch-gt-6-verde-selva-46-mm\/#primaryimage"},"image":{"@id":"https:\/\/wakan.ec\/index.php\/producto\/huawei-watch-gt-6-verde-selva-46-mm\/#primaryimage"},"thumbnailUrl":"https:\/\/wakan.ec\/wp-content\/uploads\/2025\/10\/wp-17617602257674553047530347364463.png","datePublished":"2025-11-05T19:27:06+00:00","dateModified":"2026-03-04T15:53:36+00:00","description":"M\u00e1s de 100 modos deportivos en interiores y exteriores, hasta 21 d\u00edas de bater\u00eda. Pide tu Huawei Watch GT 6 Verde Selva de 46 mm en todo el Ecuador.","breadcrumb":{"@id":"https:\/\/wakan.ec\/index.php\/producto\/huawei-watch-gt-6-verde-selva-46-mm\/#breadcrumb"},"inLanguage":"es","potentialAction":[{"@type":"ReadAction","target":["https:\/\/wakan.ec\/index.php\/producto\/huawei-watch-gt-6-verde-selva-46-mm\/"]}]},{"@type":"ImageObject","inLanguage":"es","@id":"https:\/\/wakan.ec\/index.php\/producto\/huawei-watch-gt-6-verde-selva-46-mm\/#primaryimage","url":"https:\/\/wakan.ec\/wp-content\/uploads\/2025\/10\/wp-17617602257674553047530347364463.png","contentUrl":"https:\/\/wakan.ec\/wp-content\/uploads\/2025\/10\/wp-17617602257674553047530347364463.png","width":1000,"height":1000,"caption":"Huawei Watch GT 6 - Verde Selva - 46 mm - Ecuador"},{"@type":"BreadcrumbList","@id":"https:\/\/wakan.ec\/index.php\/producto\/huawei-watch-gt-6-verde-selva-46-mm\/#breadcrumb","itemListElement":[{"@type":"ListItem","position":1,"name":"Portada","item":"https:\/\/wakan.ec\/"},{"@type":"ListItem","position":2,"name":"Wakan.ec","item":"https:\/\/wakan.ec\/"},{"@type":"ListItem","position":3,"name":"Huawei Watch GT 6 &#8211; Verde Selva &#8211; 46 mm"}]},{"@type":"WebSite","@id":"https:\/\/wakan.ec\/#website","url":"https:\/\/wakan.ec\/","name":"Wakan.ec","description":"Tech - Fitness, entretenimiento y productividad.","publisher":{"@id":"https:\/\/wakan.ec\/#organization"},"potentialAction":[{"@type":"SearchAction","target":{"@type":"EntryPoint","urlTemplate":"https:\/\/wakan.ec\/?s={search_term_string}"},"query-input":{"@type":"PropertyValueSpecification","valueRequired":true,"valueName":"search_term_string"}}],"inLanguage":"es"},{"@type":"Organization","@id":"https:\/\/wakan.ec\/#organization","name":"Wak\u00e1n","url":"https:\/\/wakan.ec\/","logo":{"@type":"ImageObject","inLanguage":"es","@id":"https:\/\/wakan.ec\/#\/schema\/logo\/image\/","url":"https:\/\/wakan.ec\/wp-content\/uploads\/2021\/12\/wakan-Logo.png","contentUrl":"https:\/\/wakan.ec\/wp-content\/uploads\/2021\/12\/wakan-Logo.png","width":1080,"height":1080,"caption":"Wak\u00e1n"},"image":{"@id":"https:\/\/wakan.ec\/#\/schema\/logo\/image\/"},"sameAs":["https:\/\/www.facebook.com\/wakantienda","https:\/\/www.instagram.com\/wakantienda","https:\/\/www.youtube.com\/wakan"]}]}},"_links":{"self":[{"href":"https:\/\/wakan.ec\/index.php\/wp-json\/wp\/v2\/product\/3458","targetHints":{"allow":["GET"]}}],"collection":[{"href":"https:\/\/wakan.ec\/index.php\/wp-json\/wp\/v2\/product"}],"about":[{"href":"https:\/\/wakan.ec\/index.php\/wp-json\/wp\/v2\/types\/product"}],"replies":[{"embeddable":true,"href":"https:\/\/wakan.ec\/index.php\/wp-json\/wp\/v2\/comments?post=3458"}],"wp:featuredmedia":[{"embeddable":true,"href":"https:\/\/wakan.ec\/index.php\/wp-json\/wp\/v2\/media\/3427"}],"wp:attachment":[{"href":"https:\/\/wakan.ec\/index.php\/wp-json\/wp\/v2\/media?parent=3458"}],"wp:term":[{"taxonomy":"product_brand","embeddable":true,"href":"https:\/\/wakan.ec\/index.php\/wp-json\/wp\/v2\/product_brand?post=3458"},{"taxonomy":"product_cat","embeddable":true,"href":"https:\/\/wakan.ec\/index.php\/wp-json\/wp\/v2\/product_cat?post=3458"},{"taxonomy":"product_tag","embeddable":true,"href":"https:\/\/wakan.ec\/index.php\/wp-json\/wp\/v2\/product_tag?post=3458"}],"curies":[{"name":"wp","href":"https:\/\/api.w.org\/{rel}","templated":true}]}}