{"id":3424,"date":"2025-10-28T11:09:15","date_gmt":"2025-10-28T16:09:15","guid":{"rendered":"https:\/\/wakan.ec\/?post_type=product&#038;p=3424"},"modified":"2026-04-27T18:32:59","modified_gmt":"2026-04-27T23:32:59","slug":"huawei-freebuds-7i-negro-espacial","status":"publish","type":"product","link":"https:\/\/wakan.ec\/index.php\/producto\/huawei-freebuds-7i-negro-espacial\/","title":{"rendered":"Huawei FreeBuds 7i &#8211; Negro Espacial"},"content":{"rendered":"<p>Los Huawei FreeBuds 7i Negro Espacial con cancelaci\u00f3n activa de ruido din\u00e1mica inteligente 4.0 ofrecen\u00a0llamadas estables y claras.<\/p>\n<p>Los auriculares est\u00e1n dise\u00f1ados en un tono discreto, pensado para ti, el cautivador color negro espacial brinda un toque de elegancia.<\/p>\n<h4>Audio espacial sin l\u00edmites<\/h4>\n<p>Escucha con tranquilidad, los aud\u00edfonos est\u00e1n dise\u00f1ados para neutralizar el ruido con una rejilla de absorci\u00f3n de ruido de 8 mm.<\/p>\n<p>Tres potentes micr\u00f3fonos funcionan junto con la avanzada tecnolog\u00eda de cancelaci\u00f3n activa de ruido din\u00e1mica inteligente 4.0 para mantener a raya las distracciones durante tus llamadas.<\/p>\n<p>Menos de <em>0.5 segundos<\/em> para activar la cancelaci\u00f3n de ruido, profundidad media de cancelaci\u00f3n de ruido de 28dB y 50% menos retraso en la cancelaci\u00f3n de ruido,<\/p>\n<h4>Sonido impecable<\/h4>\n<p>Los Huawei FreeBuds 7i est\u00e1n dise\u00f1ados para garantizar la claridad de las llamadas.<\/p>\n<p>Adem\u00e1s de los tres micr\u00f3fonos, el nuevo micr\u00f3fono de conducci\u00f3n \u00f3sea capta con precisi\u00f3n las voces.<\/p>\n<p>Habla con libertad, la cancelaci\u00f3n de ruido de las llamadas mediante IA garantiza la claridad de tu voz, incluso en entornos ruidosos y con mucho viento, con sonidos de hasta 90 dB.<\/p>\n<h4>Inmersi\u00f3n definitiva<\/h4>\n<p>Cuentan con un Driver Din\u00e1mico de cuatro imanes de 11 mm que ofrece voces realistas, texturas profundas y un equilibrio de calidad de estudio.<\/p>\n<p>Aj\u00fasta el sonido a tu gusto con 10 bandas de ecualizaci\u00f3n y estilos de audio personalizados.<\/p>\n<p>Sum\u00e9rgete en un sonido de 360 grados con seguimiento de la cabeza y audio espacial sin l\u00edmites, independientemente de lo que est\u00e9s escuchando o del dispositivo que utilices.<\/p>\n<h4>Control por gestos<\/h4>\n<p>Haz m\u00e1s con menos esfuerzo gracias a sencillos gestos con los dedos.<\/p>\n<p>Cambia entre los modos de cancelaci\u00f3n de ruido, ajusta el volumen, reproduce audio, contesta o finaliza llamadas y pasa a la siguiente pista.<\/p>\n<p>Mueve la cabeza para contestar. Responde y rechaza llamadas entrantes, sin usar las manos, asintiendo o negando con la cabeza.<\/p>\n<h4>Huawei AI Life<\/h4>\n<p>Revisa el nivel de bater\u00eda en la app, escucha durante 4 horas con una carga de 10 minutos y hasta 35 horas con el estuche.<\/p>\n<p>Experimenta el emparejamiento por proximidad y el audio compartido.<\/p>\n<p>Rendimiento m\u00e1ximo cuando el ANC est\u00e1 desactivado y resistencia al polvo y al agua IP54.<\/p>\n<h4>En la caja<\/h4>\n<ul>\n<li>Huawei FreeBuds 7i &#8211; Negro Espacial <em>x2<\/em><\/li>\n<li>Buds adicionales<\/li>\n<li>Gu\u00eda de usuario<\/li>\n<li>Tarjeta de garant\u00eda<\/li>\n<\/ul>\n<p><em>Compatibles con iOS, Android y Harmony OS.<\/em><\/p>\n","protected":false},"excerpt":{"rendered":"<p><em>Sum\u00e9rgete en un sonido de 360 grados con seguimiento de la cabeza y audio espacial sin l\u00edmites sin importar lo que est\u00e9s escuchando o el dispositivo que utilices.<\/em><\/p>\n<h4>Inmersi\u00f3n definitiva<\/h4>\n<ul>\n<li>Cancelaci\u00f3n activa de ruido din\u00e1mica inteligente 4.0.<\/li>\n<li>Llamadas estables y claras.<\/li>\n<li>Profundidad media de cancelaci\u00f3n de ruido de 28dB.<\/li>\n<li>Color discreto que brinda un estilo elegante.<\/li>\n<li>Escucha durante 4 horas con una carga de 10 minutos.<\/li>\n<\/ul>\n<h4>Rec\u00edbelo en todo el Ecuador<\/h4>\n<p>Estado: Nuevo\/Sellado<\/p>\n","protected":false},"featured_media":3984,"comment_status":"open","ping_status":"closed","template":"","meta":{"site-sidebar-layout":"default","site-content-layout":"","ast-site-content-layout":"default","site-content-style":"default","site-sidebar-style":"default","ast-global-header-display":"","ast-banner-title-visibility":"","ast-main-header-display":"","ast-hfb-above-header-display":"","ast-hfb-below-header-display":"","ast-hfb-mobile-header-display":"","site-post-title":"","ast-breadcrumbs-content":"","ast-featured-img":"","footer-sml-layout":"","ast-disable-related-posts":"","theme-transparent-header-meta":"default","adv-header-id-meta":"","stick-header-meta":"","header-above-stick-meta":"","header-main-stick-meta":"","header-below-stick-meta":"","astra-migrate-meta-layouts":"set","ast-page-background-enabled":"default","ast-page-background-meta":{"desktop":{"background-color":"","background-image":"","background-repeat":"repeat","background-position":"center center","background-size":"auto","background-attachment":"scroll","background-type":"","background-media":"","overlay-type":"","overlay-color":"","overlay-opacity":"","overlay-gradient":""},"tablet":{"background-color":"","background-image":"","background-repeat":"repeat","background-position":"center center","background-size":"auto","background-attachment":"scroll","background-type":"","background-media":"","overlay-type":"","overlay-color":"","overlay-opacity":"","overlay-gradient":""},"mobile":{"background-color":"","background-image":"","background-repeat":"repeat","background-position":"center center","background-size":"auto","background-attachment":"scroll","background-type":"","background-media":"","overlay-type":"","overlay-color":"","overlay-opacity":"","overlay-gradient":""}},"ast-content-background-meta":{"desktop":{"background-color":"var(--ast-global-color-5)","background-image":"","background-repeat":"repeat","background-position":"center center","background-size":"auto","background-attachment":"scroll","background-type":"","background-media":"","overlay-type":"","overlay-color":"","overlay-opacity":"","overlay-gradient":""},"tablet":{"background-color":"var(--ast-global-color-5)","background-image":"","background-repeat":"repeat","background-position":"center center","background-size":"auto","background-attachment":"scroll","background-type":"","background-media":"","overlay-type":"","overlay-color":"","overlay-opacity":"","overlay-gradient":""},"mobile":{"background-color":"var(--ast-global-color-5)","background-image":"","background-repeat":"repeat","background-position":"center center","background-size":"auto","background-attachment":"scroll","background-type":"","background-media":"","overlay-type":"","overlay-color":"","overlay-opacity":"","overlay-gradient":""}}},"product_brand":[],"product_cat":[239],"product_tag":[],"class_list":{"0":"post-3424","1":"product","2":"type-product","3":"status-publish","4":"has-post-thumbnail","6":"product_cat-huawei-freebuds-7i","7":"desktop-align-left","8":"tablet-align-left","9":"mobile-align-left","11":"first","12":"instock","13":"sale","14":"featured","15":"purchasable","16":"product-type-simple"},"yoast_head":"<!-- This site is optimized with the Yoast SEO plugin v27.5 - https:\/\/yoast.com\/product\/yoast-seo-wordpress\/ -->\n<title>Huawei FreeBuds 7i - Negro Espacial - Wakan.ec<\/title>\n<meta name=\"description\" content=\"Sum\u00e9rgete en un sonido espacial sin l\u00edmites con cancelaci\u00f3n activa de ruido din\u00e1mica inteligente 4.0. Recibe tus Huawei FreeBuds 7i - Negro en todo Ecuador.\" \/>\n<meta name=\"robots\" content=\"index, follow, max-snippet:-1, max-image-preview:large, max-video-preview:-1\" \/>\n<link rel=\"canonical\" href=\"https:\/\/wakan.ec\/index.php\/producto\/huawei-freebuds-7i-negro-espacial\/\" \/>\n<meta property=\"og:locale\" content=\"es_ES\" \/>\n<meta property=\"og:type\" content=\"article\" \/>\n<meta property=\"og:title\" content=\"Huawei FreeBuds 7i - Negro Espacial - Wakan.ec\" \/>\n<meta property=\"og:description\" content=\"Sum\u00e9rgete en un sonido espacial sin l\u00edmites con cancelaci\u00f3n activa de ruido din\u00e1mica inteligente 4.0. Recibe tus Huawei FreeBuds 7i - Negro en todo Ecuador.\" \/>\n<meta property=\"og:url\" content=\"https:\/\/wakan.ec\/index.php\/producto\/huawei-freebuds-7i-negro-espacial\/\" \/>\n<meta property=\"og:site_name\" content=\"Wakan.ec\" \/>\n<meta property=\"article:publisher\" content=\"https:\/\/www.facebook.com\/wakantienda\" \/>\n<meta property=\"article:modified_time\" content=\"2026-04-27T23:32:59+00:00\" \/>\n<meta property=\"og:image\" content=\"https:\/\/wakan.ec\/wp-content\/uploads\/2026\/02\/wp-1771861459559220258203022983537.png\" \/>\n\t<meta property=\"og:image:width\" content=\"1000\" \/>\n\t<meta property=\"og:image:height\" content=\"1000\" \/>\n\t<meta property=\"og:image:type\" content=\"image\/png\" \/>\n<meta name=\"twitter:card\" content=\"summary_large_image\" \/>\n<meta name=\"twitter:label1\" content=\"Tiempo de lectura\" \/>\n\t<meta name=\"twitter:data1\" content=\"2 minutos\" \/>\n<script type=\"application\/ld+json\" class=\"yoast-schema-graph\">{\"@context\":\"https:\\\/\\\/schema.org\",\"@graph\":[{\"@type\":\"WebPage\",\"@id\":\"https:\\\/\\\/wakan.ec\\\/index.php\\\/producto\\\/huawei-freebuds-7i-negro-espacial\\\/\",\"url\":\"https:\\\/\\\/wakan.ec\\\/index.php\\\/producto\\\/huawei-freebuds-7i-negro-espacial\\\/\",\"name\":\"Huawei FreeBuds 7i - Negro Espacial - Wakan.ec\",\"isPartOf\":{\"@id\":\"https:\\\/\\\/wakan.ec\\\/#website\"},\"primaryImageOfPage\":{\"@id\":\"https:\\\/\\\/wakan.ec\\\/index.php\\\/producto\\\/huawei-freebuds-7i-negro-espacial\\\/#primaryimage\"},\"image\":{\"@id\":\"https:\\\/\\\/wakan.ec\\\/index.php\\\/producto\\\/huawei-freebuds-7i-negro-espacial\\\/#primaryimage\"},\"thumbnailUrl\":\"https:\\\/\\\/wakan.ec\\\/wp-content\\\/uploads\\\/2026\\\/02\\\/wp-1771861459559220258203022983537.png\",\"datePublished\":\"2025-10-28T16:09:15+00:00\",\"dateModified\":\"2026-04-27T23:32:59+00:00\",\"description\":\"Sum\u00e9rgete en un sonido espacial sin l\u00edmites con cancelaci\u00f3n activa de ruido din\u00e1mica inteligente 4.0. Recibe tus Huawei FreeBuds 7i - Negro en todo Ecuador.\",\"breadcrumb\":{\"@id\":\"https:\\\/\\\/wakan.ec\\\/index.php\\\/producto\\\/huawei-freebuds-7i-negro-espacial\\\/#breadcrumb\"},\"inLanguage\":\"es\",\"potentialAction\":[{\"@type\":\"ReadAction\",\"target\":[\"https:\\\/\\\/wakan.ec\\\/index.php\\\/producto\\\/huawei-freebuds-7i-negro-espacial\\\/\"]}]},{\"@type\":\"ImageObject\",\"inLanguage\":\"es\",\"@id\":\"https:\\\/\\\/wakan.ec\\\/index.php\\\/producto\\\/huawei-freebuds-7i-negro-espacial\\\/#primaryimage\",\"url\":\"https:\\\/\\\/wakan.ec\\\/wp-content\\\/uploads\\\/2026\\\/02\\\/wp-1771861459559220258203022983537.png\",\"contentUrl\":\"https:\\\/\\\/wakan.ec\\\/wp-content\\\/uploads\\\/2026\\\/02\\\/wp-1771861459559220258203022983537.png\",\"width\":1000,\"height\":1000,\"caption\":\"Huawei FreeBuds 7i - Negro Espacial - Ecuador\"},{\"@type\":\"BreadcrumbList\",\"@id\":\"https:\\\/\\\/wakan.ec\\\/index.php\\\/producto\\\/huawei-freebuds-7i-negro-espacial\\\/#breadcrumb\",\"itemListElement\":[{\"@type\":\"ListItem\",\"position\":1,\"name\":\"Portada\",\"item\":\"https:\\\/\\\/wakan.ec\\\/\"},{\"@type\":\"ListItem\",\"position\":2,\"name\":\"Huawei FreeBuds 7i &#8211; Negro Espacial\"}]},{\"@type\":\"WebSite\",\"@id\":\"https:\\\/\\\/wakan.ec\\\/#website\",\"url\":\"https:\\\/\\\/wakan.ec\\\/\",\"name\":\"Wakan.ec\",\"description\":\"Tech - Fitness, entretenimiento y productividad.\",\"publisher\":{\"@id\":\"https:\\\/\\\/wakan.ec\\\/#organization\"},\"potentialAction\":[{\"@type\":\"SearchAction\",\"target\":{\"@type\":\"EntryPoint\",\"urlTemplate\":\"https:\\\/\\\/wakan.ec\\\/?s={search_term_string}\"},\"query-input\":{\"@type\":\"PropertyValueSpecification\",\"valueRequired\":true,\"valueName\":\"search_term_string\"}}],\"inLanguage\":\"es\"},{\"@type\":\"Organization\",\"@id\":\"https:\\\/\\\/wakan.ec\\\/#organization\",\"name\":\"Wak\u00e1n\",\"url\":\"https:\\\/\\\/wakan.ec\\\/\",\"logo\":{\"@type\":\"ImageObject\",\"inLanguage\":\"es\",\"@id\":\"https:\\\/\\\/wakan.ec\\\/#\\\/schema\\\/logo\\\/image\\\/\",\"url\":\"https:\\\/\\\/wakan.ec\\\/wp-content\\\/uploads\\\/2021\\\/12\\\/wakan-Logo.png\",\"contentUrl\":\"https:\\\/\\\/wakan.ec\\\/wp-content\\\/uploads\\\/2021\\\/12\\\/wakan-Logo.png\",\"width\":1080,\"height\":1080,\"caption\":\"Wak\u00e1n\"},\"image\":{\"@id\":\"https:\\\/\\\/wakan.ec\\\/#\\\/schema\\\/logo\\\/image\\\/\"},\"sameAs\":[\"https:\\\/\\\/www.facebook.com\\\/wakantienda\",\"https:\\\/\\\/www.instagram.com\\\/wakantienda\",\"https:\\\/\\\/www.youtube.com\\\/wakan\"]}]}<\/script>\n<!-- \/ Yoast SEO plugin. -->","yoast_head_json":{"title":"Huawei FreeBuds 7i - Negro Espacial - Wakan.ec","description":"Sum\u00e9rgete en un sonido espacial sin l\u00edmites con cancelaci\u00f3n activa de ruido din\u00e1mica inteligente 4.0. Recibe tus Huawei FreeBuds 7i - Negro en todo Ecuador.","robots":{"index":"index","follow":"follow","max-snippet":"max-snippet:-1","max-image-preview":"max-image-preview:large","max-video-preview":"max-video-preview:-1"},"canonical":"https:\/\/wakan.ec\/index.php\/producto\/huawei-freebuds-7i-negro-espacial\/","og_locale":"es_ES","og_type":"article","og_title":"Huawei FreeBuds 7i - Negro Espacial - Wakan.ec","og_description":"Sum\u00e9rgete en un sonido espacial sin l\u00edmites con cancelaci\u00f3n activa de ruido din\u00e1mica inteligente 4.0. Recibe tus Huawei FreeBuds 7i - Negro en todo Ecuador.","og_url":"https:\/\/wakan.ec\/index.php\/producto\/huawei-freebuds-7i-negro-espacial\/","og_site_name":"Wakan.ec","article_publisher":"https:\/\/www.facebook.com\/wakantienda","article_modified_time":"2026-04-27T23:32:59+00:00","og_image":[{"width":1000,"height":1000,"url":"https:\/\/wakan.ec\/wp-content\/uploads\/2026\/02\/wp-1771861459559220258203022983537.png","type":"image\/png"}],"twitter_card":"summary_large_image","twitter_misc":{"Tiempo de lectura":"2 minutos"},"schema":{"@context":"https:\/\/schema.org","@graph":[{"@type":"WebPage","@id":"https:\/\/wakan.ec\/index.php\/producto\/huawei-freebuds-7i-negro-espacial\/","url":"https:\/\/wakan.ec\/index.php\/producto\/huawei-freebuds-7i-negro-espacial\/","name":"Huawei FreeBuds 7i - Negro Espacial - Wakan.ec","isPartOf":{"@id":"https:\/\/wakan.ec\/#website"},"primaryImageOfPage":{"@id":"https:\/\/wakan.ec\/index.php\/producto\/huawei-freebuds-7i-negro-espacial\/#primaryimage"},"image":{"@id":"https:\/\/wakan.ec\/index.php\/producto\/huawei-freebuds-7i-negro-espacial\/#primaryimage"},"thumbnailUrl":"https:\/\/wakan.ec\/wp-content\/uploads\/2026\/02\/wp-1771861459559220258203022983537.png","datePublished":"2025-10-28T16:09:15+00:00","dateModified":"2026-04-27T23:32:59+00:00","description":"Sum\u00e9rgete en un sonido espacial sin l\u00edmites con cancelaci\u00f3n activa de ruido din\u00e1mica inteligente 4.0. Recibe tus Huawei FreeBuds 7i - Negro en todo Ecuador.","breadcrumb":{"@id":"https:\/\/wakan.ec\/index.php\/producto\/huawei-freebuds-7i-negro-espacial\/#breadcrumb"},"inLanguage":"es","potentialAction":[{"@type":"ReadAction","target":["https:\/\/wakan.ec\/index.php\/producto\/huawei-freebuds-7i-negro-espacial\/"]}]},{"@type":"ImageObject","inLanguage":"es","@id":"https:\/\/wakan.ec\/index.php\/producto\/huawei-freebuds-7i-negro-espacial\/#primaryimage","url":"https:\/\/wakan.ec\/wp-content\/uploads\/2026\/02\/wp-1771861459559220258203022983537.png","contentUrl":"https:\/\/wakan.ec\/wp-content\/uploads\/2026\/02\/wp-1771861459559220258203022983537.png","width":1000,"height":1000,"caption":"Huawei FreeBuds 7i - Negro Espacial - Ecuador"},{"@type":"BreadcrumbList","@id":"https:\/\/wakan.ec\/index.php\/producto\/huawei-freebuds-7i-negro-espacial\/#breadcrumb","itemListElement":[{"@type":"ListItem","position":1,"name":"Portada","item":"https:\/\/wakan.ec\/"},{"@type":"ListItem","position":2,"name":"Huawei FreeBuds 7i &#8211; Negro Espacial"}]},{"@type":"WebSite","@id":"https:\/\/wakan.ec\/#website","url":"https:\/\/wakan.ec\/","name":"Wakan.ec","description":"Tech - Fitness, entretenimiento y productividad.","publisher":{"@id":"https:\/\/wakan.ec\/#organization"},"potentialAction":[{"@type":"SearchAction","target":{"@type":"EntryPoint","urlTemplate":"https:\/\/wakan.ec\/?s={search_term_string}"},"query-input":{"@type":"PropertyValueSpecification","valueRequired":true,"valueName":"search_term_string"}}],"inLanguage":"es"},{"@type":"Organization","@id":"https:\/\/wakan.ec\/#organization","name":"Wak\u00e1n","url":"https:\/\/wakan.ec\/","logo":{"@type":"ImageObject","inLanguage":"es","@id":"https:\/\/wakan.ec\/#\/schema\/logo\/image\/","url":"https:\/\/wakan.ec\/wp-content\/uploads\/2021\/12\/wakan-Logo.png","contentUrl":"https:\/\/wakan.ec\/wp-content\/uploads\/2021\/12\/wakan-Logo.png","width":1080,"height":1080,"caption":"Wak\u00e1n"},"image":{"@id":"https:\/\/wakan.ec\/#\/schema\/logo\/image\/"},"sameAs":["https:\/\/www.facebook.com\/wakantienda","https:\/\/www.instagram.com\/wakantienda","https:\/\/www.youtube.com\/wakan"]}]}},"_links":{"self":[{"href":"https:\/\/wakan.ec\/index.php\/wp-json\/wp\/v2\/product\/3424","targetHints":{"allow":["GET"]}}],"collection":[{"href":"https:\/\/wakan.ec\/index.php\/wp-json\/wp\/v2\/product"}],"about":[{"href":"https:\/\/wakan.ec\/index.php\/wp-json\/wp\/v2\/types\/product"}],"replies":[{"embeddable":true,"href":"https:\/\/wakan.ec\/index.php\/wp-json\/wp\/v2\/comments?post=3424"}],"wp:featuredmedia":[{"embeddable":true,"href":"https:\/\/wakan.ec\/index.php\/wp-json\/wp\/v2\/media\/3984"}],"wp:attachment":[{"href":"https:\/\/wakan.ec\/index.php\/wp-json\/wp\/v2\/media?parent=3424"}],"wp:term":[{"taxonomy":"product_brand","embeddable":true,"href":"https:\/\/wakan.ec\/index.php\/wp-json\/wp\/v2\/product_brand?post=3424"},{"taxonomy":"product_cat","embeddable":true,"href":"https:\/\/wakan.ec\/index.php\/wp-json\/wp\/v2\/product_cat?post=3424"},{"taxonomy":"product_tag","embeddable":true,"href":"https:\/\/wakan.ec\/index.php\/wp-json\/wp\/v2\/product_tag?post=3424"}],"curies":[{"name":"wp","href":"https:\/\/api.w.org\/{rel}","templated":true}]}}