{"id":3422,"date":"2025-10-27T15:31:04","date_gmt":"2025-10-27T20:31:04","guid":{"rendered":"https:\/\/wakan.ec\/?post_type=product&#038;p=3422"},"modified":"2026-04-15T15:50:55","modified_gmt":"2026-04-15T20:50:55","slug":"huawei-watch-gt-6-pro-titanio","status":"publish","type":"product","link":"https:\/\/wakan.ec\/index.php\/producto\/huawei-watch-gt-6-pro-titanio\/","title":{"rendered":"Huawei Watch GT 6 Pro &#8211; Titanio"},"content":{"rendered":"<p>Descubre el nuevo Huawei Watch GT 6 Pro Titanio con monitoreo avanzado de deportes al aire libre, potenci\u00f3metro de mu\u00f1eca para ciclismo y hasta 21 d\u00edas de bater\u00eda.<\/p>\n<h4>Rompe todos los l\u00edmites<\/h4>\n<p>Disfruta al m\u00e1ximo de tu aventura con una sola carga.<\/p>\n<p>Rendimiento excepcional con hasta 21 d\u00edas de autonom\u00eda, gracias a la innovadora incorporaci\u00f3n de una bater\u00eda con alto contenido en silicio la densidad energ\u00e9tica aumenta en un 37%.<\/p>\n<p>Hasta 21 d\u00edas de uso ligero, hasta 12 d\u00edas de uso t\u00edpico y hasta 7 d\u00edas con AOD activado.<\/p>\n<h4>Ciclismo<\/h4>\n<p>Pedalea con intensidad y libertad, obt\u00e9n en tu mu\u00f1eca indicaciones cr\u00edticas como frecuencia cardiaca, inclinaci\u00f3n velocidad y distancia para guiar tu entrenamiento en el camino.<\/p>\n<p>Disfruta el nuevo potenci\u00f3metro virtual para ciclismo, que supervisa la potencia en tiempo real y la potencia media para ajustar la intensidad de tu entrenamiento.<\/p>\n<p>El sistema de posicionamiento Huawei Sunflower mejorado logra un aumento del 20% en la precisi\u00f3n de posicionamiento gracias a algoritmos GNSS y una arquitectura de antena mejorados.<\/p>\n<h4>Carrera por senderos<\/h4>\n<p>Con todas las subidas y bajadas, muestra claramente la tendencia a la altitud para que est\u00e9s preparado para los cambios en el terreno.<\/p>\n<p>Navega teniendo en cuenta la distancia estimada hasta los puntos de control, acelera o reduce la velocidad seg\u00fan sea necesario.<\/p>\n<p>Corre con un plan guiado por una gama de datos como velocidad, frecuencia card\u00edaca, pendiente en tiempo real y ritmo de correcci\u00f3n de la pendiente para que puedas planificar tu ruta con confianza.<\/p>\n<h4>Dise\u00f1ado para destacar<\/h4>\n<p>Corte elegante, dise\u00f1o geom\u00e9trico en capas con un atractivo impactante.<\/p>\n<p>La pantalla AMOLED de 1.47 pulgadas cuenta con un \u00e1rea de pantalla m\u00e1s grande y brillo de hasta 3000 nits lo que garantiza una imagen clara incluso bajo la luz solar.<\/p>\n<p>El cristal de zafiro garantiza una transparencia n\u00edtida y el revestimiento de componentes clave ofrece protecci\u00f3n contra ara\u00f1azos, anticorrosi\u00f3n y sudor.<\/p>\n<p>Reforzado por la caja de aleaci\u00f3n de titanio de grado aeroespacial, este reloj ligero es lo sumamente resistente para afrontar los retos diarios tiene resistencia al agua IP69 con certificaci\u00f3n 5 ATM.<\/p>\n<h4>Campe\u00f3n en todos los deportes<\/h4>\n<p>Golf. Proporciona distancias precisas en tiempo real, muestra los obst\u00e1culos y la parte delantera, central y trasera del Green para una planificaci\u00f3n estrat\u00e9gica.<\/p>\n<p>Buceo. Ofrece buceo en apnea de hasta 40 metros, incluye entrenamiento, pruebas, temporizador de flotaci\u00f3n y selecci\u00f3n del tipo de agua.<\/p>\n<p>Esqu\u00ed. Obt\u00e9n estad\u00edsticas detalladas desde la velocidad media y la distancia hasta el tiempo.<\/p>\n<p>Correr. Disfruta de m\u00e9tricas de alto nivel como el tiempo de contacto con el suelo y la oscilaci\u00f3n vertical.<\/p>\n<p>M\u00e1s de 100 modos deportivos. Yoga, ejercicios de fuerza, correr y saltar la cuerda, la lista podr\u00eda seguir y seguir encuentra tu deporte y pru\u00e9balo para disfrutar a\u00fan m\u00e1s.<\/p>\n<h4>Potencia tu salud<\/h4>\n<p>El nuevo Huawei TruSense System se ha transformado para ser m\u00e1s preciso, completo y r\u00e1pido. Ofrece informaci\u00f3n sobre tus emociones, patrones de sue\u00f1o y mucho m\u00e1s.<\/p>\n<p>Seguimiento mejorado de tus fases de sue\u00f1o, hora de despertarse, horas de sue\u00f1o, frecuencia respiratoria, frecuencia card\u00edaca y ox\u00edgeno en sangre durante el sue\u00f1o.<\/p>\n<p>El reloj mide tus niveles de estr\u00e9s y te ofreces soluciones r\u00e1pidas para aliviarlo como ejercicios de respiraci\u00f3n en momentos de mucha presi\u00f3n sabr\u00e1s cuando es el momento de bajar el ritmo.<\/p>\n<h4>Tu estado de salud<\/h4>\n<p>Mide tu SpO2 para evaluar tu salud respiratoria en cualquier momento o realiza un an\u00e1lisis de ECG con el sensor lateral.<\/p>\n<p>Monitorea la variabilidad de tu frecuencia card\u00edaca durante todo el d\u00eda. Te ayudar\u00e1 a gestionar tu condici\u00f3n f\u00edsica, tus programas de entrenamiento y tus h\u00e1bitos diarios.<\/p>\n<p>El reloj clasifica tus emociones en 12 tipos de estados en tres diferentes dimensiones que se visualizan como diversas flores. Cultiva tus semillas emocionales y d\u00e9jalas florecer.<\/p>\n<h4>En la caja<\/h4>\n<ul>\n<li>Huawei Watch GT 6 Pro Titanio.<\/li>\n<li>Base de carga.<\/li>\n<li>Gu\u00eda de usuario.<\/li>\n<li>Tarjeta de garant\u00eda.<\/li>\n<\/ul>\n<p><em>Compatible con iOS y Android.<\/em><\/p>\n","protected":false},"excerpt":{"rendered":"<p><em>Dise\u00f1ado para destacar. Cristal de zafiro y fabricaci\u00f3n en aleaci\u00f3n de titanio de grado aeroespacial.<\/em><\/p>\n<h4>Supera todos los l\u00edmites<\/h4>\n<ul>\n<li>Ciclismo, buceo, golf, running y esqui a nivel profesional.<\/li>\n<li>Electrodo lateral de ECG con Huawei TruSense.<\/li>\n<li>Hasta 21 d\u00edas de uso ligero y 12 d\u00edas de uso t\u00edpico.<\/li>\n<li>Llamadas, m\u00fasica y mensajes.<\/li>\n<li><span style=\"font-size: 16px;\">Compatible con iOS y Android.<\/span><\/li>\n<\/ul>\n<h4>Env\u00edo gratis en todo el Ecuador<\/h4>\n<p>Estado: Nuevo\/Sellado<\/p>\n","protected":false},"featured_media":3410,"comment_status":"open","ping_status":"closed","template":"","meta":{"site-sidebar-layout":"default","site-content-layout":"","ast-site-content-layout":"default","site-content-style":"default","site-sidebar-style":"default","ast-global-header-display":"","ast-banner-title-visibility":"","ast-main-header-display":"","ast-hfb-above-header-display":"","ast-hfb-below-header-display":"","ast-hfb-mobile-header-display":"","site-post-title":"","ast-breadcrumbs-content":"","ast-featured-img":"","footer-sml-layout":"","ast-disable-related-posts":"","theme-transparent-header-meta":"default","adv-header-id-meta":"","stick-header-meta":"","header-above-stick-meta":"","header-main-stick-meta":"","header-below-stick-meta":"","astra-migrate-meta-layouts":"set","ast-page-background-enabled":"default","ast-page-background-meta":{"desktop":{"background-color":"","background-image":"","background-repeat":"repeat","background-position":"center center","background-size":"auto","background-attachment":"scroll","background-type":"","background-media":"","overlay-type":"","overlay-color":"","overlay-opacity":"","overlay-gradient":""},"tablet":{"background-color":"","background-image":"","background-repeat":"repeat","background-position":"center center","background-size":"auto","background-attachment":"scroll","background-type":"","background-media":"","overlay-type":"","overlay-color":"","overlay-opacity":"","overlay-gradient":""},"mobile":{"background-color":"","background-image":"","background-repeat":"repeat","background-position":"center center","background-size":"auto","background-attachment":"scroll","background-type":"","background-media":"","overlay-type":"","overlay-color":"","overlay-opacity":"","overlay-gradient":""}},"ast-content-background-meta":{"desktop":{"background-color":"var(--ast-global-color-5)","background-image":"","background-repeat":"repeat","background-position":"center center","background-size":"auto","background-attachment":"scroll","background-type":"","background-media":"","overlay-type":"","overlay-color":"","overlay-opacity":"","overlay-gradient":""},"tablet":{"background-color":"var(--ast-global-color-5)","background-image":"","background-repeat":"repeat","background-position":"center center","background-size":"auto","background-attachment":"scroll","background-type":"","background-media":"","overlay-type":"","overlay-color":"","overlay-opacity":"","overlay-gradient":""},"mobile":{"background-color":"var(--ast-global-color-5)","background-image":"","background-repeat":"repeat","background-position":"center center","background-size":"auto","background-attachment":"scroll","background-type":"","background-media":"","overlay-type":"","overlay-color":"","overlay-opacity":"","overlay-gradient":""}}},"product_brand":[],"product_cat":[236],"product_tag":[],"class_list":{"0":"post-3422","1":"product","2":"type-product","3":"status-publish","4":"has-post-thumbnail","6":"product_cat-huawei-watch-gt-6-pro","7":"desktop-align-left","8":"tablet-align-left","9":"mobile-align-left","11":"first","12":"instock","13":"sale","14":"featured","15":"purchasable","16":"product-type-simple"},"yoast_head":"<!-- This site is optimized with the Yoast SEO plugin v27.5 - https:\/\/yoast.com\/product\/yoast-seo-wordpress\/ -->\n<title>Huawei Watch GT 6 Pro - Titanio - Wakan.ec<\/title>\n<meta name=\"description\" content=\"Huawei Watch GT 6 Pro Titanio con cristal de zafiro de 46 mm y fabricaci\u00f3n en aleaci\u00f3n de titanio de grado aeroespacial. Env\u00edo gratis en todo el Ecuador.\" \/>\n<meta name=\"robots\" content=\"index, follow, max-snippet:-1, max-image-preview:large, max-video-preview:-1\" \/>\n<link rel=\"canonical\" href=\"https:\/\/wakan.ec\/index.php\/producto\/huawei-watch-gt-6-pro-titanio\/\" \/>\n<meta property=\"og:locale\" content=\"es_ES\" \/>\n<meta property=\"og:type\" content=\"article\" \/>\n<meta property=\"og:title\" content=\"Huawei Watch GT 6 Pro - Titanio - Wakan.ec\" \/>\n<meta property=\"og:description\" content=\"Huawei Watch GT 6 Pro Titanio con cristal de zafiro de 46 mm y fabricaci\u00f3n en aleaci\u00f3n de titanio de grado aeroespacial. Env\u00edo gratis en todo el Ecuador.\" \/>\n<meta property=\"og:url\" content=\"https:\/\/wakan.ec\/index.php\/producto\/huawei-watch-gt-6-pro-titanio\/\" \/>\n<meta property=\"og:site_name\" content=\"Wakan.ec\" \/>\n<meta property=\"article:publisher\" content=\"https:\/\/www.facebook.com\/wakantienda\" \/>\n<meta property=\"article:modified_time\" content=\"2026-04-15T20:50:55+00:00\" \/>\n<meta property=\"og:image\" content=\"https:\/\/wakan.ec\/wp-content\/uploads\/2025\/10\/wp-17615953377575759820474858286712.png\" \/>\n\t<meta property=\"og:image:width\" content=\"1000\" \/>\n\t<meta property=\"og:image:height\" content=\"1000\" \/>\n\t<meta property=\"og:image:type\" content=\"image\/png\" \/>\n<meta name=\"twitter:card\" content=\"summary_large_image\" \/>\n<meta name=\"twitter:label1\" content=\"Tiempo de lectura\" \/>\n\t<meta name=\"twitter:data1\" content=\"4 minutos\" \/>\n<script type=\"application\/ld+json\" class=\"yoast-schema-graph\">{\"@context\":\"https:\\\/\\\/schema.org\",\"@graph\":[{\"@type\":\"WebPage\",\"@id\":\"https:\\\/\\\/wakan.ec\\\/index.php\\\/producto\\\/huawei-watch-gt-6-pro-titanio\\\/\",\"url\":\"https:\\\/\\\/wakan.ec\\\/index.php\\\/producto\\\/huawei-watch-gt-6-pro-titanio\\\/\",\"name\":\"Huawei Watch GT 6 Pro - Titanio - Wakan.ec\",\"isPartOf\":{\"@id\":\"https:\\\/\\\/wakan.ec\\\/#website\"},\"primaryImageOfPage\":{\"@id\":\"https:\\\/\\\/wakan.ec\\\/index.php\\\/producto\\\/huawei-watch-gt-6-pro-titanio\\\/#primaryimage\"},\"image\":{\"@id\":\"https:\\\/\\\/wakan.ec\\\/index.php\\\/producto\\\/huawei-watch-gt-6-pro-titanio\\\/#primaryimage\"},\"thumbnailUrl\":\"https:\\\/\\\/wakan.ec\\\/wp-content\\\/uploads\\\/2025\\\/10\\\/wp-17615953377575759820474858286712.png\",\"datePublished\":\"2025-10-27T20:31:04+00:00\",\"dateModified\":\"2026-04-15T20:50:55+00:00\",\"description\":\"Huawei Watch GT 6 Pro Titanio con cristal de zafiro de 46 mm y fabricaci\u00f3n en aleaci\u00f3n de titanio de grado aeroespacial. Env\u00edo gratis en todo el Ecuador.\",\"breadcrumb\":{\"@id\":\"https:\\\/\\\/wakan.ec\\\/index.php\\\/producto\\\/huawei-watch-gt-6-pro-titanio\\\/#breadcrumb\"},\"inLanguage\":\"es\",\"potentialAction\":[{\"@type\":\"ReadAction\",\"target\":[\"https:\\\/\\\/wakan.ec\\\/index.php\\\/producto\\\/huawei-watch-gt-6-pro-titanio\\\/\"]}]},{\"@type\":\"ImageObject\",\"inLanguage\":\"es\",\"@id\":\"https:\\\/\\\/wakan.ec\\\/index.php\\\/producto\\\/huawei-watch-gt-6-pro-titanio\\\/#primaryimage\",\"url\":\"https:\\\/\\\/wakan.ec\\\/wp-content\\\/uploads\\\/2025\\\/10\\\/wp-17615953377575759820474858286712.png\",\"contentUrl\":\"https:\\\/\\\/wakan.ec\\\/wp-content\\\/uploads\\\/2025\\\/10\\\/wp-17615953377575759820474858286712.png\",\"width\":1000,\"height\":1000,\"caption\":\"Huawei Watch GT 6 Pro - Titanio - Ecuador\"},{\"@type\":\"BreadcrumbList\",\"@id\":\"https:\\\/\\\/wakan.ec\\\/index.php\\\/producto\\\/huawei-watch-gt-6-pro-titanio\\\/#breadcrumb\",\"itemListElement\":[{\"@type\":\"ListItem\",\"position\":1,\"name\":\"Portada\",\"item\":\"https:\\\/\\\/wakan.ec\\\/\"},{\"@type\":\"ListItem\",\"position\":2,\"name\":\"Huawei Watch GT 6 Pro &#8211; Titanio\"}]},{\"@type\":\"WebSite\",\"@id\":\"https:\\\/\\\/wakan.ec\\\/#website\",\"url\":\"https:\\\/\\\/wakan.ec\\\/\",\"name\":\"Wakan.ec\",\"description\":\"Tech - Fitness, entretenimiento y productividad.\",\"publisher\":{\"@id\":\"https:\\\/\\\/wakan.ec\\\/#organization\"},\"potentialAction\":[{\"@type\":\"SearchAction\",\"target\":{\"@type\":\"EntryPoint\",\"urlTemplate\":\"https:\\\/\\\/wakan.ec\\\/?s={search_term_string}\"},\"query-input\":{\"@type\":\"PropertyValueSpecification\",\"valueRequired\":true,\"valueName\":\"search_term_string\"}}],\"inLanguage\":\"es\"},{\"@type\":\"Organization\",\"@id\":\"https:\\\/\\\/wakan.ec\\\/#organization\",\"name\":\"Wak\u00e1n\",\"url\":\"https:\\\/\\\/wakan.ec\\\/\",\"logo\":{\"@type\":\"ImageObject\",\"inLanguage\":\"es\",\"@id\":\"https:\\\/\\\/wakan.ec\\\/#\\\/schema\\\/logo\\\/image\\\/\",\"url\":\"https:\\\/\\\/wakan.ec\\\/wp-content\\\/uploads\\\/2021\\\/12\\\/wakan-Logo.png\",\"contentUrl\":\"https:\\\/\\\/wakan.ec\\\/wp-content\\\/uploads\\\/2021\\\/12\\\/wakan-Logo.png\",\"width\":1080,\"height\":1080,\"caption\":\"Wak\u00e1n\"},\"image\":{\"@id\":\"https:\\\/\\\/wakan.ec\\\/#\\\/schema\\\/logo\\\/image\\\/\"},\"sameAs\":[\"https:\\\/\\\/www.facebook.com\\\/wakantienda\",\"https:\\\/\\\/www.instagram.com\\\/wakantienda\",\"https:\\\/\\\/www.youtube.com\\\/wakan\"]}]}<\/script>\n<!-- \/ Yoast SEO plugin. -->","yoast_head_json":{"title":"Huawei Watch GT 6 Pro - Titanio - Wakan.ec","description":"Huawei Watch GT 6 Pro Titanio con cristal de zafiro de 46 mm y fabricaci\u00f3n en aleaci\u00f3n de titanio de grado aeroespacial. Env\u00edo gratis en todo el Ecuador.","robots":{"index":"index","follow":"follow","max-snippet":"max-snippet:-1","max-image-preview":"max-image-preview:large","max-video-preview":"max-video-preview:-1"},"canonical":"https:\/\/wakan.ec\/index.php\/producto\/huawei-watch-gt-6-pro-titanio\/","og_locale":"es_ES","og_type":"article","og_title":"Huawei Watch GT 6 Pro - Titanio - Wakan.ec","og_description":"Huawei Watch GT 6 Pro Titanio con cristal de zafiro de 46 mm y fabricaci\u00f3n en aleaci\u00f3n de titanio de grado aeroespacial. Env\u00edo gratis en todo el Ecuador.","og_url":"https:\/\/wakan.ec\/index.php\/producto\/huawei-watch-gt-6-pro-titanio\/","og_site_name":"Wakan.ec","article_publisher":"https:\/\/www.facebook.com\/wakantienda","article_modified_time":"2026-04-15T20:50:55+00:00","og_image":[{"width":1000,"height":1000,"url":"https:\/\/wakan.ec\/wp-content\/uploads\/2025\/10\/wp-17615953377575759820474858286712.png","type":"image\/png"}],"twitter_card":"summary_large_image","twitter_misc":{"Tiempo de lectura":"4 minutos"},"schema":{"@context":"https:\/\/schema.org","@graph":[{"@type":"WebPage","@id":"https:\/\/wakan.ec\/index.php\/producto\/huawei-watch-gt-6-pro-titanio\/","url":"https:\/\/wakan.ec\/index.php\/producto\/huawei-watch-gt-6-pro-titanio\/","name":"Huawei Watch GT 6 Pro - Titanio - Wakan.ec","isPartOf":{"@id":"https:\/\/wakan.ec\/#website"},"primaryImageOfPage":{"@id":"https:\/\/wakan.ec\/index.php\/producto\/huawei-watch-gt-6-pro-titanio\/#primaryimage"},"image":{"@id":"https:\/\/wakan.ec\/index.php\/producto\/huawei-watch-gt-6-pro-titanio\/#primaryimage"},"thumbnailUrl":"https:\/\/wakan.ec\/wp-content\/uploads\/2025\/10\/wp-17615953377575759820474858286712.png","datePublished":"2025-10-27T20:31:04+00:00","dateModified":"2026-04-15T20:50:55+00:00","description":"Huawei Watch GT 6 Pro Titanio con cristal de zafiro de 46 mm y fabricaci\u00f3n en aleaci\u00f3n de titanio de grado aeroespacial. Env\u00edo gratis en todo el Ecuador.","breadcrumb":{"@id":"https:\/\/wakan.ec\/index.php\/producto\/huawei-watch-gt-6-pro-titanio\/#breadcrumb"},"inLanguage":"es","potentialAction":[{"@type":"ReadAction","target":["https:\/\/wakan.ec\/index.php\/producto\/huawei-watch-gt-6-pro-titanio\/"]}]},{"@type":"ImageObject","inLanguage":"es","@id":"https:\/\/wakan.ec\/index.php\/producto\/huawei-watch-gt-6-pro-titanio\/#primaryimage","url":"https:\/\/wakan.ec\/wp-content\/uploads\/2025\/10\/wp-17615953377575759820474858286712.png","contentUrl":"https:\/\/wakan.ec\/wp-content\/uploads\/2025\/10\/wp-17615953377575759820474858286712.png","width":1000,"height":1000,"caption":"Huawei Watch GT 6 Pro - Titanio - Ecuador"},{"@type":"BreadcrumbList","@id":"https:\/\/wakan.ec\/index.php\/producto\/huawei-watch-gt-6-pro-titanio\/#breadcrumb","itemListElement":[{"@type":"ListItem","position":1,"name":"Portada","item":"https:\/\/wakan.ec\/"},{"@type":"ListItem","position":2,"name":"Huawei Watch GT 6 Pro &#8211; Titanio"}]},{"@type":"WebSite","@id":"https:\/\/wakan.ec\/#website","url":"https:\/\/wakan.ec\/","name":"Wakan.ec","description":"Tech - Fitness, entretenimiento y productividad.","publisher":{"@id":"https:\/\/wakan.ec\/#organization"},"potentialAction":[{"@type":"SearchAction","target":{"@type":"EntryPoint","urlTemplate":"https:\/\/wakan.ec\/?s={search_term_string}"},"query-input":{"@type":"PropertyValueSpecification","valueRequired":true,"valueName":"search_term_string"}}],"inLanguage":"es"},{"@type":"Organization","@id":"https:\/\/wakan.ec\/#organization","name":"Wak\u00e1n","url":"https:\/\/wakan.ec\/","logo":{"@type":"ImageObject","inLanguage":"es","@id":"https:\/\/wakan.ec\/#\/schema\/logo\/image\/","url":"https:\/\/wakan.ec\/wp-content\/uploads\/2021\/12\/wakan-Logo.png","contentUrl":"https:\/\/wakan.ec\/wp-content\/uploads\/2021\/12\/wakan-Logo.png","width":1080,"height":1080,"caption":"Wak\u00e1n"},"image":{"@id":"https:\/\/wakan.ec\/#\/schema\/logo\/image\/"},"sameAs":["https:\/\/www.facebook.com\/wakantienda","https:\/\/www.instagram.com\/wakantienda","https:\/\/www.youtube.com\/wakan"]}]}},"_links":{"self":[{"href":"https:\/\/wakan.ec\/index.php\/wp-json\/wp\/v2\/product\/3422","targetHints":{"allow":["GET"]}}],"collection":[{"href":"https:\/\/wakan.ec\/index.php\/wp-json\/wp\/v2\/product"}],"about":[{"href":"https:\/\/wakan.ec\/index.php\/wp-json\/wp\/v2\/types\/product"}],"replies":[{"embeddable":true,"href":"https:\/\/wakan.ec\/index.php\/wp-json\/wp\/v2\/comments?post=3422"}],"wp:featuredmedia":[{"embeddable":true,"href":"https:\/\/wakan.ec\/index.php\/wp-json\/wp\/v2\/media\/3410"}],"wp:attachment":[{"href":"https:\/\/wakan.ec\/index.php\/wp-json\/wp\/v2\/media?parent=3422"}],"wp:term":[{"taxonomy":"product_brand","embeddable":true,"href":"https:\/\/wakan.ec\/index.php\/wp-json\/wp\/v2\/product_brand?post=3422"},{"taxonomy":"product_cat","embeddable":true,"href":"https:\/\/wakan.ec\/index.php\/wp-json\/wp\/v2\/product_cat?post=3422"},{"taxonomy":"product_tag","embeddable":true,"href":"https:\/\/wakan.ec\/index.php\/wp-json\/wp\/v2\/product_tag?post=3422"}],"curies":[{"name":"wp","href":"https:\/\/api.w.org\/{rel}","templated":true}]}}