{"id":3345,"date":"2025-09-22T16:43:00","date_gmt":"2025-09-22T21:43:00","guid":{"rendered":"https:\/\/wakan.ec\/?post_type=product&#038;p=3345"},"modified":"2026-01-08T16:04:28","modified_gmt":"2026-01-08T21:04:28","slug":"grand-theft-auto-v-premium-edition-ps4","status":"publish","type":"product","link":"https:\/\/wakan.ec\/index.php\/producto\/grand-theft-auto-v-premium-edition-ps4\/","title":{"rendered":"Grand Theft Auto V: Premium Edition &#8211; PS4"},"content":{"rendered":"<p>Grand Theft Auto V: Premium Edition para PS4 es la forma m\u00e1s completa de disfrutar el juego. Combina la experiencia del juego base con ayuda en formato f\u00edsico y contenido en l\u00ednea.<\/p>\n<h4>Premium Edition<\/h4>\n<p>1. El juego base completo de GTA V. La aclamada historia principal para un jugador con los personajes de Michael, Franklin y Trevor.<\/p>\n<p>2. Grand Theft Auto Online: el mundo multijugador con acceso a todas las actualizaciones y mejoras de jugabilidad, como el golpe del fin del mundo, tr\u00e1fico de armas, contrabando y motociclistas.<\/p>\n<p>3. El Criminal Enterprise Starter Pack. Posiblemente el principal atractivo de la edici\u00f3n, est\u00e1 dise\u00f1ado para ayudar a los nuevos jugadores a establecerse r\u00e1pidamente en GTA online.<\/p>\n<p>4. Contenido Auxiliar. En la caja podr\u00e1s encontrar el manual completo y el mapa de Los Santos en formato f\u00edsico.<\/p>\n<h4>Criminal Starter Pack<\/h4>\n<p>Este paquete te proporciona una ventaja considerable en el modo online. Inicia con un arsenal de armas gratis, as\u00ed como una selecci\u00f3n de ropa y tatuajes.<\/p>\n<p>Incluye 1 mill\u00f3n de d\u00f3lares para gastar libremente en GTA Online, u<span style=\"font-size: 16px;\">na colecci\u00f3n de veh\u00edculos de alto rendimiento incluyendo deportivos, motocicletas y veh\u00edculos armados.<\/span><\/p>\n<p>Propiedades y negocios que desbloquean diferentes tipos de misiones y oportunidades de ingresos por ejemplo una oficina ejecutiva, un b\u00fanker o un taller de falsificaci\u00f3n de dinero.<\/p>\n<h4>En la caja<\/h4>\n<ul>\n<li>Disco GTA V: Premium Edition <em>x1<\/em><\/li>\n<li>Mapa Los Santos <em>x1<\/em><\/li>\n<li>Manual\u00a0<em>x1<\/em><\/li>\n<li>C\u00f3digo Criminal Enterprise Starter Pack\u00a0<em>x1<\/em><\/li>\n<\/ul>\n","protected":false},"excerpt":{"rendered":"<p><em>Deber\u00e1s dar una serie de golpes para sobrevivir en Los Santos, una ciudad despiadada donde no se conf\u00eda en nadie.<\/em><\/p>\n<p><strong>GTA 5<\/strong><\/p>\n<ul>\n<li>Experimenta la emocionante historia principal.<\/li>\n<li>Incluye GTA Online con el Criminal Starter Pack.<\/li>\n<li>Mapa f\u00edsico de Los Santos con todos los detalles.<\/li>\n<li>Mejorado para PS4\/ PS4 Pro.<\/li>\n<li>Juego en formato f\u00edsico.<\/li>\n<\/ul>\n<h4>Rec\u00edbelo en todo el Ecuador<\/h4>\n<p>Estado: Nuevo\/Sellado<\/p>\n","protected":false},"featured_media":3354,"comment_status":"open","ping_status":"closed","template":"","meta":{"site-sidebar-layout":"default","site-content-layout":"","ast-site-content-layout":"default","site-content-style":"default","site-sidebar-style":"default","ast-global-header-display":"","ast-banner-title-visibility":"","ast-main-header-display":"","ast-hfb-above-header-display":"","ast-hfb-below-header-display":"","ast-hfb-mobile-header-display":"","site-post-title":"","ast-breadcrumbs-content":"","ast-featured-img":"","footer-sml-layout":"","ast-disable-related-posts":"","theme-transparent-header-meta":"default","adv-header-id-meta":"","stick-header-meta":"","header-above-stick-meta":"","header-main-stick-meta":"","header-below-stick-meta":"","astra-migrate-meta-layouts":"set","ast-page-background-enabled":"default","ast-page-background-meta":{"desktop":{"background-color":"","background-image":"","background-repeat":"repeat","background-position":"center center","background-size":"auto","background-attachment":"scroll","background-type":"","background-media":"","overlay-type":"","overlay-color":"","overlay-opacity":"","overlay-gradient":""},"tablet":{"background-color":"","background-image":"","background-repeat":"repeat","background-position":"center center","background-size":"auto","background-attachment":"scroll","background-type":"","background-media":"","overlay-type":"","overlay-color":"","overlay-opacity":"","overlay-gradient":""},"mobile":{"background-color":"","background-image":"","background-repeat":"repeat","background-position":"center center","background-size":"auto","background-attachment":"scroll","background-type":"","background-media":"","overlay-type":"","overlay-color":"","overlay-opacity":"","overlay-gradient":""}},"ast-content-background-meta":{"desktop":{"background-color":"var(--ast-global-color-5)","background-image":"","background-repeat":"repeat","background-position":"center center","background-size":"auto","background-attachment":"scroll","background-type":"","background-media":"","overlay-type":"","overlay-color":"","overlay-opacity":"","overlay-gradient":""},"tablet":{"background-color":"var(--ast-global-color-5)","background-image":"","background-repeat":"repeat","background-position":"center center","background-size":"auto","background-attachment":"scroll","background-type":"","background-media":"","overlay-type":"","overlay-color":"","overlay-opacity":"","overlay-gradient":""},"mobile":{"background-color":"var(--ast-global-color-5)","background-image":"","background-repeat":"repeat","background-position":"center center","background-size":"auto","background-attachment":"scroll","background-type":"","background-media":"","overlay-type":"","overlay-color":"","overlay-opacity":"","overlay-gradient":""}}},"product_brand":[],"product_cat":[242],"product_tag":[],"class_list":{"0":"post-3345","1":"product","2":"type-product","3":"status-publish","4":"has-post-thumbnail","6":"product_cat-ps4","7":"desktop-align-left","8":"tablet-align-left","9":"mobile-align-left","11":"first","12":"instock","13":"sale","14":"featured","15":"purchasable","16":"product-type-simple"},"yoast_head":"<!-- This site is optimized with the Yoast SEO plugin v27.3 - https:\/\/yoast.com\/product\/yoast-seo-wordpress\/ -->\n<title>Grand Theft Auto V: Premium Edition - PS4 - Wakan.ec<\/title>\n<meta name=\"description\" content=\"Grand Theft Auto V: Premium Edition para PS4 combina la experiencia del juego base, contenido auxiliar y GTA Online. P\u00eddelo en todo el Ecuador\" \/>\n<meta name=\"robots\" content=\"index, follow, max-snippet:-1, max-image-preview:large, max-video-preview:-1\" \/>\n<link rel=\"canonical\" href=\"https:\/\/wakan.ec\/index.php\/producto\/grand-theft-auto-v-premium-edition-ps4\/\" \/>\n<meta property=\"og:locale\" content=\"es_ES\" \/>\n<meta property=\"og:type\" content=\"article\" \/>\n<meta property=\"og:title\" content=\"Grand Theft Auto V: Premium Edition - PS4 - Wakan.ec\" \/>\n<meta property=\"og:description\" content=\"Grand Theft Auto V: Premium Edition para PS4 combina la experiencia del juego base, contenido auxiliar y GTA Online. P\u00eddelo en todo el Ecuador\" \/>\n<meta property=\"og:url\" content=\"https:\/\/wakan.ec\/index.php\/producto\/grand-theft-auto-v-premium-edition-ps4\/\" \/>\n<meta property=\"og:site_name\" content=\"Wakan.ec\" \/>\n<meta property=\"article:publisher\" content=\"https:\/\/www.facebook.com\/wakantienda\" \/>\n<meta property=\"article:modified_time\" content=\"2026-01-08T21:04:28+00:00\" \/>\n<meta property=\"og:image\" content=\"https:\/\/wakan.ec\/wp-content\/uploads\/2025\/09\/wp-17591632399915201211590618106944.png\" \/>\n\t<meta property=\"og:image:width\" content=\"1000\" \/>\n\t<meta property=\"og:image:height\" content=\"1000\" \/>\n\t<meta property=\"og:image:type\" content=\"image\/png\" \/>\n<meta name=\"twitter:card\" content=\"summary_large_image\" \/>\n<meta name=\"twitter:label1\" content=\"Tiempo de lectura\" \/>\n\t<meta name=\"twitter:data1\" content=\"2 minutos\" \/>\n<script type=\"application\/ld+json\" class=\"yoast-schema-graph\">{\"@context\":\"https:\\\/\\\/schema.org\",\"@graph\":[{\"@type\":\"WebPage\",\"@id\":\"https:\\\/\\\/wakan.ec\\\/index.php\\\/producto\\\/grand-theft-auto-v-premium-edition-ps4\\\/\",\"url\":\"https:\\\/\\\/wakan.ec\\\/index.php\\\/producto\\\/grand-theft-auto-v-premium-edition-ps4\\\/\",\"name\":\"Grand Theft Auto V: Premium Edition - PS4 - Wakan.ec\",\"isPartOf\":{\"@id\":\"https:\\\/\\\/wakan.ec\\\/#website\"},\"primaryImageOfPage\":{\"@id\":\"https:\\\/\\\/wakan.ec\\\/index.php\\\/producto\\\/grand-theft-auto-v-premium-edition-ps4\\\/#primaryimage\"},\"image\":{\"@id\":\"https:\\\/\\\/wakan.ec\\\/index.php\\\/producto\\\/grand-theft-auto-v-premium-edition-ps4\\\/#primaryimage\"},\"thumbnailUrl\":\"https:\\\/\\\/wakan.ec\\\/wp-content\\\/uploads\\\/2025\\\/09\\\/wp-17591632399915201211590618106944.png\",\"datePublished\":\"2025-09-22T21:43:00+00:00\",\"dateModified\":\"2026-01-08T21:04:28+00:00\",\"description\":\"Grand Theft Auto V: Premium Edition para PS4 combina la experiencia del juego base, contenido auxiliar y GTA Online. P\u00eddelo en todo el Ecuador\",\"breadcrumb\":{\"@id\":\"https:\\\/\\\/wakan.ec\\\/index.php\\\/producto\\\/grand-theft-auto-v-premium-edition-ps4\\\/#breadcrumb\"},\"inLanguage\":\"es\",\"potentialAction\":[{\"@type\":\"ReadAction\",\"target\":[\"https:\\\/\\\/wakan.ec\\\/index.php\\\/producto\\\/grand-theft-auto-v-premium-edition-ps4\\\/\"]}]},{\"@type\":\"ImageObject\",\"inLanguage\":\"es\",\"@id\":\"https:\\\/\\\/wakan.ec\\\/index.php\\\/producto\\\/grand-theft-auto-v-premium-edition-ps4\\\/#primaryimage\",\"url\":\"https:\\\/\\\/wakan.ec\\\/wp-content\\\/uploads\\\/2025\\\/09\\\/wp-17591632399915201211590618106944.png\",\"contentUrl\":\"https:\\\/\\\/wakan.ec\\\/wp-content\\\/uploads\\\/2025\\\/09\\\/wp-17591632399915201211590618106944.png\",\"width\":1000,\"height\":1000,\"caption\":\"Grand Theft Auto V - PS4 - Premium Edition - Ecuador\"},{\"@type\":\"BreadcrumbList\",\"@id\":\"https:\\\/\\\/wakan.ec\\\/index.php\\\/producto\\\/grand-theft-auto-v-premium-edition-ps4\\\/#breadcrumb\",\"itemListElement\":[{\"@type\":\"ListItem\",\"position\":1,\"name\":\"Portada\",\"item\":\"https:\\\/\\\/wakan.ec\\\/\"},{\"@type\":\"ListItem\",\"position\":2,\"name\":\"Wakan.ec\",\"item\":\"https:\\\/\\\/wakan.ec\\\/\"},{\"@type\":\"ListItem\",\"position\":3,\"name\":\"Grand Theft Auto V: Premium Edition &#8211; PS4\"}]},{\"@type\":\"WebSite\",\"@id\":\"https:\\\/\\\/wakan.ec\\\/#website\",\"url\":\"https:\\\/\\\/wakan.ec\\\/\",\"name\":\"Wakan.ec\",\"description\":\"Tech - Fitness, entretenimiento y productividad.\",\"publisher\":{\"@id\":\"https:\\\/\\\/wakan.ec\\\/#organization\"},\"potentialAction\":[{\"@type\":\"SearchAction\",\"target\":{\"@type\":\"EntryPoint\",\"urlTemplate\":\"https:\\\/\\\/wakan.ec\\\/?s={search_term_string}\"},\"query-input\":{\"@type\":\"PropertyValueSpecification\",\"valueRequired\":true,\"valueName\":\"search_term_string\"}}],\"inLanguage\":\"es\"},{\"@type\":\"Organization\",\"@id\":\"https:\\\/\\\/wakan.ec\\\/#organization\",\"name\":\"Wak\u00e1n\",\"url\":\"https:\\\/\\\/wakan.ec\\\/\",\"logo\":{\"@type\":\"ImageObject\",\"inLanguage\":\"es\",\"@id\":\"https:\\\/\\\/wakan.ec\\\/#\\\/schema\\\/logo\\\/image\\\/\",\"url\":\"https:\\\/\\\/wakan.ec\\\/wp-content\\\/uploads\\\/2021\\\/12\\\/wakan-Logo.png\",\"contentUrl\":\"https:\\\/\\\/wakan.ec\\\/wp-content\\\/uploads\\\/2021\\\/12\\\/wakan-Logo.png\",\"width\":1080,\"height\":1080,\"caption\":\"Wak\u00e1n\"},\"image\":{\"@id\":\"https:\\\/\\\/wakan.ec\\\/#\\\/schema\\\/logo\\\/image\\\/\"},\"sameAs\":[\"https:\\\/\\\/www.facebook.com\\\/wakantienda\",\"https:\\\/\\\/www.instagram.com\\\/wakantienda\",\"https:\\\/\\\/www.youtube.com\\\/wakan\"]}]}<\/script>\n<!-- \/ Yoast SEO plugin. -->","yoast_head_json":{"title":"Grand Theft Auto V: Premium Edition - PS4 - Wakan.ec","description":"Grand Theft Auto V: Premium Edition para PS4 combina la experiencia del juego base, contenido auxiliar y GTA Online. P\u00eddelo en todo el Ecuador","robots":{"index":"index","follow":"follow","max-snippet":"max-snippet:-1","max-image-preview":"max-image-preview:large","max-video-preview":"max-video-preview:-1"},"canonical":"https:\/\/wakan.ec\/index.php\/producto\/grand-theft-auto-v-premium-edition-ps4\/","og_locale":"es_ES","og_type":"article","og_title":"Grand Theft Auto V: Premium Edition - PS4 - Wakan.ec","og_description":"Grand Theft Auto V: Premium Edition para PS4 combina la experiencia del juego base, contenido auxiliar y GTA Online. P\u00eddelo en todo el Ecuador","og_url":"https:\/\/wakan.ec\/index.php\/producto\/grand-theft-auto-v-premium-edition-ps4\/","og_site_name":"Wakan.ec","article_publisher":"https:\/\/www.facebook.com\/wakantienda","article_modified_time":"2026-01-08T21:04:28+00:00","og_image":[{"width":1000,"height":1000,"url":"https:\/\/wakan.ec\/wp-content\/uploads\/2025\/09\/wp-17591632399915201211590618106944.png","type":"image\/png"}],"twitter_card":"summary_large_image","twitter_misc":{"Tiempo de lectura":"2 minutos"},"schema":{"@context":"https:\/\/schema.org","@graph":[{"@type":"WebPage","@id":"https:\/\/wakan.ec\/index.php\/producto\/grand-theft-auto-v-premium-edition-ps4\/","url":"https:\/\/wakan.ec\/index.php\/producto\/grand-theft-auto-v-premium-edition-ps4\/","name":"Grand Theft Auto V: Premium Edition - PS4 - Wakan.ec","isPartOf":{"@id":"https:\/\/wakan.ec\/#website"},"primaryImageOfPage":{"@id":"https:\/\/wakan.ec\/index.php\/producto\/grand-theft-auto-v-premium-edition-ps4\/#primaryimage"},"image":{"@id":"https:\/\/wakan.ec\/index.php\/producto\/grand-theft-auto-v-premium-edition-ps4\/#primaryimage"},"thumbnailUrl":"https:\/\/wakan.ec\/wp-content\/uploads\/2025\/09\/wp-17591632399915201211590618106944.png","datePublished":"2025-09-22T21:43:00+00:00","dateModified":"2026-01-08T21:04:28+00:00","description":"Grand Theft Auto V: Premium Edition para PS4 combina la experiencia del juego base, contenido auxiliar y GTA Online. P\u00eddelo en todo el Ecuador","breadcrumb":{"@id":"https:\/\/wakan.ec\/index.php\/producto\/grand-theft-auto-v-premium-edition-ps4\/#breadcrumb"},"inLanguage":"es","potentialAction":[{"@type":"ReadAction","target":["https:\/\/wakan.ec\/index.php\/producto\/grand-theft-auto-v-premium-edition-ps4\/"]}]},{"@type":"ImageObject","inLanguage":"es","@id":"https:\/\/wakan.ec\/index.php\/producto\/grand-theft-auto-v-premium-edition-ps4\/#primaryimage","url":"https:\/\/wakan.ec\/wp-content\/uploads\/2025\/09\/wp-17591632399915201211590618106944.png","contentUrl":"https:\/\/wakan.ec\/wp-content\/uploads\/2025\/09\/wp-17591632399915201211590618106944.png","width":1000,"height":1000,"caption":"Grand Theft Auto V - PS4 - Premium Edition - Ecuador"},{"@type":"BreadcrumbList","@id":"https:\/\/wakan.ec\/index.php\/producto\/grand-theft-auto-v-premium-edition-ps4\/#breadcrumb","itemListElement":[{"@type":"ListItem","position":1,"name":"Portada","item":"https:\/\/wakan.ec\/"},{"@type":"ListItem","position":2,"name":"Wakan.ec","item":"https:\/\/wakan.ec\/"},{"@type":"ListItem","position":3,"name":"Grand Theft Auto V: Premium Edition &#8211; PS4"}]},{"@type":"WebSite","@id":"https:\/\/wakan.ec\/#website","url":"https:\/\/wakan.ec\/","name":"Wakan.ec","description":"Tech - Fitness, entretenimiento y productividad.","publisher":{"@id":"https:\/\/wakan.ec\/#organization"},"potentialAction":[{"@type":"SearchAction","target":{"@type":"EntryPoint","urlTemplate":"https:\/\/wakan.ec\/?s={search_term_string}"},"query-input":{"@type":"PropertyValueSpecification","valueRequired":true,"valueName":"search_term_string"}}],"inLanguage":"es"},{"@type":"Organization","@id":"https:\/\/wakan.ec\/#organization","name":"Wak\u00e1n","url":"https:\/\/wakan.ec\/","logo":{"@type":"ImageObject","inLanguage":"es","@id":"https:\/\/wakan.ec\/#\/schema\/logo\/image\/","url":"https:\/\/wakan.ec\/wp-content\/uploads\/2021\/12\/wakan-Logo.png","contentUrl":"https:\/\/wakan.ec\/wp-content\/uploads\/2021\/12\/wakan-Logo.png","width":1080,"height":1080,"caption":"Wak\u00e1n"},"image":{"@id":"https:\/\/wakan.ec\/#\/schema\/logo\/image\/"},"sameAs":["https:\/\/www.facebook.com\/wakantienda","https:\/\/www.instagram.com\/wakantienda","https:\/\/www.youtube.com\/wakan"]}]}},"_links":{"self":[{"href":"https:\/\/wakan.ec\/index.php\/wp-json\/wp\/v2\/product\/3345","targetHints":{"allow":["GET"]}}],"collection":[{"href":"https:\/\/wakan.ec\/index.php\/wp-json\/wp\/v2\/product"}],"about":[{"href":"https:\/\/wakan.ec\/index.php\/wp-json\/wp\/v2\/types\/product"}],"replies":[{"embeddable":true,"href":"https:\/\/wakan.ec\/index.php\/wp-json\/wp\/v2\/comments?post=3345"}],"wp:featuredmedia":[{"embeddable":true,"href":"https:\/\/wakan.ec\/index.php\/wp-json\/wp\/v2\/media\/3354"}],"wp:attachment":[{"href":"https:\/\/wakan.ec\/index.php\/wp-json\/wp\/v2\/media?parent=3345"}],"wp:term":[{"taxonomy":"product_brand","embeddable":true,"href":"https:\/\/wakan.ec\/index.php\/wp-json\/wp\/v2\/product_brand?post=3345"},{"taxonomy":"product_cat","embeddable":true,"href":"https:\/\/wakan.ec\/index.php\/wp-json\/wp\/v2\/product_cat?post=3345"},{"taxonomy":"product_tag","embeddable":true,"href":"https:\/\/wakan.ec\/index.php\/wp-json\/wp\/v2\/product_tag?post=3345"}],"curies":[{"name":"wp","href":"https:\/\/api.w.org\/{rel}","templated":true}]}}