{"id":3344,"date":"2025-09-22T16:42:04","date_gmt":"2025-09-22T21:42:04","guid":{"rendered":"https:\/\/wakan.ec\/?post_type=product&#038;p=3344"},"modified":"2026-01-08T16:04:50","modified_gmt":"2026-01-08T21:04:50","slug":"resident-evil-3-remake-ps5","status":"publish","type":"product","link":"https:\/\/wakan.ec\/index.php\/producto\/resident-evil-3-remake-ps5\/","title":{"rendered":"Resident Evil 3: Remake &#8211; PS5"},"content":{"rendered":"<p>Revive la terror\u00edfica caida de Raccon City en el impresionante Remake de Resident Evil 3 para PS5.<\/p>\n<h4>Raccoon City<\/h4>\n<p>Ning\u00fan lugar es realmente seguro, N\u00e9mesis la imponente y casi es indestructible arma biol\u00f3gica utiliza un arsenal de armas de gran potencia para perseguirte sin descanso por Raccoon City.<\/p>\n<p>Solo t\u00fa puedes ayudar a la oficial STARS Jill Valentine a sobrevivir y escapar de una ciudad asolada por el brote de un virus espeluznante.<\/p>\n<p>Gracias a una presentaci\u00f3n de vanguardia y una jugabilidad de acci\u00f3n y sventura renovada, Resident Evil 3 actualiza el inolvidable final de la historia de Raccoon City de un modo explosivo.<\/p>\n<h4>Jill Valentine regresa<\/h4>\n<p>Despu\u00e9s de escapar de la espeluznante mansi\u00f3n del juego Resident Evil original, la investigaci\u00f3n de Jill sobre los creadores del letal de virus la lleva a un escenario a\u00fan m\u00e1s letal.<\/p>\n<p>Enfr\u00e9ntate a tus miedos como Jill Valentine, supera encuentros estremecedores en una lucha por la supervivencia entre la inquietante exploraci\u00f3n y los apasionantes rompecabezas.<\/p>\n<p>Ac\u00e9rcate a\u00fan m\u00e1s a la acci\u00f3n con una c\u00e1mara encima del hombro y un sistema de controles actualizado que te sumergir\u00e1 en cada espeluznante encuentro.<\/p>\n<h4>Resident Evil Resistance<\/h4>\n<p>Lleva hasta a cuatro amigos a la masacre con <em>Resident Evil Resistance<\/em> una experiencia de terror y supervivencia incluida en el paquete de Resident Evil 3 &#8211; PS5.<\/p>\n<p>Juega como el cerebro o como un superviviente en un experimento de recopilaci\u00f3n de datos en situaciones desesperadas para descubrir c\u00f3mo reaccionan ante el miedo.<\/p>\n<p>Observa a los supervivientes a trav\u00e9s de las c\u00e1maras de seguridad colocadas por las instalaciones, coloca trampas peligrosas y toma el control directo de los zombies y el tyrant para evitar que escapen.<\/p>\n<p>O utiliza las habilidades \u00fanicas de cada uno de los sobrevivientes como curaci\u00f3n, pirateo y reducci\u00f3n del da\u00f1o para ayudarse mutuamente y derrotar al enemigo.<\/p>\n<h4>En la caja<\/h4>\n<ul>\n<li>Disco Resident Evil 3 &#8211; PS5<\/li>\n<li>C\u00f3digo Resident Evil Resistance<\/li>\n<li>Contenido promocional<\/li>\n<\/ul>\n","protected":false},"excerpt":{"rendered":"<p><em>Derrota al imparable Nemesis con Jill en la historia principal en el remake del cl\u00e1sico de horror y supervivencia, mejorado con RE Engine.<\/em><\/p>\n<h4>Enfrenta tus miedos<\/h4>\n<ul>\n<li>Revive la terror\u00edfica ca\u00edda de Racoon City.<\/li>\n<li>Experiencia inmersiva, funciones de vibraci\u00f3n, audio y gatillos.<\/li>\n<li>C\u00e1mara encima del hombro y un sistema de controles actualizado.<\/li>\n<li>Incluye Resident Evil Resistance.<\/li>\n<li>Juego en formato f\u00edsico.<\/li>\n<\/ul>\n<h4>Rec\u00edbelo en todo el Ecuador<\/h4>\n<p>Estado: Nuevo\/Sellado<\/p>\n","protected":false},"featured_media":3353,"comment_status":"open","ping_status":"closed","template":"","meta":{"site-sidebar-layout":"default","site-content-layout":"","ast-site-content-layout":"default","site-content-style":"default","site-sidebar-style":"default","ast-global-header-display":"","ast-banner-title-visibility":"","ast-main-header-display":"","ast-hfb-above-header-display":"","ast-hfb-below-header-display":"","ast-hfb-mobile-header-display":"","site-post-title":"","ast-breadcrumbs-content":"","ast-featured-img":"","footer-sml-layout":"","ast-disable-related-posts":"","theme-transparent-header-meta":"default","adv-header-id-meta":"","stick-header-meta":"","header-above-stick-meta":"","header-main-stick-meta":"","header-below-stick-meta":"","astra-migrate-meta-layouts":"set","ast-page-background-enabled":"default","ast-page-background-meta":{"desktop":{"background-color":"","background-image":"","background-repeat":"repeat","background-position":"center center","background-size":"auto","background-attachment":"scroll","background-type":"","background-media":"","overlay-type":"","overlay-color":"","overlay-opacity":"","overlay-gradient":""},"tablet":{"background-color":"","background-image":"","background-repeat":"repeat","background-position":"center center","background-size":"auto","background-attachment":"scroll","background-type":"","background-media":"","overlay-type":"","overlay-color":"","overlay-opacity":"","overlay-gradient":""},"mobile":{"background-color":"","background-image":"","background-repeat":"repeat","background-position":"center center","background-size":"auto","background-attachment":"scroll","background-type":"","background-media":"","overlay-type":"","overlay-color":"","overlay-opacity":"","overlay-gradient":""}},"ast-content-background-meta":{"desktop":{"background-color":"var(--ast-global-color-5)","background-image":"","background-repeat":"repeat","background-position":"center center","background-size":"auto","background-attachment":"scroll","background-type":"","background-media":"","overlay-type":"","overlay-color":"","overlay-opacity":"","overlay-gradient":""},"tablet":{"background-color":"var(--ast-global-color-5)","background-image":"","background-repeat":"repeat","background-position":"center center","background-size":"auto","background-attachment":"scroll","background-type":"","background-media":"","overlay-type":"","overlay-color":"","overlay-opacity":"","overlay-gradient":""},"mobile":{"background-color":"var(--ast-global-color-5)","background-image":"","background-repeat":"repeat","background-position":"center center","background-size":"auto","background-attachment":"scroll","background-type":"","background-media":"","overlay-type":"","overlay-color":"","overlay-opacity":"","overlay-gradient":""}}},"product_brand":[],"product_cat":[241],"product_tag":[],"class_list":{"0":"post-3344","1":"product","2":"type-product","3":"status-publish","4":"has-post-thumbnail","6":"product_cat-ps5","7":"desktop-align-left","8":"tablet-align-left","9":"mobile-align-left","11":"first","12":"instock","13":"sale","14":"featured","15":"purchasable","16":"product-type-simple"},"yoast_head":"<!-- This site is optimized with the Yoast SEO plugin v27.3 - https:\/\/yoast.com\/product\/yoast-seo-wordpress\/ -->\n<title>Resident Evil 3: Remake - PS5 - Wakan.ec<\/title>\n<meta name=\"description\" content=\"Derrota al imparable Nemesis con Jill en la historia principal de Resident Evil 3 Remake para PS5, mejorado con RE Engine. Rec\u00edbelo en todo el Ecuador.\" \/>\n<meta name=\"robots\" content=\"index, follow, max-snippet:-1, max-image-preview:large, max-video-preview:-1\" \/>\n<link rel=\"canonical\" href=\"https:\/\/wakan.ec\/index.php\/producto\/resident-evil-3-remake-ps5\/\" \/>\n<meta property=\"og:locale\" content=\"es_ES\" \/>\n<meta property=\"og:type\" content=\"article\" \/>\n<meta property=\"og:title\" content=\"Resident Evil 3: Remake - PS5 - Wakan.ec\" \/>\n<meta property=\"og:description\" content=\"Derrota al imparable Nemesis con Jill en la historia principal de Resident Evil 3 Remake para PS5, mejorado con RE Engine. Rec\u00edbelo en todo el Ecuador.\" \/>\n<meta property=\"og:url\" content=\"https:\/\/wakan.ec\/index.php\/producto\/resident-evil-3-remake-ps5\/\" \/>\n<meta property=\"og:site_name\" content=\"Wakan.ec\" \/>\n<meta property=\"article:publisher\" content=\"https:\/\/www.facebook.com\/wakantienda\" \/>\n<meta property=\"article:modified_time\" content=\"2026-01-08T21:04:50+00:00\" \/>\n<meta property=\"og:image\" content=\"https:\/\/wakan.ec\/wp-content\/uploads\/2025\/09\/wp-17591632367405088812569889362994.png\" \/>\n\t<meta property=\"og:image:width\" content=\"1000\" \/>\n\t<meta property=\"og:image:height\" content=\"1000\" \/>\n\t<meta property=\"og:image:type\" content=\"image\/png\" \/>\n<meta name=\"twitter:card\" content=\"summary_large_image\" \/>\n<meta name=\"twitter:label1\" content=\"Tiempo de lectura\" \/>\n\t<meta name=\"twitter:data1\" content=\"2 minutos\" \/>\n<script type=\"application\/ld+json\" class=\"yoast-schema-graph\">{\"@context\":\"https:\\\/\\\/schema.org\",\"@graph\":[{\"@type\":\"WebPage\",\"@id\":\"https:\\\/\\\/wakan.ec\\\/index.php\\\/producto\\\/resident-evil-3-remake-ps5\\\/\",\"url\":\"https:\\\/\\\/wakan.ec\\\/index.php\\\/producto\\\/resident-evil-3-remake-ps5\\\/\",\"name\":\"Resident Evil 3: Remake - PS5 - Wakan.ec\",\"isPartOf\":{\"@id\":\"https:\\\/\\\/wakan.ec\\\/#website\"},\"primaryImageOfPage\":{\"@id\":\"https:\\\/\\\/wakan.ec\\\/index.php\\\/producto\\\/resident-evil-3-remake-ps5\\\/#primaryimage\"},\"image\":{\"@id\":\"https:\\\/\\\/wakan.ec\\\/index.php\\\/producto\\\/resident-evil-3-remake-ps5\\\/#primaryimage\"},\"thumbnailUrl\":\"https:\\\/\\\/wakan.ec\\\/wp-content\\\/uploads\\\/2025\\\/09\\\/wp-17591632367405088812569889362994.png\",\"datePublished\":\"2025-09-22T21:42:04+00:00\",\"dateModified\":\"2026-01-08T21:04:50+00:00\",\"description\":\"Derrota al imparable Nemesis con Jill en la historia principal de Resident Evil 3 Remake para PS5, mejorado con RE Engine. Rec\u00edbelo en todo el Ecuador.\",\"breadcrumb\":{\"@id\":\"https:\\\/\\\/wakan.ec\\\/index.php\\\/producto\\\/resident-evil-3-remake-ps5\\\/#breadcrumb\"},\"inLanguage\":\"es\",\"potentialAction\":[{\"@type\":\"ReadAction\",\"target\":[\"https:\\\/\\\/wakan.ec\\\/index.php\\\/producto\\\/resident-evil-3-remake-ps5\\\/\"]}]},{\"@type\":\"ImageObject\",\"inLanguage\":\"es\",\"@id\":\"https:\\\/\\\/wakan.ec\\\/index.php\\\/producto\\\/resident-evil-3-remake-ps5\\\/#primaryimage\",\"url\":\"https:\\\/\\\/wakan.ec\\\/wp-content\\\/uploads\\\/2025\\\/09\\\/wp-17591632367405088812569889362994.png\",\"contentUrl\":\"https:\\\/\\\/wakan.ec\\\/wp-content\\\/uploads\\\/2025\\\/09\\\/wp-17591632367405088812569889362994.png\",\"width\":1000,\"height\":1000,\"caption\":\"Resident Evil 3: Remake - PS5 - Ecuador\"},{\"@type\":\"BreadcrumbList\",\"@id\":\"https:\\\/\\\/wakan.ec\\\/index.php\\\/producto\\\/resident-evil-3-remake-ps5\\\/#breadcrumb\",\"itemListElement\":[{\"@type\":\"ListItem\",\"position\":1,\"name\":\"Portada\",\"item\":\"https:\\\/\\\/wakan.ec\\\/\"},{\"@type\":\"ListItem\",\"position\":2,\"name\":\"Wakan.ec\",\"item\":\"https:\\\/\\\/wakan.ec\\\/\"},{\"@type\":\"ListItem\",\"position\":3,\"name\":\"Resident Evil 3: Remake &#8211; PS5\"}]},{\"@type\":\"WebSite\",\"@id\":\"https:\\\/\\\/wakan.ec\\\/#website\",\"url\":\"https:\\\/\\\/wakan.ec\\\/\",\"name\":\"Wakan.ec\",\"description\":\"Tech - Fitness, entretenimiento y productividad.\",\"publisher\":{\"@id\":\"https:\\\/\\\/wakan.ec\\\/#organization\"},\"potentialAction\":[{\"@type\":\"SearchAction\",\"target\":{\"@type\":\"EntryPoint\",\"urlTemplate\":\"https:\\\/\\\/wakan.ec\\\/?s={search_term_string}\"},\"query-input\":{\"@type\":\"PropertyValueSpecification\",\"valueRequired\":true,\"valueName\":\"search_term_string\"}}],\"inLanguage\":\"es\"},{\"@type\":\"Organization\",\"@id\":\"https:\\\/\\\/wakan.ec\\\/#organization\",\"name\":\"Wak\u00e1n\",\"url\":\"https:\\\/\\\/wakan.ec\\\/\",\"logo\":{\"@type\":\"ImageObject\",\"inLanguage\":\"es\",\"@id\":\"https:\\\/\\\/wakan.ec\\\/#\\\/schema\\\/logo\\\/image\\\/\",\"url\":\"https:\\\/\\\/wakan.ec\\\/wp-content\\\/uploads\\\/2021\\\/12\\\/wakan-Logo.png\",\"contentUrl\":\"https:\\\/\\\/wakan.ec\\\/wp-content\\\/uploads\\\/2021\\\/12\\\/wakan-Logo.png\",\"width\":1080,\"height\":1080,\"caption\":\"Wak\u00e1n\"},\"image\":{\"@id\":\"https:\\\/\\\/wakan.ec\\\/#\\\/schema\\\/logo\\\/image\\\/\"},\"sameAs\":[\"https:\\\/\\\/www.facebook.com\\\/wakantienda\",\"https:\\\/\\\/www.instagram.com\\\/wakantienda\",\"https:\\\/\\\/www.youtube.com\\\/wakan\"]}]}<\/script>\n<!-- \/ Yoast SEO plugin. -->","yoast_head_json":{"title":"Resident Evil 3: Remake - PS5 - Wakan.ec","description":"Derrota al imparable Nemesis con Jill en la historia principal de Resident Evil 3 Remake para PS5, mejorado con RE Engine. Rec\u00edbelo en todo el Ecuador.","robots":{"index":"index","follow":"follow","max-snippet":"max-snippet:-1","max-image-preview":"max-image-preview:large","max-video-preview":"max-video-preview:-1"},"canonical":"https:\/\/wakan.ec\/index.php\/producto\/resident-evil-3-remake-ps5\/","og_locale":"es_ES","og_type":"article","og_title":"Resident Evil 3: Remake - PS5 - Wakan.ec","og_description":"Derrota al imparable Nemesis con Jill en la historia principal de Resident Evil 3 Remake para PS5, mejorado con RE Engine. Rec\u00edbelo en todo el Ecuador.","og_url":"https:\/\/wakan.ec\/index.php\/producto\/resident-evil-3-remake-ps5\/","og_site_name":"Wakan.ec","article_publisher":"https:\/\/www.facebook.com\/wakantienda","article_modified_time":"2026-01-08T21:04:50+00:00","og_image":[{"width":1000,"height":1000,"url":"https:\/\/wakan.ec\/wp-content\/uploads\/2025\/09\/wp-17591632367405088812569889362994.png","type":"image\/png"}],"twitter_card":"summary_large_image","twitter_misc":{"Tiempo de lectura":"2 minutos"},"schema":{"@context":"https:\/\/schema.org","@graph":[{"@type":"WebPage","@id":"https:\/\/wakan.ec\/index.php\/producto\/resident-evil-3-remake-ps5\/","url":"https:\/\/wakan.ec\/index.php\/producto\/resident-evil-3-remake-ps5\/","name":"Resident Evil 3: Remake - PS5 - Wakan.ec","isPartOf":{"@id":"https:\/\/wakan.ec\/#website"},"primaryImageOfPage":{"@id":"https:\/\/wakan.ec\/index.php\/producto\/resident-evil-3-remake-ps5\/#primaryimage"},"image":{"@id":"https:\/\/wakan.ec\/index.php\/producto\/resident-evil-3-remake-ps5\/#primaryimage"},"thumbnailUrl":"https:\/\/wakan.ec\/wp-content\/uploads\/2025\/09\/wp-17591632367405088812569889362994.png","datePublished":"2025-09-22T21:42:04+00:00","dateModified":"2026-01-08T21:04:50+00:00","description":"Derrota al imparable Nemesis con Jill en la historia principal de Resident Evil 3 Remake para PS5, mejorado con RE Engine. Rec\u00edbelo en todo el Ecuador.","breadcrumb":{"@id":"https:\/\/wakan.ec\/index.php\/producto\/resident-evil-3-remake-ps5\/#breadcrumb"},"inLanguage":"es","potentialAction":[{"@type":"ReadAction","target":["https:\/\/wakan.ec\/index.php\/producto\/resident-evil-3-remake-ps5\/"]}]},{"@type":"ImageObject","inLanguage":"es","@id":"https:\/\/wakan.ec\/index.php\/producto\/resident-evil-3-remake-ps5\/#primaryimage","url":"https:\/\/wakan.ec\/wp-content\/uploads\/2025\/09\/wp-17591632367405088812569889362994.png","contentUrl":"https:\/\/wakan.ec\/wp-content\/uploads\/2025\/09\/wp-17591632367405088812569889362994.png","width":1000,"height":1000,"caption":"Resident Evil 3: Remake - PS5 - Ecuador"},{"@type":"BreadcrumbList","@id":"https:\/\/wakan.ec\/index.php\/producto\/resident-evil-3-remake-ps5\/#breadcrumb","itemListElement":[{"@type":"ListItem","position":1,"name":"Portada","item":"https:\/\/wakan.ec\/"},{"@type":"ListItem","position":2,"name":"Wakan.ec","item":"https:\/\/wakan.ec\/"},{"@type":"ListItem","position":3,"name":"Resident Evil 3: Remake &#8211; PS5"}]},{"@type":"WebSite","@id":"https:\/\/wakan.ec\/#website","url":"https:\/\/wakan.ec\/","name":"Wakan.ec","description":"Tech - Fitness, entretenimiento y productividad.","publisher":{"@id":"https:\/\/wakan.ec\/#organization"},"potentialAction":[{"@type":"SearchAction","target":{"@type":"EntryPoint","urlTemplate":"https:\/\/wakan.ec\/?s={search_term_string}"},"query-input":{"@type":"PropertyValueSpecification","valueRequired":true,"valueName":"search_term_string"}}],"inLanguage":"es"},{"@type":"Organization","@id":"https:\/\/wakan.ec\/#organization","name":"Wak\u00e1n","url":"https:\/\/wakan.ec\/","logo":{"@type":"ImageObject","inLanguage":"es","@id":"https:\/\/wakan.ec\/#\/schema\/logo\/image\/","url":"https:\/\/wakan.ec\/wp-content\/uploads\/2021\/12\/wakan-Logo.png","contentUrl":"https:\/\/wakan.ec\/wp-content\/uploads\/2021\/12\/wakan-Logo.png","width":1080,"height":1080,"caption":"Wak\u00e1n"},"image":{"@id":"https:\/\/wakan.ec\/#\/schema\/logo\/image\/"},"sameAs":["https:\/\/www.facebook.com\/wakantienda","https:\/\/www.instagram.com\/wakantienda","https:\/\/www.youtube.com\/wakan"]}]}},"_links":{"self":[{"href":"https:\/\/wakan.ec\/index.php\/wp-json\/wp\/v2\/product\/3344","targetHints":{"allow":["GET"]}}],"collection":[{"href":"https:\/\/wakan.ec\/index.php\/wp-json\/wp\/v2\/product"}],"about":[{"href":"https:\/\/wakan.ec\/index.php\/wp-json\/wp\/v2\/types\/product"}],"replies":[{"embeddable":true,"href":"https:\/\/wakan.ec\/index.php\/wp-json\/wp\/v2\/comments?post=3344"}],"wp:featuredmedia":[{"embeddable":true,"href":"https:\/\/wakan.ec\/index.php\/wp-json\/wp\/v2\/media\/3353"}],"wp:attachment":[{"href":"https:\/\/wakan.ec\/index.php\/wp-json\/wp\/v2\/media?parent=3344"}],"wp:term":[{"taxonomy":"product_brand","embeddable":true,"href":"https:\/\/wakan.ec\/index.php\/wp-json\/wp\/v2\/product_brand?post=3344"},{"taxonomy":"product_cat","embeddable":true,"href":"https:\/\/wakan.ec\/index.php\/wp-json\/wp\/v2\/product_cat?post=3344"},{"taxonomy":"product_tag","embeddable":true,"href":"https:\/\/wakan.ec\/index.php\/wp-json\/wp\/v2\/product_tag?post=3344"}],"curies":[{"name":"wp","href":"https:\/\/api.w.org\/{rel}","templated":true}]}}