{"id":3299,"date":"2025-09-01T12:33:55","date_gmt":"2025-09-01T17:33:55","guid":{"rendered":"https:\/\/wakan.ec\/?post_type=product&#038;p=3299"},"modified":"2026-03-05T11:10:11","modified_gmt":"2026-03-05T16:10:11","slug":"huawei-nova-13-negro","status":"publish","type":"product","link":"https:\/\/wakan.ec\/index.php\/producto\/huawei-nova-13-negro\/","title":{"rendered":"Huawei Nova 13 &#8211; Negro"},"content":{"rendered":"<p>El dise\u00f1o din\u00e1mico de textura escocesa del Huawei Nova 13 Negro revela una actitud audaz y \u00fanica, que llama la atenci\u00f3n desde el primer momento.<\/p>\n<p>El cuerpo ultrafino, 6.98 mm es f\u00e1cil de sostener en la mano, junto con la pantalla plana, ofrece un agarre c\u00f3modo.<\/p>\n<h4>C\u00e1mara Ultra Vision<\/h4>\n<p>Enfoque preciso del pixel completo QDP en la c\u00e1mara Ultra visi\u00f3n de 50 MP con conjunto de filtros de color RYYB.<\/p>\n<p>Macro Ultra gran angular de 8 MP, F2.2, Ultra Gran Angular de 112\u00b0 y Macro hasta 2 cm.<\/p>\n<p>Sensor de enfoque l\u00e1ser y sensor de temperatura de 10 canales.<\/p>\n<h4>Selfie Ultra Dual<\/h4>\n<p>C\u00e1mara selfie gran angular de 60 MP,\u00a0resoluci\u00f3n 4k Ultra gran angular de 100\u00b0.<\/p>\n<p>Juega con las infinitas posibilidades de los retratos, muestra tu encanto \u00fanico, cambia entre varios estilos y captura instant\u00e1neas asombrosas con facilidad.<\/p>\n<p>Convirte cada retrato en una obra maestra con el motor Retrato XD, realza los contornos faciales, refina la textura de la piel y equilibra perfectamente luces y sombras.<\/p>\n<h4>Deleite visual<\/h4>\n<p>Detalles que te hacen sentir como si estuvieras all\u00ed mismo, escenas brillantes y vividas en la pantalla plana OLED de 6.7&#8243; AI display turbo.<\/p>\n<p>AI Eye Comfort Display, reconoce de forma inteligente el contenido de la imagen en condiciones de poca luz y ajusta con precisi\u00f3n el brillo a nivel de pixel.<\/p>\n<p>Experiencia visual c\u00f3moda, zonas brillantes agradables a la vista, sin deslumbramientos, luz azul y brillo adaptativos.<\/p>\n<h4>Bater\u00eda para todo el d\u00eda<\/h4>\n<p>Equipado con una potente bater\u00eda de 5,000 mAh, se carga al 50% en solo 10 minutos con la avanzada tecnolog\u00eda Huawei Supercharge Turbo de 100 W.<\/p>\n<p>Carga segura y sin preocupaciones que se mantiene fr\u00eda al tacto con un control preciso del gradiente de 0.1\u00b0 C.<\/p>\n<p>Protecciones multi-trayectoria, de carga nocturna y sobrecarga, prolongan eficazmente la vida \u00fatil de la bater\u00eda, el adaptador y los cables.<\/p>\n<h4>Emui 14.2<\/h4>\n<p>Diversi\u00f3n para todos,\u00a0selecciona, crea, interact\u00faa.<\/p>\n<p>Los nuevos temas expresan tu actitud \u00fanica. A\u00f1ade tus elementos favoritos e incluso im\u00e1genes recortadas de tu galer\u00eda en forma de stickers, y deja volar tu creatividad con infinitas posibilidades de dise\u00f1o.<\/p>\n<p>Con m\u00faltiples capas de seguridad de privacidad, tu informaci\u00f3n personal permanece sana y salva.<\/p>\n<h4>En la caja<\/h4>\n<ul>\n<li>Huawei Nova 13 &#8211; Negro<\/li>\n<li>Huawei Supercharge<\/li>\n<li>Gu\u00eda de usuario<\/li>\n<li>Tarjeta de garant\u00eda<\/li>\n<\/ul>\n","protected":false},"excerpt":{"rendered":"<p><em>Con un cuerpo ultrafino, es f\u00e1cil de sostenerlo en la mano, el dise\u00f1o din\u00e1mico de textura escocesa llama la atenci\u00f3n desde el primer momento.<\/em><\/p>\n<h4>Fotograf\u00eda sin l\u00edmites<\/h4>\n<ul>\n<li>C\u00e1mara Ultra Vision de 50 MP, captura precisa del pixel completo.<\/li>\n<li>Sensores de enfoque l\u00e1ser y de temperatura de 10 canales.<\/li>\n<li>Selfie gran angular de 60 MP, Ultra gran angular de 100\u00b0.<\/li>\n<li>Pantalla plana OLED de 6.7&#8243; AI display turbo.<\/li>\n<li>Bater\u00eda de 5,000 mAh con carga Turbo de 100W.<\/li>\n<\/ul>\n<h4>Env\u00edo gratis en todo el Ecuador.<\/h4>\n<p>Estado: Nuevo\/Sellado<\/p>\n","protected":false},"featured_media":3502,"comment_status":"open","ping_status":"closed","template":"","meta":{"site-sidebar-layout":"default","site-content-layout":"","ast-site-content-layout":"default","site-content-style":"default","site-sidebar-style":"default","ast-global-header-display":"","ast-banner-title-visibility":"","ast-main-header-display":"","ast-hfb-above-header-display":"","ast-hfb-below-header-display":"","ast-hfb-mobile-header-display":"","site-post-title":"","ast-breadcrumbs-content":"","ast-featured-img":"","footer-sml-layout":"","ast-disable-related-posts":"","theme-transparent-header-meta":"default","adv-header-id-meta":"","stick-header-meta":"","header-above-stick-meta":"","header-main-stick-meta":"","header-below-stick-meta":"","astra-migrate-meta-layouts":"set","ast-page-background-enabled":"default","ast-page-background-meta":{"desktop":{"background-color":"","background-image":"","background-repeat":"repeat","background-position":"center center","background-size":"auto","background-attachment":"scroll","background-type":"","background-media":"","overlay-type":"","overlay-color":"","overlay-opacity":"","overlay-gradient":""},"tablet":{"background-color":"","background-image":"","background-repeat":"repeat","background-position":"center center","background-size":"auto","background-attachment":"scroll","background-type":"","background-media":"","overlay-type":"","overlay-color":"","overlay-opacity":"","overlay-gradient":""},"mobile":{"background-color":"","background-image":"","background-repeat":"repeat","background-position":"center center","background-size":"auto","background-attachment":"scroll","background-type":"","background-media":"","overlay-type":"","overlay-color":"","overlay-opacity":"","overlay-gradient":""}},"ast-content-background-meta":{"desktop":{"background-color":"var(--ast-global-color-5)","background-image":"","background-repeat":"repeat","background-position":"center center","background-size":"auto","background-attachment":"scroll","background-type":"","background-media":"","overlay-type":"","overlay-color":"","overlay-opacity":"","overlay-gradient":""},"tablet":{"background-color":"var(--ast-global-color-5)","background-image":"","background-repeat":"repeat","background-position":"center center","background-size":"auto","background-attachment":"scroll","background-type":"","background-media":"","overlay-type":"","overlay-color":"","overlay-opacity":"","overlay-gradient":""},"mobile":{"background-color":"var(--ast-global-color-5)","background-image":"","background-repeat":"repeat","background-position":"center center","background-size":"auto","background-attachment":"scroll","background-type":"","background-media":"","overlay-type":"","overlay-color":"","overlay-opacity":"","overlay-gradient":""}}},"product_brand":[],"product_cat":[228],"product_tag":[],"class_list":{"0":"post-3299","1":"product","2":"type-product","3":"status-publish","4":"has-post-thumbnail","6":"product_cat-huawei-nova-13-series","7":"desktop-align-left","8":"tablet-align-left","9":"mobile-align-left","11":"first","12":"instock","13":"sale","14":"purchasable","15":"product-type-simple"},"yoast_head":"<!-- This site is optimized with the Yoast SEO plugin v27.3 - https:\/\/yoast.com\/product\/yoast-seo-wordpress\/ -->\n<title>Huawei Nova 13 - Negro - Wakan.ec<\/title>\n<meta name=\"description\" content=\"Fotograf\u00eda todos lo \u00e1ngulos con las c\u00e1maras mejoradas por IA del Huawei Nova 13 Negro. Rec\u00edbelo en todo el Ecuador con env\u00edo gratis.\" \/>\n<meta name=\"robots\" content=\"index, follow, max-snippet:-1, max-image-preview:large, max-video-preview:-1\" \/>\n<link rel=\"canonical\" href=\"https:\/\/wakan.ec\/index.php\/producto\/huawei-nova-13-negro\/\" \/>\n<meta property=\"og:locale\" content=\"es_ES\" \/>\n<meta property=\"og:type\" content=\"article\" \/>\n<meta property=\"og:title\" content=\"Huawei Nova 13 - Negro - Wakan.ec\" \/>\n<meta property=\"og:description\" content=\"Fotograf\u00eda todos lo \u00e1ngulos con las c\u00e1maras mejoradas por IA del Huawei Nova 13 Negro. Rec\u00edbelo en todo el Ecuador con env\u00edo gratis.\" \/>\n<meta property=\"og:url\" content=\"https:\/\/wakan.ec\/index.php\/producto\/huawei-nova-13-negro\/\" \/>\n<meta property=\"og:site_name\" content=\"Wakan.ec\" \/>\n<meta property=\"article:publisher\" content=\"https:\/\/www.facebook.com\/wakantienda\" \/>\n<meta property=\"article:modified_time\" content=\"2026-03-05T16:10:11+00:00\" \/>\n<meta property=\"og:image\" content=\"https:\/\/wakan.ec\/wp-content\/uploads\/2025\/11\/wp-17633950513933707295313015256898.png\" \/>\n\t<meta property=\"og:image:width\" content=\"1000\" \/>\n\t<meta property=\"og:image:height\" content=\"1000\" \/>\n\t<meta property=\"og:image:type\" content=\"image\/png\" \/>\n<meta name=\"twitter:card\" content=\"summary_large_image\" \/>\n<meta name=\"twitter:label1\" content=\"Tiempo de lectura\" \/>\n\t<meta name=\"twitter:data1\" content=\"2 minutos\" \/>\n<script type=\"application\/ld+json\" class=\"yoast-schema-graph\">{\"@context\":\"https:\\\/\\\/schema.org\",\"@graph\":[{\"@type\":\"WebPage\",\"@id\":\"https:\\\/\\\/wakan.ec\\\/index.php\\\/producto\\\/huawei-nova-13-negro\\\/\",\"url\":\"https:\\\/\\\/wakan.ec\\\/index.php\\\/producto\\\/huawei-nova-13-negro\\\/\",\"name\":\"Huawei Nova 13 - Negro - Wakan.ec\",\"isPartOf\":{\"@id\":\"https:\\\/\\\/wakan.ec\\\/#website\"},\"primaryImageOfPage\":{\"@id\":\"https:\\\/\\\/wakan.ec\\\/index.php\\\/producto\\\/huawei-nova-13-negro\\\/#primaryimage\"},\"image\":{\"@id\":\"https:\\\/\\\/wakan.ec\\\/index.php\\\/producto\\\/huawei-nova-13-negro\\\/#primaryimage\"},\"thumbnailUrl\":\"https:\\\/\\\/wakan.ec\\\/wp-content\\\/uploads\\\/2025\\\/11\\\/wp-17633950513933707295313015256898.png\",\"datePublished\":\"2025-09-01T17:33:55+00:00\",\"dateModified\":\"2026-03-05T16:10:11+00:00\",\"description\":\"Fotograf\u00eda todos lo \u00e1ngulos con las c\u00e1maras mejoradas por IA del Huawei Nova 13 Negro. Rec\u00edbelo en todo el Ecuador con env\u00edo gratis.\",\"breadcrumb\":{\"@id\":\"https:\\\/\\\/wakan.ec\\\/index.php\\\/producto\\\/huawei-nova-13-negro\\\/#breadcrumb\"},\"inLanguage\":\"es\",\"potentialAction\":[{\"@type\":\"ReadAction\",\"target\":[\"https:\\\/\\\/wakan.ec\\\/index.php\\\/producto\\\/huawei-nova-13-negro\\\/\"]}]},{\"@type\":\"ImageObject\",\"inLanguage\":\"es\",\"@id\":\"https:\\\/\\\/wakan.ec\\\/index.php\\\/producto\\\/huawei-nova-13-negro\\\/#primaryimage\",\"url\":\"https:\\\/\\\/wakan.ec\\\/wp-content\\\/uploads\\\/2025\\\/11\\\/wp-17633950513933707295313015256898.png\",\"contentUrl\":\"https:\\\/\\\/wakan.ec\\\/wp-content\\\/uploads\\\/2025\\\/11\\\/wp-17633950513933707295313015256898.png\",\"width\":1000,\"height\":1000,\"caption\":\"Huawei Nova 13 - Negro - Ecuador\"},{\"@type\":\"BreadcrumbList\",\"@id\":\"https:\\\/\\\/wakan.ec\\\/index.php\\\/producto\\\/huawei-nova-13-negro\\\/#breadcrumb\",\"itemListElement\":[{\"@type\":\"ListItem\",\"position\":1,\"name\":\"Portada\",\"item\":\"https:\\\/\\\/wakan.ec\\\/\"},{\"@type\":\"ListItem\",\"position\":2,\"name\":\"Wakan.ec\",\"item\":\"https:\\\/\\\/wakan.ec\\\/\"},{\"@type\":\"ListItem\",\"position\":3,\"name\":\"Huawei Nova 13 &#8211; Negro\"}]},{\"@type\":\"WebSite\",\"@id\":\"https:\\\/\\\/wakan.ec\\\/#website\",\"url\":\"https:\\\/\\\/wakan.ec\\\/\",\"name\":\"Wakan.ec\",\"description\":\"Tech - Fitness, entretenimiento y productividad.\",\"publisher\":{\"@id\":\"https:\\\/\\\/wakan.ec\\\/#organization\"},\"potentialAction\":[{\"@type\":\"SearchAction\",\"target\":{\"@type\":\"EntryPoint\",\"urlTemplate\":\"https:\\\/\\\/wakan.ec\\\/?s={search_term_string}\"},\"query-input\":{\"@type\":\"PropertyValueSpecification\",\"valueRequired\":true,\"valueName\":\"search_term_string\"}}],\"inLanguage\":\"es\"},{\"@type\":\"Organization\",\"@id\":\"https:\\\/\\\/wakan.ec\\\/#organization\",\"name\":\"Wak\u00e1n\",\"url\":\"https:\\\/\\\/wakan.ec\\\/\",\"logo\":{\"@type\":\"ImageObject\",\"inLanguage\":\"es\",\"@id\":\"https:\\\/\\\/wakan.ec\\\/#\\\/schema\\\/logo\\\/image\\\/\",\"url\":\"https:\\\/\\\/wakan.ec\\\/wp-content\\\/uploads\\\/2021\\\/12\\\/wakan-Logo.png\",\"contentUrl\":\"https:\\\/\\\/wakan.ec\\\/wp-content\\\/uploads\\\/2021\\\/12\\\/wakan-Logo.png\",\"width\":1080,\"height\":1080,\"caption\":\"Wak\u00e1n\"},\"image\":{\"@id\":\"https:\\\/\\\/wakan.ec\\\/#\\\/schema\\\/logo\\\/image\\\/\"},\"sameAs\":[\"https:\\\/\\\/www.facebook.com\\\/wakantienda\",\"https:\\\/\\\/www.instagram.com\\\/wakantienda\",\"https:\\\/\\\/www.youtube.com\\\/wakan\"]}]}<\/script>\n<!-- \/ Yoast SEO plugin. -->","yoast_head_json":{"title":"Huawei Nova 13 - Negro - Wakan.ec","description":"Fotograf\u00eda todos lo \u00e1ngulos con las c\u00e1maras mejoradas por IA del Huawei Nova 13 Negro. Rec\u00edbelo en todo el Ecuador con env\u00edo gratis.","robots":{"index":"index","follow":"follow","max-snippet":"max-snippet:-1","max-image-preview":"max-image-preview:large","max-video-preview":"max-video-preview:-1"},"canonical":"https:\/\/wakan.ec\/index.php\/producto\/huawei-nova-13-negro\/","og_locale":"es_ES","og_type":"article","og_title":"Huawei Nova 13 - Negro - Wakan.ec","og_description":"Fotograf\u00eda todos lo \u00e1ngulos con las c\u00e1maras mejoradas por IA del Huawei Nova 13 Negro. Rec\u00edbelo en todo el Ecuador con env\u00edo gratis.","og_url":"https:\/\/wakan.ec\/index.php\/producto\/huawei-nova-13-negro\/","og_site_name":"Wakan.ec","article_publisher":"https:\/\/www.facebook.com\/wakantienda","article_modified_time":"2026-03-05T16:10:11+00:00","og_image":[{"width":1000,"height":1000,"url":"https:\/\/wakan.ec\/wp-content\/uploads\/2025\/11\/wp-17633950513933707295313015256898.png","type":"image\/png"}],"twitter_card":"summary_large_image","twitter_misc":{"Tiempo de lectura":"2 minutos"},"schema":{"@context":"https:\/\/schema.org","@graph":[{"@type":"WebPage","@id":"https:\/\/wakan.ec\/index.php\/producto\/huawei-nova-13-negro\/","url":"https:\/\/wakan.ec\/index.php\/producto\/huawei-nova-13-negro\/","name":"Huawei Nova 13 - Negro - Wakan.ec","isPartOf":{"@id":"https:\/\/wakan.ec\/#website"},"primaryImageOfPage":{"@id":"https:\/\/wakan.ec\/index.php\/producto\/huawei-nova-13-negro\/#primaryimage"},"image":{"@id":"https:\/\/wakan.ec\/index.php\/producto\/huawei-nova-13-negro\/#primaryimage"},"thumbnailUrl":"https:\/\/wakan.ec\/wp-content\/uploads\/2025\/11\/wp-17633950513933707295313015256898.png","datePublished":"2025-09-01T17:33:55+00:00","dateModified":"2026-03-05T16:10:11+00:00","description":"Fotograf\u00eda todos lo \u00e1ngulos con las c\u00e1maras mejoradas por IA del Huawei Nova 13 Negro. Rec\u00edbelo en todo el Ecuador con env\u00edo gratis.","breadcrumb":{"@id":"https:\/\/wakan.ec\/index.php\/producto\/huawei-nova-13-negro\/#breadcrumb"},"inLanguage":"es","potentialAction":[{"@type":"ReadAction","target":["https:\/\/wakan.ec\/index.php\/producto\/huawei-nova-13-negro\/"]}]},{"@type":"ImageObject","inLanguage":"es","@id":"https:\/\/wakan.ec\/index.php\/producto\/huawei-nova-13-negro\/#primaryimage","url":"https:\/\/wakan.ec\/wp-content\/uploads\/2025\/11\/wp-17633950513933707295313015256898.png","contentUrl":"https:\/\/wakan.ec\/wp-content\/uploads\/2025\/11\/wp-17633950513933707295313015256898.png","width":1000,"height":1000,"caption":"Huawei Nova 13 - Negro - Ecuador"},{"@type":"BreadcrumbList","@id":"https:\/\/wakan.ec\/index.php\/producto\/huawei-nova-13-negro\/#breadcrumb","itemListElement":[{"@type":"ListItem","position":1,"name":"Portada","item":"https:\/\/wakan.ec\/"},{"@type":"ListItem","position":2,"name":"Wakan.ec","item":"https:\/\/wakan.ec\/"},{"@type":"ListItem","position":3,"name":"Huawei Nova 13 &#8211; Negro"}]},{"@type":"WebSite","@id":"https:\/\/wakan.ec\/#website","url":"https:\/\/wakan.ec\/","name":"Wakan.ec","description":"Tech - Fitness, entretenimiento y productividad.","publisher":{"@id":"https:\/\/wakan.ec\/#organization"},"potentialAction":[{"@type":"SearchAction","target":{"@type":"EntryPoint","urlTemplate":"https:\/\/wakan.ec\/?s={search_term_string}"},"query-input":{"@type":"PropertyValueSpecification","valueRequired":true,"valueName":"search_term_string"}}],"inLanguage":"es"},{"@type":"Organization","@id":"https:\/\/wakan.ec\/#organization","name":"Wak\u00e1n","url":"https:\/\/wakan.ec\/","logo":{"@type":"ImageObject","inLanguage":"es","@id":"https:\/\/wakan.ec\/#\/schema\/logo\/image\/","url":"https:\/\/wakan.ec\/wp-content\/uploads\/2021\/12\/wakan-Logo.png","contentUrl":"https:\/\/wakan.ec\/wp-content\/uploads\/2021\/12\/wakan-Logo.png","width":1080,"height":1080,"caption":"Wak\u00e1n"},"image":{"@id":"https:\/\/wakan.ec\/#\/schema\/logo\/image\/"},"sameAs":["https:\/\/www.facebook.com\/wakantienda","https:\/\/www.instagram.com\/wakantienda","https:\/\/www.youtube.com\/wakan"]}]}},"_links":{"self":[{"href":"https:\/\/wakan.ec\/index.php\/wp-json\/wp\/v2\/product\/3299","targetHints":{"allow":["GET"]}}],"collection":[{"href":"https:\/\/wakan.ec\/index.php\/wp-json\/wp\/v2\/product"}],"about":[{"href":"https:\/\/wakan.ec\/index.php\/wp-json\/wp\/v2\/types\/product"}],"replies":[{"embeddable":true,"href":"https:\/\/wakan.ec\/index.php\/wp-json\/wp\/v2\/comments?post=3299"}],"wp:featuredmedia":[{"embeddable":true,"href":"https:\/\/wakan.ec\/index.php\/wp-json\/wp\/v2\/media\/3502"}],"wp:attachment":[{"href":"https:\/\/wakan.ec\/index.php\/wp-json\/wp\/v2\/media?parent=3299"}],"wp:term":[{"taxonomy":"product_brand","embeddable":true,"href":"https:\/\/wakan.ec\/index.php\/wp-json\/wp\/v2\/product_brand?post=3299"},{"taxonomy":"product_cat","embeddable":true,"href":"https:\/\/wakan.ec\/index.php\/wp-json\/wp\/v2\/product_cat?post=3299"},{"taxonomy":"product_tag","embeddable":true,"href":"https:\/\/wakan.ec\/index.php\/wp-json\/wp\/v2\/product_tag?post=3299"}],"curies":[{"name":"wp","href":"https:\/\/api.w.org\/{rel}","templated":true}]}}