{"id":3283,"date":"2025-08-21T10:30:15","date_gmt":"2025-08-21T15:30:15","guid":{"rendered":"https:\/\/wakan.ec\/?post_type=product&#038;p=3283"},"modified":"2026-01-08T16:05:08","modified_gmt":"2026-01-08T21:05:08","slug":"resident-evil-7-gold-edition-ps4","status":"publish","type":"product","link":"https:\/\/wakan.ec\/index.php\/producto\/resident-evil-7-gold-edition-ps4\/","title":{"rendered":"Resident Evil 7 &#8211; Gold Edition &#8211; PS4"},"content":{"rendered":"<p>Vive horrores inimaginables, descubre la verdad detr\u00e1s de la granja Baker en la historia m\u00e1s visceral e inmersiva, Resident Evil 7 Gold Edition PS4.<\/p>\n<h4>Resident Evil 7: Biohazard<\/h4>\n<p>Resident Evil: Biohazard marc\u00f3 un punto de inflexi\u00f3n en la saga, abandona el enfoque orientado a la acci\u00f3n de las entregas anteriores para regresar a las ra\u00edces del g\u00e9nero de horror y supervivencia.<\/p>\n<p>Sigue la historia de Ethan Winters desde una perspectiva en primera persona y viaja a la mansi\u00f3n abandonada en Dulvey, Luisiana, en busca de tu esposa desaparecida, Mia.<\/p>\n<p>El juego se centra en la exploraci\u00f3n, la gesti\u00f3n de recursos como munici\u00f3n y objetos curativos, la resoluci\u00f3n acertijos y el combate tenso y visceral.<\/p>\n<h4>Gold Edition<\/h4>\n<p>Los Packs Banned Footage Vol. 1 y Vol. 2 incluyen cuatro escenarios adicionales Nightnare, Bedroom, <span style=\"font-size: 16px;\">21 y<\/span><span style=\"font-size: 16px;\"> Daughters.\u00a0<\/span><\/p>\n<p>End of Zoe sigue la historia de la hija de la familia Baker, Zoe, y presenta un nuevo personaje en un DLC m\u00e1s orientado a la acci\u00f3n y al combate Cuerpo a Cuerpo.<\/p>\n<p>Not a Hero es el DLC que se desarrolla despu\u00e9s del final de la historia principal. El jugador toma el control de un personaje ic\u00f3nico de la serie, Chris Redfield.<\/p>\n<h4>Realidad Virtual<\/h4>\n<p>Experimenta un horror como nunca antes.<\/p>\n<p>La versi\u00f3n original de PS4 es compatible con PlayStation VR, vive en primera persona las escenas de horror m\u00e1s m\u00e1s viscerales.<\/p>\n<p><em>Considerado la experiencia definitiva del juego.\u00a0<\/em><\/p>\n<h4>En la caja<\/h4>\n<ul>\n<li>Disco Resident Evil &#8211; Gold Edition &#8211; PS4<\/li>\n<li>Contenido Promocional<\/li>\n<\/ul>\n","protected":false},"excerpt":{"rendered":"<p><em>Sigue la historia de Ethan Winters contra la perturbadora familia Baker y otras amenazas biol\u00f3gicas.<\/em><\/p>\n<h4>Biohazard<\/h4>\n<ul>\n<li>Sobrevive al peligro asechando en las sombras a cada paso.<\/li>\n<li>Incluye las expansiones End of Zoe y Not a Hero.<\/li>\n<li>Descubre la verdad en las cinem\u00e1ticas prohibidas.<\/li>\n<li>Experiencia inmersiva PS VR.<\/li>\n<li>Juego en formato f\u00edsico.<\/li>\n<\/ul>\n<h4>Rec\u00edbelo en todo en Ecuador<\/h4>\n<p>Estado: Nuevo\/Sellado<\/p>\n","protected":false},"featured_media":3263,"comment_status":"open","ping_status":"closed","template":"","meta":{"site-sidebar-layout":"default","site-content-layout":"","ast-site-content-layout":"default","site-content-style":"default","site-sidebar-style":"default","ast-global-header-display":"","ast-banner-title-visibility":"","ast-main-header-display":"","ast-hfb-above-header-display":"","ast-hfb-below-header-display":"","ast-hfb-mobile-header-display":"","site-post-title":"","ast-breadcrumbs-content":"","ast-featured-img":"","footer-sml-layout":"","ast-disable-related-posts":"","theme-transparent-header-meta":"default","adv-header-id-meta":"","stick-header-meta":"","header-above-stick-meta":"","header-main-stick-meta":"","header-below-stick-meta":"","astra-migrate-meta-layouts":"set","ast-page-background-enabled":"default","ast-page-background-meta":{"desktop":{"background-color":"","background-image":"","background-repeat":"repeat","background-position":"center center","background-size":"auto","background-attachment":"scroll","background-type":"","background-media":"","overlay-type":"","overlay-color":"","overlay-opacity":"","overlay-gradient":""},"tablet":{"background-color":"","background-image":"","background-repeat":"repeat","background-position":"center center","background-size":"auto","background-attachment":"scroll","background-type":"","background-media":"","overlay-type":"","overlay-color":"","overlay-opacity":"","overlay-gradient":""},"mobile":{"background-color":"","background-image":"","background-repeat":"repeat","background-position":"center center","background-size":"auto","background-attachment":"scroll","background-type":"","background-media":"","overlay-type":"","overlay-color":"","overlay-opacity":"","overlay-gradient":""}},"ast-content-background-meta":{"desktop":{"background-color":"var(--ast-global-color-5)","background-image":"","background-repeat":"repeat","background-position":"center center","background-size":"auto","background-attachment":"scroll","background-type":"","background-media":"","overlay-type":"","overlay-color":"","overlay-opacity":"","overlay-gradient":""},"tablet":{"background-color":"var(--ast-global-color-5)","background-image":"","background-repeat":"repeat","background-position":"center center","background-size":"auto","background-attachment":"scroll","background-type":"","background-media":"","overlay-type":"","overlay-color":"","overlay-opacity":"","overlay-gradient":""},"mobile":{"background-color":"var(--ast-global-color-5)","background-image":"","background-repeat":"repeat","background-position":"center center","background-size":"auto","background-attachment":"scroll","background-type":"","background-media":"","overlay-type":"","overlay-color":"","overlay-opacity":"","overlay-gradient":""}}},"product_brand":[],"product_cat":[242],"product_tag":[],"class_list":{"0":"post-3283","1":"product","2":"type-product","3":"status-publish","4":"has-post-thumbnail","6":"product_cat-ps4","7":"desktop-align-left","8":"tablet-align-left","9":"mobile-align-left","11":"first","12":"instock","13":"sale","14":"purchasable","15":"product-type-simple"},"yoast_head":"<!-- This site is optimized with the Yoast SEO plugin v27.3 - https:\/\/yoast.com\/product\/yoast-seo-wordpress\/ -->\n<title>Resident Evil 7 - Gold Edition - PS4 - Wakan.ec<\/title>\n<meta name=\"description\" content=\"Sigue la historia de Ethan Winters contra la perturbadora familia Baker en Resident Evil 7 Gold Edition PS4 Biohazard. Rec\u00edbelo en todo el Ecuador.\" \/>\n<meta name=\"robots\" content=\"index, follow, max-snippet:-1, max-image-preview:large, max-video-preview:-1\" \/>\n<link rel=\"canonical\" href=\"https:\/\/wakan.ec\/index.php\/producto\/resident-evil-7-gold-edition-ps4\/\" \/>\n<meta property=\"og:locale\" content=\"es_ES\" \/>\n<meta property=\"og:type\" content=\"article\" \/>\n<meta property=\"og:title\" content=\"Resident Evil 7 - Gold Edition - PS4 - Wakan.ec\" \/>\n<meta property=\"og:description\" content=\"Sigue la historia de Ethan Winters contra la perturbadora familia Baker en Resident Evil 7 Gold Edition PS4 Biohazard. Rec\u00edbelo en todo el Ecuador.\" \/>\n<meta property=\"og:url\" content=\"https:\/\/wakan.ec\/index.php\/producto\/resident-evil-7-gold-edition-ps4\/\" \/>\n<meta property=\"og:site_name\" content=\"Wakan.ec\" \/>\n<meta property=\"article:publisher\" content=\"https:\/\/www.facebook.com\/wakantienda\" \/>\n<meta property=\"article:modified_time\" content=\"2026-01-08T21:05:08+00:00\" \/>\n<meta property=\"og:image\" content=\"https:\/\/wakan.ec\/wp-content\/uploads\/2025\/08\/wp-17557005104131922307994883844943.png\" \/>\n\t<meta property=\"og:image:width\" content=\"1000\" \/>\n\t<meta property=\"og:image:height\" content=\"1000\" \/>\n\t<meta property=\"og:image:type\" content=\"image\/png\" \/>\n<meta name=\"twitter:card\" content=\"summary_large_image\" \/>\n<meta name=\"twitter:label1\" content=\"Tiempo de lectura\" \/>\n\t<meta name=\"twitter:data1\" content=\"2 minutos\" \/>\n<script type=\"application\/ld+json\" class=\"yoast-schema-graph\">{\"@context\":\"https:\\\/\\\/schema.org\",\"@graph\":[{\"@type\":\"WebPage\",\"@id\":\"https:\\\/\\\/wakan.ec\\\/index.php\\\/producto\\\/resident-evil-7-gold-edition-ps4\\\/\",\"url\":\"https:\\\/\\\/wakan.ec\\\/index.php\\\/producto\\\/resident-evil-7-gold-edition-ps4\\\/\",\"name\":\"Resident Evil 7 - Gold Edition - PS4 - Wakan.ec\",\"isPartOf\":{\"@id\":\"https:\\\/\\\/wakan.ec\\\/#website\"},\"primaryImageOfPage\":{\"@id\":\"https:\\\/\\\/wakan.ec\\\/index.php\\\/producto\\\/resident-evil-7-gold-edition-ps4\\\/#primaryimage\"},\"image\":{\"@id\":\"https:\\\/\\\/wakan.ec\\\/index.php\\\/producto\\\/resident-evil-7-gold-edition-ps4\\\/#primaryimage\"},\"thumbnailUrl\":\"https:\\\/\\\/wakan.ec\\\/wp-content\\\/uploads\\\/2025\\\/08\\\/wp-17557005104131922307994883844943.png\",\"datePublished\":\"2025-08-21T15:30:15+00:00\",\"dateModified\":\"2026-01-08T21:05:08+00:00\",\"description\":\"Sigue la historia de Ethan Winters contra la perturbadora familia Baker en Resident Evil 7 Gold Edition PS4 Biohazard. Rec\u00edbelo en todo el Ecuador.\",\"breadcrumb\":{\"@id\":\"https:\\\/\\\/wakan.ec\\\/index.php\\\/producto\\\/resident-evil-7-gold-edition-ps4\\\/#breadcrumb\"},\"inLanguage\":\"es\",\"potentialAction\":[{\"@type\":\"ReadAction\",\"target\":[\"https:\\\/\\\/wakan.ec\\\/index.php\\\/producto\\\/resident-evil-7-gold-edition-ps4\\\/\"]}]},{\"@type\":\"ImageObject\",\"inLanguage\":\"es\",\"@id\":\"https:\\\/\\\/wakan.ec\\\/index.php\\\/producto\\\/resident-evil-7-gold-edition-ps4\\\/#primaryimage\",\"url\":\"https:\\\/\\\/wakan.ec\\\/wp-content\\\/uploads\\\/2025\\\/08\\\/wp-17557005104131922307994883844943.png\",\"contentUrl\":\"https:\\\/\\\/wakan.ec\\\/wp-content\\\/uploads\\\/2025\\\/08\\\/wp-17557005104131922307994883844943.png\",\"width\":1000,\"height\":1000,\"caption\":\"Resident Evil 7 - Gold Edition - PS4 - Biohazard - Ecuador\"},{\"@type\":\"BreadcrumbList\",\"@id\":\"https:\\\/\\\/wakan.ec\\\/index.php\\\/producto\\\/resident-evil-7-gold-edition-ps4\\\/#breadcrumb\",\"itemListElement\":[{\"@type\":\"ListItem\",\"position\":1,\"name\":\"Portada\",\"item\":\"https:\\\/\\\/wakan.ec\\\/\"},{\"@type\":\"ListItem\",\"position\":2,\"name\":\"Wakan.ec\",\"item\":\"https:\\\/\\\/wakan.ec\\\/\"},{\"@type\":\"ListItem\",\"position\":3,\"name\":\"Resident Evil 7 &#8211; Gold Edition &#8211; PS4\"}]},{\"@type\":\"WebSite\",\"@id\":\"https:\\\/\\\/wakan.ec\\\/#website\",\"url\":\"https:\\\/\\\/wakan.ec\\\/\",\"name\":\"Wakan.ec\",\"description\":\"Tech - Fitness, entretenimiento y productividad.\",\"publisher\":{\"@id\":\"https:\\\/\\\/wakan.ec\\\/#organization\"},\"potentialAction\":[{\"@type\":\"SearchAction\",\"target\":{\"@type\":\"EntryPoint\",\"urlTemplate\":\"https:\\\/\\\/wakan.ec\\\/?s={search_term_string}\"},\"query-input\":{\"@type\":\"PropertyValueSpecification\",\"valueRequired\":true,\"valueName\":\"search_term_string\"}}],\"inLanguage\":\"es\"},{\"@type\":\"Organization\",\"@id\":\"https:\\\/\\\/wakan.ec\\\/#organization\",\"name\":\"Wak\u00e1n\",\"url\":\"https:\\\/\\\/wakan.ec\\\/\",\"logo\":{\"@type\":\"ImageObject\",\"inLanguage\":\"es\",\"@id\":\"https:\\\/\\\/wakan.ec\\\/#\\\/schema\\\/logo\\\/image\\\/\",\"url\":\"https:\\\/\\\/wakan.ec\\\/wp-content\\\/uploads\\\/2021\\\/12\\\/wakan-Logo.png\",\"contentUrl\":\"https:\\\/\\\/wakan.ec\\\/wp-content\\\/uploads\\\/2021\\\/12\\\/wakan-Logo.png\",\"width\":1080,\"height\":1080,\"caption\":\"Wak\u00e1n\"},\"image\":{\"@id\":\"https:\\\/\\\/wakan.ec\\\/#\\\/schema\\\/logo\\\/image\\\/\"},\"sameAs\":[\"https:\\\/\\\/www.facebook.com\\\/wakantienda\",\"https:\\\/\\\/www.instagram.com\\\/wakantienda\",\"https:\\\/\\\/www.youtube.com\\\/wakan\"]}]}<\/script>\n<!-- \/ Yoast SEO plugin. -->","yoast_head_json":{"title":"Resident Evil 7 - Gold Edition - PS4 - Wakan.ec","description":"Sigue la historia de Ethan Winters contra la perturbadora familia Baker en Resident Evil 7 Gold Edition PS4 Biohazard. Rec\u00edbelo en todo el Ecuador.","robots":{"index":"index","follow":"follow","max-snippet":"max-snippet:-1","max-image-preview":"max-image-preview:large","max-video-preview":"max-video-preview:-1"},"canonical":"https:\/\/wakan.ec\/index.php\/producto\/resident-evil-7-gold-edition-ps4\/","og_locale":"es_ES","og_type":"article","og_title":"Resident Evil 7 - Gold Edition - PS4 - Wakan.ec","og_description":"Sigue la historia de Ethan Winters contra la perturbadora familia Baker en Resident Evil 7 Gold Edition PS4 Biohazard. Rec\u00edbelo en todo el Ecuador.","og_url":"https:\/\/wakan.ec\/index.php\/producto\/resident-evil-7-gold-edition-ps4\/","og_site_name":"Wakan.ec","article_publisher":"https:\/\/www.facebook.com\/wakantienda","article_modified_time":"2026-01-08T21:05:08+00:00","og_image":[{"width":1000,"height":1000,"url":"https:\/\/wakan.ec\/wp-content\/uploads\/2025\/08\/wp-17557005104131922307994883844943.png","type":"image\/png"}],"twitter_card":"summary_large_image","twitter_misc":{"Tiempo de lectura":"2 minutos"},"schema":{"@context":"https:\/\/schema.org","@graph":[{"@type":"WebPage","@id":"https:\/\/wakan.ec\/index.php\/producto\/resident-evil-7-gold-edition-ps4\/","url":"https:\/\/wakan.ec\/index.php\/producto\/resident-evil-7-gold-edition-ps4\/","name":"Resident Evil 7 - Gold Edition - PS4 - Wakan.ec","isPartOf":{"@id":"https:\/\/wakan.ec\/#website"},"primaryImageOfPage":{"@id":"https:\/\/wakan.ec\/index.php\/producto\/resident-evil-7-gold-edition-ps4\/#primaryimage"},"image":{"@id":"https:\/\/wakan.ec\/index.php\/producto\/resident-evil-7-gold-edition-ps4\/#primaryimage"},"thumbnailUrl":"https:\/\/wakan.ec\/wp-content\/uploads\/2025\/08\/wp-17557005104131922307994883844943.png","datePublished":"2025-08-21T15:30:15+00:00","dateModified":"2026-01-08T21:05:08+00:00","description":"Sigue la historia de Ethan Winters contra la perturbadora familia Baker en Resident Evil 7 Gold Edition PS4 Biohazard. Rec\u00edbelo en todo el Ecuador.","breadcrumb":{"@id":"https:\/\/wakan.ec\/index.php\/producto\/resident-evil-7-gold-edition-ps4\/#breadcrumb"},"inLanguage":"es","potentialAction":[{"@type":"ReadAction","target":["https:\/\/wakan.ec\/index.php\/producto\/resident-evil-7-gold-edition-ps4\/"]}]},{"@type":"ImageObject","inLanguage":"es","@id":"https:\/\/wakan.ec\/index.php\/producto\/resident-evil-7-gold-edition-ps4\/#primaryimage","url":"https:\/\/wakan.ec\/wp-content\/uploads\/2025\/08\/wp-17557005104131922307994883844943.png","contentUrl":"https:\/\/wakan.ec\/wp-content\/uploads\/2025\/08\/wp-17557005104131922307994883844943.png","width":1000,"height":1000,"caption":"Resident Evil 7 - Gold Edition - PS4 - Biohazard - Ecuador"},{"@type":"BreadcrumbList","@id":"https:\/\/wakan.ec\/index.php\/producto\/resident-evil-7-gold-edition-ps4\/#breadcrumb","itemListElement":[{"@type":"ListItem","position":1,"name":"Portada","item":"https:\/\/wakan.ec\/"},{"@type":"ListItem","position":2,"name":"Wakan.ec","item":"https:\/\/wakan.ec\/"},{"@type":"ListItem","position":3,"name":"Resident Evil 7 &#8211; Gold Edition &#8211; PS4"}]},{"@type":"WebSite","@id":"https:\/\/wakan.ec\/#website","url":"https:\/\/wakan.ec\/","name":"Wakan.ec","description":"Tech - Fitness, entretenimiento y productividad.","publisher":{"@id":"https:\/\/wakan.ec\/#organization"},"potentialAction":[{"@type":"SearchAction","target":{"@type":"EntryPoint","urlTemplate":"https:\/\/wakan.ec\/?s={search_term_string}"},"query-input":{"@type":"PropertyValueSpecification","valueRequired":true,"valueName":"search_term_string"}}],"inLanguage":"es"},{"@type":"Organization","@id":"https:\/\/wakan.ec\/#organization","name":"Wak\u00e1n","url":"https:\/\/wakan.ec\/","logo":{"@type":"ImageObject","inLanguage":"es","@id":"https:\/\/wakan.ec\/#\/schema\/logo\/image\/","url":"https:\/\/wakan.ec\/wp-content\/uploads\/2021\/12\/wakan-Logo.png","contentUrl":"https:\/\/wakan.ec\/wp-content\/uploads\/2021\/12\/wakan-Logo.png","width":1080,"height":1080,"caption":"Wak\u00e1n"},"image":{"@id":"https:\/\/wakan.ec\/#\/schema\/logo\/image\/"},"sameAs":["https:\/\/www.facebook.com\/wakantienda","https:\/\/www.instagram.com\/wakantienda","https:\/\/www.youtube.com\/wakan"]}]}},"_links":{"self":[{"href":"https:\/\/wakan.ec\/index.php\/wp-json\/wp\/v2\/product\/3283","targetHints":{"allow":["GET"]}}],"collection":[{"href":"https:\/\/wakan.ec\/index.php\/wp-json\/wp\/v2\/product"}],"about":[{"href":"https:\/\/wakan.ec\/index.php\/wp-json\/wp\/v2\/types\/product"}],"replies":[{"embeddable":true,"href":"https:\/\/wakan.ec\/index.php\/wp-json\/wp\/v2\/comments?post=3283"}],"wp:featuredmedia":[{"embeddable":true,"href":"https:\/\/wakan.ec\/index.php\/wp-json\/wp\/v2\/media\/3263"}],"wp:attachment":[{"href":"https:\/\/wakan.ec\/index.php\/wp-json\/wp\/v2\/media?parent=3283"}],"wp:term":[{"taxonomy":"product_brand","embeddable":true,"href":"https:\/\/wakan.ec\/index.php\/wp-json\/wp\/v2\/product_brand?post=3283"},{"taxonomy":"product_cat","embeddable":true,"href":"https:\/\/wakan.ec\/index.php\/wp-json\/wp\/v2\/product_cat?post=3283"},{"taxonomy":"product_tag","embeddable":true,"href":"https:\/\/wakan.ec\/index.php\/wp-json\/wp\/v2\/product_tag?post=3283"}],"curies":[{"name":"wp","href":"https:\/\/api.w.org\/{rel}","templated":true}]}}