{"id":3279,"date":"2025-08-20T09:44:54","date_gmt":"2025-08-20T14:44:54","guid":{"rendered":"https:\/\/wakan.ec\/?post_type=product&#038;p=3279"},"modified":"2026-03-22T10:13:55","modified_gmt":"2026-03-22T15:13:55","slug":"gta-the-trilogy-ps4","status":"publish","type":"product","link":"https:\/\/wakan.ec\/index.php\/producto\/gta-the-trilogy-ps4\/","title":{"rendered":"GTA: The Trilogy &#8211; PS4"},"content":{"rendered":"<p>GTA: The Trilogy &#8211; PS4 es una compilaci\u00f3n que re\u00fane tres de los t\u00edtulos m\u00e1s influyentes y aclamados de la saga de Rockstar Games.<\/p>\n<h4>The Definitive Edition<\/h4>\n<p>Esta colecci\u00f3n presenta una serie de mejoras dise\u00f1adas para adaptar estos cl\u00e1sicos a una nueva generaci\u00f3n de jugadores, manteniendo al mismo tiempo la esencia de los juegos originales.<\/p>\n<p>La trilog\u00eda incluye\u00a0Grand Theft Auto III,\u00a0Grand Theft Auto: Vice City y\u00a0Grand Theft Auto: San Andreas.<\/p>\n<p>Se ha implementado un esquema de control m\u00e1s moderno y familiar similar al de Grand Theft Auto V.<\/p>\n<h4>Gr\u00e1ficos remasterizados<\/h4>\n<p>Texturas de alta resoluci\u00f3n, personajes, veh\u00edculos, armas y entornos lucen mucho m\u00e1s detallados con texturas m\u00e1s realistas.<\/p>\n<p>Sombras, reflejos y efectos de agua y clima mejorados con un sistema de iluminaci\u00f3n completamente reconstruido.<\/p>\n<p>Los escenarios se ven m\u00e1s definidos y con mayor profundidad reduciendo la aparici\u00f3n de elementos de la nada.<\/p>\n<h4>Jugabilidad modernizada<\/h4>\n<p>El sistema de apuntado y disparo ha sido actualizado ahora es m\u00e1s intuitivo y preciso, la rueda de selecci\u00f3n de armas permite un cambio r\u00e1pido con un efecto de ralentizaci\u00f3n.<\/p>\n<p>Los jugadores pueden establecer puntos de destino de forma m\u00e1s sencilla el mini-mapa para iniciar las misiones.<\/p>\n<p>Se ha a\u00f1adido la posibilidad de reiniciar inmediatamente las misiones fallidas lo cual era una de las quejas m\u00e1s comunes de los juegos originales.<\/p>\n<h4>En la caja<\/h4>\n<ul>\n<li>Disco GTA: The Trilogy &#8211; PS4<\/li>\n<li>Contenido adicional<\/li>\n<\/ul>\n","protected":false},"excerpt":{"rendered":"<p><em>Juega los cl\u00e1sicos que definieron al g\u00e9nero con un nuevo y mayor nivel de detalle. La trilog\u00eda incluye GTA 3, GTA Vice City y GTA San Andreas.\u00a0<\/em><\/p>\n<h4>The Definitive Edition<\/h4>\n<ul>\n<li>Tres ciudades ic\u00f3nicas, tres historias \u00e9picas.<\/li>\n<li>Entornos con texturas de alta resoluci\u00f3n.<\/li>\n<li>Gr\u00e1ficos m\u00e1s\u00a0 profundos y brillantes.<\/li>\n<li>Controles tipo Grand Thef Auto V.<\/li>\n<li>Juego f\u00edsico, original de Rockstar.<\/li>\n<\/ul>\n<h4>Env\u00edo a todo el Ecuador.<\/h4>\n<p>Estado: Nuevo\/Sellado<\/p>\n","protected":false},"featured_media":3270,"comment_status":"open","ping_status":"closed","template":"","meta":{"site-sidebar-layout":"default","site-content-layout":"","ast-site-content-layout":"default","site-content-style":"default","site-sidebar-style":"default","ast-global-header-display":"","ast-banner-title-visibility":"","ast-main-header-display":"","ast-hfb-above-header-display":"","ast-hfb-below-header-display":"","ast-hfb-mobile-header-display":"","site-post-title":"","ast-breadcrumbs-content":"","ast-featured-img":"","footer-sml-layout":"","ast-disable-related-posts":"","theme-transparent-header-meta":"default","adv-header-id-meta":"","stick-header-meta":"","header-above-stick-meta":"","header-main-stick-meta":"","header-below-stick-meta":"","astra-migrate-meta-layouts":"set","ast-page-background-enabled":"default","ast-page-background-meta":{"desktop":{"background-color":"","background-image":"","background-repeat":"repeat","background-position":"center center","background-size":"auto","background-attachment":"scroll","background-type":"","background-media":"","overlay-type":"","overlay-color":"","overlay-opacity":"","overlay-gradient":""},"tablet":{"background-color":"","background-image":"","background-repeat":"repeat","background-position":"center center","background-size":"auto","background-attachment":"scroll","background-type":"","background-media":"","overlay-type":"","overlay-color":"","overlay-opacity":"","overlay-gradient":""},"mobile":{"background-color":"","background-image":"","background-repeat":"repeat","background-position":"center center","background-size":"auto","background-attachment":"scroll","background-type":"","background-media":"","overlay-type":"","overlay-color":"","overlay-opacity":"","overlay-gradient":""}},"ast-content-background-meta":{"desktop":{"background-color":"var(--ast-global-color-5)","background-image":"","background-repeat":"repeat","background-position":"center center","background-size":"auto","background-attachment":"scroll","background-type":"","background-media":"","overlay-type":"","overlay-color":"","overlay-opacity":"","overlay-gradient":""},"tablet":{"background-color":"var(--ast-global-color-5)","background-image":"","background-repeat":"repeat","background-position":"center center","background-size":"auto","background-attachment":"scroll","background-type":"","background-media":"","overlay-type":"","overlay-color":"","overlay-opacity":"","overlay-gradient":""},"mobile":{"background-color":"var(--ast-global-color-5)","background-image":"","background-repeat":"repeat","background-position":"center center","background-size":"auto","background-attachment":"scroll","background-type":"","background-media":"","overlay-type":"","overlay-color":"","overlay-opacity":"","overlay-gradient":""}}},"product_brand":[],"product_cat":[242],"product_tag":[],"class_list":{"0":"post-3279","1":"product","2":"type-product","3":"status-publish","4":"has-post-thumbnail","6":"product_cat-ps4","7":"desktop-align-left","8":"tablet-align-left","9":"mobile-align-left","11":"first","12":"instock","13":"sale","14":"purchasable","15":"product-type-simple"},"yoast_head":"<!-- This site is optimized with the Yoast SEO plugin v27.5 - https:\/\/yoast.com\/product\/yoast-seo-wordpress\/ -->\n<title>GTA: The Trilogy - PS4 - Wakan.ec<\/title>\n<meta name=\"description\" content=\"Juega los cl\u00e1sicos que definieron al g\u00e9nero de la trilog\u00eda original en la Edici\u00f3n definitiva de GTA: The Trilogy - PS4. Rec\u00edbelo en todo el Ecuador.\" \/>\n<meta name=\"robots\" content=\"index, follow, max-snippet:-1, max-image-preview:large, max-video-preview:-1\" \/>\n<link rel=\"canonical\" href=\"https:\/\/wakan.ec\/index.php\/producto\/gta-the-trilogy-ps4\/\" \/>\n<meta property=\"og:locale\" content=\"es_ES\" \/>\n<meta property=\"og:type\" content=\"article\" \/>\n<meta property=\"og:title\" content=\"GTA: The Trilogy - PS4 - Wakan.ec\" \/>\n<meta property=\"og:description\" content=\"Juega los cl\u00e1sicos que definieron al g\u00e9nero de la trilog\u00eda original en la Edici\u00f3n definitiva de GTA: The Trilogy - PS4. Rec\u00edbelo en todo el Ecuador.\" \/>\n<meta property=\"og:url\" content=\"https:\/\/wakan.ec\/index.php\/producto\/gta-the-trilogy-ps4\/\" \/>\n<meta property=\"og:site_name\" content=\"Wakan.ec\" \/>\n<meta property=\"article:publisher\" content=\"https:\/\/www.facebook.com\/wakantienda\" \/>\n<meta property=\"article:modified_time\" content=\"2026-03-22T15:13:55+00:00\" \/>\n<meta property=\"og:image\" content=\"https:\/\/wakan.ec\/wp-content\/uploads\/2025\/08\/wp-17557005170972709799383175209681.png\" \/>\n\t<meta property=\"og:image:width\" content=\"1000\" \/>\n\t<meta property=\"og:image:height\" content=\"1000\" \/>\n\t<meta property=\"og:image:type\" content=\"image\/png\" \/>\n<meta name=\"twitter:card\" content=\"summary_large_image\" \/>\n<meta name=\"twitter:label1\" content=\"Tiempo de lectura\" \/>\n\t<meta name=\"twitter:data1\" content=\"2 minutos\" \/>\n<script type=\"application\/ld+json\" class=\"yoast-schema-graph\">{\"@context\":\"https:\\\/\\\/schema.org\",\"@graph\":[{\"@type\":\"WebPage\",\"@id\":\"https:\\\/\\\/wakan.ec\\\/index.php\\\/producto\\\/gta-the-trilogy-ps4\\\/\",\"url\":\"https:\\\/\\\/wakan.ec\\\/index.php\\\/producto\\\/gta-the-trilogy-ps4\\\/\",\"name\":\"GTA: The Trilogy - PS4 - Wakan.ec\",\"isPartOf\":{\"@id\":\"https:\\\/\\\/wakan.ec\\\/#website\"},\"primaryImageOfPage\":{\"@id\":\"https:\\\/\\\/wakan.ec\\\/index.php\\\/producto\\\/gta-the-trilogy-ps4\\\/#primaryimage\"},\"image\":{\"@id\":\"https:\\\/\\\/wakan.ec\\\/index.php\\\/producto\\\/gta-the-trilogy-ps4\\\/#primaryimage\"},\"thumbnailUrl\":\"https:\\\/\\\/wakan.ec\\\/wp-content\\\/uploads\\\/2025\\\/08\\\/wp-17557005170972709799383175209681.png\",\"datePublished\":\"2025-08-20T14:44:54+00:00\",\"dateModified\":\"2026-03-22T15:13:55+00:00\",\"description\":\"Juega los cl\u00e1sicos que definieron al g\u00e9nero de la trilog\u00eda original en la Edici\u00f3n definitiva de GTA: The Trilogy - PS4. Rec\u00edbelo en todo el Ecuador.\",\"breadcrumb\":{\"@id\":\"https:\\\/\\\/wakan.ec\\\/index.php\\\/producto\\\/gta-the-trilogy-ps4\\\/#breadcrumb\"},\"inLanguage\":\"es\",\"potentialAction\":[{\"@type\":\"ReadAction\",\"target\":[\"https:\\\/\\\/wakan.ec\\\/index.php\\\/producto\\\/gta-the-trilogy-ps4\\\/\"]}]},{\"@type\":\"ImageObject\",\"inLanguage\":\"es\",\"@id\":\"https:\\\/\\\/wakan.ec\\\/index.php\\\/producto\\\/gta-the-trilogy-ps4\\\/#primaryimage\",\"url\":\"https:\\\/\\\/wakan.ec\\\/wp-content\\\/uploads\\\/2025\\\/08\\\/wp-17557005170972709799383175209681.png\",\"contentUrl\":\"https:\\\/\\\/wakan.ec\\\/wp-content\\\/uploads\\\/2025\\\/08\\\/wp-17557005170972709799383175209681.png\",\"width\":1000,\"height\":1000,\"caption\":\"GTA: The Trilogy - PS4 - The Definitive Edition - Ecuador\"},{\"@type\":\"BreadcrumbList\",\"@id\":\"https:\\\/\\\/wakan.ec\\\/index.php\\\/producto\\\/gta-the-trilogy-ps4\\\/#breadcrumb\",\"itemListElement\":[{\"@type\":\"ListItem\",\"position\":1,\"name\":\"Portada\",\"item\":\"https:\\\/\\\/wakan.ec\\\/\"},{\"@type\":\"ListItem\",\"position\":2,\"name\":\"GTA: The Trilogy &#8211; PS4\"}]},{\"@type\":\"WebSite\",\"@id\":\"https:\\\/\\\/wakan.ec\\\/#website\",\"url\":\"https:\\\/\\\/wakan.ec\\\/\",\"name\":\"Wakan.ec\",\"description\":\"Tech - Fitness, entretenimiento y productividad.\",\"publisher\":{\"@id\":\"https:\\\/\\\/wakan.ec\\\/#organization\"},\"potentialAction\":[{\"@type\":\"SearchAction\",\"target\":{\"@type\":\"EntryPoint\",\"urlTemplate\":\"https:\\\/\\\/wakan.ec\\\/?s={search_term_string}\"},\"query-input\":{\"@type\":\"PropertyValueSpecification\",\"valueRequired\":true,\"valueName\":\"search_term_string\"}}],\"inLanguage\":\"es\"},{\"@type\":\"Organization\",\"@id\":\"https:\\\/\\\/wakan.ec\\\/#organization\",\"name\":\"Wak\u00e1n\",\"url\":\"https:\\\/\\\/wakan.ec\\\/\",\"logo\":{\"@type\":\"ImageObject\",\"inLanguage\":\"es\",\"@id\":\"https:\\\/\\\/wakan.ec\\\/#\\\/schema\\\/logo\\\/image\\\/\",\"url\":\"https:\\\/\\\/wakan.ec\\\/wp-content\\\/uploads\\\/2021\\\/12\\\/wakan-Logo.png\",\"contentUrl\":\"https:\\\/\\\/wakan.ec\\\/wp-content\\\/uploads\\\/2021\\\/12\\\/wakan-Logo.png\",\"width\":1080,\"height\":1080,\"caption\":\"Wak\u00e1n\"},\"image\":{\"@id\":\"https:\\\/\\\/wakan.ec\\\/#\\\/schema\\\/logo\\\/image\\\/\"},\"sameAs\":[\"https:\\\/\\\/www.facebook.com\\\/wakantienda\",\"https:\\\/\\\/www.instagram.com\\\/wakantienda\",\"https:\\\/\\\/www.youtube.com\\\/wakan\"]}]}<\/script>\n<!-- \/ Yoast SEO plugin. -->","yoast_head_json":{"title":"GTA: The Trilogy - PS4 - Wakan.ec","description":"Juega los cl\u00e1sicos que definieron al g\u00e9nero de la trilog\u00eda original en la Edici\u00f3n definitiva de GTA: The Trilogy - PS4. Rec\u00edbelo en todo el Ecuador.","robots":{"index":"index","follow":"follow","max-snippet":"max-snippet:-1","max-image-preview":"max-image-preview:large","max-video-preview":"max-video-preview:-1"},"canonical":"https:\/\/wakan.ec\/index.php\/producto\/gta-the-trilogy-ps4\/","og_locale":"es_ES","og_type":"article","og_title":"GTA: The Trilogy - PS4 - Wakan.ec","og_description":"Juega los cl\u00e1sicos que definieron al g\u00e9nero de la trilog\u00eda original en la Edici\u00f3n definitiva de GTA: The Trilogy - PS4. Rec\u00edbelo en todo el Ecuador.","og_url":"https:\/\/wakan.ec\/index.php\/producto\/gta-the-trilogy-ps4\/","og_site_name":"Wakan.ec","article_publisher":"https:\/\/www.facebook.com\/wakantienda","article_modified_time":"2026-03-22T15:13:55+00:00","og_image":[{"width":1000,"height":1000,"url":"https:\/\/wakan.ec\/wp-content\/uploads\/2025\/08\/wp-17557005170972709799383175209681.png","type":"image\/png"}],"twitter_card":"summary_large_image","twitter_misc":{"Tiempo de lectura":"2 minutos"},"schema":{"@context":"https:\/\/schema.org","@graph":[{"@type":"WebPage","@id":"https:\/\/wakan.ec\/index.php\/producto\/gta-the-trilogy-ps4\/","url":"https:\/\/wakan.ec\/index.php\/producto\/gta-the-trilogy-ps4\/","name":"GTA: The Trilogy - PS4 - Wakan.ec","isPartOf":{"@id":"https:\/\/wakan.ec\/#website"},"primaryImageOfPage":{"@id":"https:\/\/wakan.ec\/index.php\/producto\/gta-the-trilogy-ps4\/#primaryimage"},"image":{"@id":"https:\/\/wakan.ec\/index.php\/producto\/gta-the-trilogy-ps4\/#primaryimage"},"thumbnailUrl":"https:\/\/wakan.ec\/wp-content\/uploads\/2025\/08\/wp-17557005170972709799383175209681.png","datePublished":"2025-08-20T14:44:54+00:00","dateModified":"2026-03-22T15:13:55+00:00","description":"Juega los cl\u00e1sicos que definieron al g\u00e9nero de la trilog\u00eda original en la Edici\u00f3n definitiva de GTA: The Trilogy - PS4. Rec\u00edbelo en todo el Ecuador.","breadcrumb":{"@id":"https:\/\/wakan.ec\/index.php\/producto\/gta-the-trilogy-ps4\/#breadcrumb"},"inLanguage":"es","potentialAction":[{"@type":"ReadAction","target":["https:\/\/wakan.ec\/index.php\/producto\/gta-the-trilogy-ps4\/"]}]},{"@type":"ImageObject","inLanguage":"es","@id":"https:\/\/wakan.ec\/index.php\/producto\/gta-the-trilogy-ps4\/#primaryimage","url":"https:\/\/wakan.ec\/wp-content\/uploads\/2025\/08\/wp-17557005170972709799383175209681.png","contentUrl":"https:\/\/wakan.ec\/wp-content\/uploads\/2025\/08\/wp-17557005170972709799383175209681.png","width":1000,"height":1000,"caption":"GTA: The Trilogy - PS4 - The Definitive Edition - Ecuador"},{"@type":"BreadcrumbList","@id":"https:\/\/wakan.ec\/index.php\/producto\/gta-the-trilogy-ps4\/#breadcrumb","itemListElement":[{"@type":"ListItem","position":1,"name":"Portada","item":"https:\/\/wakan.ec\/"},{"@type":"ListItem","position":2,"name":"GTA: The Trilogy &#8211; PS4"}]},{"@type":"WebSite","@id":"https:\/\/wakan.ec\/#website","url":"https:\/\/wakan.ec\/","name":"Wakan.ec","description":"Tech - Fitness, entretenimiento y productividad.","publisher":{"@id":"https:\/\/wakan.ec\/#organization"},"potentialAction":[{"@type":"SearchAction","target":{"@type":"EntryPoint","urlTemplate":"https:\/\/wakan.ec\/?s={search_term_string}"},"query-input":{"@type":"PropertyValueSpecification","valueRequired":true,"valueName":"search_term_string"}}],"inLanguage":"es"},{"@type":"Organization","@id":"https:\/\/wakan.ec\/#organization","name":"Wak\u00e1n","url":"https:\/\/wakan.ec\/","logo":{"@type":"ImageObject","inLanguage":"es","@id":"https:\/\/wakan.ec\/#\/schema\/logo\/image\/","url":"https:\/\/wakan.ec\/wp-content\/uploads\/2021\/12\/wakan-Logo.png","contentUrl":"https:\/\/wakan.ec\/wp-content\/uploads\/2021\/12\/wakan-Logo.png","width":1080,"height":1080,"caption":"Wak\u00e1n"},"image":{"@id":"https:\/\/wakan.ec\/#\/schema\/logo\/image\/"},"sameAs":["https:\/\/www.facebook.com\/wakantienda","https:\/\/www.instagram.com\/wakantienda","https:\/\/www.youtube.com\/wakan"]}]}},"_links":{"self":[{"href":"https:\/\/wakan.ec\/index.php\/wp-json\/wp\/v2\/product\/3279","targetHints":{"allow":["GET"]}}],"collection":[{"href":"https:\/\/wakan.ec\/index.php\/wp-json\/wp\/v2\/product"}],"about":[{"href":"https:\/\/wakan.ec\/index.php\/wp-json\/wp\/v2\/types\/product"}],"replies":[{"embeddable":true,"href":"https:\/\/wakan.ec\/index.php\/wp-json\/wp\/v2\/comments?post=3279"}],"wp:featuredmedia":[{"embeddable":true,"href":"https:\/\/wakan.ec\/index.php\/wp-json\/wp\/v2\/media\/3270"}],"wp:attachment":[{"href":"https:\/\/wakan.ec\/index.php\/wp-json\/wp\/v2\/media?parent=3279"}],"wp:term":[{"taxonomy":"product_brand","embeddable":true,"href":"https:\/\/wakan.ec\/index.php\/wp-json\/wp\/v2\/product_brand?post=3279"},{"taxonomy":"product_cat","embeddable":true,"href":"https:\/\/wakan.ec\/index.php\/wp-json\/wp\/v2\/product_cat?post=3279"},{"taxonomy":"product_tag","embeddable":true,"href":"https:\/\/wakan.ec\/index.php\/wp-json\/wp\/v2\/product_tag?post=3279"}],"curies":[{"name":"wp","href":"https:\/\/api.w.org\/{rel}","templated":true}]}}