{"id":3203,"date":"2025-08-13T14:28:31","date_gmt":"2025-08-13T19:28:31","guid":{"rendered":"https:\/\/wakan.ec\/?post_type=product&#038;p=3203"},"modified":"2026-05-14T22:36:05","modified_gmt":"2026-05-15T03:36:05","slug":"nintendo-switch-2-pro-controller","status":"publish","type":"product","link":"https:\/\/wakan.ec\/index.php\/producto\/nintendo-switch-2-pro-controller\/","title":{"rendered":"Nintendo Switch 2 &#8211; Pro Controller"},"content":{"rendered":"<p>Experiencia de juego m\u00e1s inmersiva, dise\u00f1o ergon\u00f3mico con caracter\u00edsticas nuevas y refinadas. El Nintendo Switch 2 Pro Controller es una versi\u00f3n mejorada del control original.<\/p>\n<h4>Toma la ventaja<\/h4>\n<p>Una de las adiciones m\u00e1s notables son los dos <em>botones traseros,GL y GR,<\/em> que puedes personalizar para asignarles cualquier funci\u00f3n digital.<\/p>\n<p>Esto te da una ventaja competitiva al no tener que separar los pulgares de los joysticks para realizar ciertas acciones lo que es especialmente \u00fatil en juegos de ritmo r\u00e1pido.<\/p>\n<p>El control ahora puede transmitir sensaciones m\u00e1s detalladas y diferenciadas seg\u00fan lo que ocurra en el juego.<\/p>\n<p>La tecnolog\u00eda de <em>Vibraci\u00f3n \u00f3ptica HD Rumble 2<\/em>, ha sido mejorada para ofrecer una respuesta m\u00e1s precisa e inmersiva en lugar de una vibraci\u00f3n gen\u00e9rica.<\/p>\n<h4>Mayor comodidad<\/h4>\n<p>Un nuevo bot\u00f3n C se ha a\u00f1adido para acceder al men\u00fa de Game Chat en un solo paso y simplificar el uso de las funciones de chat de voz de la consola.<\/p>\n<p>Por fin el control incluye un <em>conector de audio est\u00e9reo est\u00e1ndar de 3.5 mm<\/em>. Conectar tus auriculares directamente al control sin necesidad de conectar cables hasta la consola.<\/p>\n<p>Lleva tus juegos al siguiente nivel con el Control Pro de Nintendo Switch 2 con funcionalidad Amiibo integrada.<\/p>\n<h4>Juega por m\u00e1s tiempo<\/h4>\n<p><em>Juega hasta 40 horas<\/em> sin preocuparte por la bater\u00eda y recarga el control al 100% en la mitad del tiempo que la versi\u00f3n anterior.<\/p>\n<p>Dise\u00f1o mejorado con acabado mate y los <em>materiales son de la mejor calidad<\/em>. El D-Pad tambi\u00e9n ha sido mejorado para evitar errores de entrada.<\/p>\n<p>Los joysticks han sido redise\u00f1ados para ofrecer un <em>movimiento m\u00e1s suave y preciso<\/em>. Esto mejora la respuesta al mismo tiempo que soluciona los problemas de drifting.<\/p>\n<p>Importante: El Nintendo Switch 2 Pro Controller solo es compatible con la consola Nintendo Switch 2 no funcionar\u00e1 con la primera versi\u00f3n de la consola.<\/p>\n<h4>En la caja<\/h4>\n<ul>\n<li>Nintendo Switch 2 &#8211; Pro Controller <em>x1<\/em><\/li>\n<li>Cable de carga USB-C <em>x1<\/em><\/li>\n<\/ul>\n<h4>Garant\u00eda de 12 meses<\/h4>\n","protected":false},"excerpt":{"rendered":"<p><em>Control mejorado con acabado mate, materiales de la mejor calidad y joysticks redise\u00f1ados para ofrecer un movimiento m\u00e1s suave y preciso.<\/em><\/p>\n<h4>Juega como <em>pro<\/em><\/h4>\n<ul>\n<li>Respuestas m\u00e1s precisas en cada bot\u00f3n y joystick.<\/li>\n<li>Experiencia inmersiva con HD Rumble 2.<\/li>\n<li><span style=\"font-size: 16px;\">Controles de movimiento.<\/span><\/li>\n<li>Botones programables GL y GR.<\/li>\n<li>Conector de audio de 3,5 mm,<\/li>\n<\/ul>\n<h4>Rec\u00edbelo en todo el Ecuador<\/h4>\n<p>Estado: Nuevo\/Sellado<\/p>\n","protected":false},"featured_media":3206,"comment_status":"open","ping_status":"closed","template":"","meta":{"site-sidebar-layout":"default","site-content-layout":"","ast-site-content-layout":"default","site-content-style":"default","site-sidebar-style":"default","ast-global-header-display":"","ast-banner-title-visibility":"","ast-main-header-display":"","ast-hfb-above-header-display":"","ast-hfb-below-header-display":"","ast-hfb-mobile-header-display":"","site-post-title":"","ast-breadcrumbs-content":"","ast-featured-img":"","footer-sml-layout":"","ast-disable-related-posts":"","theme-transparent-header-meta":"default","adv-header-id-meta":"","stick-header-meta":"","header-above-stick-meta":"","header-main-stick-meta":"","header-below-stick-meta":"","astra-migrate-meta-layouts":"set","ast-page-background-enabled":"default","ast-page-background-meta":{"desktop":{"background-color":"","background-image":"","background-repeat":"repeat","background-position":"center center","background-size":"auto","background-attachment":"scroll","background-type":"","background-media":"","overlay-type":"","overlay-color":"","overlay-opacity":"","overlay-gradient":""},"tablet":{"background-color":"","background-image":"","background-repeat":"repeat","background-position":"center center","background-size":"auto","background-attachment":"scroll","background-type":"","background-media":"","overlay-type":"","overlay-color":"","overlay-opacity":"","overlay-gradient":""},"mobile":{"background-color":"","background-image":"","background-repeat":"repeat","background-position":"center center","background-size":"auto","background-attachment":"scroll","background-type":"","background-media":"","overlay-type":"","overlay-color":"","overlay-opacity":"","overlay-gradient":""}},"ast-content-background-meta":{"desktop":{"background-color":"var(--ast-global-color-5)","background-image":"","background-repeat":"repeat","background-position":"center center","background-size":"auto","background-attachment":"scroll","background-type":"","background-media":"","overlay-type":"","overlay-color":"","overlay-opacity":"","overlay-gradient":""},"tablet":{"background-color":"var(--ast-global-color-5)","background-image":"","background-repeat":"repeat","background-position":"center center","background-size":"auto","background-attachment":"scroll","background-type":"","background-media":"","overlay-type":"","overlay-color":"","overlay-opacity":"","overlay-gradient":""},"mobile":{"background-color":"var(--ast-global-color-5)","background-image":"","background-repeat":"repeat","background-position":"center center","background-size":"auto","background-attachment":"scroll","background-type":"","background-media":"","overlay-type":"","overlay-color":"","overlay-opacity":"","overlay-gradient":""}}},"product_brand":[],"product_cat":[234],"product_tag":[],"class_list":{"0":"post-3203","1":"product","2":"type-product","3":"status-publish","4":"has-post-thumbnail","6":"product_cat-nintendo","7":"desktop-align-left","8":"tablet-align-left","9":"mobile-align-left","11":"first","12":"instock","13":"sale","14":"purchasable","15":"product-type-simple"},"yoast_head":"<!-- This site is optimized with the Yoast SEO plugin v27.6 - https:\/\/yoast.com\/product\/yoast-seo-wordpress\/ -->\n<title>Nintendo Switch 2 - Pro Controller - Wakan.ec<\/title>\n<meta name=\"description\" content=\"Dise\u00f1o mejorado, acabado mate, materiales de la mejor calidad y joysticks con movimiento m\u00e1s suave y preciso. Rec\u00edbelo en todo el Ecuador.\" \/>\n<meta name=\"robots\" content=\"index, follow, max-snippet:-1, max-image-preview:large, max-video-preview:-1\" \/>\n<link rel=\"canonical\" href=\"https:\/\/wakan.ec\/index.php\/producto\/nintendo-switch-2-pro-controller\/\" \/>\n<meta property=\"og:locale\" content=\"es_ES\" \/>\n<meta property=\"og:type\" content=\"article\" \/>\n<meta property=\"og:title\" content=\"Nintendo Switch 2 - Pro Controller - Wakan.ec\" \/>\n<meta property=\"og:description\" content=\"Dise\u00f1o mejorado, acabado mate, materiales de la mejor calidad y joysticks con movimiento m\u00e1s suave y preciso. Rec\u00edbelo en todo el Ecuador.\" \/>\n<meta property=\"og:url\" content=\"https:\/\/wakan.ec\/index.php\/producto\/nintendo-switch-2-pro-controller\/\" \/>\n<meta property=\"og:site_name\" content=\"Wakan.ec\" \/>\n<meta property=\"article:publisher\" content=\"https:\/\/www.facebook.com\/wakantienda\" \/>\n<meta property=\"article:modified_time\" content=\"2026-05-15T03:36:05+00:00\" \/>\n<meta property=\"og:image\" content=\"https:\/\/wakan.ec\/wp-content\/uploads\/2025\/08\/wp-17551286392345433784723748978836.png\" \/>\n\t<meta property=\"og:image:width\" content=\"1000\" \/>\n\t<meta property=\"og:image:height\" content=\"1000\" \/>\n\t<meta property=\"og:image:type\" content=\"image\/png\" \/>\n<meta name=\"twitter:card\" content=\"summary_large_image\" \/>\n<meta name=\"twitter:label1\" content=\"Tiempo de lectura\" \/>\n\t<meta name=\"twitter:data1\" content=\"2 minutos\" \/>\n<script type=\"application\/ld+json\" class=\"yoast-schema-graph\">{\"@context\":\"https:\\\/\\\/schema.org\",\"@graph\":[{\"@type\":\"WebPage\",\"@id\":\"https:\\\/\\\/wakan.ec\\\/index.php\\\/producto\\\/nintendo-switch-2-pro-controller\\\/\",\"url\":\"https:\\\/\\\/wakan.ec\\\/index.php\\\/producto\\\/nintendo-switch-2-pro-controller\\\/\",\"name\":\"Nintendo Switch 2 - Pro Controller - Wakan.ec\",\"isPartOf\":{\"@id\":\"https:\\\/\\\/wakan.ec\\\/#website\"},\"primaryImageOfPage\":{\"@id\":\"https:\\\/\\\/wakan.ec\\\/index.php\\\/producto\\\/nintendo-switch-2-pro-controller\\\/#primaryimage\"},\"image\":{\"@id\":\"https:\\\/\\\/wakan.ec\\\/index.php\\\/producto\\\/nintendo-switch-2-pro-controller\\\/#primaryimage\"},\"thumbnailUrl\":\"https:\\\/\\\/wakan.ec\\\/wp-content\\\/uploads\\\/2025\\\/08\\\/wp-17551286392345433784723748978836.png\",\"datePublished\":\"2025-08-13T19:28:31+00:00\",\"dateModified\":\"2026-05-15T03:36:05+00:00\",\"description\":\"Dise\u00f1o mejorado, acabado mate, materiales de la mejor calidad y joysticks con movimiento m\u00e1s suave y preciso. Rec\u00edbelo en todo el Ecuador.\",\"breadcrumb\":{\"@id\":\"https:\\\/\\\/wakan.ec\\\/index.php\\\/producto\\\/nintendo-switch-2-pro-controller\\\/#breadcrumb\"},\"inLanguage\":\"es\",\"potentialAction\":[{\"@type\":\"ReadAction\",\"target\":[\"https:\\\/\\\/wakan.ec\\\/index.php\\\/producto\\\/nintendo-switch-2-pro-controller\\\/\"]}]},{\"@type\":\"ImageObject\",\"inLanguage\":\"es\",\"@id\":\"https:\\\/\\\/wakan.ec\\\/index.php\\\/producto\\\/nintendo-switch-2-pro-controller\\\/#primaryimage\",\"url\":\"https:\\\/\\\/wakan.ec\\\/wp-content\\\/uploads\\\/2025\\\/08\\\/wp-17551286392345433784723748978836.png\",\"contentUrl\":\"https:\\\/\\\/wakan.ec\\\/wp-content\\\/uploads\\\/2025\\\/08\\\/wp-17551286392345433784723748978836.png\",\"width\":1000,\"height\":1000,\"caption\":\"Nintendo Switch 2 - Pro Controller - Ecuador\"},{\"@type\":\"BreadcrumbList\",\"@id\":\"https:\\\/\\\/wakan.ec\\\/index.php\\\/producto\\\/nintendo-switch-2-pro-controller\\\/#breadcrumb\",\"itemListElement\":[{\"@type\":\"ListItem\",\"position\":1,\"name\":\"Portada\",\"item\":\"https:\\\/\\\/wakan.ec\\\/\"},{\"@type\":\"ListItem\",\"position\":2,\"name\":\"Nintendo Switch 2 &#8211; Pro Controller\"}]},{\"@type\":\"WebSite\",\"@id\":\"https:\\\/\\\/wakan.ec\\\/#website\",\"url\":\"https:\\\/\\\/wakan.ec\\\/\",\"name\":\"Wakan.ec\",\"description\":\"Tech - Fitness, entretenimiento y productividad.\",\"publisher\":{\"@id\":\"https:\\\/\\\/wakan.ec\\\/#organization\"},\"potentialAction\":[{\"@type\":\"SearchAction\",\"target\":{\"@type\":\"EntryPoint\",\"urlTemplate\":\"https:\\\/\\\/wakan.ec\\\/?s={search_term_string}\"},\"query-input\":{\"@type\":\"PropertyValueSpecification\",\"valueRequired\":true,\"valueName\":\"search_term_string\"}}],\"inLanguage\":\"es\"},{\"@type\":\"Organization\",\"@id\":\"https:\\\/\\\/wakan.ec\\\/#organization\",\"name\":\"Wak\u00e1n\",\"url\":\"https:\\\/\\\/wakan.ec\\\/\",\"logo\":{\"@type\":\"ImageObject\",\"inLanguage\":\"es\",\"@id\":\"https:\\\/\\\/wakan.ec\\\/#\\\/schema\\\/logo\\\/image\\\/\",\"url\":\"https:\\\/\\\/wakan.ec\\\/wp-content\\\/uploads\\\/2021\\\/12\\\/wakan-Logo.png\",\"contentUrl\":\"https:\\\/\\\/wakan.ec\\\/wp-content\\\/uploads\\\/2021\\\/12\\\/wakan-Logo.png\",\"width\":1080,\"height\":1080,\"caption\":\"Wak\u00e1n\"},\"image\":{\"@id\":\"https:\\\/\\\/wakan.ec\\\/#\\\/schema\\\/logo\\\/image\\\/\"},\"sameAs\":[\"https:\\\/\\\/www.facebook.com\\\/wakantienda\",\"https:\\\/\\\/www.instagram.com\\\/wakantienda\",\"https:\\\/\\\/www.youtube.com\\\/wakan\"]}]}<\/script>\n<!-- \/ Yoast SEO plugin. -->","yoast_head_json":{"title":"Nintendo Switch 2 - Pro Controller - Wakan.ec","description":"Dise\u00f1o mejorado, acabado mate, materiales de la mejor calidad y joysticks con movimiento m\u00e1s suave y preciso. Rec\u00edbelo en todo el Ecuador.","robots":{"index":"index","follow":"follow","max-snippet":"max-snippet:-1","max-image-preview":"max-image-preview:large","max-video-preview":"max-video-preview:-1"},"canonical":"https:\/\/wakan.ec\/index.php\/producto\/nintendo-switch-2-pro-controller\/","og_locale":"es_ES","og_type":"article","og_title":"Nintendo Switch 2 - Pro Controller - Wakan.ec","og_description":"Dise\u00f1o mejorado, acabado mate, materiales de la mejor calidad y joysticks con movimiento m\u00e1s suave y preciso. Rec\u00edbelo en todo el Ecuador.","og_url":"https:\/\/wakan.ec\/index.php\/producto\/nintendo-switch-2-pro-controller\/","og_site_name":"Wakan.ec","article_publisher":"https:\/\/www.facebook.com\/wakantienda","article_modified_time":"2026-05-15T03:36:05+00:00","og_image":[{"width":1000,"height":1000,"url":"https:\/\/wakan.ec\/wp-content\/uploads\/2025\/08\/wp-17551286392345433784723748978836.png","type":"image\/png"}],"twitter_card":"summary_large_image","twitter_misc":{"Tiempo de lectura":"2 minutos"},"schema":{"@context":"https:\/\/schema.org","@graph":[{"@type":"WebPage","@id":"https:\/\/wakan.ec\/index.php\/producto\/nintendo-switch-2-pro-controller\/","url":"https:\/\/wakan.ec\/index.php\/producto\/nintendo-switch-2-pro-controller\/","name":"Nintendo Switch 2 - Pro Controller - Wakan.ec","isPartOf":{"@id":"https:\/\/wakan.ec\/#website"},"primaryImageOfPage":{"@id":"https:\/\/wakan.ec\/index.php\/producto\/nintendo-switch-2-pro-controller\/#primaryimage"},"image":{"@id":"https:\/\/wakan.ec\/index.php\/producto\/nintendo-switch-2-pro-controller\/#primaryimage"},"thumbnailUrl":"https:\/\/wakan.ec\/wp-content\/uploads\/2025\/08\/wp-17551286392345433784723748978836.png","datePublished":"2025-08-13T19:28:31+00:00","dateModified":"2026-05-15T03:36:05+00:00","description":"Dise\u00f1o mejorado, acabado mate, materiales de la mejor calidad y joysticks con movimiento m\u00e1s suave y preciso. Rec\u00edbelo en todo el Ecuador.","breadcrumb":{"@id":"https:\/\/wakan.ec\/index.php\/producto\/nintendo-switch-2-pro-controller\/#breadcrumb"},"inLanguage":"es","potentialAction":[{"@type":"ReadAction","target":["https:\/\/wakan.ec\/index.php\/producto\/nintendo-switch-2-pro-controller\/"]}]},{"@type":"ImageObject","inLanguage":"es","@id":"https:\/\/wakan.ec\/index.php\/producto\/nintendo-switch-2-pro-controller\/#primaryimage","url":"https:\/\/wakan.ec\/wp-content\/uploads\/2025\/08\/wp-17551286392345433784723748978836.png","contentUrl":"https:\/\/wakan.ec\/wp-content\/uploads\/2025\/08\/wp-17551286392345433784723748978836.png","width":1000,"height":1000,"caption":"Nintendo Switch 2 - Pro Controller - Ecuador"},{"@type":"BreadcrumbList","@id":"https:\/\/wakan.ec\/index.php\/producto\/nintendo-switch-2-pro-controller\/#breadcrumb","itemListElement":[{"@type":"ListItem","position":1,"name":"Portada","item":"https:\/\/wakan.ec\/"},{"@type":"ListItem","position":2,"name":"Nintendo Switch 2 &#8211; Pro Controller"}]},{"@type":"WebSite","@id":"https:\/\/wakan.ec\/#website","url":"https:\/\/wakan.ec\/","name":"Wakan.ec","description":"Tech - Fitness, entretenimiento y productividad.","publisher":{"@id":"https:\/\/wakan.ec\/#organization"},"potentialAction":[{"@type":"SearchAction","target":{"@type":"EntryPoint","urlTemplate":"https:\/\/wakan.ec\/?s={search_term_string}"},"query-input":{"@type":"PropertyValueSpecification","valueRequired":true,"valueName":"search_term_string"}}],"inLanguage":"es"},{"@type":"Organization","@id":"https:\/\/wakan.ec\/#organization","name":"Wak\u00e1n","url":"https:\/\/wakan.ec\/","logo":{"@type":"ImageObject","inLanguage":"es","@id":"https:\/\/wakan.ec\/#\/schema\/logo\/image\/","url":"https:\/\/wakan.ec\/wp-content\/uploads\/2021\/12\/wakan-Logo.png","contentUrl":"https:\/\/wakan.ec\/wp-content\/uploads\/2021\/12\/wakan-Logo.png","width":1080,"height":1080,"caption":"Wak\u00e1n"},"image":{"@id":"https:\/\/wakan.ec\/#\/schema\/logo\/image\/"},"sameAs":["https:\/\/www.facebook.com\/wakantienda","https:\/\/www.instagram.com\/wakantienda","https:\/\/www.youtube.com\/wakan"]}]}},"_links":{"self":[{"href":"https:\/\/wakan.ec\/index.php\/wp-json\/wp\/v2\/product\/3203","targetHints":{"allow":["GET"]}}],"collection":[{"href":"https:\/\/wakan.ec\/index.php\/wp-json\/wp\/v2\/product"}],"about":[{"href":"https:\/\/wakan.ec\/index.php\/wp-json\/wp\/v2\/types\/product"}],"replies":[{"embeddable":true,"href":"https:\/\/wakan.ec\/index.php\/wp-json\/wp\/v2\/comments?post=3203"}],"wp:featuredmedia":[{"embeddable":true,"href":"https:\/\/wakan.ec\/index.php\/wp-json\/wp\/v2\/media\/3206"}],"wp:attachment":[{"href":"https:\/\/wakan.ec\/index.php\/wp-json\/wp\/v2\/media?parent=3203"}],"wp:term":[{"taxonomy":"product_brand","embeddable":true,"href":"https:\/\/wakan.ec\/index.php\/wp-json\/wp\/v2\/product_brand?post=3203"},{"taxonomy":"product_cat","embeddable":true,"href":"https:\/\/wakan.ec\/index.php\/wp-json\/wp\/v2\/product_cat?post=3203"},{"taxonomy":"product_tag","embeddable":true,"href":"https:\/\/wakan.ec\/index.php\/wp-json\/wp\/v2\/product_tag?post=3203"}],"curies":[{"name":"wp","href":"https:\/\/api.w.org\/{rel}","templated":true}]}}