{"id":3187,"date":"2025-08-05T12:08:54","date_gmt":"2025-08-05T17:08:54","guid":{"rendered":"https:\/\/wakan.ec\/?post_type=product&#038;p=3187"},"modified":"2026-03-22T10:16:52","modified_gmt":"2026-03-22T15:16:52","slug":"nintendo-switch-2-mario-kart-world-bundle","status":"publish","type":"product","link":"https:\/\/wakan.ec\/index.php\/producto\/nintendo-switch-2-mario-kart-world-bundle\/","title":{"rendered":"Nintendo Switch 2 &#8211; Mario Kart World Bundle"},"content":{"rendered":"<p>El nuevo Nintendo Switch 2 &#8211; Mario Kart World Bundle incluye el c\u00f3digo de descarga del tan esperado juego. Consola disponible por tiempo limitado.<\/p>\n<h4>Lo m\u00e1s nuevo<\/h4>\n<p>Ya est\u00e1 aqu\u00ed el siguiente paso en la evoluci\u00f3n de Nintendo Switch. Juega en una pantalla m\u00e1s grande de 1080p o conecta la consola al televisor para jugar en una resoluci\u00f3n hasta en 4k.<\/p>\n<p>Acopla los nuevos mandos Joy-Con 2 a la consola con los conectores magn\u00e9ticos. Incluso puedes usar ambos mandos a modo de rat\u00f3n en juegos compatibles.<\/p>\n<p>P\u00e1salo en grande con juegos nuevos y exclusivos para Nintendo Switch\u00a0 o sigue jugando a los t\u00edtulos de Nintendo Switch que ya ten\u00edas.<\/p>\n<h4>Jugamos todos juntos<\/h4>\n<p>Basta con pulsar un bot\u00f3n para chatear con tus amistades cuando quieras gracias a la funci\u00f3n <em>Game Chat y el micr\u00f3fono integrado.<\/em><\/p>\n<p>Comparte tu pantalla de juego durante la conversaci\u00f3n para mostrarles que est\u00e1s haciendo en ese momento.<\/p>\n<p>Y para hablar cara a cara, puedes conectar la c\u00e1mara de Nintendo Switch 2 o cualquier otra c\u00e1mara USB-C compatible.<\/p>\n<h4>Una pantalla m\u00e1s grande<\/h4>\n<p>Juega a lo grande con una pantalla de 7,9 pulgadas que te permite disfrutar de partidas fluidas cuando y donde quieras.<\/p>\n<p>El <em>modo sobremesa<\/em> es ideal para jugar en compa\u00f1\u00eda. Ajusta el soporte en el \u00e1ngulo de inclinaci\u00f3n que te resulte m\u00e1s c\u00f3modo.<\/p>\n<p>Conecta el adaptador de corriente USB-C que viene incluido y juega en el modo sobremesa mientras se carga la consola.<\/p>\n<h4>Gr\u00e1ficos inmersivos<\/h4>\n<p>Usa la base que viene incluida para conectar la consola Nintendo Switch 2 al televisor y s\u00e1cale todo el partido a una resoluci\u00f3n de hasta 4k que te ofrece mucho m\u00e1s detalle.<\/p>\n<p>Adem\u00e1s, las im\u00e1genes son m\u00e1s detalladas y n\u00edtidas gracias a la pantalla LCD Full HD compatible con el alto Rango Din\u00e1mico HDR y hasta 120 fps.<\/p>\n<p>La resoluci\u00f3n 4k y el alto Rango Din\u00e1mico hdr solo est\u00e1n disponibles en el juego y pantallas compatibles la frecuencia de im\u00e1genes para 4k ofrece un m\u00e1ximo de 60 fps.<\/p>\n<h4>Mejoras considerables<\/h4>\n<p>En Nintendo Switch 2 los juegos pueden aprovechar considerables mejoras en la capacidad de procesamiento, en los gr\u00e1ficos u tiempos de carga m\u00e1s r\u00e1pidos.<\/p>\n<p>Podr\u00e1s disfrutar de los juegos con un sonido m\u00e1s inmersivo y tridimensional que parece provenir de todas las direcciones.<\/p>\n<p>Nintendo Switch 2 Mario Kart World Bundle dispone de 256 GB de memoria interna, 8 veces m\u00e1s que Nintendo switch, para almacenar juegos descargados, datos de guardado y m\u00e1s.<\/p>\n<p>Tambi\u00e9n se ha aumentado la velocidad de lectura y grabaci\u00f3n de datos.<\/p>\n<h4>Incluye<\/h4>\n<ul>\n<li>Consola Nintendo Switch 2 <em>x1<\/em><\/li>\n<li><span style=\"font-size: 16px;\">Mandos Joy-Con 2 <em>x2<\/em><\/span><\/li>\n<li><span style=\"font-size: 16px;\">Correas de los mandos Joy-Con 2 <em>x2<\/em><\/span><\/li>\n<li><span style=\"font-size: 16px;\">Base para Nintendo switch 2 <em>x1<\/em><\/span><\/li>\n<li><span style=\"font-size: 16px;\">Soporte para mandos Joy-Con 2 <em>x1<\/em><\/span><\/li>\n<li><span style=\"font-size: 16px;\">Adaptador de corriente <em>x1<\/em><\/span><\/li>\n<li><span style=\"font-size: 16px;\">Cable HDMI de Ultra alta velocidad <em>x1<\/em><\/span><\/li>\n<li><span style=\"font-size: 16px;\">Mario Kart World (c\u00f3digo de descarga) <em>x1<\/em><\/span><\/li>\n<\/ul>\n<h4>Garant\u00eda de 12 meses<\/h4>\n","protected":false},"excerpt":{"rendered":"<p><em>Juega con las incre\u00edbles mejoras en la capacidad de procesamiento, gr\u00e1ficos y tiempos de carga m\u00e1s r\u00e1pidos.<\/em><\/p>\n<h4>Juega a lo grande<\/h4>\n<ul>\n<li>Pantalla de 7,9 pulgadas Full HD.<\/li>\n<li>Resoluci\u00f3n 4K, HDR y hasta 120 fps.<\/li>\n<li>Comparte tu pantalla y \u00fanete al Game Chat con amigos.<\/li>\n<li>Retro-compatible con juegos de Nintendo Switch.<\/li>\n<li>Almacenamiento de 256 GB, mejor rendimiento y velocidad.<\/li>\n<\/ul>\n<h4>Env\u00edo gratis en todo el Ecuador<\/h4>\n<p>Estado: Nuevo\/Sellado<\/p>\n","protected":false},"featured_media":3200,"comment_status":"open","ping_status":"closed","template":"","meta":{"site-sidebar-layout":"default","site-content-layout":"","ast-site-content-layout":"default","site-content-style":"default","site-sidebar-style":"default","ast-global-header-display":"","ast-banner-title-visibility":"","ast-main-header-display":"","ast-hfb-above-header-display":"","ast-hfb-below-header-display":"","ast-hfb-mobile-header-display":"","site-post-title":"","ast-breadcrumbs-content":"","ast-featured-img":"","footer-sml-layout":"","ast-disable-related-posts":"","theme-transparent-header-meta":"default","adv-header-id-meta":"","stick-header-meta":"","header-above-stick-meta":"","header-main-stick-meta":"","header-below-stick-meta":"","astra-migrate-meta-layouts":"set","ast-page-background-enabled":"default","ast-page-background-meta":{"desktop":{"background-color":"","background-image":"","background-repeat":"repeat","background-position":"center center","background-size":"auto","background-attachment":"scroll","background-type":"","background-media":"","overlay-type":"","overlay-color":"","overlay-opacity":"","overlay-gradient":""},"tablet":{"background-color":"","background-image":"","background-repeat":"repeat","background-position":"center center","background-size":"auto","background-attachment":"scroll","background-type":"","background-media":"","overlay-type":"","overlay-color":"","overlay-opacity":"","overlay-gradient":""},"mobile":{"background-color":"","background-image":"","background-repeat":"repeat","background-position":"center center","background-size":"auto","background-attachment":"scroll","background-type":"","background-media":"","overlay-type":"","overlay-color":"","overlay-opacity":"","overlay-gradient":""}},"ast-content-background-meta":{"desktop":{"background-color":"var(--ast-global-color-5)","background-image":"","background-repeat":"repeat","background-position":"center center","background-size":"auto","background-attachment":"scroll","background-type":"","background-media":"","overlay-type":"","overlay-color":"","overlay-opacity":"","overlay-gradient":""},"tablet":{"background-color":"var(--ast-global-color-5)","background-image":"","background-repeat":"repeat","background-position":"center center","background-size":"auto","background-attachment":"scroll","background-type":"","background-media":"","overlay-type":"","overlay-color":"","overlay-opacity":"","overlay-gradient":""},"mobile":{"background-color":"var(--ast-global-color-5)","background-image":"","background-repeat":"repeat","background-position":"center center","background-size":"auto","background-attachment":"scroll","background-type":"","background-media":"","overlay-type":"","overlay-color":"","overlay-opacity":"","overlay-gradient":""}}},"product_brand":[],"product_cat":[234],"product_tag":[],"class_list":{"0":"post-3187","1":"product","2":"type-product","3":"status-publish","4":"has-post-thumbnail","6":"product_cat-nintendo","7":"desktop-align-left","8":"tablet-align-left","9":"mobile-align-left","11":"first","12":"onbackorder","13":"sale","14":"purchasable","15":"product-type-simple"},"yoast_head":"<!-- This site is optimized with the Yoast SEO plugin v27.6 - https:\/\/yoast.com\/product\/yoast-seo-wordpress\/ -->\n<title>Nintendo Switch 2 - Mario Kart World Bundle - Wakan.ec<\/title>\n<meta name=\"description\" content=\"La nueva consola Nintendo Switch 2 - Mario Kart World Bundle incluye el c\u00f3digo de descarga del tan esperado juego. Env\u00edo gratis en todo el Ecuador.\" \/>\n<meta name=\"robots\" content=\"index, follow, max-snippet:-1, max-image-preview:large, max-video-preview:-1\" \/>\n<link rel=\"canonical\" href=\"https:\/\/wakan.ec\/index.php\/producto\/nintendo-switch-2-mario-kart-world-bundle\/\" \/>\n<meta property=\"og:locale\" content=\"es_ES\" \/>\n<meta property=\"og:type\" content=\"article\" \/>\n<meta property=\"og:title\" content=\"Nintendo Switch 2 - Mario Kart World Bundle - Wakan.ec\" \/>\n<meta property=\"og:description\" content=\"La nueva consola Nintendo Switch 2 - Mario Kart World Bundle incluye el c\u00f3digo de descarga del tan esperado juego. Env\u00edo gratis en todo el Ecuador.\" \/>\n<meta property=\"og:url\" content=\"https:\/\/wakan.ec\/index.php\/producto\/nintendo-switch-2-mario-kart-world-bundle\/\" \/>\n<meta property=\"og:site_name\" content=\"Wakan.ec\" \/>\n<meta property=\"article:publisher\" content=\"https:\/\/www.facebook.com\/wakantienda\" \/>\n<meta property=\"article:modified_time\" content=\"2026-03-22T15:16:52+00:00\" \/>\n<meta property=\"og:image\" content=\"https:\/\/wakan.ec\/wp-content\/uploads\/2025\/08\/wp-17551132368383131916130832155064.png\" \/>\n\t<meta property=\"og:image:width\" content=\"1000\" \/>\n\t<meta property=\"og:image:height\" content=\"1000\" \/>\n\t<meta property=\"og:image:type\" content=\"image\/png\" \/>\n<meta name=\"twitter:card\" content=\"summary_large_image\" \/>\n<meta name=\"twitter:label1\" content=\"Tiempo de lectura\" \/>\n\t<meta name=\"twitter:data1\" content=\"3 minutos\" \/>\n<script type=\"application\/ld+json\" class=\"yoast-schema-graph\">{\"@context\":\"https:\\\/\\\/schema.org\",\"@graph\":[{\"@type\":\"WebPage\",\"@id\":\"https:\\\/\\\/wakan.ec\\\/index.php\\\/producto\\\/nintendo-switch-2-mario-kart-world-bundle\\\/\",\"url\":\"https:\\\/\\\/wakan.ec\\\/index.php\\\/producto\\\/nintendo-switch-2-mario-kart-world-bundle\\\/\",\"name\":\"Nintendo Switch 2 - Mario Kart World Bundle - Wakan.ec\",\"isPartOf\":{\"@id\":\"https:\\\/\\\/wakan.ec\\\/#website\"},\"primaryImageOfPage\":{\"@id\":\"https:\\\/\\\/wakan.ec\\\/index.php\\\/producto\\\/nintendo-switch-2-mario-kart-world-bundle\\\/#primaryimage\"},\"image\":{\"@id\":\"https:\\\/\\\/wakan.ec\\\/index.php\\\/producto\\\/nintendo-switch-2-mario-kart-world-bundle\\\/#primaryimage\"},\"thumbnailUrl\":\"https:\\\/\\\/wakan.ec\\\/wp-content\\\/uploads\\\/2025\\\/08\\\/wp-17551132368383131916130832155064.png\",\"datePublished\":\"2025-08-05T17:08:54+00:00\",\"dateModified\":\"2026-03-22T15:16:52+00:00\",\"description\":\"La nueva consola Nintendo Switch 2 - Mario Kart World Bundle incluye el c\u00f3digo de descarga del tan esperado juego. Env\u00edo gratis en todo el Ecuador.\",\"breadcrumb\":{\"@id\":\"https:\\\/\\\/wakan.ec\\\/index.php\\\/producto\\\/nintendo-switch-2-mario-kart-world-bundle\\\/#breadcrumb\"},\"inLanguage\":\"es\",\"potentialAction\":[{\"@type\":\"ReadAction\",\"target\":[\"https:\\\/\\\/wakan.ec\\\/index.php\\\/producto\\\/nintendo-switch-2-mario-kart-world-bundle\\\/\"]}]},{\"@type\":\"ImageObject\",\"inLanguage\":\"es\",\"@id\":\"https:\\\/\\\/wakan.ec\\\/index.php\\\/producto\\\/nintendo-switch-2-mario-kart-world-bundle\\\/#primaryimage\",\"url\":\"https:\\\/\\\/wakan.ec\\\/wp-content\\\/uploads\\\/2025\\\/08\\\/wp-17551132368383131916130832155064.png\",\"contentUrl\":\"https:\\\/\\\/wakan.ec\\\/wp-content\\\/uploads\\\/2025\\\/08\\\/wp-17551132368383131916130832155064.png\",\"width\":1000,\"height\":1000,\"caption\":\"Nintendo Switch 2 - Mario Kart World Bundle - Ecuador\"},{\"@type\":\"BreadcrumbList\",\"@id\":\"https:\\\/\\\/wakan.ec\\\/index.php\\\/producto\\\/nintendo-switch-2-mario-kart-world-bundle\\\/#breadcrumb\",\"itemListElement\":[{\"@type\":\"ListItem\",\"position\":1,\"name\":\"Portada\",\"item\":\"https:\\\/\\\/wakan.ec\\\/\"},{\"@type\":\"ListItem\",\"position\":2,\"name\":\"Nintendo Switch 2 &#8211; Mario Kart World Bundle\"}]},{\"@type\":\"WebSite\",\"@id\":\"https:\\\/\\\/wakan.ec\\\/#website\",\"url\":\"https:\\\/\\\/wakan.ec\\\/\",\"name\":\"Wakan.ec\",\"description\":\"Tech - Fitness, entretenimiento y productividad.\",\"publisher\":{\"@id\":\"https:\\\/\\\/wakan.ec\\\/#organization\"},\"potentialAction\":[{\"@type\":\"SearchAction\",\"target\":{\"@type\":\"EntryPoint\",\"urlTemplate\":\"https:\\\/\\\/wakan.ec\\\/?s={search_term_string}\"},\"query-input\":{\"@type\":\"PropertyValueSpecification\",\"valueRequired\":true,\"valueName\":\"search_term_string\"}}],\"inLanguage\":\"es\"},{\"@type\":\"Organization\",\"@id\":\"https:\\\/\\\/wakan.ec\\\/#organization\",\"name\":\"Wak\u00e1n\",\"url\":\"https:\\\/\\\/wakan.ec\\\/\",\"logo\":{\"@type\":\"ImageObject\",\"inLanguage\":\"es\",\"@id\":\"https:\\\/\\\/wakan.ec\\\/#\\\/schema\\\/logo\\\/image\\\/\",\"url\":\"https:\\\/\\\/wakan.ec\\\/wp-content\\\/uploads\\\/2021\\\/12\\\/wakan-Logo.png\",\"contentUrl\":\"https:\\\/\\\/wakan.ec\\\/wp-content\\\/uploads\\\/2021\\\/12\\\/wakan-Logo.png\",\"width\":1080,\"height\":1080,\"caption\":\"Wak\u00e1n\"},\"image\":{\"@id\":\"https:\\\/\\\/wakan.ec\\\/#\\\/schema\\\/logo\\\/image\\\/\"},\"sameAs\":[\"https:\\\/\\\/www.facebook.com\\\/wakantienda\",\"https:\\\/\\\/www.instagram.com\\\/wakantienda\",\"https:\\\/\\\/www.youtube.com\\\/wakan\"]}]}<\/script>\n<!-- \/ Yoast SEO plugin. -->","yoast_head_json":{"title":"Nintendo Switch 2 - Mario Kart World Bundle - Wakan.ec","description":"La nueva consola Nintendo Switch 2 - Mario Kart World Bundle incluye el c\u00f3digo de descarga del tan esperado juego. Env\u00edo gratis en todo el Ecuador.","robots":{"index":"index","follow":"follow","max-snippet":"max-snippet:-1","max-image-preview":"max-image-preview:large","max-video-preview":"max-video-preview:-1"},"canonical":"https:\/\/wakan.ec\/index.php\/producto\/nintendo-switch-2-mario-kart-world-bundle\/","og_locale":"es_ES","og_type":"article","og_title":"Nintendo Switch 2 - Mario Kart World Bundle - Wakan.ec","og_description":"La nueva consola Nintendo Switch 2 - Mario Kart World Bundle incluye el c\u00f3digo de descarga del tan esperado juego. Env\u00edo gratis en todo el Ecuador.","og_url":"https:\/\/wakan.ec\/index.php\/producto\/nintendo-switch-2-mario-kart-world-bundle\/","og_site_name":"Wakan.ec","article_publisher":"https:\/\/www.facebook.com\/wakantienda","article_modified_time":"2026-03-22T15:16:52+00:00","og_image":[{"width":1000,"height":1000,"url":"https:\/\/wakan.ec\/wp-content\/uploads\/2025\/08\/wp-17551132368383131916130832155064.png","type":"image\/png"}],"twitter_card":"summary_large_image","twitter_misc":{"Tiempo de lectura":"3 minutos"},"schema":{"@context":"https:\/\/schema.org","@graph":[{"@type":"WebPage","@id":"https:\/\/wakan.ec\/index.php\/producto\/nintendo-switch-2-mario-kart-world-bundle\/","url":"https:\/\/wakan.ec\/index.php\/producto\/nintendo-switch-2-mario-kart-world-bundle\/","name":"Nintendo Switch 2 - Mario Kart World Bundle - Wakan.ec","isPartOf":{"@id":"https:\/\/wakan.ec\/#website"},"primaryImageOfPage":{"@id":"https:\/\/wakan.ec\/index.php\/producto\/nintendo-switch-2-mario-kart-world-bundle\/#primaryimage"},"image":{"@id":"https:\/\/wakan.ec\/index.php\/producto\/nintendo-switch-2-mario-kart-world-bundle\/#primaryimage"},"thumbnailUrl":"https:\/\/wakan.ec\/wp-content\/uploads\/2025\/08\/wp-17551132368383131916130832155064.png","datePublished":"2025-08-05T17:08:54+00:00","dateModified":"2026-03-22T15:16:52+00:00","description":"La nueva consola Nintendo Switch 2 - Mario Kart World Bundle incluye el c\u00f3digo de descarga del tan esperado juego. Env\u00edo gratis en todo el Ecuador.","breadcrumb":{"@id":"https:\/\/wakan.ec\/index.php\/producto\/nintendo-switch-2-mario-kart-world-bundle\/#breadcrumb"},"inLanguage":"es","potentialAction":[{"@type":"ReadAction","target":["https:\/\/wakan.ec\/index.php\/producto\/nintendo-switch-2-mario-kart-world-bundle\/"]}]},{"@type":"ImageObject","inLanguage":"es","@id":"https:\/\/wakan.ec\/index.php\/producto\/nintendo-switch-2-mario-kart-world-bundle\/#primaryimage","url":"https:\/\/wakan.ec\/wp-content\/uploads\/2025\/08\/wp-17551132368383131916130832155064.png","contentUrl":"https:\/\/wakan.ec\/wp-content\/uploads\/2025\/08\/wp-17551132368383131916130832155064.png","width":1000,"height":1000,"caption":"Nintendo Switch 2 - Mario Kart World Bundle - Ecuador"},{"@type":"BreadcrumbList","@id":"https:\/\/wakan.ec\/index.php\/producto\/nintendo-switch-2-mario-kart-world-bundle\/#breadcrumb","itemListElement":[{"@type":"ListItem","position":1,"name":"Portada","item":"https:\/\/wakan.ec\/"},{"@type":"ListItem","position":2,"name":"Nintendo Switch 2 &#8211; Mario Kart World Bundle"}]},{"@type":"WebSite","@id":"https:\/\/wakan.ec\/#website","url":"https:\/\/wakan.ec\/","name":"Wakan.ec","description":"Tech - Fitness, entretenimiento y productividad.","publisher":{"@id":"https:\/\/wakan.ec\/#organization"},"potentialAction":[{"@type":"SearchAction","target":{"@type":"EntryPoint","urlTemplate":"https:\/\/wakan.ec\/?s={search_term_string}"},"query-input":{"@type":"PropertyValueSpecification","valueRequired":true,"valueName":"search_term_string"}}],"inLanguage":"es"},{"@type":"Organization","@id":"https:\/\/wakan.ec\/#organization","name":"Wak\u00e1n","url":"https:\/\/wakan.ec\/","logo":{"@type":"ImageObject","inLanguage":"es","@id":"https:\/\/wakan.ec\/#\/schema\/logo\/image\/","url":"https:\/\/wakan.ec\/wp-content\/uploads\/2021\/12\/wakan-Logo.png","contentUrl":"https:\/\/wakan.ec\/wp-content\/uploads\/2021\/12\/wakan-Logo.png","width":1080,"height":1080,"caption":"Wak\u00e1n"},"image":{"@id":"https:\/\/wakan.ec\/#\/schema\/logo\/image\/"},"sameAs":["https:\/\/www.facebook.com\/wakantienda","https:\/\/www.instagram.com\/wakantienda","https:\/\/www.youtube.com\/wakan"]}]}},"_links":{"self":[{"href":"https:\/\/wakan.ec\/index.php\/wp-json\/wp\/v2\/product\/3187","targetHints":{"allow":["GET"]}}],"collection":[{"href":"https:\/\/wakan.ec\/index.php\/wp-json\/wp\/v2\/product"}],"about":[{"href":"https:\/\/wakan.ec\/index.php\/wp-json\/wp\/v2\/types\/product"}],"replies":[{"embeddable":true,"href":"https:\/\/wakan.ec\/index.php\/wp-json\/wp\/v2\/comments?post=3187"}],"wp:featuredmedia":[{"embeddable":true,"href":"https:\/\/wakan.ec\/index.php\/wp-json\/wp\/v2\/media\/3200"}],"wp:attachment":[{"href":"https:\/\/wakan.ec\/index.php\/wp-json\/wp\/v2\/media?parent=3187"}],"wp:term":[{"taxonomy":"product_brand","embeddable":true,"href":"https:\/\/wakan.ec\/index.php\/wp-json\/wp\/v2\/product_brand?post=3187"},{"taxonomy":"product_cat","embeddable":true,"href":"https:\/\/wakan.ec\/index.php\/wp-json\/wp\/v2\/product_cat?post=3187"},{"taxonomy":"product_tag","embeddable":true,"href":"https:\/\/wakan.ec\/index.php\/wp-json\/wp\/v2\/product_tag?post=3187"}],"curies":[{"name":"wp","href":"https:\/\/api.w.org\/{rel}","templated":true}]}}