{"id":3148,"date":"2025-07-22T12:26:29","date_gmt":"2025-07-22T17:26:29","guid":{"rendered":"https:\/\/wakan.ec\/?post_type=product&#038;p=3148"},"modified":"2026-02-12T12:42:56","modified_gmt":"2026-02-12T17:42:56","slug":"god-of-war-ps4","status":"publish","type":"product","link":"https:\/\/wakan.ec\/index.php\/producto\/god-of-war-ps4\/","title":{"rendered":"God of War &#8211; PS4"},"content":{"rendered":"<p>God of War PS4 es una reinvenci\u00f3n impactante de la ic\u00f3nica serie que marca un nuevo comienzo para su protagonista Kratos.<\/p>\n<h4>Un nuevo comienzo<\/h4>\n<p>Kratos ahora vive una vida m\u00e1s tranquila en el reino de las deidades y monstruos n\u00f3rdicos. A\u00f1os despu\u00e9s de su venganza contra los Dioses del Olimpo.<\/p>\n<p>Kratos debe guiar a su hijo en un peligroso hasta la cima m\u00e1s alta de los reinos n\u00f3rdicos.<\/p>\n<p>Con su propia ira y su oscuro pasado en mente, Kratos deber\u00e1 sobrevivir y entender su propia naturaleza durante esta traves\u00eda.<\/p>\n<h4>Game of the Year<\/h4>\n<p>El <em>ganador del Game of the Year 2018 <\/em>fue aclamado por sus gr\u00e1ficos impresionantes, el dise\u00f1o de sonido, la banda sonora y un doblaje de voz excepcional.<\/p>\n<p>Kratos ahora utiliza el hacha de Leviat\u00e1n que puede lanzar y recuperar junto con su escudo y sus pu\u00f1os en un nuevo sistema de combate, visceral y t\u00e1ctico.<\/p>\n<p>La c\u00e1mara, que antes era fija y cinem\u00e1tica ahora es una perspectiva sobre el hombro acercando al jugador a la acci\u00f3n y ofreciendo un estilo de lucha m\u00e1s brutal.<\/p>\n<h4>Narrativa y exploraci\u00f3n<\/h4>\n<p>El juego se presenta en un plano de secuencia continuo, sin cortes de c\u00e1mara, ni pantallas de carga lo que contribuye a una experiencia cinematogr\u00e1fica fluida.<\/p>\n<p>Explora amplias \u00e1reas con multitud de secretos y misiones secundarias incluyendo las \u00e9picas batallas contra las valkirias.<\/p>\n<p>La relaci\u00f3n padre hijo es el coraz\u00f3n emocional del juego. Arrepentimiento, responsabilidad y el intento de Kratos por ser un mejor mentor.<\/p>\n<h4>En la caja<\/h4>\n<ul>\n<li>Disco <em>God of War &#8211; PS4<\/em><\/li>\n<li>Contenido promocional<\/li>\n<\/ul>\n","protected":false},"excerpt":{"rendered":"<p><em>A\u00f1os despu\u00e9s de su venganza contra los Dioses del Olimpo, Kratos vive una vida m\u00e1s tranquila en el reino de las deidades y monstruos n\u00f3rdicos.<\/em><\/p>\n<h4>Un nuevo comienzo<\/h4>\n<ul>\n<li>Vive el peligroso viaje a la cima m\u00e1s alta de los reinos n\u00f3rdicos.<\/li>\n<li>Enfrenta enemigos en combates viscerales y t\u00e1cticos.<\/li>\n<li>La perspectiva sobre el hombro acerca al jugador m\u00e1s a la acci\u00f3n.<\/li>\n<li>Experiencia cinematogr\u00e1fica sin pantallas de carga.<\/li>\n<li>Considerado una obra maestra que redefine la saga.<\/li>\n<\/ul>\n<h4>Rec\u00edbelo en todo el Ecuador<\/h4>\n<p>Estado: Nuevo<\/p>\n","protected":false},"featured_media":3152,"comment_status":"open","ping_status":"closed","template":"","meta":{"site-sidebar-layout":"default","site-content-layout":"","ast-site-content-layout":"default","site-content-style":"default","site-sidebar-style":"default","ast-global-header-display":"","ast-banner-title-visibility":"","ast-main-header-display":"","ast-hfb-above-header-display":"","ast-hfb-below-header-display":"","ast-hfb-mobile-header-display":"","site-post-title":"","ast-breadcrumbs-content":"","ast-featured-img":"","footer-sml-layout":"","ast-disable-related-posts":"","theme-transparent-header-meta":"default","adv-header-id-meta":"","stick-header-meta":"","header-above-stick-meta":"","header-main-stick-meta":"","header-below-stick-meta":"","astra-migrate-meta-layouts":"set","ast-page-background-enabled":"default","ast-page-background-meta":{"desktop":{"background-color":"","background-image":"","background-repeat":"repeat","background-position":"center center","background-size":"auto","background-attachment":"scroll","background-type":"","background-media":"","overlay-type":"","overlay-color":"","overlay-opacity":"","overlay-gradient":""},"tablet":{"background-color":"","background-image":"","background-repeat":"repeat","background-position":"center center","background-size":"auto","background-attachment":"scroll","background-type":"","background-media":"","overlay-type":"","overlay-color":"","overlay-opacity":"","overlay-gradient":""},"mobile":{"background-color":"","background-image":"","background-repeat":"repeat","background-position":"center center","background-size":"auto","background-attachment":"scroll","background-type":"","background-media":"","overlay-type":"","overlay-color":"","overlay-opacity":"","overlay-gradient":""}},"ast-content-background-meta":{"desktop":{"background-color":"var(--ast-global-color-5)","background-image":"","background-repeat":"repeat","background-position":"center center","background-size":"auto","background-attachment":"scroll","background-type":"","background-media":"","overlay-type":"","overlay-color":"","overlay-opacity":"","overlay-gradient":""},"tablet":{"background-color":"var(--ast-global-color-5)","background-image":"","background-repeat":"repeat","background-position":"center center","background-size":"auto","background-attachment":"scroll","background-type":"","background-media":"","overlay-type":"","overlay-color":"","overlay-opacity":"","overlay-gradient":""},"mobile":{"background-color":"var(--ast-global-color-5)","background-image":"","background-repeat":"repeat","background-position":"center center","background-size":"auto","background-attachment":"scroll","background-type":"","background-media":"","overlay-type":"","overlay-color":"","overlay-opacity":"","overlay-gradient":""}}},"product_brand":[],"product_cat":[242],"product_tag":[],"class_list":{"0":"post-3148","1":"product","2":"type-product","3":"status-publish","4":"has-post-thumbnail","6":"product_cat-ps4","7":"desktop-align-left","8":"tablet-align-left","9":"mobile-align-left","11":"first","12":"instock","13":"sale","14":"purchasable","15":"product-type-simple"},"yoast_head":"<!-- This site is optimized with the Yoast SEO plugin v27.3 - https:\/\/yoast.com\/product\/yoast-seo-wordpress\/ -->\n<title>God of War - PS4 - Wakan.ec<\/title>\n<meta name=\"description\" content=\"Una obra maestra que redefine la saga, acompa\u00f1a a Kratos hasta la cima m\u00e1s alta del reino junto con Atreus. Recibe God of War PS4 en todo el Ecuador.\" \/>\n<meta name=\"robots\" content=\"index, follow, max-snippet:-1, max-image-preview:large, max-video-preview:-1\" \/>\n<link rel=\"canonical\" href=\"https:\/\/wakan.ec\/index.php\/producto\/god-of-war-ps4\/\" \/>\n<meta property=\"og:locale\" content=\"es_ES\" \/>\n<meta property=\"og:type\" content=\"article\" \/>\n<meta property=\"og:title\" content=\"God of War - PS4 - Wakan.ec\" \/>\n<meta property=\"og:description\" content=\"Una obra maestra que redefine la saga, acompa\u00f1a a Kratos hasta la cima m\u00e1s alta del reino junto con Atreus. Recibe God of War PS4 en todo el Ecuador.\" \/>\n<meta property=\"og:url\" content=\"https:\/\/wakan.ec\/index.php\/producto\/god-of-war-ps4\/\" \/>\n<meta property=\"og:site_name\" content=\"Wakan.ec\" \/>\n<meta property=\"article:publisher\" content=\"https:\/\/www.facebook.com\/wakantienda\" \/>\n<meta property=\"article:modified_time\" content=\"2026-02-12T17:42:56+00:00\" \/>\n<meta property=\"og:image\" content=\"https:\/\/wakan.ec\/wp-content\/uploads\/2025\/07\/wp-17532927002596831350950820068452.png\" \/>\n\t<meta property=\"og:image:width\" content=\"1000\" \/>\n\t<meta property=\"og:image:height\" content=\"1000\" \/>\n\t<meta property=\"og:image:type\" content=\"image\/png\" \/>\n<meta name=\"twitter:card\" content=\"summary_large_image\" \/>\n<meta name=\"twitter:label1\" content=\"Tiempo de lectura\" \/>\n\t<meta name=\"twitter:data1\" content=\"2 minutos\" \/>\n<script type=\"application\/ld+json\" class=\"yoast-schema-graph\">{\"@context\":\"https:\\\/\\\/schema.org\",\"@graph\":[{\"@type\":\"WebPage\",\"@id\":\"https:\\\/\\\/wakan.ec\\\/index.php\\\/producto\\\/god-of-war-ps4\\\/\",\"url\":\"https:\\\/\\\/wakan.ec\\\/index.php\\\/producto\\\/god-of-war-ps4\\\/\",\"name\":\"God of War - PS4 - Wakan.ec\",\"isPartOf\":{\"@id\":\"https:\\\/\\\/wakan.ec\\\/#website\"},\"primaryImageOfPage\":{\"@id\":\"https:\\\/\\\/wakan.ec\\\/index.php\\\/producto\\\/god-of-war-ps4\\\/#primaryimage\"},\"image\":{\"@id\":\"https:\\\/\\\/wakan.ec\\\/index.php\\\/producto\\\/god-of-war-ps4\\\/#primaryimage\"},\"thumbnailUrl\":\"https:\\\/\\\/wakan.ec\\\/wp-content\\\/uploads\\\/2025\\\/07\\\/wp-17532927002596831350950820068452.png\",\"datePublished\":\"2025-07-22T17:26:29+00:00\",\"dateModified\":\"2026-02-12T17:42:56+00:00\",\"description\":\"Una obra maestra que redefine la saga, acompa\u00f1a a Kratos hasta la cima m\u00e1s alta del reino junto con Atreus. Recibe God of War PS4 en todo el Ecuador.\",\"breadcrumb\":{\"@id\":\"https:\\\/\\\/wakan.ec\\\/index.php\\\/producto\\\/god-of-war-ps4\\\/#breadcrumb\"},\"inLanguage\":\"es\",\"potentialAction\":[{\"@type\":\"ReadAction\",\"target\":[\"https:\\\/\\\/wakan.ec\\\/index.php\\\/producto\\\/god-of-war-ps4\\\/\"]}]},{\"@type\":\"ImageObject\",\"inLanguage\":\"es\",\"@id\":\"https:\\\/\\\/wakan.ec\\\/index.php\\\/producto\\\/god-of-war-ps4\\\/#primaryimage\",\"url\":\"https:\\\/\\\/wakan.ec\\\/wp-content\\\/uploads\\\/2025\\\/07\\\/wp-17532927002596831350950820068452.png\",\"contentUrl\":\"https:\\\/\\\/wakan.ec\\\/wp-content\\\/uploads\\\/2025\\\/07\\\/wp-17532927002596831350950820068452.png\",\"width\":1000,\"height\":1000,\"caption\":\"God of War - PS4 - Ecuador\"},{\"@type\":\"BreadcrumbList\",\"@id\":\"https:\\\/\\\/wakan.ec\\\/index.php\\\/producto\\\/god-of-war-ps4\\\/#breadcrumb\",\"itemListElement\":[{\"@type\":\"ListItem\",\"position\":1,\"name\":\"Portada\",\"item\":\"https:\\\/\\\/wakan.ec\\\/\"},{\"@type\":\"ListItem\",\"position\":2,\"name\":\"Wakan.ec\",\"item\":\"https:\\\/\\\/wakan.ec\\\/\"},{\"@type\":\"ListItem\",\"position\":3,\"name\":\"God of War &#8211; PS4\"}]},{\"@type\":\"WebSite\",\"@id\":\"https:\\\/\\\/wakan.ec\\\/#website\",\"url\":\"https:\\\/\\\/wakan.ec\\\/\",\"name\":\"Wakan.ec\",\"description\":\"Tech - Fitness, entretenimiento y productividad.\",\"publisher\":{\"@id\":\"https:\\\/\\\/wakan.ec\\\/#organization\"},\"potentialAction\":[{\"@type\":\"SearchAction\",\"target\":{\"@type\":\"EntryPoint\",\"urlTemplate\":\"https:\\\/\\\/wakan.ec\\\/?s={search_term_string}\"},\"query-input\":{\"@type\":\"PropertyValueSpecification\",\"valueRequired\":true,\"valueName\":\"search_term_string\"}}],\"inLanguage\":\"es\"},{\"@type\":\"Organization\",\"@id\":\"https:\\\/\\\/wakan.ec\\\/#organization\",\"name\":\"Wak\u00e1n\",\"url\":\"https:\\\/\\\/wakan.ec\\\/\",\"logo\":{\"@type\":\"ImageObject\",\"inLanguage\":\"es\",\"@id\":\"https:\\\/\\\/wakan.ec\\\/#\\\/schema\\\/logo\\\/image\\\/\",\"url\":\"https:\\\/\\\/wakan.ec\\\/wp-content\\\/uploads\\\/2021\\\/12\\\/wakan-Logo.png\",\"contentUrl\":\"https:\\\/\\\/wakan.ec\\\/wp-content\\\/uploads\\\/2021\\\/12\\\/wakan-Logo.png\",\"width\":1080,\"height\":1080,\"caption\":\"Wak\u00e1n\"},\"image\":{\"@id\":\"https:\\\/\\\/wakan.ec\\\/#\\\/schema\\\/logo\\\/image\\\/\"},\"sameAs\":[\"https:\\\/\\\/www.facebook.com\\\/wakantienda\",\"https:\\\/\\\/www.instagram.com\\\/wakantienda\",\"https:\\\/\\\/www.youtube.com\\\/wakan\"]}]}<\/script>\n<!-- \/ Yoast SEO plugin. -->","yoast_head_json":{"title":"God of War - PS4 - Wakan.ec","description":"Una obra maestra que redefine la saga, acompa\u00f1a a Kratos hasta la cima m\u00e1s alta del reino junto con Atreus. Recibe God of War PS4 en todo el Ecuador.","robots":{"index":"index","follow":"follow","max-snippet":"max-snippet:-1","max-image-preview":"max-image-preview:large","max-video-preview":"max-video-preview:-1"},"canonical":"https:\/\/wakan.ec\/index.php\/producto\/god-of-war-ps4\/","og_locale":"es_ES","og_type":"article","og_title":"God of War - PS4 - Wakan.ec","og_description":"Una obra maestra que redefine la saga, acompa\u00f1a a Kratos hasta la cima m\u00e1s alta del reino junto con Atreus. Recibe God of War PS4 en todo el Ecuador.","og_url":"https:\/\/wakan.ec\/index.php\/producto\/god-of-war-ps4\/","og_site_name":"Wakan.ec","article_publisher":"https:\/\/www.facebook.com\/wakantienda","article_modified_time":"2026-02-12T17:42:56+00:00","og_image":[{"width":1000,"height":1000,"url":"https:\/\/wakan.ec\/wp-content\/uploads\/2025\/07\/wp-17532927002596831350950820068452.png","type":"image\/png"}],"twitter_card":"summary_large_image","twitter_misc":{"Tiempo de lectura":"2 minutos"},"schema":{"@context":"https:\/\/schema.org","@graph":[{"@type":"WebPage","@id":"https:\/\/wakan.ec\/index.php\/producto\/god-of-war-ps4\/","url":"https:\/\/wakan.ec\/index.php\/producto\/god-of-war-ps4\/","name":"God of War - PS4 - Wakan.ec","isPartOf":{"@id":"https:\/\/wakan.ec\/#website"},"primaryImageOfPage":{"@id":"https:\/\/wakan.ec\/index.php\/producto\/god-of-war-ps4\/#primaryimage"},"image":{"@id":"https:\/\/wakan.ec\/index.php\/producto\/god-of-war-ps4\/#primaryimage"},"thumbnailUrl":"https:\/\/wakan.ec\/wp-content\/uploads\/2025\/07\/wp-17532927002596831350950820068452.png","datePublished":"2025-07-22T17:26:29+00:00","dateModified":"2026-02-12T17:42:56+00:00","description":"Una obra maestra que redefine la saga, acompa\u00f1a a Kratos hasta la cima m\u00e1s alta del reino junto con Atreus. Recibe God of War PS4 en todo el Ecuador.","breadcrumb":{"@id":"https:\/\/wakan.ec\/index.php\/producto\/god-of-war-ps4\/#breadcrumb"},"inLanguage":"es","potentialAction":[{"@type":"ReadAction","target":["https:\/\/wakan.ec\/index.php\/producto\/god-of-war-ps4\/"]}]},{"@type":"ImageObject","inLanguage":"es","@id":"https:\/\/wakan.ec\/index.php\/producto\/god-of-war-ps4\/#primaryimage","url":"https:\/\/wakan.ec\/wp-content\/uploads\/2025\/07\/wp-17532927002596831350950820068452.png","contentUrl":"https:\/\/wakan.ec\/wp-content\/uploads\/2025\/07\/wp-17532927002596831350950820068452.png","width":1000,"height":1000,"caption":"God of War - PS4 - Ecuador"},{"@type":"BreadcrumbList","@id":"https:\/\/wakan.ec\/index.php\/producto\/god-of-war-ps4\/#breadcrumb","itemListElement":[{"@type":"ListItem","position":1,"name":"Portada","item":"https:\/\/wakan.ec\/"},{"@type":"ListItem","position":2,"name":"Wakan.ec","item":"https:\/\/wakan.ec\/"},{"@type":"ListItem","position":3,"name":"God of War &#8211; PS4"}]},{"@type":"WebSite","@id":"https:\/\/wakan.ec\/#website","url":"https:\/\/wakan.ec\/","name":"Wakan.ec","description":"Tech - Fitness, entretenimiento y productividad.","publisher":{"@id":"https:\/\/wakan.ec\/#organization"},"potentialAction":[{"@type":"SearchAction","target":{"@type":"EntryPoint","urlTemplate":"https:\/\/wakan.ec\/?s={search_term_string}"},"query-input":{"@type":"PropertyValueSpecification","valueRequired":true,"valueName":"search_term_string"}}],"inLanguage":"es"},{"@type":"Organization","@id":"https:\/\/wakan.ec\/#organization","name":"Wak\u00e1n","url":"https:\/\/wakan.ec\/","logo":{"@type":"ImageObject","inLanguage":"es","@id":"https:\/\/wakan.ec\/#\/schema\/logo\/image\/","url":"https:\/\/wakan.ec\/wp-content\/uploads\/2021\/12\/wakan-Logo.png","contentUrl":"https:\/\/wakan.ec\/wp-content\/uploads\/2021\/12\/wakan-Logo.png","width":1080,"height":1080,"caption":"Wak\u00e1n"},"image":{"@id":"https:\/\/wakan.ec\/#\/schema\/logo\/image\/"},"sameAs":["https:\/\/www.facebook.com\/wakantienda","https:\/\/www.instagram.com\/wakantienda","https:\/\/www.youtube.com\/wakan"]}]}},"_links":{"self":[{"href":"https:\/\/wakan.ec\/index.php\/wp-json\/wp\/v2\/product\/3148","targetHints":{"allow":["GET"]}}],"collection":[{"href":"https:\/\/wakan.ec\/index.php\/wp-json\/wp\/v2\/product"}],"about":[{"href":"https:\/\/wakan.ec\/index.php\/wp-json\/wp\/v2\/types\/product"}],"replies":[{"embeddable":true,"href":"https:\/\/wakan.ec\/index.php\/wp-json\/wp\/v2\/comments?post=3148"}],"wp:featuredmedia":[{"embeddable":true,"href":"https:\/\/wakan.ec\/index.php\/wp-json\/wp\/v2\/media\/3152"}],"wp:attachment":[{"href":"https:\/\/wakan.ec\/index.php\/wp-json\/wp\/v2\/media?parent=3148"}],"wp:term":[{"taxonomy":"product_brand","embeddable":true,"href":"https:\/\/wakan.ec\/index.php\/wp-json\/wp\/v2\/product_brand?post=3148"},{"taxonomy":"product_cat","embeddable":true,"href":"https:\/\/wakan.ec\/index.php\/wp-json\/wp\/v2\/product_cat?post=3148"},{"taxonomy":"product_tag","embeddable":true,"href":"https:\/\/wakan.ec\/index.php\/wp-json\/wp\/v2\/product_tag?post=3148"}],"curies":[{"name":"wp","href":"https:\/\/api.w.org\/{rel}","templated":true}]}}