{"id":3024,"date":"2025-06-02T17:38:54","date_gmt":"2025-06-02T22:38:54","guid":{"rendered":"https:\/\/wakan.ec\/?post_type=product&#038;p=3024"},"modified":"2026-04-07T12:05:40","modified_gmt":"2026-04-07T17:05:40","slug":"huawei-watch-fit-4-pro-azul-invernal","status":"publish","type":"product","link":"https:\/\/wakan.ec\/index.php\/producto\/huawei-watch-fit-4-pro-azul-invernal\/","title":{"rendered":"Huawei Watch Fit 4 Pro &#8211; Az\u00fal Invernal"},"content":{"rendered":"<p>El Huawei Watch Fit 4 Pro Az\u00fal invernal te brinda la resistencia que necesitas para tus aventuras. Est\u00e1 fabricado con marco de aluminio y cristal de zafiro.<\/p>\n<h4>Experiencia excepcional<\/h4>\n<p>Nada opaca la deslumbrante pantalla de <em>3000 nits de brillo<\/em> que se mantiene n\u00edtida bajo las luces m\u00e1s brillantes.<\/p>\n<p>Su cuerpo aerodin\u00e1mico de 9.3 mm pesa tan solo 30.4 gramos, y su fascinante dise\u00f1o 3D es <em>m\u00e1s resistente que nunca<\/em> con triple protecci\u00f3n.<\/p>\n<p><em>Sumergible hasta 40 metros<\/em> con alta resistencia al agua, certificaci\u00f3n EN13319 para buceo e IP6X grado de protecci\u00f3n contra el polvo.<\/p>\n<h4>Entrenamiento inteligente<\/h4>\n<p><em>Corre de forma m\u00e1s inteligente<\/em> con informaci\u00f3n ambiental y datos meteorol\u00f3gicos con el nuevo bar\u00f3metro y el sistema de posicionamiento Huawei Sunflower.<\/p>\n<p>Construye tu ruta con el mapa y mira las condiciones de tu cuerpo en base a los datos y recomendaciones.<\/p>\n<p>Golpes m\u00e1s precisos con medici\u00f3n inteligente de distancias y datos del viento y las direcciones del green para tus entrenamientos de <em>Golf<\/em>.<\/p>\n<p><em>Mejora tu capacidad de inmersi\u00f3n<\/em> con funciones como el temporizador y la identificaci\u00f3n del tipo de agua en tus entrenamientos de buceo.<\/p>\n<h4>Fitness <em>Pro<\/em><\/h4>\n<p>Nuevas experiencias de entrenamiento como alpinismo senderismo esqu\u00ed y triatlones con el nuevo y mejorado bar\u00f3metro.<\/p>\n<p>La se\u00f1al del sat\u00e9lite garantiza un mejor posicionamiento durante tus carreras, caminatas y paseos en bicicleta.<\/p>\n<p>Entrenamientos acu\u00e1ticos como surf, vela, rafting, navegaci\u00f3n y kayak.<\/p>\n<p>Haz que tus datos de ingesta y d\u00e9ficit de calor\u00edas se cuenten por ti con la app Stay Fit que registra directamente en el reloj con la nueva biblioteca de alimentos.<\/p>\n<h4>Salud <em>Digital<\/em><\/h4>\n<p>Huawei TruSense, salud digital m\u00e1s accesible y completa. El reloj mide constantes y sistemas vitales con mayor velocidad y precisi\u00f3n.<\/p>\n<p>Seguimiento de la <em>salud del sue\u00f1o<\/em> con m\u00e9tricas de alto nivel como frecuencia card\u00edaca y respiratoria, niveles de Spo2, alertas de apneas y VFC media.<\/p>\n<p>An\u00e1lisis de <em>ECG, alertas de arritmias<\/em> por ondas de pulso, seguimiento del ciclo menstrual.<\/p>\n<p>La app de <em>bienestar emocional<\/em> con esferas animadas vigila tus emociones y ofrece un nuevo nivel de informaci\u00f3n sobre tu bienestar general.<\/p>\n<h4>Productividad en tu mu\u00f1eca<\/h4>\n<p>Compatible con <em>iOS y Android<\/em>. Almacena tus ideas con el bloc de notas de voz, responder los mensajes con respuestas r\u00e1pidas y contesta llamadas por Bluetooth.<\/p>\n<p>Haz capturas de pantalla, toma fotograf\u00edas a distancia y crea esferas de reloj personalizadas.<\/p>\n<p>Consigue un d\u00eda entero de energ\u00eda tras 10 minutos de carga gracias a la segunda generaci\u00f3n del Huawei Watch Wireless Supercharge.<\/p>\n<p>Carga por completo en 60 minutos y disfruta hasta 10 d\u00edas de duraci\u00f3n de la bater\u00eda y 7 d\u00edas de duraci\u00f3n t\u00edpica.<\/p>\n<h4>En la caja<\/h4>\n<ul>\n<li>Huawei Watch Fit 4 Pro &#8211; Az\u00fal Invernal <em>x1<\/em><\/li>\n<li>Pin de carga <em>x1<\/em><\/li>\n<li>Gu\u00eda de usuario <em>x1<\/em><\/li>\n<li>Tarjeta de garant\u00eda <em>x1<\/em><\/li>\n<\/ul>\n","protected":false},"excerpt":{"rendered":"<p><em>Ligero y superresistente, sum\u00e9rgete con la correa hecha para desafiar las olas.<\/em><\/p>\n<h4>Mu\u00e9vete con actitud<\/h4>\n<ul>\n<li>Cristal de zafiro y bisel de titanio.<\/li>\n<li>Cuerpo de aluminio superresistente.<\/li>\n<li>Deportes al aire libre de nivel profesional.<\/li>\n<li>Medici\u00f3n de constantes vitales.<\/li>\n<li>Compatible con iOS, Android y Huawei.<\/li>\n<\/ul>\n<h4>Disponible para todo el Ecuador.<\/h4>\n<p>Estado: Nuevo\/Sellado<\/p>\n","protected":false},"featured_media":3020,"comment_status":"open","ping_status":"closed","template":"","meta":{"site-sidebar-layout":"default","site-content-layout":"","ast-site-content-layout":"default","site-content-style":"default","site-sidebar-style":"default","ast-global-header-display":"","ast-banner-title-visibility":"","ast-main-header-display":"","ast-hfb-above-header-display":"","ast-hfb-below-header-display":"","ast-hfb-mobile-header-display":"","site-post-title":"","ast-breadcrumbs-content":"","ast-featured-img":"","footer-sml-layout":"","ast-disable-related-posts":"","theme-transparent-header-meta":"default","adv-header-id-meta":"","stick-header-meta":"","header-above-stick-meta":"","header-main-stick-meta":"","header-below-stick-meta":"","astra-migrate-meta-layouts":"set","ast-page-background-enabled":"default","ast-page-background-meta":{"desktop":{"background-color":"","background-image":"","background-repeat":"repeat","background-position":"center center","background-size":"auto","background-attachment":"scroll","background-type":"","background-media":"","overlay-type":"","overlay-color":"","overlay-opacity":"","overlay-gradient":""},"tablet":{"background-color":"","background-image":"","background-repeat":"repeat","background-position":"center center","background-size":"auto","background-attachment":"scroll","background-type":"","background-media":"","overlay-type":"","overlay-color":"","overlay-opacity":"","overlay-gradient":""},"mobile":{"background-color":"","background-image":"","background-repeat":"repeat","background-position":"center center","background-size":"auto","background-attachment":"scroll","background-type":"","background-media":"","overlay-type":"","overlay-color":"","overlay-opacity":"","overlay-gradient":""}},"ast-content-background-meta":{"desktop":{"background-color":"var(--ast-global-color-5)","background-image":"","background-repeat":"repeat","background-position":"center center","background-size":"auto","background-attachment":"scroll","background-type":"","background-media":"","overlay-type":"","overlay-color":"","overlay-opacity":"","overlay-gradient":""},"tablet":{"background-color":"var(--ast-global-color-5)","background-image":"","background-repeat":"repeat","background-position":"center center","background-size":"auto","background-attachment":"scroll","background-type":"","background-media":"","overlay-type":"","overlay-color":"","overlay-opacity":"","overlay-gradient":""},"mobile":{"background-color":"var(--ast-global-color-5)","background-image":"","background-repeat":"repeat","background-position":"center center","background-size":"auto","background-attachment":"scroll","background-type":"","background-media":"","overlay-type":"","overlay-color":"","overlay-opacity":"","overlay-gradient":""}}},"product_brand":[],"product_cat":[231],"product_tag":[],"class_list":{"0":"post-3024","1":"product","2":"type-product","3":"status-publish","4":"has-post-thumbnail","6":"product_cat-huawei-watch-fit-4-pro","7":"desktop-align-left","8":"tablet-align-left","9":"mobile-align-left","11":"first","12":"instock","13":"sale","14":"featured","15":"purchasable","16":"product-type-simple"},"yoast_head":"<!-- This site is optimized with the Yoast SEO plugin v27.3 - https:\/\/yoast.com\/product\/yoast-seo-wordpress\/ -->\n<title>Huawei Watch Fit 4 Pro - Az\u00fal Invernal - Wakan.ec<\/title>\n<meta name=\"description\" content=\"El Huawei Watch Fit 4 Pro Az\u00fal invernal te brinda la resistencia que necesitas para tus aventuras en tierra y mar. Rec\u00edbelo en todo el Ecuador.\" \/>\n<meta name=\"robots\" content=\"index, follow, max-snippet:-1, max-image-preview:large, max-video-preview:-1\" \/>\n<link rel=\"canonical\" href=\"https:\/\/wakan.ec\/index.php\/producto\/huawei-watch-fit-4-pro-azul-invernal\/\" \/>\n<meta property=\"og:locale\" content=\"es_ES\" \/>\n<meta property=\"og:type\" content=\"article\" \/>\n<meta property=\"og:title\" content=\"Huawei Watch Fit 4 Pro - Az\u00fal Invernal - Wakan.ec\" \/>\n<meta property=\"og:description\" content=\"El Huawei Watch Fit 4 Pro Az\u00fal invernal te brinda la resistencia que necesitas para tus aventuras en tierra y mar. Rec\u00edbelo en todo el Ecuador.\" \/>\n<meta property=\"og:url\" content=\"https:\/\/wakan.ec\/index.php\/producto\/huawei-watch-fit-4-pro-azul-invernal\/\" \/>\n<meta property=\"og:site_name\" content=\"Wakan.ec\" \/>\n<meta property=\"article:publisher\" content=\"https:\/\/www.facebook.com\/wakantienda\" \/>\n<meta property=\"article:modified_time\" content=\"2026-04-07T17:05:40+00:00\" \/>\n<meta property=\"og:image\" content=\"https:\/\/wakan.ec\/wp-content\/uploads\/2025\/06\/wp-1748884854351183202048573659765.png\" \/>\n\t<meta property=\"og:image:width\" content=\"1000\" \/>\n\t<meta property=\"og:image:height\" content=\"1000\" \/>\n\t<meta property=\"og:image:type\" content=\"image\/png\" \/>\n<meta name=\"twitter:card\" content=\"summary_large_image\" \/>\n<meta name=\"twitter:label1\" content=\"Tiempo de lectura\" \/>\n\t<meta name=\"twitter:data1\" content=\"3 minutos\" \/>\n<script type=\"application\/ld+json\" class=\"yoast-schema-graph\">{\"@context\":\"https:\\\/\\\/schema.org\",\"@graph\":[{\"@type\":\"WebPage\",\"@id\":\"https:\\\/\\\/wakan.ec\\\/index.php\\\/producto\\\/huawei-watch-fit-4-pro-azul-invernal\\\/\",\"url\":\"https:\\\/\\\/wakan.ec\\\/index.php\\\/producto\\\/huawei-watch-fit-4-pro-azul-invernal\\\/\",\"name\":\"Huawei Watch Fit 4 Pro - Az\u00fal Invernal - Wakan.ec\",\"isPartOf\":{\"@id\":\"https:\\\/\\\/wakan.ec\\\/#website\"},\"primaryImageOfPage\":{\"@id\":\"https:\\\/\\\/wakan.ec\\\/index.php\\\/producto\\\/huawei-watch-fit-4-pro-azul-invernal\\\/#primaryimage\"},\"image\":{\"@id\":\"https:\\\/\\\/wakan.ec\\\/index.php\\\/producto\\\/huawei-watch-fit-4-pro-azul-invernal\\\/#primaryimage\"},\"thumbnailUrl\":\"https:\\\/\\\/wakan.ec\\\/wp-content\\\/uploads\\\/2025\\\/06\\\/wp-1748884854351183202048573659765.png\",\"datePublished\":\"2025-06-02T22:38:54+00:00\",\"dateModified\":\"2026-04-07T17:05:40+00:00\",\"description\":\"El Huawei Watch Fit 4 Pro Az\u00fal invernal te brinda la resistencia que necesitas para tus aventuras en tierra y mar. Rec\u00edbelo en todo el Ecuador.\",\"breadcrumb\":{\"@id\":\"https:\\\/\\\/wakan.ec\\\/index.php\\\/producto\\\/huawei-watch-fit-4-pro-azul-invernal\\\/#breadcrumb\"},\"inLanguage\":\"es\",\"potentialAction\":[{\"@type\":\"ReadAction\",\"target\":[\"https:\\\/\\\/wakan.ec\\\/index.php\\\/producto\\\/huawei-watch-fit-4-pro-azul-invernal\\\/\"]}]},{\"@type\":\"ImageObject\",\"inLanguage\":\"es\",\"@id\":\"https:\\\/\\\/wakan.ec\\\/index.php\\\/producto\\\/huawei-watch-fit-4-pro-azul-invernal\\\/#primaryimage\",\"url\":\"https:\\\/\\\/wakan.ec\\\/wp-content\\\/uploads\\\/2025\\\/06\\\/wp-1748884854351183202048573659765.png\",\"contentUrl\":\"https:\\\/\\\/wakan.ec\\\/wp-content\\\/uploads\\\/2025\\\/06\\\/wp-1748884854351183202048573659765.png\",\"width\":1000,\"height\":1000,\"caption\":\"Huawei Watch Fit 4 Pro - Az\u00fal Invernal\"},{\"@type\":\"BreadcrumbList\",\"@id\":\"https:\\\/\\\/wakan.ec\\\/index.php\\\/producto\\\/huawei-watch-fit-4-pro-azul-invernal\\\/#breadcrumb\",\"itemListElement\":[{\"@type\":\"ListItem\",\"position\":1,\"name\":\"Portada\",\"item\":\"https:\\\/\\\/wakan.ec\\\/\"},{\"@type\":\"ListItem\",\"position\":2,\"name\":\"Wakan.ec\",\"item\":\"https:\\\/\\\/wakan.ec\\\/\"},{\"@type\":\"ListItem\",\"position\":3,\"name\":\"Huawei Watch Fit 4 Pro &#8211; Az\u00fal Invernal\"}]},{\"@type\":\"WebSite\",\"@id\":\"https:\\\/\\\/wakan.ec\\\/#website\",\"url\":\"https:\\\/\\\/wakan.ec\\\/\",\"name\":\"Wakan.ec\",\"description\":\"Tech - Fitness, entretenimiento y productividad.\",\"publisher\":{\"@id\":\"https:\\\/\\\/wakan.ec\\\/#organization\"},\"potentialAction\":[{\"@type\":\"SearchAction\",\"target\":{\"@type\":\"EntryPoint\",\"urlTemplate\":\"https:\\\/\\\/wakan.ec\\\/?s={search_term_string}\"},\"query-input\":{\"@type\":\"PropertyValueSpecification\",\"valueRequired\":true,\"valueName\":\"search_term_string\"}}],\"inLanguage\":\"es\"},{\"@type\":\"Organization\",\"@id\":\"https:\\\/\\\/wakan.ec\\\/#organization\",\"name\":\"Wak\u00e1n\",\"url\":\"https:\\\/\\\/wakan.ec\\\/\",\"logo\":{\"@type\":\"ImageObject\",\"inLanguage\":\"es\",\"@id\":\"https:\\\/\\\/wakan.ec\\\/#\\\/schema\\\/logo\\\/image\\\/\",\"url\":\"https:\\\/\\\/wakan.ec\\\/wp-content\\\/uploads\\\/2021\\\/12\\\/wakan-Logo.png\",\"contentUrl\":\"https:\\\/\\\/wakan.ec\\\/wp-content\\\/uploads\\\/2021\\\/12\\\/wakan-Logo.png\",\"width\":1080,\"height\":1080,\"caption\":\"Wak\u00e1n\"},\"image\":{\"@id\":\"https:\\\/\\\/wakan.ec\\\/#\\\/schema\\\/logo\\\/image\\\/\"},\"sameAs\":[\"https:\\\/\\\/www.facebook.com\\\/wakantienda\",\"https:\\\/\\\/www.instagram.com\\\/wakantienda\",\"https:\\\/\\\/www.youtube.com\\\/wakan\"]}]}<\/script>\n<!-- \/ Yoast SEO plugin. -->","yoast_head_json":{"title":"Huawei Watch Fit 4 Pro - Az\u00fal Invernal - Wakan.ec","description":"El Huawei Watch Fit 4 Pro Az\u00fal invernal te brinda la resistencia que necesitas para tus aventuras en tierra y mar. Rec\u00edbelo en todo el Ecuador.","robots":{"index":"index","follow":"follow","max-snippet":"max-snippet:-1","max-image-preview":"max-image-preview:large","max-video-preview":"max-video-preview:-1"},"canonical":"https:\/\/wakan.ec\/index.php\/producto\/huawei-watch-fit-4-pro-azul-invernal\/","og_locale":"es_ES","og_type":"article","og_title":"Huawei Watch Fit 4 Pro - Az\u00fal Invernal - Wakan.ec","og_description":"El Huawei Watch Fit 4 Pro Az\u00fal invernal te brinda la resistencia que necesitas para tus aventuras en tierra y mar. Rec\u00edbelo en todo el Ecuador.","og_url":"https:\/\/wakan.ec\/index.php\/producto\/huawei-watch-fit-4-pro-azul-invernal\/","og_site_name":"Wakan.ec","article_publisher":"https:\/\/www.facebook.com\/wakantienda","article_modified_time":"2026-04-07T17:05:40+00:00","og_image":[{"width":1000,"height":1000,"url":"https:\/\/wakan.ec\/wp-content\/uploads\/2025\/06\/wp-1748884854351183202048573659765.png","type":"image\/png"}],"twitter_card":"summary_large_image","twitter_misc":{"Tiempo de lectura":"3 minutos"},"schema":{"@context":"https:\/\/schema.org","@graph":[{"@type":"WebPage","@id":"https:\/\/wakan.ec\/index.php\/producto\/huawei-watch-fit-4-pro-azul-invernal\/","url":"https:\/\/wakan.ec\/index.php\/producto\/huawei-watch-fit-4-pro-azul-invernal\/","name":"Huawei Watch Fit 4 Pro - Az\u00fal Invernal - Wakan.ec","isPartOf":{"@id":"https:\/\/wakan.ec\/#website"},"primaryImageOfPage":{"@id":"https:\/\/wakan.ec\/index.php\/producto\/huawei-watch-fit-4-pro-azul-invernal\/#primaryimage"},"image":{"@id":"https:\/\/wakan.ec\/index.php\/producto\/huawei-watch-fit-4-pro-azul-invernal\/#primaryimage"},"thumbnailUrl":"https:\/\/wakan.ec\/wp-content\/uploads\/2025\/06\/wp-1748884854351183202048573659765.png","datePublished":"2025-06-02T22:38:54+00:00","dateModified":"2026-04-07T17:05:40+00:00","description":"El Huawei Watch Fit 4 Pro Az\u00fal invernal te brinda la resistencia que necesitas para tus aventuras en tierra y mar. Rec\u00edbelo en todo el Ecuador.","breadcrumb":{"@id":"https:\/\/wakan.ec\/index.php\/producto\/huawei-watch-fit-4-pro-azul-invernal\/#breadcrumb"},"inLanguage":"es","potentialAction":[{"@type":"ReadAction","target":["https:\/\/wakan.ec\/index.php\/producto\/huawei-watch-fit-4-pro-azul-invernal\/"]}]},{"@type":"ImageObject","inLanguage":"es","@id":"https:\/\/wakan.ec\/index.php\/producto\/huawei-watch-fit-4-pro-azul-invernal\/#primaryimage","url":"https:\/\/wakan.ec\/wp-content\/uploads\/2025\/06\/wp-1748884854351183202048573659765.png","contentUrl":"https:\/\/wakan.ec\/wp-content\/uploads\/2025\/06\/wp-1748884854351183202048573659765.png","width":1000,"height":1000,"caption":"Huawei Watch Fit 4 Pro - Az\u00fal Invernal"},{"@type":"BreadcrumbList","@id":"https:\/\/wakan.ec\/index.php\/producto\/huawei-watch-fit-4-pro-azul-invernal\/#breadcrumb","itemListElement":[{"@type":"ListItem","position":1,"name":"Portada","item":"https:\/\/wakan.ec\/"},{"@type":"ListItem","position":2,"name":"Wakan.ec","item":"https:\/\/wakan.ec\/"},{"@type":"ListItem","position":3,"name":"Huawei Watch Fit 4 Pro &#8211; Az\u00fal Invernal"}]},{"@type":"WebSite","@id":"https:\/\/wakan.ec\/#website","url":"https:\/\/wakan.ec\/","name":"Wakan.ec","description":"Tech - Fitness, entretenimiento y productividad.","publisher":{"@id":"https:\/\/wakan.ec\/#organization"},"potentialAction":[{"@type":"SearchAction","target":{"@type":"EntryPoint","urlTemplate":"https:\/\/wakan.ec\/?s={search_term_string}"},"query-input":{"@type":"PropertyValueSpecification","valueRequired":true,"valueName":"search_term_string"}}],"inLanguage":"es"},{"@type":"Organization","@id":"https:\/\/wakan.ec\/#organization","name":"Wak\u00e1n","url":"https:\/\/wakan.ec\/","logo":{"@type":"ImageObject","inLanguage":"es","@id":"https:\/\/wakan.ec\/#\/schema\/logo\/image\/","url":"https:\/\/wakan.ec\/wp-content\/uploads\/2021\/12\/wakan-Logo.png","contentUrl":"https:\/\/wakan.ec\/wp-content\/uploads\/2021\/12\/wakan-Logo.png","width":1080,"height":1080,"caption":"Wak\u00e1n"},"image":{"@id":"https:\/\/wakan.ec\/#\/schema\/logo\/image\/"},"sameAs":["https:\/\/www.facebook.com\/wakantienda","https:\/\/www.instagram.com\/wakantienda","https:\/\/www.youtube.com\/wakan"]}]}},"_links":{"self":[{"href":"https:\/\/wakan.ec\/index.php\/wp-json\/wp\/v2\/product\/3024","targetHints":{"allow":["GET"]}}],"collection":[{"href":"https:\/\/wakan.ec\/index.php\/wp-json\/wp\/v2\/product"}],"about":[{"href":"https:\/\/wakan.ec\/index.php\/wp-json\/wp\/v2\/types\/product"}],"replies":[{"embeddable":true,"href":"https:\/\/wakan.ec\/index.php\/wp-json\/wp\/v2\/comments?post=3024"}],"wp:featuredmedia":[{"embeddable":true,"href":"https:\/\/wakan.ec\/index.php\/wp-json\/wp\/v2\/media\/3020"}],"wp:attachment":[{"href":"https:\/\/wakan.ec\/index.php\/wp-json\/wp\/v2\/media?parent=3024"}],"wp:term":[{"taxonomy":"product_brand","embeddable":true,"href":"https:\/\/wakan.ec\/index.php\/wp-json\/wp\/v2\/product_brand?post=3024"},{"taxonomy":"product_cat","embeddable":true,"href":"https:\/\/wakan.ec\/index.php\/wp-json\/wp\/v2\/product_cat?post=3024"},{"taxonomy":"product_tag","embeddable":true,"href":"https:\/\/wakan.ec\/index.php\/wp-json\/wp\/v2\/product_tag?post=3024"}],"curies":[{"name":"wp","href":"https:\/\/api.w.org\/{rel}","templated":true}]}}