{"id":3011,"date":"2025-06-09T15:32:32","date_gmt":"2025-06-09T20:32:32","guid":{"rendered":"https:\/\/wakan.ec\/?post_type=product&#038;p=3011"},"modified":"2026-04-07T12:05:56","modified_gmt":"2026-04-07T17:05:56","slug":"huawei-watch-fit-4-pro-negro-carbono","status":"publish","type":"product","link":"https:\/\/wakan.ec\/index.php\/producto\/huawei-watch-fit-4-pro-negro-carbono\/","title":{"rendered":"Huawei Watch Fit 4 Pro &#8211; Negro Carbono"},"content":{"rendered":"<p>Fabricado en cristal de zafiro y bisel de titanio, el Huawei Watch Fit 4 Pro Negro Carbono se siente irrompible.<\/p>\n<p>La correa de caucho tiene un aspecto fantastico, un tacto magn\u00edfico y tambi\u00e9n es resistente al agua.<\/p>\n<h4>Mu\u00e9vete con actitud<\/h4>\n<p>Sorpr\u00e9ndete con su cuerpo aerodin\u00e1mico de 9.3 mm que pesa solo 30.4 gramos, y marav\u00edllate con su fascinante dise\u00f1o 3D en forma de ala.<\/p>\n<p>M\u00e1s resistente que nunca con triple protecci\u00f3n para una experiencia de uso excepcional, cuerpo de aluminio superresistente. Robusto, ligero y resistente al desgaste.<\/p>\n<p>Certificaci\u00f3n EN13319, sumergible hasta 40 metros con alta resistencia al agua con IP6X grado de protecci\u00f3n contra el polvo.<\/p>\n<h4>Entrenamientos <em>Pro<\/em><\/h4>\n<p>Encuentra tu campo de <em>golf<\/em> favorito en la base de datos, medici\u00f3n inteligente de distancias y datos del viento y las direcciones del Green para que tus golpes sean m\u00e1s precisos.<\/p>\n<p>El sensor de profundidad hace un seguimiento de tu entrenamiento diario para <em>mejorar tu capacidad de inmersi\u00f3n<\/em> con funciones como el temporizador y la identificaci\u00f3n del tipo de agua.<\/p>\n<p>Funci\u00f3n avanzada de registro de trayectorias de entrenamientos acu\u00e1ticos. El reloj puede adaptarse a una gran variedad de actividades como <em>surf, vela, rafting, navegaci\u00f3n y kayak<\/em>.<\/p>\n<p><em>Corre de forma m\u00e1s inteligente<\/em> con informaci\u00f3n ambiental avanzada y datos meteorol\u00f3gicos con el nuevo bar\u00f3metro y el sistema de posicionamiento Huawei Sunflower.<\/p>\n<h4>Mejora tu condici\u00f3n f\u00edsica<\/h4>\n<p>Escala de manera m\u00e1s f\u00e1cil con el bar\u00f3metro de altitud mejorado, prueba nuevas experiencias de entrenamiento como <em>alpinismo, senderismo, esqu\u00ed y triatlones<\/em>.<\/p>\n<p>Mapea tus movimientos de forma inteligente. La se\u00f1al del sat\u00e9lite garantiza un mejor posicionamiento durante tus <em>carreras, caminatas y paseos en bicicleta<\/em>.<\/p>\n<p>El an\u00e1lisis de la forma al correr muestra datos avanzados como el equilibrio del tiempo de contacto, la oscilaci\u00f3n vertical y proporciona consejos mejorar tu t\u00e9cnica y prevenir lesiones.<\/p>\n<p><em>Registra las calor\u00edas<\/em> con la app Stay Fit en el reloj con la nueva biblioteca de alimentos. Haz que tus datos de ingesta y d\u00e9ficit de calor\u00edas se cuenten por ti.<\/p>\n<h4>Seguimiento de salud profesional<\/h4>\n<p>Cuenta con app de an\u00e1lisis de ECG y de arritmias por ondas de pulso. El reloj mide las constantes vitales con mayor velocidad y precisi\u00f3n gracias la tecnolog\u00eda de ultra precisi\u00f3n.<\/p>\n<p><em>Huawei TruSense<\/em> es ahora capaz de monitorear seis sistemas principales incluidos el respiratorio, el nervioso y el endocrino para que la salud digital sea m\u00e1s accesible y completa.<\/p>\n<p>La poderosa app de bienestar emocional vigila tus emociones.\u00a0Con esferas animadas de tu estado de \u00e1nimo, visi\u00f3n del bienestar emocional y ejercicios de bienestar emocional.<\/p>\n<p><em>Comprueba lo bien que te has recuperado<\/em>, mide frecuencia card\u00edaca durante el sue\u00f1o, frecuencia respiratoria, niveles de SpO2, alertas de apneas y VFC media.<\/p>\n<h4>Herramientas inteligentes<\/h4>\n<p>Bloc de notas de voz, <em>respuestas r\u00e1pidas a mensajes, llamadas Bluetooth<\/em>, capturas de pantalla, obturador remoto y m\u00e1s.<\/p>\n<p><em>Compatible con iOS y Android<\/em>. Crea esferas de reloj con stickers personalizados con momentos sorprendentes o con tus amadas mascotas para que el tiempo pase de manera m\u00e1s divertida.<\/p>\n<p>Consigue un d\u00eda entero de energ\u00eda tras 10 minutos de carga, carga por completo en 60 minutos y disfruta hasta 10 d\u00edas de duraci\u00f3n de la bater\u00eda y 7 d\u00edas de duraci\u00f3n t\u00edpica.<\/p>\n<h4>En la caja<\/h4>\n<ul>\n<li>Huawei Watch Fit 4 Pro &#8211; Negro Carbono <em>x1<\/em><\/li>\n<li>Pin de carga <em>x1<\/em><\/li>\n<li>Gu\u00eda de usuario <em>x1<\/em><\/li>\n<li>Tarjeta de garant\u00eda <em>x1<\/em><\/li>\n<\/ul>\n","protected":false},"excerpt":{"rendered":"<p><em>Un reloj que rompe barreras y se siente irrompible. Con correa de aspecto y tacto magn\u00edficos.<\/em><\/p>\n<h4>Mu\u00e9vete con actitud<\/h4>\n<ul>\n<li>Cristal de zafiro y bisel de titanio.<\/li>\n<li>Cuerpo de aluminio superresistente.<\/li>\n<li>Deportes al aire libre de nivel profesional.<\/li>\n<li>Medici\u00f3n de constantes vitales.<\/li>\n<li>Compatible con iOS, Android y Huawei.<\/li>\n<\/ul>\n<h4>Disponible para todo el Ecuador.<\/h4>\n<p>Estado: Nuevo\/Sellado<\/p>\n","protected":false},"featured_media":3013,"comment_status":"open","ping_status":"closed","template":"","meta":{"site-sidebar-layout":"default","site-content-layout":"","ast-site-content-layout":"default","site-content-style":"default","site-sidebar-style":"default","ast-global-header-display":"","ast-banner-title-visibility":"","ast-main-header-display":"","ast-hfb-above-header-display":"","ast-hfb-below-header-display":"","ast-hfb-mobile-header-display":"","site-post-title":"","ast-breadcrumbs-content":"","ast-featured-img":"","footer-sml-layout":"","ast-disable-related-posts":"","theme-transparent-header-meta":"default","adv-header-id-meta":"","stick-header-meta":"","header-above-stick-meta":"","header-main-stick-meta":"","header-below-stick-meta":"","astra-migrate-meta-layouts":"set","ast-page-background-enabled":"default","ast-page-background-meta":{"desktop":{"background-color":"","background-image":"","background-repeat":"repeat","background-position":"center center","background-size":"auto","background-attachment":"scroll","background-type":"","background-media":"","overlay-type":"","overlay-color":"","overlay-opacity":"","overlay-gradient":""},"tablet":{"background-color":"","background-image":"","background-repeat":"repeat","background-position":"center center","background-size":"auto","background-attachment":"scroll","background-type":"","background-media":"","overlay-type":"","overlay-color":"","overlay-opacity":"","overlay-gradient":""},"mobile":{"background-color":"","background-image":"","background-repeat":"repeat","background-position":"center center","background-size":"auto","background-attachment":"scroll","background-type":"","background-media":"","overlay-type":"","overlay-color":"","overlay-opacity":"","overlay-gradient":""}},"ast-content-background-meta":{"desktop":{"background-color":"var(--ast-global-color-5)","background-image":"","background-repeat":"repeat","background-position":"center center","background-size":"auto","background-attachment":"scroll","background-type":"","background-media":"","overlay-type":"","overlay-color":"","overlay-opacity":"","overlay-gradient":""},"tablet":{"background-color":"var(--ast-global-color-5)","background-image":"","background-repeat":"repeat","background-position":"center center","background-size":"auto","background-attachment":"scroll","background-type":"","background-media":"","overlay-type":"","overlay-color":"","overlay-opacity":"","overlay-gradient":""},"mobile":{"background-color":"var(--ast-global-color-5)","background-image":"","background-repeat":"repeat","background-position":"center center","background-size":"auto","background-attachment":"scroll","background-type":"","background-media":"","overlay-type":"","overlay-color":"","overlay-opacity":"","overlay-gradient":""}}},"product_brand":[],"product_cat":[231],"product_tag":[],"class_list":{"0":"post-3011","1":"product","2":"type-product","3":"status-publish","4":"has-post-thumbnail","6":"product_cat-huawei-watch-fit-4-pro","7":"desktop-align-left","8":"tablet-align-left","9":"mobile-align-left","11":"first","12":"instock","13":"sale","14":"purchasable","15":"product-type-simple"},"yoast_head":"<!-- This site is optimized with the Yoast SEO plugin v27.3 - https:\/\/yoast.com\/product\/yoast-seo-wordpress\/ -->\n<title>Huawei Watch Fit 4 Pro - Negro Carbono - Wakan.ec<\/title>\n<meta name=\"description\" content=\"Fabricado en cristal de zafiro y bisel de titanio, el Huawei Watch Fit 4 Pro Negro Carbono se siente irrompible. P\u00eddelo en todo el Ecuador.\" \/>\n<meta name=\"robots\" content=\"index, follow, max-snippet:-1, max-image-preview:large, max-video-preview:-1\" \/>\n<link rel=\"canonical\" href=\"https:\/\/wakan.ec\/index.php\/producto\/huawei-watch-fit-4-pro-negro-carbono\/\" \/>\n<meta property=\"og:locale\" content=\"es_ES\" \/>\n<meta property=\"og:type\" content=\"article\" \/>\n<meta property=\"og:title\" content=\"Huawei Watch Fit 4 Pro - Negro Carbono - Wakan.ec\" \/>\n<meta property=\"og:description\" content=\"Fabricado en cristal de zafiro y bisel de titanio, el Huawei Watch Fit 4 Pro Negro Carbono se siente irrompible. P\u00eddelo en todo el Ecuador.\" \/>\n<meta property=\"og:url\" content=\"https:\/\/wakan.ec\/index.php\/producto\/huawei-watch-fit-4-pro-negro-carbono\/\" \/>\n<meta property=\"og:site_name\" content=\"Wakan.ec\" \/>\n<meta property=\"article:publisher\" content=\"https:\/\/www.facebook.com\/wakantienda\" \/>\n<meta property=\"article:modified_time\" content=\"2026-04-07T17:05:56+00:00\" \/>\n<meta property=\"og:image\" content=\"https:\/\/wakan.ec\/wp-content\/uploads\/2025\/06\/wp-1748884850435483040163167078847.png\" \/>\n\t<meta property=\"og:image:width\" content=\"1000\" \/>\n\t<meta property=\"og:image:height\" content=\"1000\" \/>\n\t<meta property=\"og:image:type\" content=\"image\/png\" \/>\n<meta name=\"twitter:card\" content=\"summary_large_image\" \/>\n<meta name=\"twitter:label1\" content=\"Tiempo de lectura\" \/>\n\t<meta name=\"twitter:data1\" content=\"3 minutos\" \/>\n<script type=\"application\/ld+json\" class=\"yoast-schema-graph\">{\"@context\":\"https:\\\/\\\/schema.org\",\"@graph\":[{\"@type\":\"WebPage\",\"@id\":\"https:\\\/\\\/wakan.ec\\\/index.php\\\/producto\\\/huawei-watch-fit-4-pro-negro-carbono\\\/\",\"url\":\"https:\\\/\\\/wakan.ec\\\/index.php\\\/producto\\\/huawei-watch-fit-4-pro-negro-carbono\\\/\",\"name\":\"Huawei Watch Fit 4 Pro - Negro Carbono - Wakan.ec\",\"isPartOf\":{\"@id\":\"https:\\\/\\\/wakan.ec\\\/#website\"},\"primaryImageOfPage\":{\"@id\":\"https:\\\/\\\/wakan.ec\\\/index.php\\\/producto\\\/huawei-watch-fit-4-pro-negro-carbono\\\/#primaryimage\"},\"image\":{\"@id\":\"https:\\\/\\\/wakan.ec\\\/index.php\\\/producto\\\/huawei-watch-fit-4-pro-negro-carbono\\\/#primaryimage\"},\"thumbnailUrl\":\"https:\\\/\\\/wakan.ec\\\/wp-content\\\/uploads\\\/2025\\\/06\\\/wp-1748884850435483040163167078847.png\",\"datePublished\":\"2025-06-09T20:32:32+00:00\",\"dateModified\":\"2026-04-07T17:05:56+00:00\",\"description\":\"Fabricado en cristal de zafiro y bisel de titanio, el Huawei Watch Fit 4 Pro Negro Carbono se siente irrompible. P\u00eddelo en todo el Ecuador.\",\"breadcrumb\":{\"@id\":\"https:\\\/\\\/wakan.ec\\\/index.php\\\/producto\\\/huawei-watch-fit-4-pro-negro-carbono\\\/#breadcrumb\"},\"inLanguage\":\"es\",\"potentialAction\":[{\"@type\":\"ReadAction\",\"target\":[\"https:\\\/\\\/wakan.ec\\\/index.php\\\/producto\\\/huawei-watch-fit-4-pro-negro-carbono\\\/\"]}]},{\"@type\":\"ImageObject\",\"inLanguage\":\"es\",\"@id\":\"https:\\\/\\\/wakan.ec\\\/index.php\\\/producto\\\/huawei-watch-fit-4-pro-negro-carbono\\\/#primaryimage\",\"url\":\"https:\\\/\\\/wakan.ec\\\/wp-content\\\/uploads\\\/2025\\\/06\\\/wp-1748884850435483040163167078847.png\",\"contentUrl\":\"https:\\\/\\\/wakan.ec\\\/wp-content\\\/uploads\\\/2025\\\/06\\\/wp-1748884850435483040163167078847.png\",\"width\":1000,\"height\":1000,\"caption\":\"Huawei Watch Fit 4 Pro - Negro - Ecuador\"},{\"@type\":\"BreadcrumbList\",\"@id\":\"https:\\\/\\\/wakan.ec\\\/index.php\\\/producto\\\/huawei-watch-fit-4-pro-negro-carbono\\\/#breadcrumb\",\"itemListElement\":[{\"@type\":\"ListItem\",\"position\":1,\"name\":\"Portada\",\"item\":\"https:\\\/\\\/wakan.ec\\\/\"},{\"@type\":\"ListItem\",\"position\":2,\"name\":\"Wakan.ec\",\"item\":\"https:\\\/\\\/wakan.ec\\\/\"},{\"@type\":\"ListItem\",\"position\":3,\"name\":\"Huawei Watch Fit 4 Pro &#8211; Negro Carbono\"}]},{\"@type\":\"WebSite\",\"@id\":\"https:\\\/\\\/wakan.ec\\\/#website\",\"url\":\"https:\\\/\\\/wakan.ec\\\/\",\"name\":\"Wakan.ec\",\"description\":\"Tech - Fitness, entretenimiento y productividad.\",\"publisher\":{\"@id\":\"https:\\\/\\\/wakan.ec\\\/#organization\"},\"potentialAction\":[{\"@type\":\"SearchAction\",\"target\":{\"@type\":\"EntryPoint\",\"urlTemplate\":\"https:\\\/\\\/wakan.ec\\\/?s={search_term_string}\"},\"query-input\":{\"@type\":\"PropertyValueSpecification\",\"valueRequired\":true,\"valueName\":\"search_term_string\"}}],\"inLanguage\":\"es\"},{\"@type\":\"Organization\",\"@id\":\"https:\\\/\\\/wakan.ec\\\/#organization\",\"name\":\"Wak\u00e1n\",\"url\":\"https:\\\/\\\/wakan.ec\\\/\",\"logo\":{\"@type\":\"ImageObject\",\"inLanguage\":\"es\",\"@id\":\"https:\\\/\\\/wakan.ec\\\/#\\\/schema\\\/logo\\\/image\\\/\",\"url\":\"https:\\\/\\\/wakan.ec\\\/wp-content\\\/uploads\\\/2021\\\/12\\\/wakan-Logo.png\",\"contentUrl\":\"https:\\\/\\\/wakan.ec\\\/wp-content\\\/uploads\\\/2021\\\/12\\\/wakan-Logo.png\",\"width\":1080,\"height\":1080,\"caption\":\"Wak\u00e1n\"},\"image\":{\"@id\":\"https:\\\/\\\/wakan.ec\\\/#\\\/schema\\\/logo\\\/image\\\/\"},\"sameAs\":[\"https:\\\/\\\/www.facebook.com\\\/wakantienda\",\"https:\\\/\\\/www.instagram.com\\\/wakantienda\",\"https:\\\/\\\/www.youtube.com\\\/wakan\"]}]}<\/script>\n<!-- \/ Yoast SEO plugin. -->","yoast_head_json":{"title":"Huawei Watch Fit 4 Pro - Negro Carbono - Wakan.ec","description":"Fabricado en cristal de zafiro y bisel de titanio, el Huawei Watch Fit 4 Pro Negro Carbono se siente irrompible. P\u00eddelo en todo el Ecuador.","robots":{"index":"index","follow":"follow","max-snippet":"max-snippet:-1","max-image-preview":"max-image-preview:large","max-video-preview":"max-video-preview:-1"},"canonical":"https:\/\/wakan.ec\/index.php\/producto\/huawei-watch-fit-4-pro-negro-carbono\/","og_locale":"es_ES","og_type":"article","og_title":"Huawei Watch Fit 4 Pro - Negro Carbono - Wakan.ec","og_description":"Fabricado en cristal de zafiro y bisel de titanio, el Huawei Watch Fit 4 Pro Negro Carbono se siente irrompible. P\u00eddelo en todo el Ecuador.","og_url":"https:\/\/wakan.ec\/index.php\/producto\/huawei-watch-fit-4-pro-negro-carbono\/","og_site_name":"Wakan.ec","article_publisher":"https:\/\/www.facebook.com\/wakantienda","article_modified_time":"2026-04-07T17:05:56+00:00","og_image":[{"width":1000,"height":1000,"url":"https:\/\/wakan.ec\/wp-content\/uploads\/2025\/06\/wp-1748884850435483040163167078847.png","type":"image\/png"}],"twitter_card":"summary_large_image","twitter_misc":{"Tiempo de lectura":"3 minutos"},"schema":{"@context":"https:\/\/schema.org","@graph":[{"@type":"WebPage","@id":"https:\/\/wakan.ec\/index.php\/producto\/huawei-watch-fit-4-pro-negro-carbono\/","url":"https:\/\/wakan.ec\/index.php\/producto\/huawei-watch-fit-4-pro-negro-carbono\/","name":"Huawei Watch Fit 4 Pro - Negro Carbono - Wakan.ec","isPartOf":{"@id":"https:\/\/wakan.ec\/#website"},"primaryImageOfPage":{"@id":"https:\/\/wakan.ec\/index.php\/producto\/huawei-watch-fit-4-pro-negro-carbono\/#primaryimage"},"image":{"@id":"https:\/\/wakan.ec\/index.php\/producto\/huawei-watch-fit-4-pro-negro-carbono\/#primaryimage"},"thumbnailUrl":"https:\/\/wakan.ec\/wp-content\/uploads\/2025\/06\/wp-1748884850435483040163167078847.png","datePublished":"2025-06-09T20:32:32+00:00","dateModified":"2026-04-07T17:05:56+00:00","description":"Fabricado en cristal de zafiro y bisel de titanio, el Huawei Watch Fit 4 Pro Negro Carbono se siente irrompible. P\u00eddelo en todo el Ecuador.","breadcrumb":{"@id":"https:\/\/wakan.ec\/index.php\/producto\/huawei-watch-fit-4-pro-negro-carbono\/#breadcrumb"},"inLanguage":"es","potentialAction":[{"@type":"ReadAction","target":["https:\/\/wakan.ec\/index.php\/producto\/huawei-watch-fit-4-pro-negro-carbono\/"]}]},{"@type":"ImageObject","inLanguage":"es","@id":"https:\/\/wakan.ec\/index.php\/producto\/huawei-watch-fit-4-pro-negro-carbono\/#primaryimage","url":"https:\/\/wakan.ec\/wp-content\/uploads\/2025\/06\/wp-1748884850435483040163167078847.png","contentUrl":"https:\/\/wakan.ec\/wp-content\/uploads\/2025\/06\/wp-1748884850435483040163167078847.png","width":1000,"height":1000,"caption":"Huawei Watch Fit 4 Pro - Negro - Ecuador"},{"@type":"BreadcrumbList","@id":"https:\/\/wakan.ec\/index.php\/producto\/huawei-watch-fit-4-pro-negro-carbono\/#breadcrumb","itemListElement":[{"@type":"ListItem","position":1,"name":"Portada","item":"https:\/\/wakan.ec\/"},{"@type":"ListItem","position":2,"name":"Wakan.ec","item":"https:\/\/wakan.ec\/"},{"@type":"ListItem","position":3,"name":"Huawei Watch Fit 4 Pro &#8211; Negro Carbono"}]},{"@type":"WebSite","@id":"https:\/\/wakan.ec\/#website","url":"https:\/\/wakan.ec\/","name":"Wakan.ec","description":"Tech - Fitness, entretenimiento y productividad.","publisher":{"@id":"https:\/\/wakan.ec\/#organization"},"potentialAction":[{"@type":"SearchAction","target":{"@type":"EntryPoint","urlTemplate":"https:\/\/wakan.ec\/?s={search_term_string}"},"query-input":{"@type":"PropertyValueSpecification","valueRequired":true,"valueName":"search_term_string"}}],"inLanguage":"es"},{"@type":"Organization","@id":"https:\/\/wakan.ec\/#organization","name":"Wak\u00e1n","url":"https:\/\/wakan.ec\/","logo":{"@type":"ImageObject","inLanguage":"es","@id":"https:\/\/wakan.ec\/#\/schema\/logo\/image\/","url":"https:\/\/wakan.ec\/wp-content\/uploads\/2021\/12\/wakan-Logo.png","contentUrl":"https:\/\/wakan.ec\/wp-content\/uploads\/2021\/12\/wakan-Logo.png","width":1080,"height":1080,"caption":"Wak\u00e1n"},"image":{"@id":"https:\/\/wakan.ec\/#\/schema\/logo\/image\/"},"sameAs":["https:\/\/www.facebook.com\/wakantienda","https:\/\/www.instagram.com\/wakantienda","https:\/\/www.youtube.com\/wakan"]}]}},"_links":{"self":[{"href":"https:\/\/wakan.ec\/index.php\/wp-json\/wp\/v2\/product\/3011","targetHints":{"allow":["GET"]}}],"collection":[{"href":"https:\/\/wakan.ec\/index.php\/wp-json\/wp\/v2\/product"}],"about":[{"href":"https:\/\/wakan.ec\/index.php\/wp-json\/wp\/v2\/types\/product"}],"replies":[{"embeddable":true,"href":"https:\/\/wakan.ec\/index.php\/wp-json\/wp\/v2\/comments?post=3011"}],"wp:featuredmedia":[{"embeddable":true,"href":"https:\/\/wakan.ec\/index.php\/wp-json\/wp\/v2\/media\/3013"}],"wp:attachment":[{"href":"https:\/\/wakan.ec\/index.php\/wp-json\/wp\/v2\/media?parent=3011"}],"wp:term":[{"taxonomy":"product_brand","embeddable":true,"href":"https:\/\/wakan.ec\/index.php\/wp-json\/wp\/v2\/product_brand?post=3011"},{"taxonomy":"product_cat","embeddable":true,"href":"https:\/\/wakan.ec\/index.php\/wp-json\/wp\/v2\/product_cat?post=3011"},{"taxonomy":"product_tag","embeddable":true,"href":"https:\/\/wakan.ec\/index.php\/wp-json\/wp\/v2\/product_tag?post=3011"}],"curies":[{"name":"wp","href":"https:\/\/api.w.org\/{rel}","templated":true}]}}