{"id":2927,"date":"2025-05-22T17:10:14","date_gmt":"2025-05-22T22:10:14","guid":{"rendered":"https:\/\/wakan.ec\/?post_type=product&#038;p=2927"},"modified":"2026-04-07T07:35:15","modified_gmt":"2026-04-07T12:35:15","slug":"resident-evil-4-remake-ps5","status":"publish","type":"product","link":"https:\/\/wakan.ec\/index.php\/producto\/resident-evil-4-remake-ps5\/","title":{"rendered":"Resident Evil 4 &#8211; Remake &#8211; PS5"},"content":{"rendered":"<p>Leon S. Kennedy deber\u00e1 rescatar a la hija del presidente que ha sido secuestrada. Experimenta el cl\u00e1sico Resident Evil 4 Remake PS5 con mejoras en el juego, im\u00e1genes y m\u00e1s.<\/p>\n<h4>Sobrevivir es solo el principio<\/h4>\n<p>Despu\u00e9s de 6 a\u00f1os\u00a0 de la cat\u00e1strofe biol\u00f3gica en Raccoon City, el agente Leon S. Kennedy uno de los supervivientes del desastre deber\u00e1 rescatar a la hija del Presidente. Quien ha sido secuestrada.<\/p>\n<p>Siguiendo sus rastros llega a una apartada poblaci\u00f3n europea, donde sus habitantes sufren un mal terrible, as\u00ed comienza esta historia de un arriesgado rescate y terror escalofriante se cruzan la vida y la muerte, el miedo y la catarsis.<\/p>\n<h4>Experiencia mejorada<\/h4>\n<p>Con una mec\u00e1nica de juego modernizada, una historia reimaginada y gr\u00e1ficos espectacularmente detallados, Resident Evil 4 Remake supone el renacimiento de un gigante del mundo de los videojuegos.<\/p>\n<p>Optimizado para Xbox Series X, este juego para un solo jugador te brinda imagen en 4k Ultra HD, HDR10 con sonido Dolby Atmos.<\/p>\n<p>Construido sobre el motor patentado de Capcom, Resident Evil 4 ofrece im\u00e1genes fotorrealistas impresionantes en 4k con una iluminaci\u00f3n impresionante y sombras combinadas para crear una atm\u00f3sfera cercana e intensa.<\/p>\n<h4>Horror y supervivencia<\/h4>\n<p>Revive la pesadilla que revolucion\u00f3 el g\u00e9nero del Survival horror. Enfr\u00e9ntate en combates fren\u00e9ticos con los habitantes de Ganados explora la villa europea que ha sido atrapada por la locura.<\/p>\n<p>Resuelve los acertijos para acceder a nuevas \u00e1reas, recolecta objetos y avanza con Leon y Ashley en su esfuerzo por sobrevivir.<\/p>\n<p>Enfrenta hordas de enemigos rabiosos que amenazan con abrumar a Leon con m\u00e9todos de ataque a\u00fan m\u00e1s diversos que en la versi\u00f3n original.<\/p>\n<h4>Edici\u00f3n est\u00e1ndar<\/h4>\n<ul>\n<li>Disco Resident Evil 4 Remake PS5<\/li>\n<li>Contenido adicional<\/li>\n<\/ul>\n<h4>Garant\u00eda de 6 meses<\/h4>\n","protected":false},"excerpt":{"rendered":"<p><em>Sobrevivir es solo el principio en esta historia de terror escalofriante donde se cruzan la vida y la muerte.<\/em><\/p>\n<h4>Revive la pesadilla<\/h4>\n<ul>\n<li>Mec\u00e1nica de juego modernizada.<\/li>\n<li>Historia reimaginada.<\/li>\n<li>Gr\u00e1ficos espectaculares en Ultra HD.<\/li>\n<li>Funciones inmersivas en el control.<\/li>\n<li>Juego en formato f\u00edsico.<\/li>\n<\/ul>\n<h4>Rec\u00edbelo en todo el Ecuador<\/h4>\n<p>&nbsp;<\/p>\n<p>Estado: Nuevo\/Sellado<\/p>\n","protected":false},"featured_media":2937,"comment_status":"open","ping_status":"closed","template":"","meta":{"site-sidebar-layout":"default","site-content-layout":"","ast-site-content-layout":"default","site-content-style":"default","site-sidebar-style":"default","ast-global-header-display":"","ast-banner-title-visibility":"","ast-main-header-display":"","ast-hfb-above-header-display":"","ast-hfb-below-header-display":"","ast-hfb-mobile-header-display":"","site-post-title":"","ast-breadcrumbs-content":"","ast-featured-img":"","footer-sml-layout":"","ast-disable-related-posts":"","theme-transparent-header-meta":"default","adv-header-id-meta":"","stick-header-meta":"","header-above-stick-meta":"","header-main-stick-meta":"","header-below-stick-meta":"","astra-migrate-meta-layouts":"set","ast-page-background-enabled":"default","ast-page-background-meta":{"desktop":{"background-color":"","background-image":"","background-repeat":"repeat","background-position":"center center","background-size":"auto","background-attachment":"scroll","background-type":"","background-media":"","overlay-type":"","overlay-color":"","overlay-opacity":"","overlay-gradient":""},"tablet":{"background-color":"","background-image":"","background-repeat":"repeat","background-position":"center center","background-size":"auto","background-attachment":"scroll","background-type":"","background-media":"","overlay-type":"","overlay-color":"","overlay-opacity":"","overlay-gradient":""},"mobile":{"background-color":"","background-image":"","background-repeat":"repeat","background-position":"center center","background-size":"auto","background-attachment":"scroll","background-type":"","background-media":"","overlay-type":"","overlay-color":"","overlay-opacity":"","overlay-gradient":""}},"ast-content-background-meta":{"desktop":{"background-color":"var(--ast-global-color-5)","background-image":"","background-repeat":"repeat","background-position":"center center","background-size":"auto","background-attachment":"scroll","background-type":"","background-media":"","overlay-type":"","overlay-color":"","overlay-opacity":"","overlay-gradient":""},"tablet":{"background-color":"var(--ast-global-color-5)","background-image":"","background-repeat":"repeat","background-position":"center center","background-size":"auto","background-attachment":"scroll","background-type":"","background-media":"","overlay-type":"","overlay-color":"","overlay-opacity":"","overlay-gradient":""},"mobile":{"background-color":"var(--ast-global-color-5)","background-image":"","background-repeat":"repeat","background-position":"center center","background-size":"auto","background-attachment":"scroll","background-type":"","background-media":"","overlay-type":"","overlay-color":"","overlay-opacity":"","overlay-gradient":""}}},"product_brand":[],"product_cat":[241],"product_tag":[],"class_list":{"0":"post-2927","1":"product","2":"type-product","3":"status-publish","4":"has-post-thumbnail","6":"product_cat-ps5","7":"desktop-align-left","8":"tablet-align-left","9":"mobile-align-left","11":"first","12":"outofstock","13":"sale","14":"purchasable","15":"product-type-simple"},"yoast_head":"<!-- This site is optimized with the Yoast SEO plugin v27.5 - https:\/\/yoast.com\/product\/yoast-seo-wordpress\/ -->\n<title>Resident Evil 4 - Remake - PS5 - Wakan.ec<\/title>\n<meta name=\"description\" content=\"Experimenta el cl\u00e1sico Resident Evil 4 Remake PS5 con mejoras en el juego, im\u00e1genes y m\u00e1s. Pide tu juego f\u00edsico en todo el Ecuador.\" \/>\n<meta name=\"robots\" content=\"index, follow, max-snippet:-1, max-image-preview:large, max-video-preview:-1\" \/>\n<link rel=\"canonical\" href=\"https:\/\/wakan.ec\/index.php\/producto\/resident-evil-4-remake-ps5\/\" \/>\n<meta property=\"og:locale\" content=\"es_ES\" \/>\n<meta property=\"og:type\" content=\"article\" \/>\n<meta property=\"og:title\" content=\"Resident Evil 4 - Remake - PS5 - Wakan.ec\" \/>\n<meta property=\"og:description\" content=\"Experimenta el cl\u00e1sico Resident Evil 4 Remake PS5 con mejoras en el juego, im\u00e1genes y m\u00e1s. Pide tu juego f\u00edsico en todo el Ecuador.\" \/>\n<meta property=\"og:url\" content=\"https:\/\/wakan.ec\/index.php\/producto\/resident-evil-4-remake-ps5\/\" \/>\n<meta property=\"og:site_name\" content=\"Wakan.ec\" \/>\n<meta property=\"article:publisher\" content=\"https:\/\/www.facebook.com\/wakantienda\" \/>\n<meta property=\"article:modified_time\" content=\"2026-04-07T12:35:15+00:00\" \/>\n<meta property=\"og:image\" content=\"https:\/\/wakan.ec\/wp-content\/uploads\/2025\/05\/woo-product-xbox-_20250526_144754_00014388816897269632215.png\" \/>\n\t<meta property=\"og:image:width\" content=\"1000\" \/>\n\t<meta property=\"og:image:height\" content=\"1000\" \/>\n\t<meta property=\"og:image:type\" content=\"image\/png\" \/>\n<meta name=\"twitter:card\" content=\"summary_large_image\" \/>\n<meta name=\"twitter:label1\" content=\"Tiempo de lectura\" \/>\n\t<meta name=\"twitter:data1\" content=\"2 minutos\" \/>\n<script type=\"application\/ld+json\" class=\"yoast-schema-graph\">{\"@context\":\"https:\\\/\\\/schema.org\",\"@graph\":[{\"@type\":\"WebPage\",\"@id\":\"https:\\\/\\\/wakan.ec\\\/index.php\\\/producto\\\/resident-evil-4-remake-ps5\\\/\",\"url\":\"https:\\\/\\\/wakan.ec\\\/index.php\\\/producto\\\/resident-evil-4-remake-ps5\\\/\",\"name\":\"Resident Evil 4 - Remake - PS5 - Wakan.ec\",\"isPartOf\":{\"@id\":\"https:\\\/\\\/wakan.ec\\\/#website\"},\"primaryImageOfPage\":{\"@id\":\"https:\\\/\\\/wakan.ec\\\/index.php\\\/producto\\\/resident-evil-4-remake-ps5\\\/#primaryimage\"},\"image\":{\"@id\":\"https:\\\/\\\/wakan.ec\\\/index.php\\\/producto\\\/resident-evil-4-remake-ps5\\\/#primaryimage\"},\"thumbnailUrl\":\"https:\\\/\\\/wakan.ec\\\/wp-content\\\/uploads\\\/2025\\\/05\\\/woo-product-xbox-_20250526_144754_00014388816897269632215.png\",\"datePublished\":\"2025-05-22T22:10:14+00:00\",\"dateModified\":\"2026-04-07T12:35:15+00:00\",\"description\":\"Experimenta el cl\u00e1sico Resident Evil 4 Remake PS5 con mejoras en el juego, im\u00e1genes y m\u00e1s. Pide tu juego f\u00edsico en todo el Ecuador.\",\"breadcrumb\":{\"@id\":\"https:\\\/\\\/wakan.ec\\\/index.php\\\/producto\\\/resident-evil-4-remake-ps5\\\/#breadcrumb\"},\"inLanguage\":\"es\",\"potentialAction\":[{\"@type\":\"ReadAction\",\"target\":[\"https:\\\/\\\/wakan.ec\\\/index.php\\\/producto\\\/resident-evil-4-remake-ps5\\\/\"]}]},{\"@type\":\"ImageObject\",\"inLanguage\":\"es\",\"@id\":\"https:\\\/\\\/wakan.ec\\\/index.php\\\/producto\\\/resident-evil-4-remake-ps5\\\/#primaryimage\",\"url\":\"https:\\\/\\\/wakan.ec\\\/wp-content\\\/uploads\\\/2025\\\/05\\\/woo-product-xbox-_20250526_144754_00014388816897269632215.png\",\"contentUrl\":\"https:\\\/\\\/wakan.ec\\\/wp-content\\\/uploads\\\/2025\\\/05\\\/woo-product-xbox-_20250526_144754_00014388816897269632215.png\",\"width\":1000,\"height\":1000,\"caption\":\"Resident Evil 4 Remake - PS5 - Ecuador\"},{\"@type\":\"BreadcrumbList\",\"@id\":\"https:\\\/\\\/wakan.ec\\\/index.php\\\/producto\\\/resident-evil-4-remake-ps5\\\/#breadcrumb\",\"itemListElement\":[{\"@type\":\"ListItem\",\"position\":1,\"name\":\"Portada\",\"item\":\"https:\\\/\\\/wakan.ec\\\/\"},{\"@type\":\"ListItem\",\"position\":2,\"name\":\"Resident Evil 4 &#8211; Remake &#8211; PS5\"}]},{\"@type\":\"WebSite\",\"@id\":\"https:\\\/\\\/wakan.ec\\\/#website\",\"url\":\"https:\\\/\\\/wakan.ec\\\/\",\"name\":\"Wakan.ec\",\"description\":\"Tech - Fitness, entretenimiento y productividad.\",\"publisher\":{\"@id\":\"https:\\\/\\\/wakan.ec\\\/#organization\"},\"potentialAction\":[{\"@type\":\"SearchAction\",\"target\":{\"@type\":\"EntryPoint\",\"urlTemplate\":\"https:\\\/\\\/wakan.ec\\\/?s={search_term_string}\"},\"query-input\":{\"@type\":\"PropertyValueSpecification\",\"valueRequired\":true,\"valueName\":\"search_term_string\"}}],\"inLanguage\":\"es\"},{\"@type\":\"Organization\",\"@id\":\"https:\\\/\\\/wakan.ec\\\/#organization\",\"name\":\"Wak\u00e1n\",\"url\":\"https:\\\/\\\/wakan.ec\\\/\",\"logo\":{\"@type\":\"ImageObject\",\"inLanguage\":\"es\",\"@id\":\"https:\\\/\\\/wakan.ec\\\/#\\\/schema\\\/logo\\\/image\\\/\",\"url\":\"https:\\\/\\\/wakan.ec\\\/wp-content\\\/uploads\\\/2021\\\/12\\\/wakan-Logo.png\",\"contentUrl\":\"https:\\\/\\\/wakan.ec\\\/wp-content\\\/uploads\\\/2021\\\/12\\\/wakan-Logo.png\",\"width\":1080,\"height\":1080,\"caption\":\"Wak\u00e1n\"},\"image\":{\"@id\":\"https:\\\/\\\/wakan.ec\\\/#\\\/schema\\\/logo\\\/image\\\/\"},\"sameAs\":[\"https:\\\/\\\/www.facebook.com\\\/wakantienda\",\"https:\\\/\\\/www.instagram.com\\\/wakantienda\",\"https:\\\/\\\/www.youtube.com\\\/wakan\"]}]}<\/script>\n<!-- \/ Yoast SEO plugin. -->","yoast_head_json":{"title":"Resident Evil 4 - Remake - PS5 - Wakan.ec","description":"Experimenta el cl\u00e1sico Resident Evil 4 Remake PS5 con mejoras en el juego, im\u00e1genes y m\u00e1s. Pide tu juego f\u00edsico en todo el Ecuador.","robots":{"index":"index","follow":"follow","max-snippet":"max-snippet:-1","max-image-preview":"max-image-preview:large","max-video-preview":"max-video-preview:-1"},"canonical":"https:\/\/wakan.ec\/index.php\/producto\/resident-evil-4-remake-ps5\/","og_locale":"es_ES","og_type":"article","og_title":"Resident Evil 4 - Remake - PS5 - Wakan.ec","og_description":"Experimenta el cl\u00e1sico Resident Evil 4 Remake PS5 con mejoras en el juego, im\u00e1genes y m\u00e1s. Pide tu juego f\u00edsico en todo el Ecuador.","og_url":"https:\/\/wakan.ec\/index.php\/producto\/resident-evil-4-remake-ps5\/","og_site_name":"Wakan.ec","article_publisher":"https:\/\/www.facebook.com\/wakantienda","article_modified_time":"2026-04-07T12:35:15+00:00","og_image":[{"width":1000,"height":1000,"url":"https:\/\/wakan.ec\/wp-content\/uploads\/2025\/05\/woo-product-xbox-_20250526_144754_00014388816897269632215.png","type":"image\/png"}],"twitter_card":"summary_large_image","twitter_misc":{"Tiempo de lectura":"2 minutos"},"schema":{"@context":"https:\/\/schema.org","@graph":[{"@type":"WebPage","@id":"https:\/\/wakan.ec\/index.php\/producto\/resident-evil-4-remake-ps5\/","url":"https:\/\/wakan.ec\/index.php\/producto\/resident-evil-4-remake-ps5\/","name":"Resident Evil 4 - Remake - PS5 - Wakan.ec","isPartOf":{"@id":"https:\/\/wakan.ec\/#website"},"primaryImageOfPage":{"@id":"https:\/\/wakan.ec\/index.php\/producto\/resident-evil-4-remake-ps5\/#primaryimage"},"image":{"@id":"https:\/\/wakan.ec\/index.php\/producto\/resident-evil-4-remake-ps5\/#primaryimage"},"thumbnailUrl":"https:\/\/wakan.ec\/wp-content\/uploads\/2025\/05\/woo-product-xbox-_20250526_144754_00014388816897269632215.png","datePublished":"2025-05-22T22:10:14+00:00","dateModified":"2026-04-07T12:35:15+00:00","description":"Experimenta el cl\u00e1sico Resident Evil 4 Remake PS5 con mejoras en el juego, im\u00e1genes y m\u00e1s. Pide tu juego f\u00edsico en todo el Ecuador.","breadcrumb":{"@id":"https:\/\/wakan.ec\/index.php\/producto\/resident-evil-4-remake-ps5\/#breadcrumb"},"inLanguage":"es","potentialAction":[{"@type":"ReadAction","target":["https:\/\/wakan.ec\/index.php\/producto\/resident-evil-4-remake-ps5\/"]}]},{"@type":"ImageObject","inLanguage":"es","@id":"https:\/\/wakan.ec\/index.php\/producto\/resident-evil-4-remake-ps5\/#primaryimage","url":"https:\/\/wakan.ec\/wp-content\/uploads\/2025\/05\/woo-product-xbox-_20250526_144754_00014388816897269632215.png","contentUrl":"https:\/\/wakan.ec\/wp-content\/uploads\/2025\/05\/woo-product-xbox-_20250526_144754_00014388816897269632215.png","width":1000,"height":1000,"caption":"Resident Evil 4 Remake - PS5 - Ecuador"},{"@type":"BreadcrumbList","@id":"https:\/\/wakan.ec\/index.php\/producto\/resident-evil-4-remake-ps5\/#breadcrumb","itemListElement":[{"@type":"ListItem","position":1,"name":"Portada","item":"https:\/\/wakan.ec\/"},{"@type":"ListItem","position":2,"name":"Resident Evil 4 &#8211; Remake &#8211; PS5"}]},{"@type":"WebSite","@id":"https:\/\/wakan.ec\/#website","url":"https:\/\/wakan.ec\/","name":"Wakan.ec","description":"Tech - Fitness, entretenimiento y productividad.","publisher":{"@id":"https:\/\/wakan.ec\/#organization"},"potentialAction":[{"@type":"SearchAction","target":{"@type":"EntryPoint","urlTemplate":"https:\/\/wakan.ec\/?s={search_term_string}"},"query-input":{"@type":"PropertyValueSpecification","valueRequired":true,"valueName":"search_term_string"}}],"inLanguage":"es"},{"@type":"Organization","@id":"https:\/\/wakan.ec\/#organization","name":"Wak\u00e1n","url":"https:\/\/wakan.ec\/","logo":{"@type":"ImageObject","inLanguage":"es","@id":"https:\/\/wakan.ec\/#\/schema\/logo\/image\/","url":"https:\/\/wakan.ec\/wp-content\/uploads\/2021\/12\/wakan-Logo.png","contentUrl":"https:\/\/wakan.ec\/wp-content\/uploads\/2021\/12\/wakan-Logo.png","width":1080,"height":1080,"caption":"Wak\u00e1n"},"image":{"@id":"https:\/\/wakan.ec\/#\/schema\/logo\/image\/"},"sameAs":["https:\/\/www.facebook.com\/wakantienda","https:\/\/www.instagram.com\/wakantienda","https:\/\/www.youtube.com\/wakan"]}]}},"_links":{"self":[{"href":"https:\/\/wakan.ec\/index.php\/wp-json\/wp\/v2\/product\/2927","targetHints":{"allow":["GET"]}}],"collection":[{"href":"https:\/\/wakan.ec\/index.php\/wp-json\/wp\/v2\/product"}],"about":[{"href":"https:\/\/wakan.ec\/index.php\/wp-json\/wp\/v2\/types\/product"}],"replies":[{"embeddable":true,"href":"https:\/\/wakan.ec\/index.php\/wp-json\/wp\/v2\/comments?post=2927"}],"wp:featuredmedia":[{"embeddable":true,"href":"https:\/\/wakan.ec\/index.php\/wp-json\/wp\/v2\/media\/2937"}],"wp:attachment":[{"href":"https:\/\/wakan.ec\/index.php\/wp-json\/wp\/v2\/media?parent=2927"}],"wp:term":[{"taxonomy":"product_brand","embeddable":true,"href":"https:\/\/wakan.ec\/index.php\/wp-json\/wp\/v2\/product_brand?post=2927"},{"taxonomy":"product_cat","embeddable":true,"href":"https:\/\/wakan.ec\/index.php\/wp-json\/wp\/v2\/product_cat?post=2927"},{"taxonomy":"product_tag","embeddable":true,"href":"https:\/\/wakan.ec\/index.php\/wp-json\/wp\/v2\/product_tag?post=2927"}],"curies":[{"name":"wp","href":"https:\/\/api.w.org\/{rel}","templated":true}]}}