{"id":2917,"date":"2025-05-21T10:31:49","date_gmt":"2025-05-21T15:31:49","guid":{"rendered":"https:\/\/wakan.ec\/?post_type=product&#038;p=2917"},"modified":"2026-04-21T16:37:58","modified_gmt":"2026-04-21T21:37:58","slug":"huawei-watch-fit-4-violeta","status":"publish","type":"product","link":"https:\/\/wakan.ec\/index.php\/producto\/huawei-watch-fit-4-violeta\/","title":{"rendered":"Huawei Watch Fit 4 &#8211; Violeta"},"content":{"rendered":"<p>El dise\u00f1o ultrafino del Huawei Watch Fit 4 Violeta te ofrece un reloj delicado, c\u00f3modo y elegante.<\/p>\n<h4>Fashion Active<\/h4>\n<p>La correa, suave con la piel, queda genial con cualquier outfit y la pantalla de 1.82&#8243; HD con marco de aluminio y relaci\u00f3n pantalla cuerpo del 80% es un detalle elegante y con estilo.<\/p>\n<p>Marav\u00edllate con su fascinante dise\u00f1o 3D aerodin\u00e1mico. Mayor comodidad solo 27 g y 9.5 mm de grosor.<\/p>\n<p>Crea esferas de reloj de stickers personalizados o elige una de las opciones entre mascotas, obras de arte o una foto de tu galer\u00eda.<\/p>\n<h4>Posicionamiento milim\u00e9trico<\/h4>\n<p>Nuevos modos de entrenamiento desde escalada de monta\u00f1as, senderismo, esqu\u00ed, columpiarse y carrera de monta\u00f1a.<\/p>\n<p>Supera cada ola y cada desaf\u00edo junto al primer seguimiento de rutas en deportes acu\u00e1ticos con gesti\u00f3n avanzada de rutas para navegaci\u00f3n, balsismo, motor de agua y remo.<\/p>\n<p>Vive todas sus aventuras al aire libre y encuentra mejores planes de entrenamiento con la m\u00e9trica de frecuencia card\u00edaca y seguimiento de rutas proporciona datos avanzados en tiempo real.<\/p>\n<p>Recibe avisos de tormenta con el bar\u00f3metro sensible al ambiente gracias a los datos de alto nivel como altitud, ascenso acumulado y presi\u00f3n atmosf\u00e9rica que proporciona el potente bar\u00f3metro.<\/p>\n<h4>Salud 24\/7<\/h4>\n<p>Consulta tus emociones por d\u00eda, semana, mes y a\u00f1o. Tranquilidad tu medida con ejercicios de bienestar emocional y esferas de reloj que se ajustan a tus sensaciones.<\/p>\n<p>An\u00e1lisis de arritmias y ondas de pulso. Toma en serio tu salud card\u00edaca, posibles riesgos de fibrilaci\u00f3n auricular y latidos prematuros con sensor PPG de alto rendimiento.<\/p>\n<p>Informaci\u00f3n de alto nivel sobre la salud desde la mu\u00f1eca. Estilos de vida saludable, consejos para controlar el estr\u00e9s, recomendaciones para mejorar sue\u00f1o y optimizar entrenamientos.<\/p>\n<p>Salud del sue\u00f1o, fatiga, estr\u00e9s y datos de la m\u00e9trica VFC. Alertas de respiraci\u00f3n an\u00f3mala y notificaciones de oportunas de datos fisiol\u00f3gicos.<\/p>\n<h4>Todo a tu alcance<\/h4>\n<p>Toma fotos a distancia con el obturador remoto, capturas de pantalla, llamadas por Bluetooth, respuestas r\u00e1pidas a mensajes e inclusive bloc de notas de voz.<\/p>\n<p>Prep\u00e1rate para seguir el ritmo consigue un d\u00eda entero de energ\u00eda con 10 minutos de carga. Huawei Watch Wireless SuperCharge, hasta 10 d\u00edas de duraci\u00f3n m\u00e1xima de la bater\u00eda y 7 d\u00edas de duraci\u00f3n t\u00edpica.<\/p>\n<p>Ampliamente compatible compatible con iOS, Android y por supuesto Huawei.<\/p>\n<h4>En la caja<\/h4>\n<ul>\n<li>Huawei Watch Fit 4 &#8211; Violeta<\/li>\n<li>Gu\u00eda de usuario<\/li>\n<li>Base de carga<\/li>\n<li>Tarjeta de garant\u00eda<\/li>\n<\/ul>\n<h4>Garant\u00eda de 12 meses<\/h4>\n","protected":false},"excerpt":{"rendered":"<p><em>C\u00f3modo y ligero, su dise\u00f1o ultrafino te brinda la\u00a0 mayor comodidad.<\/em><\/p>\n<h4>Fashion Active<\/h4>\n<ul>\n<li>Modos deportivos enriquecidos.<\/li>\n<li>Asistente de bienestar emocional.<\/li>\n<li>Gesti\u00f3n integral de la salud.<\/li>\n<li>Hasta 10 d\u00edas de bater\u00eda.<\/li>\n<li>Compatible con iOS y Android.<\/li>\n<\/ul>\n<h5>Rec\u00edbelo en todo el Ecuador<\/h5>\n<p>&nbsp;<\/p>\n<p>Estado: Nuevo\/Sellado<\/p>\n","protected":false},"featured_media":2913,"comment_status":"closed","ping_status":"closed","template":"","meta":{"site-sidebar-layout":"default","site-content-layout":"","ast-site-content-layout":"default","site-content-style":"default","site-sidebar-style":"default","ast-global-header-display":"","ast-banner-title-visibility":"","ast-main-header-display":"","ast-hfb-above-header-display":"","ast-hfb-below-header-display":"","ast-hfb-mobile-header-display":"","site-post-title":"","ast-breadcrumbs-content":"","ast-featured-img":"","footer-sml-layout":"","ast-disable-related-posts":"","theme-transparent-header-meta":"default","adv-header-id-meta":"","stick-header-meta":"","header-above-stick-meta":"","header-main-stick-meta":"","header-below-stick-meta":"","astra-migrate-meta-layouts":"set","ast-page-background-enabled":"default","ast-page-background-meta":{"desktop":{"background-color":"","background-image":"","background-repeat":"repeat","background-position":"center center","background-size":"auto","background-attachment":"scroll","background-type":"","background-media":"","overlay-type":"","overlay-color":"","overlay-opacity":"","overlay-gradient":""},"tablet":{"background-color":"","background-image":"","background-repeat":"repeat","background-position":"center center","background-size":"auto","background-attachment":"scroll","background-type":"","background-media":"","overlay-type":"","overlay-color":"","overlay-opacity":"","overlay-gradient":""},"mobile":{"background-color":"","background-image":"","background-repeat":"repeat","background-position":"center center","background-size":"auto","background-attachment":"scroll","background-type":"","background-media":"","overlay-type":"","overlay-color":"","overlay-opacity":"","overlay-gradient":""}},"ast-content-background-meta":{"desktop":{"background-color":"var(--ast-global-color-5)","background-image":"","background-repeat":"repeat","background-position":"center center","background-size":"auto","background-attachment":"scroll","background-type":"","background-media":"","overlay-type":"","overlay-color":"","overlay-opacity":"","overlay-gradient":""},"tablet":{"background-color":"var(--ast-global-color-5)","background-image":"","background-repeat":"repeat","background-position":"center center","background-size":"auto","background-attachment":"scroll","background-type":"","background-media":"","overlay-type":"","overlay-color":"","overlay-opacity":"","overlay-gradient":""},"mobile":{"background-color":"var(--ast-global-color-5)","background-image":"","background-repeat":"repeat","background-position":"center center","background-size":"auto","background-attachment":"scroll","background-type":"","background-media":"","overlay-type":"","overlay-color":"","overlay-opacity":"","overlay-gradient":""}}},"product_brand":[],"product_cat":[229],"product_tag":[],"class_list":{"0":"post-2917","1":"product","2":"type-product","3":"status-publish","4":"has-post-thumbnail","6":"product_cat-huawei-watch-fit-4","7":"desktop-align-left","8":"tablet-align-left","9":"mobile-align-left","11":"first","12":"instock","13":"sale","14":"featured","15":"purchasable","16":"product-type-simple"},"yoast_head":"<!-- This site is optimized with the Yoast SEO plugin v27.5 - https:\/\/yoast.com\/product\/yoast-seo-wordpress\/ -->\n<title>Huawei Watch Fit 4 - Violeta - Wakan.ec<\/title>\n<meta name=\"description\" content=\"El Huawei Watch Fit 4 Violeta tiene un hermoso marco de aluminio y la correa de FKM te brinda la mayor comodidad. P\u00eddelo en todo el Ecuador.\" \/>\n<meta name=\"robots\" content=\"index, follow, max-snippet:-1, max-image-preview:large, max-video-preview:-1\" \/>\n<link rel=\"canonical\" href=\"https:\/\/wakan.ec\/index.php\/producto\/huawei-watch-fit-4-violeta\/\" \/>\n<meta property=\"og:locale\" content=\"es_ES\" \/>\n<meta property=\"og:type\" content=\"article\" \/>\n<meta property=\"og:title\" content=\"Huawei Watch Fit 4 - Violeta - Wakan.ec\" \/>\n<meta property=\"og:description\" content=\"El Huawei Watch Fit 4 Violeta tiene un hermoso marco de aluminio y la correa de FKM te brinda la mayor comodidad. P\u00eddelo en todo el Ecuador.\" \/>\n<meta property=\"og:url\" content=\"https:\/\/wakan.ec\/index.php\/producto\/huawei-watch-fit-4-violeta\/\" \/>\n<meta property=\"og:site_name\" content=\"Wakan.ec\" \/>\n<meta property=\"article:publisher\" content=\"https:\/\/www.facebook.com\/wakantienda\" \/>\n<meta property=\"article:modified_time\" content=\"2026-04-21T21:37:58+00:00\" \/>\n<meta property=\"og:image\" content=\"https:\/\/wakan.ec\/wp-content\/uploads\/2025\/05\/fit-4-lila_20250521_102212_00062690225003577514539.png\" \/>\n\t<meta property=\"og:image:width\" content=\"1000\" \/>\n\t<meta property=\"og:image:height\" content=\"1000\" \/>\n\t<meta property=\"og:image:type\" content=\"image\/png\" \/>\n<meta name=\"twitter:card\" content=\"summary_large_image\" \/>\n<meta name=\"twitter:label1\" content=\"Tiempo de lectura\" \/>\n\t<meta name=\"twitter:data1\" content=\"3 minutos\" \/>\n<script type=\"application\/ld+json\" class=\"yoast-schema-graph\">{\"@context\":\"https:\\\/\\\/schema.org\",\"@graph\":[{\"@type\":\"WebPage\",\"@id\":\"https:\\\/\\\/wakan.ec\\\/index.php\\\/producto\\\/huawei-watch-fit-4-violeta\\\/\",\"url\":\"https:\\\/\\\/wakan.ec\\\/index.php\\\/producto\\\/huawei-watch-fit-4-violeta\\\/\",\"name\":\"Huawei Watch Fit 4 - Violeta - Wakan.ec\",\"isPartOf\":{\"@id\":\"https:\\\/\\\/wakan.ec\\\/#website\"},\"primaryImageOfPage\":{\"@id\":\"https:\\\/\\\/wakan.ec\\\/index.php\\\/producto\\\/huawei-watch-fit-4-violeta\\\/#primaryimage\"},\"image\":{\"@id\":\"https:\\\/\\\/wakan.ec\\\/index.php\\\/producto\\\/huawei-watch-fit-4-violeta\\\/#primaryimage\"},\"thumbnailUrl\":\"https:\\\/\\\/wakan.ec\\\/wp-content\\\/uploads\\\/2025\\\/05\\\/fit-4-lila_20250521_102212_00062690225003577514539.png\",\"datePublished\":\"2025-05-21T15:31:49+00:00\",\"dateModified\":\"2026-04-21T21:37:58+00:00\",\"description\":\"El Huawei Watch Fit 4 Violeta tiene un hermoso marco de aluminio y la correa de FKM te brinda la mayor comodidad. P\u00eddelo en todo el Ecuador.\",\"breadcrumb\":{\"@id\":\"https:\\\/\\\/wakan.ec\\\/index.php\\\/producto\\\/huawei-watch-fit-4-violeta\\\/#breadcrumb\"},\"inLanguage\":\"es\",\"potentialAction\":[{\"@type\":\"ReadAction\",\"target\":[\"https:\\\/\\\/wakan.ec\\\/index.php\\\/producto\\\/huawei-watch-fit-4-violeta\\\/\"]}]},{\"@type\":\"ImageObject\",\"inLanguage\":\"es\",\"@id\":\"https:\\\/\\\/wakan.ec\\\/index.php\\\/producto\\\/huawei-watch-fit-4-violeta\\\/#primaryimage\",\"url\":\"https:\\\/\\\/wakan.ec\\\/wp-content\\\/uploads\\\/2025\\\/05\\\/fit-4-lila_20250521_102212_00062690225003577514539.png\",\"contentUrl\":\"https:\\\/\\\/wakan.ec\\\/wp-content\\\/uploads\\\/2025\\\/05\\\/fit-4-lila_20250521_102212_00062690225003577514539.png\",\"width\":1000,\"height\":1000,\"caption\":\"Huawei Watch Fit 4 - Violeta - Ecuador\"},{\"@type\":\"BreadcrumbList\",\"@id\":\"https:\\\/\\\/wakan.ec\\\/index.php\\\/producto\\\/huawei-watch-fit-4-violeta\\\/#breadcrumb\",\"itemListElement\":[{\"@type\":\"ListItem\",\"position\":1,\"name\":\"Portada\",\"item\":\"https:\\\/\\\/wakan.ec\\\/\"},{\"@type\":\"ListItem\",\"position\":2,\"name\":\"Huawei Watch Fit 4 &#8211; Violeta\"}]},{\"@type\":\"WebSite\",\"@id\":\"https:\\\/\\\/wakan.ec\\\/#website\",\"url\":\"https:\\\/\\\/wakan.ec\\\/\",\"name\":\"Wakan.ec\",\"description\":\"Tech - Fitness, entretenimiento y productividad.\",\"publisher\":{\"@id\":\"https:\\\/\\\/wakan.ec\\\/#organization\"},\"potentialAction\":[{\"@type\":\"SearchAction\",\"target\":{\"@type\":\"EntryPoint\",\"urlTemplate\":\"https:\\\/\\\/wakan.ec\\\/?s={search_term_string}\"},\"query-input\":{\"@type\":\"PropertyValueSpecification\",\"valueRequired\":true,\"valueName\":\"search_term_string\"}}],\"inLanguage\":\"es\"},{\"@type\":\"Organization\",\"@id\":\"https:\\\/\\\/wakan.ec\\\/#organization\",\"name\":\"Wak\u00e1n\",\"url\":\"https:\\\/\\\/wakan.ec\\\/\",\"logo\":{\"@type\":\"ImageObject\",\"inLanguage\":\"es\",\"@id\":\"https:\\\/\\\/wakan.ec\\\/#\\\/schema\\\/logo\\\/image\\\/\",\"url\":\"https:\\\/\\\/wakan.ec\\\/wp-content\\\/uploads\\\/2021\\\/12\\\/wakan-Logo.png\",\"contentUrl\":\"https:\\\/\\\/wakan.ec\\\/wp-content\\\/uploads\\\/2021\\\/12\\\/wakan-Logo.png\",\"width\":1080,\"height\":1080,\"caption\":\"Wak\u00e1n\"},\"image\":{\"@id\":\"https:\\\/\\\/wakan.ec\\\/#\\\/schema\\\/logo\\\/image\\\/\"},\"sameAs\":[\"https:\\\/\\\/www.facebook.com\\\/wakantienda\",\"https:\\\/\\\/www.instagram.com\\\/wakantienda\",\"https:\\\/\\\/www.youtube.com\\\/wakan\"]}]}<\/script>\n<!-- \/ Yoast SEO plugin. -->","yoast_head_json":{"title":"Huawei Watch Fit 4 - Violeta - Wakan.ec","description":"El Huawei Watch Fit 4 Violeta tiene un hermoso marco de aluminio y la correa de FKM te brinda la mayor comodidad. P\u00eddelo en todo el Ecuador.","robots":{"index":"index","follow":"follow","max-snippet":"max-snippet:-1","max-image-preview":"max-image-preview:large","max-video-preview":"max-video-preview:-1"},"canonical":"https:\/\/wakan.ec\/index.php\/producto\/huawei-watch-fit-4-violeta\/","og_locale":"es_ES","og_type":"article","og_title":"Huawei Watch Fit 4 - Violeta - Wakan.ec","og_description":"El Huawei Watch Fit 4 Violeta tiene un hermoso marco de aluminio y la correa de FKM te brinda la mayor comodidad. P\u00eddelo en todo el Ecuador.","og_url":"https:\/\/wakan.ec\/index.php\/producto\/huawei-watch-fit-4-violeta\/","og_site_name":"Wakan.ec","article_publisher":"https:\/\/www.facebook.com\/wakantienda","article_modified_time":"2026-04-21T21:37:58+00:00","og_image":[{"width":1000,"height":1000,"url":"https:\/\/wakan.ec\/wp-content\/uploads\/2025\/05\/fit-4-lila_20250521_102212_00062690225003577514539.png","type":"image\/png"}],"twitter_card":"summary_large_image","twitter_misc":{"Tiempo de lectura":"3 minutos"},"schema":{"@context":"https:\/\/schema.org","@graph":[{"@type":"WebPage","@id":"https:\/\/wakan.ec\/index.php\/producto\/huawei-watch-fit-4-violeta\/","url":"https:\/\/wakan.ec\/index.php\/producto\/huawei-watch-fit-4-violeta\/","name":"Huawei Watch Fit 4 - Violeta - Wakan.ec","isPartOf":{"@id":"https:\/\/wakan.ec\/#website"},"primaryImageOfPage":{"@id":"https:\/\/wakan.ec\/index.php\/producto\/huawei-watch-fit-4-violeta\/#primaryimage"},"image":{"@id":"https:\/\/wakan.ec\/index.php\/producto\/huawei-watch-fit-4-violeta\/#primaryimage"},"thumbnailUrl":"https:\/\/wakan.ec\/wp-content\/uploads\/2025\/05\/fit-4-lila_20250521_102212_00062690225003577514539.png","datePublished":"2025-05-21T15:31:49+00:00","dateModified":"2026-04-21T21:37:58+00:00","description":"El Huawei Watch Fit 4 Violeta tiene un hermoso marco de aluminio y la correa de FKM te brinda la mayor comodidad. P\u00eddelo en todo el Ecuador.","breadcrumb":{"@id":"https:\/\/wakan.ec\/index.php\/producto\/huawei-watch-fit-4-violeta\/#breadcrumb"},"inLanguage":"es","potentialAction":[{"@type":"ReadAction","target":["https:\/\/wakan.ec\/index.php\/producto\/huawei-watch-fit-4-violeta\/"]}]},{"@type":"ImageObject","inLanguage":"es","@id":"https:\/\/wakan.ec\/index.php\/producto\/huawei-watch-fit-4-violeta\/#primaryimage","url":"https:\/\/wakan.ec\/wp-content\/uploads\/2025\/05\/fit-4-lila_20250521_102212_00062690225003577514539.png","contentUrl":"https:\/\/wakan.ec\/wp-content\/uploads\/2025\/05\/fit-4-lila_20250521_102212_00062690225003577514539.png","width":1000,"height":1000,"caption":"Huawei Watch Fit 4 - Violeta - Ecuador"},{"@type":"BreadcrumbList","@id":"https:\/\/wakan.ec\/index.php\/producto\/huawei-watch-fit-4-violeta\/#breadcrumb","itemListElement":[{"@type":"ListItem","position":1,"name":"Portada","item":"https:\/\/wakan.ec\/"},{"@type":"ListItem","position":2,"name":"Huawei Watch Fit 4 &#8211; Violeta"}]},{"@type":"WebSite","@id":"https:\/\/wakan.ec\/#website","url":"https:\/\/wakan.ec\/","name":"Wakan.ec","description":"Tech - Fitness, entretenimiento y productividad.","publisher":{"@id":"https:\/\/wakan.ec\/#organization"},"potentialAction":[{"@type":"SearchAction","target":{"@type":"EntryPoint","urlTemplate":"https:\/\/wakan.ec\/?s={search_term_string}"},"query-input":{"@type":"PropertyValueSpecification","valueRequired":true,"valueName":"search_term_string"}}],"inLanguage":"es"},{"@type":"Organization","@id":"https:\/\/wakan.ec\/#organization","name":"Wak\u00e1n","url":"https:\/\/wakan.ec\/","logo":{"@type":"ImageObject","inLanguage":"es","@id":"https:\/\/wakan.ec\/#\/schema\/logo\/image\/","url":"https:\/\/wakan.ec\/wp-content\/uploads\/2021\/12\/wakan-Logo.png","contentUrl":"https:\/\/wakan.ec\/wp-content\/uploads\/2021\/12\/wakan-Logo.png","width":1080,"height":1080,"caption":"Wak\u00e1n"},"image":{"@id":"https:\/\/wakan.ec\/#\/schema\/logo\/image\/"},"sameAs":["https:\/\/www.facebook.com\/wakantienda","https:\/\/www.instagram.com\/wakantienda","https:\/\/www.youtube.com\/wakan"]}]}},"_links":{"self":[{"href":"https:\/\/wakan.ec\/index.php\/wp-json\/wp\/v2\/product\/2917","targetHints":{"allow":["GET"]}}],"collection":[{"href":"https:\/\/wakan.ec\/index.php\/wp-json\/wp\/v2\/product"}],"about":[{"href":"https:\/\/wakan.ec\/index.php\/wp-json\/wp\/v2\/types\/product"}],"replies":[{"embeddable":true,"href":"https:\/\/wakan.ec\/index.php\/wp-json\/wp\/v2\/comments?post=2917"}],"wp:featuredmedia":[{"embeddable":true,"href":"https:\/\/wakan.ec\/index.php\/wp-json\/wp\/v2\/media\/2913"}],"wp:attachment":[{"href":"https:\/\/wakan.ec\/index.php\/wp-json\/wp\/v2\/media?parent=2917"}],"wp:term":[{"taxonomy":"product_brand","embeddable":true,"href":"https:\/\/wakan.ec\/index.php\/wp-json\/wp\/v2\/product_brand?post=2917"},{"taxonomy":"product_cat","embeddable":true,"href":"https:\/\/wakan.ec\/index.php\/wp-json\/wp\/v2\/product_cat?post=2917"},{"taxonomy":"product_tag","embeddable":true,"href":"https:\/\/wakan.ec\/index.php\/wp-json\/wp\/v2\/product_tag?post=2917"}],"curies":[{"name":"wp","href":"https:\/\/api.w.org\/{rel}","templated":true}]}}