{"id":2863,"date":"2025-04-24T17:49:45","date_gmt":"2025-04-24T22:49:45","guid":{"rendered":"https:\/\/wakan.ec\/?post_type=product&#038;p=2863"},"modified":"2025-11-10T11:38:45","modified_gmt":"2025-11-10T16:38:45","slug":"back-4-blood-xbox-series-x","status":"publish","type":"product","link":"https:\/\/wakan.ec\/index.php\/producto\/back-4-blood-xbox-series-x\/","title":{"rendered":"Back 4 Blood &#8211; Xbox Series X"},"content":{"rendered":"<p>De los creadores de la aclamada franquicia Left 4 Dead, Back 4 Blood para Xbox Series X es un shooter cooperativo en primera persona.<\/p>\n<h4>Recupera el mundo<\/h4>\n<p>En el centro de la guerra contra los montados, hu\u00e9spedes que alguna vez fueron humanos se han convertido en criaturas aterradoras empe\u00f1adas en devorar lo que queda de la humanidad.<\/p>\n<p>Derrota a los infectados por un par\u00e1sito mortal, con la extinci\u00f3n de la humanidad en juego, depende de ti y de tus amigos llevar la lucha al enemigo, erradicar a los montados y recuperar el mundo.<\/p>\n<h4>Juega con amigos<\/h4>\n<p>\u00c1brete camino a trav\u00e9s de un peligroso mundo en una campa\u00f1a de historia cooperativa con hasta 4 jugadores.<\/p>\n<p>Supera las misiones cada vez m\u00e1s desafiantes, enfrenta a los infectados y trabaja en equipo para sobrevivir.<\/p>\n<p>Juega con amigos o PVP contra ellos, elige entre 8 limpiadores personalizables y una gama de armas y art\u00edculo letales que brindan una experiencia de juego insuperable.<\/p>\n<h4>Emociones al l\u00edmite<\/h4>\n<p>Disfruta esta aventura llena de infectados y misiones que ponen tu habilidad a prueba. Derrota a cada uno de ellos y completa el modo campa\u00f1a.<\/p>\n<p>Si te gust\u00f3 Left 4 Dead, las nuevas misiones te van a llenar de emociones a medida que avanzas a trav\u00e9s del juego.<\/p>\n<h4>Warner Bros Studios<\/h4>\n<p>Back 4 Blood es una producci\u00f3n de WB Games. Una conexi\u00f3n a internet es necesaria para acceder a todos los modos de juego.<\/p>\n<p>Requieres una suscripci\u00f3n a Xbox Live Gold para poder jugar los modos cooperativos.<\/p>\n<p>Los idiomas disponibles son Ingl\u00e9s y Franc\u00e9s.<\/p>\n<p><a href=\"https:\/\/wakan.ec\/index.php\/product-category\/xbox\/\">Ver m\u00e1s de Xbox<\/a><\/p>\n<h4>En la caja<\/h4>\n<ul>\n<li>Disco Back 4 Blood &#8211; Xbox Series X <em>x1<\/em><\/li>\n<li>Contenido adicional <em>x1<\/em><\/li>\n<\/ul>\n","protected":false},"excerpt":{"rendered":"<p><em>Supera las misiones cada vez m\u00e1s desafiantes, enfrenta a los infectados y trabaja en equipo para sobrevivir.<\/em><\/p>\n<h4>Recupera el mundo<\/h4>\n<ul>\n<li>Derrota a los infectados por un par\u00e1sito mortal.<\/li>\n<li>\u00c1brete camino a trav\u00e9s de un peligroso mundo en una campa\u00f1a.<\/li>\n<li>Juega con amigos o PVP contra ellos,<\/li>\n<li>Modo cooperativo con hasta 4 jugadores.<\/li>\n<li>Compatible con Xbox Series X y Xbox One.<\/li>\n<\/ul>\n<h5>Rec\u00edbelo en todo el Ecuador<\/h5>\n<p>Nuevo y sellado<\/p>\n","protected":false},"featured_media":2858,"comment_status":"closed","ping_status":"closed","template":"","meta":{"site-sidebar-layout":"default","site-content-layout":"","ast-site-content-layout":"default","site-content-style":"default","site-sidebar-style":"default","ast-global-header-display":"","ast-banner-title-visibility":"","ast-main-header-display":"","ast-hfb-above-header-display":"","ast-hfb-below-header-display":"","ast-hfb-mobile-header-display":"","site-post-title":"","ast-breadcrumbs-content":"","ast-featured-img":"","footer-sml-layout":"","ast-disable-related-posts":"","theme-transparent-header-meta":"default","adv-header-id-meta":"","stick-header-meta":"","header-above-stick-meta":"","header-main-stick-meta":"","header-below-stick-meta":"","astra-migrate-meta-layouts":"set","ast-page-background-enabled":"default","ast-page-background-meta":{"desktop":{"background-color":"","background-image":"","background-repeat":"repeat","background-position":"center center","background-size":"auto","background-attachment":"scroll","background-type":"","background-media":"","overlay-type":"","overlay-color":"","overlay-opacity":"","overlay-gradient":""},"tablet":{"background-color":"","background-image":"","background-repeat":"repeat","background-position":"center center","background-size":"auto","background-attachment":"scroll","background-type":"","background-media":"","overlay-type":"","overlay-color":"","overlay-opacity":"","overlay-gradient":""},"mobile":{"background-color":"","background-image":"","background-repeat":"repeat","background-position":"center center","background-size":"auto","background-attachment":"scroll","background-type":"","background-media":"","overlay-type":"","overlay-color":"","overlay-opacity":"","overlay-gradient":""}},"ast-content-background-meta":{"desktop":{"background-color":"var(--ast-global-color-5)","background-image":"","background-repeat":"repeat","background-position":"center center","background-size":"auto","background-attachment":"scroll","background-type":"","background-media":"","overlay-type":"","overlay-color":"","overlay-opacity":"","overlay-gradient":""},"tablet":{"background-color":"var(--ast-global-color-5)","background-image":"","background-repeat":"repeat","background-position":"center center","background-size":"auto","background-attachment":"scroll","background-type":"","background-media":"","overlay-type":"","overlay-color":"","overlay-opacity":"","overlay-gradient":""},"mobile":{"background-color":"var(--ast-global-color-5)","background-image":"","background-repeat":"repeat","background-position":"center center","background-size":"auto","background-attachment":"scroll","background-type":"","background-media":"","overlay-type":"","overlay-color":"","overlay-opacity":"","overlay-gradient":""}}},"product_brand":[],"product_cat":[217],"product_tag":[],"class_list":{"0":"post-2863","1":"product","2":"type-product","3":"status-publish","4":"has-post-thumbnail","6":"product_cat-xbox","7":"desktop-align-left","8":"tablet-align-left","9":"mobile-align-left","11":"first","12":"outofstock","13":"sale","14":"purchasable","15":"product-type-simple"},"yoast_head":"<!-- This site is optimized with the Yoast SEO plugin v27.3 - https:\/\/yoast.com\/product\/yoast-seo-wordpress\/ -->\n<title>Back 4 Blood - Xbox Series X - Wakan.ec<\/title>\n<meta name=\"description\" content=\"Enfrenta criaturas aterradoras empe\u00f1adas en devorar lo que queda de la humanidad en Back 4 Blood para Xbox Series X. P\u00eddelo en todo el Ecuador.\" \/>\n<meta name=\"robots\" content=\"index, follow, max-snippet:-1, max-image-preview:large, max-video-preview:-1\" \/>\n<link rel=\"canonical\" href=\"https:\/\/wakan.ec\/index.php\/producto\/back-4-blood-xbox-series-x\/\" \/>\n<meta property=\"og:locale\" content=\"es_ES\" \/>\n<meta property=\"og:type\" content=\"article\" \/>\n<meta property=\"og:title\" content=\"Back 4 Blood - Xbox Series X - Wakan.ec\" \/>\n<meta property=\"og:description\" content=\"Enfrenta criaturas aterradoras empe\u00f1adas en devorar lo que queda de la humanidad en Back 4 Blood para Xbox Series X. P\u00eddelo en todo el Ecuador.\" \/>\n<meta property=\"og:url\" content=\"https:\/\/wakan.ec\/index.php\/producto\/back-4-blood-xbox-series-x\/\" \/>\n<meta property=\"og:site_name\" content=\"Wakan.ec\" \/>\n<meta property=\"article:publisher\" content=\"https:\/\/www.facebook.com\/wakantienda\" \/>\n<meta property=\"article:modified_time\" content=\"2025-11-10T16:38:45+00:00\" \/>\n<meta property=\"og:image\" content=\"https:\/\/wakan.ec\/wp-content\/uploads\/2025\/04\/4_20250424_085414_0003735142820466055903.png\" \/>\n\t<meta property=\"og:image:width\" content=\"1000\" \/>\n\t<meta property=\"og:image:height\" content=\"1000\" \/>\n\t<meta property=\"og:image:type\" content=\"image\/png\" \/>\n<meta name=\"twitter:card\" content=\"summary_large_image\" \/>\n<meta name=\"twitter:label1\" content=\"Tiempo de lectura\" \/>\n\t<meta name=\"twitter:data1\" content=\"2 minutos\" \/>\n<script type=\"application\/ld+json\" class=\"yoast-schema-graph\">{\"@context\":\"https:\\\/\\\/schema.org\",\"@graph\":[{\"@type\":\"WebPage\",\"@id\":\"https:\\\/\\\/wakan.ec\\\/index.php\\\/producto\\\/back-4-blood-xbox-series-x\\\/\",\"url\":\"https:\\\/\\\/wakan.ec\\\/index.php\\\/producto\\\/back-4-blood-xbox-series-x\\\/\",\"name\":\"Back 4 Blood - Xbox Series X - Wakan.ec\",\"isPartOf\":{\"@id\":\"https:\\\/\\\/wakan.ec\\\/#website\"},\"primaryImageOfPage\":{\"@id\":\"https:\\\/\\\/wakan.ec\\\/index.php\\\/producto\\\/back-4-blood-xbox-series-x\\\/#primaryimage\"},\"image\":{\"@id\":\"https:\\\/\\\/wakan.ec\\\/index.php\\\/producto\\\/back-4-blood-xbox-series-x\\\/#primaryimage\"},\"thumbnailUrl\":\"https:\\\/\\\/wakan.ec\\\/wp-content\\\/uploads\\\/2025\\\/04\\\/4_20250424_085414_0003735142820466055903.png\",\"datePublished\":\"2025-04-24T22:49:45+00:00\",\"dateModified\":\"2025-11-10T16:38:45+00:00\",\"description\":\"Enfrenta criaturas aterradoras empe\u00f1adas en devorar lo que queda de la humanidad en Back 4 Blood para Xbox Series X. P\u00eddelo en todo el Ecuador.\",\"breadcrumb\":{\"@id\":\"https:\\\/\\\/wakan.ec\\\/index.php\\\/producto\\\/back-4-blood-xbox-series-x\\\/#breadcrumb\"},\"inLanguage\":\"es\",\"potentialAction\":[{\"@type\":\"ReadAction\",\"target\":[\"https:\\\/\\\/wakan.ec\\\/index.php\\\/producto\\\/back-4-blood-xbox-series-x\\\/\"]}]},{\"@type\":\"ImageObject\",\"inLanguage\":\"es\",\"@id\":\"https:\\\/\\\/wakan.ec\\\/index.php\\\/producto\\\/back-4-blood-xbox-series-x\\\/#primaryimage\",\"url\":\"https:\\\/\\\/wakan.ec\\\/wp-content\\\/uploads\\\/2025\\\/04\\\/4_20250424_085414_0003735142820466055903.png\",\"contentUrl\":\"https:\\\/\\\/wakan.ec\\\/wp-content\\\/uploads\\\/2025\\\/04\\\/4_20250424_085414_0003735142820466055903.png\",\"width\":1000,\"height\":1000,\"caption\":\"Back 4 Blood - Xbox Series X - Ecuador\"},{\"@type\":\"BreadcrumbList\",\"@id\":\"https:\\\/\\\/wakan.ec\\\/index.php\\\/producto\\\/back-4-blood-xbox-series-x\\\/#breadcrumb\",\"itemListElement\":[{\"@type\":\"ListItem\",\"position\":1,\"name\":\"Portada\",\"item\":\"https:\\\/\\\/wakan.ec\\\/\"},{\"@type\":\"ListItem\",\"position\":2,\"name\":\"Wakan.ec\",\"item\":\"https:\\\/\\\/wakan.ec\\\/\"},{\"@type\":\"ListItem\",\"position\":3,\"name\":\"Back 4 Blood &#8211; Xbox Series X\"}]},{\"@type\":\"WebSite\",\"@id\":\"https:\\\/\\\/wakan.ec\\\/#website\",\"url\":\"https:\\\/\\\/wakan.ec\\\/\",\"name\":\"Wakan.ec\",\"description\":\"Tech - Fitness, entretenimiento y productividad.\",\"publisher\":{\"@id\":\"https:\\\/\\\/wakan.ec\\\/#organization\"},\"potentialAction\":[{\"@type\":\"SearchAction\",\"target\":{\"@type\":\"EntryPoint\",\"urlTemplate\":\"https:\\\/\\\/wakan.ec\\\/?s={search_term_string}\"},\"query-input\":{\"@type\":\"PropertyValueSpecification\",\"valueRequired\":true,\"valueName\":\"search_term_string\"}}],\"inLanguage\":\"es\"},{\"@type\":\"Organization\",\"@id\":\"https:\\\/\\\/wakan.ec\\\/#organization\",\"name\":\"Wak\u00e1n\",\"url\":\"https:\\\/\\\/wakan.ec\\\/\",\"logo\":{\"@type\":\"ImageObject\",\"inLanguage\":\"es\",\"@id\":\"https:\\\/\\\/wakan.ec\\\/#\\\/schema\\\/logo\\\/image\\\/\",\"url\":\"https:\\\/\\\/wakan.ec\\\/wp-content\\\/uploads\\\/2021\\\/12\\\/wakan-Logo.png\",\"contentUrl\":\"https:\\\/\\\/wakan.ec\\\/wp-content\\\/uploads\\\/2021\\\/12\\\/wakan-Logo.png\",\"width\":1080,\"height\":1080,\"caption\":\"Wak\u00e1n\"},\"image\":{\"@id\":\"https:\\\/\\\/wakan.ec\\\/#\\\/schema\\\/logo\\\/image\\\/\"},\"sameAs\":[\"https:\\\/\\\/www.facebook.com\\\/wakantienda\",\"https:\\\/\\\/www.instagram.com\\\/wakantienda\",\"https:\\\/\\\/www.youtube.com\\\/wakan\"]}]}<\/script>\n<!-- \/ Yoast SEO plugin. -->","yoast_head_json":{"title":"Back 4 Blood - Xbox Series X - Wakan.ec","description":"Enfrenta criaturas aterradoras empe\u00f1adas en devorar lo que queda de la humanidad en Back 4 Blood para Xbox Series X. P\u00eddelo en todo el Ecuador.","robots":{"index":"index","follow":"follow","max-snippet":"max-snippet:-1","max-image-preview":"max-image-preview:large","max-video-preview":"max-video-preview:-1"},"canonical":"https:\/\/wakan.ec\/index.php\/producto\/back-4-blood-xbox-series-x\/","og_locale":"es_ES","og_type":"article","og_title":"Back 4 Blood - Xbox Series X - Wakan.ec","og_description":"Enfrenta criaturas aterradoras empe\u00f1adas en devorar lo que queda de la humanidad en Back 4 Blood para Xbox Series X. P\u00eddelo en todo el Ecuador.","og_url":"https:\/\/wakan.ec\/index.php\/producto\/back-4-blood-xbox-series-x\/","og_site_name":"Wakan.ec","article_publisher":"https:\/\/www.facebook.com\/wakantienda","article_modified_time":"2025-11-10T16:38:45+00:00","og_image":[{"width":1000,"height":1000,"url":"https:\/\/wakan.ec\/wp-content\/uploads\/2025\/04\/4_20250424_085414_0003735142820466055903.png","type":"image\/png"}],"twitter_card":"summary_large_image","twitter_misc":{"Tiempo de lectura":"2 minutos"},"schema":{"@context":"https:\/\/schema.org","@graph":[{"@type":"WebPage","@id":"https:\/\/wakan.ec\/index.php\/producto\/back-4-blood-xbox-series-x\/","url":"https:\/\/wakan.ec\/index.php\/producto\/back-4-blood-xbox-series-x\/","name":"Back 4 Blood - Xbox Series X - Wakan.ec","isPartOf":{"@id":"https:\/\/wakan.ec\/#website"},"primaryImageOfPage":{"@id":"https:\/\/wakan.ec\/index.php\/producto\/back-4-blood-xbox-series-x\/#primaryimage"},"image":{"@id":"https:\/\/wakan.ec\/index.php\/producto\/back-4-blood-xbox-series-x\/#primaryimage"},"thumbnailUrl":"https:\/\/wakan.ec\/wp-content\/uploads\/2025\/04\/4_20250424_085414_0003735142820466055903.png","datePublished":"2025-04-24T22:49:45+00:00","dateModified":"2025-11-10T16:38:45+00:00","description":"Enfrenta criaturas aterradoras empe\u00f1adas en devorar lo que queda de la humanidad en Back 4 Blood para Xbox Series X. P\u00eddelo en todo el Ecuador.","breadcrumb":{"@id":"https:\/\/wakan.ec\/index.php\/producto\/back-4-blood-xbox-series-x\/#breadcrumb"},"inLanguage":"es","potentialAction":[{"@type":"ReadAction","target":["https:\/\/wakan.ec\/index.php\/producto\/back-4-blood-xbox-series-x\/"]}]},{"@type":"ImageObject","inLanguage":"es","@id":"https:\/\/wakan.ec\/index.php\/producto\/back-4-blood-xbox-series-x\/#primaryimage","url":"https:\/\/wakan.ec\/wp-content\/uploads\/2025\/04\/4_20250424_085414_0003735142820466055903.png","contentUrl":"https:\/\/wakan.ec\/wp-content\/uploads\/2025\/04\/4_20250424_085414_0003735142820466055903.png","width":1000,"height":1000,"caption":"Back 4 Blood - Xbox Series X - Ecuador"},{"@type":"BreadcrumbList","@id":"https:\/\/wakan.ec\/index.php\/producto\/back-4-blood-xbox-series-x\/#breadcrumb","itemListElement":[{"@type":"ListItem","position":1,"name":"Portada","item":"https:\/\/wakan.ec\/"},{"@type":"ListItem","position":2,"name":"Wakan.ec","item":"https:\/\/wakan.ec\/"},{"@type":"ListItem","position":3,"name":"Back 4 Blood &#8211; Xbox Series X"}]},{"@type":"WebSite","@id":"https:\/\/wakan.ec\/#website","url":"https:\/\/wakan.ec\/","name":"Wakan.ec","description":"Tech - Fitness, entretenimiento y productividad.","publisher":{"@id":"https:\/\/wakan.ec\/#organization"},"potentialAction":[{"@type":"SearchAction","target":{"@type":"EntryPoint","urlTemplate":"https:\/\/wakan.ec\/?s={search_term_string}"},"query-input":{"@type":"PropertyValueSpecification","valueRequired":true,"valueName":"search_term_string"}}],"inLanguage":"es"},{"@type":"Organization","@id":"https:\/\/wakan.ec\/#organization","name":"Wak\u00e1n","url":"https:\/\/wakan.ec\/","logo":{"@type":"ImageObject","inLanguage":"es","@id":"https:\/\/wakan.ec\/#\/schema\/logo\/image\/","url":"https:\/\/wakan.ec\/wp-content\/uploads\/2021\/12\/wakan-Logo.png","contentUrl":"https:\/\/wakan.ec\/wp-content\/uploads\/2021\/12\/wakan-Logo.png","width":1080,"height":1080,"caption":"Wak\u00e1n"},"image":{"@id":"https:\/\/wakan.ec\/#\/schema\/logo\/image\/"},"sameAs":["https:\/\/www.facebook.com\/wakantienda","https:\/\/www.instagram.com\/wakantienda","https:\/\/www.youtube.com\/wakan"]}]}},"_links":{"self":[{"href":"https:\/\/wakan.ec\/index.php\/wp-json\/wp\/v2\/product\/2863","targetHints":{"allow":["GET"]}}],"collection":[{"href":"https:\/\/wakan.ec\/index.php\/wp-json\/wp\/v2\/product"}],"about":[{"href":"https:\/\/wakan.ec\/index.php\/wp-json\/wp\/v2\/types\/product"}],"replies":[{"embeddable":true,"href":"https:\/\/wakan.ec\/index.php\/wp-json\/wp\/v2\/comments?post=2863"}],"wp:featuredmedia":[{"embeddable":true,"href":"https:\/\/wakan.ec\/index.php\/wp-json\/wp\/v2\/media\/2858"}],"wp:attachment":[{"href":"https:\/\/wakan.ec\/index.php\/wp-json\/wp\/v2\/media?parent=2863"}],"wp:term":[{"taxonomy":"product_brand","embeddable":true,"href":"https:\/\/wakan.ec\/index.php\/wp-json\/wp\/v2\/product_brand?post=2863"},{"taxonomy":"product_cat","embeddable":true,"href":"https:\/\/wakan.ec\/index.php\/wp-json\/wp\/v2\/product_cat?post=2863"},{"taxonomy":"product_tag","embeddable":true,"href":"https:\/\/wakan.ec\/index.php\/wp-json\/wp\/v2\/product_tag?post=2863"}],"curies":[{"name":"wp","href":"https:\/\/api.w.org\/{rel}","templated":true}]}}