{"id":2849,"date":"2025-04-22T14:31:16","date_gmt":"2025-04-22T19:31:16","guid":{"rendered":"https:\/\/wakan.ec\/?post_type=product&#038;p=2849"},"modified":"2026-03-05T11:12:12","modified_gmt":"2026-03-05T16:12:12","slug":"huawei-nova-13-pro-negro","status":"publish","type":"product","link":"https:\/\/wakan.ec\/index.php\/producto\/huawei-nova-13-pro-negro\/","title":{"rendered":"Huawei Nova 13 Pro &#8211; Negro"},"content":{"rendered":"<p>Captura momentos inolvidables con el Huawei Nova 13 Pro Negro con C\u00e1mara Selfie de 60 MP y modo retrato ajustable.<\/p>\n<h4>Tomas asombrosas<\/h4>\n<p>La c\u00e1mara principal de 50 MP con sensor de enfoque l\u00e1ser, Macro Ultra gran angular de 8 MP y C\u00e1mara Retrato Teleobjetivo de 12 MP con Zoom \u00d3ptico 3x captura im\u00e1genes maravillosas de cerca y de lejos.<\/p>\n<p>C\u00e1mara Selfie de 60 MP con autoenfoque ultra amplio, calidad de imagen 4K y c\u00e1mara Selfie para retrato de 8MP.<\/p>\n<h4>Estilo retrato<\/h4>\n<p>Elige entre acabados naturales y delicados o estilizados. Eleva tu fotograf\u00eda con el Motor Retrato XD que realza los contornos faciales, refina la textura de la piel y equilibra perfectamente luz y sombras.<\/p>\n<p>Convierte cada retrato en una obra maestra. Capta tu belleza cualquier distancia, instant\u00e1neas con impresionantes paisajes, retratos que revelan tus emociones y exquisitos primeros planos.<\/p>\n<p>La apertura f\u00edsica ajustable se adapta de forma inteligente en funci\u00f3n de la escena que tengas delante para captar todo, paisajes, personas, grupos, mascotas y m\u00e1s.<\/p>\n<h4>Fotograf\u00eda sin l\u00edmites<\/h4>\n<p>Congela momentos alegres y descubre el brillo de la vida en cada fotograma. Selecciona la mejor expresi\u00f3n entre varias de grupo para que todos salgan lo mejor posible.<\/p>\n<p>Potente bater\u00eda de 5000 mAh para todo el d\u00eda, Huawei Super Charge Turbo de 100 Watts, se carga al 50% en solo 9 minutos. La protecci\u00f3n de carga nocturna y sobrecarga prolongan eficazmente la duraci\u00f3n de la bater\u00eda.<\/p>\n<p>La pantalla Flawless Quad-Curved de 6.76&#8243; brinda un deleite visual la calidad de imagen es clara y vibrante a\u00fan en condiciones de poca luz.<\/p>\n<p>Cada escena luce brillante con la resoluci\u00f3n 1.5 K, AI HDR hasta 120 Hz.<\/p>\n<h4>EMUI 14.2<\/h4>\n<p>Diversi\u00f3n para todos, selecciona, crea, interact\u00faa. Los nuevos temas expresan tu actitud \u00fanica. A\u00f1ade tus elementos favoritos e incluso im\u00e1genes recortadas de tu galer\u00eda en forma de stickers.<\/p>\n<p>Deja volar tu creatividad con infinitas posibilidades de dise\u00f1o.<\/p>\n<p>Escudo extra seguridad adicional con m\u00faltiples capas de seguridad de privacidad e informaci\u00f3n personal permanece sana y salva.<\/p>\n<h4>En la caja<\/h4>\n<ul>\n<li>Huawei Nova 13 Pro Negro <em>x1<\/em><\/li>\n<li>Cargador <em>x1<\/em><\/li>\n<li>Cable Tipo-C <em>x1<\/em><\/li>\n<li>Funda clara flexible <em>x1<\/em><\/li>\n<li>Gu\u00eda de inicio r\u00e1pido <em>x1<\/em><\/li>\n<li>Herramienta de expulsi\u00f3n de SIM <em>x1<\/em><\/li>\n<li>Tarjeta de garant\u00eda de 12 meses <em>x1<\/em><\/li>\n<li>Pel\u00edcula protectora adherida al tel\u00e9fono <em>x1<\/em><\/li>\n<\/ul>\n","protected":false},"excerpt":{"rendered":"<p><em>Captura momentos inolvidables desde todos los \u00e1ngulos.<\/em><\/p>\n<h4>Fotograf\u00eda sin l\u00edmites<\/h4>\n<ul>\n<li>Potente c\u00e1mara Selfie Dual Ultra Retrato de 60 MP.<\/li>\n<li>C\u00e1mara principal de 50 MP con apertura ajustable.<\/li>\n<li>Retratos grupales con IA para fotos incre\u00edbles.<\/li>\n<li>Pantalla Quad Curve 1.5 K de 6.76&#8243;.<\/li>\n<li>Memoria de 12 GB + 512 GB.<\/li>\n<\/ul>\n<h5>P\u00eddelo en todo el Ecuador<\/h5>\n<p>Nuevo y sellado<\/p>\n","protected":false},"featured_media":2846,"comment_status":"closed","ping_status":"closed","template":"","meta":{"site-sidebar-layout":"default","site-content-layout":"","ast-site-content-layout":"default","site-content-style":"default","site-sidebar-style":"default","ast-global-header-display":"","ast-banner-title-visibility":"","ast-main-header-display":"","ast-hfb-above-header-display":"","ast-hfb-below-header-display":"","ast-hfb-mobile-header-display":"","site-post-title":"","ast-breadcrumbs-content":"","ast-featured-img":"","footer-sml-layout":"","ast-disable-related-posts":"","theme-transparent-header-meta":"default","adv-header-id-meta":"","stick-header-meta":"","header-above-stick-meta":"","header-main-stick-meta":"","header-below-stick-meta":"","astra-migrate-meta-layouts":"set","ast-page-background-enabled":"default","ast-page-background-meta":{"desktop":{"background-color":"","background-image":"","background-repeat":"repeat","background-position":"center center","background-size":"auto","background-attachment":"scroll","background-type":"","background-media":"","overlay-type":"","overlay-color":"","overlay-opacity":"","overlay-gradient":""},"tablet":{"background-color":"","background-image":"","background-repeat":"repeat","background-position":"center center","background-size":"auto","background-attachment":"scroll","background-type":"","background-media":"","overlay-type":"","overlay-color":"","overlay-opacity":"","overlay-gradient":""},"mobile":{"background-color":"","background-image":"","background-repeat":"repeat","background-position":"center center","background-size":"auto","background-attachment":"scroll","background-type":"","background-media":"","overlay-type":"","overlay-color":"","overlay-opacity":"","overlay-gradient":""}},"ast-content-background-meta":{"desktop":{"background-color":"var(--ast-global-color-5)","background-image":"","background-repeat":"repeat","background-position":"center center","background-size":"auto","background-attachment":"scroll","background-type":"","background-media":"","overlay-type":"","overlay-color":"","overlay-opacity":"","overlay-gradient":""},"tablet":{"background-color":"var(--ast-global-color-5)","background-image":"","background-repeat":"repeat","background-position":"center center","background-size":"auto","background-attachment":"scroll","background-type":"","background-media":"","overlay-type":"","overlay-color":"","overlay-opacity":"","overlay-gradient":""},"mobile":{"background-color":"var(--ast-global-color-5)","background-image":"","background-repeat":"repeat","background-position":"center center","background-size":"auto","background-attachment":"scroll","background-type":"","background-media":"","overlay-type":"","overlay-color":"","overlay-opacity":"","overlay-gradient":""}}},"product_brand":[],"product_cat":[228],"product_tag":[],"class_list":{"0":"post-2849","1":"product","2":"type-product","3":"status-publish","4":"has-post-thumbnail","6":"product_cat-huawei-nova-13-series","7":"desktop-align-left","8":"tablet-align-left","9":"mobile-align-left","11":"first","12":"outofstock","13":"product-type-simple"},"yoast_head":"<!-- This site is optimized with the Yoast SEO plugin v27.5 - https:\/\/yoast.com\/product\/yoast-seo-wordpress\/ -->\n<title>Huawei Nova 13 Pro - Negro - Wakan.ec<\/title>\n<meta name=\"description\" content=\"Fotograf\u00eda sin l\u00edmites con el Huawei Nova 13 Pro Negro. Con c\u00e1mara Selfie de 60 MP y captura inteligente con IA. Rec\u00edbelo en todo el Ecuador.\" \/>\n<meta name=\"robots\" content=\"index, follow, max-snippet:-1, max-image-preview:large, max-video-preview:-1\" \/>\n<link rel=\"canonical\" href=\"https:\/\/wakan.ec\/index.php\/producto\/huawei-nova-13-pro-negro\/\" \/>\n<meta property=\"og:locale\" content=\"es_ES\" \/>\n<meta property=\"og:type\" content=\"article\" \/>\n<meta property=\"og:title\" content=\"Huawei Nova 13 Pro - Negro - Wakan.ec\" \/>\n<meta property=\"og:description\" content=\"Fotograf\u00eda sin l\u00edmites con el Huawei Nova 13 Pro Negro. Con c\u00e1mara Selfie de 60 MP y captura inteligente con IA. Rec\u00edbelo en todo el Ecuador.\" \/>\n<meta property=\"og:url\" content=\"https:\/\/wakan.ec\/index.php\/producto\/huawei-nova-13-pro-negro\/\" \/>\n<meta property=\"og:site_name\" content=\"Wakan.ec\" \/>\n<meta property=\"article:publisher\" content=\"https:\/\/www.facebook.com\/wakantienda\" \/>\n<meta property=\"article:modified_time\" content=\"2026-03-05T16:12:12+00:00\" \/>\n<meta property=\"og:image\" content=\"https:\/\/wakan.ec\/wp-content\/uploads\/2025\/04\/huawei-nova-13-pro-negro_20250421_180359_00009074622680777082691.png\" \/>\n\t<meta property=\"og:image:width\" content=\"1000\" \/>\n\t<meta property=\"og:image:height\" content=\"1000\" \/>\n\t<meta property=\"og:image:type\" content=\"image\/png\" \/>\n<meta name=\"twitter:card\" content=\"summary_large_image\" \/>\n<meta name=\"twitter:label1\" content=\"Tiempo de lectura\" \/>\n\t<meta name=\"twitter:data1\" content=\"2 minutos\" \/>\n<script type=\"application\/ld+json\" class=\"yoast-schema-graph\">{\"@context\":\"https:\\\/\\\/schema.org\",\"@graph\":[{\"@type\":\"WebPage\",\"@id\":\"https:\\\/\\\/wakan.ec\\\/index.php\\\/producto\\\/huawei-nova-13-pro-negro\\\/\",\"url\":\"https:\\\/\\\/wakan.ec\\\/index.php\\\/producto\\\/huawei-nova-13-pro-negro\\\/\",\"name\":\"Huawei Nova 13 Pro - Negro - Wakan.ec\",\"isPartOf\":{\"@id\":\"https:\\\/\\\/wakan.ec\\\/#website\"},\"primaryImageOfPage\":{\"@id\":\"https:\\\/\\\/wakan.ec\\\/index.php\\\/producto\\\/huawei-nova-13-pro-negro\\\/#primaryimage\"},\"image\":{\"@id\":\"https:\\\/\\\/wakan.ec\\\/index.php\\\/producto\\\/huawei-nova-13-pro-negro\\\/#primaryimage\"},\"thumbnailUrl\":\"https:\\\/\\\/wakan.ec\\\/wp-content\\\/uploads\\\/2025\\\/04\\\/huawei-nova-13-pro-negro_20250421_180359_00009074622680777082691.png\",\"datePublished\":\"2025-04-22T19:31:16+00:00\",\"dateModified\":\"2026-03-05T16:12:12+00:00\",\"description\":\"Fotograf\u00eda sin l\u00edmites con el Huawei Nova 13 Pro Negro. Con c\u00e1mara Selfie de 60 MP y captura inteligente con IA. Rec\u00edbelo en todo el Ecuador.\",\"breadcrumb\":{\"@id\":\"https:\\\/\\\/wakan.ec\\\/index.php\\\/producto\\\/huawei-nova-13-pro-negro\\\/#breadcrumb\"},\"inLanguage\":\"es\",\"potentialAction\":[{\"@type\":\"ReadAction\",\"target\":[\"https:\\\/\\\/wakan.ec\\\/index.php\\\/producto\\\/huawei-nova-13-pro-negro\\\/\"]}]},{\"@type\":\"ImageObject\",\"inLanguage\":\"es\",\"@id\":\"https:\\\/\\\/wakan.ec\\\/index.php\\\/producto\\\/huawei-nova-13-pro-negro\\\/#primaryimage\",\"url\":\"https:\\\/\\\/wakan.ec\\\/wp-content\\\/uploads\\\/2025\\\/04\\\/huawei-nova-13-pro-negro_20250421_180359_00009074622680777082691.png\",\"contentUrl\":\"https:\\\/\\\/wakan.ec\\\/wp-content\\\/uploads\\\/2025\\\/04\\\/huawei-nova-13-pro-negro_20250421_180359_00009074622680777082691.png\",\"width\":1000,\"height\":1000,\"caption\":\"Huawei Nova 13 Pro - Negro - Ecuador\"},{\"@type\":\"BreadcrumbList\",\"@id\":\"https:\\\/\\\/wakan.ec\\\/index.php\\\/producto\\\/huawei-nova-13-pro-negro\\\/#breadcrumb\",\"itemListElement\":[{\"@type\":\"ListItem\",\"position\":1,\"name\":\"Portada\",\"item\":\"https:\\\/\\\/wakan.ec\\\/\"},{\"@type\":\"ListItem\",\"position\":2,\"name\":\"Huawei Nova 13 Pro &#8211; Negro\"}]},{\"@type\":\"WebSite\",\"@id\":\"https:\\\/\\\/wakan.ec\\\/#website\",\"url\":\"https:\\\/\\\/wakan.ec\\\/\",\"name\":\"Wakan.ec\",\"description\":\"Tech - Fitness, entretenimiento y productividad.\",\"publisher\":{\"@id\":\"https:\\\/\\\/wakan.ec\\\/#organization\"},\"potentialAction\":[{\"@type\":\"SearchAction\",\"target\":{\"@type\":\"EntryPoint\",\"urlTemplate\":\"https:\\\/\\\/wakan.ec\\\/?s={search_term_string}\"},\"query-input\":{\"@type\":\"PropertyValueSpecification\",\"valueRequired\":true,\"valueName\":\"search_term_string\"}}],\"inLanguage\":\"es\"},{\"@type\":\"Organization\",\"@id\":\"https:\\\/\\\/wakan.ec\\\/#organization\",\"name\":\"Wak\u00e1n\",\"url\":\"https:\\\/\\\/wakan.ec\\\/\",\"logo\":{\"@type\":\"ImageObject\",\"inLanguage\":\"es\",\"@id\":\"https:\\\/\\\/wakan.ec\\\/#\\\/schema\\\/logo\\\/image\\\/\",\"url\":\"https:\\\/\\\/wakan.ec\\\/wp-content\\\/uploads\\\/2021\\\/12\\\/wakan-Logo.png\",\"contentUrl\":\"https:\\\/\\\/wakan.ec\\\/wp-content\\\/uploads\\\/2021\\\/12\\\/wakan-Logo.png\",\"width\":1080,\"height\":1080,\"caption\":\"Wak\u00e1n\"},\"image\":{\"@id\":\"https:\\\/\\\/wakan.ec\\\/#\\\/schema\\\/logo\\\/image\\\/\"},\"sameAs\":[\"https:\\\/\\\/www.facebook.com\\\/wakantienda\",\"https:\\\/\\\/www.instagram.com\\\/wakantienda\",\"https:\\\/\\\/www.youtube.com\\\/wakan\"]}]}<\/script>\n<!-- \/ Yoast SEO plugin. -->","yoast_head_json":{"title":"Huawei Nova 13 Pro - Negro - Wakan.ec","description":"Fotograf\u00eda sin l\u00edmites con el Huawei Nova 13 Pro Negro. Con c\u00e1mara Selfie de 60 MP y captura inteligente con IA. Rec\u00edbelo en todo el Ecuador.","robots":{"index":"index","follow":"follow","max-snippet":"max-snippet:-1","max-image-preview":"max-image-preview:large","max-video-preview":"max-video-preview:-1"},"canonical":"https:\/\/wakan.ec\/index.php\/producto\/huawei-nova-13-pro-negro\/","og_locale":"es_ES","og_type":"article","og_title":"Huawei Nova 13 Pro - Negro - Wakan.ec","og_description":"Fotograf\u00eda sin l\u00edmites con el Huawei Nova 13 Pro Negro. Con c\u00e1mara Selfie de 60 MP y captura inteligente con IA. Rec\u00edbelo en todo el Ecuador.","og_url":"https:\/\/wakan.ec\/index.php\/producto\/huawei-nova-13-pro-negro\/","og_site_name":"Wakan.ec","article_publisher":"https:\/\/www.facebook.com\/wakantienda","article_modified_time":"2026-03-05T16:12:12+00:00","og_image":[{"width":1000,"height":1000,"url":"https:\/\/wakan.ec\/wp-content\/uploads\/2025\/04\/huawei-nova-13-pro-negro_20250421_180359_00009074622680777082691.png","type":"image\/png"}],"twitter_card":"summary_large_image","twitter_misc":{"Tiempo de lectura":"2 minutos"},"schema":{"@context":"https:\/\/schema.org","@graph":[{"@type":"WebPage","@id":"https:\/\/wakan.ec\/index.php\/producto\/huawei-nova-13-pro-negro\/","url":"https:\/\/wakan.ec\/index.php\/producto\/huawei-nova-13-pro-negro\/","name":"Huawei Nova 13 Pro - Negro - Wakan.ec","isPartOf":{"@id":"https:\/\/wakan.ec\/#website"},"primaryImageOfPage":{"@id":"https:\/\/wakan.ec\/index.php\/producto\/huawei-nova-13-pro-negro\/#primaryimage"},"image":{"@id":"https:\/\/wakan.ec\/index.php\/producto\/huawei-nova-13-pro-negro\/#primaryimage"},"thumbnailUrl":"https:\/\/wakan.ec\/wp-content\/uploads\/2025\/04\/huawei-nova-13-pro-negro_20250421_180359_00009074622680777082691.png","datePublished":"2025-04-22T19:31:16+00:00","dateModified":"2026-03-05T16:12:12+00:00","description":"Fotograf\u00eda sin l\u00edmites con el Huawei Nova 13 Pro Negro. Con c\u00e1mara Selfie de 60 MP y captura inteligente con IA. Rec\u00edbelo en todo el Ecuador.","breadcrumb":{"@id":"https:\/\/wakan.ec\/index.php\/producto\/huawei-nova-13-pro-negro\/#breadcrumb"},"inLanguage":"es","potentialAction":[{"@type":"ReadAction","target":["https:\/\/wakan.ec\/index.php\/producto\/huawei-nova-13-pro-negro\/"]}]},{"@type":"ImageObject","inLanguage":"es","@id":"https:\/\/wakan.ec\/index.php\/producto\/huawei-nova-13-pro-negro\/#primaryimage","url":"https:\/\/wakan.ec\/wp-content\/uploads\/2025\/04\/huawei-nova-13-pro-negro_20250421_180359_00009074622680777082691.png","contentUrl":"https:\/\/wakan.ec\/wp-content\/uploads\/2025\/04\/huawei-nova-13-pro-negro_20250421_180359_00009074622680777082691.png","width":1000,"height":1000,"caption":"Huawei Nova 13 Pro - Negro - Ecuador"},{"@type":"BreadcrumbList","@id":"https:\/\/wakan.ec\/index.php\/producto\/huawei-nova-13-pro-negro\/#breadcrumb","itemListElement":[{"@type":"ListItem","position":1,"name":"Portada","item":"https:\/\/wakan.ec\/"},{"@type":"ListItem","position":2,"name":"Huawei Nova 13 Pro &#8211; Negro"}]},{"@type":"WebSite","@id":"https:\/\/wakan.ec\/#website","url":"https:\/\/wakan.ec\/","name":"Wakan.ec","description":"Tech - Fitness, entretenimiento y productividad.","publisher":{"@id":"https:\/\/wakan.ec\/#organization"},"potentialAction":[{"@type":"SearchAction","target":{"@type":"EntryPoint","urlTemplate":"https:\/\/wakan.ec\/?s={search_term_string}"},"query-input":{"@type":"PropertyValueSpecification","valueRequired":true,"valueName":"search_term_string"}}],"inLanguage":"es"},{"@type":"Organization","@id":"https:\/\/wakan.ec\/#organization","name":"Wak\u00e1n","url":"https:\/\/wakan.ec\/","logo":{"@type":"ImageObject","inLanguage":"es","@id":"https:\/\/wakan.ec\/#\/schema\/logo\/image\/","url":"https:\/\/wakan.ec\/wp-content\/uploads\/2021\/12\/wakan-Logo.png","contentUrl":"https:\/\/wakan.ec\/wp-content\/uploads\/2021\/12\/wakan-Logo.png","width":1080,"height":1080,"caption":"Wak\u00e1n"},"image":{"@id":"https:\/\/wakan.ec\/#\/schema\/logo\/image\/"},"sameAs":["https:\/\/www.facebook.com\/wakantienda","https:\/\/www.instagram.com\/wakantienda","https:\/\/www.youtube.com\/wakan"]}]}},"_links":{"self":[{"href":"https:\/\/wakan.ec\/index.php\/wp-json\/wp\/v2\/product\/2849","targetHints":{"allow":["GET"]}}],"collection":[{"href":"https:\/\/wakan.ec\/index.php\/wp-json\/wp\/v2\/product"}],"about":[{"href":"https:\/\/wakan.ec\/index.php\/wp-json\/wp\/v2\/types\/product"}],"replies":[{"embeddable":true,"href":"https:\/\/wakan.ec\/index.php\/wp-json\/wp\/v2\/comments?post=2849"}],"wp:featuredmedia":[{"embeddable":true,"href":"https:\/\/wakan.ec\/index.php\/wp-json\/wp\/v2\/media\/2846"}],"wp:attachment":[{"href":"https:\/\/wakan.ec\/index.php\/wp-json\/wp\/v2\/media?parent=2849"}],"wp:term":[{"taxonomy":"product_brand","embeddable":true,"href":"https:\/\/wakan.ec\/index.php\/wp-json\/wp\/v2\/product_brand?post=2849"},{"taxonomy":"product_cat","embeddable":true,"href":"https:\/\/wakan.ec\/index.php\/wp-json\/wp\/v2\/product_cat?post=2849"},{"taxonomy":"product_tag","embeddable":true,"href":"https:\/\/wakan.ec\/index.php\/wp-json\/wp\/v2\/product_tag?post=2849"}],"curies":[{"name":"wp","href":"https:\/\/api.w.org\/{rel}","templated":true}]}}