{"id":2755,"date":"2025-03-12T15:33:57","date_gmt":"2025-03-12T20:33:57","guid":{"rendered":"https:\/\/wakan.ec\/?post_type=product&#038;p=2755"},"modified":"2026-04-14T12:01:46","modified_gmt":"2026-04-14T17:01:46","slug":"huawei-band-10-morado-aluminio","status":"publish","type":"product","link":"https:\/\/wakan.ec\/index.php\/producto\/huawei-band-10-morado-aluminio\/","title":{"rendered":"Huawei Band 10 &#8211; Morado &#8211; Aluminio"},"content":{"rendered":"<p>Con caja en <em>aleaci\u00f3n de aluminio pulido<\/em>, monitoreo de sue\u00f1o avanzado y asistente de bienestar emocional el Huawei Band 10 Morado te acompa\u00f1a todo el d\u00eda.<\/p>\n<h4>Siempre c\u00f3moda<\/h4>\n<p>Dise\u00f1ada con un ajuste ventilado y correas de fluorolast\u00f3mero amables con la piel, <em>se puede llevar a toda hora<\/em> sin agotarte, tanto si est\u00e1s descansando o realizando ejercicio.<\/p>\n<p>Siente las superficies texturizadas y los asombrosos detalles de su caja de aleaci\u00f3n de aluminio pulida mediante procesos avanzados para un aspecto maravilloso.<\/p>\n<p>Ultra delgada con <em>8.9 mm de grosor<\/em> y ultra ligera de tan solo <em>15 gramos<\/em>.<\/p>\n<h4>Salud digital 24\/7<\/h4>\n<p><em>Descubre m\u00e1s de tu sue\u00f1o<\/em>, conoce tu frecuencia card\u00edaca mientras duermes, al despertar, revisa tus horas de sue\u00f1o profundo, las veces que te has despertado y la calidad de la respiraci\u00f3n.<\/p>\n<p>Mira tus emociones ordenadas por d\u00eda semana, mes y a\u00f1o. La <em>app de bienestar emocional<\/em> te informa con tem\u00e1ticas de mascotas que te muestran tu estado de \u00e1nimo en cada momento.<\/p>\n<p><em>An\u00e1lisis de arritmias, ritmo card\u00edaco y SpO2<\/em> en un vistazo. Gesti\u00f3n del estr\u00e9s, funciones pensadas para la salud de la mujer y reportes para la salud de toda tu familia.<\/p>\n<h4>Tu compa\u00f1ero<\/h4>\n<p>Lleva tu entrenamiento el siguiente nivel con <em>100 modos de entrenamiento<\/em>, datos ultra precisos de nataci\u00f3n y anillos de actividad.<\/p>\n<p>Encuentra tu tel\u00e9fono, no te pierdas ninguna llamada y cumple cada tarea de tu agenda.<\/p>\n<p><em>Funciones inteligentes<\/em> en tu mu\u00f1eca, linterna, temporizador, obturador remoto, clima, notificaciones, alarma y m\u00e1s.<\/p>\n<p>C\u00e1rgala durante 5 minutos y \u00fasala durante 2 d\u00edas, una carga de 45 minutos te permite disfruta hasta 14 d\u00edas de bater\u00eda.<\/p>\n<p><em>Huawei Band 10 &#8211; Morado es compatible con iOS y Android.<\/em><\/p>\n<h4>En la caja<\/h4>\n<ul>\n<li>Huawei Band 10 &#8211; Morado <em>x1<\/em><\/li>\n<li>Pin de carga <em>x1<\/em><\/li>\n<li>Tarjeta de garant\u00eda <em>x1<\/em><\/li>\n<li>Gu\u00eda de inicio <em>x1<\/em><\/li>\n<\/ul>\n<h5>Huawei original con garant\u00eda<\/h5>\n","protected":false},"excerpt":{"rendered":"<p><em>Con hermoso marco de aluminio y correa de caucho fluorado que combina a la perfecci\u00f3n.\u00a0<\/em><\/p>\n<h4>Salud Digital 24\/7<\/h4>\n<ul>\n<li>An\u00e1lisis avanzado del sue\u00f1o y VFC media.<\/li>\n<li>Asistente de bienestar emocional.<\/li>\n<li>Monitoreo deportivo con IA.<\/li>\n<li>Hasta 14 d\u00edas de bater\u00eda con carga r\u00e1pida.<\/li>\n<li>Compatible con iOS y Android.<\/li>\n<\/ul>\n<h5>Rec\u00edbelo en todo el Ecuador<\/h5>\n<p>Estado: Nuevo\/Sellado<\/p>\n","protected":false},"featured_media":2758,"comment_status":"open","ping_status":"closed","template":"","meta":{"site-sidebar-layout":"default","site-content-layout":"","ast-site-content-layout":"default","site-content-style":"default","site-sidebar-style":"default","ast-global-header-display":"","ast-banner-title-visibility":"","ast-main-header-display":"","ast-hfb-above-header-display":"","ast-hfb-below-header-display":"","ast-hfb-mobile-header-display":"","site-post-title":"","ast-breadcrumbs-content":"","ast-featured-img":"","footer-sml-layout":"","ast-disable-related-posts":"","theme-transparent-header-meta":"default","adv-header-id-meta":"","stick-header-meta":"","header-above-stick-meta":"","header-main-stick-meta":"","header-below-stick-meta":"","astra-migrate-meta-layouts":"set","ast-page-background-enabled":"default","ast-page-background-meta":{"desktop":{"background-color":"","background-image":"","background-repeat":"repeat","background-position":"center center","background-size":"auto","background-attachment":"scroll","background-type":"","background-media":"","overlay-type":"","overlay-color":"","overlay-opacity":"","overlay-gradient":""},"tablet":{"background-color":"","background-image":"","background-repeat":"repeat","background-position":"center center","background-size":"auto","background-attachment":"scroll","background-type":"","background-media":"","overlay-type":"","overlay-color":"","overlay-opacity":"","overlay-gradient":""},"mobile":{"background-color":"","background-image":"","background-repeat":"repeat","background-position":"center center","background-size":"auto","background-attachment":"scroll","background-type":"","background-media":"","overlay-type":"","overlay-color":"","overlay-opacity":"","overlay-gradient":""}},"ast-content-background-meta":{"desktop":{"background-color":"var(--ast-global-color-5)","background-image":"","background-repeat":"repeat","background-position":"center center","background-size":"auto","background-attachment":"scroll","background-type":"","background-media":"","overlay-type":"","overlay-color":"","overlay-opacity":"","overlay-gradient":""},"tablet":{"background-color":"var(--ast-global-color-5)","background-image":"","background-repeat":"repeat","background-position":"center center","background-size":"auto","background-attachment":"scroll","background-type":"","background-media":"","overlay-type":"","overlay-color":"","overlay-opacity":"","overlay-gradient":""},"mobile":{"background-color":"var(--ast-global-color-5)","background-image":"","background-repeat":"repeat","background-position":"center center","background-size":"auto","background-attachment":"scroll","background-type":"","background-media":"","overlay-type":"","overlay-color":"","overlay-opacity":"","overlay-gradient":""}}},"product_brand":[],"product_cat":[227],"product_tag":[],"class_list":{"0":"post-2755","1":"product","2":"type-product","3":"status-publish","4":"has-post-thumbnail","6":"product_cat-huawei-band-10","7":"desktop-align-left","8":"tablet-align-left","9":"mobile-align-left","11":"first","12":"instock","13":"sale","14":"featured","15":"purchasable","16":"product-type-simple"},"yoast_head":"<!-- This site is optimized with the Yoast SEO plugin v27.5 - https:\/\/yoast.com\/product\/yoast-seo-wordpress\/ -->\n<title>Huawei Band 10 - Morado - Aluminio - Wakan.ec<\/title>\n<meta name=\"description\" content=\"Huawei Band 10 Morado con hermoso marco de aluminio y correa de fluoroelast\u00f3mero que combina a la perfecci\u00f3n.\u00a0Rec\u00edbelo en todo el Ecuador.\" \/>\n<meta name=\"robots\" content=\"index, follow, max-snippet:-1, max-image-preview:large, max-video-preview:-1\" \/>\n<link rel=\"canonical\" href=\"https:\/\/wakan.ec\/index.php\/producto\/huawei-band-10-morado-aluminio\/\" \/>\n<meta property=\"og:locale\" content=\"es_ES\" \/>\n<meta property=\"og:type\" content=\"article\" \/>\n<meta property=\"og:title\" content=\"Huawei Band 10 - Morado - Aluminio - Wakan.ec\" \/>\n<meta property=\"og:description\" content=\"Huawei Band 10 Morado con hermoso marco de aluminio y correa de fluoroelast\u00f3mero que combina a la perfecci\u00f3n.\u00a0Rec\u00edbelo en todo el Ecuador.\" \/>\n<meta property=\"og:url\" content=\"https:\/\/wakan.ec\/index.php\/producto\/huawei-band-10-morado-aluminio\/\" \/>\n<meta property=\"og:site_name\" content=\"Wakan.ec\" \/>\n<meta property=\"article:publisher\" content=\"https:\/\/www.facebook.com\/wakantienda\" \/>\n<meta property=\"article:modified_time\" content=\"2026-04-14T17:01:46+00:00\" \/>\n<meta property=\"og:image\" content=\"https:\/\/wakan.ec\/wp-content\/uploads\/2025\/03\/wp-17418121086042391550949869553119.png\" \/>\n\t<meta property=\"og:image:width\" content=\"1000\" \/>\n\t<meta property=\"og:image:height\" content=\"1000\" \/>\n\t<meta property=\"og:image:type\" content=\"image\/png\" \/>\n<meta name=\"twitter:card\" content=\"summary_large_image\" \/>\n<meta name=\"twitter:label1\" content=\"Tiempo de lectura\" \/>\n\t<meta name=\"twitter:data1\" content=\"2 minutos\" \/>\n<script type=\"application\/ld+json\" class=\"yoast-schema-graph\">{\"@context\":\"https:\\\/\\\/schema.org\",\"@graph\":[{\"@type\":\"WebPage\",\"@id\":\"https:\\\/\\\/wakan.ec\\\/index.php\\\/producto\\\/huawei-band-10-morado-aluminio\\\/\",\"url\":\"https:\\\/\\\/wakan.ec\\\/index.php\\\/producto\\\/huawei-band-10-morado-aluminio\\\/\",\"name\":\"Huawei Band 10 - Morado - Aluminio - Wakan.ec\",\"isPartOf\":{\"@id\":\"https:\\\/\\\/wakan.ec\\\/#website\"},\"primaryImageOfPage\":{\"@id\":\"https:\\\/\\\/wakan.ec\\\/index.php\\\/producto\\\/huawei-band-10-morado-aluminio\\\/#primaryimage\"},\"image\":{\"@id\":\"https:\\\/\\\/wakan.ec\\\/index.php\\\/producto\\\/huawei-band-10-morado-aluminio\\\/#primaryimage\"},\"thumbnailUrl\":\"https:\\\/\\\/wakan.ec\\\/wp-content\\\/uploads\\\/2025\\\/03\\\/wp-17418121086042391550949869553119.png\",\"datePublished\":\"2025-03-12T20:33:57+00:00\",\"dateModified\":\"2026-04-14T17:01:46+00:00\",\"description\":\"Huawei Band 10 Morado con hermoso marco de aluminio y correa de fluoroelast\u00f3mero que combina a la perfecci\u00f3n.\u00a0Rec\u00edbelo en todo el Ecuador.\",\"breadcrumb\":{\"@id\":\"https:\\\/\\\/wakan.ec\\\/index.php\\\/producto\\\/huawei-band-10-morado-aluminio\\\/#breadcrumb\"},\"inLanguage\":\"es\",\"potentialAction\":[{\"@type\":\"ReadAction\",\"target\":[\"https:\\\/\\\/wakan.ec\\\/index.php\\\/producto\\\/huawei-band-10-morado-aluminio\\\/\"]}]},{\"@type\":\"ImageObject\",\"inLanguage\":\"es\",\"@id\":\"https:\\\/\\\/wakan.ec\\\/index.php\\\/producto\\\/huawei-band-10-morado-aluminio\\\/#primaryimage\",\"url\":\"https:\\\/\\\/wakan.ec\\\/wp-content\\\/uploads\\\/2025\\\/03\\\/wp-17418121086042391550949869553119.png\",\"contentUrl\":\"https:\\\/\\\/wakan.ec\\\/wp-content\\\/uploads\\\/2025\\\/03\\\/wp-17418121086042391550949869553119.png\",\"width\":1000,\"height\":1000,\"caption\":\"Huawei Band 10 - Morado - Ecuador\"},{\"@type\":\"BreadcrumbList\",\"@id\":\"https:\\\/\\\/wakan.ec\\\/index.php\\\/producto\\\/huawei-band-10-morado-aluminio\\\/#breadcrumb\",\"itemListElement\":[{\"@type\":\"ListItem\",\"position\":1,\"name\":\"Portada\",\"item\":\"https:\\\/\\\/wakan.ec\\\/\"},{\"@type\":\"ListItem\",\"position\":2,\"name\":\"Huawei Band 10 &#8211; Morado &#8211; Aluminio\"}]},{\"@type\":\"WebSite\",\"@id\":\"https:\\\/\\\/wakan.ec\\\/#website\",\"url\":\"https:\\\/\\\/wakan.ec\\\/\",\"name\":\"Wakan.ec\",\"description\":\"Tech - Fitness, entretenimiento y productividad.\",\"publisher\":{\"@id\":\"https:\\\/\\\/wakan.ec\\\/#organization\"},\"potentialAction\":[{\"@type\":\"SearchAction\",\"target\":{\"@type\":\"EntryPoint\",\"urlTemplate\":\"https:\\\/\\\/wakan.ec\\\/?s={search_term_string}\"},\"query-input\":{\"@type\":\"PropertyValueSpecification\",\"valueRequired\":true,\"valueName\":\"search_term_string\"}}],\"inLanguage\":\"es\"},{\"@type\":\"Organization\",\"@id\":\"https:\\\/\\\/wakan.ec\\\/#organization\",\"name\":\"Wak\u00e1n\",\"url\":\"https:\\\/\\\/wakan.ec\\\/\",\"logo\":{\"@type\":\"ImageObject\",\"inLanguage\":\"es\",\"@id\":\"https:\\\/\\\/wakan.ec\\\/#\\\/schema\\\/logo\\\/image\\\/\",\"url\":\"https:\\\/\\\/wakan.ec\\\/wp-content\\\/uploads\\\/2021\\\/12\\\/wakan-Logo.png\",\"contentUrl\":\"https:\\\/\\\/wakan.ec\\\/wp-content\\\/uploads\\\/2021\\\/12\\\/wakan-Logo.png\",\"width\":1080,\"height\":1080,\"caption\":\"Wak\u00e1n\"},\"image\":{\"@id\":\"https:\\\/\\\/wakan.ec\\\/#\\\/schema\\\/logo\\\/image\\\/\"},\"sameAs\":[\"https:\\\/\\\/www.facebook.com\\\/wakantienda\",\"https:\\\/\\\/www.instagram.com\\\/wakantienda\",\"https:\\\/\\\/www.youtube.com\\\/wakan\"]}]}<\/script>\n<!-- \/ Yoast SEO plugin. -->","yoast_head_json":{"title":"Huawei Band 10 - Morado - Aluminio - Wakan.ec","description":"Huawei Band 10 Morado con hermoso marco de aluminio y correa de fluoroelast\u00f3mero que combina a la perfecci\u00f3n.\u00a0Rec\u00edbelo en todo el Ecuador.","robots":{"index":"index","follow":"follow","max-snippet":"max-snippet:-1","max-image-preview":"max-image-preview:large","max-video-preview":"max-video-preview:-1"},"canonical":"https:\/\/wakan.ec\/index.php\/producto\/huawei-band-10-morado-aluminio\/","og_locale":"es_ES","og_type":"article","og_title":"Huawei Band 10 - Morado - Aluminio - Wakan.ec","og_description":"Huawei Band 10 Morado con hermoso marco de aluminio y correa de fluoroelast\u00f3mero que combina a la perfecci\u00f3n.\u00a0Rec\u00edbelo en todo el Ecuador.","og_url":"https:\/\/wakan.ec\/index.php\/producto\/huawei-band-10-morado-aluminio\/","og_site_name":"Wakan.ec","article_publisher":"https:\/\/www.facebook.com\/wakantienda","article_modified_time":"2026-04-14T17:01:46+00:00","og_image":[{"width":1000,"height":1000,"url":"https:\/\/wakan.ec\/wp-content\/uploads\/2025\/03\/wp-17418121086042391550949869553119.png","type":"image\/png"}],"twitter_card":"summary_large_image","twitter_misc":{"Tiempo de lectura":"2 minutos"},"schema":{"@context":"https:\/\/schema.org","@graph":[{"@type":"WebPage","@id":"https:\/\/wakan.ec\/index.php\/producto\/huawei-band-10-morado-aluminio\/","url":"https:\/\/wakan.ec\/index.php\/producto\/huawei-band-10-morado-aluminio\/","name":"Huawei Band 10 - Morado - Aluminio - Wakan.ec","isPartOf":{"@id":"https:\/\/wakan.ec\/#website"},"primaryImageOfPage":{"@id":"https:\/\/wakan.ec\/index.php\/producto\/huawei-band-10-morado-aluminio\/#primaryimage"},"image":{"@id":"https:\/\/wakan.ec\/index.php\/producto\/huawei-band-10-morado-aluminio\/#primaryimage"},"thumbnailUrl":"https:\/\/wakan.ec\/wp-content\/uploads\/2025\/03\/wp-17418121086042391550949869553119.png","datePublished":"2025-03-12T20:33:57+00:00","dateModified":"2026-04-14T17:01:46+00:00","description":"Huawei Band 10 Morado con hermoso marco de aluminio y correa de fluoroelast\u00f3mero que combina a la perfecci\u00f3n.\u00a0Rec\u00edbelo en todo el Ecuador.","breadcrumb":{"@id":"https:\/\/wakan.ec\/index.php\/producto\/huawei-band-10-morado-aluminio\/#breadcrumb"},"inLanguage":"es","potentialAction":[{"@type":"ReadAction","target":["https:\/\/wakan.ec\/index.php\/producto\/huawei-band-10-morado-aluminio\/"]}]},{"@type":"ImageObject","inLanguage":"es","@id":"https:\/\/wakan.ec\/index.php\/producto\/huawei-band-10-morado-aluminio\/#primaryimage","url":"https:\/\/wakan.ec\/wp-content\/uploads\/2025\/03\/wp-17418121086042391550949869553119.png","contentUrl":"https:\/\/wakan.ec\/wp-content\/uploads\/2025\/03\/wp-17418121086042391550949869553119.png","width":1000,"height":1000,"caption":"Huawei Band 10 - Morado - Ecuador"},{"@type":"BreadcrumbList","@id":"https:\/\/wakan.ec\/index.php\/producto\/huawei-band-10-morado-aluminio\/#breadcrumb","itemListElement":[{"@type":"ListItem","position":1,"name":"Portada","item":"https:\/\/wakan.ec\/"},{"@type":"ListItem","position":2,"name":"Huawei Band 10 &#8211; Morado &#8211; Aluminio"}]},{"@type":"WebSite","@id":"https:\/\/wakan.ec\/#website","url":"https:\/\/wakan.ec\/","name":"Wakan.ec","description":"Tech - Fitness, entretenimiento y productividad.","publisher":{"@id":"https:\/\/wakan.ec\/#organization"},"potentialAction":[{"@type":"SearchAction","target":{"@type":"EntryPoint","urlTemplate":"https:\/\/wakan.ec\/?s={search_term_string}"},"query-input":{"@type":"PropertyValueSpecification","valueRequired":true,"valueName":"search_term_string"}}],"inLanguage":"es"},{"@type":"Organization","@id":"https:\/\/wakan.ec\/#organization","name":"Wak\u00e1n","url":"https:\/\/wakan.ec\/","logo":{"@type":"ImageObject","inLanguage":"es","@id":"https:\/\/wakan.ec\/#\/schema\/logo\/image\/","url":"https:\/\/wakan.ec\/wp-content\/uploads\/2021\/12\/wakan-Logo.png","contentUrl":"https:\/\/wakan.ec\/wp-content\/uploads\/2021\/12\/wakan-Logo.png","width":1080,"height":1080,"caption":"Wak\u00e1n"},"image":{"@id":"https:\/\/wakan.ec\/#\/schema\/logo\/image\/"},"sameAs":["https:\/\/www.facebook.com\/wakantienda","https:\/\/www.instagram.com\/wakantienda","https:\/\/www.youtube.com\/wakan"]}]}},"_links":{"self":[{"href":"https:\/\/wakan.ec\/index.php\/wp-json\/wp\/v2\/product\/2755","targetHints":{"allow":["GET"]}}],"collection":[{"href":"https:\/\/wakan.ec\/index.php\/wp-json\/wp\/v2\/product"}],"about":[{"href":"https:\/\/wakan.ec\/index.php\/wp-json\/wp\/v2\/types\/product"}],"replies":[{"embeddable":true,"href":"https:\/\/wakan.ec\/index.php\/wp-json\/wp\/v2\/comments?post=2755"}],"wp:featuredmedia":[{"embeddable":true,"href":"https:\/\/wakan.ec\/index.php\/wp-json\/wp\/v2\/media\/2758"}],"wp:attachment":[{"href":"https:\/\/wakan.ec\/index.php\/wp-json\/wp\/v2\/media?parent=2755"}],"wp:term":[{"taxonomy":"product_brand","embeddable":true,"href":"https:\/\/wakan.ec\/index.php\/wp-json\/wp\/v2\/product_brand?post=2755"},{"taxonomy":"product_cat","embeddable":true,"href":"https:\/\/wakan.ec\/index.php\/wp-json\/wp\/v2\/product_cat?post=2755"},{"taxonomy":"product_tag","embeddable":true,"href":"https:\/\/wakan.ec\/index.php\/wp-json\/wp\/v2\/product_tag?post=2755"}],"curies":[{"name":"wp","href":"https:\/\/api.w.org\/{rel}","templated":true}]}}