{"id":2710,"date":"2025-02-25T12:02:46","date_gmt":"2025-02-25T17:02:46","guid":{"rendered":"https:\/\/wakan.ec\/?post_type=product&#038;p=2710"},"modified":"2026-04-27T14:26:00","modified_gmt":"2026-04-27T19:26:00","slug":"audifonos-inalambricos-xbox","status":"publish","type":"product","link":"https:\/\/wakan.ec\/index.php\/producto\/audifonos-inalambricos-xbox\/","title":{"rendered":"Aud\u00edfonos Inal\u00e1mbricos Xbox"},"content":{"rendered":"<p>Los Aud\u00edfonos Inal\u00e1mbricos Xbox se vinculan de inmediato con la consola, ofrecen sonido excepcional de Dolby Atmos y su dise\u00f1o ligero y flexible es de lo m\u00e1s c\u00f3modo.<\/p>\n<h4>Sum\u00e9rgete en el juego<\/h4>\n<p>El mejor rendimiento de audio de su clase con <em>altavoces de 40 mm <\/em>que revelan la profundidad, la claridad y los detalles del sonido como nunca antes.<\/p>\n<p>Rod\u00e9ate del sonido espacial con tecnolog\u00edas Windows Sonic, Dolby Atmos y DTS Headphone.<\/p>\n<p>Disfruta de una experiencia sonora que puedes sentir a tu alrededor. Adem\u00e1s Dolby Atmos est\u00e1 disponible sin costo adicional con los aud\u00edfonos inal\u00e1mbricos de Xbox.<\/p>\n<p>Haz que te oigan con claridad con el silenciamiento autom\u00e1tico mejorado y el aislamiento de voz que reducen el ruido de fondo para un chat ultra-n\u00edtido.<\/p>\n<h4>Dise\u00f1o c\u00f3modo e intuitivo<\/h4>\n<p>El dise\u00f1o flexible y ligero de 320 gramos con diadema ajustable brinda una experiencia m\u00e1s c\u00f3moda durante las sesiones de juego prolongadas.<\/p>\n<p>Gira los diales de los auriculares para lograr una manera r\u00e1pida e intuitiva de ajustar el volumen y alcanzar un equilibrio entre el juego y el chat.<\/p>\n<p>Disfruta de la comodidad de la diadema con acolchado de espuma y las almohadillas de auriculares.<\/p>\n<h4>Mant\u00e9n la conexi\u00f3n<\/h4>\n<p><em>Hasta 20 horas de autonom\u00eda<\/em> con la bater\u00eda interna recargable para soportar las sesiones de juego m\u00e1s intensas.<\/p>\n<p>Juega alto y claro con los aud\u00edfonos inal\u00e1mbricos de Xbox compatibles con Xbox Series X|S, Xbox One, PC, Windows y dispositivos m\u00f3viles.<\/p>\n<p><em>Emparejamiento simultaneo<\/em> con el celular y la consola chatear con un amigo en el celular mientras juegas en la consola gracias a la tecnolog\u00eda Bluetooth 5.3.<\/p>\n<h4>App accesorios de Xbox<\/h4>\n<p>Utiliza el aud\u00edfono con la app para disfrutar de una experiencia de audio personalizada. Con\u00e9ctate a la PC o el dispositivo m\u00f3vil con Bluetooth para escuchar m\u00fasica o chatear sobre la marcha.<\/p>\n<p><em>Ajusta la configuraci\u00f3n<\/em> de ecualizador, aumento de graves y silenciamiento autom\u00e1tico.<\/p>\n<p>Controles para encendido, apagado, volumen, emparejamiento, silencio, dial de equilibrio de audio entre juego y chat ideal de volumen.<\/p>\n<h4>En la caja<\/h4>\n<ul>\n<li>Aud\u00edfonos Inal\u00e1mbricos Xbox <em>x1<\/em><\/li>\n<li>Tarjeta de garant\u00eda <em>x1<\/em><\/li>\n<\/ul>\n","protected":false},"excerpt":{"rendered":"<p><em>El mejor rendimiento en audio para jugar. Dolby Atmos te brinda una experiencia sonora que puedes sentir a tu alrededor.<\/em><\/p>\n<h4>Sum\u00e9rgete en el juego<\/h4>\n<ul>\n<li>Compatibles con Xbox Series X|S, Xbox One, PC y m\u00f3vil.<\/li>\n<li>Dise\u00f1o flexible y ligero con diadema ajustable.<\/li>\n<li>Chat por voz ultra-n\u00edtido y emparejamiento simultaneo.<\/li>\n<li>Bater\u00eda recargable con hasta 20 horas de autonom\u00eda.<\/li>\n<li>Controles para volumen, encendido, vinculaci\u00f3n y equilibrio .<\/li>\n<\/ul>\n<h5>Rec\u00edbelos en todo el Ecuador.<\/h5>\n","protected":false},"featured_media":2711,"comment_status":"closed","ping_status":"closed","template":"","meta":{"site-sidebar-layout":"default","site-content-layout":"","ast-site-content-layout":"default","site-content-style":"default","site-sidebar-style":"default","ast-global-header-display":"","ast-banner-title-visibility":"","ast-main-header-display":"","ast-hfb-above-header-display":"","ast-hfb-below-header-display":"","ast-hfb-mobile-header-display":"","site-post-title":"","ast-breadcrumbs-content":"","ast-featured-img":"","footer-sml-layout":"","ast-disable-related-posts":"","theme-transparent-header-meta":"default","adv-header-id-meta":"","stick-header-meta":"","header-above-stick-meta":"","header-main-stick-meta":"","header-below-stick-meta":"","astra-migrate-meta-layouts":"set","ast-page-background-enabled":"default","ast-page-background-meta":{"desktop":{"background-color":"","background-image":"","background-repeat":"repeat","background-position":"center center","background-size":"auto","background-attachment":"scroll","background-type":"","background-media":"","overlay-type":"","overlay-color":"","overlay-opacity":"","overlay-gradient":""},"tablet":{"background-color":"","background-image":"","background-repeat":"repeat","background-position":"center center","background-size":"auto","background-attachment":"scroll","background-type":"","background-media":"","overlay-type":"","overlay-color":"","overlay-opacity":"","overlay-gradient":""},"mobile":{"background-color":"","background-image":"","background-repeat":"repeat","background-position":"center center","background-size":"auto","background-attachment":"scroll","background-type":"","background-media":"","overlay-type":"","overlay-color":"","overlay-opacity":"","overlay-gradient":""}},"ast-content-background-meta":{"desktop":{"background-color":"var(--ast-global-color-5)","background-image":"","background-repeat":"repeat","background-position":"center center","background-size":"auto","background-attachment":"scroll","background-type":"","background-media":"","overlay-type":"","overlay-color":"","overlay-opacity":"","overlay-gradient":""},"tablet":{"background-color":"var(--ast-global-color-5)","background-image":"","background-repeat":"repeat","background-position":"center center","background-size":"auto","background-attachment":"scroll","background-type":"","background-media":"","overlay-type":"","overlay-color":"","overlay-opacity":"","overlay-gradient":""},"mobile":{"background-color":"var(--ast-global-color-5)","background-image":"","background-repeat":"repeat","background-position":"center center","background-size":"auto","background-attachment":"scroll","background-type":"","background-media":"","overlay-type":"","overlay-color":"","overlay-opacity":"","overlay-gradient":""}}},"product_brand":[],"product_cat":[217],"product_tag":[],"class_list":{"0":"post-2710","1":"product","2":"type-product","3":"status-publish","4":"has-post-thumbnail","6":"product_cat-xbox","7":"desktop-align-left","8":"tablet-align-left","9":"mobile-align-left","11":"first","12":"instock","13":"sale","14":"purchasable","15":"product-type-simple"},"yoast_head":"<!-- This site is optimized with the Yoast SEO plugin v27.5 - https:\/\/yoast.com\/product\/yoast-seo-wordpress\/ -->\n<title>Aud\u00edfonos Inal\u00e1mbricos Xbox - Wakan.ec<\/title>\n<meta name=\"description\" content=\"El mejor rendimiento en audio para jugar con experiencia envolvente de Dolby Atmos. Pide tus Aud\u00edfonos Inal\u00e1mbricos Xbox en todo el Ecuador.\" \/>\n<meta name=\"robots\" content=\"index, follow, max-snippet:-1, max-image-preview:large, max-video-preview:-1\" \/>\n<link rel=\"canonical\" href=\"https:\/\/wakan.ec\/index.php\/producto\/audifonos-inalambricos-xbox\/\" \/>\n<meta property=\"og:locale\" content=\"es_ES\" \/>\n<meta property=\"og:type\" content=\"article\" \/>\n<meta property=\"og:title\" content=\"Aud\u00edfonos Inal\u00e1mbricos Xbox - Wakan.ec\" \/>\n<meta property=\"og:description\" content=\"El mejor rendimiento en audio para jugar con experiencia envolvente de Dolby Atmos. Pide tus Aud\u00edfonos Inal\u00e1mbricos Xbox en todo el Ecuador.\" \/>\n<meta property=\"og:url\" content=\"https:\/\/wakan.ec\/index.php\/producto\/audifonos-inalambricos-xbox\/\" \/>\n<meta property=\"og:site_name\" content=\"Wakan.ec\" \/>\n<meta property=\"article:publisher\" content=\"https:\/\/www.facebook.com\/wakantienda\" \/>\n<meta property=\"article:modified_time\" content=\"2026-04-27T19:26:00+00:00\" \/>\n<meta property=\"og:image\" content=\"https:\/\/wakan.ec\/wp-content\/uploads\/2025\/02\/woo-product-xbox-_20250225_101300_0000423616728903022879.png\" \/>\n\t<meta property=\"og:image:width\" content=\"1000\" \/>\n\t<meta property=\"og:image:height\" content=\"1000\" \/>\n\t<meta property=\"og:image:type\" content=\"image\/png\" \/>\n<meta name=\"twitter:card\" content=\"summary_large_image\" \/>\n<meta name=\"twitter:label1\" content=\"Tiempo de lectura\" \/>\n\t<meta name=\"twitter:data1\" content=\"2 minutos\" \/>\n<script type=\"application\/ld+json\" class=\"yoast-schema-graph\">{\"@context\":\"https:\\\/\\\/schema.org\",\"@graph\":[{\"@type\":\"WebPage\",\"@id\":\"https:\\\/\\\/wakan.ec\\\/index.php\\\/producto\\\/audifonos-inalambricos-xbox\\\/\",\"url\":\"https:\\\/\\\/wakan.ec\\\/index.php\\\/producto\\\/audifonos-inalambricos-xbox\\\/\",\"name\":\"Aud\u00edfonos Inal\u00e1mbricos Xbox - Wakan.ec\",\"isPartOf\":{\"@id\":\"https:\\\/\\\/wakan.ec\\\/#website\"},\"primaryImageOfPage\":{\"@id\":\"https:\\\/\\\/wakan.ec\\\/index.php\\\/producto\\\/audifonos-inalambricos-xbox\\\/#primaryimage\"},\"image\":{\"@id\":\"https:\\\/\\\/wakan.ec\\\/index.php\\\/producto\\\/audifonos-inalambricos-xbox\\\/#primaryimage\"},\"thumbnailUrl\":\"https:\\\/\\\/wakan.ec\\\/wp-content\\\/uploads\\\/2025\\\/02\\\/woo-product-xbox-_20250225_101300_0000423616728903022879.png\",\"datePublished\":\"2025-02-25T17:02:46+00:00\",\"dateModified\":\"2026-04-27T19:26:00+00:00\",\"description\":\"El mejor rendimiento en audio para jugar con experiencia envolvente de Dolby Atmos. Pide tus Aud\u00edfonos Inal\u00e1mbricos Xbox en todo el Ecuador.\",\"breadcrumb\":{\"@id\":\"https:\\\/\\\/wakan.ec\\\/index.php\\\/producto\\\/audifonos-inalambricos-xbox\\\/#breadcrumb\"},\"inLanguage\":\"es\",\"potentialAction\":[{\"@type\":\"ReadAction\",\"target\":[\"https:\\\/\\\/wakan.ec\\\/index.php\\\/producto\\\/audifonos-inalambricos-xbox\\\/\"]}]},{\"@type\":\"ImageObject\",\"inLanguage\":\"es\",\"@id\":\"https:\\\/\\\/wakan.ec\\\/index.php\\\/producto\\\/audifonos-inalambricos-xbox\\\/#primaryimage\",\"url\":\"https:\\\/\\\/wakan.ec\\\/wp-content\\\/uploads\\\/2025\\\/02\\\/woo-product-xbox-_20250225_101300_0000423616728903022879.png\",\"contentUrl\":\"https:\\\/\\\/wakan.ec\\\/wp-content\\\/uploads\\\/2025\\\/02\\\/woo-product-xbox-_20250225_101300_0000423616728903022879.png\",\"width\":1000,\"height\":1000,\"caption\":\"Aud\u00edfonos Inal\u00e1mbricos Xbox - Ecuador\"},{\"@type\":\"BreadcrumbList\",\"@id\":\"https:\\\/\\\/wakan.ec\\\/index.php\\\/producto\\\/audifonos-inalambricos-xbox\\\/#breadcrumb\",\"itemListElement\":[{\"@type\":\"ListItem\",\"position\":1,\"name\":\"Portada\",\"item\":\"https:\\\/\\\/wakan.ec\\\/\"},{\"@type\":\"ListItem\",\"position\":2,\"name\":\"Aud\u00edfonos Inal\u00e1mbricos Xbox\"}]},{\"@type\":\"WebSite\",\"@id\":\"https:\\\/\\\/wakan.ec\\\/#website\",\"url\":\"https:\\\/\\\/wakan.ec\\\/\",\"name\":\"Wakan.ec\",\"description\":\"Tech - Fitness, entretenimiento y productividad.\",\"publisher\":{\"@id\":\"https:\\\/\\\/wakan.ec\\\/#organization\"},\"potentialAction\":[{\"@type\":\"SearchAction\",\"target\":{\"@type\":\"EntryPoint\",\"urlTemplate\":\"https:\\\/\\\/wakan.ec\\\/?s={search_term_string}\"},\"query-input\":{\"@type\":\"PropertyValueSpecification\",\"valueRequired\":true,\"valueName\":\"search_term_string\"}}],\"inLanguage\":\"es\"},{\"@type\":\"Organization\",\"@id\":\"https:\\\/\\\/wakan.ec\\\/#organization\",\"name\":\"Wak\u00e1n\",\"url\":\"https:\\\/\\\/wakan.ec\\\/\",\"logo\":{\"@type\":\"ImageObject\",\"inLanguage\":\"es\",\"@id\":\"https:\\\/\\\/wakan.ec\\\/#\\\/schema\\\/logo\\\/image\\\/\",\"url\":\"https:\\\/\\\/wakan.ec\\\/wp-content\\\/uploads\\\/2021\\\/12\\\/wakan-Logo.png\",\"contentUrl\":\"https:\\\/\\\/wakan.ec\\\/wp-content\\\/uploads\\\/2021\\\/12\\\/wakan-Logo.png\",\"width\":1080,\"height\":1080,\"caption\":\"Wak\u00e1n\"},\"image\":{\"@id\":\"https:\\\/\\\/wakan.ec\\\/#\\\/schema\\\/logo\\\/image\\\/\"},\"sameAs\":[\"https:\\\/\\\/www.facebook.com\\\/wakantienda\",\"https:\\\/\\\/www.instagram.com\\\/wakantienda\",\"https:\\\/\\\/www.youtube.com\\\/wakan\"]}]}<\/script>\n<!-- \/ Yoast SEO plugin. -->","yoast_head_json":{"title":"Aud\u00edfonos Inal\u00e1mbricos Xbox - Wakan.ec","description":"El mejor rendimiento en audio para jugar con experiencia envolvente de Dolby Atmos. Pide tus Aud\u00edfonos Inal\u00e1mbricos Xbox en todo el Ecuador.","robots":{"index":"index","follow":"follow","max-snippet":"max-snippet:-1","max-image-preview":"max-image-preview:large","max-video-preview":"max-video-preview:-1"},"canonical":"https:\/\/wakan.ec\/index.php\/producto\/audifonos-inalambricos-xbox\/","og_locale":"es_ES","og_type":"article","og_title":"Aud\u00edfonos Inal\u00e1mbricos Xbox - Wakan.ec","og_description":"El mejor rendimiento en audio para jugar con experiencia envolvente de Dolby Atmos. Pide tus Aud\u00edfonos Inal\u00e1mbricos Xbox en todo el Ecuador.","og_url":"https:\/\/wakan.ec\/index.php\/producto\/audifonos-inalambricos-xbox\/","og_site_name":"Wakan.ec","article_publisher":"https:\/\/www.facebook.com\/wakantienda","article_modified_time":"2026-04-27T19:26:00+00:00","og_image":[{"width":1000,"height":1000,"url":"https:\/\/wakan.ec\/wp-content\/uploads\/2025\/02\/woo-product-xbox-_20250225_101300_0000423616728903022879.png","type":"image\/png"}],"twitter_card":"summary_large_image","twitter_misc":{"Tiempo de lectura":"2 minutos"},"schema":{"@context":"https:\/\/schema.org","@graph":[{"@type":"WebPage","@id":"https:\/\/wakan.ec\/index.php\/producto\/audifonos-inalambricos-xbox\/","url":"https:\/\/wakan.ec\/index.php\/producto\/audifonos-inalambricos-xbox\/","name":"Aud\u00edfonos Inal\u00e1mbricos Xbox - Wakan.ec","isPartOf":{"@id":"https:\/\/wakan.ec\/#website"},"primaryImageOfPage":{"@id":"https:\/\/wakan.ec\/index.php\/producto\/audifonos-inalambricos-xbox\/#primaryimage"},"image":{"@id":"https:\/\/wakan.ec\/index.php\/producto\/audifonos-inalambricos-xbox\/#primaryimage"},"thumbnailUrl":"https:\/\/wakan.ec\/wp-content\/uploads\/2025\/02\/woo-product-xbox-_20250225_101300_0000423616728903022879.png","datePublished":"2025-02-25T17:02:46+00:00","dateModified":"2026-04-27T19:26:00+00:00","description":"El mejor rendimiento en audio para jugar con experiencia envolvente de Dolby Atmos. Pide tus Aud\u00edfonos Inal\u00e1mbricos Xbox en todo el Ecuador.","breadcrumb":{"@id":"https:\/\/wakan.ec\/index.php\/producto\/audifonos-inalambricos-xbox\/#breadcrumb"},"inLanguage":"es","potentialAction":[{"@type":"ReadAction","target":["https:\/\/wakan.ec\/index.php\/producto\/audifonos-inalambricos-xbox\/"]}]},{"@type":"ImageObject","inLanguage":"es","@id":"https:\/\/wakan.ec\/index.php\/producto\/audifonos-inalambricos-xbox\/#primaryimage","url":"https:\/\/wakan.ec\/wp-content\/uploads\/2025\/02\/woo-product-xbox-_20250225_101300_0000423616728903022879.png","contentUrl":"https:\/\/wakan.ec\/wp-content\/uploads\/2025\/02\/woo-product-xbox-_20250225_101300_0000423616728903022879.png","width":1000,"height":1000,"caption":"Aud\u00edfonos Inal\u00e1mbricos Xbox - Ecuador"},{"@type":"BreadcrumbList","@id":"https:\/\/wakan.ec\/index.php\/producto\/audifonos-inalambricos-xbox\/#breadcrumb","itemListElement":[{"@type":"ListItem","position":1,"name":"Portada","item":"https:\/\/wakan.ec\/"},{"@type":"ListItem","position":2,"name":"Aud\u00edfonos Inal\u00e1mbricos Xbox"}]},{"@type":"WebSite","@id":"https:\/\/wakan.ec\/#website","url":"https:\/\/wakan.ec\/","name":"Wakan.ec","description":"Tech - Fitness, entretenimiento y productividad.","publisher":{"@id":"https:\/\/wakan.ec\/#organization"},"potentialAction":[{"@type":"SearchAction","target":{"@type":"EntryPoint","urlTemplate":"https:\/\/wakan.ec\/?s={search_term_string}"},"query-input":{"@type":"PropertyValueSpecification","valueRequired":true,"valueName":"search_term_string"}}],"inLanguage":"es"},{"@type":"Organization","@id":"https:\/\/wakan.ec\/#organization","name":"Wak\u00e1n","url":"https:\/\/wakan.ec\/","logo":{"@type":"ImageObject","inLanguage":"es","@id":"https:\/\/wakan.ec\/#\/schema\/logo\/image\/","url":"https:\/\/wakan.ec\/wp-content\/uploads\/2021\/12\/wakan-Logo.png","contentUrl":"https:\/\/wakan.ec\/wp-content\/uploads\/2021\/12\/wakan-Logo.png","width":1080,"height":1080,"caption":"Wak\u00e1n"},"image":{"@id":"https:\/\/wakan.ec\/#\/schema\/logo\/image\/"},"sameAs":["https:\/\/www.facebook.com\/wakantienda","https:\/\/www.instagram.com\/wakantienda","https:\/\/www.youtube.com\/wakan"]}]}},"_links":{"self":[{"href":"https:\/\/wakan.ec\/index.php\/wp-json\/wp\/v2\/product\/2710","targetHints":{"allow":["GET"]}}],"collection":[{"href":"https:\/\/wakan.ec\/index.php\/wp-json\/wp\/v2\/product"}],"about":[{"href":"https:\/\/wakan.ec\/index.php\/wp-json\/wp\/v2\/types\/product"}],"replies":[{"embeddable":true,"href":"https:\/\/wakan.ec\/index.php\/wp-json\/wp\/v2\/comments?post=2710"}],"wp:featuredmedia":[{"embeddable":true,"href":"https:\/\/wakan.ec\/index.php\/wp-json\/wp\/v2\/media\/2711"}],"wp:attachment":[{"href":"https:\/\/wakan.ec\/index.php\/wp-json\/wp\/v2\/media?parent=2710"}],"wp:term":[{"taxonomy":"product_brand","embeddable":true,"href":"https:\/\/wakan.ec\/index.php\/wp-json\/wp\/v2\/product_brand?post=2710"},{"taxonomy":"product_cat","embeddable":true,"href":"https:\/\/wakan.ec\/index.php\/wp-json\/wp\/v2\/product_cat?post=2710"},{"taxonomy":"product_tag","embeddable":true,"href":"https:\/\/wakan.ec\/index.php\/wp-json\/wp\/v2\/product_tag?post=2710"}],"curies":[{"name":"wp","href":"https:\/\/api.w.org\/{rel}","templated":true}]}}