{"id":2550,"date":"2025-01-27T16:49:39","date_gmt":"2025-01-27T21:49:39","guid":{"rendered":"https:\/\/wakan.ec\/?post_type=product&#038;p=2550"},"modified":"2026-04-01T11:31:02","modified_gmt":"2026-04-01T16:31:02","slug":"huawei-freebuds-pro-4-blanco","status":"publish","type":"product","link":"https:\/\/wakan.ec\/index.php\/producto\/huawei-freebuds-pro-4-blanco\/","title":{"rendered":"Huawei FreeBuds Pro 4 &#8211; Blanco"},"content":{"rendered":"<p>Atrapa el sonido con los Huawei FreeBuds Pro 4 Blanco, sonido real con Driver Dual, llamadas estables y claras ANC inteligente y Din\u00e1mico.<\/p>\n<h4>Dise\u00f1o de cuerdas plateadas<\/h4>\n<p>Un riguroso proceso de sintetizaci\u00f3n hace que el acabado cer\u00e1mico sea m\u00e1s duradero y resistente a los impactos que nunca.<\/p>\n<p>El toque final son las cuerdas plateadas grabadas con l\u00e1ser con un acabado brillante que es c\u00f3modo al tacto.<\/p>\n<h4>Huawei Sound<\/h4>\n<p>Sum\u00e9rgete por completo en el sonido como debe ser escuchado con tecnolog\u00eda de punta que recrea las fuentes originales.<\/p>\n<p>Estos auriculares ofrecen sorprendentes 14 Hz de graves potentes y agudos deliciosamente claros hasta 48 khz.<\/p>\n<p>Escucha m\u00e1s de aquello que amas una experiencia auditiva constante de alta calidad garantizada por el Driver Din\u00e1mico con cuatro imanes de 11 mil\u00edmetros y el Twitter de diafragma plano.<\/p>\n<h4>Sonido sin p\u00e9rdidas<\/h4>\n<p>Una ecualizaci\u00f3n adaptativa basada en las condiciones del entorno brinda calidad de sonido sin p\u00e9rdidas para sonidos aut\u00e9nticos.<\/p>\n<p>Las certificaciones HWA Lossless y Hi-Res Wireless audio garantizan que este sonido excepcional demuestra una experiencia de alto nivel.<\/p>\n<p>Los Huawei FreeBuds Pro 4 &#8211; Negro han sido afinados por expertos, m\u00fasicos del conservatorio Central de M\u00fasica para brindar una experiencia auditiva a nivel de concierto.<\/p>\n<h4>Efectos de sonido<\/h4>\n<p>Los dos impresionantes efectos de sonido, Cl\u00e1sico y Balanceado, entregan un sonido cautivador.<\/p>\n<p>Cl\u00e1sico, efecto de audio est\u00e9reo inmersivo para crear un campo sonoro absorbente con cada detalle.<\/p>\n<p>Balanceado, ofrece agudos deliciosos y graves potentes todas las frecuencias intermedias.<\/p>\n<h4>Llamadas claras<\/h4>\n<p>Las llamadas son n\u00edtidas en situaciones con niveles de ruido de hasta 100 dB como conciertos, salas de eventos, el metro o vientos de hasta 10 m\/s.<\/p>\n<p>La cancelaci\u00f3n de ruido es excepcional gracias a un algoritmo de IA avanzado y a las almohadillas de esponja con memoria que se adaptan a los canales auditivos.<\/p>\n<p>La calidad del sonido en llamadas es mejorada por IA con una potente captaci\u00f3n de sonido posible gracias a un micr\u00f3fono de conducci\u00f3n \u00f3sea inversa que funciona junto a otros tres micr\u00f3fonos.<\/p>\n<p>Contesta o declina las llamadas entrantes sin usar las manos, solo asiente o niega con la cabeza.<\/p>\n<h4>Auriculares inteligentes<\/h4>\n<p>Conexi\u00f3n Dual para dispositivos iOS, Android, Windows o Huawei.<\/p>\n<p>Escucha hasta 33 horas con una carga completa para que no pare entretenimiento incluso durante los viajes largos.<\/p>\n<p>Abre el estuche de carga y pulsa conectar en la ventana emergente que aparece en tu tel\u00e9fono y se reconectar\u00e1n autom\u00e1ticamente cada vez que abras el estuche.<\/p>\n<h4>En la caja<\/h4>\n<ul>\n<li>Huawei FreeBuds Pro 4 &#8211; Blanco <em>x2<\/em><\/li>\n<li>Estuche de carga <em>x1<\/em><\/li>\n<li>Pares de almohadillas de silicona <em>x3<\/em><\/li>\n<li>Pares de almohadillas de espuma con memoria <em>x3<\/em><\/li>\n<li>Cable USB-C <em>x1<\/em><\/li>\n<li>Tarjeta de garant\u00eda <em>x1<\/em><\/li>\n<\/ul>\n","protected":false},"excerpt":{"rendered":"<p><em>Experiencia auditiva de alta calidad con sorprendentes 14 Hz de graves potentes y agudos deliciosamente claros hasta 48 khz.<\/em><\/p>\n<h4>Huawei Sound<\/h4>\n<ul>\n<li>Driver Din\u00e1mico con cuatro imanes de 11 mil\u00edmetros.<\/li>\n<li><span style=\"font-size: 16px;\">Contesta las llamadas asintiendo con la cabeza.<\/span><\/li>\n<li><span style=\"font-size: 16px;\">Cancelaci\u00f3n de ruido excepcional por IA.\u00a0<\/span><\/li>\n<li><span style=\"font-size: 16px;\">Escucha hasta 33 horas con una carga completa.<\/span><\/li>\n<li><span style=\"font-size: 16px;\">Conexi\u00f3n Dual para iOS, Android, Windows o Huawei.<\/span><\/li>\n<\/ul>\n<h5>P\u00eddelo en todo el Ecuador<\/h5>\n","protected":false},"featured_media":2513,"comment_status":"closed","ping_status":"closed","template":"","meta":{"site-sidebar-layout":"default","site-content-layout":"","ast-site-content-layout":"default","site-content-style":"default","site-sidebar-style":"default","ast-global-header-display":"","ast-banner-title-visibility":"","ast-main-header-display":"","ast-hfb-above-header-display":"","ast-hfb-below-header-display":"","ast-hfb-mobile-header-display":"","site-post-title":"","ast-breadcrumbs-content":"","ast-featured-img":"","footer-sml-layout":"","ast-disable-related-posts":"","theme-transparent-header-meta":"default","adv-header-id-meta":"","stick-header-meta":"","header-above-stick-meta":"","header-main-stick-meta":"","header-below-stick-meta":"","astra-migrate-meta-layouts":"set","ast-page-background-enabled":"default","ast-page-background-meta":{"desktop":{"background-color":"","background-image":"","background-repeat":"repeat","background-position":"center center","background-size":"auto","background-attachment":"scroll","background-type":"","background-media":"","overlay-type":"","overlay-color":"","overlay-opacity":"","overlay-gradient":""},"tablet":{"background-color":"","background-image":"","background-repeat":"repeat","background-position":"center center","background-size":"auto","background-attachment":"scroll","background-type":"","background-media":"","overlay-type":"","overlay-color":"","overlay-opacity":"","overlay-gradient":""},"mobile":{"background-color":"","background-image":"","background-repeat":"repeat","background-position":"center center","background-size":"auto","background-attachment":"scroll","background-type":"","background-media":"","overlay-type":"","overlay-color":"","overlay-opacity":"","overlay-gradient":""}},"ast-content-background-meta":{"desktop":{"background-color":"var(--ast-global-color-5)","background-image":"","background-repeat":"repeat","background-position":"center center","background-size":"auto","background-attachment":"scroll","background-type":"","background-media":"","overlay-type":"","overlay-color":"","overlay-opacity":"","overlay-gradient":""},"tablet":{"background-color":"var(--ast-global-color-5)","background-image":"","background-repeat":"repeat","background-position":"center center","background-size":"auto","background-attachment":"scroll","background-type":"","background-media":"","overlay-type":"","overlay-color":"","overlay-opacity":"","overlay-gradient":""},"mobile":{"background-color":"var(--ast-global-color-5)","background-image":"","background-repeat":"repeat","background-position":"center center","background-size":"auto","background-attachment":"scroll","background-type":"","background-media":"","overlay-type":"","overlay-color":"","overlay-opacity":"","overlay-gradient":""}}},"product_brand":[],"product_cat":[223],"product_tag":[],"class_list":{"0":"post-2550","1":"product","2":"type-product","3":"status-publish","4":"has-post-thumbnail","6":"product_cat-huawei-freebuds-pro-4","7":"product_shipping_class-servientrega","8":"desktop-align-left","9":"tablet-align-left","10":"mobile-align-left","12":"first","13":"onbackorder","14":"sale","15":"purchasable","16":"product-type-simple"},"yoast_head":"<!-- This site is optimized with the Yoast SEO plugin v27.3 - https:\/\/yoast.com\/product\/yoast-seo-wordpress\/ -->\n<title>Huawei FreeBuds Pro 4 - Blanco - Wakan.ec<\/title>\n<meta name=\"description\" content=\"Ssonido real con Driver Dual, llamadas claras con ANC inteligente y Din\u00e1mico. Atrapa el sonido con los Huawei FreeBuds Pro 4 - Blanco en todo el Ecuador.\" \/>\n<meta name=\"robots\" content=\"index, follow, max-snippet:-1, max-image-preview:large, max-video-preview:-1\" \/>\n<link rel=\"canonical\" href=\"https:\/\/wakan.ec\/index.php\/producto\/huawei-freebuds-pro-4-blanco\/\" \/>\n<meta property=\"og:locale\" content=\"es_ES\" \/>\n<meta property=\"og:type\" content=\"article\" \/>\n<meta property=\"og:title\" content=\"Huawei FreeBuds Pro 4 - Blanco - Wakan.ec\" \/>\n<meta property=\"og:description\" content=\"Ssonido real con Driver Dual, llamadas claras con ANC inteligente y Din\u00e1mico. Atrapa el sonido con los Huawei FreeBuds Pro 4 - Blanco en todo el Ecuador.\" \/>\n<meta property=\"og:url\" content=\"https:\/\/wakan.ec\/index.php\/producto\/huawei-freebuds-pro-4-blanco\/\" \/>\n<meta property=\"og:site_name\" content=\"Wakan.ec\" \/>\n<meta property=\"article:publisher\" content=\"https:\/\/www.facebook.com\/wakantienda\" \/>\n<meta property=\"article:modified_time\" content=\"2026-04-01T16:31:02+00:00\" \/>\n<meta property=\"og:image\" content=\"https:\/\/wakan.ec\/wp-content\/uploads\/2025\/01\/woo-product-huawei-_20250115_114717_00044189193640517573298.png\" \/>\n\t<meta property=\"og:image:width\" content=\"1000\" \/>\n\t<meta property=\"og:image:height\" content=\"1000\" \/>\n\t<meta property=\"og:image:type\" content=\"image\/png\" \/>\n<meta name=\"twitter:card\" content=\"summary_large_image\" \/>\n<meta name=\"twitter:label1\" content=\"Tiempo de lectura\" \/>\n\t<meta name=\"twitter:data1\" content=\"3 minutos\" \/>\n<script type=\"application\/ld+json\" class=\"yoast-schema-graph\">{\"@context\":\"https:\\\/\\\/schema.org\",\"@graph\":[{\"@type\":\"WebPage\",\"@id\":\"https:\\\/\\\/wakan.ec\\\/index.php\\\/producto\\\/huawei-freebuds-pro-4-blanco\\\/\",\"url\":\"https:\\\/\\\/wakan.ec\\\/index.php\\\/producto\\\/huawei-freebuds-pro-4-blanco\\\/\",\"name\":\"Huawei FreeBuds Pro 4 - Blanco - Wakan.ec\",\"isPartOf\":{\"@id\":\"https:\\\/\\\/wakan.ec\\\/#website\"},\"primaryImageOfPage\":{\"@id\":\"https:\\\/\\\/wakan.ec\\\/index.php\\\/producto\\\/huawei-freebuds-pro-4-blanco\\\/#primaryimage\"},\"image\":{\"@id\":\"https:\\\/\\\/wakan.ec\\\/index.php\\\/producto\\\/huawei-freebuds-pro-4-blanco\\\/#primaryimage\"},\"thumbnailUrl\":\"https:\\\/\\\/wakan.ec\\\/wp-content\\\/uploads\\\/2025\\\/01\\\/woo-product-huawei-_20250115_114717_00044189193640517573298.png\",\"datePublished\":\"2025-01-27T21:49:39+00:00\",\"dateModified\":\"2026-04-01T16:31:02+00:00\",\"description\":\"Ssonido real con Driver Dual, llamadas claras con ANC inteligente y Din\u00e1mico. Atrapa el sonido con los Huawei FreeBuds Pro 4 - Blanco en todo el Ecuador.\",\"breadcrumb\":{\"@id\":\"https:\\\/\\\/wakan.ec\\\/index.php\\\/producto\\\/huawei-freebuds-pro-4-blanco\\\/#breadcrumb\"},\"inLanguage\":\"es\",\"potentialAction\":[{\"@type\":\"ReadAction\",\"target\":[\"https:\\\/\\\/wakan.ec\\\/index.php\\\/producto\\\/huawei-freebuds-pro-4-blanco\\\/\"]}]},{\"@type\":\"ImageObject\",\"inLanguage\":\"es\",\"@id\":\"https:\\\/\\\/wakan.ec\\\/index.php\\\/producto\\\/huawei-freebuds-pro-4-blanco\\\/#primaryimage\",\"url\":\"https:\\\/\\\/wakan.ec\\\/wp-content\\\/uploads\\\/2025\\\/01\\\/woo-product-huawei-_20250115_114717_00044189193640517573298.png\",\"contentUrl\":\"https:\\\/\\\/wakan.ec\\\/wp-content\\\/uploads\\\/2025\\\/01\\\/woo-product-huawei-_20250115_114717_00044189193640517573298.png\",\"width\":1000,\"height\":1000,\"caption\":\"Huawei FreeBuds Pro 4 - Blanco\"},{\"@type\":\"BreadcrumbList\",\"@id\":\"https:\\\/\\\/wakan.ec\\\/index.php\\\/producto\\\/huawei-freebuds-pro-4-blanco\\\/#breadcrumb\",\"itemListElement\":[{\"@type\":\"ListItem\",\"position\":1,\"name\":\"Portada\",\"item\":\"https:\\\/\\\/wakan.ec\\\/\"},{\"@type\":\"ListItem\",\"position\":2,\"name\":\"Wakan.ec\",\"item\":\"https:\\\/\\\/wakan.ec\\\/\"},{\"@type\":\"ListItem\",\"position\":3,\"name\":\"Huawei FreeBuds Pro 4 &#8211; Blanco\"}]},{\"@type\":\"WebSite\",\"@id\":\"https:\\\/\\\/wakan.ec\\\/#website\",\"url\":\"https:\\\/\\\/wakan.ec\\\/\",\"name\":\"Wakan.ec\",\"description\":\"Tech - Fitness, entretenimiento y productividad.\",\"publisher\":{\"@id\":\"https:\\\/\\\/wakan.ec\\\/#organization\"},\"potentialAction\":[{\"@type\":\"SearchAction\",\"target\":{\"@type\":\"EntryPoint\",\"urlTemplate\":\"https:\\\/\\\/wakan.ec\\\/?s={search_term_string}\"},\"query-input\":{\"@type\":\"PropertyValueSpecification\",\"valueRequired\":true,\"valueName\":\"search_term_string\"}}],\"inLanguage\":\"es\"},{\"@type\":\"Organization\",\"@id\":\"https:\\\/\\\/wakan.ec\\\/#organization\",\"name\":\"Wak\u00e1n\",\"url\":\"https:\\\/\\\/wakan.ec\\\/\",\"logo\":{\"@type\":\"ImageObject\",\"inLanguage\":\"es\",\"@id\":\"https:\\\/\\\/wakan.ec\\\/#\\\/schema\\\/logo\\\/image\\\/\",\"url\":\"https:\\\/\\\/wakan.ec\\\/wp-content\\\/uploads\\\/2021\\\/12\\\/wakan-Logo.png\",\"contentUrl\":\"https:\\\/\\\/wakan.ec\\\/wp-content\\\/uploads\\\/2021\\\/12\\\/wakan-Logo.png\",\"width\":1080,\"height\":1080,\"caption\":\"Wak\u00e1n\"},\"image\":{\"@id\":\"https:\\\/\\\/wakan.ec\\\/#\\\/schema\\\/logo\\\/image\\\/\"},\"sameAs\":[\"https:\\\/\\\/www.facebook.com\\\/wakantienda\",\"https:\\\/\\\/www.instagram.com\\\/wakantienda\",\"https:\\\/\\\/www.youtube.com\\\/wakan\"]}]}<\/script>\n<!-- \/ Yoast SEO plugin. -->","yoast_head_json":{"title":"Huawei FreeBuds Pro 4 - Blanco - Wakan.ec","description":"Ssonido real con Driver Dual, llamadas claras con ANC inteligente y Din\u00e1mico. Atrapa el sonido con los Huawei FreeBuds Pro 4 - Blanco en todo el Ecuador.","robots":{"index":"index","follow":"follow","max-snippet":"max-snippet:-1","max-image-preview":"max-image-preview:large","max-video-preview":"max-video-preview:-1"},"canonical":"https:\/\/wakan.ec\/index.php\/producto\/huawei-freebuds-pro-4-blanco\/","og_locale":"es_ES","og_type":"article","og_title":"Huawei FreeBuds Pro 4 - Blanco - Wakan.ec","og_description":"Ssonido real con Driver Dual, llamadas claras con ANC inteligente y Din\u00e1mico. Atrapa el sonido con los Huawei FreeBuds Pro 4 - Blanco en todo el Ecuador.","og_url":"https:\/\/wakan.ec\/index.php\/producto\/huawei-freebuds-pro-4-blanco\/","og_site_name":"Wakan.ec","article_publisher":"https:\/\/www.facebook.com\/wakantienda","article_modified_time":"2026-04-01T16:31:02+00:00","og_image":[{"width":1000,"height":1000,"url":"https:\/\/wakan.ec\/wp-content\/uploads\/2025\/01\/woo-product-huawei-_20250115_114717_00044189193640517573298.png","type":"image\/png"}],"twitter_card":"summary_large_image","twitter_misc":{"Tiempo de lectura":"3 minutos"},"schema":{"@context":"https:\/\/schema.org","@graph":[{"@type":"WebPage","@id":"https:\/\/wakan.ec\/index.php\/producto\/huawei-freebuds-pro-4-blanco\/","url":"https:\/\/wakan.ec\/index.php\/producto\/huawei-freebuds-pro-4-blanco\/","name":"Huawei FreeBuds Pro 4 - Blanco - Wakan.ec","isPartOf":{"@id":"https:\/\/wakan.ec\/#website"},"primaryImageOfPage":{"@id":"https:\/\/wakan.ec\/index.php\/producto\/huawei-freebuds-pro-4-blanco\/#primaryimage"},"image":{"@id":"https:\/\/wakan.ec\/index.php\/producto\/huawei-freebuds-pro-4-blanco\/#primaryimage"},"thumbnailUrl":"https:\/\/wakan.ec\/wp-content\/uploads\/2025\/01\/woo-product-huawei-_20250115_114717_00044189193640517573298.png","datePublished":"2025-01-27T21:49:39+00:00","dateModified":"2026-04-01T16:31:02+00:00","description":"Ssonido real con Driver Dual, llamadas claras con ANC inteligente y Din\u00e1mico. Atrapa el sonido con los Huawei FreeBuds Pro 4 - Blanco en todo el Ecuador.","breadcrumb":{"@id":"https:\/\/wakan.ec\/index.php\/producto\/huawei-freebuds-pro-4-blanco\/#breadcrumb"},"inLanguage":"es","potentialAction":[{"@type":"ReadAction","target":["https:\/\/wakan.ec\/index.php\/producto\/huawei-freebuds-pro-4-blanco\/"]}]},{"@type":"ImageObject","inLanguage":"es","@id":"https:\/\/wakan.ec\/index.php\/producto\/huawei-freebuds-pro-4-blanco\/#primaryimage","url":"https:\/\/wakan.ec\/wp-content\/uploads\/2025\/01\/woo-product-huawei-_20250115_114717_00044189193640517573298.png","contentUrl":"https:\/\/wakan.ec\/wp-content\/uploads\/2025\/01\/woo-product-huawei-_20250115_114717_00044189193640517573298.png","width":1000,"height":1000,"caption":"Huawei FreeBuds Pro 4 - Blanco"},{"@type":"BreadcrumbList","@id":"https:\/\/wakan.ec\/index.php\/producto\/huawei-freebuds-pro-4-blanco\/#breadcrumb","itemListElement":[{"@type":"ListItem","position":1,"name":"Portada","item":"https:\/\/wakan.ec\/"},{"@type":"ListItem","position":2,"name":"Wakan.ec","item":"https:\/\/wakan.ec\/"},{"@type":"ListItem","position":3,"name":"Huawei FreeBuds Pro 4 &#8211; Blanco"}]},{"@type":"WebSite","@id":"https:\/\/wakan.ec\/#website","url":"https:\/\/wakan.ec\/","name":"Wakan.ec","description":"Tech - Fitness, entretenimiento y productividad.","publisher":{"@id":"https:\/\/wakan.ec\/#organization"},"potentialAction":[{"@type":"SearchAction","target":{"@type":"EntryPoint","urlTemplate":"https:\/\/wakan.ec\/?s={search_term_string}"},"query-input":{"@type":"PropertyValueSpecification","valueRequired":true,"valueName":"search_term_string"}}],"inLanguage":"es"},{"@type":"Organization","@id":"https:\/\/wakan.ec\/#organization","name":"Wak\u00e1n","url":"https:\/\/wakan.ec\/","logo":{"@type":"ImageObject","inLanguage":"es","@id":"https:\/\/wakan.ec\/#\/schema\/logo\/image\/","url":"https:\/\/wakan.ec\/wp-content\/uploads\/2021\/12\/wakan-Logo.png","contentUrl":"https:\/\/wakan.ec\/wp-content\/uploads\/2021\/12\/wakan-Logo.png","width":1080,"height":1080,"caption":"Wak\u00e1n"},"image":{"@id":"https:\/\/wakan.ec\/#\/schema\/logo\/image\/"},"sameAs":["https:\/\/www.facebook.com\/wakantienda","https:\/\/www.instagram.com\/wakantienda","https:\/\/www.youtube.com\/wakan"]}]}},"_links":{"self":[{"href":"https:\/\/wakan.ec\/index.php\/wp-json\/wp\/v2\/product\/2550","targetHints":{"allow":["GET"]}}],"collection":[{"href":"https:\/\/wakan.ec\/index.php\/wp-json\/wp\/v2\/product"}],"about":[{"href":"https:\/\/wakan.ec\/index.php\/wp-json\/wp\/v2\/types\/product"}],"replies":[{"embeddable":true,"href":"https:\/\/wakan.ec\/index.php\/wp-json\/wp\/v2\/comments?post=2550"}],"wp:featuredmedia":[{"embeddable":true,"href":"https:\/\/wakan.ec\/index.php\/wp-json\/wp\/v2\/media\/2513"}],"wp:attachment":[{"href":"https:\/\/wakan.ec\/index.php\/wp-json\/wp\/v2\/media?parent=2550"}],"wp:term":[{"taxonomy":"product_brand","embeddable":true,"href":"https:\/\/wakan.ec\/index.php\/wp-json\/wp\/v2\/product_brand?post=2550"},{"taxonomy":"product_cat","embeddable":true,"href":"https:\/\/wakan.ec\/index.php\/wp-json\/wp\/v2\/product_cat?post=2550"},{"taxonomy":"product_tag","embeddable":true,"href":"https:\/\/wakan.ec\/index.php\/wp-json\/wp\/v2\/product_tag?post=2550"}],"curies":[{"name":"wp","href":"https:\/\/api.w.org\/{rel}","templated":true}]}}