{"id":2352,"date":"2024-10-30T15:13:10","date_gmt":"2024-10-30T20:13:10","guid":{"rendered":"https:\/\/wakan.ec\/?post_type=product&#038;p=2352"},"modified":"2026-01-22T16:56:19","modified_gmt":"2026-01-22T21:56:19","slug":"huawei-freelace-pro-2-negro-mate","status":"publish","type":"product","link":"https:\/\/wakan.ec\/index.php\/producto\/huawei-freelace-pro-2-negro-mate\/","title":{"rendered":"Huawei FreeLace Pro 2 &#8211; Negro Mate"},"content":{"rendered":"<p><em>Disfruta del sonido de alta definici\u00f3n con Cancelaci\u00f3n Activa de Audio Inteligente 2.0. por hasta 25 horas. El dise\u00f1o de los Huawei FreeLace Pro 2 Negro Mate te brinda un uso confortable todo el d\u00eda.<\/em><\/p>\n<h4>C\u00f3modos y vers\u00e1tiles<\/h4>\n<p>Cada aud\u00edfono <em>se ajusta con seguridad a tu o\u00eddo<\/em>, garantizando una experiencia inmersiva. Encuentra el ajuste ideal para ti con 3 tama\u00f1os de almohadillas de goma para elegir.<\/p>\n<p>Une los auriculares magn\u00e9ticamente para ahorrar energ\u00eda. Sep\u00e1ralos para reanudar la escucha al instante.<\/p>\n<p><em>Con resistencia IP55<\/em>, puedes usarlos en medio de una lluvia ligera o en una sesi\u00f3n de ejercicio sin preocuparte.<\/p>\n<p>&nbsp;<\/p>\n<h4>\u00dasalos durante todo el d\u00eda<\/h4>\n<p>Con\u00e9ctalos al puerto USB-C de tu dispositivo para iniciar el <em>emparejamiento Bluetooth instant\u00e1neo Huawei HiPair<\/em> o empieza a cargarlos.<\/p>\n<p>Escucha 5 horas con una carga de tan solo 5 minutos. <em>Hasta 25 horas de bater\u00eda con el modo priorizar calidad de conexi\u00f3n<\/em> y 14 horas con el modo Priorizar calidad de sonido.<\/p>\n<p>&nbsp;<\/p>\n<h4>Sonido altamente realista<\/h4>\n<p>Escucha <em>audio de alta fidelidad sin perder ning\u00fan detalle<\/em>, transmisi\u00f3n de alta velocidad de hasta 990kbps y certificados HWA y Hi-Res Audio Wireless.<\/p>\n<p><em>Graves m\u00e1s poderosos <\/em>con el nuevo Driver Ultramagn\u00e9tico que ofrece un 50% mejor rendimiento que la generaci\u00f3n anterior.<\/p>\n<p><em>Personaliza tu sonido<\/em> con estilos preestablecidos y ecualizador de hasta 10 bandas. Sube y baja el volumen sin alterar la calidad del sonido.<\/p>\n<p>&nbsp;<\/p>\n<h4>Llamadas claras<\/h4>\n<p>Disfruta de llamadas claras y c\u00f3modas incluso cuando est\u00e1s en lugares concurridos gracias a una arquitectura avanzada de <em>cinco micr\u00f3fonos y algoritmos de cancelaci\u00f3n de ruido<\/em>.<\/p>\n<p>La Cancelaci\u00f3n Activa de Ruido Inteligente 2.0 cambia autom\u00e1ticamente entre diferentes modos para entregar el efecto m\u00e1s \u00f3ptimo para cada momento.<\/p>\n<p>&nbsp;<\/p>\n<h4>En la caja<\/h4>\n<ul>\n<li>Huawei FreeLace Pro 2 &#8211; Negro Mate <em>x1<\/em><\/li>\n<li>Almohadillas <em>x3<\/em><\/li>\n<li>Gu\u00eda de inicio <em>x1<\/em><\/li>\n<li>Tarjeta de garant\u00eda <em>x1<\/em><\/li>\n<\/ul>\n<h5>Huawei Original con garant\u00eda de 12 meses<\/h5>\n","protected":false},"excerpt":{"rendered":"<p><em>Escucha con sonido de alta definici\u00f3n por hasta 25 horas.<\/em><\/p>\n<h4>Uso confortable todo el d\u00eda<\/h4>\n<ul>\n<li>Sonido inmersivo altamente realista.<\/li>\n<li>Cancelaci\u00f3n Activa de Audio Inteligente 2.0.<\/li>\n<li>Carga y emparejamiento por USB-C.<\/li>\n<li>Cancelaci\u00f3n de ruido en llamadas con IA.<\/li>\n<li>Ajuste ideal con 3 tama\u00f1os de almohadillas.<\/li>\n<li>Resistentes al agua y salpicaduras IP55.<\/li>\n<\/ul>\n<h5>P\u00eddelo por WhatsApp o en l\u00ednea.<\/h5>\n","protected":false},"featured_media":2348,"comment_status":"open","ping_status":"closed","template":"","meta":{"site-sidebar-layout":"default","site-content-layout":"","ast-site-content-layout":"default","site-content-style":"default","site-sidebar-style":"default","ast-global-header-display":"","ast-banner-title-visibility":"","ast-main-header-display":"","ast-hfb-above-header-display":"","ast-hfb-below-header-display":"","ast-hfb-mobile-header-display":"","site-post-title":"","ast-breadcrumbs-content":"","ast-featured-img":"","footer-sml-layout":"","ast-disable-related-posts":"","theme-transparent-header-meta":"default","adv-header-id-meta":"","stick-header-meta":"","header-above-stick-meta":"","header-main-stick-meta":"","header-below-stick-meta":"","astra-migrate-meta-layouts":"set","ast-page-background-enabled":"default","ast-page-background-meta":{"desktop":{"background-color":"","background-image":"","background-repeat":"repeat","background-position":"center center","background-size":"auto","background-attachment":"scroll","background-type":"","background-media":"","overlay-type":"","overlay-color":"","overlay-opacity":"","overlay-gradient":""},"tablet":{"background-color":"","background-image":"","background-repeat":"repeat","background-position":"center center","background-size":"auto","background-attachment":"scroll","background-type":"","background-media":"","overlay-type":"","overlay-color":"","overlay-opacity":"","overlay-gradient":""},"mobile":{"background-color":"","background-image":"","background-repeat":"repeat","background-position":"center center","background-size":"auto","background-attachment":"scroll","background-type":"","background-media":"","overlay-type":"","overlay-color":"","overlay-opacity":"","overlay-gradient":""}},"ast-content-background-meta":{"desktop":{"background-color":"var(--ast-global-color-5)","background-image":"","background-repeat":"repeat","background-position":"center center","background-size":"auto","background-attachment":"scroll","background-type":"","background-media":"","overlay-type":"","overlay-color":"","overlay-opacity":"","overlay-gradient":""},"tablet":{"background-color":"var(--ast-global-color-5)","background-image":"","background-repeat":"repeat","background-position":"center center","background-size":"auto","background-attachment":"scroll","background-type":"","background-media":"","overlay-type":"","overlay-color":"","overlay-opacity":"","overlay-gradient":""},"mobile":{"background-color":"var(--ast-global-color-5)","background-image":"","background-repeat":"repeat","background-position":"center center","background-size":"auto","background-attachment":"scroll","background-type":"","background-media":"","overlay-type":"","overlay-color":"","overlay-opacity":"","overlay-gradient":""}}},"product_brand":[],"product_cat":[175],"product_tag":[],"class_list":{"0":"post-2352","1":"product","2":"type-product","3":"status-publish","4":"has-post-thumbnail","6":"product_cat-auriculares-inalambricos","7":"desktop-align-left","8":"tablet-align-left","9":"mobile-align-left","11":"first","12":"outofstock","13":"sale","14":"shipping-taxable","15":"purchasable","16":"product-type-simple"},"yoast_head":"<!-- This site is optimized with the Yoast SEO plugin v27.5 - https:\/\/yoast.com\/product\/yoast-seo-wordpress\/ -->\n<title>Huawei FreeLace Pro 2 - Negro Mate - Wakan.ec<\/title>\n<meta name=\"description\" content=\"Disfruta del sonido de alta definici\u00f3n con Cancelaci\u00f3n Activa de Audio Inteligente 2.0. por hasta 25 horas con los Huawei FreeLace Pro 2 Negro Mate.\" \/>\n<meta name=\"robots\" content=\"index, follow, max-snippet:-1, max-image-preview:large, max-video-preview:-1\" \/>\n<link rel=\"canonical\" href=\"https:\/\/wakan.ec\/index.php\/producto\/huawei-freelace-pro-2-negro-mate\/\" \/>\n<meta property=\"og:locale\" content=\"es_ES\" \/>\n<meta property=\"og:type\" content=\"article\" \/>\n<meta property=\"og:title\" content=\"Huawei FreeLace Pro 2 - Negro Mate - Wakan.ec\" \/>\n<meta property=\"og:description\" content=\"Disfruta del sonido de alta definici\u00f3n con Cancelaci\u00f3n Activa de Audio Inteligente 2.0. por hasta 25 horas con los Huawei FreeLace Pro 2 Negro Mate.\" \/>\n<meta property=\"og:url\" content=\"https:\/\/wakan.ec\/index.php\/producto\/huawei-freelace-pro-2-negro-mate\/\" \/>\n<meta property=\"og:site_name\" content=\"Wakan.ec\" \/>\n<meta property=\"article:publisher\" content=\"https:\/\/www.facebook.com\/wakantienda\" \/>\n<meta property=\"article:modified_time\" content=\"2026-01-22T21:56:19+00:00\" \/>\n<meta property=\"og:image\" content=\"https:\/\/wakan.ec\/wp-content\/uploads\/2024\/10\/wp-17303090213778074388656717914445.png\" \/>\n\t<meta property=\"og:image:width\" content=\"1000\" \/>\n\t<meta property=\"og:image:height\" content=\"1000\" \/>\n\t<meta property=\"og:image:type\" content=\"image\/png\" \/>\n<meta name=\"twitter:card\" content=\"summary_large_image\" \/>\n<meta name=\"twitter:label1\" content=\"Tiempo de lectura\" \/>\n\t<meta name=\"twitter:data1\" content=\"2 minutos\" \/>\n<script type=\"application\/ld+json\" class=\"yoast-schema-graph\">{\"@context\":\"https:\\\/\\\/schema.org\",\"@graph\":[{\"@type\":\"WebPage\",\"@id\":\"https:\\\/\\\/wakan.ec\\\/index.php\\\/producto\\\/huawei-freelace-pro-2-negro-mate\\\/\",\"url\":\"https:\\\/\\\/wakan.ec\\\/index.php\\\/producto\\\/huawei-freelace-pro-2-negro-mate\\\/\",\"name\":\"Huawei FreeLace Pro 2 - Negro Mate - Wakan.ec\",\"isPartOf\":{\"@id\":\"https:\\\/\\\/wakan.ec\\\/#website\"},\"primaryImageOfPage\":{\"@id\":\"https:\\\/\\\/wakan.ec\\\/index.php\\\/producto\\\/huawei-freelace-pro-2-negro-mate\\\/#primaryimage\"},\"image\":{\"@id\":\"https:\\\/\\\/wakan.ec\\\/index.php\\\/producto\\\/huawei-freelace-pro-2-negro-mate\\\/#primaryimage\"},\"thumbnailUrl\":\"https:\\\/\\\/wakan.ec\\\/wp-content\\\/uploads\\\/2024\\\/10\\\/wp-17303090213778074388656717914445.png\",\"datePublished\":\"2024-10-30T20:13:10+00:00\",\"dateModified\":\"2026-01-22T21:56:19+00:00\",\"description\":\"Disfruta del sonido de alta definici\u00f3n con Cancelaci\u00f3n Activa de Audio Inteligente 2.0. por hasta 25 horas con los Huawei FreeLace Pro 2 Negro Mate.\",\"breadcrumb\":{\"@id\":\"https:\\\/\\\/wakan.ec\\\/index.php\\\/producto\\\/huawei-freelace-pro-2-negro-mate\\\/#breadcrumb\"},\"inLanguage\":\"es\",\"potentialAction\":[{\"@type\":\"ReadAction\",\"target\":[\"https:\\\/\\\/wakan.ec\\\/index.php\\\/producto\\\/huawei-freelace-pro-2-negro-mate\\\/\"]}]},{\"@type\":\"ImageObject\",\"inLanguage\":\"es\",\"@id\":\"https:\\\/\\\/wakan.ec\\\/index.php\\\/producto\\\/huawei-freelace-pro-2-negro-mate\\\/#primaryimage\",\"url\":\"https:\\\/\\\/wakan.ec\\\/wp-content\\\/uploads\\\/2024\\\/10\\\/wp-17303090213778074388656717914445.png\",\"contentUrl\":\"https:\\\/\\\/wakan.ec\\\/wp-content\\\/uploads\\\/2024\\\/10\\\/wp-17303090213778074388656717914445.png\",\"width\":1000,\"height\":1000,\"caption\":\"Huawei FreeLace Pro 2 - Negro Mate - Ecuador\"},{\"@type\":\"BreadcrumbList\",\"@id\":\"https:\\\/\\\/wakan.ec\\\/index.php\\\/producto\\\/huawei-freelace-pro-2-negro-mate\\\/#breadcrumb\",\"itemListElement\":[{\"@type\":\"ListItem\",\"position\":1,\"name\":\"Portada\",\"item\":\"https:\\\/\\\/wakan.ec\\\/\"},{\"@type\":\"ListItem\",\"position\":2,\"name\":\"Huawei FreeLace Pro 2 &#8211; Negro Mate\"}]},{\"@type\":\"WebSite\",\"@id\":\"https:\\\/\\\/wakan.ec\\\/#website\",\"url\":\"https:\\\/\\\/wakan.ec\\\/\",\"name\":\"Wakan.ec\",\"description\":\"Tech - Fitness, entretenimiento y productividad.\",\"publisher\":{\"@id\":\"https:\\\/\\\/wakan.ec\\\/#organization\"},\"potentialAction\":[{\"@type\":\"SearchAction\",\"target\":{\"@type\":\"EntryPoint\",\"urlTemplate\":\"https:\\\/\\\/wakan.ec\\\/?s={search_term_string}\"},\"query-input\":{\"@type\":\"PropertyValueSpecification\",\"valueRequired\":true,\"valueName\":\"search_term_string\"}}],\"inLanguage\":\"es\"},{\"@type\":\"Organization\",\"@id\":\"https:\\\/\\\/wakan.ec\\\/#organization\",\"name\":\"Wak\u00e1n\",\"url\":\"https:\\\/\\\/wakan.ec\\\/\",\"logo\":{\"@type\":\"ImageObject\",\"inLanguage\":\"es\",\"@id\":\"https:\\\/\\\/wakan.ec\\\/#\\\/schema\\\/logo\\\/image\\\/\",\"url\":\"https:\\\/\\\/wakan.ec\\\/wp-content\\\/uploads\\\/2021\\\/12\\\/wakan-Logo.png\",\"contentUrl\":\"https:\\\/\\\/wakan.ec\\\/wp-content\\\/uploads\\\/2021\\\/12\\\/wakan-Logo.png\",\"width\":1080,\"height\":1080,\"caption\":\"Wak\u00e1n\"},\"image\":{\"@id\":\"https:\\\/\\\/wakan.ec\\\/#\\\/schema\\\/logo\\\/image\\\/\"},\"sameAs\":[\"https:\\\/\\\/www.facebook.com\\\/wakantienda\",\"https:\\\/\\\/www.instagram.com\\\/wakantienda\",\"https:\\\/\\\/www.youtube.com\\\/wakan\"]}]}<\/script>\n<!-- \/ Yoast SEO plugin. -->","yoast_head_json":{"title":"Huawei FreeLace Pro 2 - Negro Mate - Wakan.ec","description":"Disfruta del sonido de alta definici\u00f3n con Cancelaci\u00f3n Activa de Audio Inteligente 2.0. por hasta 25 horas con los Huawei FreeLace Pro 2 Negro Mate.","robots":{"index":"index","follow":"follow","max-snippet":"max-snippet:-1","max-image-preview":"max-image-preview:large","max-video-preview":"max-video-preview:-1"},"canonical":"https:\/\/wakan.ec\/index.php\/producto\/huawei-freelace-pro-2-negro-mate\/","og_locale":"es_ES","og_type":"article","og_title":"Huawei FreeLace Pro 2 - Negro Mate - Wakan.ec","og_description":"Disfruta del sonido de alta definici\u00f3n con Cancelaci\u00f3n Activa de Audio Inteligente 2.0. por hasta 25 horas con los Huawei FreeLace Pro 2 Negro Mate.","og_url":"https:\/\/wakan.ec\/index.php\/producto\/huawei-freelace-pro-2-negro-mate\/","og_site_name":"Wakan.ec","article_publisher":"https:\/\/www.facebook.com\/wakantienda","article_modified_time":"2026-01-22T21:56:19+00:00","og_image":[{"width":1000,"height":1000,"url":"https:\/\/wakan.ec\/wp-content\/uploads\/2024\/10\/wp-17303090213778074388656717914445.png","type":"image\/png"}],"twitter_card":"summary_large_image","twitter_misc":{"Tiempo de lectura":"2 minutos"},"schema":{"@context":"https:\/\/schema.org","@graph":[{"@type":"WebPage","@id":"https:\/\/wakan.ec\/index.php\/producto\/huawei-freelace-pro-2-negro-mate\/","url":"https:\/\/wakan.ec\/index.php\/producto\/huawei-freelace-pro-2-negro-mate\/","name":"Huawei FreeLace Pro 2 - Negro Mate - Wakan.ec","isPartOf":{"@id":"https:\/\/wakan.ec\/#website"},"primaryImageOfPage":{"@id":"https:\/\/wakan.ec\/index.php\/producto\/huawei-freelace-pro-2-negro-mate\/#primaryimage"},"image":{"@id":"https:\/\/wakan.ec\/index.php\/producto\/huawei-freelace-pro-2-negro-mate\/#primaryimage"},"thumbnailUrl":"https:\/\/wakan.ec\/wp-content\/uploads\/2024\/10\/wp-17303090213778074388656717914445.png","datePublished":"2024-10-30T20:13:10+00:00","dateModified":"2026-01-22T21:56:19+00:00","description":"Disfruta del sonido de alta definici\u00f3n con Cancelaci\u00f3n Activa de Audio Inteligente 2.0. por hasta 25 horas con los Huawei FreeLace Pro 2 Negro Mate.","breadcrumb":{"@id":"https:\/\/wakan.ec\/index.php\/producto\/huawei-freelace-pro-2-negro-mate\/#breadcrumb"},"inLanguage":"es","potentialAction":[{"@type":"ReadAction","target":["https:\/\/wakan.ec\/index.php\/producto\/huawei-freelace-pro-2-negro-mate\/"]}]},{"@type":"ImageObject","inLanguage":"es","@id":"https:\/\/wakan.ec\/index.php\/producto\/huawei-freelace-pro-2-negro-mate\/#primaryimage","url":"https:\/\/wakan.ec\/wp-content\/uploads\/2024\/10\/wp-17303090213778074388656717914445.png","contentUrl":"https:\/\/wakan.ec\/wp-content\/uploads\/2024\/10\/wp-17303090213778074388656717914445.png","width":1000,"height":1000,"caption":"Huawei FreeLace Pro 2 - Negro Mate - Ecuador"},{"@type":"BreadcrumbList","@id":"https:\/\/wakan.ec\/index.php\/producto\/huawei-freelace-pro-2-negro-mate\/#breadcrumb","itemListElement":[{"@type":"ListItem","position":1,"name":"Portada","item":"https:\/\/wakan.ec\/"},{"@type":"ListItem","position":2,"name":"Huawei FreeLace Pro 2 &#8211; Negro Mate"}]},{"@type":"WebSite","@id":"https:\/\/wakan.ec\/#website","url":"https:\/\/wakan.ec\/","name":"Wakan.ec","description":"Tech - Fitness, entretenimiento y productividad.","publisher":{"@id":"https:\/\/wakan.ec\/#organization"},"potentialAction":[{"@type":"SearchAction","target":{"@type":"EntryPoint","urlTemplate":"https:\/\/wakan.ec\/?s={search_term_string}"},"query-input":{"@type":"PropertyValueSpecification","valueRequired":true,"valueName":"search_term_string"}}],"inLanguage":"es"},{"@type":"Organization","@id":"https:\/\/wakan.ec\/#organization","name":"Wak\u00e1n","url":"https:\/\/wakan.ec\/","logo":{"@type":"ImageObject","inLanguage":"es","@id":"https:\/\/wakan.ec\/#\/schema\/logo\/image\/","url":"https:\/\/wakan.ec\/wp-content\/uploads\/2021\/12\/wakan-Logo.png","contentUrl":"https:\/\/wakan.ec\/wp-content\/uploads\/2021\/12\/wakan-Logo.png","width":1080,"height":1080,"caption":"Wak\u00e1n"},"image":{"@id":"https:\/\/wakan.ec\/#\/schema\/logo\/image\/"},"sameAs":["https:\/\/www.facebook.com\/wakantienda","https:\/\/www.instagram.com\/wakantienda","https:\/\/www.youtube.com\/wakan"]}]}},"_links":{"self":[{"href":"https:\/\/wakan.ec\/index.php\/wp-json\/wp\/v2\/product\/2352","targetHints":{"allow":["GET"]}}],"collection":[{"href":"https:\/\/wakan.ec\/index.php\/wp-json\/wp\/v2\/product"}],"about":[{"href":"https:\/\/wakan.ec\/index.php\/wp-json\/wp\/v2\/types\/product"}],"replies":[{"embeddable":true,"href":"https:\/\/wakan.ec\/index.php\/wp-json\/wp\/v2\/comments?post=2352"}],"wp:featuredmedia":[{"embeddable":true,"href":"https:\/\/wakan.ec\/index.php\/wp-json\/wp\/v2\/media\/2348"}],"wp:attachment":[{"href":"https:\/\/wakan.ec\/index.php\/wp-json\/wp\/v2\/media?parent=2352"}],"wp:term":[{"taxonomy":"product_brand","embeddable":true,"href":"https:\/\/wakan.ec\/index.php\/wp-json\/wp\/v2\/product_brand?post=2352"},{"taxonomy":"product_cat","embeddable":true,"href":"https:\/\/wakan.ec\/index.php\/wp-json\/wp\/v2\/product_cat?post=2352"},{"taxonomy":"product_tag","embeddable":true,"href":"https:\/\/wakan.ec\/index.php\/wp-json\/wp\/v2\/product_tag?post=2352"}],"curies":[{"name":"wp","href":"https:\/\/api.w.org\/{rel}","templated":true}]}}