{"id":2225,"date":"2024-10-15T11:28:14","date_gmt":"2024-10-15T16:28:14","guid":{"rendered":"https:\/\/wakan.ec\/?post_type=product&#038;p=2225"},"modified":"2026-02-26T15:09:17","modified_gmt":"2026-02-26T20:09:17","slug":"huawei-watch-gt5-negro-mate-41mm","status":"publish","type":"product","link":"https:\/\/wakan.ec\/index.php\/producto\/huawei-watch-gt5-negro-mate-41mm\/","title":{"rendered":"Huawei Watch GT5 &#8211; Negro Mate &#8211; 41mm"},"content":{"rendered":"<p>Silueta con dise\u00f1o sofisticado, nueva experiencia de carrera, ciclismo y <em>atenci\u00f3n especial a la salud femenina<\/em> con hasta 7 d\u00edas de bater\u00eda. Huawei Watch GT5 Negro Mate 41mm.<\/p>\n<h4>Color y comodidad<\/h4>\n<p>Tanto el bisel como la corona est\u00e1n laboriosamente fabricado en acero inoxidable para que lleves el mejor dise\u00f1o en la mu\u00f1eca.<\/p>\n<p>La nueva correa con un moderno dise\u00f1o en fluoroelast\u00f3mero tiene un aspecto elegante y un tacto fant\u00e1stico alrededor de la mu\u00f1eca.<\/p>\n<p>Dise\u00f1o m\u00e1s delgado y m\u00e1s resistente. Est\u00e1 fabricado con revestimientos ultra duros en el cuerpo y la pantalla.<\/p>\n<p>El acabado uniforme de nanopel\u00edcula impermeable en todo el dispositivo <em>duplica la resistencia a los rayones, al agua y a la corrosi\u00f3n<\/em>.<\/p>\n<p>Con <em>11 nuevas de esferas de reloj<\/em> para elegir dise\u00f1os a la moda, deportivos, cl\u00e1sicos y m\u00e1s.<\/p>\n<p>Este reloj es una obra de arte ligero y c\u00f3moda con solo <em>9.5 mm de grosor<\/em> y <em>35 gramos de peso<\/em>.<\/p>\n<h4>Fitness con alta tecnolog\u00eda<\/h4>\n<p>Corre como el viento, <em>posicionamiento preciso y datos de carrera en tiempo real<\/em> que te ayudan a prevenir lesiones.<\/p>\n<p>Al iniciar una sesi\u00f3n de bicicleta puedes conectar tu reloj con un potenci\u00f3metro para acceder a <em>m\u00e9tricas de alto nivel<\/em>.<\/p>\n<p>Controla tus calor\u00edas con la app <em>Mantente en forma<\/em> que te ayuda a registrar las calor\u00edas de las comidas y calcular tu d\u00e9ficit cal\u00f3rico.<\/p>\n<p>Disfruta de las evaluaciones y sugerencias de entrenamiento basadas en datos con <em>m\u00e1s de 100 modos de entrenamiento<\/em>.<\/p>\n<p><em>Establece objetivos diarios<\/em> de movimiento, ejercicio y estar de pie en Anillos de actividad 2.0.<\/p>\n<h4>Monitoreo superior de la salud<\/h4>\n<p>Levanta la mu\u00f1eca y marav\u00edllate al ver c\u00f3mo cambia la expresi\u00f3n de un divertido panda para <em>adaptarse a tu propio estado de \u00e1nimo<\/em>.\u00a0Consulta tus emociones por d\u00eda, semana, mes y a\u00f1o.<\/p>\n<p><em>Duerme cada noche con tranquilidad.<\/em> El monitor de sue\u00f1o profesional hace un seguimiento de los indicadores de salud y detecta respiraciones an\u00f3malas durante el sue\u00f1o.<\/p>\n<p>Obt\u00e9n una <em>estimaci\u00f3n del per\u00edodo, la ovulaci\u00f3n y los tiempos de fertilidad<\/em> de un solo vistazo, a partir de datos fisiol\u00f3gicos de alto nivel y un algoritmo de aprendizaje profundo.<\/p>\n<p>El <em>an\u00e1lisis de arritmias por ondas de pulso<\/em> te informa sobre posibles riesgos de fibrilaci\u00f3n auricular y latidos prematuros gracias al sensor PPG.<\/p>\n<h4>Una ventaja para tu vida<\/h4>\n<p>Pulsa el bot\u00f3n superior e inferior al mismo tiempo para hacer una <em>captura de pantalla del reloj<\/em> y ve a la galer\u00eda de tu tel\u00e9fono para compartirla.<\/p>\n<p>Escribe con el <em>nuevo teclado en pantalla<\/em> desde tu mu\u00f1eca, realiza y toma llamadas Bluetooth.<\/p>\n<p><em>Descarga tus apps favoritas en la App Gallery<\/em> y recibe toda la informaci\u00f3n que necesitas con solo mirar tu mu\u00f1eca.<\/p>\n<p>El Huawei Watch GT5 de 41 mm te ofrece <em>hasta 7 d\u00edas de bater\u00eda y 5 d\u00edas de bater\u00eda con uso t\u00edpico<\/em>.<\/p>\n<p>Es <em>compatible con Android, iOs y Harmony OS.<\/em><\/p>\n<h4>En la caja<\/h4>\n<ul>\n<li>Huawei Watch GT5 Negro Mate 41mm <em>x1<\/em><\/li>\n<li>Base de carga <em>x1<\/em><\/li>\n<li>Tarjeta de garant\u00eda <em>x1<\/em><\/li>\n<li>Gu\u00eda de usuario <em>x1<\/em><\/li>\n<\/ul>\n<h5>Garant\u00eda de 12 meses<\/h5>\n","protected":false},"excerpt":{"rendered":"<p><em>Con bisel plateado, hebilla de acero y correa negra de FKM, brinda un dise\u00f1o elegante y deportivo al mismo tiempo.<\/em><\/p>\n<h4>Experiencia inteligente<\/h4>\n<ul>\n<li>Pantalla de 41 mm resistente contra agua, rayones y corrosi\u00f3n.<\/li>\n<li>Monitoreo de salud r\u00e1pido, preciso y completo.<\/li>\n<li>Atenci\u00f3n especial a la salud femenina.<\/li>\n<li>\u00danico con app de bienestar emocional.<\/li>\n<li>Llamadas por Bluetooth y escritura con teclado.<\/li>\n<\/ul>\n<h5>Compatible con iOS y Android.<\/h5>\n","protected":false},"featured_media":2229,"comment_status":"open","ping_status":"closed","template":"","meta":{"site-sidebar-layout":"default","site-content-layout":"","ast-site-content-layout":"default","site-content-style":"default","site-sidebar-style":"default","ast-global-header-display":"","ast-banner-title-visibility":"","ast-main-header-display":"","ast-hfb-above-header-display":"","ast-hfb-below-header-display":"","ast-hfb-mobile-header-display":"","site-post-title":"","ast-breadcrumbs-content":"","ast-featured-img":"","footer-sml-layout":"","ast-disable-related-posts":"","theme-transparent-header-meta":"default","adv-header-id-meta":"","stick-header-meta":"","header-above-stick-meta":"","header-main-stick-meta":"","header-below-stick-meta":"","astra-migrate-meta-layouts":"set","ast-page-background-enabled":"default","ast-page-background-meta":{"desktop":{"background-color":"","background-image":"","background-repeat":"repeat","background-position":"center center","background-size":"auto","background-attachment":"scroll","background-type":"","background-media":"","overlay-type":"","overlay-color":"","overlay-opacity":"","overlay-gradient":""},"tablet":{"background-color":"","background-image":"","background-repeat":"repeat","background-position":"center center","background-size":"auto","background-attachment":"scroll","background-type":"","background-media":"","overlay-type":"","overlay-color":"","overlay-opacity":"","overlay-gradient":""},"mobile":{"background-color":"","background-image":"","background-repeat":"repeat","background-position":"center center","background-size":"auto","background-attachment":"scroll","background-type":"","background-media":"","overlay-type":"","overlay-color":"","overlay-opacity":"","overlay-gradient":""}},"ast-content-background-meta":{"desktop":{"background-color":"var(--ast-global-color-5)","background-image":"","background-repeat":"repeat","background-position":"center center","background-size":"auto","background-attachment":"scroll","background-type":"","background-media":"","overlay-type":"","overlay-color":"","overlay-opacity":"","overlay-gradient":""},"tablet":{"background-color":"var(--ast-global-color-5)","background-image":"","background-repeat":"repeat","background-position":"center center","background-size":"auto","background-attachment":"scroll","background-type":"","background-media":"","overlay-type":"","overlay-color":"","overlay-opacity":"","overlay-gradient":""},"mobile":{"background-color":"var(--ast-global-color-5)","background-image":"","background-repeat":"repeat","background-position":"center center","background-size":"auto","background-attachment":"scroll","background-type":"","background-media":"","overlay-type":"","overlay-color":"","overlay-opacity":"","overlay-gradient":""}}},"product_brand":[],"product_cat":[221],"product_tag":[],"class_list":{"0":"post-2225","1":"product","2":"type-product","3":"status-publish","4":"has-post-thumbnail","6":"product_cat-huawei-watch-gt5-41mm","7":"desktop-align-left","8":"tablet-align-left","9":"mobile-align-left","11":"first","12":"outofstock","13":"product-type-simple"},"yoast_head":"<!-- This site is optimized with the Yoast SEO plugin v27.4 - https:\/\/yoast.com\/product\/yoast-seo-wordpress\/ -->\n<title>Huawei Watch GT5 - Negro Mate - 41mm - Wakan.ec<\/title>\n<meta name=\"description\" content=\"El Huawei Watch GT5 Negro Mate de 41mm ofrece un elegante dise\u00f1o femenino y atenci\u00f3n especial a la salud de la mujer con hasta 7 d\u00edas de bater\u00eda.\" \/>\n<meta name=\"robots\" content=\"index, follow, max-snippet:-1, max-image-preview:large, max-video-preview:-1\" \/>\n<link rel=\"canonical\" href=\"https:\/\/wakan.ec\/index.php\/producto\/huawei-watch-gt5-negro-mate-41mm\/\" \/>\n<meta property=\"og:locale\" content=\"es_ES\" \/>\n<meta property=\"og:type\" content=\"article\" \/>\n<meta property=\"og:title\" content=\"Huawei Watch GT5 - Negro Mate - 41mm - Wakan.ec\" \/>\n<meta property=\"og:description\" content=\"El Huawei Watch GT5 Negro Mate de 41mm ofrece un elegante dise\u00f1o femenino y atenci\u00f3n especial a la salud de la mujer con hasta 7 d\u00edas de bater\u00eda.\" \/>\n<meta property=\"og:url\" content=\"https:\/\/wakan.ec\/index.php\/producto\/huawei-watch-gt5-negro-mate-41mm\/\" \/>\n<meta property=\"og:site_name\" content=\"Wakan.ec\" \/>\n<meta property=\"article:publisher\" content=\"https:\/\/www.facebook.com\/wakantienda\" \/>\n<meta property=\"article:modified_time\" content=\"2026-02-26T20:09:17+00:00\" \/>\n<meta property=\"og:image\" content=\"https:\/\/wakan.ec\/wp-content\/uploads\/2024\/10\/huawei-gt5-mujer_20241015_113500_00006463446353929165597.png\" \/>\n\t<meta property=\"og:image:width\" content=\"1000\" \/>\n\t<meta property=\"og:image:height\" content=\"1000\" \/>\n\t<meta property=\"og:image:type\" content=\"image\/png\" \/>\n<meta name=\"twitter:card\" content=\"summary_large_image\" \/>\n<meta name=\"twitter:label1\" content=\"Tiempo de lectura\" \/>\n\t<meta name=\"twitter:data1\" content=\"3 minutos\" \/>\n<script type=\"application\/ld+json\" class=\"yoast-schema-graph\">{\"@context\":\"https:\\\/\\\/schema.org\",\"@graph\":[{\"@type\":\"WebPage\",\"@id\":\"https:\\\/\\\/wakan.ec\\\/index.php\\\/producto\\\/huawei-watch-gt5-negro-mate-41mm\\\/\",\"url\":\"https:\\\/\\\/wakan.ec\\\/index.php\\\/producto\\\/huawei-watch-gt5-negro-mate-41mm\\\/\",\"name\":\"Huawei Watch GT5 - Negro Mate - 41mm - Wakan.ec\",\"isPartOf\":{\"@id\":\"https:\\\/\\\/wakan.ec\\\/#website\"},\"primaryImageOfPage\":{\"@id\":\"https:\\\/\\\/wakan.ec\\\/index.php\\\/producto\\\/huawei-watch-gt5-negro-mate-41mm\\\/#primaryimage\"},\"image\":{\"@id\":\"https:\\\/\\\/wakan.ec\\\/index.php\\\/producto\\\/huawei-watch-gt5-negro-mate-41mm\\\/#primaryimage\"},\"thumbnailUrl\":\"https:\\\/\\\/wakan.ec\\\/wp-content\\\/uploads\\\/2024\\\/10\\\/huawei-gt5-mujer_20241015_113500_00006463446353929165597.png\",\"datePublished\":\"2024-10-15T16:28:14+00:00\",\"dateModified\":\"2026-02-26T20:09:17+00:00\",\"description\":\"El Huawei Watch GT5 Negro Mate de 41mm ofrece un elegante dise\u00f1o femenino y atenci\u00f3n especial a la salud de la mujer con hasta 7 d\u00edas de bater\u00eda.\",\"breadcrumb\":{\"@id\":\"https:\\\/\\\/wakan.ec\\\/index.php\\\/producto\\\/huawei-watch-gt5-negro-mate-41mm\\\/#breadcrumb\"},\"inLanguage\":\"es\",\"potentialAction\":[{\"@type\":\"ReadAction\",\"target\":[\"https:\\\/\\\/wakan.ec\\\/index.php\\\/producto\\\/huawei-watch-gt5-negro-mate-41mm\\\/\"]}]},{\"@type\":\"ImageObject\",\"inLanguage\":\"es\",\"@id\":\"https:\\\/\\\/wakan.ec\\\/index.php\\\/producto\\\/huawei-watch-gt5-negro-mate-41mm\\\/#primaryimage\",\"url\":\"https:\\\/\\\/wakan.ec\\\/wp-content\\\/uploads\\\/2024\\\/10\\\/huawei-gt5-mujer_20241015_113500_00006463446353929165597.png\",\"contentUrl\":\"https:\\\/\\\/wakan.ec\\\/wp-content\\\/uploads\\\/2024\\\/10\\\/huawei-gt5-mujer_20241015_113500_00006463446353929165597.png\",\"width\":1000,\"height\":1000,\"caption\":\"Huawei Watch GT5 - Negro Mate - 41mm - Ecuador\"},{\"@type\":\"BreadcrumbList\",\"@id\":\"https:\\\/\\\/wakan.ec\\\/index.php\\\/producto\\\/huawei-watch-gt5-negro-mate-41mm\\\/#breadcrumb\",\"itemListElement\":[{\"@type\":\"ListItem\",\"position\":1,\"name\":\"Portada\",\"item\":\"https:\\\/\\\/wakan.ec\\\/\"},{\"@type\":\"ListItem\",\"position\":2,\"name\":\"Huawei Watch GT5 &#8211; Negro Mate &#8211; 41mm\"}]},{\"@type\":\"WebSite\",\"@id\":\"https:\\\/\\\/wakan.ec\\\/#website\",\"url\":\"https:\\\/\\\/wakan.ec\\\/\",\"name\":\"Wakan.ec\",\"description\":\"Tech - Fitness, entretenimiento y productividad.\",\"publisher\":{\"@id\":\"https:\\\/\\\/wakan.ec\\\/#organization\"},\"potentialAction\":[{\"@type\":\"SearchAction\",\"target\":{\"@type\":\"EntryPoint\",\"urlTemplate\":\"https:\\\/\\\/wakan.ec\\\/?s={search_term_string}\"},\"query-input\":{\"@type\":\"PropertyValueSpecification\",\"valueRequired\":true,\"valueName\":\"search_term_string\"}}],\"inLanguage\":\"es\"},{\"@type\":\"Organization\",\"@id\":\"https:\\\/\\\/wakan.ec\\\/#organization\",\"name\":\"Wak\u00e1n\",\"url\":\"https:\\\/\\\/wakan.ec\\\/\",\"logo\":{\"@type\":\"ImageObject\",\"inLanguage\":\"es\",\"@id\":\"https:\\\/\\\/wakan.ec\\\/#\\\/schema\\\/logo\\\/image\\\/\",\"url\":\"https:\\\/\\\/wakan.ec\\\/wp-content\\\/uploads\\\/2021\\\/12\\\/wakan-Logo.png\",\"contentUrl\":\"https:\\\/\\\/wakan.ec\\\/wp-content\\\/uploads\\\/2021\\\/12\\\/wakan-Logo.png\",\"width\":1080,\"height\":1080,\"caption\":\"Wak\u00e1n\"},\"image\":{\"@id\":\"https:\\\/\\\/wakan.ec\\\/#\\\/schema\\\/logo\\\/image\\\/\"},\"sameAs\":[\"https:\\\/\\\/www.facebook.com\\\/wakantienda\",\"https:\\\/\\\/www.instagram.com\\\/wakantienda\",\"https:\\\/\\\/www.youtube.com\\\/wakan\"]}]}<\/script>\n<!-- \/ Yoast SEO plugin. -->","yoast_head_json":{"title":"Huawei Watch GT5 - Negro Mate - 41mm - Wakan.ec","description":"El Huawei Watch GT5 Negro Mate de 41mm ofrece un elegante dise\u00f1o femenino y atenci\u00f3n especial a la salud de la mujer con hasta 7 d\u00edas de bater\u00eda.","robots":{"index":"index","follow":"follow","max-snippet":"max-snippet:-1","max-image-preview":"max-image-preview:large","max-video-preview":"max-video-preview:-1"},"canonical":"https:\/\/wakan.ec\/index.php\/producto\/huawei-watch-gt5-negro-mate-41mm\/","og_locale":"es_ES","og_type":"article","og_title":"Huawei Watch GT5 - Negro Mate - 41mm - Wakan.ec","og_description":"El Huawei Watch GT5 Negro Mate de 41mm ofrece un elegante dise\u00f1o femenino y atenci\u00f3n especial a la salud de la mujer con hasta 7 d\u00edas de bater\u00eda.","og_url":"https:\/\/wakan.ec\/index.php\/producto\/huawei-watch-gt5-negro-mate-41mm\/","og_site_name":"Wakan.ec","article_publisher":"https:\/\/www.facebook.com\/wakantienda","article_modified_time":"2026-02-26T20:09:17+00:00","og_image":[{"width":1000,"height":1000,"url":"https:\/\/wakan.ec\/wp-content\/uploads\/2024\/10\/huawei-gt5-mujer_20241015_113500_00006463446353929165597.png","type":"image\/png"}],"twitter_card":"summary_large_image","twitter_misc":{"Tiempo de lectura":"3 minutos"},"schema":{"@context":"https:\/\/schema.org","@graph":[{"@type":"WebPage","@id":"https:\/\/wakan.ec\/index.php\/producto\/huawei-watch-gt5-negro-mate-41mm\/","url":"https:\/\/wakan.ec\/index.php\/producto\/huawei-watch-gt5-negro-mate-41mm\/","name":"Huawei Watch GT5 - Negro Mate - 41mm - Wakan.ec","isPartOf":{"@id":"https:\/\/wakan.ec\/#website"},"primaryImageOfPage":{"@id":"https:\/\/wakan.ec\/index.php\/producto\/huawei-watch-gt5-negro-mate-41mm\/#primaryimage"},"image":{"@id":"https:\/\/wakan.ec\/index.php\/producto\/huawei-watch-gt5-negro-mate-41mm\/#primaryimage"},"thumbnailUrl":"https:\/\/wakan.ec\/wp-content\/uploads\/2024\/10\/huawei-gt5-mujer_20241015_113500_00006463446353929165597.png","datePublished":"2024-10-15T16:28:14+00:00","dateModified":"2026-02-26T20:09:17+00:00","description":"El Huawei Watch GT5 Negro Mate de 41mm ofrece un elegante dise\u00f1o femenino y atenci\u00f3n especial a la salud de la mujer con hasta 7 d\u00edas de bater\u00eda.","breadcrumb":{"@id":"https:\/\/wakan.ec\/index.php\/producto\/huawei-watch-gt5-negro-mate-41mm\/#breadcrumb"},"inLanguage":"es","potentialAction":[{"@type":"ReadAction","target":["https:\/\/wakan.ec\/index.php\/producto\/huawei-watch-gt5-negro-mate-41mm\/"]}]},{"@type":"ImageObject","inLanguage":"es","@id":"https:\/\/wakan.ec\/index.php\/producto\/huawei-watch-gt5-negro-mate-41mm\/#primaryimage","url":"https:\/\/wakan.ec\/wp-content\/uploads\/2024\/10\/huawei-gt5-mujer_20241015_113500_00006463446353929165597.png","contentUrl":"https:\/\/wakan.ec\/wp-content\/uploads\/2024\/10\/huawei-gt5-mujer_20241015_113500_00006463446353929165597.png","width":1000,"height":1000,"caption":"Huawei Watch GT5 - Negro Mate - 41mm - Ecuador"},{"@type":"BreadcrumbList","@id":"https:\/\/wakan.ec\/index.php\/producto\/huawei-watch-gt5-negro-mate-41mm\/#breadcrumb","itemListElement":[{"@type":"ListItem","position":1,"name":"Portada","item":"https:\/\/wakan.ec\/"},{"@type":"ListItem","position":2,"name":"Huawei Watch GT5 &#8211; Negro Mate &#8211; 41mm"}]},{"@type":"WebSite","@id":"https:\/\/wakan.ec\/#website","url":"https:\/\/wakan.ec\/","name":"Wakan.ec","description":"Tech - Fitness, entretenimiento y productividad.","publisher":{"@id":"https:\/\/wakan.ec\/#organization"},"potentialAction":[{"@type":"SearchAction","target":{"@type":"EntryPoint","urlTemplate":"https:\/\/wakan.ec\/?s={search_term_string}"},"query-input":{"@type":"PropertyValueSpecification","valueRequired":true,"valueName":"search_term_string"}}],"inLanguage":"es"},{"@type":"Organization","@id":"https:\/\/wakan.ec\/#organization","name":"Wak\u00e1n","url":"https:\/\/wakan.ec\/","logo":{"@type":"ImageObject","inLanguage":"es","@id":"https:\/\/wakan.ec\/#\/schema\/logo\/image\/","url":"https:\/\/wakan.ec\/wp-content\/uploads\/2021\/12\/wakan-Logo.png","contentUrl":"https:\/\/wakan.ec\/wp-content\/uploads\/2021\/12\/wakan-Logo.png","width":1080,"height":1080,"caption":"Wak\u00e1n"},"image":{"@id":"https:\/\/wakan.ec\/#\/schema\/logo\/image\/"},"sameAs":["https:\/\/www.facebook.com\/wakantienda","https:\/\/www.instagram.com\/wakantienda","https:\/\/www.youtube.com\/wakan"]}]}},"_links":{"self":[{"href":"https:\/\/wakan.ec\/index.php\/wp-json\/wp\/v2\/product\/2225","targetHints":{"allow":["GET"]}}],"collection":[{"href":"https:\/\/wakan.ec\/index.php\/wp-json\/wp\/v2\/product"}],"about":[{"href":"https:\/\/wakan.ec\/index.php\/wp-json\/wp\/v2\/types\/product"}],"replies":[{"embeddable":true,"href":"https:\/\/wakan.ec\/index.php\/wp-json\/wp\/v2\/comments?post=2225"}],"wp:featuredmedia":[{"embeddable":true,"href":"https:\/\/wakan.ec\/index.php\/wp-json\/wp\/v2\/media\/2229"}],"wp:attachment":[{"href":"https:\/\/wakan.ec\/index.php\/wp-json\/wp\/v2\/media?parent=2225"}],"wp:term":[{"taxonomy":"product_brand","embeddable":true,"href":"https:\/\/wakan.ec\/index.php\/wp-json\/wp\/v2\/product_brand?post=2225"},{"taxonomy":"product_cat","embeddable":true,"href":"https:\/\/wakan.ec\/index.php\/wp-json\/wp\/v2\/product_cat?post=2225"},{"taxonomy":"product_tag","embeddable":true,"href":"https:\/\/wakan.ec\/index.php\/wp-json\/wp\/v2\/product_tag?post=2225"}],"curies":[{"name":"wp","href":"https:\/\/api.w.org\/{rel}","templated":true}]}}