{"id":2029,"date":"2024-07-23T17:28:15","date_gmt":"2024-07-23T22:28:15","guid":{"rendered":"https:\/\/wakan.ec\/?post_type=product&#038;p=2029"},"modified":"2025-11-15T16:33:34","modified_gmt":"2025-11-15T21:33:34","slug":"huawei-nova-12s-azul-orquidea","status":"publish","type":"product","link":"https:\/\/wakan.ec\/index.php\/producto\/huawei-nova-12s-azul-orquidea\/","title":{"rendered":"Huawei Nova 12S &#8211; Az\u00fal Orqu\u00eddea"},"content":{"rendered":"<p>Entretenimiento, productividad y las mejores selfies con el Huawei Nova 12S Az\u00fal Orqu\u00eddea.<\/p>\n<h4>Inspirado en el dise\u00f1o<\/h4>\n<p>Es un placer sostener este tel\u00e9fono con esquinas elegantemente redondeadas y pantalla plana de 6.7 pulgadas.<\/p>\n<p>El nuevo s\u00faper anillo de \u00f3rbita estelar resplandece como un exquisito reloj de pulsera dando el toque final a esta obra maestra.<\/p>\n<p>La pantalla OLED flexible ofrece una vista tan vivida que las im\u00e1genes HDR rebosan vida y color con contrastes realistas.<\/p>\n<h4>Inspirado en las selfies<\/h4>\n<p>La c\u00e1mara selfie de 60 MP hace de cada retrato una fascinante imagen llena de detalle y rasgos faciales.<\/p>\n<p>Selfies grupales impresionantes y fondos difuminados de forma natural con el Ultra gran angular de 100\u00b0.<\/p>\n<p>C\u00e1mara principal Ultra Vision de 50 MP, grabaci\u00f3n de video 4k, Ultra gran angular y Macro fotograf\u00eda.<\/p>\n<p>Captura toda la belleza incluso si ha ca\u00eddo la noche con una c\u00e1mara que funciona en todo momento del d\u00eda.<\/p>\n<h4>Inspirado en la experiencia<\/h4>\n<p>Aprovecha el momento todo el d\u00eda carga el 62% de la bater\u00eda en solo 15 minutos carga completa en 30 minutos.<\/p>\n<p>S\u00faper Charge Turbo 2.0 de 66 watts y un enorme bater\u00eda de 4500 mAh.<\/p>\n<p>Disfruta de un sonido inmersivo y envolvente gracias al sistema de doble altavoz de est\u00e9reo sim\u00e9trico para jugar, ver y escuchar sin l\u00edmites.<\/p>\n<p>El nuevo Touch Turbo 4.0 garantiza que cada toque sea fiel a tu intenci\u00f3n, manteni\u00e9ndose en el juego cuando la acci\u00f3n sube de nivel.<\/p>\n<h4>Huawei Nova 12S Az\u00fal Orqu\u00eddea<\/h4>\n<div class=\"noise-cancelling-sc8-content\">\n<div class=\"multi-device-switching-content\">\n<div class=\"hw-Work-out-img\">\n<div class=\"hw-28-hours-content2\">\n<div class=\"hw-swipe-controls-right\">\n<div class=\"hw-swipe-controls-txt\">\n<h4><\/h4>\n<\/div>\n<\/div>\n<\/div>\n<\/div>\n<\/div>\n<\/div>\n<table>\n<tbody>\n<tr>\n<td>C\u00e1mara Principal<\/td>\n<td>50 MP<\/td>\n<\/tr>\n<tr>\n<td>Gran Angular<\/td>\n<td>8 MP F2.2<\/td>\n<\/tr>\n<tr>\n<td>C\u00e1mara Macro<\/td>\n<td>8 MP<\/td>\n<\/tr>\n<tr>\n<td>C\u00e1mara Frontal<\/td>\n<td>60 MP Gran Angular<\/td>\n<\/tr>\n<tr>\n<td>RAM<\/td>\n<td>8 GB<\/td>\n<\/tr>\n<tr>\n<td>ROM<\/td>\n<td>256 GB<\/td>\n<\/tr>\n<tr>\n<td>Pantalla<\/td>\n<td>6.7&#8243; OLED<\/td>\n<\/tr>\n<tr>\n<td>NFC<\/td>\n<td>Integrado<\/td>\n<\/tr>\n<tr>\n<td>Carga Inal\u00e1mbrica<\/td>\n<td>66 W<\/td>\n<\/tr>\n<tr>\n<td>WLAN<\/td>\n<td>2.4 GHz y 5 GHz<\/td>\n<\/tr>\n<\/tbody>\n<\/table>\n<h5><\/h5>\n<h5>En la caja<\/h5>\n<ul>\n<li>Huawei Nova 12S Az\u00fal Orqu\u00eddea <em>x1<\/em><\/li>\n<li>Cargador <em>x1<\/em><\/li>\n<li>Cable Tipo-C <em>x1<\/em><\/li>\n<li>Funda clara flexible <em>x1<\/em><\/li>\n<li>Gu\u00eda de inicio r\u00e1pido <em>x1<\/em><\/li>\n<li>Herramienta de expulsi\u00f3n <em>x1<\/em><\/li>\n<li>Tarjeta de garant\u00eda <em>x1<\/em><\/li>\n<li>Capa protectora TP (instalada) <em>x1<\/em><\/li>\n<\/ul>\n<h6>Garant\u00eda de 12 meses<\/h6>\n","protected":false},"excerpt":{"rendered":"<p><em>Dise\u00f1ado para ofrecer la mejor experiencia, ergonom\u00eda, selfies, entretenimiento y productividad.<\/em><\/p>\n<h4>Super Slim + Super Selfie<\/h4>\n<ul>\n<li>Dise\u00f1o ultradelgado de 6.8 mm.<\/li>\n<li>C\u00e1mara selfie ultra gran angular de 60 MP.<\/li>\n<li>C\u00e1mara principal Ultra Vision de 50 MP.<\/li>\n<li>Grabaci\u00f3n de video 4K.<\/li>\n<li>Sonido envolvente e inmersivo.<\/li>\n<li>Pantalla con respuesta de alta fidelidad.<\/li>\n<li>Homologado para Ecuador.<\/li>\n<\/ul>\n<h6>Huawei Original con garant\u00eda<\/h6>\n","protected":false},"featured_media":2024,"comment_status":"open","ping_status":"closed","template":"","meta":{"site-sidebar-layout":"default","site-content-layout":"","ast-site-content-layout":"default","site-content-style":"default","site-sidebar-style":"default","ast-global-header-display":"","ast-banner-title-visibility":"","ast-main-header-display":"","ast-hfb-above-header-display":"","ast-hfb-below-header-display":"","ast-hfb-mobile-header-display":"","site-post-title":"","ast-breadcrumbs-content":"","ast-featured-img":"","footer-sml-layout":"","ast-disable-related-posts":"","theme-transparent-header-meta":"default","adv-header-id-meta":"","stick-header-meta":"","header-above-stick-meta":"","header-main-stick-meta":"","header-below-stick-meta":"","astra-migrate-meta-layouts":"set","ast-page-background-enabled":"default","ast-page-background-meta":{"desktop":{"background-color":"","background-image":"","background-repeat":"repeat","background-position":"center center","background-size":"auto","background-attachment":"scroll","background-type":"","background-media":"","overlay-type":"","overlay-color":"","overlay-opacity":"","overlay-gradient":""},"tablet":{"background-color":"","background-image":"","background-repeat":"repeat","background-position":"center center","background-size":"auto","background-attachment":"scroll","background-type":"","background-media":"","overlay-type":"","overlay-color":"","overlay-opacity":"","overlay-gradient":""},"mobile":{"background-color":"","background-image":"","background-repeat":"repeat","background-position":"center center","background-size":"auto","background-attachment":"scroll","background-type":"","background-media":"","overlay-type":"","overlay-color":"","overlay-opacity":"","overlay-gradient":""}},"ast-content-background-meta":{"desktop":{"background-color":"var(--ast-global-color-5)","background-image":"","background-repeat":"repeat","background-position":"center center","background-size":"auto","background-attachment":"scroll","background-type":"","background-media":"","overlay-type":"","overlay-color":"","overlay-opacity":"","overlay-gradient":""},"tablet":{"background-color":"var(--ast-global-color-5)","background-image":"","background-repeat":"repeat","background-position":"center center","background-size":"auto","background-attachment":"scroll","background-type":"","background-media":"","overlay-type":"","overlay-color":"","overlay-opacity":"","overlay-gradient":""},"mobile":{"background-color":"var(--ast-global-color-5)","background-image":"","background-repeat":"repeat","background-position":"center center","background-size":"auto","background-attachment":"scroll","background-type":"","background-media":"","overlay-type":"","overlay-color":"","overlay-opacity":"","overlay-gradient":""}}},"product_brand":[],"product_cat":[215],"product_tag":[],"class_list":{"0":"post-2029","1":"product","2":"type-product","3":"status-publish","4":"has-post-thumbnail","6":"product_cat-huawei-nova-12-series","7":"desktop-align-left","8":"tablet-align-left","9":"mobile-align-left","11":"first","12":"outofstock","13":"sale","14":"purchasable","15":"product-type-simple"},"yoast_head":"<!-- This site is optimized with the Yoast SEO plugin v27.4 - https:\/\/yoast.com\/product\/yoast-seo-wordpress\/ -->\n<title>Huawei Nova 12S - Az\u00fal Orqu\u00eddea - Wakan.ec<\/title>\n<meta name=\"description\" content=\"Entretenimiento, productividad y las mejores selfies con el Huawei Nova 12S Az\u00fal Orqu\u00eddea. Su dise\u00f1o inspirador te va a encantar.\" \/>\n<meta name=\"robots\" content=\"index, follow, max-snippet:-1, max-image-preview:large, max-video-preview:-1\" \/>\n<link rel=\"canonical\" href=\"https:\/\/wakan.ec\/index.php\/producto\/huawei-nova-12s-azul-orquidea\/\" \/>\n<meta property=\"og:locale\" content=\"es_ES\" \/>\n<meta property=\"og:type\" content=\"article\" \/>\n<meta property=\"og:title\" content=\"Huawei Nova 12S - Az\u00fal Orqu\u00eddea - Wakan.ec\" \/>\n<meta property=\"og:description\" content=\"Entretenimiento, productividad y las mejores selfies con el Huawei Nova 12S Az\u00fal Orqu\u00eddea. Su dise\u00f1o inspirador te va a encantar.\" \/>\n<meta property=\"og:url\" content=\"https:\/\/wakan.ec\/index.php\/producto\/huawei-nova-12s-azul-orquidea\/\" \/>\n<meta property=\"og:site_name\" content=\"Wakan.ec\" \/>\n<meta property=\"article:publisher\" content=\"https:\/\/www.facebook.com\/wakantienda\" \/>\n<meta property=\"article:modified_time\" content=\"2025-11-15T21:33:34+00:00\" \/>\n<meta property=\"og:image\" content=\"https:\/\/wakan.ec\/wp-content\/uploads\/2024\/07\/1000046070.jpg\" \/>\n\t<meta property=\"og:image:width\" content=\"1000\" \/>\n\t<meta property=\"og:image:height\" content=\"1000\" \/>\n\t<meta property=\"og:image:type\" content=\"image\/jpeg\" \/>\n<meta name=\"twitter:card\" content=\"summary_large_image\" \/>\n<meta name=\"twitter:label1\" content=\"Tiempo de lectura\" \/>\n\t<meta name=\"twitter:data1\" content=\"2 minutos\" \/>\n<script type=\"application\/ld+json\" class=\"yoast-schema-graph\">{\"@context\":\"https:\\\/\\\/schema.org\",\"@graph\":[{\"@type\":\"WebPage\",\"@id\":\"https:\\\/\\\/wakan.ec\\\/index.php\\\/producto\\\/huawei-nova-12s-azul-orquidea\\\/\",\"url\":\"https:\\\/\\\/wakan.ec\\\/index.php\\\/producto\\\/huawei-nova-12s-azul-orquidea\\\/\",\"name\":\"Huawei Nova 12S - Az\u00fal Orqu\u00eddea - Wakan.ec\",\"isPartOf\":{\"@id\":\"https:\\\/\\\/wakan.ec\\\/#website\"},\"primaryImageOfPage\":{\"@id\":\"https:\\\/\\\/wakan.ec\\\/index.php\\\/producto\\\/huawei-nova-12s-azul-orquidea\\\/#primaryimage\"},\"image\":{\"@id\":\"https:\\\/\\\/wakan.ec\\\/index.php\\\/producto\\\/huawei-nova-12s-azul-orquidea\\\/#primaryimage\"},\"thumbnailUrl\":\"https:\\\/\\\/wakan.ec\\\/wp-content\\\/uploads\\\/2024\\\/07\\\/1000046070.jpg\",\"datePublished\":\"2024-07-23T22:28:15+00:00\",\"dateModified\":\"2025-11-15T21:33:34+00:00\",\"description\":\"Entretenimiento, productividad y las mejores selfies con el Huawei Nova 12S Az\u00fal Orqu\u00eddea. Su dise\u00f1o inspirador te va a encantar.\",\"breadcrumb\":{\"@id\":\"https:\\\/\\\/wakan.ec\\\/index.php\\\/producto\\\/huawei-nova-12s-azul-orquidea\\\/#breadcrumb\"},\"inLanguage\":\"es\",\"potentialAction\":[{\"@type\":\"ReadAction\",\"target\":[\"https:\\\/\\\/wakan.ec\\\/index.php\\\/producto\\\/huawei-nova-12s-azul-orquidea\\\/\"]}]},{\"@type\":\"ImageObject\",\"inLanguage\":\"es\",\"@id\":\"https:\\\/\\\/wakan.ec\\\/index.php\\\/producto\\\/huawei-nova-12s-azul-orquidea\\\/#primaryimage\",\"url\":\"https:\\\/\\\/wakan.ec\\\/wp-content\\\/uploads\\\/2024\\\/07\\\/1000046070.jpg\",\"contentUrl\":\"https:\\\/\\\/wakan.ec\\\/wp-content\\\/uploads\\\/2024\\\/07\\\/1000046070.jpg\",\"width\":1000,\"height\":1000,\"caption\":\"Huawei Nova 12S - Az\u00fal Orqu\u00eddea - Ecuador\"},{\"@type\":\"BreadcrumbList\",\"@id\":\"https:\\\/\\\/wakan.ec\\\/index.php\\\/producto\\\/huawei-nova-12s-azul-orquidea\\\/#breadcrumb\",\"itemListElement\":[{\"@type\":\"ListItem\",\"position\":1,\"name\":\"Portada\",\"item\":\"https:\\\/\\\/wakan.ec\\\/\"},{\"@type\":\"ListItem\",\"position\":2,\"name\":\"Huawei Nova 12S &#8211; Az\u00fal Orqu\u00eddea\"}]},{\"@type\":\"WebSite\",\"@id\":\"https:\\\/\\\/wakan.ec\\\/#website\",\"url\":\"https:\\\/\\\/wakan.ec\\\/\",\"name\":\"Wakan.ec\",\"description\":\"Tech - Fitness, entretenimiento y productividad.\",\"publisher\":{\"@id\":\"https:\\\/\\\/wakan.ec\\\/#organization\"},\"potentialAction\":[{\"@type\":\"SearchAction\",\"target\":{\"@type\":\"EntryPoint\",\"urlTemplate\":\"https:\\\/\\\/wakan.ec\\\/?s={search_term_string}\"},\"query-input\":{\"@type\":\"PropertyValueSpecification\",\"valueRequired\":true,\"valueName\":\"search_term_string\"}}],\"inLanguage\":\"es\"},{\"@type\":\"Organization\",\"@id\":\"https:\\\/\\\/wakan.ec\\\/#organization\",\"name\":\"Wak\u00e1n\",\"url\":\"https:\\\/\\\/wakan.ec\\\/\",\"logo\":{\"@type\":\"ImageObject\",\"inLanguage\":\"es\",\"@id\":\"https:\\\/\\\/wakan.ec\\\/#\\\/schema\\\/logo\\\/image\\\/\",\"url\":\"https:\\\/\\\/wakan.ec\\\/wp-content\\\/uploads\\\/2021\\\/12\\\/wakan-Logo.png\",\"contentUrl\":\"https:\\\/\\\/wakan.ec\\\/wp-content\\\/uploads\\\/2021\\\/12\\\/wakan-Logo.png\",\"width\":1080,\"height\":1080,\"caption\":\"Wak\u00e1n\"},\"image\":{\"@id\":\"https:\\\/\\\/wakan.ec\\\/#\\\/schema\\\/logo\\\/image\\\/\"},\"sameAs\":[\"https:\\\/\\\/www.facebook.com\\\/wakantienda\",\"https:\\\/\\\/www.instagram.com\\\/wakantienda\",\"https:\\\/\\\/www.youtube.com\\\/wakan\"]}]}<\/script>\n<!-- \/ Yoast SEO plugin. -->","yoast_head_json":{"title":"Huawei Nova 12S - Az\u00fal Orqu\u00eddea - Wakan.ec","description":"Entretenimiento, productividad y las mejores selfies con el Huawei Nova 12S Az\u00fal Orqu\u00eddea. Su dise\u00f1o inspirador te va a encantar.","robots":{"index":"index","follow":"follow","max-snippet":"max-snippet:-1","max-image-preview":"max-image-preview:large","max-video-preview":"max-video-preview:-1"},"canonical":"https:\/\/wakan.ec\/index.php\/producto\/huawei-nova-12s-azul-orquidea\/","og_locale":"es_ES","og_type":"article","og_title":"Huawei Nova 12S - Az\u00fal Orqu\u00eddea - Wakan.ec","og_description":"Entretenimiento, productividad y las mejores selfies con el Huawei Nova 12S Az\u00fal Orqu\u00eddea. Su dise\u00f1o inspirador te va a encantar.","og_url":"https:\/\/wakan.ec\/index.php\/producto\/huawei-nova-12s-azul-orquidea\/","og_site_name":"Wakan.ec","article_publisher":"https:\/\/www.facebook.com\/wakantienda","article_modified_time":"2025-11-15T21:33:34+00:00","og_image":[{"width":1000,"height":1000,"url":"https:\/\/wakan.ec\/wp-content\/uploads\/2024\/07\/1000046070.jpg","type":"image\/jpeg"}],"twitter_card":"summary_large_image","twitter_misc":{"Tiempo de lectura":"2 minutos"},"schema":{"@context":"https:\/\/schema.org","@graph":[{"@type":"WebPage","@id":"https:\/\/wakan.ec\/index.php\/producto\/huawei-nova-12s-azul-orquidea\/","url":"https:\/\/wakan.ec\/index.php\/producto\/huawei-nova-12s-azul-orquidea\/","name":"Huawei Nova 12S - Az\u00fal Orqu\u00eddea - Wakan.ec","isPartOf":{"@id":"https:\/\/wakan.ec\/#website"},"primaryImageOfPage":{"@id":"https:\/\/wakan.ec\/index.php\/producto\/huawei-nova-12s-azul-orquidea\/#primaryimage"},"image":{"@id":"https:\/\/wakan.ec\/index.php\/producto\/huawei-nova-12s-azul-orquidea\/#primaryimage"},"thumbnailUrl":"https:\/\/wakan.ec\/wp-content\/uploads\/2024\/07\/1000046070.jpg","datePublished":"2024-07-23T22:28:15+00:00","dateModified":"2025-11-15T21:33:34+00:00","description":"Entretenimiento, productividad y las mejores selfies con el Huawei Nova 12S Az\u00fal Orqu\u00eddea. Su dise\u00f1o inspirador te va a encantar.","breadcrumb":{"@id":"https:\/\/wakan.ec\/index.php\/producto\/huawei-nova-12s-azul-orquidea\/#breadcrumb"},"inLanguage":"es","potentialAction":[{"@type":"ReadAction","target":["https:\/\/wakan.ec\/index.php\/producto\/huawei-nova-12s-azul-orquidea\/"]}]},{"@type":"ImageObject","inLanguage":"es","@id":"https:\/\/wakan.ec\/index.php\/producto\/huawei-nova-12s-azul-orquidea\/#primaryimage","url":"https:\/\/wakan.ec\/wp-content\/uploads\/2024\/07\/1000046070.jpg","contentUrl":"https:\/\/wakan.ec\/wp-content\/uploads\/2024\/07\/1000046070.jpg","width":1000,"height":1000,"caption":"Huawei Nova 12S - Az\u00fal Orqu\u00eddea - Ecuador"},{"@type":"BreadcrumbList","@id":"https:\/\/wakan.ec\/index.php\/producto\/huawei-nova-12s-azul-orquidea\/#breadcrumb","itemListElement":[{"@type":"ListItem","position":1,"name":"Portada","item":"https:\/\/wakan.ec\/"},{"@type":"ListItem","position":2,"name":"Huawei Nova 12S &#8211; Az\u00fal Orqu\u00eddea"}]},{"@type":"WebSite","@id":"https:\/\/wakan.ec\/#website","url":"https:\/\/wakan.ec\/","name":"Wakan.ec","description":"Tech - Fitness, entretenimiento y productividad.","publisher":{"@id":"https:\/\/wakan.ec\/#organization"},"potentialAction":[{"@type":"SearchAction","target":{"@type":"EntryPoint","urlTemplate":"https:\/\/wakan.ec\/?s={search_term_string}"},"query-input":{"@type":"PropertyValueSpecification","valueRequired":true,"valueName":"search_term_string"}}],"inLanguage":"es"},{"@type":"Organization","@id":"https:\/\/wakan.ec\/#organization","name":"Wak\u00e1n","url":"https:\/\/wakan.ec\/","logo":{"@type":"ImageObject","inLanguage":"es","@id":"https:\/\/wakan.ec\/#\/schema\/logo\/image\/","url":"https:\/\/wakan.ec\/wp-content\/uploads\/2021\/12\/wakan-Logo.png","contentUrl":"https:\/\/wakan.ec\/wp-content\/uploads\/2021\/12\/wakan-Logo.png","width":1080,"height":1080,"caption":"Wak\u00e1n"},"image":{"@id":"https:\/\/wakan.ec\/#\/schema\/logo\/image\/"},"sameAs":["https:\/\/www.facebook.com\/wakantienda","https:\/\/www.instagram.com\/wakantienda","https:\/\/www.youtube.com\/wakan"]}]}},"_links":{"self":[{"href":"https:\/\/wakan.ec\/index.php\/wp-json\/wp\/v2\/product\/2029","targetHints":{"allow":["GET"]}}],"collection":[{"href":"https:\/\/wakan.ec\/index.php\/wp-json\/wp\/v2\/product"}],"about":[{"href":"https:\/\/wakan.ec\/index.php\/wp-json\/wp\/v2\/types\/product"}],"replies":[{"embeddable":true,"href":"https:\/\/wakan.ec\/index.php\/wp-json\/wp\/v2\/comments?post=2029"}],"wp:featuredmedia":[{"embeddable":true,"href":"https:\/\/wakan.ec\/index.php\/wp-json\/wp\/v2\/media\/2024"}],"wp:attachment":[{"href":"https:\/\/wakan.ec\/index.php\/wp-json\/wp\/v2\/media?parent=2029"}],"wp:term":[{"taxonomy":"product_brand","embeddable":true,"href":"https:\/\/wakan.ec\/index.php\/wp-json\/wp\/v2\/product_brand?post=2029"},{"taxonomy":"product_cat","embeddable":true,"href":"https:\/\/wakan.ec\/index.php\/wp-json\/wp\/v2\/product_cat?post=2029"},{"taxonomy":"product_tag","embeddable":true,"href":"https:\/\/wakan.ec\/index.php\/wp-json\/wp\/v2\/product_tag?post=2029"}],"curies":[{"name":"wp","href":"https:\/\/api.w.org\/{rel}","templated":true}]}}