{"id":1961,"date":"2024-06-20T15:53:15","date_gmt":"2024-06-20T20:53:15","guid":{"rendered":"https:\/\/wakan.ec\/?post_type=product&#038;p=1961"},"modified":"2026-02-26T15:03:44","modified_gmt":"2026-02-26T20:03:44","slug":"huawei-pura-70-magenta","status":"publish","type":"product","link":"https:\/\/wakan.ec\/index.php\/producto\/huawei-pura-70-magenta\/","title":{"rendered":"Huawei Pura 70 &#8211; Magenta"},"content":{"rendered":"<p>Hermoso dise\u00f1o Fashion Forward, Instant\u00e1nea ultrarr\u00e1pida y construcci\u00f3n con Kunlun Glass de alta resistencia. El Huawei Pura 70 Magenta redefine la est\u00e9tica de una forma nunca antes vista.<\/p>\n<h4>Pura maravilla<\/h4>\n<p>Experimenta millones de colores vibrantes con su pantalla plana y una paleta de colores que cautivan.<\/p>\n<h4>Captura cada momento<\/h4>\n<p>Atrapa cualquier momento con la c\u00e1mara principal de Ultra Iluminaci\u00f3n con apertura ajustable\u00a0 F1.4 &#8211; F4.0\u00a0 y sensor de 1.3 pulgadas potencia la entrada de luz.<\/p>\n<p>Atrae lo m\u00e1s lejano al frente de tus ojos. Alcanza 5x de zoom \u00f3ptico y 100x rango de zoom.<\/p>\n<h4>Escenas impresionantes<\/h4>\n<p>Captura momentos en un abrir y cerrar de ojos, con la Instant\u00e1nea Ultrarr\u00e1pida y la tecnolog\u00eda Huawei XD Motion.<\/p>\n<p>Sum\u00e9rgete en el esplendor del S\u00faper Macro para poner mundos en miniatura bajo el microscopio.<\/p>\n<p><span style=\"font-size: 16px;\">Captura retratos que estallan de vida y captan a los personajes tal como lucen en la realidad, tan vividos como el ojo los contempla.<\/span><\/p>\n<h4>Video de Ultra Iluminaci\u00f3n<\/h4>\n<p>En los videos HDR cada fotograma destaca con luces y sombras.<\/p>\n<p>Recorre el camino a paso firme gracias a s\u00faper AIS que mantiene la toma estable a\u00fan en movimiento.<\/p>\n<h4>Pantalla Huawei X-True<\/h4>\n<p>Del\u00e9itate con cada pixel, sum\u00e9rgete en una pantalla con im\u00e1genes vivas y una reproducci\u00f3n precisa del color que mantiene a raya los reflejos de exteriores.<\/p>\n<p>Te muestra mucho m\u00e1s de un vistazo. Con 2500 nits de brillo m\u00e1ximo, hasta 120 Hz de frecuencia de actualizaci\u00f3n adaptativa, HDR Vivid y 460 ppi.<\/p>\n<p>El Crystal Kunlun Glass s\u00faper resistente te protege de las ca\u00eddas con una pantalla mejorada un 100% con respecto a la primera generaci\u00f3n.<\/p>\n<h4>Huawei SuperCharge<\/h4>\n<p>La SuperCharge de 66W har\u00e1 que tu tel\u00e9fono se cargue en minutos y la bater\u00eda de 4900 mAh lo mantendr\u00e1 en marcha durante horas y horas.<\/p>\n<p>Puedes alimentar tus otros dispositivos en caso de emergencia con una carga inversa de hasta 20 watts.<\/p>\n<h4>EMUI 14.2<\/h4>\n<p>Experimenta un inicio r\u00e1pido de aplicaciones y navegaci\u00f3n din\u00e1mica. Disfruta de un acceso instant\u00e1neo a decenas de miles de im\u00e1genes.<\/p>\n<p>Interactivo, inteligente, fluido. Prep\u00e1rate para divertirte con los temas interactivos llenos de elementos que cambian con tu mirada.<\/p>\n<p>Control de gestos potenciados por IA.<\/p>\n<h4>Huawei Pura 70 &#8211; Magenta<\/h4>\n<div class=\"noise-cancelling-sc8-content\">\n<div class=\"multi-device-switching-content\">\n<div class=\"hw-Work-out-img\">\n<div class=\"hw-28-hours-content2\">\n<div class=\"hw-swipe-controls-right\">\n<div class=\"hw-swipe-controls-txt\">\n<h4><\/h4>\n<\/div>\n<\/div>\n<\/div>\n<\/div>\n<\/div>\n<\/div>\n<table>\n<tbody>\n<tr>\n<td>C\u00e1mara Principal<\/td>\n<td>50 MP<\/td>\n<\/tr>\n<tr>\n<td>Gran Angular<\/td>\n<td>13 MP F2.2<\/td>\n<\/tr>\n<tr>\n<td>C\u00e1mara Macro<\/td>\n<td>12 MP Telefoto<\/td>\n<\/tr>\n<tr>\n<td>C\u00e1mara Frontal<\/td>\n<td>13 MP Gran Angular<\/td>\n<\/tr>\n<tr>\n<td>RAM<\/td>\n<td>12 GB<\/td>\n<\/tr>\n<tr>\n<td>ROM<\/td>\n<td>256 GB<\/td>\n<\/tr>\n<tr>\n<td>Pantalla<\/td>\n<td>6.6&#8243; LTPO OLED<\/td>\n<\/tr>\n<tr>\n<td>NFC<\/td>\n<td>Integrado<\/td>\n<\/tr>\n<tr>\n<td>Carga Inal\u00e1mbrica<\/td>\n<td>50 W<\/td>\n<\/tr>\n<tr>\n<td>WLAN<\/td>\n<td>2.4 GHz y 5 GHz<\/td>\n<\/tr>\n<\/tbody>\n<\/table>\n<h5><\/h5>\n<h4>En la caja<\/h4>\n<ul>\n<li>Huawei Pura 70 Magenta <em>x1<\/em><\/li>\n<li>Cargador <em>x1 <\/em><\/li>\n<li>Cable USB tipo-C <em>x1 <\/em><\/li>\n<li>Gu\u00eda de inicio r\u00e1pido <em>x1<\/em><\/li>\n<li>Protectos transparente <em>x1<\/em><\/li>\n<li>Clip para SIM <em>x1 <\/em><\/li>\n<li>Tarjeta de garant\u00eda <em>x1<\/em><\/li>\n<\/ul>\n<h5>Garant\u00eda de 12 meses<\/h5>\n","protected":false},"excerpt":{"rendered":"<p><em>C\u00e1mara S\u00faper Macro, instant\u00e1nea ultrarr\u00e1pida y SuperCharge.<\/em><\/p>\n<h4>Dise\u00f1o Fashion Forward<\/h4>\n<ul>\n<li>C\u00e1mara principal de 50 MP con zoom 100x.<\/li>\n<li>Graba video en HDR con Estabilizador AIS.<\/li>\n<li>Pantalla plana con millones de colores.<\/li>\n<li>Almacena miles de recuerdos con 256 GB.<\/li>\n<li>Experiencia fluida con 12 GB de RAM.<\/li>\n<li>Temas divertidos con elementos interactivos.<\/li>\n<\/ul>\n<h6>M\u00e1s informaci\u00f3n por WhatsApp.<\/h6>\n","protected":false},"featured_media":1962,"comment_status":"open","ping_status":"closed","template":"","meta":{"site-sidebar-layout":"default","site-content-layout":"","ast-site-content-layout":"default","site-content-style":"default","site-sidebar-style":"default","ast-global-header-display":"","ast-banner-title-visibility":"","ast-main-header-display":"","ast-hfb-above-header-display":"","ast-hfb-below-header-display":"","ast-hfb-mobile-header-display":"","site-post-title":"","ast-breadcrumbs-content":"","ast-featured-img":"","footer-sml-layout":"","ast-disable-related-posts":"","theme-transparent-header-meta":"default","adv-header-id-meta":"","stick-header-meta":"","header-above-stick-meta":"","header-main-stick-meta":"","header-below-stick-meta":"","astra-migrate-meta-layouts":"set","ast-page-background-enabled":"default","ast-page-background-meta":{"desktop":{"background-color":"","background-image":"","background-repeat":"repeat","background-position":"center center","background-size":"auto","background-attachment":"scroll","background-type":"","background-media":"","overlay-type":"","overlay-color":"","overlay-opacity":"","overlay-gradient":""},"tablet":{"background-color":"","background-image":"","background-repeat":"repeat","background-position":"center center","background-size":"auto","background-attachment":"scroll","background-type":"","background-media":"","overlay-type":"","overlay-color":"","overlay-opacity":"","overlay-gradient":""},"mobile":{"background-color":"","background-image":"","background-repeat":"repeat","background-position":"center center","background-size":"auto","background-attachment":"scroll","background-type":"","background-media":"","overlay-type":"","overlay-color":"","overlay-opacity":"","overlay-gradient":""}},"ast-content-background-meta":{"desktop":{"background-color":"var(--ast-global-color-5)","background-image":"","background-repeat":"repeat","background-position":"center center","background-size":"auto","background-attachment":"scroll","background-type":"","background-media":"","overlay-type":"","overlay-color":"","overlay-opacity":"","overlay-gradient":""},"tablet":{"background-color":"var(--ast-global-color-5)","background-image":"","background-repeat":"repeat","background-position":"center center","background-size":"auto","background-attachment":"scroll","background-type":"","background-media":"","overlay-type":"","overlay-color":"","overlay-opacity":"","overlay-gradient":""},"mobile":{"background-color":"var(--ast-global-color-5)","background-image":"","background-repeat":"repeat","background-position":"center center","background-size":"auto","background-attachment":"scroll","background-type":"","background-media":"","overlay-type":"","overlay-color":"","overlay-opacity":"","overlay-gradient":""}}},"product_brand":[],"product_cat":[213],"product_tag":[],"class_list":{"0":"post-1961","1":"product","2":"type-product","3":"status-publish","4":"has-post-thumbnail","6":"product_cat-huawei-pura-70-series","7":"desktop-align-left","8":"tablet-align-left","9":"mobile-align-left","11":"first","12":"outofstock","13":"product-type-simple"},"yoast_head":"<!-- This site is optimized with the Yoast SEO plugin v27.3 - https:\/\/yoast.com\/product\/yoast-seo-wordpress\/ -->\n<title>Huawei Pura 70 - Magenta - Ecuador - Wakan.ec<\/title>\n<meta name=\"description\" content=\"Instant\u00e1nea ultrarr\u00e1pida y construcci\u00f3n con Kunlun Glass de alta resistencia. El Huawei Pura 70 Magenta redefine la est\u00e9tica de una forma nunca antes vista.\" \/>\n<meta name=\"robots\" content=\"index, follow, max-snippet:-1, max-image-preview:large, max-video-preview:-1\" \/>\n<link rel=\"canonical\" href=\"https:\/\/wakan.ec\/index.php\/producto\/huawei-pura-70-magenta\/\" \/>\n<meta property=\"og:locale\" content=\"es_ES\" \/>\n<meta property=\"og:type\" content=\"article\" \/>\n<meta property=\"og:title\" content=\"Huawei Pura 70 - Magenta - Ecuador - Wakan.ec\" \/>\n<meta property=\"og:description\" content=\"Instant\u00e1nea ultrarr\u00e1pida y construcci\u00f3n con Kunlun Glass de alta resistencia. El Huawei Pura 70 Magenta redefine la est\u00e9tica de una forma nunca antes vista.\" \/>\n<meta property=\"og:url\" content=\"https:\/\/wakan.ec\/index.php\/producto\/huawei-pura-70-magenta\/\" \/>\n<meta property=\"og:site_name\" content=\"Wakan.ec\" \/>\n<meta property=\"article:publisher\" content=\"https:\/\/www.facebook.com\/wakantienda\" \/>\n<meta property=\"article:modified_time\" content=\"2026-02-26T20:03:44+00:00\" \/>\n<meta property=\"og:image\" content=\"https:\/\/wakan.ec\/wp-content\/uploads\/2024\/06\/huawei-pura-70-rosa-2_20240620_161224_00012791502702215287069.png\" \/>\n\t<meta property=\"og:image:width\" content=\"1000\" \/>\n\t<meta property=\"og:image:height\" content=\"1000\" \/>\n\t<meta property=\"og:image:type\" content=\"image\/png\" \/>\n<meta name=\"twitter:card\" content=\"summary_large_image\" \/>\n<meta name=\"twitter:label1\" content=\"Tiempo de lectura\" \/>\n\t<meta name=\"twitter:data1\" content=\"3 minutos\" \/>\n<script type=\"application\/ld+json\" class=\"yoast-schema-graph\">{\"@context\":\"https:\\\/\\\/schema.org\",\"@graph\":[{\"@type\":\"WebPage\",\"@id\":\"https:\\\/\\\/wakan.ec\\\/index.php\\\/producto\\\/huawei-pura-70-magenta\\\/\",\"url\":\"https:\\\/\\\/wakan.ec\\\/index.php\\\/producto\\\/huawei-pura-70-magenta\\\/\",\"name\":\"Huawei Pura 70 - Magenta - Ecuador - Wakan.ec\",\"isPartOf\":{\"@id\":\"https:\\\/\\\/wakan.ec\\\/#website\"},\"primaryImageOfPage\":{\"@id\":\"https:\\\/\\\/wakan.ec\\\/index.php\\\/producto\\\/huawei-pura-70-magenta\\\/#primaryimage\"},\"image\":{\"@id\":\"https:\\\/\\\/wakan.ec\\\/index.php\\\/producto\\\/huawei-pura-70-magenta\\\/#primaryimage\"},\"thumbnailUrl\":\"https:\\\/\\\/wakan.ec\\\/wp-content\\\/uploads\\\/2024\\\/06\\\/huawei-pura-70-rosa-2_20240620_161224_00012791502702215287069.png\",\"datePublished\":\"2024-06-20T20:53:15+00:00\",\"dateModified\":\"2026-02-26T20:03:44+00:00\",\"description\":\"Instant\u00e1nea ultrarr\u00e1pida y construcci\u00f3n con Kunlun Glass de alta resistencia. El Huawei Pura 70 Magenta redefine la est\u00e9tica de una forma nunca antes vista.\",\"breadcrumb\":{\"@id\":\"https:\\\/\\\/wakan.ec\\\/index.php\\\/producto\\\/huawei-pura-70-magenta\\\/#breadcrumb\"},\"inLanguage\":\"es\",\"potentialAction\":[{\"@type\":\"ReadAction\",\"target\":[\"https:\\\/\\\/wakan.ec\\\/index.php\\\/producto\\\/huawei-pura-70-magenta\\\/\"]}]},{\"@type\":\"ImageObject\",\"inLanguage\":\"es\",\"@id\":\"https:\\\/\\\/wakan.ec\\\/index.php\\\/producto\\\/huawei-pura-70-magenta\\\/#primaryimage\",\"url\":\"https:\\\/\\\/wakan.ec\\\/wp-content\\\/uploads\\\/2024\\\/06\\\/huawei-pura-70-rosa-2_20240620_161224_00012791502702215287069.png\",\"contentUrl\":\"https:\\\/\\\/wakan.ec\\\/wp-content\\\/uploads\\\/2024\\\/06\\\/huawei-pura-70-rosa-2_20240620_161224_00012791502702215287069.png\",\"width\":1000,\"height\":1000,\"caption\":\"Huawei Pura 70 - Magenta - Ecuador\"},{\"@type\":\"BreadcrumbList\",\"@id\":\"https:\\\/\\\/wakan.ec\\\/index.php\\\/producto\\\/huawei-pura-70-magenta\\\/#breadcrumb\",\"itemListElement\":[{\"@type\":\"ListItem\",\"position\":1,\"name\":\"Portada\",\"item\":\"https:\\\/\\\/wakan.ec\\\/\"},{\"@type\":\"ListItem\",\"position\":2,\"name\":\"Wakan.ec\",\"item\":\"https:\\\/\\\/wakan.ec\\\/\"},{\"@type\":\"ListItem\",\"position\":3,\"name\":\"Huawei Pura 70 &#8211; Magenta\"}]},{\"@type\":\"WebSite\",\"@id\":\"https:\\\/\\\/wakan.ec\\\/#website\",\"url\":\"https:\\\/\\\/wakan.ec\\\/\",\"name\":\"Wakan.ec\",\"description\":\"Tech - Fitness, entretenimiento y productividad.\",\"publisher\":{\"@id\":\"https:\\\/\\\/wakan.ec\\\/#organization\"},\"potentialAction\":[{\"@type\":\"SearchAction\",\"target\":{\"@type\":\"EntryPoint\",\"urlTemplate\":\"https:\\\/\\\/wakan.ec\\\/?s={search_term_string}\"},\"query-input\":{\"@type\":\"PropertyValueSpecification\",\"valueRequired\":true,\"valueName\":\"search_term_string\"}}],\"inLanguage\":\"es\"},{\"@type\":\"Organization\",\"@id\":\"https:\\\/\\\/wakan.ec\\\/#organization\",\"name\":\"Wak\u00e1n\",\"url\":\"https:\\\/\\\/wakan.ec\\\/\",\"logo\":{\"@type\":\"ImageObject\",\"inLanguage\":\"es\",\"@id\":\"https:\\\/\\\/wakan.ec\\\/#\\\/schema\\\/logo\\\/image\\\/\",\"url\":\"https:\\\/\\\/wakan.ec\\\/wp-content\\\/uploads\\\/2021\\\/12\\\/wakan-Logo.png\",\"contentUrl\":\"https:\\\/\\\/wakan.ec\\\/wp-content\\\/uploads\\\/2021\\\/12\\\/wakan-Logo.png\",\"width\":1080,\"height\":1080,\"caption\":\"Wak\u00e1n\"},\"image\":{\"@id\":\"https:\\\/\\\/wakan.ec\\\/#\\\/schema\\\/logo\\\/image\\\/\"},\"sameAs\":[\"https:\\\/\\\/www.facebook.com\\\/wakantienda\",\"https:\\\/\\\/www.instagram.com\\\/wakantienda\",\"https:\\\/\\\/www.youtube.com\\\/wakan\"]}]}<\/script>\n<!-- \/ Yoast SEO plugin. -->","yoast_head_json":{"title":"Huawei Pura 70 - Magenta - Ecuador - Wakan.ec","description":"Instant\u00e1nea ultrarr\u00e1pida y construcci\u00f3n con Kunlun Glass de alta resistencia. El Huawei Pura 70 Magenta redefine la est\u00e9tica de una forma nunca antes vista.","robots":{"index":"index","follow":"follow","max-snippet":"max-snippet:-1","max-image-preview":"max-image-preview:large","max-video-preview":"max-video-preview:-1"},"canonical":"https:\/\/wakan.ec\/index.php\/producto\/huawei-pura-70-magenta\/","og_locale":"es_ES","og_type":"article","og_title":"Huawei Pura 70 - Magenta - Ecuador - Wakan.ec","og_description":"Instant\u00e1nea ultrarr\u00e1pida y construcci\u00f3n con Kunlun Glass de alta resistencia. El Huawei Pura 70 Magenta redefine la est\u00e9tica de una forma nunca antes vista.","og_url":"https:\/\/wakan.ec\/index.php\/producto\/huawei-pura-70-magenta\/","og_site_name":"Wakan.ec","article_publisher":"https:\/\/www.facebook.com\/wakantienda","article_modified_time":"2026-02-26T20:03:44+00:00","og_image":[{"width":1000,"height":1000,"url":"https:\/\/wakan.ec\/wp-content\/uploads\/2024\/06\/huawei-pura-70-rosa-2_20240620_161224_00012791502702215287069.png","type":"image\/png"}],"twitter_card":"summary_large_image","twitter_misc":{"Tiempo de lectura":"3 minutos"},"schema":{"@context":"https:\/\/schema.org","@graph":[{"@type":"WebPage","@id":"https:\/\/wakan.ec\/index.php\/producto\/huawei-pura-70-magenta\/","url":"https:\/\/wakan.ec\/index.php\/producto\/huawei-pura-70-magenta\/","name":"Huawei Pura 70 - Magenta - Ecuador - Wakan.ec","isPartOf":{"@id":"https:\/\/wakan.ec\/#website"},"primaryImageOfPage":{"@id":"https:\/\/wakan.ec\/index.php\/producto\/huawei-pura-70-magenta\/#primaryimage"},"image":{"@id":"https:\/\/wakan.ec\/index.php\/producto\/huawei-pura-70-magenta\/#primaryimage"},"thumbnailUrl":"https:\/\/wakan.ec\/wp-content\/uploads\/2024\/06\/huawei-pura-70-rosa-2_20240620_161224_00012791502702215287069.png","datePublished":"2024-06-20T20:53:15+00:00","dateModified":"2026-02-26T20:03:44+00:00","description":"Instant\u00e1nea ultrarr\u00e1pida y construcci\u00f3n con Kunlun Glass de alta resistencia. El Huawei Pura 70 Magenta redefine la est\u00e9tica de una forma nunca antes vista.","breadcrumb":{"@id":"https:\/\/wakan.ec\/index.php\/producto\/huawei-pura-70-magenta\/#breadcrumb"},"inLanguage":"es","potentialAction":[{"@type":"ReadAction","target":["https:\/\/wakan.ec\/index.php\/producto\/huawei-pura-70-magenta\/"]}]},{"@type":"ImageObject","inLanguage":"es","@id":"https:\/\/wakan.ec\/index.php\/producto\/huawei-pura-70-magenta\/#primaryimage","url":"https:\/\/wakan.ec\/wp-content\/uploads\/2024\/06\/huawei-pura-70-rosa-2_20240620_161224_00012791502702215287069.png","contentUrl":"https:\/\/wakan.ec\/wp-content\/uploads\/2024\/06\/huawei-pura-70-rosa-2_20240620_161224_00012791502702215287069.png","width":1000,"height":1000,"caption":"Huawei Pura 70 - Magenta - Ecuador"},{"@type":"BreadcrumbList","@id":"https:\/\/wakan.ec\/index.php\/producto\/huawei-pura-70-magenta\/#breadcrumb","itemListElement":[{"@type":"ListItem","position":1,"name":"Portada","item":"https:\/\/wakan.ec\/"},{"@type":"ListItem","position":2,"name":"Wakan.ec","item":"https:\/\/wakan.ec\/"},{"@type":"ListItem","position":3,"name":"Huawei Pura 70 &#8211; Magenta"}]},{"@type":"WebSite","@id":"https:\/\/wakan.ec\/#website","url":"https:\/\/wakan.ec\/","name":"Wakan.ec","description":"Tech - Fitness, entretenimiento y productividad.","publisher":{"@id":"https:\/\/wakan.ec\/#organization"},"potentialAction":[{"@type":"SearchAction","target":{"@type":"EntryPoint","urlTemplate":"https:\/\/wakan.ec\/?s={search_term_string}"},"query-input":{"@type":"PropertyValueSpecification","valueRequired":true,"valueName":"search_term_string"}}],"inLanguage":"es"},{"@type":"Organization","@id":"https:\/\/wakan.ec\/#organization","name":"Wak\u00e1n","url":"https:\/\/wakan.ec\/","logo":{"@type":"ImageObject","inLanguage":"es","@id":"https:\/\/wakan.ec\/#\/schema\/logo\/image\/","url":"https:\/\/wakan.ec\/wp-content\/uploads\/2021\/12\/wakan-Logo.png","contentUrl":"https:\/\/wakan.ec\/wp-content\/uploads\/2021\/12\/wakan-Logo.png","width":1080,"height":1080,"caption":"Wak\u00e1n"},"image":{"@id":"https:\/\/wakan.ec\/#\/schema\/logo\/image\/"},"sameAs":["https:\/\/www.facebook.com\/wakantienda","https:\/\/www.instagram.com\/wakantienda","https:\/\/www.youtube.com\/wakan"]}]}},"_links":{"self":[{"href":"https:\/\/wakan.ec\/index.php\/wp-json\/wp\/v2\/product\/1961","targetHints":{"allow":["GET"]}}],"collection":[{"href":"https:\/\/wakan.ec\/index.php\/wp-json\/wp\/v2\/product"}],"about":[{"href":"https:\/\/wakan.ec\/index.php\/wp-json\/wp\/v2\/types\/product"}],"replies":[{"embeddable":true,"href":"https:\/\/wakan.ec\/index.php\/wp-json\/wp\/v2\/comments?post=1961"}],"wp:featuredmedia":[{"embeddable":true,"href":"https:\/\/wakan.ec\/index.php\/wp-json\/wp\/v2\/media\/1962"}],"wp:attachment":[{"href":"https:\/\/wakan.ec\/index.php\/wp-json\/wp\/v2\/media?parent=1961"}],"wp:term":[{"taxonomy":"product_brand","embeddable":true,"href":"https:\/\/wakan.ec\/index.php\/wp-json\/wp\/v2\/product_brand?post=1961"},{"taxonomy":"product_cat","embeddable":true,"href":"https:\/\/wakan.ec\/index.php\/wp-json\/wp\/v2\/product_cat?post=1961"},{"taxonomy":"product_tag","embeddable":true,"href":"https:\/\/wakan.ec\/index.php\/wp-json\/wp\/v2\/product_tag?post=1961"}],"curies":[{"name":"wp","href":"https:\/\/api.w.org\/{rel}","templated":true}]}}