{"id":1744,"date":"2024-04-02T21:22:45","date_gmt":"2024-04-02T21:22:45","guid":{"rendered":"https:\/\/wakan.ec\/?post_type=product&#038;p=1744"},"modified":"2025-02-11T16:47:07","modified_gmt":"2025-02-11T21:47:07","slug":"huawei-band-9-amarillo-limon","status":"publish","type":"product","link":"https:\/\/wakan.ec\/index.php\/producto\/huawei-band-9-amarillo-limon\/","title":{"rendered":"Huawei Band 9 &#8211; Amarillo Lim\u00f3n"},"content":{"rendered":"<p>El Huawei Band 9 Amarillo Lim\u00f3n brinda <em>uso confortable 24\/7<\/em>, monitoreo de sue\u00f1o saludable y hasta dos semanas de bater\u00eda.<\/p>\n<h4>Ligera y c\u00f3moda<\/h4>\n<p>Perfecta para hacer ejercicio, trabajar, pasear y m\u00e1s.<\/p>\n<p>Disfruta de una experiencia c\u00f3moda gracias a su ligero <em>peso de 14 gramos<\/em> con una hermosa correa perforada de FKM que es suave y agradable con la piel.<\/p>\n<p>El <em>sensor de luz ambiental<\/em> ajusta el brillo de la pantalla para ofrecerte una vista c\u00f3moda bajo cualquier condici\u00f3n de iluminaci\u00f3n.<\/p>\n<p>Personaliza tu estilo con la nueva galer\u00eda de esferas del reloj con innumerables dise\u00f1os.<\/p>\n<p>Su brillante bisel, luce un recubrimiento por pulverizaci\u00f3n de 10 capas y grabado l\u00e1ser.<\/p>\n<div>\n<div>\n<div>\n<h4>Monitoreo cient\u00edfico del sue\u00f1o<\/h4>\n<div>\n<div>\n<p>No hay mejor momento que la hora de dormir.\u00a0<em>Controla tu frecuencia cardiaca, SpO2, frecuencia respiratoria y respiraci\u00f3n anormal mientras duermes.<\/em><\/p>\n<\/div>\n<picture><source srcset=\"\/content\/dam\/huawei-cbg-site\/common\/mkt\/pdp\/wearables\/band9\/img\/sleepmanagement\/huawei-band-9-trusleep-3-1-2-xs.webp\" type=\"image\/webp\" media=\"(max-aspect-ratio: 11\/10)\" data-srcset=\"\/content\/dam\/huawei-cbg-site\/common\/mkt\/pdp\/wearables\/band9\/img\/sleepmanagement\/huawei-band-9-trusleep-3-1-2-xs.webp\" \/><source srcset=\"\/content\/dam\/huawei-cbg-site\/common\/mkt\/pdp\/wearables\/band9\/img\/sleepmanagement\/huawei-band-9-trusleep-3-1-2x.webp\" type=\"image\/webp\" media=\"(min-aspect-ratio: 11\/10) and (min-width: 1280px)\" data-srcset=\"\/content\/dam\/huawei-cbg-site\/common\/mkt\/pdp\/wearables\/band9\/img\/sleepmanagement\/huawei-band-9-trusleep-3-1-2x.webp\" \/><source srcset=\"\/content\/dam\/huawei-cbg-site\/common\/mkt\/pdp\/wearables\/band9\/img\/sleepmanagement\/huawei-band-9-trusleep-3-1.webp, \/content\/dam\/huawei-cbg-site\/common\/mkt\/pdp\/wearables\/band9\/img\/sleepmanagement\/huawei-band-9-trusleep-3-1-2x.webp 1.5x\" type=\"image\/webp\" media=\"(min-aspect-ratio: 11\/10)\" data-srcset=\"\/content\/dam\/huawei-cbg-site\/common\/mkt\/pdp\/wearables\/band9\/img\/sleepmanagement\/huawei-band-9-trusleep-3-1.webp, \/content\/dam\/huawei-cbg-site\/common\/mkt\/pdp\/wearables\/band9\/img\/sleepmanagement\/huawei-band-9-trusleep-3-1-2x.webp 1.5x\" \/><source srcset=\"\/content\/dam\/huawei-cbg-site\/common\/mkt\/pdp\/wearables\/band9\/img\/sleepmanagement\/huawei-band-9-trusleep-3-1-2-xs.png\" type=\"image\/png\" media=\"(max-aspect-ratio: 11\/10)\" data-srcset=\"\/content\/dam\/huawei-cbg-site\/common\/mkt\/pdp\/wearables\/band9\/img\/sleepmanagement\/huawei-band-9-trusleep-3-1-2-xs.png\" \/><source srcset=\"\/content\/dam\/huawei-cbg-site\/common\/mkt\/pdp\/wearables\/band9\/img\/sleepmanagement\/huawei-band-9-trusleep-3-1-2x.png\" type=\"image\/png\" media=\"(min-aspect-ratio: 11\/10) and (min-width: 1280px)\" data-srcset=\"\/content\/dam\/huawei-cbg-site\/common\/mkt\/pdp\/wearables\/band9\/img\/sleepmanagement\/huawei-band-9-trusleep-3-1-2x.png\" \/><source srcset=\"\/content\/dam\/huawei-cbg-site\/common\/mkt\/pdp\/wearables\/band9\/img\/sleepmanagementhuawei-band-9-trusleep-3-1.png, \/content\/dam\/huawei-cbg-site\/common\/mkt\/pdp\/wearables\/band9\/img\/sleepmanagement\/huawei-band-9-trusleep-3-1-2x.png 1.5x\" type=\"image\/png\" media=\"(min-aspect-ratio: 11\/10)\" data-srcset=\"\/content\/dam\/huawei-cbg-site\/common\/mkt\/pdp\/wearables\/band9\/img\/sleepmanagementhuawei-band-9-trusleep-3-1.png, \/content\/dam\/huawei-cbg-site\/common\/mkt\/pdp\/wearables\/band9\/img\/sleepmanagement\/huawei-band-9-trusleep-3-1-2x.png 1.5x\" \/><\/picture>\n<div>\n<p>Tambi\u00e9n puedes probar los consejos personalizados de para descansar mejor desde el primer momento y equilibrar tu vida con recomendaciones cient\u00edficas.<\/p>\n<\/div>\n<h4>Monitor mejorado de signos vitales<\/h4>\n<p>S\u00f3lo levanta la mu\u00f1eca para ver tu <em>frecuencia cardiaca, SpO2, an\u00e1lisis del sue\u00f1o, niveles de estr\u00e9s<\/em> y mucho m\u00e1s.<\/p>\n<p>Mantente al tanto de la salud de tu coraz\u00f3n, con alertas oportunas sobre posibles riesgos de fibrilaci\u00f3n auricular y latidos prematuros, gracias al sensor PPG.<\/p>\n<p>Smart fusion te mantiene al tanto de tu frecuencia card\u00edaca, incluso cuando est\u00e1s haciendo ejercicio.<\/p>\n<picture><source srcset=\"\/content\/dam\/huawei-cbg-site\/common\/mkt\/pdp\/wearables\/band9\/img\/bloodoxygen\/huawei-band-9-truseen-3-xs.webp\" type=\"image\/webp\" media=\"(max-aspect-ratio: 11\/10)\" data-srcset=\"\/content\/dam\/huawei-cbg-site\/common\/mkt\/pdp\/wearables\/band9\/img\/bloodoxygen\/huawei-band-9-truseen-3-xs.webp\" \/><source srcset=\"\/content\/dam\/huawei-cbg-site\/common\/mkt\/pdp\/wearables\/band9\/img\/bloodoxygen\/huawei-band-9-truseen-3-2x.webp\" type=\"image\/webp\" media=\"(min-aspect-ratio: 11\/10) and (min-width: 1280px)\" data-srcset=\"\/content\/dam\/huawei-cbg-site\/common\/mkt\/pdp\/wearables\/band9\/img\/bloodoxygen\/huawei-band-9-truseen-3-2x.webp\" \/><source srcset=\"\/content\/dam\/huawei-cbg-site\/common\/mkt\/pdp\/wearables\/band9\/img\/bloodoxygen\/huawei-band-9-truseen-3.webp, \/content\/dam\/huawei-cbg-site\/common\/mkt\/pdp\/wearables\/band9\/img\/bloodoxygen\/huawei-band-9-truseen-3-2x.webp 1.5x\" type=\"image\/webp\" media=\"(min-aspect-ratio: 11\/10)\" data-srcset=\"\/content\/dam\/huawei-cbg-site\/common\/mkt\/pdp\/wearables\/band9\/img\/bloodoxygen\/huawei-band-9-truseen-3.webp, \/content\/dam\/huawei-cbg-site\/common\/mkt\/pdp\/wearables\/band9\/img\/bloodoxygen\/huawei-band-9-truseen-3-2x.webp 1.5x\" \/><source srcset=\"\/content\/dam\/huawei-cbg-site\/common\/mkt\/pdp\/wearables\/band9\/img\/bloodoxygen\/huawei-band-9-truseen-3-xs.png\" type=\"image\/png\" media=\"(max-aspect-ratio: 11\/10)\" data-srcset=\"\/content\/dam\/huawei-cbg-site\/common\/mkt\/pdp\/wearables\/band9\/img\/bloodoxygen\/huawei-band-9-truseen-3-xs.png\" \/><source srcset=\"\/content\/dam\/huawei-cbg-site\/common\/mkt\/pdp\/wearables\/band9\/img\/bloodoxygen\/huawei-band-9-truseen-3-2x.png\" type=\"image\/png\" media=\"(min-aspect-ratio: 11\/10) and (min-width: 1280px)\" data-srcset=\"\/content\/dam\/huawei-cbg-site\/common\/mkt\/pdp\/wearables\/band9\/img\/bloodoxygen\/huawei-band-9-truseen-3-2x.png\" \/><source srcset=\"\/content\/dam\/huawei-cbg-site\/common\/mkt\/pdp\/wearables\/band9\/img\/bloodoxygen\/huawei-band-9-truseen-3.png, \/content\/dam\/huawei-cbg-site\/common\/mkt\/pdp\/wearables\/band9\/img\/bloodoxygen\/huawei-band-9-truseen-3-2x.png 1.5x\" type=\"image\/png\" media=\"(min-aspect-ratio: 11\/10)\" data-srcset=\"\/content\/dam\/huawei-cbg-site\/common\/mkt\/pdp\/wearables\/band9\/img\/bloodoxygen\/huawei-band-9-truseen-3.png, \/content\/dam\/huawei-cbg-site\/common\/mkt\/pdp\/wearables\/band9\/img\/bloodoxygen\/huawei-band-9-truseen-3-2x.png 1.5x\" \/><\/picture>Recibe recordatorios y predicciones de tu ventana f\u00e9rtil en un calendario mensual f\u00e1cil de seguir.<\/p>\n<p>Crea una <em>comunidad de salud para tus seres queridos<\/em> y mantente al tanto de su ritmo cardiaco, SpO2, pasos diarios y calidad del sue\u00f1o.<\/p>\n<\/div>\n<picture><source srcset=\"\/content\/dam\/huawei-cbg-site\/common\/mkt\/pdp\/wearables\/band9\/img\/sleepmanagement\/huawei-band-9-trusleep-xs.webp\" type=\"image\/webp\" media=\"(max-aspect-ratio: 11\/10)\" data-srcset=\"\/content\/dam\/huawei-cbg-site\/common\/mkt\/pdp\/wearables\/band9\/img\/sleepmanagement\/huawei-band-9-trusleep-xs.webp\" \/><source srcset=\"\/content\/dam\/huawei-cbg-site\/common\/mkt\/pdp\/wearables\/band9\/img\/sleepmanagement\/huawei-band-9-trusleep-2x.webp\" type=\"image\/webp\" media=\"(min-aspect-ratio: 11\/10) and (min-width: 1280px)\" data-srcset=\"\/content\/dam\/huawei-cbg-site\/common\/mkt\/pdp\/wearables\/band9\/img\/sleepmanagement\/huawei-band-9-trusleep-2x.webp\" \/><source srcset=\"\/content\/dam\/huawei-cbg-site\/common\/mkt\/pdp\/wearables\/band9\/img\/sleepmanagement\/huawei-band-9-trusleep.webp, \/content\/dam\/huawei-cbg-site\/common\/mkt\/pdp\/wearables\/band9\/img\/sleepmanagement\/huawei-band-9-trusleep-2x.webp 1.5x\" type=\"image\/webp\" media=\"(min-aspect-ratio: 11\/10)\" data-srcset=\"\/content\/dam\/huawei-cbg-site\/common\/mkt\/pdp\/wearables\/band9\/img\/sleepmanagement\/huawei-band-9-trusleep.webp, \/content\/dam\/huawei-cbg-site\/common\/mkt\/pdp\/wearables\/band9\/img\/sleepmanagement\/huawei-band-9-trusleep-2x.webp 1.5x\" \/><source srcset=\"\/content\/dam\/huawei-cbg-site\/common\/mkt\/pdp\/wearables\/band9\/img\/sleepmanagement\/huawei-band-9-trusleep-xs.jpg\" type=\"image\/jpeg\" media=\"(max-aspect-ratio: 11\/10)\" data-srcset=\"\/content\/dam\/huawei-cbg-site\/common\/mkt\/pdp\/wearables\/band9\/img\/sleepmanagement\/huawei-band-9-trusleep-xs.jpg\" \/><source srcset=\"\/content\/dam\/huawei-cbg-site\/common\/mkt\/pdp\/wearables\/band9\/img\/sleepmanagement\/huawei-band-9-trusleep-2x.jpg\" type=\"image\/jpeg\" media=\"(min-aspect-ratio: 11\/10) and (min-width: 1280px)\" data-srcset=\"\/content\/dam\/huawei-cbg-site\/common\/mkt\/pdp\/wearables\/band9\/img\/sleepmanagement\/huawei-band-9-trusleep-2x.jpg\" \/><source srcset=\"\/content\/dam\/huawei-cbg-site\/common\/mkt\/pdp\/wearables\/band9\/img\/sleepmanagement\/huawei-band-9-trusleep.jpg, \/content\/dam\/huawei-cbg-site\/common\/mkt\/pdp\/wearables\/band9\/img\/sleepmanagement\/huawei-band-9-trusleep-2x.jpg 1.5x\" type=\"image\/jpeg\" media=\"(min-aspect-ratio: 11\/10)\" data-srcset=\"\/content\/dam\/huawei-cbg-site\/common\/mkt\/pdp\/wearables\/band9\/img\/sleepmanagement\/huawei-band-9-trusleep.jpg, \/content\/dam\/huawei-cbg-site\/common\/mkt\/pdp\/wearables\/band9\/img\/sleepmanagement\/huawei-band-9-trusleep-2x.jpg 1.5x\" \/><\/picture>\n<h4>Vida sana todos los d\u00edas<\/h4>\n<div>\n<p><em>Establece objetivos diarios<\/em> para moverte, hacer ejercicio y levantarte con los Anillos de Actividad de nueva generaci\u00f3n.<\/p>\n<p>Los <em>informes semanales<\/em> te muestran todos los logros que has conseguido.<\/p>\n<p>Nadar para ganar. Identifica con precisi\u00f3n los 4 tipos de brazadas, n\u00famero de brazadas, conteo de vueltas y tu SWOLF en tiempo real.<\/p>\n<p>El <em>entrenamiento basado en datos<\/em> con 100 modos de entrenamiento y detecci\u00f3n autom\u00e1tica.<\/p>\n<\/div>\n<\/div>\n<\/div>\n<\/div>\n<div><\/div>\n<h4>Re-imagina tu Vida Inteligente<\/h4>\n<div>\n<div><span style=\"font-size: 16px;\">Mantente informado sobre llamadas entrantes, eventos de tu calendario y nuevos mensajes enviados directamente a tu mu\u00f1eca.<\/span><\/div>\n<div><\/div>\n<div>\n<section><\/section>\n<div>\n<section>\n<div>\n<div>Establece alarmas o temporizadores, controla la m\u00fasica, dispara la c\u00e1mara a distancia, consulta el clima o encuentra tu tel\u00e9fono con <em>decenas de funciones inteligentes<\/em>.<\/div>\n<div><\/div>\n<div>Usa tu Huawei Band 9 Amarillo Lim\u00f3n hasta 14 d\u00edas y c\u00e1rgala en solo 45 minutos.<\/div>\n<\/div>\n<\/section>\n<\/div>\n<\/div>\n<\/div>\n<div><\/div>\n<div>\n<div>\n<p>Esta banda ha soportado ocho exigentes pruebas de durabilidad y cuenta con\u00a0 resistencia al agua certificada de 50 metros.<\/p>\n<p><em>Compatible con iOS, Android y Huawei<\/em>.<\/p>\n<h4>Huawei Band 9 &#8211; Amarillo Lim\u00f3n<\/h4>\n<h4><\/h4>\n<table>\n<tbody>\n<tr>\n<td>Pantalla<\/td>\n<td>AMOLED de 37,34 mm<\/td>\n<\/tr>\n<tr>\n<td>Compatibilidad<\/td>\n<td>iOS, Android, Harmony OS<\/td>\n<\/tr>\n<tr>\n<td>Sensor de luz<\/td>\n<td>Incorporado<\/td>\n<\/tr>\n<tr>\n<td>Duraci\u00f3n de la bater\u00eda<\/td>\n<td>Hasta 14 d\u00edas<\/td>\n<\/tr>\n<tr>\n<td>Material de la caja<\/td>\n<td>Pol\u00edmero de alta resistencia<\/td>\n<\/tr>\n<tr>\n<td>Material de la correa<\/td>\n<td>FKM<\/td>\n<\/tr>\n<tr>\n<td>Color<\/td>\n<td>Amarillo Lim\u00f3n<\/td>\n<\/tr>\n<tr>\n<td>Always on Display<\/td>\n<td>Disponible<\/td>\n<\/tr>\n<tr>\n<td>Conectividad<\/td>\n<td>2.4 G, Bluetooth 5.0, BLE<\/td>\n<\/tr>\n<tr>\n<td>Peso<\/td>\n<td>14 gramos<\/td>\n<\/tr>\n<\/tbody>\n<\/table>\n<h4>En la caja<\/h4>\n<div>\n<div>\n<div>\n<div>\n<ul>\n<li>Huawei Band 9 &#8211; Amarillo Lim\u00f3n <em>x1<\/em><\/li>\n<li>Cable de carga y base <em>x1<\/em><\/li>\n<li>Gu\u00eda de usuario y tarjeta de garant\u00eda <em>x1<\/em><\/li>\n<\/ul>\n<\/div>\n<\/div>\n<\/div>\n<\/div>\n<\/div>\n<div>\n<h6>\u00a0Garant\u00eda de 12 meses<\/h6>\n<\/div>\n<\/div>\n<div><\/div>\n","protected":false},"excerpt":{"rendered":"<p><em>Perfecta para hacer ejercicio, trabajar, pasear y m\u00e1s.<\/em><\/p>\n<h4>Tu asistente de vida saludable<\/h4>\n<ul>\n<li>Dise\u00f1o perforado para el sudor.<\/li>\n<li class=\"kamibutsu active\">Monitor mejorado de signos vitales.<\/li>\n<li>Control cient\u00edfico del sue\u00f1o.<\/li>\n<li>Entrenamiento basado en datos<\/li>\n<li>Compatible con iOS, Android y Huawei.<\/li>\n<\/ul>\n<h6>Huawei Oficial con Garant\u00eda<\/h6>\n","protected":false},"featured_media":1746,"comment_status":"open","ping_status":"closed","template":"","meta":{"site-sidebar-layout":"default","site-content-layout":"","ast-site-content-layout":"default","site-content-style":"default","site-sidebar-style":"default","ast-global-header-display":"","ast-banner-title-visibility":"","ast-main-header-display":"","ast-hfb-above-header-display":"","ast-hfb-below-header-display":"","ast-hfb-mobile-header-display":"","site-post-title":"","ast-breadcrumbs-content":"","ast-featured-img":"","footer-sml-layout":"","ast-disable-related-posts":"","theme-transparent-header-meta":"default","adv-header-id-meta":"","stick-header-meta":"","header-above-stick-meta":"","header-main-stick-meta":"","header-below-stick-meta":"","astra-migrate-meta-layouts":"set","ast-page-background-enabled":"default","ast-page-background-meta":{"desktop":{"background-color":"","background-image":"","background-repeat":"repeat","background-position":"center center","background-size":"auto","background-attachment":"scroll","background-type":"","background-media":"","overlay-type":"","overlay-color":"","overlay-opacity":"","overlay-gradient":""},"tablet":{"background-color":"","background-image":"","background-repeat":"repeat","background-position":"center center","background-size":"auto","background-attachment":"scroll","background-type":"","background-media":"","overlay-type":"","overlay-color":"","overlay-opacity":"","overlay-gradient":""},"mobile":{"background-color":"","background-image":"","background-repeat":"repeat","background-position":"center center","background-size":"auto","background-attachment":"scroll","background-type":"","background-media":"","overlay-type":"","overlay-color":"","overlay-opacity":"","overlay-gradient":""}},"ast-content-background-meta":{"desktop":{"background-color":"var(--ast-global-color-5)","background-image":"","background-repeat":"repeat","background-position":"center center","background-size":"auto","background-attachment":"scroll","background-type":"","background-media":"","overlay-type":"","overlay-color":"","overlay-opacity":"","overlay-gradient":""},"tablet":{"background-color":"var(--ast-global-color-5)","background-image":"","background-repeat":"repeat","background-position":"center center","background-size":"auto","background-attachment":"scroll","background-type":"","background-media":"","overlay-type":"","overlay-color":"","overlay-opacity":"","overlay-gradient":""},"mobile":{"background-color":"var(--ast-global-color-5)","background-image":"","background-repeat":"repeat","background-position":"center center","background-size":"auto","background-attachment":"scroll","background-type":"","background-media":"","overlay-type":"","overlay-color":"","overlay-opacity":"","overlay-gradient":""}}},"product_brand":[],"product_cat":[208,54],"product_tag":[],"class_list":{"0":"post-1744","1":"product","2":"type-product","3":"status-publish","4":"has-post-thumbnail","6":"product_cat-huawei-band-9","7":"product_cat-smartwatch","8":"desktop-align-left","9":"tablet-align-left","10":"mobile-align-left","12":"first","13":"outofstock","14":"sale","15":"purchasable","16":"product-type-simple"},"yoast_head":"<!-- This site is optimized with the Yoast SEO plugin v27.3 - https:\/\/yoast.com\/product\/yoast-seo-wordpress\/ -->\n<title>Huawei Band 9 - Amarillo Lim\u00f3n - Ecuador - Wakan.ec<\/title>\n<meta name=\"description\" content=\"Huawei Band 9 Amarillo Lim\u00f3n te brinda uso confortable 24\/7, monitoreo de sue\u00f1o 4.0, monitor de signos vitales y hasta dos semanas de bater\u00eda.\" \/>\n<meta name=\"robots\" content=\"index, follow, max-snippet:-1, max-image-preview:large, max-video-preview:-1\" \/>\n<link rel=\"canonical\" href=\"https:\/\/wakan.ec\/index.php\/producto\/huawei-band-9-amarillo-limon\/\" \/>\n<meta property=\"og:locale\" content=\"es_ES\" \/>\n<meta property=\"og:type\" content=\"article\" \/>\n<meta property=\"og:title\" content=\"Huawei Band 9 - Amarillo Lim\u00f3n - Ecuador - Wakan.ec\" \/>\n<meta property=\"og:description\" content=\"Huawei Band 9 Amarillo Lim\u00f3n te brinda uso confortable 24\/7, monitoreo de sue\u00f1o 4.0, monitor de signos vitales y hasta dos semanas de bater\u00eda.\" \/>\n<meta property=\"og:url\" content=\"https:\/\/wakan.ec\/index.php\/producto\/huawei-band-9-amarillo-limon\/\" \/>\n<meta property=\"og:site_name\" content=\"Wakan.ec\" \/>\n<meta property=\"article:publisher\" content=\"https:\/\/www.facebook.com\/wakantienda\" \/>\n<meta property=\"article:modified_time\" content=\"2025-02-11T21:47:07+00:00\" \/>\n<meta property=\"og:image\" content=\"https:\/\/wakan.ec\/wp-content\/uploads\/2024\/04\/1000011929.jpg\" \/>\n\t<meta property=\"og:image:width\" content=\"1000\" \/>\n\t<meta property=\"og:image:height\" content=\"1000\" \/>\n\t<meta property=\"og:image:type\" content=\"image\/jpeg\" \/>\n<meta name=\"twitter:card\" content=\"summary_large_image\" \/>\n<meta name=\"twitter:label1\" content=\"Tiempo de lectura\" \/>\n\t<meta name=\"twitter:data1\" content=\"3 minutos\" \/>\n<script type=\"application\/ld+json\" class=\"yoast-schema-graph\">{\"@context\":\"https:\\\/\\\/schema.org\",\"@graph\":[{\"@type\":\"WebPage\",\"@id\":\"https:\\\/\\\/wakan.ec\\\/index.php\\\/producto\\\/huawei-band-9-amarillo-limon\\\/\",\"url\":\"https:\\\/\\\/wakan.ec\\\/index.php\\\/producto\\\/huawei-band-9-amarillo-limon\\\/\",\"name\":\"Huawei Band 9 - Amarillo Lim\u00f3n - Ecuador - Wakan.ec\",\"isPartOf\":{\"@id\":\"https:\\\/\\\/wakan.ec\\\/#website\"},\"primaryImageOfPage\":{\"@id\":\"https:\\\/\\\/wakan.ec\\\/index.php\\\/producto\\\/huawei-band-9-amarillo-limon\\\/#primaryimage\"},\"image\":{\"@id\":\"https:\\\/\\\/wakan.ec\\\/index.php\\\/producto\\\/huawei-band-9-amarillo-limon\\\/#primaryimage\"},\"thumbnailUrl\":\"https:\\\/\\\/wakan.ec\\\/wp-content\\\/uploads\\\/2024\\\/04\\\/1000011929.jpg\",\"datePublished\":\"2024-04-02T21:22:45+00:00\",\"dateModified\":\"2025-02-11T21:47:07+00:00\",\"description\":\"Huawei Band 9 Amarillo Lim\u00f3n te brinda uso confortable 24\\\/7, monitoreo de sue\u00f1o 4.0, monitor de signos vitales y hasta dos semanas de bater\u00eda.\",\"breadcrumb\":{\"@id\":\"https:\\\/\\\/wakan.ec\\\/index.php\\\/producto\\\/huawei-band-9-amarillo-limon\\\/#breadcrumb\"},\"inLanguage\":\"es\",\"potentialAction\":[{\"@type\":\"ReadAction\",\"target\":[\"https:\\\/\\\/wakan.ec\\\/index.php\\\/producto\\\/huawei-band-9-amarillo-limon\\\/\"]}]},{\"@type\":\"ImageObject\",\"inLanguage\":\"es\",\"@id\":\"https:\\\/\\\/wakan.ec\\\/index.php\\\/producto\\\/huawei-band-9-amarillo-limon\\\/#primaryimage\",\"url\":\"https:\\\/\\\/wakan.ec\\\/wp-content\\\/uploads\\\/2024\\\/04\\\/1000011929.jpg\",\"contentUrl\":\"https:\\\/\\\/wakan.ec\\\/wp-content\\\/uploads\\\/2024\\\/04\\\/1000011929.jpg\",\"width\":1000,\"height\":1000,\"caption\":\"Huawei Band 9 - Amarillo Lim\u00f3n - Ecuador\"},{\"@type\":\"BreadcrumbList\",\"@id\":\"https:\\\/\\\/wakan.ec\\\/index.php\\\/producto\\\/huawei-band-9-amarillo-limon\\\/#breadcrumb\",\"itemListElement\":[{\"@type\":\"ListItem\",\"position\":1,\"name\":\"Portada\",\"item\":\"https:\\\/\\\/wakan.ec\\\/\"},{\"@type\":\"ListItem\",\"position\":2,\"name\":\"Wakan.ec\",\"item\":\"https:\\\/\\\/wakan.ec\\\/\"},{\"@type\":\"ListItem\",\"position\":3,\"name\":\"Huawei Band 9 &#8211; Amarillo Lim\u00f3n\"}]},{\"@type\":\"WebSite\",\"@id\":\"https:\\\/\\\/wakan.ec\\\/#website\",\"url\":\"https:\\\/\\\/wakan.ec\\\/\",\"name\":\"Wakan.ec\",\"description\":\"Tech - Fitness, entretenimiento y productividad.\",\"publisher\":{\"@id\":\"https:\\\/\\\/wakan.ec\\\/#organization\"},\"potentialAction\":[{\"@type\":\"SearchAction\",\"target\":{\"@type\":\"EntryPoint\",\"urlTemplate\":\"https:\\\/\\\/wakan.ec\\\/?s={search_term_string}\"},\"query-input\":{\"@type\":\"PropertyValueSpecification\",\"valueRequired\":true,\"valueName\":\"search_term_string\"}}],\"inLanguage\":\"es\"},{\"@type\":\"Organization\",\"@id\":\"https:\\\/\\\/wakan.ec\\\/#organization\",\"name\":\"Wak\u00e1n\",\"url\":\"https:\\\/\\\/wakan.ec\\\/\",\"logo\":{\"@type\":\"ImageObject\",\"inLanguage\":\"es\",\"@id\":\"https:\\\/\\\/wakan.ec\\\/#\\\/schema\\\/logo\\\/image\\\/\",\"url\":\"https:\\\/\\\/wakan.ec\\\/wp-content\\\/uploads\\\/2021\\\/12\\\/wakan-Logo.png\",\"contentUrl\":\"https:\\\/\\\/wakan.ec\\\/wp-content\\\/uploads\\\/2021\\\/12\\\/wakan-Logo.png\",\"width\":1080,\"height\":1080,\"caption\":\"Wak\u00e1n\"},\"image\":{\"@id\":\"https:\\\/\\\/wakan.ec\\\/#\\\/schema\\\/logo\\\/image\\\/\"},\"sameAs\":[\"https:\\\/\\\/www.facebook.com\\\/wakantienda\",\"https:\\\/\\\/www.instagram.com\\\/wakantienda\",\"https:\\\/\\\/www.youtube.com\\\/wakan\"]}]}<\/script>\n<!-- \/ Yoast SEO plugin. -->","yoast_head_json":{"title":"Huawei Band 9 - Amarillo Lim\u00f3n - Ecuador - Wakan.ec","description":"Huawei Band 9 Amarillo Lim\u00f3n te brinda uso confortable 24\/7, monitoreo de sue\u00f1o 4.0, monitor de signos vitales y hasta dos semanas de bater\u00eda.","robots":{"index":"index","follow":"follow","max-snippet":"max-snippet:-1","max-image-preview":"max-image-preview:large","max-video-preview":"max-video-preview:-1"},"canonical":"https:\/\/wakan.ec\/index.php\/producto\/huawei-band-9-amarillo-limon\/","og_locale":"es_ES","og_type":"article","og_title":"Huawei Band 9 - Amarillo Lim\u00f3n - Ecuador - Wakan.ec","og_description":"Huawei Band 9 Amarillo Lim\u00f3n te brinda uso confortable 24\/7, monitoreo de sue\u00f1o 4.0, monitor de signos vitales y hasta dos semanas de bater\u00eda.","og_url":"https:\/\/wakan.ec\/index.php\/producto\/huawei-band-9-amarillo-limon\/","og_site_name":"Wakan.ec","article_publisher":"https:\/\/www.facebook.com\/wakantienda","article_modified_time":"2025-02-11T21:47:07+00:00","og_image":[{"width":1000,"height":1000,"url":"https:\/\/wakan.ec\/wp-content\/uploads\/2024\/04\/1000011929.jpg","type":"image\/jpeg"}],"twitter_card":"summary_large_image","twitter_misc":{"Tiempo de lectura":"3 minutos"},"schema":{"@context":"https:\/\/schema.org","@graph":[{"@type":"WebPage","@id":"https:\/\/wakan.ec\/index.php\/producto\/huawei-band-9-amarillo-limon\/","url":"https:\/\/wakan.ec\/index.php\/producto\/huawei-band-9-amarillo-limon\/","name":"Huawei Band 9 - Amarillo Lim\u00f3n - Ecuador - Wakan.ec","isPartOf":{"@id":"https:\/\/wakan.ec\/#website"},"primaryImageOfPage":{"@id":"https:\/\/wakan.ec\/index.php\/producto\/huawei-band-9-amarillo-limon\/#primaryimage"},"image":{"@id":"https:\/\/wakan.ec\/index.php\/producto\/huawei-band-9-amarillo-limon\/#primaryimage"},"thumbnailUrl":"https:\/\/wakan.ec\/wp-content\/uploads\/2024\/04\/1000011929.jpg","datePublished":"2024-04-02T21:22:45+00:00","dateModified":"2025-02-11T21:47:07+00:00","description":"Huawei Band 9 Amarillo Lim\u00f3n te brinda uso confortable 24\/7, monitoreo de sue\u00f1o 4.0, monitor de signos vitales y hasta dos semanas de bater\u00eda.","breadcrumb":{"@id":"https:\/\/wakan.ec\/index.php\/producto\/huawei-band-9-amarillo-limon\/#breadcrumb"},"inLanguage":"es","potentialAction":[{"@type":"ReadAction","target":["https:\/\/wakan.ec\/index.php\/producto\/huawei-band-9-amarillo-limon\/"]}]},{"@type":"ImageObject","inLanguage":"es","@id":"https:\/\/wakan.ec\/index.php\/producto\/huawei-band-9-amarillo-limon\/#primaryimage","url":"https:\/\/wakan.ec\/wp-content\/uploads\/2024\/04\/1000011929.jpg","contentUrl":"https:\/\/wakan.ec\/wp-content\/uploads\/2024\/04\/1000011929.jpg","width":1000,"height":1000,"caption":"Huawei Band 9 - Amarillo Lim\u00f3n - Ecuador"},{"@type":"BreadcrumbList","@id":"https:\/\/wakan.ec\/index.php\/producto\/huawei-band-9-amarillo-limon\/#breadcrumb","itemListElement":[{"@type":"ListItem","position":1,"name":"Portada","item":"https:\/\/wakan.ec\/"},{"@type":"ListItem","position":2,"name":"Wakan.ec","item":"https:\/\/wakan.ec\/"},{"@type":"ListItem","position":3,"name":"Huawei Band 9 &#8211; Amarillo Lim\u00f3n"}]},{"@type":"WebSite","@id":"https:\/\/wakan.ec\/#website","url":"https:\/\/wakan.ec\/","name":"Wakan.ec","description":"Tech - Fitness, entretenimiento y productividad.","publisher":{"@id":"https:\/\/wakan.ec\/#organization"},"potentialAction":[{"@type":"SearchAction","target":{"@type":"EntryPoint","urlTemplate":"https:\/\/wakan.ec\/?s={search_term_string}"},"query-input":{"@type":"PropertyValueSpecification","valueRequired":true,"valueName":"search_term_string"}}],"inLanguage":"es"},{"@type":"Organization","@id":"https:\/\/wakan.ec\/#organization","name":"Wak\u00e1n","url":"https:\/\/wakan.ec\/","logo":{"@type":"ImageObject","inLanguage":"es","@id":"https:\/\/wakan.ec\/#\/schema\/logo\/image\/","url":"https:\/\/wakan.ec\/wp-content\/uploads\/2021\/12\/wakan-Logo.png","contentUrl":"https:\/\/wakan.ec\/wp-content\/uploads\/2021\/12\/wakan-Logo.png","width":1080,"height":1080,"caption":"Wak\u00e1n"},"image":{"@id":"https:\/\/wakan.ec\/#\/schema\/logo\/image\/"},"sameAs":["https:\/\/www.facebook.com\/wakantienda","https:\/\/www.instagram.com\/wakantienda","https:\/\/www.youtube.com\/wakan"]}]}},"_links":{"self":[{"href":"https:\/\/wakan.ec\/index.php\/wp-json\/wp\/v2\/product\/1744","targetHints":{"allow":["GET"]}}],"collection":[{"href":"https:\/\/wakan.ec\/index.php\/wp-json\/wp\/v2\/product"}],"about":[{"href":"https:\/\/wakan.ec\/index.php\/wp-json\/wp\/v2\/types\/product"}],"replies":[{"embeddable":true,"href":"https:\/\/wakan.ec\/index.php\/wp-json\/wp\/v2\/comments?post=1744"}],"wp:featuredmedia":[{"embeddable":true,"href":"https:\/\/wakan.ec\/index.php\/wp-json\/wp\/v2\/media\/1746"}],"wp:attachment":[{"href":"https:\/\/wakan.ec\/index.php\/wp-json\/wp\/v2\/media?parent=1744"}],"wp:term":[{"taxonomy":"product_brand","embeddable":true,"href":"https:\/\/wakan.ec\/index.php\/wp-json\/wp\/v2\/product_brand?post=1744"},{"taxonomy":"product_cat","embeddable":true,"href":"https:\/\/wakan.ec\/index.php\/wp-json\/wp\/v2\/product_cat?post=1744"},{"taxonomy":"product_tag","embeddable":true,"href":"https:\/\/wakan.ec\/index.php\/wp-json\/wp\/v2\/product_tag?post=1744"}],"curies":[{"name":"wp","href":"https:\/\/api.w.org\/{rel}","templated":true}]}}