{"id":1450,"date":"2023-11-16T13:17:52","date_gmt":"2023-11-16T13:17:52","guid":{"rendered":"https:\/\/wakan.ec\/?post_type=product&#038;p=1450"},"modified":"2025-05-06T15:14:32","modified_gmt":"2025-05-06T20:14:32","slug":"echo-buds-con-alexa-2023-blanco-glaciar","status":"publish","type":"product","link":"https:\/\/wakan.ec\/index.php\/producto\/echo-buds-con-alexa-2023-blanco-glaciar\/","title":{"rendered":"Echo Buds con Alexa &#8211; 2023 &#8211; Blanco Glaciar"},"content":{"rendered":"<p id=\"title\"><span id=\"productTitle\">Los auriculares inal\u00e1mbricos Echo Buds con Alexa 2023 en color blanco glaciar te ofrecen sonido de alta calidad para m\u00fasica, llamadas y mucho m\u00e1s.<\/span><\/p>\n<h3>Sonido detallado<\/h3>\n<p>Escucha tu contenido alto y claro con sonido intenso, graves balanceados y en alta definici\u00f3n.<\/p>\n<p>Su dise\u00f1o semi-intrauditivo te ayuda a reducir el ruido exterior y mantenerte al tanto de tus alrededores mientras escuchas m\u00fasica o haces llamadas.<\/p>\n<p>Son ligeros y resistentes al sudor.<\/p>\n<p>Hazte escuchar con los dos micr\u00f3fonos y el aceler\u00f3metro de detecci\u00f3n de voz para comunicarte con claridad.<\/p>\n<h3>Lleva a Alexa contigo<\/h3>\n<div data-lazy-loading-background-image=\"\">\n<p>P\u00eddele a Alexa que ponga m\u00fasica, haga llamadas o reproduzca un audiolibro. Configura recordatorios y m\u00e1s con tan solo el sonido de tu voz.<\/p>\n<p>Conecta dos dispositivos al mismo tiempo y pasa de uno al otro. Prueba decir: \u201cAlexa, con\u00e9ctame a <a href=\"https:\/\/wakan.ec\/index.php\/product-category\/dispositivos-alexa\/fire-tv-stick\/\" target=\"_blank\" rel=\"noopener\">Fire TV<\/a>\u201d o \u201cAlexa, descon\u00e9ctame de mi <a href=\"https:\/\/wakan.ec\/index.php\/product-category\/dispositivos-alexa\/alexa-echo\/\" target=\"_blank\" rel=\"noopener\">Echo<\/a> Show\u201d.<\/p>\n<\/div>\n<div data-lazy-loading-background-image=\"\">\n<div>\n<div>\n<div>\n<div>\n<h3>Sonido sin l\u00edmites<\/h3>\n<\/div>\n<\/div>\n<\/div>\n<\/div>\n<\/div>\n<div data-lazy-loading-background-image=\"\">\n<p>Personaliza los controles t\u00e1ctiles para m\u00fasica, llamadas, silenciar micr\u00f3fonos o acceder a Siri y Asistente de Google.<\/p>\n<p>Ubica tus Echo Buds o selecciona las notificaciones que te interesan desde la app de Alexa.<\/p>\n<\/div>\n<p>La detecci\u00f3n autom\u00e1tica pausar\u00e1 la reproducci\u00f3n al quitarte uno o ambos aud\u00edfonos. Reanuda con un toque.<\/p>\n<div data-lazy-loading-background-image=\"\">\n<p>Usa los aud\u00edfonos hasta 20 horas con el estuche cargador, escucha m\u00fasica por 5 horas\u00a0 y 2 horas con una carga r\u00e1pida de 15 minutos.<\/p>\n<div data-lazy-loading-background-image=\"\">\n<div data-lazy-loading-background-image=\"\">\n<div data-lazy-loading-background-image=\"\">\n<div data-lazy-loading-background-image=\"\">\n<div data-lazy-loading-background-image=\"\">\n<div data-lazy-loading-background-image=\"\">\n<div data-lazy-loading-background-image=\"\">\n<div data-lazy-loading-background-image=\"\">\n<div data-lazy-loading-background-image=\"\">\n<div data-lazy-loading-background-image=\"\">\n<div data-lazy-loading-background-image=\"\">\n<div data-lazy-loading-background-image=\"\">\n<div data-lazy-loading-background-image=\"\">\n<div data-lazy-loading-background-image=\"\">\n<div data-lazy-loading-background-image=\"\">\n<div data-lazy-loading-background-image=\"\">\n<div data-lazy-loading-background-image=\"\">\n<div data-lazy-loading-background-image=\"\">\n<div data-lazy-loading-background-image=\"\">\n<div data-lazy-loading-background-image=\"\">\n<h4>Echo Buds con Alexa &#8211; 2023 &#8211; Blanco<\/h4>\n<table>\n<tbody>\n<tr>\n<td>Marca<\/td>\n<td>Amazon Alexa<\/td>\n<\/tr>\n<tr>\n<td>Color<\/td>\n<td>Blanco Glaciar<\/td>\n<\/tr>\n<tr>\n<td>Control<\/td>\n<td>Voz, t\u00e1ctil<\/td>\n<\/tr>\n<tr>\n<td>Resistencia al agua<\/td>\n<td>IPx4 Sudor<\/td>\n<\/tr>\n<tr>\n<td>Compatibilidad<\/td>\n<td>Bluetooth<\/td>\n<\/tr>\n<tr>\n<td>Duraci\u00f3n de la bater\u00eda<\/td>\n<td>20 horas<\/td>\n<\/tr>\n<tr>\n<td>Privacidad<\/td>\n<td>Silenciar Micr\u00f3fono<\/td>\n<\/tr>\n<tr>\n<td>Almohadillas<\/td>\n<td>Intercambiables<\/td>\n<\/tr>\n<tr>\n<td>Versi\u00f3n Bluetooth<\/td>\n<td>5.2<\/td>\n<\/tr>\n<tr>\n<td>Tama\u00f1o del controlador<\/td>\n<td>12 mm<\/td>\n<\/tr>\n<\/tbody>\n<\/table>\n<h3>En la caja<\/h3>\n<\/div>\n<\/div>\n<\/div>\n<\/div>\n<\/div>\n<\/div>\n<\/div>\n<\/div>\n<\/div>\n<\/div>\n<\/div>\n<\/div>\n<\/div>\n<\/div>\n<\/div>\n<\/div>\n<\/div>\n<\/div>\n<\/div>\n<\/div>\n<\/div>\n<ul>\n<li>Echo Buds con Alexa &#8211; 2023 &#8211; Blanco x2<\/li>\n<li>Almohadillas de silicona adicionales x2<\/li>\n<li>Estuche cargador x1<\/li>\n<li>Manual de instrucciones y garant\u00eda x1<\/li>\n<\/ul>\n<h4>Garant\u00eda de f\u00e1brica por 1 a\u00f1o<\/h4>\n","protected":false},"excerpt":{"rendered":"<p><em>Preferidos por su comodidad, calidad de sonido y larga duraci\u00f3n de la bater\u00eda.<\/em><\/p>\n<h4>Earbuds con Alexa<\/h4>\n<ul>\n<li>Sonido intenso y en alta definici\u00f3n.<\/li>\n<li>P\u00eddele a Alexa que reproduzca tu m\u00fasica preferida.<\/li>\n<li>Vincula los Echo Buds con dispositivos Bluetooth.<\/li>\n<li>Usa los aud\u00edfonos hasta 20 horas.<\/li>\n<\/ul>\n<h5>P\u00eddelos en l\u00ednea o por WhatsApp.<\/h5>\n","protected":false},"featured_media":1457,"comment_status":"open","ping_status":"closed","template":"","meta":{"site-sidebar-layout":"default","site-content-layout":"","ast-site-content-layout":"default","site-content-style":"default","site-sidebar-style":"default","ast-global-header-display":"","ast-banner-title-visibility":"","ast-main-header-display":"","ast-hfb-above-header-display":"","ast-hfb-below-header-display":"","ast-hfb-mobile-header-display":"","site-post-title":"","ast-breadcrumbs-content":"","ast-featured-img":"","footer-sml-layout":"","ast-disable-related-posts":"","theme-transparent-header-meta":"default","adv-header-id-meta":"","stick-header-meta":"","header-above-stick-meta":"","header-main-stick-meta":"","header-below-stick-meta":"","astra-migrate-meta-layouts":"set","ast-page-background-enabled":"default","ast-page-background-meta":{"desktop":{"background-color":"","background-image":"","background-repeat":"repeat","background-position":"center center","background-size":"auto","background-attachment":"scroll","background-type":"","background-media":"","overlay-type":"","overlay-color":"","overlay-opacity":"","overlay-gradient":""},"tablet":{"background-color":"","background-image":"","background-repeat":"repeat","background-position":"center center","background-size":"auto","background-attachment":"scroll","background-type":"","background-media":"","overlay-type":"","overlay-color":"","overlay-opacity":"","overlay-gradient":""},"mobile":{"background-color":"","background-image":"","background-repeat":"repeat","background-position":"center center","background-size":"auto","background-attachment":"scroll","background-type":"","background-media":"","overlay-type":"","overlay-color":"","overlay-opacity":"","overlay-gradient":""}},"ast-content-background-meta":{"desktop":{"background-color":"var(--ast-global-color-5)","background-image":"","background-repeat":"repeat","background-position":"center center","background-size":"auto","background-attachment":"scroll","background-type":"","background-media":"","overlay-type":"","overlay-color":"","overlay-opacity":"","overlay-gradient":""},"tablet":{"background-color":"var(--ast-global-color-5)","background-image":"","background-repeat":"repeat","background-position":"center center","background-size":"auto","background-attachment":"scroll","background-type":"","background-media":"","overlay-type":"","overlay-color":"","overlay-opacity":"","overlay-gradient":""},"mobile":{"background-color":"var(--ast-global-color-5)","background-image":"","background-repeat":"repeat","background-position":"center center","background-size":"auto","background-attachment":"scroll","background-type":"","background-media":"","overlay-type":"","overlay-color":"","overlay-opacity":"","overlay-gradient":""}}},"product_brand":[],"product_cat":[175,166,209],"product_tag":[],"class_list":{"0":"post-1450","1":"product","2":"type-product","3":"status-publish","4":"has-post-thumbnail","6":"product_cat-auriculares-inalambricos","7":"product_cat-dispositivos-alexa","8":"product_cat-echo-buds-2023","9":"desktop-align-left","10":"tablet-align-left","11":"mobile-align-left","13":"first","14":"outofstock","15":"sale","16":"purchasable","17":"product-type-simple"},"yoast_head":"<!-- This site is optimized with the Yoast SEO plugin v27.5 - https:\/\/yoast.com\/product\/yoast-seo-wordpress\/ -->\n<title>Echo Buds con Alexa - 2023 - Blanco Glaciar - Wakan.ec<\/title>\n<meta name=\"description\" content=\"Los Echo Buds con Alexa 2023 - Blanco Glaciar, te ofrecen sonido de alta calidad para m\u00fasica, llamadas y mucho m\u00e1s con tu asistente virtual preferida.\u00a0\" \/>\n<meta name=\"robots\" content=\"index, follow, max-snippet:-1, max-image-preview:large, max-video-preview:-1\" \/>\n<link rel=\"canonical\" href=\"https:\/\/wakan.ec\/index.php\/producto\/echo-buds-con-alexa-2023-blanco-glaciar\/\" \/>\n<meta property=\"og:locale\" content=\"es_ES\" \/>\n<meta property=\"og:type\" content=\"article\" \/>\n<meta property=\"og:title\" content=\"Echo Buds con Alexa - 2023 - Blanco Glaciar - Wakan.ec\" \/>\n<meta property=\"og:description\" content=\"Los Echo Buds con Alexa 2023 - Blanco Glaciar, te ofrecen sonido de alta calidad para m\u00fasica, llamadas y mucho m\u00e1s con tu asistente virtual preferida.\u00a0\" \/>\n<meta property=\"og:url\" content=\"https:\/\/wakan.ec\/index.php\/producto\/echo-buds-con-alexa-2023-blanco-glaciar\/\" \/>\n<meta property=\"og:site_name\" content=\"Wakan.ec\" \/>\n<meta property=\"article:publisher\" content=\"https:\/\/www.facebook.com\/wakantienda\" \/>\n<meta property=\"article:modified_time\" content=\"2025-05-06T20:14:32+00:00\" \/>\n<meta property=\"og:image\" content=\"https:\/\/wakan.ec\/wp-content\/uploads\/2023\/11\/HUAWEI-Watch-GT-3-Pro-43-mm-Blanco.png\" \/>\n\t<meta property=\"og:image:width\" content=\"1000\" \/>\n\t<meta property=\"og:image:height\" content=\"1000\" \/>\n\t<meta property=\"og:image:type\" content=\"image\/png\" \/>\n<meta name=\"twitter:card\" content=\"summary_large_image\" \/>\n<meta name=\"twitter:label1\" content=\"Tiempo de lectura\" \/>\n\t<meta name=\"twitter:data1\" content=\"2 minutos\" \/>\n<script type=\"application\/ld+json\" class=\"yoast-schema-graph\">{\"@context\":\"https:\\\/\\\/schema.org\",\"@graph\":[{\"@type\":\"WebPage\",\"@id\":\"https:\\\/\\\/wakan.ec\\\/index.php\\\/producto\\\/echo-buds-con-alexa-2023-blanco-glaciar\\\/\",\"url\":\"https:\\\/\\\/wakan.ec\\\/index.php\\\/producto\\\/echo-buds-con-alexa-2023-blanco-glaciar\\\/\",\"name\":\"Echo Buds con Alexa - 2023 - Blanco Glaciar - Wakan.ec\",\"isPartOf\":{\"@id\":\"https:\\\/\\\/wakan.ec\\\/#website\"},\"primaryImageOfPage\":{\"@id\":\"https:\\\/\\\/wakan.ec\\\/index.php\\\/producto\\\/echo-buds-con-alexa-2023-blanco-glaciar\\\/#primaryimage\"},\"image\":{\"@id\":\"https:\\\/\\\/wakan.ec\\\/index.php\\\/producto\\\/echo-buds-con-alexa-2023-blanco-glaciar\\\/#primaryimage\"},\"thumbnailUrl\":\"https:\\\/\\\/wakan.ec\\\/wp-content\\\/uploads\\\/2023\\\/11\\\/HUAWEI-Watch-GT-3-Pro-43-mm-Blanco.png\",\"datePublished\":\"2023-11-16T13:17:52+00:00\",\"dateModified\":\"2025-05-06T20:14:32+00:00\",\"description\":\"Los Echo Buds con Alexa 2023 - Blanco Glaciar, te ofrecen sonido de alta calidad para m\u00fasica, llamadas y mucho m\u00e1s con tu asistente virtual preferida.\u00a0\",\"breadcrumb\":{\"@id\":\"https:\\\/\\\/wakan.ec\\\/index.php\\\/producto\\\/echo-buds-con-alexa-2023-blanco-glaciar\\\/#breadcrumb\"},\"inLanguage\":\"es\",\"potentialAction\":[{\"@type\":\"ReadAction\",\"target\":[\"https:\\\/\\\/wakan.ec\\\/index.php\\\/producto\\\/echo-buds-con-alexa-2023-blanco-glaciar\\\/\"]}]},{\"@type\":\"ImageObject\",\"inLanguage\":\"es\",\"@id\":\"https:\\\/\\\/wakan.ec\\\/index.php\\\/producto\\\/echo-buds-con-alexa-2023-blanco-glaciar\\\/#primaryimage\",\"url\":\"https:\\\/\\\/wakan.ec\\\/wp-content\\\/uploads\\\/2023\\\/11\\\/HUAWEI-Watch-GT-3-Pro-43-mm-Blanco.png\",\"contentUrl\":\"https:\\\/\\\/wakan.ec\\\/wp-content\\\/uploads\\\/2023\\\/11\\\/HUAWEI-Watch-GT-3-Pro-43-mm-Blanco.png\",\"width\":1000,\"height\":1000,\"caption\":\"Echo Buds con Alexa - 2023 -Blanco Glaciar\"},{\"@type\":\"BreadcrumbList\",\"@id\":\"https:\\\/\\\/wakan.ec\\\/index.php\\\/producto\\\/echo-buds-con-alexa-2023-blanco-glaciar\\\/#breadcrumb\",\"itemListElement\":[{\"@type\":\"ListItem\",\"position\":1,\"name\":\"Portada\",\"item\":\"https:\\\/\\\/wakan.ec\\\/\"},{\"@type\":\"ListItem\",\"position\":2,\"name\":\"Echo Buds con Alexa &#8211; 2023 &#8211; Blanco Glaciar\"}]},{\"@type\":\"WebSite\",\"@id\":\"https:\\\/\\\/wakan.ec\\\/#website\",\"url\":\"https:\\\/\\\/wakan.ec\\\/\",\"name\":\"Wakan.ec\",\"description\":\"Tech - Fitness, entretenimiento y productividad.\",\"publisher\":{\"@id\":\"https:\\\/\\\/wakan.ec\\\/#organization\"},\"potentialAction\":[{\"@type\":\"SearchAction\",\"target\":{\"@type\":\"EntryPoint\",\"urlTemplate\":\"https:\\\/\\\/wakan.ec\\\/?s={search_term_string}\"},\"query-input\":{\"@type\":\"PropertyValueSpecification\",\"valueRequired\":true,\"valueName\":\"search_term_string\"}}],\"inLanguage\":\"es\"},{\"@type\":\"Organization\",\"@id\":\"https:\\\/\\\/wakan.ec\\\/#organization\",\"name\":\"Wak\u00e1n\",\"url\":\"https:\\\/\\\/wakan.ec\\\/\",\"logo\":{\"@type\":\"ImageObject\",\"inLanguage\":\"es\",\"@id\":\"https:\\\/\\\/wakan.ec\\\/#\\\/schema\\\/logo\\\/image\\\/\",\"url\":\"https:\\\/\\\/wakan.ec\\\/wp-content\\\/uploads\\\/2021\\\/12\\\/wakan-Logo.png\",\"contentUrl\":\"https:\\\/\\\/wakan.ec\\\/wp-content\\\/uploads\\\/2021\\\/12\\\/wakan-Logo.png\",\"width\":1080,\"height\":1080,\"caption\":\"Wak\u00e1n\"},\"image\":{\"@id\":\"https:\\\/\\\/wakan.ec\\\/#\\\/schema\\\/logo\\\/image\\\/\"},\"sameAs\":[\"https:\\\/\\\/www.facebook.com\\\/wakantienda\",\"https:\\\/\\\/www.instagram.com\\\/wakantienda\",\"https:\\\/\\\/www.youtube.com\\\/wakan\"]}]}<\/script>\n<!-- \/ Yoast SEO plugin. -->","yoast_head_json":{"title":"Echo Buds con Alexa - 2023 - Blanco Glaciar - Wakan.ec","description":"Los Echo Buds con Alexa 2023 - Blanco Glaciar, te ofrecen sonido de alta calidad para m\u00fasica, llamadas y mucho m\u00e1s con tu asistente virtual preferida.\u00a0","robots":{"index":"index","follow":"follow","max-snippet":"max-snippet:-1","max-image-preview":"max-image-preview:large","max-video-preview":"max-video-preview:-1"},"canonical":"https:\/\/wakan.ec\/index.php\/producto\/echo-buds-con-alexa-2023-blanco-glaciar\/","og_locale":"es_ES","og_type":"article","og_title":"Echo Buds con Alexa - 2023 - Blanco Glaciar - Wakan.ec","og_description":"Los Echo Buds con Alexa 2023 - Blanco Glaciar, te ofrecen sonido de alta calidad para m\u00fasica, llamadas y mucho m\u00e1s con tu asistente virtual preferida.\u00a0","og_url":"https:\/\/wakan.ec\/index.php\/producto\/echo-buds-con-alexa-2023-blanco-glaciar\/","og_site_name":"Wakan.ec","article_publisher":"https:\/\/www.facebook.com\/wakantienda","article_modified_time":"2025-05-06T20:14:32+00:00","og_image":[{"width":1000,"height":1000,"url":"https:\/\/wakan.ec\/wp-content\/uploads\/2023\/11\/HUAWEI-Watch-GT-3-Pro-43-mm-Blanco.png","type":"image\/png"}],"twitter_card":"summary_large_image","twitter_misc":{"Tiempo de lectura":"2 minutos"},"schema":{"@context":"https:\/\/schema.org","@graph":[{"@type":"WebPage","@id":"https:\/\/wakan.ec\/index.php\/producto\/echo-buds-con-alexa-2023-blanco-glaciar\/","url":"https:\/\/wakan.ec\/index.php\/producto\/echo-buds-con-alexa-2023-blanco-glaciar\/","name":"Echo Buds con Alexa - 2023 - Blanco Glaciar - Wakan.ec","isPartOf":{"@id":"https:\/\/wakan.ec\/#website"},"primaryImageOfPage":{"@id":"https:\/\/wakan.ec\/index.php\/producto\/echo-buds-con-alexa-2023-blanco-glaciar\/#primaryimage"},"image":{"@id":"https:\/\/wakan.ec\/index.php\/producto\/echo-buds-con-alexa-2023-blanco-glaciar\/#primaryimage"},"thumbnailUrl":"https:\/\/wakan.ec\/wp-content\/uploads\/2023\/11\/HUAWEI-Watch-GT-3-Pro-43-mm-Blanco.png","datePublished":"2023-11-16T13:17:52+00:00","dateModified":"2025-05-06T20:14:32+00:00","description":"Los Echo Buds con Alexa 2023 - Blanco Glaciar, te ofrecen sonido de alta calidad para m\u00fasica, llamadas y mucho m\u00e1s con tu asistente virtual preferida.\u00a0","breadcrumb":{"@id":"https:\/\/wakan.ec\/index.php\/producto\/echo-buds-con-alexa-2023-blanco-glaciar\/#breadcrumb"},"inLanguage":"es","potentialAction":[{"@type":"ReadAction","target":["https:\/\/wakan.ec\/index.php\/producto\/echo-buds-con-alexa-2023-blanco-glaciar\/"]}]},{"@type":"ImageObject","inLanguage":"es","@id":"https:\/\/wakan.ec\/index.php\/producto\/echo-buds-con-alexa-2023-blanco-glaciar\/#primaryimage","url":"https:\/\/wakan.ec\/wp-content\/uploads\/2023\/11\/HUAWEI-Watch-GT-3-Pro-43-mm-Blanco.png","contentUrl":"https:\/\/wakan.ec\/wp-content\/uploads\/2023\/11\/HUAWEI-Watch-GT-3-Pro-43-mm-Blanco.png","width":1000,"height":1000,"caption":"Echo Buds con Alexa - 2023 -Blanco Glaciar"},{"@type":"BreadcrumbList","@id":"https:\/\/wakan.ec\/index.php\/producto\/echo-buds-con-alexa-2023-blanco-glaciar\/#breadcrumb","itemListElement":[{"@type":"ListItem","position":1,"name":"Portada","item":"https:\/\/wakan.ec\/"},{"@type":"ListItem","position":2,"name":"Echo Buds con Alexa &#8211; 2023 &#8211; Blanco Glaciar"}]},{"@type":"WebSite","@id":"https:\/\/wakan.ec\/#website","url":"https:\/\/wakan.ec\/","name":"Wakan.ec","description":"Tech - Fitness, entretenimiento y productividad.","publisher":{"@id":"https:\/\/wakan.ec\/#organization"},"potentialAction":[{"@type":"SearchAction","target":{"@type":"EntryPoint","urlTemplate":"https:\/\/wakan.ec\/?s={search_term_string}"},"query-input":{"@type":"PropertyValueSpecification","valueRequired":true,"valueName":"search_term_string"}}],"inLanguage":"es"},{"@type":"Organization","@id":"https:\/\/wakan.ec\/#organization","name":"Wak\u00e1n","url":"https:\/\/wakan.ec\/","logo":{"@type":"ImageObject","inLanguage":"es","@id":"https:\/\/wakan.ec\/#\/schema\/logo\/image\/","url":"https:\/\/wakan.ec\/wp-content\/uploads\/2021\/12\/wakan-Logo.png","contentUrl":"https:\/\/wakan.ec\/wp-content\/uploads\/2021\/12\/wakan-Logo.png","width":1080,"height":1080,"caption":"Wak\u00e1n"},"image":{"@id":"https:\/\/wakan.ec\/#\/schema\/logo\/image\/"},"sameAs":["https:\/\/www.facebook.com\/wakantienda","https:\/\/www.instagram.com\/wakantienda","https:\/\/www.youtube.com\/wakan"]}]}},"_links":{"self":[{"href":"https:\/\/wakan.ec\/index.php\/wp-json\/wp\/v2\/product\/1450","targetHints":{"allow":["GET"]}}],"collection":[{"href":"https:\/\/wakan.ec\/index.php\/wp-json\/wp\/v2\/product"}],"about":[{"href":"https:\/\/wakan.ec\/index.php\/wp-json\/wp\/v2\/types\/product"}],"replies":[{"embeddable":true,"href":"https:\/\/wakan.ec\/index.php\/wp-json\/wp\/v2\/comments?post=1450"}],"wp:featuredmedia":[{"embeddable":true,"href":"https:\/\/wakan.ec\/index.php\/wp-json\/wp\/v2\/media\/1457"}],"wp:attachment":[{"href":"https:\/\/wakan.ec\/index.php\/wp-json\/wp\/v2\/media?parent=1450"}],"wp:term":[{"taxonomy":"product_brand","embeddable":true,"href":"https:\/\/wakan.ec\/index.php\/wp-json\/wp\/v2\/product_brand?post=1450"},{"taxonomy":"product_cat","embeddable":true,"href":"https:\/\/wakan.ec\/index.php\/wp-json\/wp\/v2\/product_cat?post=1450"},{"taxonomy":"product_tag","embeddable":true,"href":"https:\/\/wakan.ec\/index.php\/wp-json\/wp\/v2\/product_tag?post=1450"}],"curies":[{"name":"wp","href":"https:\/\/api.w.org\/{rel}","templated":true}]}}