{"id":1448,"date":"2023-11-10T22:59:08","date_gmt":"2023-11-10T22:59:08","guid":{"rendered":"https:\/\/wakan.ec\/index.php\/producto\/huawei-watch-gt3-active-edition-46-mm\/"},"modified":"2024-11-18T14:54:35","modified_gmt":"2024-11-18T19:54:35","slug":"huawei-watch-gt3-active-edition-46-mm","status":"publish","type":"product","link":"https:\/\/wakan.ec\/index.php\/producto\/huawei-watch-gt3-active-edition-46-mm\/","title":{"rendered":"Huawei Watch GT3 &#8211; Active Edition &#8211; 46 mm"},"content":{"rendered":"<p>Monitorizaci\u00f3n ultra precisa de actividad f\u00edsica, Coach de salud y hasta 2 semanas de bater\u00eda con el Huawei Watch GT3 &#8211; Active Edition con pantalla de 46 mil\u00edmetros.<\/p>\n<h4>Una obra maestra<\/h4>\n<p>La elegante esfera de capta la luz en el cristal curvado 3D de modo que proporciona un suave brillo similar al del agua.<\/p>\n<p>Tiene un acabado de alto brillo, acompa\u00f1ado de correas con estilo para un aspecto moderno y sofisticado.<\/p>\n<div>\n<div>Elige una esfera que se adapta a tu estilo entre miles de dise\u00f1os para tu pantalla a color AMOLED de 466 x 466 p\u00edxeles.<\/div>\n<\/div>\n<div><\/div>\n<div>Activa el modo Always On Display para mostrar tu dise\u00f1o preferido todo el tiempo.<\/div>\n<div>\n<div><\/div>\n<\/div>\n<h4>Precisi\u00f3n en salud<\/h4>\n<div>Una monitorizaci\u00f3n precisa de la frecuencia card\u00edaca y la saturaci\u00f3n de ox\u00edgeno, incluso durante el ejercicio extenuante.<\/div>\n<div><\/div>\n<div>Eval\u00faa tu capacidad atl\u00e9tica seg\u00fan tu historial de carrera, recibe un plan profesional y alcanza tus objetivos de running con el Huawei Watch GT3 &#8211;\u00a0 Active de 46 mm.<\/div>\n<div><\/div>\n<div>El reloj puede hacer un seguimiento de tu sue\u00f1o para ayudarte a fijar una rutina de sue\u00f1o.<\/div>\n<div><\/div>\n<div>Revisa tu frecuencia card\u00edaca, regular tu respiraci\u00f3n y alivia la tensi\u00f3n cuando est\u00e1s estresado.<\/div>\n<div><\/div>\n<h4>Entrena como un profesional<\/h4>\n<div><\/div>\n<div>\n<div>Analiza m\u00e1s de 100 modos deportivos, como correr, montar en bicicleta, hacer senderismo, nataci\u00f3n, saltar a la cuerda y esquiar.<\/div>\n<div><\/div>\n<\/div>\n<div>Planifica tus entrenamientos en base a tus datos de ritmo, la frecuencia card\u00edaca,\u00a0 distancia recorrida, estr\u00e9s y el nivel de recuperaci\u00f3n.<\/div>\n<div><\/div>\n<div><\/div>\n<div>\n<div>Tus entrenamientos pueden registrarse con precisi\u00f3n y cada esfuerzo y gota de sudor contar\u00e1.<\/div>\n<div><\/div>\n<div>Control preciso de la posici\u00f3n. Con GPS, Beidou, GLONASS, Galileo y QZSS.<\/div>\n<\/div>\n<div><\/div>\n<h4>Asistente virtual y m\u00e1s<\/h4>\n<div><\/div>\n<div>Accede al Asistente de Huawei &#8211; Today para revisar el clima, modos de deporte, b\u00fasqueda, alarma, m\u00fasica y m\u00e1s.<\/div>\n<div><\/div>\n<div>Responde y rechaza llamadas desde el reloj, contesta mensajes o escucha tu m\u00fasica preferida.<\/div>\n<div><\/div>\n<div>Con una carga completa recibes hasta 14 d\u00edas de bater\u00eda. Incluso podr\u00e1s utilizar el tel\u00e9fono para realizar una carga inversa si te olvidas el cargador.<\/div>\n<div><\/div>\n<div>\n<div>\n<div>\n<h3>Huawei Watch GT4 &#8211; Negro Mate<\/h3>\n<\/div>\n<\/div>\n<table>\n<tbody>\n<tr>\n<td>Pantalla T\u00e1ctil<\/td>\n<td>AMOLED de 46 mm<\/td>\n<\/tr>\n<tr>\n<td>Duraci\u00f3n de la bater\u00eda<\/td>\n<td>Hasta 14 d\u00edas<\/td>\n<\/tr>\n<tr>\n<td>Resoluci\u00f3n<\/td>\n<td>466 x 466 px<\/td>\n<\/tr>\n<tr>\n<td>Material de la caja<\/td>\n<td>Acero Inoxidable<\/td>\n<\/tr>\n<tr>\n<td>Material de la correa<\/td>\n<td>FKM &#8211; Fluoroelast\u00f3mero<\/td>\n<\/tr>\n<tr>\n<td>Micr\u00f3fono y Altavoz<\/td>\n<td>Integrados<\/td>\n<\/tr>\n<tr>\n<td>Resistencia al agua<\/td>\n<td>5 ATM<\/td>\n<\/tr>\n<tr>\n<td>Compatibilidad<\/td>\n<td>iOS 13.0+, Android 8.0+, Harmony OS<\/td>\n<\/tr>\n<tr>\n<td>Almacenamiento<\/td>\n<td>4 GB<\/td>\n<\/tr>\n<tr>\n<td>Conectividad<\/td>\n<td>NFC, Bluetooth 5.2<\/td>\n<\/tr>\n<\/tbody>\n<\/table>\n<h5>En la caja<\/h5>\n<ul>\n<li>Huawei Watch GT3 &#8211; Active Edition &#8211; 46 mm x1<\/li>\n<li>Base de carga con cable x1<\/li>\n<li>Manual de usuario x1<\/li>\n<li>Tarjeta de garant\u00eda x1<\/li>\n<\/ul>\n<h6>Garant\u00eda de f\u00e1brica por 12 meses<\/h6>\n<\/div>\n","protected":false},"excerpt":{"rendered":"<p><em>Monitorizaci\u00f3n ultra precisa de actividad f\u00edsica, coach de salud y hasta 2 semanas de bater\u00eda.<\/em><\/p>\n<h4>Entrena como un profesional<\/h4>\n<ul>\n<li>Eval\u00faa con precisi\u00f3n la frecuencia card\u00edaca y la saturaci\u00f3n de ox\u00edgeno.<\/li>\n<li>Cada entrenamiento se registra con exactitud.<\/li>\n<li>Responde y rechaza llamadas desde el reloj.<\/li>\n<li>Escucha tu m\u00fasica preferida.<\/li>\n<li>Pantalla AMOLED touch a todo color.<\/li>\n<\/ul>\n<p><a href=\"https:\/\/wakan.ec\/index.php\/producto\/huawei-watch-gt4-negro-mate-fkm\/\">Huawei Watch GT4 &#8211; Negro Mate &#8211; Active Edition<\/a><\/p>\n<h5>Huawei Original<\/h5>\n<h6><\/h6>\n","protected":false},"featured_media":1464,"comment_status":"open","ping_status":"closed","template":"","meta":{"site-sidebar-layout":"default","site-content-layout":"","ast-site-content-layout":"default","site-content-style":"default","site-sidebar-style":"default","ast-global-header-display":"","ast-banner-title-visibility":"","ast-main-header-display":"","ast-hfb-above-header-display":"","ast-hfb-below-header-display":"","ast-hfb-mobile-header-display":"","site-post-title":"","ast-breadcrumbs-content":"","ast-featured-img":"","footer-sml-layout":"","ast-disable-related-posts":"","theme-transparent-header-meta":"default","adv-header-id-meta":"","stick-header-meta":"","header-above-stick-meta":"","header-main-stick-meta":"","header-below-stick-meta":"","astra-migrate-meta-layouts":"set","ast-page-background-enabled":"default","ast-page-background-meta":{"desktop":{"background-color":"","background-image":"","background-repeat":"repeat","background-position":"center center","background-size":"auto","background-attachment":"scroll","background-type":"","background-media":"","overlay-type":"","overlay-color":"","overlay-opacity":"","overlay-gradient":""},"tablet":{"background-color":"","background-image":"","background-repeat":"repeat","background-position":"center center","background-size":"auto","background-attachment":"scroll","background-type":"","background-media":"","overlay-type":"","overlay-color":"","overlay-opacity":"","overlay-gradient":""},"mobile":{"background-color":"","background-image":"","background-repeat":"repeat","background-position":"center center","background-size":"auto","background-attachment":"scroll","background-type":"","background-media":"","overlay-type":"","overlay-color":"","overlay-opacity":"","overlay-gradient":""}},"ast-content-background-meta":{"desktop":{"background-color":"var(--ast-global-color-5)","background-image":"","background-repeat":"repeat","background-position":"center center","background-size":"auto","background-attachment":"scroll","background-type":"","background-media":"","overlay-type":"","overlay-color":"","overlay-opacity":"","overlay-gradient":""},"tablet":{"background-color":"var(--ast-global-color-5)","background-image":"","background-repeat":"repeat","background-position":"center center","background-size":"auto","background-attachment":"scroll","background-type":"","background-media":"","overlay-type":"","overlay-color":"","overlay-opacity":"","overlay-gradient":""},"mobile":{"background-color":"var(--ast-global-color-5)","background-image":"","background-repeat":"repeat","background-position":"center center","background-size":"auto","background-attachment":"scroll","background-type":"","background-media":"","overlay-type":"","overlay-color":"","overlay-opacity":"","overlay-gradient":""}}},"product_brand":[],"product_cat":[54],"product_tag":[],"class_list":{"0":"post-1448","1":"product","2":"type-product","3":"status-publish","4":"has-post-thumbnail","6":"product_cat-smartwatch","7":"desktop-align-left","8":"tablet-align-left","9":"mobile-align-left","11":"first","12":"outofstock","13":"purchasable","14":"product-type-simple"},"yoast_head":"<!-- This site is optimized with the Yoast SEO plugin v27.3 - https:\/\/yoast.com\/product\/yoast-seo-wordpress\/ -->\n<title>Huawei Watch GT3 - Active Edition - 46 mm - Wakan.ec<\/title>\n<meta name=\"description\" content=\"Monitorizaci\u00f3n ultra precisa de actividad f\u00edsica, coach de salud y hasta 2 semanas de bater\u00eda con el Huawei Watch GT3 - Active Edition de 46 mil\u00edmetros.\" \/>\n<meta name=\"robots\" content=\"index, follow, max-snippet:-1, max-image-preview:large, max-video-preview:-1\" \/>\n<link rel=\"canonical\" href=\"https:\/\/wakan.ec\/index.php\/producto\/huawei-watch-gt3-active-edition-46-mm\/\" \/>\n<meta property=\"og:locale\" content=\"es_ES\" \/>\n<meta property=\"og:type\" content=\"article\" \/>\n<meta property=\"og:title\" content=\"Huawei Watch GT3 - Active Edition - 46 mm - Wakan.ec\" \/>\n<meta property=\"og:description\" content=\"Monitorizaci\u00f3n ultra precisa de actividad f\u00edsica, coach de salud y hasta 2 semanas de bater\u00eda con el Huawei Watch GT3 - Active Edition de 46 mil\u00edmetros.\" \/>\n<meta property=\"og:url\" content=\"https:\/\/wakan.ec\/index.php\/producto\/huawei-watch-gt3-active-edition-46-mm\/\" \/>\n<meta property=\"og:site_name\" content=\"Wakan.ec\" \/>\n<meta property=\"article:publisher\" content=\"https:\/\/www.facebook.com\/wakantienda\" \/>\n<meta property=\"article:modified_time\" content=\"2024-11-18T19:54:35+00:00\" \/>\n<meta property=\"og:image\" content=\"https:\/\/wakan.ec\/wp-content\/uploads\/2023\/11\/HUAWEI-Watch-GT-3-Pro-43-mm-Blanco-1.png\" \/>\n\t<meta property=\"og:image:width\" content=\"1000\" \/>\n\t<meta property=\"og:image:height\" content=\"1000\" \/>\n\t<meta property=\"og:image:type\" content=\"image\/png\" \/>\n<meta name=\"twitter:card\" content=\"summary_large_image\" \/>\n<meta name=\"twitter:label1\" content=\"Tiempo de lectura\" \/>\n\t<meta name=\"twitter:data1\" content=\"3 minutos\" \/>\n<script type=\"application\/ld+json\" class=\"yoast-schema-graph\">{\"@context\":\"https:\\\/\\\/schema.org\",\"@graph\":[{\"@type\":\"WebPage\",\"@id\":\"https:\\\/\\\/wakan.ec\\\/index.php\\\/producto\\\/huawei-watch-gt3-active-edition-46-mm\\\/\",\"url\":\"https:\\\/\\\/wakan.ec\\\/index.php\\\/producto\\\/huawei-watch-gt3-active-edition-46-mm\\\/\",\"name\":\"Huawei Watch GT3 - Active Edition - 46 mm - Wakan.ec\",\"isPartOf\":{\"@id\":\"https:\\\/\\\/wakan.ec\\\/#website\"},\"primaryImageOfPage\":{\"@id\":\"https:\\\/\\\/wakan.ec\\\/index.php\\\/producto\\\/huawei-watch-gt3-active-edition-46-mm\\\/#primaryimage\"},\"image\":{\"@id\":\"https:\\\/\\\/wakan.ec\\\/index.php\\\/producto\\\/huawei-watch-gt3-active-edition-46-mm\\\/#primaryimage\"},\"thumbnailUrl\":\"https:\\\/\\\/wakan.ec\\\/wp-content\\\/uploads\\\/2023\\\/11\\\/HUAWEI-Watch-GT-3-Pro-43-mm-Blanco-1.png\",\"datePublished\":\"2023-11-10T22:59:08+00:00\",\"dateModified\":\"2024-11-18T19:54:35+00:00\",\"description\":\"Monitorizaci\u00f3n ultra precisa de actividad f\u00edsica, coach de salud y hasta 2 semanas de bater\u00eda con el Huawei Watch GT3 - Active Edition de 46 mil\u00edmetros.\",\"breadcrumb\":{\"@id\":\"https:\\\/\\\/wakan.ec\\\/index.php\\\/producto\\\/huawei-watch-gt3-active-edition-46-mm\\\/#breadcrumb\"},\"inLanguage\":\"es\",\"potentialAction\":[{\"@type\":\"ReadAction\",\"target\":[\"https:\\\/\\\/wakan.ec\\\/index.php\\\/producto\\\/huawei-watch-gt3-active-edition-46-mm\\\/\"]}]},{\"@type\":\"ImageObject\",\"inLanguage\":\"es\",\"@id\":\"https:\\\/\\\/wakan.ec\\\/index.php\\\/producto\\\/huawei-watch-gt3-active-edition-46-mm\\\/#primaryimage\",\"url\":\"https:\\\/\\\/wakan.ec\\\/wp-content\\\/uploads\\\/2023\\\/11\\\/HUAWEI-Watch-GT-3-Pro-43-mm-Blanco-1.png\",\"contentUrl\":\"https:\\\/\\\/wakan.ec\\\/wp-content\\\/uploads\\\/2023\\\/11\\\/HUAWEI-Watch-GT-3-Pro-43-mm-Blanco-1.png\",\"width\":1000,\"height\":1000,\"caption\":\"Huawei Watch GT3 - Active Edition - 46 mm - Env\u00edos a todo el Ecuador\"},{\"@type\":\"BreadcrumbList\",\"@id\":\"https:\\\/\\\/wakan.ec\\\/index.php\\\/producto\\\/huawei-watch-gt3-active-edition-46-mm\\\/#breadcrumb\",\"itemListElement\":[{\"@type\":\"ListItem\",\"position\":1,\"name\":\"Portada\",\"item\":\"https:\\\/\\\/wakan.ec\\\/\"},{\"@type\":\"ListItem\",\"position\":2,\"name\":\"Wakan.ec\",\"item\":\"https:\\\/\\\/wakan.ec\\\/\"},{\"@type\":\"ListItem\",\"position\":3,\"name\":\"Huawei Watch GT3 &#8211; Active Edition &#8211; 46 mm\"}]},{\"@type\":\"WebSite\",\"@id\":\"https:\\\/\\\/wakan.ec\\\/#website\",\"url\":\"https:\\\/\\\/wakan.ec\\\/\",\"name\":\"Wakan.ec\",\"description\":\"Tech - Fitness, entretenimiento y productividad.\",\"publisher\":{\"@id\":\"https:\\\/\\\/wakan.ec\\\/#organization\"},\"potentialAction\":[{\"@type\":\"SearchAction\",\"target\":{\"@type\":\"EntryPoint\",\"urlTemplate\":\"https:\\\/\\\/wakan.ec\\\/?s={search_term_string}\"},\"query-input\":{\"@type\":\"PropertyValueSpecification\",\"valueRequired\":true,\"valueName\":\"search_term_string\"}}],\"inLanguage\":\"es\"},{\"@type\":\"Organization\",\"@id\":\"https:\\\/\\\/wakan.ec\\\/#organization\",\"name\":\"Wak\u00e1n\",\"url\":\"https:\\\/\\\/wakan.ec\\\/\",\"logo\":{\"@type\":\"ImageObject\",\"inLanguage\":\"es\",\"@id\":\"https:\\\/\\\/wakan.ec\\\/#\\\/schema\\\/logo\\\/image\\\/\",\"url\":\"https:\\\/\\\/wakan.ec\\\/wp-content\\\/uploads\\\/2021\\\/12\\\/wakan-Logo.png\",\"contentUrl\":\"https:\\\/\\\/wakan.ec\\\/wp-content\\\/uploads\\\/2021\\\/12\\\/wakan-Logo.png\",\"width\":1080,\"height\":1080,\"caption\":\"Wak\u00e1n\"},\"image\":{\"@id\":\"https:\\\/\\\/wakan.ec\\\/#\\\/schema\\\/logo\\\/image\\\/\"},\"sameAs\":[\"https:\\\/\\\/www.facebook.com\\\/wakantienda\",\"https:\\\/\\\/www.instagram.com\\\/wakantienda\",\"https:\\\/\\\/www.youtube.com\\\/wakan\"]}]}<\/script>\n<!-- \/ Yoast SEO plugin. -->","yoast_head_json":{"title":"Huawei Watch GT3 - Active Edition - 46 mm - Wakan.ec","description":"Monitorizaci\u00f3n ultra precisa de actividad f\u00edsica, coach de salud y hasta 2 semanas de bater\u00eda con el Huawei Watch GT3 - Active Edition de 46 mil\u00edmetros.","robots":{"index":"index","follow":"follow","max-snippet":"max-snippet:-1","max-image-preview":"max-image-preview:large","max-video-preview":"max-video-preview:-1"},"canonical":"https:\/\/wakan.ec\/index.php\/producto\/huawei-watch-gt3-active-edition-46-mm\/","og_locale":"es_ES","og_type":"article","og_title":"Huawei Watch GT3 - Active Edition - 46 mm - Wakan.ec","og_description":"Monitorizaci\u00f3n ultra precisa de actividad f\u00edsica, coach de salud y hasta 2 semanas de bater\u00eda con el Huawei Watch GT3 - Active Edition de 46 mil\u00edmetros.","og_url":"https:\/\/wakan.ec\/index.php\/producto\/huawei-watch-gt3-active-edition-46-mm\/","og_site_name":"Wakan.ec","article_publisher":"https:\/\/www.facebook.com\/wakantienda","article_modified_time":"2024-11-18T19:54:35+00:00","og_image":[{"width":1000,"height":1000,"url":"https:\/\/wakan.ec\/wp-content\/uploads\/2023\/11\/HUAWEI-Watch-GT-3-Pro-43-mm-Blanco-1.png","type":"image\/png"}],"twitter_card":"summary_large_image","twitter_misc":{"Tiempo de lectura":"3 minutos"},"schema":{"@context":"https:\/\/schema.org","@graph":[{"@type":"WebPage","@id":"https:\/\/wakan.ec\/index.php\/producto\/huawei-watch-gt3-active-edition-46-mm\/","url":"https:\/\/wakan.ec\/index.php\/producto\/huawei-watch-gt3-active-edition-46-mm\/","name":"Huawei Watch GT3 - Active Edition - 46 mm - Wakan.ec","isPartOf":{"@id":"https:\/\/wakan.ec\/#website"},"primaryImageOfPage":{"@id":"https:\/\/wakan.ec\/index.php\/producto\/huawei-watch-gt3-active-edition-46-mm\/#primaryimage"},"image":{"@id":"https:\/\/wakan.ec\/index.php\/producto\/huawei-watch-gt3-active-edition-46-mm\/#primaryimage"},"thumbnailUrl":"https:\/\/wakan.ec\/wp-content\/uploads\/2023\/11\/HUAWEI-Watch-GT-3-Pro-43-mm-Blanco-1.png","datePublished":"2023-11-10T22:59:08+00:00","dateModified":"2024-11-18T19:54:35+00:00","description":"Monitorizaci\u00f3n ultra precisa de actividad f\u00edsica, coach de salud y hasta 2 semanas de bater\u00eda con el Huawei Watch GT3 - Active Edition de 46 mil\u00edmetros.","breadcrumb":{"@id":"https:\/\/wakan.ec\/index.php\/producto\/huawei-watch-gt3-active-edition-46-mm\/#breadcrumb"},"inLanguage":"es","potentialAction":[{"@type":"ReadAction","target":["https:\/\/wakan.ec\/index.php\/producto\/huawei-watch-gt3-active-edition-46-mm\/"]}]},{"@type":"ImageObject","inLanguage":"es","@id":"https:\/\/wakan.ec\/index.php\/producto\/huawei-watch-gt3-active-edition-46-mm\/#primaryimage","url":"https:\/\/wakan.ec\/wp-content\/uploads\/2023\/11\/HUAWEI-Watch-GT-3-Pro-43-mm-Blanco-1.png","contentUrl":"https:\/\/wakan.ec\/wp-content\/uploads\/2023\/11\/HUAWEI-Watch-GT-3-Pro-43-mm-Blanco-1.png","width":1000,"height":1000,"caption":"Huawei Watch GT3 - Active Edition - 46 mm - Env\u00edos a todo el Ecuador"},{"@type":"BreadcrumbList","@id":"https:\/\/wakan.ec\/index.php\/producto\/huawei-watch-gt3-active-edition-46-mm\/#breadcrumb","itemListElement":[{"@type":"ListItem","position":1,"name":"Portada","item":"https:\/\/wakan.ec\/"},{"@type":"ListItem","position":2,"name":"Wakan.ec","item":"https:\/\/wakan.ec\/"},{"@type":"ListItem","position":3,"name":"Huawei Watch GT3 &#8211; Active Edition &#8211; 46 mm"}]},{"@type":"WebSite","@id":"https:\/\/wakan.ec\/#website","url":"https:\/\/wakan.ec\/","name":"Wakan.ec","description":"Tech - Fitness, entretenimiento y productividad.","publisher":{"@id":"https:\/\/wakan.ec\/#organization"},"potentialAction":[{"@type":"SearchAction","target":{"@type":"EntryPoint","urlTemplate":"https:\/\/wakan.ec\/?s={search_term_string}"},"query-input":{"@type":"PropertyValueSpecification","valueRequired":true,"valueName":"search_term_string"}}],"inLanguage":"es"},{"@type":"Organization","@id":"https:\/\/wakan.ec\/#organization","name":"Wak\u00e1n","url":"https:\/\/wakan.ec\/","logo":{"@type":"ImageObject","inLanguage":"es","@id":"https:\/\/wakan.ec\/#\/schema\/logo\/image\/","url":"https:\/\/wakan.ec\/wp-content\/uploads\/2021\/12\/wakan-Logo.png","contentUrl":"https:\/\/wakan.ec\/wp-content\/uploads\/2021\/12\/wakan-Logo.png","width":1080,"height":1080,"caption":"Wak\u00e1n"},"image":{"@id":"https:\/\/wakan.ec\/#\/schema\/logo\/image\/"},"sameAs":["https:\/\/www.facebook.com\/wakantienda","https:\/\/www.instagram.com\/wakantienda","https:\/\/www.youtube.com\/wakan"]}]}},"_links":{"self":[{"href":"https:\/\/wakan.ec\/index.php\/wp-json\/wp\/v2\/product\/1448","targetHints":{"allow":["GET"]}}],"collection":[{"href":"https:\/\/wakan.ec\/index.php\/wp-json\/wp\/v2\/product"}],"about":[{"href":"https:\/\/wakan.ec\/index.php\/wp-json\/wp\/v2\/types\/product"}],"replies":[{"embeddable":true,"href":"https:\/\/wakan.ec\/index.php\/wp-json\/wp\/v2\/comments?post=1448"}],"wp:featuredmedia":[{"embeddable":true,"href":"https:\/\/wakan.ec\/index.php\/wp-json\/wp\/v2\/media\/1464"}],"wp:attachment":[{"href":"https:\/\/wakan.ec\/index.php\/wp-json\/wp\/v2\/media?parent=1448"}],"wp:term":[{"taxonomy":"product_brand","embeddable":true,"href":"https:\/\/wakan.ec\/index.php\/wp-json\/wp\/v2\/product_brand?post=1448"},{"taxonomy":"product_cat","embeddable":true,"href":"https:\/\/wakan.ec\/index.php\/wp-json\/wp\/v2\/product_cat?post=1448"},{"taxonomy":"product_tag","embeddable":true,"href":"https:\/\/wakan.ec\/index.php\/wp-json\/wp\/v2\/product_tag?post=1448"}],"curies":[{"name":"wp","href":"https:\/\/api.w.org\/{rel}","templated":true}]}}