{"id":1404,"date":"2023-10-17T14:51:14","date_gmt":"2023-10-17T14:51:14","guid":{"rendered":"https:\/\/wakan.ec\/?post_type=product&#038;p=1404"},"modified":"2024-11-14T18:29:29","modified_gmt":"2024-11-14T23:29:29","slug":"huawei-watch-gt4-negro-mate-fkm","status":"publish","type":"product","link":"https:\/\/wakan.ec\/index.php\/producto\/huawei-watch-gt4-negro-mate-fkm\/","title":{"rendered":"Huawei Watch GT4 &#8211; Negro Mate &#8211; FKM"},"content":{"rendered":"<p>Elegante dise\u00f1o, monitoreo cal\u00f3rico totalmente nuevo y hasta 2 semanas de bater\u00eda. El Huawei Watch GT4 Negro Mate est\u00e1 a la vanguardia de la moda.<\/p>\n<p>&nbsp;<\/p>\n<h3>Deslumbrante dise\u00f1o<\/h3>\n<p>Este reloj te ofrece el ajuste que anhelas y un panorama digno de admirar. Con su forma aerodin\u00e1mica y ligera bordeada por un fino bisel.<\/p>\n<p>La correa negra de fluoroeslast\u00f3mero mantiene siempre la frescura incluso cuando hace calor en el trayecto.<\/p>\n<p><span style=\"font-size: 16px;\">Con m\u00e1s de 25,000 esferas de reloj<\/span><span style=\"font-size: 16px;\"> para explorar incluidas Always On Display<\/span><span style=\"font-size: 16px;\">.<\/span><\/p>\n<p><span style=\"font-size: 16px;\">Crea tus propias esferas de reloj, con funciones, estilos y esquemas de color personalizados.\u00a0<\/span><\/p>\n<p>&nbsp;<\/p>\n<h3>Movimiento y ejercicio<\/h3>\n<div>\n<section>F\u00edjate objetivos diarios con los Anillos de Actividad 2.0, con medidas de movimiento, ejercicio y actividad.<\/section>\n<section><\/section>\n<section><span style=\"font-size: 16px;\">La nueva app Stay Fit, te ayuda a controlar de un vistazo cu\u00e1ntas calor\u00edas consumes, las calor\u00edas activas, las calor\u00edas en reposo y el d\u00e9ficit cal\u00f3rico.<\/span><\/section>\n<section><\/section>\n<section>M\u00e1s de 100 modos de entrenamiento con datos en tiempo real. Nuevos modos como futbol, baloncesto y p\u00e1del adem\u00e1s de caminar, correr, ciclismo y nataci\u00f3n.<\/p>\n<h3>An\u00e1lisis inteligente de salud<\/h3>\n<p>Realiza un seguimiento de la frecuencia cardiaca, la SpO2, el sue\u00f1o y el estr\u00e9s con la mayor precisi\u00f3n.<\/p>\n<p>An\u00e1lisis de arritmias por ondas de pulso. Recibe<span style=\"font-size: 16px;\">\u00a0alertas oportunas sobre posibles riesgos de fibrilaci\u00f3n auricular y latidos prematuros, gracias al sensor PPG.<\/span><\/p>\n<p>Monitoreo de la frecuencia cardiaca en el entrenamiento.<\/p>\n<p>La mejor precisi\u00f3n de las lecturas de frecuencia cardiaca con ocho sensores fotoel\u00e9ctricos, dos grupos de fuentes de luz, un mejor algoritmo de IA y lentes de cristal curvado.<\/p>\n<p>&nbsp;<\/p>\n<h2>Vida inteligente sin complicaciones<\/h2>\n<p>Superando los l\u00edmites a\u00a0trav\u00e9s de la tecnolog\u00eda.<\/p>\n<p>Contesta las llamadas entrantes y env\u00eda respuestas r\u00e1pidas.<\/p>\n<section>\n<div>\n<p>El Huawei Watch GT4 Negro Mate admite la reproducci\u00f3n aut\u00f3noma de m\u00fasica.<\/p>\n<\/div>\n<\/section>\n<section>\n<div>\n<div>\n<div>\n<p>Gestiona tu agenda y haz un seguimiento de tus tareas pendientes desde la aplicaci\u00f3n Calendario del reloj.<\/p>\n<\/div>\n<div>\n<div><picture><source srcset=\"\/content\/dam\/huawei-cbg-site\/common\/mkt\/pdp\/wearables\/watch-gt4\/watch-gt4-g\/images\/sec5\/huawei-watch-gt4-quick-message-reply-xs.webp\" type=\"image\/webp\" media=\"(max-aspect-ratio: 11 \/ 10)\" data-srcset=\"\/content\/dam\/huawei-cbg-site\/common\/mkt\/pdp\/wearables\/watch-gt4\/watch-gt4-g\/images\/sec5\/huawei-watch-gt4-quick-message-reply-xs.webp\" \/><source srcset=\"\/content\/dam\/huawei-cbg-site\/common\/mkt\/pdp\/wearables\/watch-gt4\/watch-gt4-g\/images\/sec5\/huawei-watch-gt4-quick-message-reply@2x.webp\" type=\"image\/webp\" media=\"(min-width: 2560px)\" data-srcset=\"\/content\/dam\/huawei-cbg-site\/common\/mkt\/pdp\/wearables\/watch-gt4\/watch-gt4-g\/images\/sec5\/huawei-watch-gt4-quick-message-reply@2x.webp\" \/><source srcset=\"\/content\/dam\/huawei-cbg-site\/common\/mkt\/pdp\/wearables\/watch-gt4\/watch-gt4-g\/images\/sec5\/huawei-watch-gt4-quick-message-reply.webp 1x , \/content\/dam\/huawei-cbg-site\/common\/mkt\/pdp\/wearables\/watch-gt4\/watch-gt4-g\/images\/sec5\/huawei-watch-gt4-quick-message-reply@2x.webp 1.5x\" type=\"image\/webp\" media=\"(min-aspect-ratio: 11 \/ 10)\" data-srcset=\"\/content\/dam\/huawei-cbg-site\/common\/mkt\/pdp\/wearables\/watch-gt4\/watch-gt4-g\/images\/sec5\/huawei-watch-gt4-quick-message-reply.webp 1x , \/content\/dam\/huawei-cbg-site\/common\/mkt\/pdp\/wearables\/watch-gt4\/watch-gt4-g\/images\/sec5\/huawei-watch-gt4-quick-message-reply@2x.webp 1.5x\" \/><source srcset=\"\/content\/dam\/huawei-cbg-site\/common\/mkt\/pdp\/wearables\/watch-gt4\/watch-gt4-g\/images\/sec5\/huawei-watch-gt4-quick-message-reply-xs.png\" type=\"image\/png\" media=\"(max-aspect-ratio: 11 \/ 10)\" data-srcset=\"\/content\/dam\/huawei-cbg-site\/common\/mkt\/pdp\/wearables\/watch-gt4\/watch-gt4-g\/images\/sec5\/huawei-watch-gt4-quick-message-reply-xs.png\" \/><source srcset=\"\/content\/dam\/huawei-cbg-site\/common\/mkt\/pdp\/wearables\/watch-gt4\/watch-gt4-g\/images\/sec5\/huawei-watch-gt4-quick-message-reply@2x.png\" type=\"image\/png\" media=\"(min-width: 2560px)\" data-srcset=\"\/content\/dam\/huawei-cbg-site\/common\/mkt\/pdp\/wearables\/watch-gt4\/watch-gt4-g\/images\/sec5\/huawei-watch-gt4-quick-message-reply@2x.png\" \/><source srcset=\"\/content\/dam\/huawei-cbg-site\/common\/mkt\/pdp\/wearables\/watch-gt4\/watch-gt4-g\/images\/sec5\/huawei-watch-gt4-quick-message-reply.png 1x , \/content\/dam\/huawei-cbg-site\/common\/mkt\/pdp\/wearables\/watch-gt4\/watch-gt4-g\/images\/sec5\/huawei-watch-gt4-quick-message-reply@2x.png 1.5x\" type=\"image\/png\" media=\"(min-aspect-ratio: 11 \/ 10)\" data-srcset=\"\/content\/dam\/huawei-cbg-site\/common\/mkt\/pdp\/wearables\/watch-gt4\/watch-gt4-g\/images\/sec5\/huawei-watch-gt4-quick-message-reply.png 1x , \/content\/dam\/huawei-cbg-site\/common\/mkt\/pdp\/wearables\/watch-gt4\/watch-gt4-g\/images\/sec5\/huawei-watch-gt4-quick-message-reply@2x.png 1.5x\" \/><\/picture>Disfruta de hasta 14 d\u00edas de bater\u00eda con una carga completa.<\/div>\n<div><\/div>\n<div>Es compatible con tel\u00e9fonos iOS, Android y Harmony OS.<\/div>\n<div><\/div>\n<\/div>\n<\/div>\n<\/div>\n<\/section>\n<\/section>\n<\/div>\n<div>\n<div>\n<h3>Huawei Watch GT4 &#8211; Negro Mate<\/h3>\n<\/div>\n<\/div>\n<table>\n<tbody>\n<tr>\n<td>Pantalla T\u00e1ctil<\/td>\n<td>AMOLED de 46 mm<\/td>\n<\/tr>\n<tr>\n<td>Duraci\u00f3n de la bater\u00eda<\/td>\n<td>Hasta 14 d\u00edas<\/td>\n<\/tr>\n<tr>\n<td>Resoluci\u00f3n<\/td>\n<td>466 x 466 px<\/td>\n<\/tr>\n<tr>\n<td>Material de la caja<\/td>\n<td>Acero Inoxidable<\/td>\n<\/tr>\n<tr>\n<td>Material de la correa<\/td>\n<td>FKM &#8211; Fluoroelast\u00f3mero<\/td>\n<\/tr>\n<tr>\n<td>Micr\u00f3fono y Altavoz<\/td>\n<td>Integrados<\/td>\n<\/tr>\n<tr>\n<td>Resistencia al agua<\/td>\n<td>5 ATM<\/td>\n<\/tr>\n<tr>\n<td>Compatibilidad<\/td>\n<td>iOS 13.0+, Android 8.0+, Harmony OS<\/td>\n<\/tr>\n<tr>\n<td>Almacenamiento<\/td>\n<td>4 GB<\/td>\n<\/tr>\n<tr>\n<td>Conectividad<\/td>\n<td>NFC, Bluetooth 5.2<\/td>\n<\/tr>\n<\/tbody>\n<\/table>\n<h5>En la caja<\/h5>\n<ul>\n<li>Huawei Watch GT4 &#8211; Negro Mate <em>x1<\/em><\/li>\n<li>Base de carga con cable <em>x1<\/em><\/li>\n<li>Manual de usuario <em>x1<\/em><\/li>\n<li>Tarjeta de garant\u00eda <em>x1<\/em><\/li>\n<\/ul>\n<h4>Garant\u00eda de f\u00e1brica por 12 meses<\/h4>\n","protected":false},"excerpt":{"rendered":"<p><em>Este reloj te ofrece un dise\u00f1o aerodin\u00e1mico y el ajuste perfecto, con an\u00e1lisis de signos vitales y entrenamientos profesionales.\u00a0<\/em><\/p>\n<h4>Para recorrer, para ejercitarse, para explorar<\/h4>\n<ul>\n<li>Pantalla AMOLED con funciones, estilos y colores personalizables.<\/li>\n<li>Control de frecuencia cardiaca, SpO2, sue\u00f1o y estr\u00e9s.<\/li>\n<li>Entrenamiento con datos en tiempo real.<\/li>\n<li>Contesta llamadas y env\u00eda respuestas r\u00e1pidas.<\/li>\n<\/ul>\n<h5>Huawei Original con Garant\u00eda<\/h5>\n","protected":false},"featured_media":1409,"comment_status":"open","ping_status":"closed","template":"","meta":{"site-sidebar-layout":"default","site-content-layout":"","ast-site-content-layout":"default","site-content-style":"default","site-sidebar-style":"default","ast-global-header-display":"","ast-banner-title-visibility":"","ast-main-header-display":"","ast-hfb-above-header-display":"","ast-hfb-below-header-display":"","ast-hfb-mobile-header-display":"","site-post-title":"","ast-breadcrumbs-content":"","ast-featured-img":"","footer-sml-layout":"","ast-disable-related-posts":"","theme-transparent-header-meta":"default","adv-header-id-meta":"","stick-header-meta":"","header-above-stick-meta":"","header-main-stick-meta":"","header-below-stick-meta":"","astra-migrate-meta-layouts":"set","ast-page-background-enabled":"default","ast-page-background-meta":{"desktop":{"background-color":"","background-image":"","background-repeat":"repeat","background-position":"center center","background-size":"auto","background-attachment":"scroll","background-type":"","background-media":"","overlay-type":"","overlay-color":"","overlay-opacity":"","overlay-gradient":""},"tablet":{"background-color":"","background-image":"","background-repeat":"repeat","background-position":"center center","background-size":"auto","background-attachment":"scroll","background-type":"","background-media":"","overlay-type":"","overlay-color":"","overlay-opacity":"","overlay-gradient":""},"mobile":{"background-color":"","background-image":"","background-repeat":"repeat","background-position":"center center","background-size":"auto","background-attachment":"scroll","background-type":"","background-media":"","overlay-type":"","overlay-color":"","overlay-opacity":"","overlay-gradient":""}},"ast-content-background-meta":{"desktop":{"background-color":"var(--ast-global-color-5)","background-image":"","background-repeat":"repeat","background-position":"center center","background-size":"auto","background-attachment":"scroll","background-type":"","background-media":"","overlay-type":"","overlay-color":"","overlay-opacity":"","overlay-gradient":""},"tablet":{"background-color":"var(--ast-global-color-5)","background-image":"","background-repeat":"repeat","background-position":"center center","background-size":"auto","background-attachment":"scroll","background-type":"","background-media":"","overlay-type":"","overlay-color":"","overlay-opacity":"","overlay-gradient":""},"mobile":{"background-color":"var(--ast-global-color-5)","background-image":"","background-repeat":"repeat","background-position":"center center","background-size":"auto","background-attachment":"scroll","background-type":"","background-media":"","overlay-type":"","overlay-color":"","overlay-opacity":"","overlay-gradient":""}}},"product_brand":[],"product_cat":[204,54],"product_tag":[],"class_list":{"0":"post-1404","1":"product","2":"type-product","3":"status-publish","4":"has-post-thumbnail","6":"product_cat-huawei-watch-gt4-46-mm","7":"product_cat-smartwatch","8":"desktop-align-left","9":"tablet-align-left","10":"mobile-align-left","12":"first","13":"outofstock","14":"sale","15":"purchasable","16":"product-type-simple"},"yoast_head":"<!-- This site is optimized with the Yoast SEO plugin v27.3 - https:\/\/yoast.com\/product\/yoast-seo-wordpress\/ -->\n<title>Huawei Watch GT4 - Negro Mate - FKM - Wakan.ec<\/title>\n<meta name=\"description\" content=\"Elegante dise\u00f1o, monitoreo cal\u00f3rico totalmente nuevo y hasta 2 semanas de bater\u00eda. Pide tu Huawei Watch GT4 Negro Mate con env\u00edo a todo el Ecuador.\" \/>\n<meta name=\"robots\" content=\"index, follow, max-snippet:-1, max-image-preview:large, max-video-preview:-1\" \/>\n<link rel=\"canonical\" href=\"https:\/\/wakan.ec\/index.php\/producto\/huawei-watch-gt4-negro-mate-fkm\/\" \/>\n<meta property=\"og:locale\" content=\"es_ES\" \/>\n<meta property=\"og:type\" content=\"article\" \/>\n<meta property=\"og:title\" content=\"Huawei Watch GT4 - Negro Mate - FKM - Wakan.ec\" \/>\n<meta property=\"og:description\" content=\"Elegante dise\u00f1o, monitoreo cal\u00f3rico totalmente nuevo y hasta 2 semanas de bater\u00eda. Pide tu Huawei Watch GT4 Negro Mate con env\u00edo a todo el Ecuador.\" \/>\n<meta property=\"og:url\" content=\"https:\/\/wakan.ec\/index.php\/producto\/huawei-watch-gt4-negro-mate-fkm\/\" \/>\n<meta property=\"og:site_name\" content=\"Wakan.ec\" \/>\n<meta property=\"article:publisher\" content=\"https:\/\/www.facebook.com\/wakantienda\" \/>\n<meta property=\"article:modified_time\" content=\"2024-11-14T23:29:29+00:00\" \/>\n<meta property=\"og:image\" content=\"https:\/\/wakan.ec\/wp-content\/uploads\/2023\/10\/HUAWEI-WATCH-GT-4-46mm-Cafe.png\" \/>\n\t<meta property=\"og:image:width\" content=\"1000\" \/>\n\t<meta property=\"og:image:height\" content=\"1000\" \/>\n\t<meta property=\"og:image:type\" content=\"image\/png\" \/>\n<meta name=\"twitter:card\" content=\"summary_large_image\" \/>\n<meta name=\"twitter:label1\" content=\"Tiempo de lectura\" \/>\n\t<meta name=\"twitter:data1\" content=\"3 minutos\" \/>\n<script type=\"application\/ld+json\" class=\"yoast-schema-graph\">{\"@context\":\"https:\\\/\\\/schema.org\",\"@graph\":[{\"@type\":\"WebPage\",\"@id\":\"https:\\\/\\\/wakan.ec\\\/index.php\\\/producto\\\/huawei-watch-gt4-negro-mate-fkm\\\/\",\"url\":\"https:\\\/\\\/wakan.ec\\\/index.php\\\/producto\\\/huawei-watch-gt4-negro-mate-fkm\\\/\",\"name\":\"Huawei Watch GT4 - Negro Mate - FKM - Wakan.ec\",\"isPartOf\":{\"@id\":\"https:\\\/\\\/wakan.ec\\\/#website\"},\"primaryImageOfPage\":{\"@id\":\"https:\\\/\\\/wakan.ec\\\/index.php\\\/producto\\\/huawei-watch-gt4-negro-mate-fkm\\\/#primaryimage\"},\"image\":{\"@id\":\"https:\\\/\\\/wakan.ec\\\/index.php\\\/producto\\\/huawei-watch-gt4-negro-mate-fkm\\\/#primaryimage\"},\"thumbnailUrl\":\"https:\\\/\\\/wakan.ec\\\/wp-content\\\/uploads\\\/2023\\\/10\\\/HUAWEI-WATCH-GT-4-46mm-Cafe.png\",\"datePublished\":\"2023-10-17T14:51:14+00:00\",\"dateModified\":\"2024-11-14T23:29:29+00:00\",\"description\":\"Elegante dise\u00f1o, monitoreo cal\u00f3rico totalmente nuevo y hasta 2 semanas de bater\u00eda. Pide tu Huawei Watch GT4 Negro Mate con env\u00edo a todo el Ecuador.\",\"breadcrumb\":{\"@id\":\"https:\\\/\\\/wakan.ec\\\/index.php\\\/producto\\\/huawei-watch-gt4-negro-mate-fkm\\\/#breadcrumb\"},\"inLanguage\":\"es\",\"potentialAction\":[{\"@type\":\"ReadAction\",\"target\":[\"https:\\\/\\\/wakan.ec\\\/index.php\\\/producto\\\/huawei-watch-gt4-negro-mate-fkm\\\/\"]}]},{\"@type\":\"ImageObject\",\"inLanguage\":\"es\",\"@id\":\"https:\\\/\\\/wakan.ec\\\/index.php\\\/producto\\\/huawei-watch-gt4-negro-mate-fkm\\\/#primaryimage\",\"url\":\"https:\\\/\\\/wakan.ec\\\/wp-content\\\/uploads\\\/2023\\\/10\\\/HUAWEI-WATCH-GT-4-46mm-Cafe.png\",\"contentUrl\":\"https:\\\/\\\/wakan.ec\\\/wp-content\\\/uploads\\\/2023\\\/10\\\/HUAWEI-WATCH-GT-4-46mm-Cafe.png\",\"width\":1000,\"height\":1000,\"caption\":\"Huawei Watch GT4 - Negro Mate - Ecuador\"},{\"@type\":\"BreadcrumbList\",\"@id\":\"https:\\\/\\\/wakan.ec\\\/index.php\\\/producto\\\/huawei-watch-gt4-negro-mate-fkm\\\/#breadcrumb\",\"itemListElement\":[{\"@type\":\"ListItem\",\"position\":1,\"name\":\"Portada\",\"item\":\"https:\\\/\\\/wakan.ec\\\/\"},{\"@type\":\"ListItem\",\"position\":2,\"name\":\"Wakan.ec\",\"item\":\"https:\\\/\\\/wakan.ec\\\/\"},{\"@type\":\"ListItem\",\"position\":3,\"name\":\"Huawei Watch GT4 &#8211; Negro Mate &#8211; FKM\"}]},{\"@type\":\"WebSite\",\"@id\":\"https:\\\/\\\/wakan.ec\\\/#website\",\"url\":\"https:\\\/\\\/wakan.ec\\\/\",\"name\":\"Wakan.ec\",\"description\":\"Tech - Fitness, entretenimiento y productividad.\",\"publisher\":{\"@id\":\"https:\\\/\\\/wakan.ec\\\/#organization\"},\"potentialAction\":[{\"@type\":\"SearchAction\",\"target\":{\"@type\":\"EntryPoint\",\"urlTemplate\":\"https:\\\/\\\/wakan.ec\\\/?s={search_term_string}\"},\"query-input\":{\"@type\":\"PropertyValueSpecification\",\"valueRequired\":true,\"valueName\":\"search_term_string\"}}],\"inLanguage\":\"es\"},{\"@type\":\"Organization\",\"@id\":\"https:\\\/\\\/wakan.ec\\\/#organization\",\"name\":\"Wak\u00e1n\",\"url\":\"https:\\\/\\\/wakan.ec\\\/\",\"logo\":{\"@type\":\"ImageObject\",\"inLanguage\":\"es\",\"@id\":\"https:\\\/\\\/wakan.ec\\\/#\\\/schema\\\/logo\\\/image\\\/\",\"url\":\"https:\\\/\\\/wakan.ec\\\/wp-content\\\/uploads\\\/2021\\\/12\\\/wakan-Logo.png\",\"contentUrl\":\"https:\\\/\\\/wakan.ec\\\/wp-content\\\/uploads\\\/2021\\\/12\\\/wakan-Logo.png\",\"width\":1080,\"height\":1080,\"caption\":\"Wak\u00e1n\"},\"image\":{\"@id\":\"https:\\\/\\\/wakan.ec\\\/#\\\/schema\\\/logo\\\/image\\\/\"},\"sameAs\":[\"https:\\\/\\\/www.facebook.com\\\/wakantienda\",\"https:\\\/\\\/www.instagram.com\\\/wakantienda\",\"https:\\\/\\\/www.youtube.com\\\/wakan\"]}]}<\/script>\n<!-- \/ Yoast SEO plugin. -->","yoast_head_json":{"title":"Huawei Watch GT4 - Negro Mate - FKM - Wakan.ec","description":"Elegante dise\u00f1o, monitoreo cal\u00f3rico totalmente nuevo y hasta 2 semanas de bater\u00eda. Pide tu Huawei Watch GT4 Negro Mate con env\u00edo a todo el Ecuador.","robots":{"index":"index","follow":"follow","max-snippet":"max-snippet:-1","max-image-preview":"max-image-preview:large","max-video-preview":"max-video-preview:-1"},"canonical":"https:\/\/wakan.ec\/index.php\/producto\/huawei-watch-gt4-negro-mate-fkm\/","og_locale":"es_ES","og_type":"article","og_title":"Huawei Watch GT4 - Negro Mate - FKM - Wakan.ec","og_description":"Elegante dise\u00f1o, monitoreo cal\u00f3rico totalmente nuevo y hasta 2 semanas de bater\u00eda. Pide tu Huawei Watch GT4 Negro Mate con env\u00edo a todo el Ecuador.","og_url":"https:\/\/wakan.ec\/index.php\/producto\/huawei-watch-gt4-negro-mate-fkm\/","og_site_name":"Wakan.ec","article_publisher":"https:\/\/www.facebook.com\/wakantienda","article_modified_time":"2024-11-14T23:29:29+00:00","og_image":[{"width":1000,"height":1000,"url":"https:\/\/wakan.ec\/wp-content\/uploads\/2023\/10\/HUAWEI-WATCH-GT-4-46mm-Cafe.png","type":"image\/png"}],"twitter_card":"summary_large_image","twitter_misc":{"Tiempo de lectura":"3 minutos"},"schema":{"@context":"https:\/\/schema.org","@graph":[{"@type":"WebPage","@id":"https:\/\/wakan.ec\/index.php\/producto\/huawei-watch-gt4-negro-mate-fkm\/","url":"https:\/\/wakan.ec\/index.php\/producto\/huawei-watch-gt4-negro-mate-fkm\/","name":"Huawei Watch GT4 - Negro Mate - FKM - Wakan.ec","isPartOf":{"@id":"https:\/\/wakan.ec\/#website"},"primaryImageOfPage":{"@id":"https:\/\/wakan.ec\/index.php\/producto\/huawei-watch-gt4-negro-mate-fkm\/#primaryimage"},"image":{"@id":"https:\/\/wakan.ec\/index.php\/producto\/huawei-watch-gt4-negro-mate-fkm\/#primaryimage"},"thumbnailUrl":"https:\/\/wakan.ec\/wp-content\/uploads\/2023\/10\/HUAWEI-WATCH-GT-4-46mm-Cafe.png","datePublished":"2023-10-17T14:51:14+00:00","dateModified":"2024-11-14T23:29:29+00:00","description":"Elegante dise\u00f1o, monitoreo cal\u00f3rico totalmente nuevo y hasta 2 semanas de bater\u00eda. Pide tu Huawei Watch GT4 Negro Mate con env\u00edo a todo el Ecuador.","breadcrumb":{"@id":"https:\/\/wakan.ec\/index.php\/producto\/huawei-watch-gt4-negro-mate-fkm\/#breadcrumb"},"inLanguage":"es","potentialAction":[{"@type":"ReadAction","target":["https:\/\/wakan.ec\/index.php\/producto\/huawei-watch-gt4-negro-mate-fkm\/"]}]},{"@type":"ImageObject","inLanguage":"es","@id":"https:\/\/wakan.ec\/index.php\/producto\/huawei-watch-gt4-negro-mate-fkm\/#primaryimage","url":"https:\/\/wakan.ec\/wp-content\/uploads\/2023\/10\/HUAWEI-WATCH-GT-4-46mm-Cafe.png","contentUrl":"https:\/\/wakan.ec\/wp-content\/uploads\/2023\/10\/HUAWEI-WATCH-GT-4-46mm-Cafe.png","width":1000,"height":1000,"caption":"Huawei Watch GT4 - Negro Mate - Ecuador"},{"@type":"BreadcrumbList","@id":"https:\/\/wakan.ec\/index.php\/producto\/huawei-watch-gt4-negro-mate-fkm\/#breadcrumb","itemListElement":[{"@type":"ListItem","position":1,"name":"Portada","item":"https:\/\/wakan.ec\/"},{"@type":"ListItem","position":2,"name":"Wakan.ec","item":"https:\/\/wakan.ec\/"},{"@type":"ListItem","position":3,"name":"Huawei Watch GT4 &#8211; Negro Mate &#8211; FKM"}]},{"@type":"WebSite","@id":"https:\/\/wakan.ec\/#website","url":"https:\/\/wakan.ec\/","name":"Wakan.ec","description":"Tech - Fitness, entretenimiento y productividad.","publisher":{"@id":"https:\/\/wakan.ec\/#organization"},"potentialAction":[{"@type":"SearchAction","target":{"@type":"EntryPoint","urlTemplate":"https:\/\/wakan.ec\/?s={search_term_string}"},"query-input":{"@type":"PropertyValueSpecification","valueRequired":true,"valueName":"search_term_string"}}],"inLanguage":"es"},{"@type":"Organization","@id":"https:\/\/wakan.ec\/#organization","name":"Wak\u00e1n","url":"https:\/\/wakan.ec\/","logo":{"@type":"ImageObject","inLanguage":"es","@id":"https:\/\/wakan.ec\/#\/schema\/logo\/image\/","url":"https:\/\/wakan.ec\/wp-content\/uploads\/2021\/12\/wakan-Logo.png","contentUrl":"https:\/\/wakan.ec\/wp-content\/uploads\/2021\/12\/wakan-Logo.png","width":1080,"height":1080,"caption":"Wak\u00e1n"},"image":{"@id":"https:\/\/wakan.ec\/#\/schema\/logo\/image\/"},"sameAs":["https:\/\/www.facebook.com\/wakantienda","https:\/\/www.instagram.com\/wakantienda","https:\/\/www.youtube.com\/wakan"]}]}},"_links":{"self":[{"href":"https:\/\/wakan.ec\/index.php\/wp-json\/wp\/v2\/product\/1404","targetHints":{"allow":["GET"]}}],"collection":[{"href":"https:\/\/wakan.ec\/index.php\/wp-json\/wp\/v2\/product"}],"about":[{"href":"https:\/\/wakan.ec\/index.php\/wp-json\/wp\/v2\/types\/product"}],"replies":[{"embeddable":true,"href":"https:\/\/wakan.ec\/index.php\/wp-json\/wp\/v2\/comments?post=1404"}],"wp:featuredmedia":[{"embeddable":true,"href":"https:\/\/wakan.ec\/index.php\/wp-json\/wp\/v2\/media\/1409"}],"wp:attachment":[{"href":"https:\/\/wakan.ec\/index.php\/wp-json\/wp\/v2\/media?parent=1404"}],"wp:term":[{"taxonomy":"product_brand","embeddable":true,"href":"https:\/\/wakan.ec\/index.php\/wp-json\/wp\/v2\/product_brand?post=1404"},{"taxonomy":"product_cat","embeddable":true,"href":"https:\/\/wakan.ec\/index.php\/wp-json\/wp\/v2\/product_cat?post=1404"},{"taxonomy":"product_tag","embeddable":true,"href":"https:\/\/wakan.ec\/index.php\/wp-json\/wp\/v2\/product_tag?post=1404"}],"curies":[{"name":"wp","href":"https:\/\/api.w.org\/{rel}","templated":true}]}}