{"id":1375,"date":"2023-09-12T14:11:33","date_gmt":"2023-09-12T14:11:33","guid":{"rendered":"https:\/\/wakan.ec\/?post_type=product&#038;p=1375"},"modified":"2024-08-15T12:07:56","modified_gmt":"2024-08-15T17:07:56","slug":"alexa-echo-show-8-2a-generacion-blanco-glaciar","status":"publish","type":"product","link":"https:\/\/wakan.ec\/index.php\/producto\/alexa-echo-show-8-2a-generacion-blanco-glaciar\/","title":{"rendered":"Alexa Echo Show 8 &#8211; 2a generaci\u00f3n &#8211; Blanco Glaciar"},"content":{"rendered":"<p>La pantalla t\u00e1ctil HD de 8&#8243;, el color adaptable y las bocinas est\u00e9reo le dan vida a tu entretenimiento. Alexa Echo Show 8 &#8211; 2a generaci\u00f3n &#8211; Blanco Glaciar puede mostrarte a\u00fan m\u00e1s.<\/p>\n<h3>Facilita tu d\u00eda<\/h3>\n<p>Echa un vistazo a tus calendarios y recordatorios. Usa tu voz para establecer temporizadores, actualizar listas, ver noticias y m\u00e1s.<\/p>\n<p>P\u00eddele a Alexa que llame a tus contactos que tengan un dispositivo la app de Alexa. Realiza videollamadas con la c\u00e1mara de 13 MP que enfoca y centra autom\u00e1ticamente.<\/p>\n<p>Prepara deliciosas recetas con un video paso a paso.<\/p>\n<h3>Controla tu casa inteligente<\/h3>\n<p>Controla dispositivos compatibles como c\u00e1maras, luces, enchufes y m\u00e1s mediante la pantalla interactiva, tu voz o tu movimiento.<\/p>\n<p>Puedes programar rutinas o iniciarlas con tu movimiento. Cuando ingresas a una habitaci\u00f3n, la l\u00e1mpara se puede encender o la m\u00fasica puede comenzar a sonar.<\/p>\n<p>Mira lo que sucede cuando est\u00e9s afuera con la c\u00e1mara incorporada. Incorpora bot\u00f3n de apagado de micr\u00f3fono y c\u00e1mara para tu privacidad.<\/p>\n<h3>M\u00e1s diversi\u00f3n<\/h3>\n<p>Disfruta de programas de televisi\u00f3n y pel\u00edculas en HD con sonido est\u00e9reo. P\u00eddele a Alexa que reproduzca tu m\u00fasica desde tu app preferida.<\/p>\n<p>Usa Facebook y la pantalla de inicio como un marco digital. El color adaptable ayuda a que tus fotos favoritas se vean geniales con cualquier iluminaci\u00f3n.<\/p>\n<p>Reduce su consumo de energ\u00eda autom\u00e1ticamente cuando no est\u00e1 en uso.<\/p>\n<p><em>F\u00e1cil de configurar en solo 3 pasos.<\/em><\/p>\n<div id=\"a-page\" aria-hidden=\"false\">\n<div id=\"dp\">\n<div id=\"dp-container\" role=\"main\">\n<div id=\"btfContent2_feature_div\" data-feature-name=\"btfContent2\" data-csa-c-type=\"widget\" data-csa-c-content-id=\"btfContent2\" data-csa-c-slot-id=\"btfContent2_feature_div\" data-csa-c-asin=\"\" data-csa-c-is-in-initial-active-row=\"false\" data-csa-c-id=\"g9624v-cdd5sy-o37e2-cz4ute\" data-cel-widget=\"btfContent2_feature_div\">\n<div id=\"content-grid-widget-v1.0\">\n<div id=\"\">\n<div data-lazy-loading-background-image=\"\">\n<h3>Alexa Echo Show 8 &#8211; 2a generaci\u00f3n &#8211; Blanco Glaciar<\/h3>\n<div>\n<h4><\/h4>\n<table>\n<tbody>\n<tr>\n<td>Pantalla<\/td>\n<td><span class=\"a-size-base-plus\">8&#8243; con resoluci\u00f3n de 1280 x 800<\/span><\/td>\n<\/tr>\n<tr>\n<td>C\u00e1mara<\/td>\n<td>13 MP con encuadre autom\u00e1tico<\/td>\n<\/tr>\n<tr>\n<td>Encuadre autom\u00e1tico<\/td>\n<td>Integrado<\/td>\n<\/tr>\n<tr>\n<td>Micr\u00f3fonos<\/td>\n<td>4<\/td>\n<\/tr>\n<tr>\n<td>Parlantes<\/td>\n<td>2 de 2&#8243;<\/td>\n<\/tr>\n<tr>\n<td>Procesador<\/td>\n<td>MediaTek MT 8183<\/td>\n<\/tr>\n<tr>\n<td>Compatibilidad<\/td>\n<td>FireOS, Android, iOS<\/td>\n<\/tr>\n<tr>\n<td>Conectividad<\/td>\n<td>WiFi, Bluetooth<\/td>\n<\/tr>\n<tr>\n<td>Accesibilidad<\/td>\n<td>M\u00e1s de 10 funciones integradas<\/td>\n<\/tr>\n<tr>\n<td>Privacidad<\/td>\n<td>M\u00e1s de 5 <a href=\"https:\/\/www.amazon.com\/-\/es\/b\/?node=19149155011\" target=\"_blank\" rel=\"noopener\">funciones de privacidad<\/a><\/td>\n<\/tr>\n<\/tbody>\n<\/table>\n<h4>En la caja<\/h4>\n<ul>\n<li>Echo Show 8 &#8211; 2a generaci\u00f3n &#8211; Blanco Glaciar <em>x1 <\/em><\/li>\n<li>Adaptador de corriente <em>x1 <\/em><\/li>\n<li>Cable (1.5 metros) <em>x1\u00a0<\/em><\/li>\n<li>Cable de alimentaci\u00f3n (blanco) <em>x1<\/em><\/li>\n<li>Gu\u00eda de inicio r\u00e1pido <em>x1<\/em><\/li>\n<\/ul>\n<h4>Garant\u00eda de f\u00e1brica por 12 meses<\/h4>\n<\/div>\n<\/div>\n<\/div>\n<\/div>\n<\/div>\n<\/div>\n<\/div>\n<\/div>\n","protected":false},"excerpt":{"rendered":"<p>Encanta por su pantalla t\u00e1ctil HD de 8&#8243;,\u00a0 bocinas est\u00e9reo y el control por voz con Alexa.<\/p>\n<h4>Facilita tu d\u00eda<\/h4>\n<ul>\n<li>Disfruta de series, pel\u00edculas y tu m\u00fasica preferida.<\/li>\n<li>Controla c\u00e1maras, luces, enchufes inteligentes y m\u00e1s.<\/li>\n<li>Echa un vistazo a tus calendarios y recordatorios.<\/li>\n<li>Configura temporizadores, actualiza listas y m\u00e1s.<\/li>\n<li>Prepara deliciosas recetas con un video paso a paso.<\/li>\n<\/ul>\n<h5>Agrega al carrito<\/h5>\n<ul>\n<li>Compra segura.<\/li>\n<li>Garant\u00eda de f\u00e1brica por 12 meses<\/li>\n<\/ul>\n","protected":false},"featured_media":1379,"comment_status":"open","ping_status":"closed","template":"","meta":{"site-sidebar-layout":"default","site-content-layout":"","ast-site-content-layout":"default","site-content-style":"default","site-sidebar-style":"default","ast-global-header-display":"","ast-banner-title-visibility":"","ast-main-header-display":"","ast-hfb-above-header-display":"","ast-hfb-below-header-display":"","ast-hfb-mobile-header-display":"","site-post-title":"","ast-breadcrumbs-content":"","ast-featured-img":"","footer-sml-layout":"","ast-disable-related-posts":"","theme-transparent-header-meta":"default","adv-header-id-meta":"","stick-header-meta":"","header-above-stick-meta":"","header-main-stick-meta":"","header-below-stick-meta":"","astra-migrate-meta-layouts":"set","ast-page-background-enabled":"default","ast-page-background-meta":{"desktop":{"background-color":"","background-image":"","background-repeat":"repeat","background-position":"center center","background-size":"auto","background-attachment":"scroll","background-type":"","background-media":"","overlay-type":"","overlay-color":"","overlay-opacity":"","overlay-gradient":""},"tablet":{"background-color":"","background-image":"","background-repeat":"repeat","background-position":"center center","background-size":"auto","background-attachment":"scroll","background-type":"","background-media":"","overlay-type":"","overlay-color":"","overlay-opacity":"","overlay-gradient":""},"mobile":{"background-color":"","background-image":"","background-repeat":"repeat","background-position":"center center","background-size":"auto","background-attachment":"scroll","background-type":"","background-media":"","overlay-type":"","overlay-color":"","overlay-opacity":"","overlay-gradient":""}},"ast-content-background-meta":{"desktop":{"background-color":"var(--ast-global-color-5)","background-image":"","background-repeat":"repeat","background-position":"center center","background-size":"auto","background-attachment":"scroll","background-type":"","background-media":"","overlay-type":"","overlay-color":"","overlay-opacity":"","overlay-gradient":""},"tablet":{"background-color":"var(--ast-global-color-5)","background-image":"","background-repeat":"repeat","background-position":"center center","background-size":"auto","background-attachment":"scroll","background-type":"","background-media":"","overlay-type":"","overlay-color":"","overlay-opacity":"","overlay-gradient":""},"mobile":{"background-color":"var(--ast-global-color-5)","background-image":"","background-repeat":"repeat","background-position":"center center","background-size":"auto","background-attachment":"scroll","background-type":"","background-media":"","overlay-type":"","overlay-color":"","overlay-opacity":"","overlay-gradient":""}}},"product_brand":[],"product_cat":[166],"product_tag":[],"class_list":{"0":"post-1375","1":"product","2":"type-product","3":"status-publish","4":"has-post-thumbnail","6":"product_cat-dispositivos-alexa","7":"desktop-align-left","8":"tablet-align-left","9":"mobile-align-left","11":"first","12":"outofstock","13":"sale","14":"purchasable","15":"product-type-simple"},"yoast_head":"<!-- This site is optimized with the Yoast SEO plugin v27.5 - https:\/\/yoast.com\/product\/yoast-seo-wordpress\/ -->\n<title>Alexa Echo Show 8 - 2a generaci\u00f3n - Blanco Glaciar - Wakan.ec<\/title>\n<meta name=\"description\" content=\"La pantalla t\u00e1ctil HD de 8&quot;, el color adaptable y las bocinas est\u00e9reo le dan vida a tu entretenimiento. Echo Show 8 - 2a generaci\u00f3n - Blanco Glaciar.\" \/>\n<meta name=\"robots\" content=\"index, follow, max-snippet:-1, max-image-preview:large, max-video-preview:-1\" \/>\n<link rel=\"canonical\" href=\"https:\/\/wakan.ec\/index.php\/producto\/alexa-echo-show-8-2a-generacion-blanco-glaciar\/\" \/>\n<meta property=\"og:locale\" content=\"es_ES\" \/>\n<meta property=\"og:type\" content=\"article\" \/>\n<meta property=\"og:title\" content=\"Alexa Echo Show 8 - 2a generaci\u00f3n - Blanco Glaciar - Wakan.ec\" \/>\n<meta property=\"og:description\" content=\"La pantalla t\u00e1ctil HD de 8&quot;, el color adaptable y las bocinas est\u00e9reo le dan vida a tu entretenimiento. Echo Show 8 - 2a generaci\u00f3n - Blanco Glaciar.\" \/>\n<meta property=\"og:url\" content=\"https:\/\/wakan.ec\/index.php\/producto\/alexa-echo-show-8-2a-generacion-blanco-glaciar\/\" \/>\n<meta property=\"og:site_name\" content=\"Wakan.ec\" \/>\n<meta property=\"article:publisher\" content=\"https:\/\/www.facebook.com\/wakantienda\" \/>\n<meta property=\"article:modified_time\" content=\"2024-08-15T17:07:56+00:00\" \/>\n<meta property=\"og:image\" content=\"https:\/\/wakan.ec\/wp-content\/uploads\/2023\/09\/Echo-Show-8.png\" \/>\n\t<meta property=\"og:image:width\" content=\"1000\" \/>\n\t<meta property=\"og:image:height\" content=\"1000\" \/>\n\t<meta property=\"og:image:type\" content=\"image\/png\" \/>\n<meta name=\"twitter:card\" content=\"summary_large_image\" \/>\n<meta name=\"twitter:label1\" content=\"Tiempo de lectura\" \/>\n\t<meta name=\"twitter:data1\" content=\"2 minutos\" \/>\n<script type=\"application\/ld+json\" class=\"yoast-schema-graph\">{\"@context\":\"https:\\\/\\\/schema.org\",\"@graph\":[{\"@type\":\"WebPage\",\"@id\":\"https:\\\/\\\/wakan.ec\\\/index.php\\\/producto\\\/alexa-echo-show-8-2a-generacion-blanco-glaciar\\\/\",\"url\":\"https:\\\/\\\/wakan.ec\\\/index.php\\\/producto\\\/alexa-echo-show-8-2a-generacion-blanco-glaciar\\\/\",\"name\":\"Alexa Echo Show 8 - 2a generaci\u00f3n - Blanco Glaciar - Wakan.ec\",\"isPartOf\":{\"@id\":\"https:\\\/\\\/wakan.ec\\\/#website\"},\"primaryImageOfPage\":{\"@id\":\"https:\\\/\\\/wakan.ec\\\/index.php\\\/producto\\\/alexa-echo-show-8-2a-generacion-blanco-glaciar\\\/#primaryimage\"},\"image\":{\"@id\":\"https:\\\/\\\/wakan.ec\\\/index.php\\\/producto\\\/alexa-echo-show-8-2a-generacion-blanco-glaciar\\\/#primaryimage\"},\"thumbnailUrl\":\"https:\\\/\\\/wakan.ec\\\/wp-content\\\/uploads\\\/2023\\\/09\\\/Echo-Show-8.png\",\"datePublished\":\"2023-09-12T14:11:33+00:00\",\"dateModified\":\"2024-08-15T17:07:56+00:00\",\"description\":\"La pantalla t\u00e1ctil HD de 8\\\", el color adaptable y las bocinas est\u00e9reo le dan vida a tu entretenimiento. Echo Show 8 - 2a generaci\u00f3n - Blanco Glaciar.\",\"breadcrumb\":{\"@id\":\"https:\\\/\\\/wakan.ec\\\/index.php\\\/producto\\\/alexa-echo-show-8-2a-generacion-blanco-glaciar\\\/#breadcrumb\"},\"inLanguage\":\"es\",\"potentialAction\":[{\"@type\":\"ReadAction\",\"target\":[\"https:\\\/\\\/wakan.ec\\\/index.php\\\/producto\\\/alexa-echo-show-8-2a-generacion-blanco-glaciar\\\/\"]}]},{\"@type\":\"ImageObject\",\"inLanguage\":\"es\",\"@id\":\"https:\\\/\\\/wakan.ec\\\/index.php\\\/producto\\\/alexa-echo-show-8-2a-generacion-blanco-glaciar\\\/#primaryimage\",\"url\":\"https:\\\/\\\/wakan.ec\\\/wp-content\\\/uploads\\\/2023\\\/09\\\/Echo-Show-8.png\",\"contentUrl\":\"https:\\\/\\\/wakan.ec\\\/wp-content\\\/uploads\\\/2023\\\/09\\\/Echo-Show-8.png\",\"width\":1000,\"height\":1000,\"caption\":\"Alexa Echo Show 8 - 2a generaci\u00f3n - Blanco Glaciar - Ecuador\"},{\"@type\":\"BreadcrumbList\",\"@id\":\"https:\\\/\\\/wakan.ec\\\/index.php\\\/producto\\\/alexa-echo-show-8-2a-generacion-blanco-glaciar\\\/#breadcrumb\",\"itemListElement\":[{\"@type\":\"ListItem\",\"position\":1,\"name\":\"Portada\",\"item\":\"https:\\\/\\\/wakan.ec\\\/\"},{\"@type\":\"ListItem\",\"position\":2,\"name\":\"Alexa Echo Show 8 &#8211; 2a generaci\u00f3n &#8211; Blanco Glaciar\"}]},{\"@type\":\"WebSite\",\"@id\":\"https:\\\/\\\/wakan.ec\\\/#website\",\"url\":\"https:\\\/\\\/wakan.ec\\\/\",\"name\":\"Wakan.ec\",\"description\":\"Tech - Fitness, entretenimiento y productividad.\",\"publisher\":{\"@id\":\"https:\\\/\\\/wakan.ec\\\/#organization\"},\"potentialAction\":[{\"@type\":\"SearchAction\",\"target\":{\"@type\":\"EntryPoint\",\"urlTemplate\":\"https:\\\/\\\/wakan.ec\\\/?s={search_term_string}\"},\"query-input\":{\"@type\":\"PropertyValueSpecification\",\"valueRequired\":true,\"valueName\":\"search_term_string\"}}],\"inLanguage\":\"es\"},{\"@type\":\"Organization\",\"@id\":\"https:\\\/\\\/wakan.ec\\\/#organization\",\"name\":\"Wak\u00e1n\",\"url\":\"https:\\\/\\\/wakan.ec\\\/\",\"logo\":{\"@type\":\"ImageObject\",\"inLanguage\":\"es\",\"@id\":\"https:\\\/\\\/wakan.ec\\\/#\\\/schema\\\/logo\\\/image\\\/\",\"url\":\"https:\\\/\\\/wakan.ec\\\/wp-content\\\/uploads\\\/2021\\\/12\\\/wakan-Logo.png\",\"contentUrl\":\"https:\\\/\\\/wakan.ec\\\/wp-content\\\/uploads\\\/2021\\\/12\\\/wakan-Logo.png\",\"width\":1080,\"height\":1080,\"caption\":\"Wak\u00e1n\"},\"image\":{\"@id\":\"https:\\\/\\\/wakan.ec\\\/#\\\/schema\\\/logo\\\/image\\\/\"},\"sameAs\":[\"https:\\\/\\\/www.facebook.com\\\/wakantienda\",\"https:\\\/\\\/www.instagram.com\\\/wakantienda\",\"https:\\\/\\\/www.youtube.com\\\/wakan\"]}]}<\/script>\n<!-- \/ Yoast SEO plugin. -->","yoast_head_json":{"title":"Alexa Echo Show 8 - 2a generaci\u00f3n - Blanco Glaciar - Wakan.ec","description":"La pantalla t\u00e1ctil HD de 8\", el color adaptable y las bocinas est\u00e9reo le dan vida a tu entretenimiento. Echo Show 8 - 2a generaci\u00f3n - Blanco Glaciar.","robots":{"index":"index","follow":"follow","max-snippet":"max-snippet:-1","max-image-preview":"max-image-preview:large","max-video-preview":"max-video-preview:-1"},"canonical":"https:\/\/wakan.ec\/index.php\/producto\/alexa-echo-show-8-2a-generacion-blanco-glaciar\/","og_locale":"es_ES","og_type":"article","og_title":"Alexa Echo Show 8 - 2a generaci\u00f3n - Blanco Glaciar - Wakan.ec","og_description":"La pantalla t\u00e1ctil HD de 8\", el color adaptable y las bocinas est\u00e9reo le dan vida a tu entretenimiento. Echo Show 8 - 2a generaci\u00f3n - Blanco Glaciar.","og_url":"https:\/\/wakan.ec\/index.php\/producto\/alexa-echo-show-8-2a-generacion-blanco-glaciar\/","og_site_name":"Wakan.ec","article_publisher":"https:\/\/www.facebook.com\/wakantienda","article_modified_time":"2024-08-15T17:07:56+00:00","og_image":[{"width":1000,"height":1000,"url":"https:\/\/wakan.ec\/wp-content\/uploads\/2023\/09\/Echo-Show-8.png","type":"image\/png"}],"twitter_card":"summary_large_image","twitter_misc":{"Tiempo de lectura":"2 minutos"},"schema":{"@context":"https:\/\/schema.org","@graph":[{"@type":"WebPage","@id":"https:\/\/wakan.ec\/index.php\/producto\/alexa-echo-show-8-2a-generacion-blanco-glaciar\/","url":"https:\/\/wakan.ec\/index.php\/producto\/alexa-echo-show-8-2a-generacion-blanco-glaciar\/","name":"Alexa Echo Show 8 - 2a generaci\u00f3n - Blanco Glaciar - Wakan.ec","isPartOf":{"@id":"https:\/\/wakan.ec\/#website"},"primaryImageOfPage":{"@id":"https:\/\/wakan.ec\/index.php\/producto\/alexa-echo-show-8-2a-generacion-blanco-glaciar\/#primaryimage"},"image":{"@id":"https:\/\/wakan.ec\/index.php\/producto\/alexa-echo-show-8-2a-generacion-blanco-glaciar\/#primaryimage"},"thumbnailUrl":"https:\/\/wakan.ec\/wp-content\/uploads\/2023\/09\/Echo-Show-8.png","datePublished":"2023-09-12T14:11:33+00:00","dateModified":"2024-08-15T17:07:56+00:00","description":"La pantalla t\u00e1ctil HD de 8\", el color adaptable y las bocinas est\u00e9reo le dan vida a tu entretenimiento. Echo Show 8 - 2a generaci\u00f3n - Blanco Glaciar.","breadcrumb":{"@id":"https:\/\/wakan.ec\/index.php\/producto\/alexa-echo-show-8-2a-generacion-blanco-glaciar\/#breadcrumb"},"inLanguage":"es","potentialAction":[{"@type":"ReadAction","target":["https:\/\/wakan.ec\/index.php\/producto\/alexa-echo-show-8-2a-generacion-blanco-glaciar\/"]}]},{"@type":"ImageObject","inLanguage":"es","@id":"https:\/\/wakan.ec\/index.php\/producto\/alexa-echo-show-8-2a-generacion-blanco-glaciar\/#primaryimage","url":"https:\/\/wakan.ec\/wp-content\/uploads\/2023\/09\/Echo-Show-8.png","contentUrl":"https:\/\/wakan.ec\/wp-content\/uploads\/2023\/09\/Echo-Show-8.png","width":1000,"height":1000,"caption":"Alexa Echo Show 8 - 2a generaci\u00f3n - Blanco Glaciar - Ecuador"},{"@type":"BreadcrumbList","@id":"https:\/\/wakan.ec\/index.php\/producto\/alexa-echo-show-8-2a-generacion-blanco-glaciar\/#breadcrumb","itemListElement":[{"@type":"ListItem","position":1,"name":"Portada","item":"https:\/\/wakan.ec\/"},{"@type":"ListItem","position":2,"name":"Alexa Echo Show 8 &#8211; 2a generaci\u00f3n &#8211; Blanco Glaciar"}]},{"@type":"WebSite","@id":"https:\/\/wakan.ec\/#website","url":"https:\/\/wakan.ec\/","name":"Wakan.ec","description":"Tech - Fitness, entretenimiento y productividad.","publisher":{"@id":"https:\/\/wakan.ec\/#organization"},"potentialAction":[{"@type":"SearchAction","target":{"@type":"EntryPoint","urlTemplate":"https:\/\/wakan.ec\/?s={search_term_string}"},"query-input":{"@type":"PropertyValueSpecification","valueRequired":true,"valueName":"search_term_string"}}],"inLanguage":"es"},{"@type":"Organization","@id":"https:\/\/wakan.ec\/#organization","name":"Wak\u00e1n","url":"https:\/\/wakan.ec\/","logo":{"@type":"ImageObject","inLanguage":"es","@id":"https:\/\/wakan.ec\/#\/schema\/logo\/image\/","url":"https:\/\/wakan.ec\/wp-content\/uploads\/2021\/12\/wakan-Logo.png","contentUrl":"https:\/\/wakan.ec\/wp-content\/uploads\/2021\/12\/wakan-Logo.png","width":1080,"height":1080,"caption":"Wak\u00e1n"},"image":{"@id":"https:\/\/wakan.ec\/#\/schema\/logo\/image\/"},"sameAs":["https:\/\/www.facebook.com\/wakantienda","https:\/\/www.instagram.com\/wakantienda","https:\/\/www.youtube.com\/wakan"]}]}},"_links":{"self":[{"href":"https:\/\/wakan.ec\/index.php\/wp-json\/wp\/v2\/product\/1375","targetHints":{"allow":["GET"]}}],"collection":[{"href":"https:\/\/wakan.ec\/index.php\/wp-json\/wp\/v2\/product"}],"about":[{"href":"https:\/\/wakan.ec\/index.php\/wp-json\/wp\/v2\/types\/product"}],"replies":[{"embeddable":true,"href":"https:\/\/wakan.ec\/index.php\/wp-json\/wp\/v2\/comments?post=1375"}],"wp:featuredmedia":[{"embeddable":true,"href":"https:\/\/wakan.ec\/index.php\/wp-json\/wp\/v2\/media\/1379"}],"wp:attachment":[{"href":"https:\/\/wakan.ec\/index.php\/wp-json\/wp\/v2\/media?parent=1375"}],"wp:term":[{"taxonomy":"product_brand","embeddable":true,"href":"https:\/\/wakan.ec\/index.php\/wp-json\/wp\/v2\/product_brand?post=1375"},{"taxonomy":"product_cat","embeddable":true,"href":"https:\/\/wakan.ec\/index.php\/wp-json\/wp\/v2\/product_cat?post=1375"},{"taxonomy":"product_tag","embeddable":true,"href":"https:\/\/wakan.ec\/index.php\/wp-json\/wp\/v2\/product_tag?post=1375"}],"curies":[{"name":"wp","href":"https:\/\/api.w.org\/{rel}","templated":true}]}}