{"id":1237,"date":"2023-07-26T17:03:12","date_gmt":"2023-07-26T17:03:12","guid":{"rendered":"https:\/\/wakan.ec\/?post_type=product&#038;p=1237"},"modified":"2024-08-15T12:25:11","modified_gmt":"2024-08-15T17:25:11","slug":"cafetera-personal-oster-single-serve","status":"publish","type":"product","link":"https:\/\/wakan.ec\/index.php\/producto\/cafetera-personal-oster-single-serve\/","title":{"rendered":"Cafetera Personal &#8211; Oster &#8211; Single Serve"},"content":{"rendered":"<p><em>Prepara una taza de caf\u00e9 a tu gusto al instante.<\/em> La Cafetera Personal &#8211; Oster se destaca ser muy pr\u00e1ctica\u00a0 y ofrecer un tama\u00f1o compacto.<\/p>\n<h4>Delicioso caf\u00e9 al instante<\/h4>\n<p><em>Caf\u00e9 reci\u00e9n hecho a la temperatura perfecta para tomarlo inmediatamente.<\/em> Prepara el caf\u00e9 que a ti te gusta, cuando t\u00fa quieras.<\/p>\n<p>Esta cafetera te brinda <em>el caf\u00e9 perfecto para una persona<\/em>. Con una taza de cer\u00e1mica incluida y un tanque de 250 ml de capacidad.<\/p>\n<p>&nbsp;<\/p>\n<h4>Pr\u00e1ctica y f\u00e1cil de usar<\/h4>\n<p><em>Encendido con un toque y apagado\u00a0autom\u00e1tico<\/em> para mayor seguridad.<\/p>\n<p><em>Cuenta con filtro permanente<\/em>, no necesita filtros de papel, solo coloca tu caf\u00e9 molido favorito y listo.<\/p>\n<p>La Cafetera Personal Oster es <em>f\u00e1cil de desmontar y limpiar<\/em>, lo que facilita su mantenimiento y prolonga su vida \u00fatil.<\/p>\n<p>&nbsp;<\/p>\n<h4>Se adapta a cualquier espacio<\/h4>\n<p>Es <em>ideal para tenerla en casa o en la oficina d<\/em>ebido a su tama\u00f1o compacto y dise\u00f1o ligero.<\/p>\n<p>La cafetera est\u00e1 dise\u00f1ada para ser <em>eficiente en el consumo de energ\u00eda<\/em>, ayuda a reducir costos y minimiza el impacto ambiental.<\/p>\n<p>El filtro es lavable y reutilizable, tambi\u00e9n es compatible con filtro de papel aunque no es necesario.<\/p>\n<p>&nbsp;<\/p>\n<h4>Cafetera Personal &#8211; Oster &#8211; Single Serve<\/h4>\n<h4><\/h4>\n<table>\n<tbody>\n<tr>\n<td>Capacidad<\/td>\n<td>250 ml<\/td>\n<\/tr>\n<tr>\n<td>Apagado<\/td>\n<td>Autom\u00e1tico<\/td>\n<\/tr>\n<tr>\n<td>Filtro<\/td>\n<td>Permanente<\/td>\n<\/tr>\n<tr>\n<td>Tipo de cafetera<\/td>\n<td>Goteo<\/td>\n<\/tr>\n<tr>\n<td>Material de la Taza<\/td>\n<td>Cer\u00e1mica<\/td>\n<\/tr>\n<tr>\n<td>Material de la cubierta<\/td>\n<td>Pol\u00edmero<\/td>\n<\/tr>\n<tr>\n<td>Material del filtro<\/td>\n<td>Metal<\/td>\n<\/tr>\n<tr>\n<td>Potencia<\/td>\n<td>450 W<\/td>\n<\/tr>\n<tr>\n<td>Color<\/td>\n<td>Negra<\/td>\n<\/tr>\n<tr>\n<td>Referencia<\/td>\n<td>BVSTDCDR2B<\/td>\n<\/tr>\n<\/tbody>\n<\/table>\n<p><a href=\"https:\/\/wakan.ec\/index.php\/product-category\/cocina-inteligente\/\">Ver m\u00e1s opciones de Cocina Inteligente<\/a><\/p>\n<h4>Incluido en la caja<\/h4>\n<ul>\n<li>Cafetera<\/li>\n<li>Filtro permanente<\/li>\n<li>Taza<\/li>\n<\/ul>\n<h5>Garant\u00eda Oster de 12 meses<\/h5>\n","protected":false},"excerpt":{"rendered":"<p><em>A los usuarios les fascina por su funcionalidad, dise\u00f1o, capacidad y el espacio que ocupa.<\/em><\/p>\n<h4>El caf\u00e9 perfecto para una persona<\/h4>\n<ul>\n<li>Prepara <em>caf\u00e9 al instante<\/em>.<\/li>\n<li>Encendido con un toque y apagado autom\u00e1tico.<\/li>\n<li>Cuenta con <em>filtro permanente.<\/em><\/li>\n<li>Dise\u00f1o compacto y elegante.<\/li>\n<li><em>Incluye taza<\/em> de cer\u00e1mica de 250 ml.<\/li>\n<\/ul>\n<h5>Cons\u00edguela hoy mismo.<\/h5>\n","protected":false},"featured_media":1239,"comment_status":"open","ping_status":"closed","template":"","meta":{"site-sidebar-layout":"default","site-content-layout":"default","ast-site-content-layout":"default","site-content-style":"default","site-sidebar-style":"default","ast-global-header-display":"","ast-banner-title-visibility":"","ast-main-header-display":"","ast-hfb-above-header-display":"","ast-hfb-below-header-display":"","ast-hfb-mobile-header-display":"","site-post-title":"","ast-breadcrumbs-content":"","ast-featured-img":"","footer-sml-layout":"","ast-disable-related-posts":"","theme-transparent-header-meta":"default","adv-header-id-meta":"","stick-header-meta":"","header-above-stick-meta":"","header-main-stick-meta":"","header-below-stick-meta":"","astra-migrate-meta-layouts":"default","ast-page-background-enabled":"default","ast-page-background-meta":{"desktop":{"background-color":"","background-image":"","background-repeat":"repeat","background-position":"center center","background-size":"auto","background-attachment":"scroll","background-type":"","background-media":"","overlay-type":"","overlay-color":"","overlay-opacity":"","overlay-gradient":""},"tablet":{"background-color":"","background-image":"","background-repeat":"repeat","background-position":"center center","background-size":"auto","background-attachment":"scroll","background-type":"","background-media":"","overlay-type":"","overlay-color":"","overlay-opacity":"","overlay-gradient":""},"mobile":{"background-color":"","background-image":"","background-repeat":"repeat","background-position":"center center","background-size":"auto","background-attachment":"scroll","background-type":"","background-media":"","overlay-type":"","overlay-color":"","overlay-opacity":"","overlay-gradient":""}},"ast-content-background-meta":{"desktop":{"background-color":"var(--ast-global-color-5)","background-image":"","background-repeat":"repeat","background-position":"center center","background-size":"auto","background-attachment":"scroll","background-type":"","background-media":"","overlay-type":"","overlay-color":"","overlay-opacity":"","overlay-gradient":""},"tablet":{"background-color":"var(--ast-global-color-5)","background-image":"","background-repeat":"repeat","background-position":"center center","background-size":"auto","background-attachment":"scroll","background-type":"","background-media":"","overlay-type":"","overlay-color":"","overlay-opacity":"","overlay-gradient":""},"mobile":{"background-color":"var(--ast-global-color-5)","background-image":"","background-repeat":"repeat","background-position":"center center","background-size":"auto","background-attachment":"scroll","background-type":"","background-media":"","overlay-type":"","overlay-color":"","overlay-opacity":"","overlay-gradient":""}}},"product_brand":[],"product_cat":[63],"product_tag":[],"class_list":{"0":"post-1237","1":"product","2":"type-product","3":"status-publish","4":"has-post-thumbnail","6":"product_cat-cocina-inteligente","7":"desktop-align-left","8":"tablet-align-left","9":"mobile-align-left","11":"first","12":"outofstock","13":"sale","14":"purchasable","15":"product-type-simple"},"yoast_head":"<!-- This site is optimized with the Yoast SEO plugin v27.5 - https:\/\/yoast.com\/product\/yoast-seo-wordpress\/ -->\n<title>Cafetera Personal - Oster - Single Serve - Wakan.ec<\/title>\n<meta name=\"description\" content=\"La cafetera Cafetera Personal - Oster es compacta y f\u00e1cil de usar. Prepara r\u00e1pidamente una taza de caf\u00e9 a tu gusto y a la temperatura perfecta.\" \/>\n<meta name=\"robots\" content=\"index, follow, max-snippet:-1, max-image-preview:large, max-video-preview:-1\" \/>\n<link rel=\"canonical\" href=\"https:\/\/wakan.ec\/index.php\/producto\/cafetera-personal-oster-single-serve\/\" \/>\n<meta property=\"og:locale\" content=\"es_ES\" \/>\n<meta property=\"og:type\" content=\"article\" \/>\n<meta property=\"og:title\" content=\"Cafetera Personal - Oster - Single Serve - Wakan.ec\" \/>\n<meta property=\"og:description\" content=\"La cafetera Cafetera Personal - Oster es compacta y f\u00e1cil de usar. Prepara r\u00e1pidamente una taza de caf\u00e9 a tu gusto y a la temperatura perfecta.\" \/>\n<meta property=\"og:url\" content=\"https:\/\/wakan.ec\/index.php\/producto\/cafetera-personal-oster-single-serve\/\" \/>\n<meta property=\"og:site_name\" content=\"Wakan.ec\" \/>\n<meta property=\"article:publisher\" content=\"https:\/\/www.facebook.com\/wakantienda\" \/>\n<meta property=\"article:modified_time\" content=\"2024-08-15T17:25:11+00:00\" \/>\n<meta property=\"og:image\" content=\"https:\/\/wakan.ec\/wp-content\/uploads\/2023\/07\/Cafetera-Oster-personal-1.png\" \/>\n\t<meta property=\"og:image:width\" content=\"1000\" \/>\n\t<meta property=\"og:image:height\" content=\"1000\" \/>\n\t<meta property=\"og:image:type\" content=\"image\/png\" \/>\n<meta name=\"twitter:card\" content=\"summary_large_image\" \/>\n<meta name=\"twitter:label1\" content=\"Tiempo de lectura\" \/>\n\t<meta name=\"twitter:data1\" content=\"2 minutos\" \/>\n<script type=\"application\/ld+json\" class=\"yoast-schema-graph\">{\"@context\":\"https:\\\/\\\/schema.org\",\"@graph\":[{\"@type\":\"WebPage\",\"@id\":\"https:\\\/\\\/wakan.ec\\\/index.php\\\/producto\\\/cafetera-personal-oster-single-serve\\\/\",\"url\":\"https:\\\/\\\/wakan.ec\\\/index.php\\\/producto\\\/cafetera-personal-oster-single-serve\\\/\",\"name\":\"Cafetera Personal - Oster - Single Serve - Wakan.ec\",\"isPartOf\":{\"@id\":\"https:\\\/\\\/wakan.ec\\\/#website\"},\"primaryImageOfPage\":{\"@id\":\"https:\\\/\\\/wakan.ec\\\/index.php\\\/producto\\\/cafetera-personal-oster-single-serve\\\/#primaryimage\"},\"image\":{\"@id\":\"https:\\\/\\\/wakan.ec\\\/index.php\\\/producto\\\/cafetera-personal-oster-single-serve\\\/#primaryimage\"},\"thumbnailUrl\":\"https:\\\/\\\/wakan.ec\\\/wp-content\\\/uploads\\\/2023\\\/07\\\/Cafetera-Oster-personal-1.png\",\"datePublished\":\"2023-07-26T17:03:12+00:00\",\"dateModified\":\"2024-08-15T17:25:11+00:00\",\"description\":\"La cafetera Cafetera Personal - Oster es compacta y f\u00e1cil de usar. Prepara r\u00e1pidamente una taza de caf\u00e9 a tu gusto y a la temperatura perfecta.\",\"breadcrumb\":{\"@id\":\"https:\\\/\\\/wakan.ec\\\/index.php\\\/producto\\\/cafetera-personal-oster-single-serve\\\/#breadcrumb\"},\"inLanguage\":\"es\",\"potentialAction\":[{\"@type\":\"ReadAction\",\"target\":[\"https:\\\/\\\/wakan.ec\\\/index.php\\\/producto\\\/cafetera-personal-oster-single-serve\\\/\"]}]},{\"@type\":\"ImageObject\",\"inLanguage\":\"es\",\"@id\":\"https:\\\/\\\/wakan.ec\\\/index.php\\\/producto\\\/cafetera-personal-oster-single-serve\\\/#primaryimage\",\"url\":\"https:\\\/\\\/wakan.ec\\\/wp-content\\\/uploads\\\/2023\\\/07\\\/Cafetera-Oster-personal-1.png\",\"contentUrl\":\"https:\\\/\\\/wakan.ec\\\/wp-content\\\/uploads\\\/2023\\\/07\\\/Cafetera-Oster-personal-1.png\",\"width\":1000,\"height\":1000,\"caption\":\"Cafetera Personal - Oster - Ecuador\"},{\"@type\":\"BreadcrumbList\",\"@id\":\"https:\\\/\\\/wakan.ec\\\/index.php\\\/producto\\\/cafetera-personal-oster-single-serve\\\/#breadcrumb\",\"itemListElement\":[{\"@type\":\"ListItem\",\"position\":1,\"name\":\"Portada\",\"item\":\"https:\\\/\\\/wakan.ec\\\/\"},{\"@type\":\"ListItem\",\"position\":2,\"name\":\"Cafetera Personal &#8211; Oster &#8211; Single Serve\"}]},{\"@type\":\"WebSite\",\"@id\":\"https:\\\/\\\/wakan.ec\\\/#website\",\"url\":\"https:\\\/\\\/wakan.ec\\\/\",\"name\":\"Wakan.ec\",\"description\":\"Tech - Fitness, entretenimiento y productividad.\",\"publisher\":{\"@id\":\"https:\\\/\\\/wakan.ec\\\/#organization\"},\"potentialAction\":[{\"@type\":\"SearchAction\",\"target\":{\"@type\":\"EntryPoint\",\"urlTemplate\":\"https:\\\/\\\/wakan.ec\\\/?s={search_term_string}\"},\"query-input\":{\"@type\":\"PropertyValueSpecification\",\"valueRequired\":true,\"valueName\":\"search_term_string\"}}],\"inLanguage\":\"es\"},{\"@type\":\"Organization\",\"@id\":\"https:\\\/\\\/wakan.ec\\\/#organization\",\"name\":\"Wak\u00e1n\",\"url\":\"https:\\\/\\\/wakan.ec\\\/\",\"logo\":{\"@type\":\"ImageObject\",\"inLanguage\":\"es\",\"@id\":\"https:\\\/\\\/wakan.ec\\\/#\\\/schema\\\/logo\\\/image\\\/\",\"url\":\"https:\\\/\\\/wakan.ec\\\/wp-content\\\/uploads\\\/2021\\\/12\\\/wakan-Logo.png\",\"contentUrl\":\"https:\\\/\\\/wakan.ec\\\/wp-content\\\/uploads\\\/2021\\\/12\\\/wakan-Logo.png\",\"width\":1080,\"height\":1080,\"caption\":\"Wak\u00e1n\"},\"image\":{\"@id\":\"https:\\\/\\\/wakan.ec\\\/#\\\/schema\\\/logo\\\/image\\\/\"},\"sameAs\":[\"https:\\\/\\\/www.facebook.com\\\/wakantienda\",\"https:\\\/\\\/www.instagram.com\\\/wakantienda\",\"https:\\\/\\\/www.youtube.com\\\/wakan\"]}]}<\/script>\n<!-- \/ Yoast SEO plugin. -->","yoast_head_json":{"title":"Cafetera Personal - Oster - Single Serve - Wakan.ec","description":"La cafetera Cafetera Personal - Oster es compacta y f\u00e1cil de usar. Prepara r\u00e1pidamente una taza de caf\u00e9 a tu gusto y a la temperatura perfecta.","robots":{"index":"index","follow":"follow","max-snippet":"max-snippet:-1","max-image-preview":"max-image-preview:large","max-video-preview":"max-video-preview:-1"},"canonical":"https:\/\/wakan.ec\/index.php\/producto\/cafetera-personal-oster-single-serve\/","og_locale":"es_ES","og_type":"article","og_title":"Cafetera Personal - Oster - Single Serve - Wakan.ec","og_description":"La cafetera Cafetera Personal - Oster es compacta y f\u00e1cil de usar. Prepara r\u00e1pidamente una taza de caf\u00e9 a tu gusto y a la temperatura perfecta.","og_url":"https:\/\/wakan.ec\/index.php\/producto\/cafetera-personal-oster-single-serve\/","og_site_name":"Wakan.ec","article_publisher":"https:\/\/www.facebook.com\/wakantienda","article_modified_time":"2024-08-15T17:25:11+00:00","og_image":[{"width":1000,"height":1000,"url":"https:\/\/wakan.ec\/wp-content\/uploads\/2023\/07\/Cafetera-Oster-personal-1.png","type":"image\/png"}],"twitter_card":"summary_large_image","twitter_misc":{"Tiempo de lectura":"2 minutos"},"schema":{"@context":"https:\/\/schema.org","@graph":[{"@type":"WebPage","@id":"https:\/\/wakan.ec\/index.php\/producto\/cafetera-personal-oster-single-serve\/","url":"https:\/\/wakan.ec\/index.php\/producto\/cafetera-personal-oster-single-serve\/","name":"Cafetera Personal - Oster - Single Serve - Wakan.ec","isPartOf":{"@id":"https:\/\/wakan.ec\/#website"},"primaryImageOfPage":{"@id":"https:\/\/wakan.ec\/index.php\/producto\/cafetera-personal-oster-single-serve\/#primaryimage"},"image":{"@id":"https:\/\/wakan.ec\/index.php\/producto\/cafetera-personal-oster-single-serve\/#primaryimage"},"thumbnailUrl":"https:\/\/wakan.ec\/wp-content\/uploads\/2023\/07\/Cafetera-Oster-personal-1.png","datePublished":"2023-07-26T17:03:12+00:00","dateModified":"2024-08-15T17:25:11+00:00","description":"La cafetera Cafetera Personal - Oster es compacta y f\u00e1cil de usar. Prepara r\u00e1pidamente una taza de caf\u00e9 a tu gusto y a la temperatura perfecta.","breadcrumb":{"@id":"https:\/\/wakan.ec\/index.php\/producto\/cafetera-personal-oster-single-serve\/#breadcrumb"},"inLanguage":"es","potentialAction":[{"@type":"ReadAction","target":["https:\/\/wakan.ec\/index.php\/producto\/cafetera-personal-oster-single-serve\/"]}]},{"@type":"ImageObject","inLanguage":"es","@id":"https:\/\/wakan.ec\/index.php\/producto\/cafetera-personal-oster-single-serve\/#primaryimage","url":"https:\/\/wakan.ec\/wp-content\/uploads\/2023\/07\/Cafetera-Oster-personal-1.png","contentUrl":"https:\/\/wakan.ec\/wp-content\/uploads\/2023\/07\/Cafetera-Oster-personal-1.png","width":1000,"height":1000,"caption":"Cafetera Personal - Oster - Ecuador"},{"@type":"BreadcrumbList","@id":"https:\/\/wakan.ec\/index.php\/producto\/cafetera-personal-oster-single-serve\/#breadcrumb","itemListElement":[{"@type":"ListItem","position":1,"name":"Portada","item":"https:\/\/wakan.ec\/"},{"@type":"ListItem","position":2,"name":"Cafetera Personal &#8211; Oster &#8211; Single Serve"}]},{"@type":"WebSite","@id":"https:\/\/wakan.ec\/#website","url":"https:\/\/wakan.ec\/","name":"Wakan.ec","description":"Tech - Fitness, entretenimiento y productividad.","publisher":{"@id":"https:\/\/wakan.ec\/#organization"},"potentialAction":[{"@type":"SearchAction","target":{"@type":"EntryPoint","urlTemplate":"https:\/\/wakan.ec\/?s={search_term_string}"},"query-input":{"@type":"PropertyValueSpecification","valueRequired":true,"valueName":"search_term_string"}}],"inLanguage":"es"},{"@type":"Organization","@id":"https:\/\/wakan.ec\/#organization","name":"Wak\u00e1n","url":"https:\/\/wakan.ec\/","logo":{"@type":"ImageObject","inLanguage":"es","@id":"https:\/\/wakan.ec\/#\/schema\/logo\/image\/","url":"https:\/\/wakan.ec\/wp-content\/uploads\/2021\/12\/wakan-Logo.png","contentUrl":"https:\/\/wakan.ec\/wp-content\/uploads\/2021\/12\/wakan-Logo.png","width":1080,"height":1080,"caption":"Wak\u00e1n"},"image":{"@id":"https:\/\/wakan.ec\/#\/schema\/logo\/image\/"},"sameAs":["https:\/\/www.facebook.com\/wakantienda","https:\/\/www.instagram.com\/wakantienda","https:\/\/www.youtube.com\/wakan"]}]}},"_links":{"self":[{"href":"https:\/\/wakan.ec\/index.php\/wp-json\/wp\/v2\/product\/1237","targetHints":{"allow":["GET"]}}],"collection":[{"href":"https:\/\/wakan.ec\/index.php\/wp-json\/wp\/v2\/product"}],"about":[{"href":"https:\/\/wakan.ec\/index.php\/wp-json\/wp\/v2\/types\/product"}],"replies":[{"embeddable":true,"href":"https:\/\/wakan.ec\/index.php\/wp-json\/wp\/v2\/comments?post=1237"}],"wp:featuredmedia":[{"embeddable":true,"href":"https:\/\/wakan.ec\/index.php\/wp-json\/wp\/v2\/media\/1239"}],"wp:attachment":[{"href":"https:\/\/wakan.ec\/index.php\/wp-json\/wp\/v2\/media?parent=1237"}],"wp:term":[{"taxonomy":"product_brand","embeddable":true,"href":"https:\/\/wakan.ec\/index.php\/wp-json\/wp\/v2\/product_brand?post=1237"},{"taxonomy":"product_cat","embeddable":true,"href":"https:\/\/wakan.ec\/index.php\/wp-json\/wp\/v2\/product_cat?post=1237"},{"taxonomy":"product_tag","embeddable":true,"href":"https:\/\/wakan.ec\/index.php\/wp-json\/wp\/v2\/product_tag?post=1237"}],"curies":[{"name":"wp","href":"https:\/\/api.w.org\/{rel}","templated":true}]}}