{"id":1162,"date":"2023-06-14T21:22:47","date_gmt":"2023-06-14T21:22:47","guid":{"rendered":"https:\/\/wakan.ec\/?post_type=product&#038;p=1162"},"modified":"2024-08-15T12:09:35","modified_gmt":"2024-08-15T17:09:35","slug":"huawei-watch-gt3-se-verde-paramo","status":"publish","type":"product","link":"https:\/\/wakan.ec\/index.php\/producto\/huawei-watch-gt3-se-verde-paramo\/","title":{"rendered":"Huawei Watch GT3 SE &#8211; Verde P\u00e1ramo"},"content":{"rendered":"<p>Disfruta al m\u00e1ximo tus actividades al aire libre gracias a que el Huawei Watch GT3 SE. Mejora tu rendimiento, salud y vitalidad con el monitoreo anti-interferencias apoyado por GPS.<\/p>\n<article>\n<h3>Estilo ligero y c\u00f3modo<\/h3>\n<p>La pantalla AMOLED te brinda una vista ideal, se asienta sobre un cuerpo de 35 gramos con correas suaves al tacto que te ofrecen un ajuste c\u00f3modo sin ning\u00fan esfuerzo.<\/p>\n<article>Elige entre miles de dise\u00f1os impresionantes en Temas o crea nuevos looks deslumbrantes, gracias a las esferas de reloj cl\u00e1sicas, deportivas y futuristas, en la pantalla de personalizable.<\/article>\n<\/article>\n<article><\/article>\n<article>\n<h3><\/h3>\n<h3>Cuida tu bienestar<\/h3>\n<article>M\u00e1s de 100 modos de entrenamiento, en interior y al aire libre, puedes correr, caminar, ir en bicicleta, saltar la cuera, nadar, \u00a1lo que m\u00e1s quieras! Huawei Watch GT 3 SE controla la frecuencia card\u00edaca con la mayor precisi\u00f3n.<\/article>\n<article><\/article>\n<article><\/article>\n<article><\/article>\n<\/article>\n<article><\/article>\n<article>\n<article><\/article>\n<article>Identifica el sue\u00f1o profundo, ligero y REM, as\u00ed como las siestas y los tiempos de despertarte y brinda consejos para dormir mejor. Monitorea los niveles de SpO2, niveles de estr\u00e9s,\u00a0 y m\u00e1s, para darte tranquilidad durante todo el d\u00eda.\u00a0<\/article>\n<article><\/article>\n<article><\/article>\n<article><\/article>\n<article><\/article>\n<\/article>\n<article>\n<article><\/article>\n<article>Establece metas diarias de estilo de vida y recordatorios, para hacer actividad f\u00edsica, hidratarte,\u00a0 revisar tu presi\u00f3n y m\u00e1s. Compl\u00e9talos para un poco de motivaci\u00f3n adicional.<\/article>\n<article><\/article>\n<article><\/article>\n<\/article>\n<article>\n<article>\n<h3>Todas tus apps en tu mu\u00f1eca<\/h3>\n<\/article>\n<article>\n<article><\/article>\n<article>Conecta el reloj a tu m\u00f3vil por Bluetooth para responder o rechazar llamadas y mensajes, comparte tu ubicaci\u00f3n, incluso programar una llamada de emergencia autom\u00e1tica. AppGallery te da acceso a una amplia gama de apps para tu reloj.<\/article>\n<article><\/article>\n<article><\/article>\n<\/article>\n<\/article>\n<article><\/article>\n<article>\n<article>\n<article>La carga r\u00e1pida ofrece 14 d\u00edas de duraci\u00f3n de la bater\u00eda para el uso t\u00edpico y 7 d\u00edas de duraci\u00f3n de la bater\u00eda para un uso intensivo.<\/article>\n<article><\/article>\n<article><\/article>\n<article><\/article>\n<article><\/article>\n<\/article>\n<article>\n<article><\/article>\n<\/article>\n<\/article>\n<article>\n<article>\n<article>\n<article>\n<article><\/article>\n<article><\/article>\n<article>El reloj sincroniza las listas de reproducci\u00f3n de tu m\u00f3vil y reproduce tus canciones favoritas durante los entrenamientos, d\u00e1ndote una descarga de energ\u00eda cuando m\u00e1s lo necesitas. Escucha desde el altavoz integrado o con tus <a href=\"https:\/\/wakan.ec\/index.php\/product-category\/auriculares-inalambricos\/\">auriculares inal\u00e1mbricos<\/a>.<\/article>\n<article><\/article>\n<article>\n<article><\/article>\n<article><\/article>\n<h3>Lo mejor del Huawei Watch GT3 SE<\/h3>\n<\/article>\n<\/article>\n<\/article>\n<\/article>\n<\/article>\n<table>\n<tbody>\n<tr>\n<td>Pantalla<\/td>\n<td>AMOLED de 46.4\u00a0 mil\u00edmetros, resoluci\u00f3n de 466 \u00d7 466 p\u00edxele<\/td>\n<\/tr>\n<tr>\n<td>Resistente al agua<\/td>\n<td>Hasta 50 metros de profundidad<\/td>\n<\/tr>\n<tr>\n<td>Compatibilidad<\/td>\n<td>Android, iOS, Harmony<\/td>\n<\/tr>\n<tr>\n<td>Conectividad<\/td>\n<td>Bluetooth, GPS<\/td>\n<\/tr>\n<tr>\n<td>Micr\u00f3fono y Altavoz<\/td>\n<td>Integrados<\/td>\n<\/tr>\n<tr>\n<td>Llamadas<\/td>\n<td>Bluetooth<\/td>\n<\/tr>\n<tr>\n<td>Memoria interna<\/td>\n<td>4 GB<\/td>\n<\/tr>\n<\/tbody>\n<\/table>\n<p><a href=\"https:\/\/consumer.huawei.com\/es\/wearables\/watch-gt3-se\/\">P\u00e1gina oficial de Huawei<\/a><\/p>\n<h5>Garant\u00eda del fabricante por 12 meses<\/h5>\n","protected":false},"excerpt":{"rendered":"<div class=\"a-row a-spacing-mini\" data-hook=\"genome-widget\">\n<div class=\"a-profile\" data-a-size=\"small\">\n<div class=\"a-profile-content\"><span class=\"a-profile-name\"><em>&#8216;Excelente producto, cumple con todo lo que la empresa dice y la duraci\u00f3n de la bater\u00eda es genial.&#8217;<\/em><\/span><\/div>\n<\/div>\n<\/div>\n<div class=\"a-row a-spacing-none\"><\/div>\n<h3>Mejora tu rendimiento:<\/h3>\n<ul>\n<li>Dise\u00f1o elegante y con estilo.<\/li>\n<li>M\u00e1s de 100 modos de entrenamiento.<\/li>\n<li>Monitoreo de sue\u00f1o y estr\u00e9s.<\/li>\n<li>Contesta llamadas y mensajes.<\/li>\n<li>Hasta 2 semanas de bater\u00eda.<\/li>\n<\/ul>\n<p><a href=\"https:\/\/wakan.ec\/index.php\/producto\/huawei-watch-gt4-verde-gmt\/\">Versi\u00f3n m\u00e1s actual: Huawei Watch GT4 &#8211; Verde &#8211; GMT<\/a><\/p>\n","protected":false},"featured_media":1167,"comment_status":"open","ping_status":"closed","template":"","meta":{"site-sidebar-layout":"default","site-content-layout":"default","ast-site-content-layout":"default","site-content-style":"default","site-sidebar-style":"default","ast-global-header-display":"","ast-banner-title-visibility":"","ast-main-header-display":"","ast-hfb-above-header-display":"","ast-hfb-below-header-display":"","ast-hfb-mobile-header-display":"","site-post-title":"","ast-breadcrumbs-content":"","ast-featured-img":"","footer-sml-layout":"","ast-disable-related-posts":"","theme-transparent-header-meta":"default","adv-header-id-meta":"","stick-header-meta":"","header-above-stick-meta":"","header-main-stick-meta":"","header-below-stick-meta":"","astra-migrate-meta-layouts":"set","ast-page-background-enabled":"default","ast-page-background-meta":{"desktop":{"background-color":"","background-image":"","background-repeat":"repeat","background-position":"center center","background-size":"auto","background-attachment":"scroll","background-type":"","background-media":"","overlay-type":"","overlay-color":"","overlay-opacity":"","overlay-gradient":""},"tablet":{"background-color":"","background-image":"","background-repeat":"repeat","background-position":"center center","background-size":"auto","background-attachment":"scroll","background-type":"","background-media":"","overlay-type":"","overlay-color":"","overlay-opacity":"","overlay-gradient":""},"mobile":{"background-color":"","background-image":"","background-repeat":"repeat","background-position":"center center","background-size":"auto","background-attachment":"scroll","background-type":"","background-media":"","overlay-type":"","overlay-color":"","overlay-opacity":"","overlay-gradient":""}},"ast-content-background-meta":{"desktop":{"background-color":"var(--ast-global-color-5)","background-image":"","background-repeat":"repeat","background-position":"center center","background-size":"auto","background-attachment":"scroll","background-type":"","background-media":"","overlay-type":"","overlay-color":"","overlay-opacity":"","overlay-gradient":""},"tablet":{"background-color":"var(--ast-global-color-5)","background-image":"","background-repeat":"repeat","background-position":"center center","background-size":"auto","background-attachment":"scroll","background-type":"","background-media":"","overlay-type":"","overlay-color":"","overlay-opacity":"","overlay-gradient":""},"mobile":{"background-color":"var(--ast-global-color-5)","background-image":"","background-repeat":"repeat","background-position":"center center","background-size":"auto","background-attachment":"scroll","background-type":"","background-media":"","overlay-type":"","overlay-color":"","overlay-opacity":"","overlay-gradient":""}}},"product_brand":[],"product_cat":[54],"product_tag":[],"class_list":{"0":"post-1162","1":"product","2":"type-product","3":"status-publish","4":"has-post-thumbnail","6":"product_cat-smartwatch","7":"desktop-align-left","8":"tablet-align-left","9":"mobile-align-left","11":"first","12":"outofstock","13":"sale","14":"purchasable","15":"product-type-simple"},"yoast_head":"<!-- This site is optimized with the Yoast SEO plugin v27.3 - https:\/\/yoast.com\/product\/yoast-seo-wordpress\/ -->\n<title>Huawei Watch GT3 SE - Verde P\u00e1ramo - Wakan.ec<\/title>\n<meta name=\"description\" content=\"EL Huawei Watch GT3 SE - Verde P\u00e1ramo te ofrece un dise\u00f1o c\u00f3modo y elegante con funciones precisas de salud y actividad f\u00edsica.\" \/>\n<meta name=\"robots\" content=\"index, follow, max-snippet:-1, max-image-preview:large, max-video-preview:-1\" \/>\n<link rel=\"canonical\" href=\"https:\/\/wakan.ec\/index.php\/producto\/huawei-watch-gt3-se-verde-paramo\/\" \/>\n<meta property=\"og:locale\" content=\"es_ES\" \/>\n<meta property=\"og:type\" content=\"article\" \/>\n<meta property=\"og:title\" content=\"Huawei Watch GT3 SE - Verde P\u00e1ramo - Wakan.ec\" \/>\n<meta property=\"og:description\" content=\"EL Huawei Watch GT3 SE - Verde P\u00e1ramo te ofrece un dise\u00f1o c\u00f3modo y elegante con funciones precisas de salud y actividad f\u00edsica.\" \/>\n<meta property=\"og:url\" content=\"https:\/\/wakan.ec\/index.php\/producto\/huawei-watch-gt3-se-verde-paramo\/\" \/>\n<meta property=\"og:site_name\" content=\"Wakan.ec\" \/>\n<meta property=\"article:publisher\" content=\"https:\/\/www.facebook.com\/wakantienda\" \/>\n<meta property=\"article:modified_time\" content=\"2024-08-15T17:09:35+00:00\" \/>\n<meta property=\"og:image\" content=\"https:\/\/wakan.ec\/wp-content\/uploads\/2023\/06\/GT3-SE-verde.png\" \/>\n\t<meta property=\"og:image:width\" content=\"1000\" \/>\n\t<meta property=\"og:image:height\" content=\"1000\" \/>\n\t<meta property=\"og:image:type\" content=\"image\/png\" \/>\n<meta name=\"twitter:card\" content=\"summary_large_image\" \/>\n<meta name=\"twitter:label1\" content=\"Tiempo de lectura\" \/>\n\t<meta name=\"twitter:data1\" content=\"2 minutos\" \/>\n<script type=\"application\/ld+json\" class=\"yoast-schema-graph\">{\"@context\":\"https:\\\/\\\/schema.org\",\"@graph\":[{\"@type\":\"WebPage\",\"@id\":\"https:\\\/\\\/wakan.ec\\\/index.php\\\/producto\\\/huawei-watch-gt3-se-verde-paramo\\\/\",\"url\":\"https:\\\/\\\/wakan.ec\\\/index.php\\\/producto\\\/huawei-watch-gt3-se-verde-paramo\\\/\",\"name\":\"Huawei Watch GT3 SE - Verde P\u00e1ramo - Wakan.ec\",\"isPartOf\":{\"@id\":\"https:\\\/\\\/wakan.ec\\\/#website\"},\"primaryImageOfPage\":{\"@id\":\"https:\\\/\\\/wakan.ec\\\/index.php\\\/producto\\\/huawei-watch-gt3-se-verde-paramo\\\/#primaryimage\"},\"image\":{\"@id\":\"https:\\\/\\\/wakan.ec\\\/index.php\\\/producto\\\/huawei-watch-gt3-se-verde-paramo\\\/#primaryimage\"},\"thumbnailUrl\":\"https:\\\/\\\/wakan.ec\\\/wp-content\\\/uploads\\\/2023\\\/06\\\/GT3-SE-verde.png\",\"datePublished\":\"2023-06-14T21:22:47+00:00\",\"dateModified\":\"2024-08-15T17:09:35+00:00\",\"description\":\"EL Huawei Watch GT3 SE - Verde P\u00e1ramo te ofrece un dise\u00f1o c\u00f3modo y elegante con funciones precisas de salud y actividad f\u00edsica.\",\"breadcrumb\":{\"@id\":\"https:\\\/\\\/wakan.ec\\\/index.php\\\/producto\\\/huawei-watch-gt3-se-verde-paramo\\\/#breadcrumb\"},\"inLanguage\":\"es\",\"potentialAction\":[{\"@type\":\"ReadAction\",\"target\":[\"https:\\\/\\\/wakan.ec\\\/index.php\\\/producto\\\/huawei-watch-gt3-se-verde-paramo\\\/\"]}]},{\"@type\":\"ImageObject\",\"inLanguage\":\"es\",\"@id\":\"https:\\\/\\\/wakan.ec\\\/index.php\\\/producto\\\/huawei-watch-gt3-se-verde-paramo\\\/#primaryimage\",\"url\":\"https:\\\/\\\/wakan.ec\\\/wp-content\\\/uploads\\\/2023\\\/06\\\/GT3-SE-verde.png\",\"contentUrl\":\"https:\\\/\\\/wakan.ec\\\/wp-content\\\/uploads\\\/2023\\\/06\\\/GT3-SE-verde.png\",\"width\":1000,\"height\":1000,\"caption\":\"Huawei watch GT3 SE - Verde\"},{\"@type\":\"BreadcrumbList\",\"@id\":\"https:\\\/\\\/wakan.ec\\\/index.php\\\/producto\\\/huawei-watch-gt3-se-verde-paramo\\\/#breadcrumb\",\"itemListElement\":[{\"@type\":\"ListItem\",\"position\":1,\"name\":\"Portada\",\"item\":\"https:\\\/\\\/wakan.ec\\\/\"},{\"@type\":\"ListItem\",\"position\":2,\"name\":\"Wakan.ec\",\"item\":\"https:\\\/\\\/wakan.ec\\\/\"},{\"@type\":\"ListItem\",\"position\":3,\"name\":\"Huawei Watch GT3 SE &#8211; Verde P\u00e1ramo\"}]},{\"@type\":\"WebSite\",\"@id\":\"https:\\\/\\\/wakan.ec\\\/#website\",\"url\":\"https:\\\/\\\/wakan.ec\\\/\",\"name\":\"Wakan.ec\",\"description\":\"Tech - Fitness, entretenimiento y productividad.\",\"publisher\":{\"@id\":\"https:\\\/\\\/wakan.ec\\\/#organization\"},\"potentialAction\":[{\"@type\":\"SearchAction\",\"target\":{\"@type\":\"EntryPoint\",\"urlTemplate\":\"https:\\\/\\\/wakan.ec\\\/?s={search_term_string}\"},\"query-input\":{\"@type\":\"PropertyValueSpecification\",\"valueRequired\":true,\"valueName\":\"search_term_string\"}}],\"inLanguage\":\"es\"},{\"@type\":\"Organization\",\"@id\":\"https:\\\/\\\/wakan.ec\\\/#organization\",\"name\":\"Wak\u00e1n\",\"url\":\"https:\\\/\\\/wakan.ec\\\/\",\"logo\":{\"@type\":\"ImageObject\",\"inLanguage\":\"es\",\"@id\":\"https:\\\/\\\/wakan.ec\\\/#\\\/schema\\\/logo\\\/image\\\/\",\"url\":\"https:\\\/\\\/wakan.ec\\\/wp-content\\\/uploads\\\/2021\\\/12\\\/wakan-Logo.png\",\"contentUrl\":\"https:\\\/\\\/wakan.ec\\\/wp-content\\\/uploads\\\/2021\\\/12\\\/wakan-Logo.png\",\"width\":1080,\"height\":1080,\"caption\":\"Wak\u00e1n\"},\"image\":{\"@id\":\"https:\\\/\\\/wakan.ec\\\/#\\\/schema\\\/logo\\\/image\\\/\"},\"sameAs\":[\"https:\\\/\\\/www.facebook.com\\\/wakantienda\",\"https:\\\/\\\/www.instagram.com\\\/wakantienda\",\"https:\\\/\\\/www.youtube.com\\\/wakan\"]}]}<\/script>\n<!-- \/ Yoast SEO plugin. -->","yoast_head_json":{"title":"Huawei Watch GT3 SE - Verde P\u00e1ramo - Wakan.ec","description":"EL Huawei Watch GT3 SE - Verde P\u00e1ramo te ofrece un dise\u00f1o c\u00f3modo y elegante con funciones precisas de salud y actividad f\u00edsica.","robots":{"index":"index","follow":"follow","max-snippet":"max-snippet:-1","max-image-preview":"max-image-preview:large","max-video-preview":"max-video-preview:-1"},"canonical":"https:\/\/wakan.ec\/index.php\/producto\/huawei-watch-gt3-se-verde-paramo\/","og_locale":"es_ES","og_type":"article","og_title":"Huawei Watch GT3 SE - Verde P\u00e1ramo - Wakan.ec","og_description":"EL Huawei Watch GT3 SE - Verde P\u00e1ramo te ofrece un dise\u00f1o c\u00f3modo y elegante con funciones precisas de salud y actividad f\u00edsica.","og_url":"https:\/\/wakan.ec\/index.php\/producto\/huawei-watch-gt3-se-verde-paramo\/","og_site_name":"Wakan.ec","article_publisher":"https:\/\/www.facebook.com\/wakantienda","article_modified_time":"2024-08-15T17:09:35+00:00","og_image":[{"width":1000,"height":1000,"url":"https:\/\/wakan.ec\/wp-content\/uploads\/2023\/06\/GT3-SE-verde.png","type":"image\/png"}],"twitter_card":"summary_large_image","twitter_misc":{"Tiempo de lectura":"2 minutos"},"schema":{"@context":"https:\/\/schema.org","@graph":[{"@type":"WebPage","@id":"https:\/\/wakan.ec\/index.php\/producto\/huawei-watch-gt3-se-verde-paramo\/","url":"https:\/\/wakan.ec\/index.php\/producto\/huawei-watch-gt3-se-verde-paramo\/","name":"Huawei Watch GT3 SE - Verde P\u00e1ramo - Wakan.ec","isPartOf":{"@id":"https:\/\/wakan.ec\/#website"},"primaryImageOfPage":{"@id":"https:\/\/wakan.ec\/index.php\/producto\/huawei-watch-gt3-se-verde-paramo\/#primaryimage"},"image":{"@id":"https:\/\/wakan.ec\/index.php\/producto\/huawei-watch-gt3-se-verde-paramo\/#primaryimage"},"thumbnailUrl":"https:\/\/wakan.ec\/wp-content\/uploads\/2023\/06\/GT3-SE-verde.png","datePublished":"2023-06-14T21:22:47+00:00","dateModified":"2024-08-15T17:09:35+00:00","description":"EL Huawei Watch GT3 SE - Verde P\u00e1ramo te ofrece un dise\u00f1o c\u00f3modo y elegante con funciones precisas de salud y actividad f\u00edsica.","breadcrumb":{"@id":"https:\/\/wakan.ec\/index.php\/producto\/huawei-watch-gt3-se-verde-paramo\/#breadcrumb"},"inLanguage":"es","potentialAction":[{"@type":"ReadAction","target":["https:\/\/wakan.ec\/index.php\/producto\/huawei-watch-gt3-se-verde-paramo\/"]}]},{"@type":"ImageObject","inLanguage":"es","@id":"https:\/\/wakan.ec\/index.php\/producto\/huawei-watch-gt3-se-verde-paramo\/#primaryimage","url":"https:\/\/wakan.ec\/wp-content\/uploads\/2023\/06\/GT3-SE-verde.png","contentUrl":"https:\/\/wakan.ec\/wp-content\/uploads\/2023\/06\/GT3-SE-verde.png","width":1000,"height":1000,"caption":"Huawei watch GT3 SE - Verde"},{"@type":"BreadcrumbList","@id":"https:\/\/wakan.ec\/index.php\/producto\/huawei-watch-gt3-se-verde-paramo\/#breadcrumb","itemListElement":[{"@type":"ListItem","position":1,"name":"Portada","item":"https:\/\/wakan.ec\/"},{"@type":"ListItem","position":2,"name":"Wakan.ec","item":"https:\/\/wakan.ec\/"},{"@type":"ListItem","position":3,"name":"Huawei Watch GT3 SE &#8211; Verde P\u00e1ramo"}]},{"@type":"WebSite","@id":"https:\/\/wakan.ec\/#website","url":"https:\/\/wakan.ec\/","name":"Wakan.ec","description":"Tech - Fitness, entretenimiento y productividad.","publisher":{"@id":"https:\/\/wakan.ec\/#organization"},"potentialAction":[{"@type":"SearchAction","target":{"@type":"EntryPoint","urlTemplate":"https:\/\/wakan.ec\/?s={search_term_string}"},"query-input":{"@type":"PropertyValueSpecification","valueRequired":true,"valueName":"search_term_string"}}],"inLanguage":"es"},{"@type":"Organization","@id":"https:\/\/wakan.ec\/#organization","name":"Wak\u00e1n","url":"https:\/\/wakan.ec\/","logo":{"@type":"ImageObject","inLanguage":"es","@id":"https:\/\/wakan.ec\/#\/schema\/logo\/image\/","url":"https:\/\/wakan.ec\/wp-content\/uploads\/2021\/12\/wakan-Logo.png","contentUrl":"https:\/\/wakan.ec\/wp-content\/uploads\/2021\/12\/wakan-Logo.png","width":1080,"height":1080,"caption":"Wak\u00e1n"},"image":{"@id":"https:\/\/wakan.ec\/#\/schema\/logo\/image\/"},"sameAs":["https:\/\/www.facebook.com\/wakantienda","https:\/\/www.instagram.com\/wakantienda","https:\/\/www.youtube.com\/wakan"]}]}},"_links":{"self":[{"href":"https:\/\/wakan.ec\/index.php\/wp-json\/wp\/v2\/product\/1162","targetHints":{"allow":["GET"]}}],"collection":[{"href":"https:\/\/wakan.ec\/index.php\/wp-json\/wp\/v2\/product"}],"about":[{"href":"https:\/\/wakan.ec\/index.php\/wp-json\/wp\/v2\/types\/product"}],"replies":[{"embeddable":true,"href":"https:\/\/wakan.ec\/index.php\/wp-json\/wp\/v2\/comments?post=1162"}],"wp:featuredmedia":[{"embeddable":true,"href":"https:\/\/wakan.ec\/index.php\/wp-json\/wp\/v2\/media\/1167"}],"wp:attachment":[{"href":"https:\/\/wakan.ec\/index.php\/wp-json\/wp\/v2\/media?parent=1162"}],"wp:term":[{"taxonomy":"product_brand","embeddable":true,"href":"https:\/\/wakan.ec\/index.php\/wp-json\/wp\/v2\/product_brand?post=1162"},{"taxonomy":"product_cat","embeddable":true,"href":"https:\/\/wakan.ec\/index.php\/wp-json\/wp\/v2\/product_cat?post=1162"},{"taxonomy":"product_tag","embeddable":true,"href":"https:\/\/wakan.ec\/index.php\/wp-json\/wp\/v2\/product_tag?post=1162"}],"curies":[{"name":"wp","href":"https:\/\/api.w.org\/{rel}","templated":true}]}}