{"id":1155,"date":"2023-06-06T20:27:58","date_gmt":"2023-06-06T20:27:58","guid":{"rendered":"https:\/\/wakan.ec\/?post_type=product&#038;p=1155"},"modified":"2024-11-17T07:09:33","modified_gmt":"2024-11-17T12:09:33","slug":"huawei-watch-fit-2-active-negro-medianoche","status":"publish","type":"product","link":"https:\/\/wakan.ec\/index.php\/producto\/huawei-watch-fit-2-active-negro-medianoche\/","title":{"rendered":"Huawei Watch Fit 2 &#8211; Active &#8211; Negro Medianoche"},"content":{"rendered":"<p>El Huawei Watch Fit 2 &#8211; Active &#8211; Negro Medianoche con <em>llamadas Bluetooth y pantalla FullView<\/em> de 44 mil\u00edmetros. Es el compa\u00f1ero ideal para gesti\u00f3n de vida saludable.<\/p>\n<p>&nbsp;<\/p>\n<h3>Experiencia visual impresionante<\/h3>\n<p>Desde los entrenamientos hasta las llamadas entrantes, todo est\u00e1 <em>presentado de una manera fresca y natural<\/em> en su pantalla AMOLED que te da exactamente lo que necesitas con solo levantar la mu\u00f1eca.<\/p>\n<p>Las car\u00e1tulas \u00e1giles est\u00e1n dise\u00f1adas para resaltar la informaci\u00f3n m\u00e1s importante para ti. Las correas est\u00e1n hechas con materiales suaves y agradables al tacto, lo que garantiza un ajuste confortable.<\/p>\n<p>&nbsp;<\/p>\n<h3>Tu aut\u00e9ntico centro de comunicaciones<\/h3>\n<p>M\u00e1s que un reloj, con soporte para<em> llamadas Bluetooth, respuestas r\u00e1pidas a mensajes y contactos<\/em> importados. Vayas donde vayas, puedes estar tranquilo sabiendo que tus llamadas llegar\u00e1n a tu mu\u00f1eca.<\/p>\n<p><em>Accede a los servicios<\/em> deslizando hacia la derecha para ver la pantalla del Asistente Virtual Today, que muestra el tiempo, la reproducci\u00f3n de m\u00fasica y m\u00e1s.<\/p>\n<p>&nbsp;<\/p>\n<h3>Funciones inteligentes para tu salud<\/h3>\n<p>Las funciones funciones inteligentes de alto nivel te permiten gestionar tu salud, el seguimiento de la <em>SpO2, la frecuencia cardiaca, el sue\u00f1o, el estr\u00e9s y m\u00e1s<\/em>.<\/p>\n<p>Con\u00a0 <em>m\u00e1s de 90 modos de entrenamiento<\/em> y recordatorios para hacer actividad. Es el mejor amigo de un corredor, adem\u00e1s, brinda Asistente para calentamiento, datos de carrera en tiempo real y estiramientos.<\/p>\n<p>&nbsp;<\/p>\n<h3>Huawei Watch Fit 2 &#8211; Active &#8211; Negro Medianoche<\/h3>\n<table>\n<tbody>\n<tr>\n<td>Pantalla<\/td>\n<td>AMOLED de 44 mil\u00edmetros<\/td>\n<\/tr>\n<tr>\n<td>Llamadas<\/td>\n<td>Bluetooth<\/td>\n<\/tr>\n<tr>\n<td>Asistente Virtual<\/td>\n<td>Today<\/td>\n<\/tr>\n<tr>\n<td>Compatibilidad<\/td>\n<td>Android, iOS y Harmony<\/td>\n<\/tr>\n<tr>\n<td>Bater\u00eda<\/td>\n<td>Hasta 10 d\u00edas<\/td>\n<\/tr>\n<tr>\n<td>Micr\u00f3fono y Parlante<\/td>\n<td>Integrados<\/td>\n<\/tr>\n<\/tbody>\n<\/table>\n<h4><\/h4>\n<h4>Incluido en la caja:<\/h4>\n<ul>\n<li>Huawei Watch Fit 2 &#8211; Active &#8211; Negro Medianoche <em>x 1<\/em><\/li>\n<li>Base de carga (incluye el cable de carga) <em>x 1<\/em><\/li>\n<li>Gu\u00eda de inicio r\u00e1pido, informaci\u00f3n de seguridad y tarjeta de garant\u00eda <em>x 1<\/em><\/li>\n<\/ul>\n<p><a href=\"https:\/\/consumer.huawei.com\/latin\/wearables\/watch-fit2\/specs\/\">P\u00e1gina oficial del fabricante<\/a><\/p>\n<h4>Garant\u00eda de f\u00e1brica de 12 meses<\/h4>\n","protected":false},"excerpt":{"rendered":"<p><em>\u00abEl seguimiento de la frecuencia card\u00edaca es preciso y puedo usarlo mientras nado o bajo la lluvia. Definitivamente lo recomiendo a los entusiastas del fitness\u00bb. &#8211; Carlos.<\/em><\/p>\n<h3>El compa\u00f1ero ideal de vida saludable.<\/h3>\n<ul>\n<li>Pantalla FullView de 44 mil\u00edmetros.<\/li>\n<li>M\u00e1s de 90 modos de entrenamiento.<\/li>\n<li>Parlante y micr\u00f3fono integrados.<\/li>\n<li>Llamadas Bluetooth.<\/li>\n<\/ul>\n<h4>Compra en l\u00ednea sin hacer filas.<\/h4>\n","protected":false},"featured_media":1156,"comment_status":"open","ping_status":"closed","template":"","meta":{"site-sidebar-layout":"default","site-content-layout":"default","ast-site-content-layout":"default","site-content-style":"default","site-sidebar-style":"default","ast-global-header-display":"","ast-banner-title-visibility":"","ast-main-header-display":"","ast-hfb-above-header-display":"","ast-hfb-below-header-display":"","ast-hfb-mobile-header-display":"","site-post-title":"","ast-breadcrumbs-content":"","ast-featured-img":"","footer-sml-layout":"","ast-disable-related-posts":"","theme-transparent-header-meta":"default","adv-header-id-meta":"","stick-header-meta":"","header-above-stick-meta":"","header-main-stick-meta":"","header-below-stick-meta":"","astra-migrate-meta-layouts":"default","ast-page-background-enabled":"default","ast-page-background-meta":{"desktop":{"background-color":"","background-image":"","background-repeat":"repeat","background-position":"center center","background-size":"auto","background-attachment":"scroll","background-type":"","background-media":"","overlay-type":"","overlay-color":"","overlay-opacity":"","overlay-gradient":""},"tablet":{"background-color":"","background-image":"","background-repeat":"repeat","background-position":"center center","background-size":"auto","background-attachment":"scroll","background-type":"","background-media":"","overlay-type":"","overlay-color":"","overlay-opacity":"","overlay-gradient":""},"mobile":{"background-color":"","background-image":"","background-repeat":"repeat","background-position":"center center","background-size":"auto","background-attachment":"scroll","background-type":"","background-media":"","overlay-type":"","overlay-color":"","overlay-opacity":"","overlay-gradient":""}},"ast-content-background-meta":{"desktop":{"background-color":"var(--ast-global-color-5)","background-image":"","background-repeat":"repeat","background-position":"center center","background-size":"auto","background-attachment":"scroll","background-type":"","background-media":"","overlay-type":"","overlay-color":"","overlay-opacity":"","overlay-gradient":""},"tablet":{"background-color":"var(--ast-global-color-5)","background-image":"","background-repeat":"repeat","background-position":"center center","background-size":"auto","background-attachment":"scroll","background-type":"","background-media":"","overlay-type":"","overlay-color":"","overlay-opacity":"","overlay-gradient":""},"mobile":{"background-color":"var(--ast-global-color-5)","background-image":"","background-repeat":"repeat","background-position":"center center","background-size":"auto","background-attachment":"scroll","background-type":"","background-media":"","overlay-type":"","overlay-color":"","overlay-opacity":"","overlay-gradient":""}}},"product_brand":[],"product_cat":[54],"product_tag":[],"class_list":{"0":"post-1155","1":"product","2":"type-product","3":"status-publish","4":"has-post-thumbnail","6":"product_cat-smartwatch","7":"desktop-align-left","8":"tablet-align-left","9":"mobile-align-left","11":"first","12":"outofstock","13":"purchasable","14":"product-type-simple"},"yoast_head":"<!-- This site is optimized with the Yoast SEO plugin v27.3 - https:\/\/yoast.com\/product\/yoast-seo-wordpress\/ -->\n<title>Huawei Watch Fit 2 - Active - Negro Medianoche - Wakan.ec<\/title>\n<meta name=\"description\" content=\"Huawei Watch Fit 2 - Active - Negro Medianoche con llamadas Bluetooth y m\u00fasica. Es el compa\u00f1ero ideal para gesti\u00f3n de vida saludable.\u00a0\" \/>\n<meta name=\"robots\" content=\"index, follow, max-snippet:-1, max-image-preview:large, max-video-preview:-1\" \/>\n<link rel=\"canonical\" href=\"https:\/\/wakan.ec\/index.php\/producto\/huawei-watch-fit-2-active-negro-medianoche\/\" \/>\n<meta property=\"og:locale\" content=\"es_ES\" \/>\n<meta property=\"og:type\" content=\"article\" \/>\n<meta property=\"og:title\" content=\"Huawei Watch Fit 2 - Active - Negro Medianoche - Wakan.ec\" \/>\n<meta property=\"og:description\" content=\"Huawei Watch Fit 2 - Active - Negro Medianoche con llamadas Bluetooth y m\u00fasica. Es el compa\u00f1ero ideal para gesti\u00f3n de vida saludable.\u00a0\" \/>\n<meta property=\"og:url\" content=\"https:\/\/wakan.ec\/index.php\/producto\/huawei-watch-fit-2-active-negro-medianoche\/\" \/>\n<meta property=\"og:site_name\" content=\"Wakan.ec\" \/>\n<meta property=\"article:publisher\" content=\"https:\/\/www.facebook.com\/wakantienda\" \/>\n<meta property=\"article:modified_time\" content=\"2024-11-17T12:09:33+00:00\" \/>\n<meta property=\"og:image\" content=\"https:\/\/wakan.ec\/wp-content\/uploads\/2023\/06\/Huawei-Watch-Fit-2-Negro.png\" \/>\n\t<meta property=\"og:image:width\" content=\"1000\" \/>\n\t<meta property=\"og:image:height\" content=\"1000\" \/>\n\t<meta property=\"og:image:type\" content=\"image\/png\" \/>\n<meta name=\"twitter:card\" content=\"summary_large_image\" \/>\n<meta name=\"twitter:label1\" content=\"Tiempo de lectura\" \/>\n\t<meta name=\"twitter:data1\" content=\"2 minutos\" \/>\n<script type=\"application\/ld+json\" class=\"yoast-schema-graph\">{\"@context\":\"https:\\\/\\\/schema.org\",\"@graph\":[{\"@type\":\"WebPage\",\"@id\":\"https:\\\/\\\/wakan.ec\\\/index.php\\\/producto\\\/huawei-watch-fit-2-active-negro-medianoche\\\/\",\"url\":\"https:\\\/\\\/wakan.ec\\\/index.php\\\/producto\\\/huawei-watch-fit-2-active-negro-medianoche\\\/\",\"name\":\"Huawei Watch Fit 2 - Active - Negro Medianoche - Wakan.ec\",\"isPartOf\":{\"@id\":\"https:\\\/\\\/wakan.ec\\\/#website\"},\"primaryImageOfPage\":{\"@id\":\"https:\\\/\\\/wakan.ec\\\/index.php\\\/producto\\\/huawei-watch-fit-2-active-negro-medianoche\\\/#primaryimage\"},\"image\":{\"@id\":\"https:\\\/\\\/wakan.ec\\\/index.php\\\/producto\\\/huawei-watch-fit-2-active-negro-medianoche\\\/#primaryimage\"},\"thumbnailUrl\":\"https:\\\/\\\/wakan.ec\\\/wp-content\\\/uploads\\\/2023\\\/06\\\/Huawei-Watch-Fit-2-Negro.png\",\"datePublished\":\"2023-06-06T20:27:58+00:00\",\"dateModified\":\"2024-11-17T12:09:33+00:00\",\"description\":\"Huawei Watch Fit 2 - Active - Negro Medianoche con llamadas Bluetooth y m\u00fasica. Es el compa\u00f1ero ideal para gesti\u00f3n de vida saludable.\u00a0\",\"breadcrumb\":{\"@id\":\"https:\\\/\\\/wakan.ec\\\/index.php\\\/producto\\\/huawei-watch-fit-2-active-negro-medianoche\\\/#breadcrumb\"},\"inLanguage\":\"es\",\"potentialAction\":[{\"@type\":\"ReadAction\",\"target\":[\"https:\\\/\\\/wakan.ec\\\/index.php\\\/producto\\\/huawei-watch-fit-2-active-negro-medianoche\\\/\"]}]},{\"@type\":\"ImageObject\",\"inLanguage\":\"es\",\"@id\":\"https:\\\/\\\/wakan.ec\\\/index.php\\\/producto\\\/huawei-watch-fit-2-active-negro-medianoche\\\/#primaryimage\",\"url\":\"https:\\\/\\\/wakan.ec\\\/wp-content\\\/uploads\\\/2023\\\/06\\\/Huawei-Watch-Fit-2-Negro.png\",\"contentUrl\":\"https:\\\/\\\/wakan.ec\\\/wp-content\\\/uploads\\\/2023\\\/06\\\/Huawei-Watch-Fit-2-Negro.png\",\"width\":1000,\"height\":1000,\"caption\":\"Huawei Watch Fit 2 - Active - Negro Medianoche\"},{\"@type\":\"BreadcrumbList\",\"@id\":\"https:\\\/\\\/wakan.ec\\\/index.php\\\/producto\\\/huawei-watch-fit-2-active-negro-medianoche\\\/#breadcrumb\",\"itemListElement\":[{\"@type\":\"ListItem\",\"position\":1,\"name\":\"Portada\",\"item\":\"https:\\\/\\\/wakan.ec\\\/\"},{\"@type\":\"ListItem\",\"position\":2,\"name\":\"Wakan.ec\",\"item\":\"https:\\\/\\\/wakan.ec\\\/\"},{\"@type\":\"ListItem\",\"position\":3,\"name\":\"Huawei Watch Fit 2 &#8211; Active &#8211; Negro Medianoche\"}]},{\"@type\":\"WebSite\",\"@id\":\"https:\\\/\\\/wakan.ec\\\/#website\",\"url\":\"https:\\\/\\\/wakan.ec\\\/\",\"name\":\"Wakan.ec\",\"description\":\"Tech - Fitness, entretenimiento y productividad.\",\"publisher\":{\"@id\":\"https:\\\/\\\/wakan.ec\\\/#organization\"},\"potentialAction\":[{\"@type\":\"SearchAction\",\"target\":{\"@type\":\"EntryPoint\",\"urlTemplate\":\"https:\\\/\\\/wakan.ec\\\/?s={search_term_string}\"},\"query-input\":{\"@type\":\"PropertyValueSpecification\",\"valueRequired\":true,\"valueName\":\"search_term_string\"}}],\"inLanguage\":\"es\"},{\"@type\":\"Organization\",\"@id\":\"https:\\\/\\\/wakan.ec\\\/#organization\",\"name\":\"Wak\u00e1n\",\"url\":\"https:\\\/\\\/wakan.ec\\\/\",\"logo\":{\"@type\":\"ImageObject\",\"inLanguage\":\"es\",\"@id\":\"https:\\\/\\\/wakan.ec\\\/#\\\/schema\\\/logo\\\/image\\\/\",\"url\":\"https:\\\/\\\/wakan.ec\\\/wp-content\\\/uploads\\\/2021\\\/12\\\/wakan-Logo.png\",\"contentUrl\":\"https:\\\/\\\/wakan.ec\\\/wp-content\\\/uploads\\\/2021\\\/12\\\/wakan-Logo.png\",\"width\":1080,\"height\":1080,\"caption\":\"Wak\u00e1n\"},\"image\":{\"@id\":\"https:\\\/\\\/wakan.ec\\\/#\\\/schema\\\/logo\\\/image\\\/\"},\"sameAs\":[\"https:\\\/\\\/www.facebook.com\\\/wakantienda\",\"https:\\\/\\\/www.instagram.com\\\/wakantienda\",\"https:\\\/\\\/www.youtube.com\\\/wakan\"]}]}<\/script>\n<!-- \/ Yoast SEO plugin. -->","yoast_head_json":{"title":"Huawei Watch Fit 2 - Active - Negro Medianoche - Wakan.ec","description":"Huawei Watch Fit 2 - Active - Negro Medianoche con llamadas Bluetooth y m\u00fasica. Es el compa\u00f1ero ideal para gesti\u00f3n de vida saludable.\u00a0","robots":{"index":"index","follow":"follow","max-snippet":"max-snippet:-1","max-image-preview":"max-image-preview:large","max-video-preview":"max-video-preview:-1"},"canonical":"https:\/\/wakan.ec\/index.php\/producto\/huawei-watch-fit-2-active-negro-medianoche\/","og_locale":"es_ES","og_type":"article","og_title":"Huawei Watch Fit 2 - Active - Negro Medianoche - Wakan.ec","og_description":"Huawei Watch Fit 2 - Active - Negro Medianoche con llamadas Bluetooth y m\u00fasica. Es el compa\u00f1ero ideal para gesti\u00f3n de vida saludable.\u00a0","og_url":"https:\/\/wakan.ec\/index.php\/producto\/huawei-watch-fit-2-active-negro-medianoche\/","og_site_name":"Wakan.ec","article_publisher":"https:\/\/www.facebook.com\/wakantienda","article_modified_time":"2024-11-17T12:09:33+00:00","og_image":[{"width":1000,"height":1000,"url":"https:\/\/wakan.ec\/wp-content\/uploads\/2023\/06\/Huawei-Watch-Fit-2-Negro.png","type":"image\/png"}],"twitter_card":"summary_large_image","twitter_misc":{"Tiempo de lectura":"2 minutos"},"schema":{"@context":"https:\/\/schema.org","@graph":[{"@type":"WebPage","@id":"https:\/\/wakan.ec\/index.php\/producto\/huawei-watch-fit-2-active-negro-medianoche\/","url":"https:\/\/wakan.ec\/index.php\/producto\/huawei-watch-fit-2-active-negro-medianoche\/","name":"Huawei Watch Fit 2 - Active - Negro Medianoche - Wakan.ec","isPartOf":{"@id":"https:\/\/wakan.ec\/#website"},"primaryImageOfPage":{"@id":"https:\/\/wakan.ec\/index.php\/producto\/huawei-watch-fit-2-active-negro-medianoche\/#primaryimage"},"image":{"@id":"https:\/\/wakan.ec\/index.php\/producto\/huawei-watch-fit-2-active-negro-medianoche\/#primaryimage"},"thumbnailUrl":"https:\/\/wakan.ec\/wp-content\/uploads\/2023\/06\/Huawei-Watch-Fit-2-Negro.png","datePublished":"2023-06-06T20:27:58+00:00","dateModified":"2024-11-17T12:09:33+00:00","description":"Huawei Watch Fit 2 - Active - Negro Medianoche con llamadas Bluetooth y m\u00fasica. Es el compa\u00f1ero ideal para gesti\u00f3n de vida saludable.\u00a0","breadcrumb":{"@id":"https:\/\/wakan.ec\/index.php\/producto\/huawei-watch-fit-2-active-negro-medianoche\/#breadcrumb"},"inLanguage":"es","potentialAction":[{"@type":"ReadAction","target":["https:\/\/wakan.ec\/index.php\/producto\/huawei-watch-fit-2-active-negro-medianoche\/"]}]},{"@type":"ImageObject","inLanguage":"es","@id":"https:\/\/wakan.ec\/index.php\/producto\/huawei-watch-fit-2-active-negro-medianoche\/#primaryimage","url":"https:\/\/wakan.ec\/wp-content\/uploads\/2023\/06\/Huawei-Watch-Fit-2-Negro.png","contentUrl":"https:\/\/wakan.ec\/wp-content\/uploads\/2023\/06\/Huawei-Watch-Fit-2-Negro.png","width":1000,"height":1000,"caption":"Huawei Watch Fit 2 - Active - Negro Medianoche"},{"@type":"BreadcrumbList","@id":"https:\/\/wakan.ec\/index.php\/producto\/huawei-watch-fit-2-active-negro-medianoche\/#breadcrumb","itemListElement":[{"@type":"ListItem","position":1,"name":"Portada","item":"https:\/\/wakan.ec\/"},{"@type":"ListItem","position":2,"name":"Wakan.ec","item":"https:\/\/wakan.ec\/"},{"@type":"ListItem","position":3,"name":"Huawei Watch Fit 2 &#8211; Active &#8211; Negro Medianoche"}]},{"@type":"WebSite","@id":"https:\/\/wakan.ec\/#website","url":"https:\/\/wakan.ec\/","name":"Wakan.ec","description":"Tech - Fitness, entretenimiento y productividad.","publisher":{"@id":"https:\/\/wakan.ec\/#organization"},"potentialAction":[{"@type":"SearchAction","target":{"@type":"EntryPoint","urlTemplate":"https:\/\/wakan.ec\/?s={search_term_string}"},"query-input":{"@type":"PropertyValueSpecification","valueRequired":true,"valueName":"search_term_string"}}],"inLanguage":"es"},{"@type":"Organization","@id":"https:\/\/wakan.ec\/#organization","name":"Wak\u00e1n","url":"https:\/\/wakan.ec\/","logo":{"@type":"ImageObject","inLanguage":"es","@id":"https:\/\/wakan.ec\/#\/schema\/logo\/image\/","url":"https:\/\/wakan.ec\/wp-content\/uploads\/2021\/12\/wakan-Logo.png","contentUrl":"https:\/\/wakan.ec\/wp-content\/uploads\/2021\/12\/wakan-Logo.png","width":1080,"height":1080,"caption":"Wak\u00e1n"},"image":{"@id":"https:\/\/wakan.ec\/#\/schema\/logo\/image\/"},"sameAs":["https:\/\/www.facebook.com\/wakantienda","https:\/\/www.instagram.com\/wakantienda","https:\/\/www.youtube.com\/wakan"]}]}},"_links":{"self":[{"href":"https:\/\/wakan.ec\/index.php\/wp-json\/wp\/v2\/product\/1155","targetHints":{"allow":["GET"]}}],"collection":[{"href":"https:\/\/wakan.ec\/index.php\/wp-json\/wp\/v2\/product"}],"about":[{"href":"https:\/\/wakan.ec\/index.php\/wp-json\/wp\/v2\/types\/product"}],"replies":[{"embeddable":true,"href":"https:\/\/wakan.ec\/index.php\/wp-json\/wp\/v2\/comments?post=1155"}],"wp:featuredmedia":[{"embeddable":true,"href":"https:\/\/wakan.ec\/index.php\/wp-json\/wp\/v2\/media\/1156"}],"wp:attachment":[{"href":"https:\/\/wakan.ec\/index.php\/wp-json\/wp\/v2\/media?parent=1155"}],"wp:term":[{"taxonomy":"product_brand","embeddable":true,"href":"https:\/\/wakan.ec\/index.php\/wp-json\/wp\/v2\/product_brand?post=1155"},{"taxonomy":"product_cat","embeddable":true,"href":"https:\/\/wakan.ec\/index.php\/wp-json\/wp\/v2\/product_cat?post=1155"},{"taxonomy":"product_tag","embeddable":true,"href":"https:\/\/wakan.ec\/index.php\/wp-json\/wp\/v2\/product_tag?post=1155"}],"curies":[{"name":"wp","href":"https:\/\/api.w.org\/{rel}","templated":true}]}}