{"id":1021,"date":"2023-03-27T23:06:26","date_gmt":"2023-03-27T23:06:26","guid":{"rendered":"https:\/\/wakan.ec\/?post_type=product&#038;p=1021"},"modified":"2024-11-18T14:57:27","modified_gmt":"2024-11-18T19:57:27","slug":"huawei-watch-gt3-elegant-edition","status":"publish","type":"product","link":"https:\/\/wakan.ec\/index.php\/producto\/huawei-watch-gt3-elegant-edition\/","title":{"rendered":"Huawei Watch GT3 &#8211; Elegant Edition"},"content":{"rendered":"<p>El Huawei Watch GT3 &#8211; Elegant Edition es un smartwatch con dise\u00f1o femenino, est\u00e9tica delicada y elegante esfera de cristal curvado 3D, proporciona un suave brillo similar al del agua. El dise\u00f1o del cuerpo con acabado de alto brillo, acompa\u00f1ado de refinadas correas de cuero para un aspecto moderno y sofisticado que se <span style=\"font-size: 16px;\">ajusta perfectamente a la mu\u00f1eca de la mujer.<\/span><\/p>\n<h3 class=\"common-title common-title2 jupiter-sec14-title\">Practica tu favorito<\/h3>\n<div class=\"common-desc common-desc2 jupiter-sec14-desc\">Cuenta con <em><strong>m\u00e1s de 100 modos de deporte<\/strong><\/em> como correr, montar en bicicleta, hacer senderismo, nadar, saltar a la cuerda, esquiar y m\u00e1s.<\/div>\n<div><\/div>\n<div class=\"common-desc common-desc2 jupiter-sec14-desc\">Puedes utilizar el reloj para <em><strong>reproducir m\u00fasica <\/strong><\/em>y disfrutar tu tiempo de entrenamiento con tu m\u00fasica preferida.<\/div>\n<div><\/div>\n<h3>Entrena como profesional<\/h3>\n<div>\n<div>\n<div class=\"common-desc common-desc2 jupiter-sec12-desc\">Recibe consejos de entrenamiento profesionales para que puedas planificar mejor la intensidad y el tiempo de entrenamiento bas\u00e1ndose en indicadores como el ritmo, la frecuencia card\u00edaca y la distancia recorrida.<\/div>\n<\/div>\n<\/div>\n<div><\/div>\n<div>\n<div>\n<div>\n<h2 class=\"common-title jupiter-sec6-title is-scroll\">Todos tu estilos, en todo momento<\/h2>\n<div class=\"common-desc common-desc2 jupiter-sec6-desc is-scroll\">Consigue el aspecto que se ajuste a tu estilo. Elige entre el espacio exterior, un tema deportivo, dise\u00f1o minimalista y miles de esferas de reloj m\u00e1s, y ponlas en la esfera Always On de tu pantalla para iluminar tu estado de \u00e1nimo.<\/div>\n<\/div>\n<\/div>\n<\/div>\n<div><\/div>\n<div><\/div>\n<h3>Bater\u00eda de larga duraci\u00f3n con carga inal\u00e1mbrica<\/h3>\n<div>\n<p>Con una carga completa, dura <em><strong>hasta 7 d\u00edas<\/strong><\/em>, por lo que podr\u00e1s hacer un seguimiento de todos tus entrenamientos y no perderte ninguna medida de tu salud.<\/p>\n<div class=\"common-desc common-desc2 jupiter-sec10-desc\">Es compatible con la carga inal\u00e1mbrica. Puedes utilizar tu tel\u00e9fono para realizar la carga inversa cuando te olvides del cargador.<\/div>\n<\/div>\n<div><\/div>\n<div><\/div>\n<h3>Lo mejor del Huawei Watch GT3 &#8211; Elegant Edition<\/h3>\n<p>&nbsp;<\/p>\n<table class=\"table table-striped\">\n<tbody>\n<tr>\n<td class=\"attrib specifications_lines\">Sistemas Compatibles<\/td>\n<td class=\"text-right specifications_lines\">Android, iOS, Harmony<\/td>\n<\/tr>\n<tr>\n<td class=\"attrib specifications_lines\">Bocina y Micr\u00f3fono<\/td>\n<td class=\"text-right specifications_lines\">Integrados<\/td>\n<\/tr>\n<tr>\n<td class=\"attrib specifications_lines\">Llamadas<\/td>\n<td class=\"text-right specifications_lines\">Bluetooth<\/td>\n<\/tr>\n<tr>\n<td class=\"attrib specifications_lines\">Profundidad de Resistencia al Agua<\/td>\n<td class=\"text-right specifications_lines\">50\u00a0 Metro(s)<\/td>\n<\/tr>\n<tr>\n<td class=\"attrib specifications_lines\">Memoria Interna<\/td>\n<td class=\"text-right specifications_lines\">4 GB<\/td>\n<\/tr>\n<\/tbody>\n<\/table>\n<div>\n<div><\/div>\n<\/div>\n<div><\/div>\n<div>\n<h3 class=\"common-title common-title2 jupiter-sec17-title\">Monitorizaci\u00f3n de SpO<sub class=\"su-point\">2<\/sub>\u00a0durante todo el d\u00eda<\/h3>\n<div class=\"common-desc common-desc2 jupiter-sec17-desc\">La saturaci\u00f3n de ox\u00edgeno en sangre, SpO<sub class=\"su-point\">2 <\/sub>es uno de los signos vitales importantes de salud y bienestar. El Huawei Watch GT3 &#8211; Elegant Edition detecta el nivel de SpO<sub class=\"su-point\">2<\/sub> autom\u00e1ticamente durante las 24 horas del d\u00eda.<\/div>\n<\/div>\n<div><\/div>\n<div>\n<div>\n<div>\n<h3 class=\"common-title common-title2 jupiter-sec12-title\">Entrenador Personal <span class=\"nr\">de IA<\/span><\/h3>\n<div class=\"common-desc common-desc2 jupiter-sec12-desc\">Evalua tu capacidad atl\u00e9tica bas\u00e1ndose en tus datos hist\u00f3ricos de carrera. Te proporcionar\u00e1 un <em><strong>plan de carrera cient\u00edfico y profesional<\/strong><\/em> para tu carrera diaria y tu preparaci\u00f3n para la competencia, tanto si eres principiante como un corredor avanzado.<\/div>\n<\/div>\n<\/div>\n<div><\/div>\n<\/div>\n<div class=\"common-title common-title2 jupiter-sec21-title\"><\/div>\n<h3 class=\"common-desc common-desc2 jupiter-sec21-desc\">Toma el mando en tu mu\u00f1eca<\/h3>\n<div class=\"common-desc common-desc2 jupiter-sec21-desc\">Desliza el dedo hacia la derecha para acceder al Asistente de Huawei &#8211; Today. Encuentra todo sobre el clima,\u00a0 modos de deporte, b\u00fasqueda, alarmas y m\u00e1s.<\/div>\n<div><\/div>\n<div>\n<h3>Un smartwatch que se centra en la belleza<\/h3>\n<table class=\"table table-striped\">\n<tbody>\n<tr>\n<td class=\"attrib specifications_lines\">Pantalla<\/td>\n<td class=\"text-right specifications_lines\">AMOLED de 42 mm<\/td>\n<\/tr>\n<tr>\n<td class=\"attrib specifications_lines\">Material de la caja<\/td>\n<td class=\"text-right specifications_lines\">Acero<\/td>\n<\/tr>\n<tr>\n<td class=\"attrib specifications_lines\">Color de la caja<\/td>\n<td class=\"text-right specifications_lines\">Acero<\/td>\n<\/tr>\n<tr>\n<td class=\"attrib specifications_lines\">Material de la correa<\/td>\n<td class=\"text-right specifications_lines\">Cuero<\/td>\n<\/tr>\n<tr>\n<td class=\"attrib specifications_lines\">Color de la correa<\/td>\n<td class=\"text-right specifications_lines\">Blanco<\/td>\n<\/tr>\n<\/tbody>\n<\/table>\n<\/div>\n<p>&nbsp;<\/p>\n<h3>Haz llamadas desde el reloj<\/h3>\n<div>\n<div class=\"common-desc common-desc2 jupiter-sec20-desc\">Con\u00e9ctalo a tu smartphone a trav\u00e9s de Bluetooth cuando est\u00e9s haciendo ejercicio al aire libre, realizando tareas dom\u00e9sticas o cocinando, y disfruta de la comodidad responder y rechazar llamadas desde el reloj.<\/div>\n<\/div>\n<div><\/div>\n<h3>Precisi\u00f3n m\u00e1s all\u00e1 del tiempo<\/h3>\n<div>\n<div class=\"common-desc common-desc2 jupiter-sec9-desc\">Recibe una monitorizaci\u00f3n precisa de la frecuencia card\u00edaca incluso durante el ejercicio extenuante, y la mejor <strong>precisi\u00f3n en los datos de salud<\/strong>, como el ox\u00edgeno en sangre.<\/div>\n<div><\/div>\n<\/div>\n<div>\n<div>\n<h3 class=\"common-title common-title2 jupiter-sec15-title\">Deporte en sincron\u00eda<\/h3>\n<div class=\"common-desc common-desc2 jupiter-sec15-desc\">Al hacer ejercicio, el reloj puede vincularse a diferentes equipos y aplicaciones deportivas. La frecuencia card\u00edaca y otros datos de entrenamiento pueden sincronizarse con equipos como cintas de correr, el\u00edpticas, m\u00e1quinas de remo y aplicaciones deportivas de terceros a trav\u00e9s de la aplicaci\u00f3n Huawei Health.<\/div>\n<\/div>\n<\/div>\n<div><\/div>\n<div><\/div>\n<h3>Un giro emocionante<\/h3>\n<div>\n<div>\n<div class=\"common-desc common-desc2 jupiter-sec8-desc\">Gira la \u00abcorona giratoria\u00bb para acercarte y alejarte de las aplicaciones del tablero y acceder r\u00e1pidamente a la funci\u00f3n deseada, ajustar f\u00e1cilmente el volumen y la hora de la alarma incluso cuando tienes las manos mojadas, ofreci\u00e9ndote una experiencia fluida y sin interrupciones.<\/div>\n<\/div>\n<div><\/div>\n<\/div>\n<div><\/div>\n<div>\n<h3 class=\"common-title common-title2 jupiter-sec12-title\">Navegaci\u00f3n de Ruta de Regreso<\/h3>\n<div class=\"common-desc common-desc2 jupiter-sec12-desc\">La funci\u00f3n de retorno de ruta puede <em><strong>guiarte de vuelta cuando pierdes la direcci\u00f3n<\/strong><\/em>. Con sugerencias de voz sobre el tiempo estimado de llegada, la distancia restante y las rutas recomendadas.\u00a0 Puedes compartir e invitar a tus amigos a unirse, o guardarlas para futuras visitas.<\/div>\n<\/div>\n<div><\/div>\n<div><\/div>\n<h3>Prep\u00e1rate para lo inesperado<\/h3>\n<div>\n<div>\n<div class=\"common-desc common-desc2 jupiter-sec12-desc\">Te avisa en caso de cambios dr\u00e1sticos antes de que se produzcan condiciones meteorol\u00f3gicas extremas, a\u00f1adiendo un dispositivo de <strong>protecci\u00f3n adicional para tus aventuras al <\/strong><span class=\"nr\"><strong>aire libre<\/strong> gracias al bar\u00f3metro de altitud incorporado en el Huawei Watch GT3 &#8211; Elegant Edition.\u00a0<\/span><\/div>\n<\/div>\n<\/div>\n<div><\/div>\n<div>\n<h3 class=\"common-title common-title2 jupiter-sec17-title\">Mejora tus h\u00e1bitos<\/h3>\n<div class=\"common-desc common-desc2 jupiter-sec17-desc\">Hora de levantarse, de beber agua y de hacer ejercicio: el reloj establece objetivos diarios y ofrece un recordatorio bien pensado para ayudarte a desarrollar h\u00e1bitos saludables. Cuando sientas cansancio, lev\u00e1ntate, da un paseo, respira aire fresco y contin\u00faa con tu d\u00eda productivo.<\/div>\n<\/div>\n<div><\/div>\n<div>\n<h3 class=\"common-title common-title2 jupiter-sec17-title\">Cuidados continuos y sin pausa<\/h3>\n<div class=\"common-desc common-desc2 jupiter-sec17-desc\">El reloj puede hacer un seguimiento de tu sue\u00f1o para ayudarte a crear una rutina de sue\u00f1o, controlar tu ritmo card\u00edaco, regular tu respiraci\u00f3n y aliviar la tensi\u00f3n sientas estr\u00e9s. Tambi\u00e9n registra tu <em><strong>ciclo menstrual<\/strong><\/em> y las condiciones corporales para que puedas relajarte y disfrutar de la vida.<\/div>\n<\/div>\n<div><\/div>\n<div>\n<h3 class=\"common-desc common-desc2 jupiter-sec20-desc\">Entrenamientos registrados con precisi\u00f3n<\/h3>\n<\/div>\n<div>\n<div class=\"common-desc common-desc2 jupiter-sec10-desc\">Mayor rendimiento anti-interferencias, mayor fuerza y la estabilidad de las se\u00f1ales de posicionamiento en exteriores. Tus entrenamientos son registrados con precisi\u00f3n por las se\u00f1ales de doble banda L1 y L5. Compatible con los sistemas de sat\u00e9lites:<\/div>\n<ul>\n<li class=\"common-desc common-desc2 jupiter-sec10-desc\">GPS<\/li>\n<li class=\"common-desc common-desc2 jupiter-sec10-desc\">Beidou<\/li>\n<li class=\"common-desc common-desc2 jupiter-sec10-desc\">GLONASS<\/li>\n<li class=\"common-desc common-desc2 jupiter-sec10-desc\">Galileo<\/li>\n<li class=\"common-desc common-desc2 jupiter-sec10-desc\">QZSS<\/li>\n<\/ul>\n<h3>Descubre m\u00e1s funciones<\/h3>\n<\/div>\n<div>\n<div class=\"common-desc common-desc2 jupiter-sec21-desc\">\n<div class=\"common-desc common-desc2 jupiter-sec21-desc\">Huawei <a href=\"https:\/\/appgallery.huawei.com\/Featured\">AppGallery<\/a> para Watch re\u00fane muchas aplicaciones para descargar y m\u00e1s emoci\u00f3n <span class=\"nr\">para explorar.<\/span><\/div>\n<\/div>\n<\/div>\n<div class=\"common-desc common-desc2 jupiter-sec21-desc\"><\/div>\n<h4>Garant\u00eda de f\u00e1brica de 12 meses<\/h4>\n","protected":false},"excerpt":{"rendered":"<p><em>Elegante esfera de cristal, acompa\u00f1ada de correas de cuero para un aspecto sofisticado que se <span style=\"font-size: 16px;\">ajusta perfectamente a la mu\u00f1eca de la mujer.<\/span><\/em><\/p>\n<h3>Smartwatch con dise\u00f1o femenino y est\u00e9tica delicada:<\/h3>\n<ul>\n<li>M\u00e1s de <em>100 modos de deporte<\/em>.<\/li>\n<li><em>Llamadas<\/em> desde el reloj.<\/li>\n<li><em>Bater\u00eda de larga duraci\u00f3n<\/em> y carga inal\u00e1mbrica.<\/li>\n<li><em>Asistente virtual<\/em> de Huawei &#8211; Today.<\/li>\n<li>La mejor <em>precisi\u00f3n en datos de salud<\/em>.<\/li>\n<\/ul>\n<h4>Garant\u00eda de f\u00e1brica de 12 meses<\/h4>\n","protected":false},"featured_media":1025,"comment_status":"open","ping_status":"closed","template":"","meta":{"site-sidebar-layout":"default","site-content-layout":"default","ast-site-content-layout":"default","site-content-style":"default","site-sidebar-style":"default","ast-global-header-display":"","ast-banner-title-visibility":"","ast-main-header-display":"","ast-hfb-above-header-display":"","ast-hfb-below-header-display":"","ast-hfb-mobile-header-display":"","site-post-title":"","ast-breadcrumbs-content":"","ast-featured-img":"","footer-sml-layout":"","ast-disable-related-posts":"","theme-transparent-header-meta":"default","adv-header-id-meta":"","stick-header-meta":"","header-above-stick-meta":"","header-main-stick-meta":"","header-below-stick-meta":"","astra-migrate-meta-layouts":"default","ast-page-background-enabled":"default","ast-page-background-meta":{"desktop":{"background-color":"","background-image":"","background-repeat":"repeat","background-position":"center center","background-size":"auto","background-attachment":"scroll","background-type":"","background-media":"","overlay-type":"","overlay-color":"","overlay-opacity":"","overlay-gradient":""},"tablet":{"background-color":"","background-image":"","background-repeat":"repeat","background-position":"center center","background-size":"auto","background-attachment":"scroll","background-type":"","background-media":"","overlay-type":"","overlay-color":"","overlay-opacity":"","overlay-gradient":""},"mobile":{"background-color":"","background-image":"","background-repeat":"repeat","background-position":"center center","background-size":"auto","background-attachment":"scroll","background-type":"","background-media":"","overlay-type":"","overlay-color":"","overlay-opacity":"","overlay-gradient":""}},"ast-content-background-meta":{"desktop":{"background-color":"var(--ast-global-color-5)","background-image":"","background-repeat":"repeat","background-position":"center center","background-size":"auto","background-attachment":"scroll","background-type":"","background-media":"","overlay-type":"","overlay-color":"","overlay-opacity":"","overlay-gradient":""},"tablet":{"background-color":"var(--ast-global-color-5)","background-image":"","background-repeat":"repeat","background-position":"center center","background-size":"auto","background-attachment":"scroll","background-type":"","background-media":"","overlay-type":"","overlay-color":"","overlay-opacity":"","overlay-gradient":""},"mobile":{"background-color":"var(--ast-global-color-5)","background-image":"","background-repeat":"repeat","background-position":"center center","background-size":"auto","background-attachment":"scroll","background-type":"","background-media":"","overlay-type":"","overlay-color":"","overlay-opacity":"","overlay-gradient":""}}},"product_brand":[],"product_cat":[54],"product_tag":[],"class_list":{"0":"post-1021","1":"product","2":"type-product","3":"status-publish","4":"has-post-thumbnail","6":"product_cat-smartwatch","7":"desktop-align-left","8":"tablet-align-left","9":"mobile-align-left","11":"first","12":"outofstock","13":"purchasable","14":"product-type-simple"},"yoast_head":"<!-- This site is optimized with the Yoast SEO plugin v27.3 - https:\/\/yoast.com\/product\/yoast-seo-wordpress\/ -->\n<title>Huawei Watch GT3 - Elegant Edition - Wakan.ec<\/title>\n<meta name=\"description\" content=\"El Huawei Watch GT3 - Elegant Edition es un smartwatch para mujer con un hermoso dise\u00f1o pensado para toda ocasi\u00f3n. Es un gran compa\u00f1ero de salud y deporte.\" \/>\n<meta name=\"robots\" content=\"index, follow, max-snippet:-1, max-image-preview:large, max-video-preview:-1\" \/>\n<link rel=\"canonical\" href=\"https:\/\/wakan.ec\/index.php\/producto\/huawei-watch-gt3-elegant-edition\/\" \/>\n<meta property=\"og:locale\" content=\"es_ES\" \/>\n<meta property=\"og:type\" content=\"article\" \/>\n<meta property=\"og:title\" content=\"Huawei Watch GT3 - Elegant Edition - Wakan.ec\" \/>\n<meta property=\"og:description\" content=\"El Huawei Watch GT3 - Elegant Edition es un smartwatch para mujer con un hermoso dise\u00f1o pensado para toda ocasi\u00f3n. Es un gran compa\u00f1ero de salud y deporte.\" \/>\n<meta property=\"og:url\" content=\"https:\/\/wakan.ec\/index.php\/producto\/huawei-watch-gt3-elegant-edition\/\" \/>\n<meta property=\"og:site_name\" content=\"Wakan.ec\" \/>\n<meta property=\"article:publisher\" content=\"https:\/\/www.facebook.com\/wakantienda\" \/>\n<meta property=\"article:modified_time\" content=\"2024-11-18T19:57:27+00:00\" \/>\n<meta property=\"og:image\" content=\"https:\/\/wakan.ec\/wp-content\/uploads\/2023\/03\/Huawei-Watch-GT3-Elegant.png\" \/>\n\t<meta property=\"og:image:width\" content=\"1000\" \/>\n\t<meta property=\"og:image:height\" content=\"1000\" \/>\n\t<meta property=\"og:image:type\" content=\"image\/png\" \/>\n<meta name=\"twitter:card\" content=\"summary_large_image\" \/>\n<meta name=\"twitter:label1\" content=\"Tiempo de lectura\" \/>\n\t<meta name=\"twitter:data1\" content=\"4 minutos\" \/>\n<script type=\"application\/ld+json\" class=\"yoast-schema-graph\">{\"@context\":\"https:\\\/\\\/schema.org\",\"@graph\":[{\"@type\":\"WebPage\",\"@id\":\"https:\\\/\\\/wakan.ec\\\/index.php\\\/producto\\\/huawei-watch-gt3-elegant-edition\\\/\",\"url\":\"https:\\\/\\\/wakan.ec\\\/index.php\\\/producto\\\/huawei-watch-gt3-elegant-edition\\\/\",\"name\":\"Huawei Watch GT3 - Elegant Edition - Wakan.ec\",\"isPartOf\":{\"@id\":\"https:\\\/\\\/wakan.ec\\\/#website\"},\"primaryImageOfPage\":{\"@id\":\"https:\\\/\\\/wakan.ec\\\/index.php\\\/producto\\\/huawei-watch-gt3-elegant-edition\\\/#primaryimage\"},\"image\":{\"@id\":\"https:\\\/\\\/wakan.ec\\\/index.php\\\/producto\\\/huawei-watch-gt3-elegant-edition\\\/#primaryimage\"},\"thumbnailUrl\":\"https:\\\/\\\/wakan.ec\\\/wp-content\\\/uploads\\\/2023\\\/03\\\/Huawei-Watch-GT3-Elegant.png\",\"datePublished\":\"2023-03-27T23:06:26+00:00\",\"dateModified\":\"2024-11-18T19:57:27+00:00\",\"description\":\"El Huawei Watch GT3 - Elegant Edition es un smartwatch para mujer con un hermoso dise\u00f1o pensado para toda ocasi\u00f3n. Es un gran compa\u00f1ero de salud y deporte.\",\"breadcrumb\":{\"@id\":\"https:\\\/\\\/wakan.ec\\\/index.php\\\/producto\\\/huawei-watch-gt3-elegant-edition\\\/#breadcrumb\"},\"inLanguage\":\"es\",\"potentialAction\":[{\"@type\":\"ReadAction\",\"target\":[\"https:\\\/\\\/wakan.ec\\\/index.php\\\/producto\\\/huawei-watch-gt3-elegant-edition\\\/\"]}]},{\"@type\":\"ImageObject\",\"inLanguage\":\"es\",\"@id\":\"https:\\\/\\\/wakan.ec\\\/index.php\\\/producto\\\/huawei-watch-gt3-elegant-edition\\\/#primaryimage\",\"url\":\"https:\\\/\\\/wakan.ec\\\/wp-content\\\/uploads\\\/2023\\\/03\\\/Huawei-Watch-GT3-Elegant.png\",\"contentUrl\":\"https:\\\/\\\/wakan.ec\\\/wp-content\\\/uploads\\\/2023\\\/03\\\/Huawei-Watch-GT3-Elegant.png\",\"width\":1000,\"height\":1000,\"caption\":\"Huawei Watch GT3 - Elegant Edition\"},{\"@type\":\"BreadcrumbList\",\"@id\":\"https:\\\/\\\/wakan.ec\\\/index.php\\\/producto\\\/huawei-watch-gt3-elegant-edition\\\/#breadcrumb\",\"itemListElement\":[{\"@type\":\"ListItem\",\"position\":1,\"name\":\"Portada\",\"item\":\"https:\\\/\\\/wakan.ec\\\/\"},{\"@type\":\"ListItem\",\"position\":2,\"name\":\"Wakan.ec\",\"item\":\"https:\\\/\\\/wakan.ec\\\/\"},{\"@type\":\"ListItem\",\"position\":3,\"name\":\"Huawei Watch GT3 &#8211; Elegant Edition\"}]},{\"@type\":\"WebSite\",\"@id\":\"https:\\\/\\\/wakan.ec\\\/#website\",\"url\":\"https:\\\/\\\/wakan.ec\\\/\",\"name\":\"Wakan.ec\",\"description\":\"Tech - Fitness, entretenimiento y productividad.\",\"publisher\":{\"@id\":\"https:\\\/\\\/wakan.ec\\\/#organization\"},\"potentialAction\":[{\"@type\":\"SearchAction\",\"target\":{\"@type\":\"EntryPoint\",\"urlTemplate\":\"https:\\\/\\\/wakan.ec\\\/?s={search_term_string}\"},\"query-input\":{\"@type\":\"PropertyValueSpecification\",\"valueRequired\":true,\"valueName\":\"search_term_string\"}}],\"inLanguage\":\"es\"},{\"@type\":\"Organization\",\"@id\":\"https:\\\/\\\/wakan.ec\\\/#organization\",\"name\":\"Wak\u00e1n\",\"url\":\"https:\\\/\\\/wakan.ec\\\/\",\"logo\":{\"@type\":\"ImageObject\",\"inLanguage\":\"es\",\"@id\":\"https:\\\/\\\/wakan.ec\\\/#\\\/schema\\\/logo\\\/image\\\/\",\"url\":\"https:\\\/\\\/wakan.ec\\\/wp-content\\\/uploads\\\/2021\\\/12\\\/wakan-Logo.png\",\"contentUrl\":\"https:\\\/\\\/wakan.ec\\\/wp-content\\\/uploads\\\/2021\\\/12\\\/wakan-Logo.png\",\"width\":1080,\"height\":1080,\"caption\":\"Wak\u00e1n\"},\"image\":{\"@id\":\"https:\\\/\\\/wakan.ec\\\/#\\\/schema\\\/logo\\\/image\\\/\"},\"sameAs\":[\"https:\\\/\\\/www.facebook.com\\\/wakantienda\",\"https:\\\/\\\/www.instagram.com\\\/wakantienda\",\"https:\\\/\\\/www.youtube.com\\\/wakan\"]}]}<\/script>\n<!-- \/ Yoast SEO plugin. -->","yoast_head_json":{"title":"Huawei Watch GT3 - Elegant Edition - Wakan.ec","description":"El Huawei Watch GT3 - Elegant Edition es un smartwatch para mujer con un hermoso dise\u00f1o pensado para toda ocasi\u00f3n. Es un gran compa\u00f1ero de salud y deporte.","robots":{"index":"index","follow":"follow","max-snippet":"max-snippet:-1","max-image-preview":"max-image-preview:large","max-video-preview":"max-video-preview:-1"},"canonical":"https:\/\/wakan.ec\/index.php\/producto\/huawei-watch-gt3-elegant-edition\/","og_locale":"es_ES","og_type":"article","og_title":"Huawei Watch GT3 - Elegant Edition - Wakan.ec","og_description":"El Huawei Watch GT3 - Elegant Edition es un smartwatch para mujer con un hermoso dise\u00f1o pensado para toda ocasi\u00f3n. Es un gran compa\u00f1ero de salud y deporte.","og_url":"https:\/\/wakan.ec\/index.php\/producto\/huawei-watch-gt3-elegant-edition\/","og_site_name":"Wakan.ec","article_publisher":"https:\/\/www.facebook.com\/wakantienda","article_modified_time":"2024-11-18T19:57:27+00:00","og_image":[{"width":1000,"height":1000,"url":"https:\/\/wakan.ec\/wp-content\/uploads\/2023\/03\/Huawei-Watch-GT3-Elegant.png","type":"image\/png"}],"twitter_card":"summary_large_image","twitter_misc":{"Tiempo de lectura":"4 minutos"},"schema":{"@context":"https:\/\/schema.org","@graph":[{"@type":"WebPage","@id":"https:\/\/wakan.ec\/index.php\/producto\/huawei-watch-gt3-elegant-edition\/","url":"https:\/\/wakan.ec\/index.php\/producto\/huawei-watch-gt3-elegant-edition\/","name":"Huawei Watch GT3 - Elegant Edition - Wakan.ec","isPartOf":{"@id":"https:\/\/wakan.ec\/#website"},"primaryImageOfPage":{"@id":"https:\/\/wakan.ec\/index.php\/producto\/huawei-watch-gt3-elegant-edition\/#primaryimage"},"image":{"@id":"https:\/\/wakan.ec\/index.php\/producto\/huawei-watch-gt3-elegant-edition\/#primaryimage"},"thumbnailUrl":"https:\/\/wakan.ec\/wp-content\/uploads\/2023\/03\/Huawei-Watch-GT3-Elegant.png","datePublished":"2023-03-27T23:06:26+00:00","dateModified":"2024-11-18T19:57:27+00:00","description":"El Huawei Watch GT3 - Elegant Edition es un smartwatch para mujer con un hermoso dise\u00f1o pensado para toda ocasi\u00f3n. Es un gran compa\u00f1ero de salud y deporte.","breadcrumb":{"@id":"https:\/\/wakan.ec\/index.php\/producto\/huawei-watch-gt3-elegant-edition\/#breadcrumb"},"inLanguage":"es","potentialAction":[{"@type":"ReadAction","target":["https:\/\/wakan.ec\/index.php\/producto\/huawei-watch-gt3-elegant-edition\/"]}]},{"@type":"ImageObject","inLanguage":"es","@id":"https:\/\/wakan.ec\/index.php\/producto\/huawei-watch-gt3-elegant-edition\/#primaryimage","url":"https:\/\/wakan.ec\/wp-content\/uploads\/2023\/03\/Huawei-Watch-GT3-Elegant.png","contentUrl":"https:\/\/wakan.ec\/wp-content\/uploads\/2023\/03\/Huawei-Watch-GT3-Elegant.png","width":1000,"height":1000,"caption":"Huawei Watch GT3 - Elegant Edition"},{"@type":"BreadcrumbList","@id":"https:\/\/wakan.ec\/index.php\/producto\/huawei-watch-gt3-elegant-edition\/#breadcrumb","itemListElement":[{"@type":"ListItem","position":1,"name":"Portada","item":"https:\/\/wakan.ec\/"},{"@type":"ListItem","position":2,"name":"Wakan.ec","item":"https:\/\/wakan.ec\/"},{"@type":"ListItem","position":3,"name":"Huawei Watch GT3 &#8211; Elegant Edition"}]},{"@type":"WebSite","@id":"https:\/\/wakan.ec\/#website","url":"https:\/\/wakan.ec\/","name":"Wakan.ec","description":"Tech - Fitness, entretenimiento y productividad.","publisher":{"@id":"https:\/\/wakan.ec\/#organization"},"potentialAction":[{"@type":"SearchAction","target":{"@type":"EntryPoint","urlTemplate":"https:\/\/wakan.ec\/?s={search_term_string}"},"query-input":{"@type":"PropertyValueSpecification","valueRequired":true,"valueName":"search_term_string"}}],"inLanguage":"es"},{"@type":"Organization","@id":"https:\/\/wakan.ec\/#organization","name":"Wak\u00e1n","url":"https:\/\/wakan.ec\/","logo":{"@type":"ImageObject","inLanguage":"es","@id":"https:\/\/wakan.ec\/#\/schema\/logo\/image\/","url":"https:\/\/wakan.ec\/wp-content\/uploads\/2021\/12\/wakan-Logo.png","contentUrl":"https:\/\/wakan.ec\/wp-content\/uploads\/2021\/12\/wakan-Logo.png","width":1080,"height":1080,"caption":"Wak\u00e1n"},"image":{"@id":"https:\/\/wakan.ec\/#\/schema\/logo\/image\/"},"sameAs":["https:\/\/www.facebook.com\/wakantienda","https:\/\/www.instagram.com\/wakantienda","https:\/\/www.youtube.com\/wakan"]}]}},"_links":{"self":[{"href":"https:\/\/wakan.ec\/index.php\/wp-json\/wp\/v2\/product\/1021","targetHints":{"allow":["GET"]}}],"collection":[{"href":"https:\/\/wakan.ec\/index.php\/wp-json\/wp\/v2\/product"}],"about":[{"href":"https:\/\/wakan.ec\/index.php\/wp-json\/wp\/v2\/types\/product"}],"replies":[{"embeddable":true,"href":"https:\/\/wakan.ec\/index.php\/wp-json\/wp\/v2\/comments?post=1021"}],"wp:featuredmedia":[{"embeddable":true,"href":"https:\/\/wakan.ec\/index.php\/wp-json\/wp\/v2\/media\/1025"}],"wp:attachment":[{"href":"https:\/\/wakan.ec\/index.php\/wp-json\/wp\/v2\/media?parent=1021"}],"wp:term":[{"taxonomy":"product_brand","embeddable":true,"href":"https:\/\/wakan.ec\/index.php\/wp-json\/wp\/v2\/product_brand?post=1021"},{"taxonomy":"product_cat","embeddable":true,"href":"https:\/\/wakan.ec\/index.php\/wp-json\/wp\/v2\/product_cat?post=1021"},{"taxonomy":"product_tag","embeddable":true,"href":"https:\/\/wakan.ec\/index.php\/wp-json\/wp\/v2\/product_tag?post=1021"}],"curies":[{"name":"wp","href":"https:\/\/api.w.org\/{rel}","templated":true}]}}